{"id":38,"date":"2023-02-25T13:42:36","date_gmt":"2023-02-25T13:42:36","guid":{"rendered":"https:\/\/rental.daanwerkelijk.nl\/?post_type=product&#038;p=38"},"modified":"2026-02-26T10:57:51","modified_gmt":"2026-02-26T09:57:51","slug":"contenitore-da-20-piedi","status":"publish","type":"product","link":"https:\/\/vermeer-rental.nl\/it\/product\/container-20ft\/","title":{"rendered":"Contenitore 20ft"},"content":{"rendered":"<p>Qui troverete una panoramica di alcune opzioni di implementazione:<\/p>\n<p><strong>Apparecchiature elettriche<br \/>\n<\/strong>Con l'impianto elettrico giusto, \u00e8 possibile sfruttare al meglio il proprio contenitore di stoccaggio o di materiali, con un utilizzo versatile.<br \/>\n<img loading=\"lazy\" decoding=\"async\" class=\"alignnone size-medium wp-image-250\" src=\"https:\/\/vermeer-rental.nl\/wp-content\/uploads\/2023\/02\/Elektrische-uitrusting-200x300.jpg\" alt=\"\" width=\"200\" height=\"300\" srcset=\"https:\/\/vermeer-rental.nl\/wp-content\/uploads\/2023\/02\/Elektrische-uitrusting-200x300.jpg 200w, https:\/\/vermeer-rental.nl\/wp-content\/uploads\/2023\/02\/Elektrische-uitrusting.jpg 312w\" sizes=\"auto, (max-width: 200px) 100vw, 200px\" \/><\/p>\n<p>\u00c8 possibile scegliere tra le seguenti opzioni di implementazione:<\/p>\n<ul>\n<li>Armadio distributore con prese di corrente<\/li>\n<li>Connessioni esterne CEE montate a filo<\/li>\n<li>Elettricit\u00e0 per la camera umida<\/li>\n<li>Barra luminosa<\/li>\n<li>Interruttore della luce alla porta<\/li>\n<li>Collegamenti di alimentazione aggiuntivi<\/li>\n<\/ul>\n<p><strong>Scaffalature da magazzino<br \/>\n<\/strong>L'accessorio perfetto per il vostro spazio di archiviazione individuale, sfruttate al massimo le possibilit\u00e0 del vostro contenitore e utilizzate un sistema di scaffali per ottenere ulteriore spazio di archiviazione. Ordinatelo subito e fatevelo consegnare gi\u00e0 montato oppure ordinatelo in kit e integratelo in un contenitore gi\u00e0 disponibile.<br \/>\n<img loading=\"lazy\" decoding=\"async\" class=\"alignnone size-full wp-image-252\" src=\"https:\/\/vermeer-rental.nl\/wp-content\/uploads\/2023\/02\/Magazijnstellingen.jpg\" alt=\"\" width=\"259\" height=\"194\" \/><\/p>\n<p><strong>Scale con piattaforma<br \/>\n<\/strong>Piattaforme in acciaio zincato per il lato terminale. Possono essere collegate tra loro e alle scale dei piani. In questo modo \u00e8 possibile creare una galleria al 1\u00b0 piano all'esterno delle unit\u00e0. In questo modo si ottiene una maggiore superficie utilizzabile nei container, senza costi aggiuntivi in termini di metri quadrati.<br \/>\n<img loading=\"lazy\" decoding=\"async\" class=\"alignnone size-medium wp-image-253\" src=\"https:\/\/vermeer-rental.nl\/wp-content\/uploads\/2023\/02\/Trap-met-bordes-300x200.jpg\" alt=\"\" width=\"300\" height=\"200\" srcset=\"https:\/\/vermeer-rental.nl\/wp-content\/uploads\/2023\/02\/Trap-met-bordes-300x200.jpg 300w, https:\/\/vermeer-rental.nl\/wp-content\/uploads\/2023\/02\/Trap-met-bordes-600x400.jpg 600w, https:\/\/vermeer-rental.nl\/wp-content\/uploads\/2023\/02\/Trap-met-bordes.jpg 763w\" sizes=\"auto, (max-width: 300px) 100vw, 300px\" \/><\/p>\n<p><strong>Pacchetto sicurezza<br \/>\n<\/strong>Quando scegliete la sicurezza, i nostri container di stoccaggio con un pacchetto di sicurezza completo sono proprio quello che state cercando.<\/p>\n<p>Il pacchetto sicurezza \u00e8 composto da:<\/p>\n<ul>\n<li>2 bulloni di bloccaggio all'interno<\/li>\n<li>Serratura di sicurezza interna con cilindro di chiusura<\/li>\n<li>4 fermi di sollevamento interni<\/li>\n<\/ul>\n<p><img loading=\"lazy\" decoding=\"async\" class=\"alignnone size-medium wp-image-251\" src=\"https:\/\/vermeer-rental.nl\/wp-content\/uploads\/2023\/02\/Complete-inrichting-300x193.jpg\" alt=\"\" width=\"300\" height=\"193\" srcset=\"https:\/\/vermeer-rental.nl\/wp-content\/uploads\/2023\/02\/Complete-inrichting-300x193.jpg 300w, https:\/\/vermeer-rental.nl\/wp-content\/uploads\/2023\/02\/Complete-inrichting-768x494.jpg 768w, https:\/\/vermeer-rental.nl\/wp-content\/uploads\/2023\/02\/Complete-inrichting-600x386.jpg 600w, https:\/\/vermeer-rental.nl\/wp-content\/uploads\/2023\/02\/Complete-inrichting.jpg 800w\" sizes=\"auto, (max-width: 300px) 100vw, 300px\" \/><br \/>\nArredamento completo come richiesto, compresi tavoli, sedie, armadietti, riscaldamento, aria condizionata, ecc.<\/p>\n<p><strong>Portautensili<br \/>\n<\/strong>Trovate i vostri utensili in pochi istanti: il nostro portautensili d\u00e0 a tutti i vostri utensili un posto fisso. Le catene di sicurezza aggiuntive garantiscono inoltre una protezione ottimale durante il trasporto.<br \/>\n<img loading=\"lazy\" decoding=\"async\" class=\"alignnone size-full wp-image-254\" src=\"https:\/\/vermeer-rental.nl\/wp-content\/uploads\/2023\/02\/Gereedschapshouder.jpg\" alt=\"\" width=\"259\" height=\"194\" \/><\/p>\n<p><strong>Strisce di fissaggio<br \/>\n<\/strong>Assicurare il vostro carico pu\u00f2 essere ancora pi\u00f9 facile! Oltre agli occhielli di fissaggio standard di un container, possiamo montare strisce di fissaggio per rendere ancora pi\u00f9 facile il fissaggio dei carichi.<br \/>\n<img loading=\"lazy\" decoding=\"async\" class=\"alignnone size-full wp-image-255\" src=\"https:\/\/vermeer-rental.nl\/wp-content\/uploads\/2023\/02\/Sjorstrips.jpg\" alt=\"\" width=\"275\" height=\"183\" \/><\/p>","protected":false},"excerpt":{"rendered":"<p>Per uno stoccaggio sicuro e asciutto delle vostre cose, il container \u00e8 dotato di un pavimento in legno e di griglie di ventilazione. Il container da 20 piedi pu\u00f2 contenere circa il contenuto di una casa con 3 camere da letto. Il container pu\u00f2 essere utilizzato anche come barriera antirumore, antivento o di sicurezza.<\/p>\n<p>&nbsp;<\/p>\n<form action=\"https:\/\/vermeer-rental.nl\/wp-content\/uploads\/2023\/03\/2022-Vermeer-Rentals_CONTAINERS.pdf\" method=\"get\" target=\"_blank\" data-trp-original-action=\"https:\/\/vermeer-rental.nl\/wp-content\/uploads\/2023\/03\/2022-Vermeer-Rentals_CONTAINERS.pdf\"><button class=\"pdf-button\" type=\"submit\">Visualizza l'opuscolo qui<\/button><input type=\"hidden\" name=\"trp-form-language\" value=\"it\"\/><\/form>","protected":false},"featured_media":536,"comment_status":"closed","ping_status":"closed","template":"","meta":{"om_disable_all_campaigns":false,"_monsterinsights_skip_tracking":false,"_monsterinsights_sitenote_active":false,"_monsterinsights_sitenote_note":"","_monsterinsights_sitenote_category":0},"product_brand":[],"product_cat":[16,17],"product_tag":[],"class_list":{"0":"post-38","1":"product","2":"type-product","3":"status-publish","4":"has-post-thumbnail","6":"product_cat-containers","7":"product_cat-opslagcontainers","9":"first","10":"instock","11":"shipping-taxable","12":"purchasable","13":"product-type-simple"},"yoast_head":"<!-- This site is optimized with the Yoast SEO Premium plugin v23.3 (Yoast SEO v27.2) - https:\/\/yoast.com\/product\/yoast-seo-premium-wordpress\/ -->\n<title>Container 20ft - Vermeer Rental &amp; Services<\/title>\n<meta name=\"robots\" content=\"index, follow, max-snippet:-1, max-image-preview:large, max-video-preview:-1\" \/>\n<link rel=\"canonical\" href=\"https:\/\/vermeer-rental.nl\/it\/prodotto\/contenitore-da-20-piedi\/\" \/>\n<meta property=\"og:locale\" content=\"it_IT\" \/>\n<meta property=\"og:type\" content=\"article\" \/>\n<meta property=\"og:title\" content=\"Container 20ft\" \/>\n<meta property=\"og:description\" content=\"Voor het veilig en droog opslaan van uw spullen, de container is voorzien van een houten vloer en ventilatieroosters. In de 20ft container kun je ongeveer de inboedel van een 3-kamer woning kwijt. Ook is de container inzetbaar als geluids-, wind of veiligheidsbarri\u00e8re.  &nbsp;  Bekijk hier de folder\" \/>\n<meta property=\"og:url\" content=\"https:\/\/vermeer-rental.nl\/it\/prodotto\/contenitore-da-20-piedi\/\" \/>\n<meta property=\"og:site_name\" content=\"Vermeer Rental &amp; Services\" \/>\n<meta property=\"article:publisher\" content=\"https:\/\/www.facebook.com\/gebrvermeerindustrialmovements\" \/>\n<meta property=\"article:modified_time\" content=\"2026-02-26T09:57:51+00:00\" \/>\n<meta property=\"og:image\" content=\"https:\/\/vermeer-rental.nl\/wp-content\/uploads\/2023\/04\/20-ft-hoofdfoto-scaled.jpg\" \/>\n\t<meta property=\"og:image:width\" content=\"2560\" \/>\n\t<meta property=\"og:image:height\" content=\"1920\" \/>\n\t<meta property=\"og:image:type\" content=\"image\/jpeg\" \/>\n<meta name=\"twitter:card\" content=\"summary_large_image\" \/>\n<meta name=\"twitter:label1\" content=\"Tempo di lettura stimato\" \/>\n\t<meta name=\"twitter:data1\" content=\"3 minuti\" \/>\n<script type=\"application\/ld+json\" class=\"yoast-schema-graph\">{\"@context\":\"https:\/\/schema.org\",\"@graph\":[{\"@type\":\"WebPage\",\"@id\":\"https:\/\/vermeer-rental.nl\/product\/container-20ft\/\",\"url\":\"https:\/\/vermeer-rental.nl\/product\/container-20ft\/\",\"name\":\"Container 20ft - Vermeer Rental &amp; Services\",\"isPartOf\":{\"@id\":\"https:\/\/vermeer-rental.nl\/#website\"},\"primaryImageOfPage\":{\"@id\":\"https:\/\/vermeer-rental.nl\/product\/container-20ft\/#primaryimage\"},\"image\":{\"@id\":\"https:\/\/vermeer-rental.nl\/product\/container-20ft\/#primaryimage\"},\"thumbnailUrl\":\"https:\/\/vermeer-rental.nl\/wp-content\/uploads\/2023\/04\/20-ft-hoofdfoto-scaled.jpg\",\"datePublished\":\"2023-02-25T13:42:36+00:00\",\"dateModified\":\"2026-02-26T09:57:51+00:00\",\"breadcrumb\":{\"@id\":\"https:\/\/vermeer-rental.nl\/product\/container-20ft\/#breadcrumb\"},\"inLanguage\":\"it-IT\",\"potentialAction\":[{\"@type\":\"ReadAction\",\"target\":[\"https:\/\/vermeer-rental.nl\/product\/container-20ft\/\"]}]},{\"@type\":\"ImageObject\",\"inLanguage\":\"it-IT\",\"@id\":\"https:\/\/vermeer-rental.nl\/product\/container-20ft\/#primaryimage\",\"url\":\"https:\/\/vermeer-rental.nl\/wp-content\/uploads\/2023\/04\/20-ft-hoofdfoto-scaled.jpg\",\"contentUrl\":\"https:\/\/vermeer-rental.nl\/wp-content\/uploads\/2023\/04\/20-ft-hoofdfoto-scaled.jpg\",\"width\":2560,\"height\":1920,\"caption\":\"opslagcontainer\"},{\"@type\":\"BreadcrumbList\",\"@id\":\"https:\/\/vermeer-rental.nl\/product\/container-20ft\/#breadcrumb\",\"itemListElement\":[{\"@type\":\"ListItem\",\"position\":1,\"name\":\"Home\",\"item\":\"https:\/\/vermeer-rental.nl\/\"},{\"@type\":\"ListItem\",\"position\":2,\"name\":\"Diensten\",\"item\":\"https:\/\/vermeer-rental.nl\/diensten\/\"},{\"@type\":\"ListItem\",\"position\":3,\"name\":\"Container 20ft\"}]},{\"@type\":\"WebSite\",\"@id\":\"https:\/\/vermeer-rental.nl\/#website\",\"url\":\"https:\/\/vermeer-rental.nl\/\",\"name\":\"Vermeer Rental & Services\",\"description\":\"Staat voor u klaar!\",\"publisher\":{\"@id\":\"https:\/\/vermeer-rental.nl\/#organization\"},\"potentialAction\":[{\"@type\":\"SearchAction\",\"target\":{\"@type\":\"EntryPoint\",\"urlTemplate\":\"https:\/\/vermeer-rental.nl\/?s={search_term_string}\"},\"query-input\":{\"@type\":\"PropertyValueSpecification\",\"valueRequired\":true,\"valueName\":\"search_term_string\"}}],\"inLanguage\":\"it-IT\"},{\"@type\":\"Organization\",\"@id\":\"https:\/\/vermeer-rental.nl\/#organization\",\"name\":\"Vermeer Rental & Services\",\"url\":\"https:\/\/vermeer-rental.nl\/\",\"logo\":{\"@type\":\"ImageObject\",\"inLanguage\":\"it-IT\",\"@id\":\"https:\/\/vermeer-rental.nl\/#\/schema\/logo\/image\/\",\"url\":\"https:\/\/vermeer-rental.nl\/wp-content\/uploads\/2023\/02\/Logo-Vermeer-Rental-RGB.png\",\"contentUrl\":\"https:\/\/vermeer-rental.nl\/wp-content\/uploads\/2023\/02\/Logo-Vermeer-Rental-RGB.png\",\"width\":800,\"height\":210,\"caption\":\"Vermeer Rental & Services\"},\"image\":{\"@id\":\"https:\/\/vermeer-rental.nl\/#\/schema\/logo\/image\/\"},\"sameAs\":[\"https:\/\/www.facebook.com\/gebrvermeerindustrialmovements\",\"https:\/\/www.linkedin.com\/company\/gebr-vermeer-transport\/\",\"https:\/\/www.instagram.com\/gebrvermeer\/\"]}]}<\/script>\n<!-- \/ Yoast SEO Premium plugin. -->","yoast_head_json":{"title":"Container 20ft - Noleggio e servizi Vermeer","robots":{"index":"index","follow":"follow","max-snippet":"max-snippet:-1","max-image-preview":"max-image-preview:large","max-video-preview":"max-video-preview:-1"},"canonical":"https:\/\/vermeer-rental.nl\/it\/prodotto\/contenitore-da-20-piedi\/","og_locale":"it_IT","og_type":"article","og_title":"Container 20ft","og_description":"Voor het veilig en droog opslaan van uw spullen, de container is voorzien van een houten vloer en ventilatieroosters. In de 20ft container kun je ongeveer de inboedel van een 3-kamer woning kwijt. Ook is de container inzetbaar als geluids-, wind of veiligheidsbarri\u00e8re.  &nbsp;  Bekijk hier de folder","og_url":"https:\/\/vermeer-rental.nl\/it\/prodotto\/contenitore-da-20-piedi\/","og_site_name":"Vermeer Rental &amp; Services","article_publisher":"https:\/\/www.facebook.com\/gebrvermeerindustrialmovements","article_modified_time":"2026-02-26T09:57:51+00:00","og_image":[{"width":2560,"height":1920,"url":"https:\/\/vermeer-rental.nl\/wp-content\/uploads\/2023\/04\/20-ft-hoofdfoto-scaled.jpg","type":"image\/jpeg"}],"twitter_card":"summary_large_image","twitter_misc":{"Tempo di lettura stimato":"3 minuti"},"schema":{"@context":"https:\/\/schema.org","@graph":[{"@type":"WebPage","@id":"https:\/\/vermeer-rental.nl\/product\/container-20ft\/","url":"https:\/\/vermeer-rental.nl\/product\/container-20ft\/","name":"Container 20ft - Noleggio e servizi Vermeer","isPartOf":{"@id":"https:\/\/vermeer-rental.nl\/#website"},"primaryImageOfPage":{"@id":"https:\/\/vermeer-rental.nl\/product\/container-20ft\/#primaryimage"},"image":{"@id":"https:\/\/vermeer-rental.nl\/product\/container-20ft\/#primaryimage"},"thumbnailUrl":"https:\/\/vermeer-rental.nl\/wp-content\/uploads\/2023\/04\/20-ft-hoofdfoto-scaled.jpg","datePublished":"2023-02-25T13:42:36+00:00","dateModified":"2026-02-26T09:57:51+00:00","breadcrumb":{"@id":"https:\/\/vermeer-rental.nl\/product\/container-20ft\/#breadcrumb"},"inLanguage":"it-IT","potentialAction":[{"@type":"ReadAction","target":["https:\/\/vermeer-rental.nl\/product\/container-20ft\/"]}]},{"@type":"ImageObject","inLanguage":"it-IT","@id":"https:\/\/vermeer-rental.nl\/product\/container-20ft\/#primaryimage","url":"https:\/\/vermeer-rental.nl\/wp-content\/uploads\/2023\/04\/20-ft-hoofdfoto-scaled.jpg","contentUrl":"https:\/\/vermeer-rental.nl\/wp-content\/uploads\/2023\/04\/20-ft-hoofdfoto-scaled.jpg","width":2560,"height":1920,"caption":"opslagcontainer"},{"@type":"BreadcrumbList","@id":"https:\/\/vermeer-rental.nl\/product\/container-20ft\/#breadcrumb","itemListElement":[{"@type":"ListItem","position":1,"name":"Home","item":"https:\/\/vermeer-rental.nl\/"},{"@type":"ListItem","position":2,"name":"Diensten","item":"https:\/\/vermeer-rental.nl\/diensten\/"},{"@type":"ListItem","position":3,"name":"Container 20ft"}]},{"@type":"WebSite","@id":"https:\/\/vermeer-rental.nl\/#website","url":"https:\/\/vermeer-rental.nl\/","name":"Noleggio e servizi Vermeer","description":"In attesa!","publisher":{"@id":"https:\/\/vermeer-rental.nl\/#organization"},"potentialAction":[{"@type":"SearchAction","target":{"@type":"EntryPoint","urlTemplate":"https:\/\/vermeer-rental.nl\/?s={search_term_string}"},"query-input":{"@type":"PropertyValueSpecification","valueRequired":true,"valueName":"search_term_string"}}],"inLanguage":"it-IT"},{"@type":"Organization","@id":"https:\/\/vermeer-rental.nl\/#organization","name":"Noleggio e servizi Vermeer","url":"https:\/\/vermeer-rental.nl\/","logo":{"@type":"ImageObject","inLanguage":"it-IT","@id":"https:\/\/vermeer-rental.nl\/#\/schema\/logo\/image\/","url":"https:\/\/vermeer-rental.nl\/wp-content\/uploads\/2023\/02\/Logo-Vermeer-Rental-RGB.png","contentUrl":"https:\/\/vermeer-rental.nl\/wp-content\/uploads\/2023\/02\/Logo-Vermeer-Rental-RGB.png","width":800,"height":210,"caption":"Vermeer Rental & Services"},"image":{"@id":"https:\/\/vermeer-rental.nl\/#\/schema\/logo\/image\/"},"sameAs":["https:\/\/www.facebook.com\/gebrvermeerindustrialmovements","https:\/\/www.linkedin.com\/company\/gebr-vermeer-transport\/","https:\/\/www.instagram.com\/gebrvermeer\/"]}]}},"_links":{"self":[{"href":"https:\/\/vermeer-rental.nl\/it\/wp-json\/wp\/v2\/product\/38","targetHints":{"allow":["GET"]}}],"collection":[{"href":"https:\/\/vermeer-rental.nl\/it\/wp-json\/wp\/v2\/product"}],"about":[{"href":"https:\/\/vermeer-rental.nl\/it\/wp-json\/wp\/v2\/types\/product"}],"replies":[{"embeddable":true,"href":"https:\/\/vermeer-rental.nl\/it\/wp-json\/wp\/v2\/comments?post=38"}],"wp:featuredmedia":[{"embeddable":true,"href":"https:\/\/vermeer-rental.nl\/it\/wp-json\/wp\/v2\/media\/536"}],"wp:attachment":[{"href":"https:\/\/vermeer-rental.nl\/it\/wp-json\/wp\/v2\/media?parent=38"}],"wp:term":[{"taxonomy":"product_brand","embeddable":true,"href":"https:\/\/vermeer-rental.nl\/it\/wp-json\/wp\/v2\/product_brand?post=38"},{"taxonomy":"product_cat","embeddable":true,"href":"https:\/\/vermeer-rental.nl\/it\/wp-json\/wp\/v2\/product_cat?post=38"},{"taxonomy":"product_tag","embeddable":true,"href":"https:\/\/vermeer-rental.nl\/it\/wp-json\/wp\/v2\/product_tag?post=38"}],"curies":[{"name":"wp","href":"https:\/\/api.w.org\/{rel}","templated":true}]}}