{"id":31,"date":"2023-02-25T13:42:36","date_gmt":"2023-02-25T13:42:36","guid":{"rendered":"https:\/\/rental.daanwerkelijk.nl\/?post_type=product&#038;p=31"},"modified":"2023-10-26T20:28:19","modified_gmt":"2023-10-26T18:28:19","slug":"gru-per-il-trasporto-e-il-prelievo","status":"publish","type":"product","link":"https:\/\/vermeer-rental.nl\/it\/product\/pick-en-carry-kranen\/","title":{"rendered":"MC60S"},"content":{"rendered":"<p>\u00c8 facilmente azionabile tramite telecomando e pu\u00f2 essere spostata con precisione millimetrica. Gli speciali pneumatici antitraccia completano l'equipaggiamento di alta qualit\u00e0 della gru Pick &amp; Carry.<\/p>\n<p>Il pick &amp; carry elettrico da 6 tonnellate scivola silenzioso ma potente. Ci\u00f2 \u00e8 assicurato da due motori elettrici da 3,5 kW, alimentati per 8 ore da una potente batteria da 72 V.<\/p>\n<p>&nbsp;<\/p>","protected":false},"excerpt":{"rendered":"<p>Il pick &amp; carry elettrico compatto da 6 tonnellate ha tutto ci\u00f2 che una gru mobile elettrica dovrebbe avere: un design compatto, comandi precisi, una notevole capacit\u00e0 di sollevamento di 6 tonnellate e un'ampia flessibilit\u00e0.<\/p>\n<p>&nbsp;<\/p>\n<form action=\"https:\/\/vermeer-rental.nl\/wp-content\/uploads\/2023\/03\/MC60S-Vermeer_.pdf\" method=\"get\" target=\"_blank\" data-trp-original-action=\"https:\/\/vermeer-rental.nl\/wp-content\/uploads\/2023\/03\/MC60S-Vermeer_.pdf\"><button class=\"pdf-button\" type=\"submit\">Dati tecnici<\/button><input type=\"hidden\" name=\"trp-form-language\" value=\"it\"\/><\/form>","protected":false},"featured_media":64,"comment_status":"closed","ping_status":"closed","template":"","meta":{"om_disable_all_campaigns":false,"_monsterinsights_skip_tracking":false,"_monsterinsights_sitenote_active":false,"_monsterinsights_sitenote_note":"","_monsterinsights_sitenote_category":0},"product_brand":[],"product_cat":[18],"product_tag":[],"class_list":{"0":"post-31","1":"product","2":"type-product","3":"status-publish","4":"has-post-thumbnail","6":"product_cat-pick-carry-kranen","8":"first","9":"instock","10":"shipping-taxable","11":"purchasable","12":"product-type-simple"},"yoast_head":"<!-- This site is optimized with the Yoast SEO Premium plugin v23.3 (Yoast SEO v27.2) - https:\/\/yoast.com\/product\/yoast-seo-premium-wordpress\/ -->\n<title>Pick en Carry kraan - Industrial Movers Vermeer Rental &amp; Services<\/title>\n<meta name=\"description\" content=\"Op zoek naar elektrische pick en carry kranen voor industri\u00eble uitdagingen? Ontdek hier onze volledige selectie van pick &amp; carry kranen!\" \/>\n<meta name=\"robots\" content=\"index, follow, max-snippet:-1, max-image-preview:large, max-video-preview:-1\" \/>\n<link rel=\"canonical\" href=\"https:\/\/vermeer-rental.nl\/it\/prodotto\/gru-per-il-trasporto-e-il-prelievo\/\" \/>\n<meta property=\"og:locale\" content=\"it_IT\" \/>\n<meta property=\"og:type\" content=\"article\" \/>\n<meta property=\"og:title\" content=\"MC60S\" \/>\n<meta property=\"og:description\" content=\"Op zoek naar elektrische pick en carry kranen voor industri\u00eble uitdagingen? Ontdek hier onze volledige selectie van pick &amp; carry kranen!\" \/>\n<meta property=\"og:url\" content=\"https:\/\/vermeer-rental.nl\/it\/prodotto\/gru-per-il-trasporto-e-il-prelievo\/\" \/>\n<meta property=\"og:site_name\" content=\"Vermeer Rental &amp; Services\" \/>\n<meta property=\"article:publisher\" content=\"https:\/\/www.facebook.com\/gebrvermeerindustrialmovements\" \/>\n<meta property=\"article:modified_time\" content=\"2023-10-26T18:28:19+00:00\" \/>\n<meta property=\"og:image\" content=\"https:\/\/vermeer-rental.nl\/wp-content\/uploads\/2023\/02\/MC60S-Foto.jpg\" \/>\n\t<meta property=\"og:image:width\" content=\"420\" \/>\n\t<meta property=\"og:image:height\" content=\"420\" \/>\n\t<meta property=\"og:image:type\" content=\"image\/jpeg\" \/>\n<meta name=\"twitter:card\" content=\"summary_large_image\" \/>\n<meta name=\"twitter:label1\" content=\"Tempo di lettura stimato\" \/>\n\t<meta name=\"twitter:data1\" content=\"1 minuto\" \/>\n<script type=\"application\/ld+json\" class=\"yoast-schema-graph\">{\"@context\":\"https:\/\/schema.org\",\"@graph\":[{\"@type\":\"WebPage\",\"@id\":\"https:\/\/vermeer-rental.nl\/product\/pick-en-carry-kranen\/\",\"url\":\"https:\/\/vermeer-rental.nl\/product\/pick-en-carry-kranen\/\",\"name\":\"Pick en Carry kraan - Industrial Movers Vermeer Rental &amp; Services\",\"isPartOf\":{\"@id\":\"https:\/\/vermeer-rental.nl\/#website\"},\"primaryImageOfPage\":{\"@id\":\"https:\/\/vermeer-rental.nl\/product\/pick-en-carry-kranen\/#primaryimage\"},\"image\":{\"@id\":\"https:\/\/vermeer-rental.nl\/product\/pick-en-carry-kranen\/#primaryimage\"},\"thumbnailUrl\":\"https:\/\/vermeer-rental.nl\/wp-content\/uploads\/2023\/02\/MC60S-Foto.jpg\",\"datePublished\":\"2023-02-25T13:42:36+00:00\",\"dateModified\":\"2023-10-26T18:28:19+00:00\",\"description\":\"Op zoek naar elektrische pick en carry kranen voor industri\u00eble uitdagingen? Ontdek hier onze volledige selectie van pick & carry kranen!\",\"breadcrumb\":{\"@id\":\"https:\/\/vermeer-rental.nl\/product\/pick-en-carry-kranen\/#breadcrumb\"},\"inLanguage\":\"it-IT\",\"potentialAction\":[{\"@type\":\"ReadAction\",\"target\":[\"https:\/\/vermeer-rental.nl\/product\/pick-en-carry-kranen\/\"]}]},{\"@type\":\"ImageObject\",\"inLanguage\":\"it-IT\",\"@id\":\"https:\/\/vermeer-rental.nl\/product\/pick-en-carry-kranen\/#primaryimage\",\"url\":\"https:\/\/vermeer-rental.nl\/wp-content\/uploads\/2023\/02\/MC60S-Foto.jpg\",\"contentUrl\":\"https:\/\/vermeer-rental.nl\/wp-content\/uploads\/2023\/02\/MC60S-Foto.jpg\",\"width\":420,\"height\":420},{\"@type\":\"BreadcrumbList\",\"@id\":\"https:\/\/vermeer-rental.nl\/product\/pick-en-carry-kranen\/#breadcrumb\",\"itemListElement\":[{\"@type\":\"ListItem\",\"position\":1,\"name\":\"Home\",\"item\":\"https:\/\/vermeer-rental.nl\/\"},{\"@type\":\"ListItem\",\"position\":2,\"name\":\"Diensten\",\"item\":\"https:\/\/vermeer-rental.nl\/diensten\/\"},{\"@type\":\"ListItem\",\"position\":3,\"name\":\"MC60S\"}]},{\"@type\":\"WebSite\",\"@id\":\"https:\/\/vermeer-rental.nl\/#website\",\"url\":\"https:\/\/vermeer-rental.nl\/\",\"name\":\"Vermeer Rental & Services\",\"description\":\"Staat voor u klaar!\",\"publisher\":{\"@id\":\"https:\/\/vermeer-rental.nl\/#organization\"},\"potentialAction\":[{\"@type\":\"SearchAction\",\"target\":{\"@type\":\"EntryPoint\",\"urlTemplate\":\"https:\/\/vermeer-rental.nl\/?s={search_term_string}\"},\"query-input\":{\"@type\":\"PropertyValueSpecification\",\"valueRequired\":true,\"valueName\":\"search_term_string\"}}],\"inLanguage\":\"it-IT\"},{\"@type\":\"Organization\",\"@id\":\"https:\/\/vermeer-rental.nl\/#organization\",\"name\":\"Vermeer Rental & Services\",\"url\":\"https:\/\/vermeer-rental.nl\/\",\"logo\":{\"@type\":\"ImageObject\",\"inLanguage\":\"it-IT\",\"@id\":\"https:\/\/vermeer-rental.nl\/#\/schema\/logo\/image\/\",\"url\":\"https:\/\/vermeer-rental.nl\/wp-content\/uploads\/2023\/02\/Logo-Vermeer-Rental-RGB.png\",\"contentUrl\":\"https:\/\/vermeer-rental.nl\/wp-content\/uploads\/2023\/02\/Logo-Vermeer-Rental-RGB.png\",\"width\":800,\"height\":210,\"caption\":\"Vermeer Rental & Services\"},\"image\":{\"@id\":\"https:\/\/vermeer-rental.nl\/#\/schema\/logo\/image\/\"},\"sameAs\":[\"https:\/\/www.facebook.com\/gebrvermeerindustrialmovements\",\"https:\/\/www.linkedin.com\/company\/gebr-vermeer-transport\/\",\"https:\/\/www.instagram.com\/gebrvermeer\/\"]}]}<\/script>\n<!-- \/ Yoast SEO Premium plugin. -->","yoast_head_json":{"title":"Gru pick and carry - Traslochi industriali Noleggio e servizi Vermeer","description":"Siete alla ricerca di gru elettriche per il trasporto e la movimentazione per le sfide industriali? Scoprite qui la nostra selezione completa di gru per il trasporto e la movimentazione!","robots":{"index":"index","follow":"follow","max-snippet":"max-snippet:-1","max-image-preview":"max-image-preview:large","max-video-preview":"max-video-preview:-1"},"canonical":"https:\/\/vermeer-rental.nl\/it\/prodotto\/gru-per-il-trasporto-e-il-prelievo\/","og_locale":"it_IT","og_type":"article","og_title":"MC60S","og_description":"Op zoek naar elektrische pick en carry kranen voor industri\u00eble uitdagingen? Ontdek hier onze volledige selectie van pick & carry kranen!","og_url":"https:\/\/vermeer-rental.nl\/it\/prodotto\/gru-per-il-trasporto-e-il-prelievo\/","og_site_name":"Vermeer Rental &amp; Services","article_publisher":"https:\/\/www.facebook.com\/gebrvermeerindustrialmovements","article_modified_time":"2023-10-26T18:28:19+00:00","og_image":[{"width":420,"height":420,"url":"https:\/\/vermeer-rental.nl\/wp-content\/uploads\/2023\/02\/MC60S-Foto.jpg","type":"image\/jpeg"}],"twitter_card":"summary_large_image","twitter_misc":{"Tempo di lettura stimato":"1 minuto"},"schema":{"@context":"https:\/\/schema.org","@graph":[{"@type":"WebPage","@id":"https:\/\/vermeer-rental.nl\/product\/pick-en-carry-kranen\/","url":"https:\/\/vermeer-rental.nl\/product\/pick-en-carry-kranen\/","name":"Gru pick and carry - Traslochi industriali Noleggio e servizi Vermeer","isPartOf":{"@id":"https:\/\/vermeer-rental.nl\/#website"},"primaryImageOfPage":{"@id":"https:\/\/vermeer-rental.nl\/product\/pick-en-carry-kranen\/#primaryimage"},"image":{"@id":"https:\/\/vermeer-rental.nl\/product\/pick-en-carry-kranen\/#primaryimage"},"thumbnailUrl":"https:\/\/vermeer-rental.nl\/wp-content\/uploads\/2023\/02\/MC60S-Foto.jpg","datePublished":"2023-02-25T13:42:36+00:00","dateModified":"2023-10-26T18:28:19+00:00","description":"Siete alla ricerca di gru elettriche per il trasporto e la movimentazione per le sfide industriali? Scoprite qui la nostra selezione completa di gru per il trasporto e la movimentazione!","breadcrumb":{"@id":"https:\/\/vermeer-rental.nl\/product\/pick-en-carry-kranen\/#breadcrumb"},"inLanguage":"it-IT","potentialAction":[{"@type":"ReadAction","target":["https:\/\/vermeer-rental.nl\/product\/pick-en-carry-kranen\/"]}]},{"@type":"ImageObject","inLanguage":"it-IT","@id":"https:\/\/vermeer-rental.nl\/product\/pick-en-carry-kranen\/#primaryimage","url":"https:\/\/vermeer-rental.nl\/wp-content\/uploads\/2023\/02\/MC60S-Foto.jpg","contentUrl":"https:\/\/vermeer-rental.nl\/wp-content\/uploads\/2023\/02\/MC60S-Foto.jpg","width":420,"height":420},{"@type":"BreadcrumbList","@id":"https:\/\/vermeer-rental.nl\/product\/pick-en-carry-kranen\/#breadcrumb","itemListElement":[{"@type":"ListItem","position":1,"name":"Home","item":"https:\/\/vermeer-rental.nl\/"},{"@type":"ListItem","position":2,"name":"Diensten","item":"https:\/\/vermeer-rental.nl\/diensten\/"},{"@type":"ListItem","position":3,"name":"MC60S"}]},{"@type":"WebSite","@id":"https:\/\/vermeer-rental.nl\/#website","url":"https:\/\/vermeer-rental.nl\/","name":"Noleggio e servizi Vermeer","description":"In attesa!","publisher":{"@id":"https:\/\/vermeer-rental.nl\/#organization"},"potentialAction":[{"@type":"SearchAction","target":{"@type":"EntryPoint","urlTemplate":"https:\/\/vermeer-rental.nl\/?s={search_term_string}"},"query-input":{"@type":"PropertyValueSpecification","valueRequired":true,"valueName":"search_term_string"}}],"inLanguage":"it-IT"},{"@type":"Organization","@id":"https:\/\/vermeer-rental.nl\/#organization","name":"Noleggio e servizi Vermeer","url":"https:\/\/vermeer-rental.nl\/","logo":{"@type":"ImageObject","inLanguage":"it-IT","@id":"https:\/\/vermeer-rental.nl\/#\/schema\/logo\/image\/","url":"https:\/\/vermeer-rental.nl\/wp-content\/uploads\/2023\/02\/Logo-Vermeer-Rental-RGB.png","contentUrl":"https:\/\/vermeer-rental.nl\/wp-content\/uploads\/2023\/02\/Logo-Vermeer-Rental-RGB.png","width":800,"height":210,"caption":"Vermeer Rental & Services"},"image":{"@id":"https:\/\/vermeer-rental.nl\/#\/schema\/logo\/image\/"},"sameAs":["https:\/\/www.facebook.com\/gebrvermeerindustrialmovements","https:\/\/www.linkedin.com\/company\/gebr-vermeer-transport\/","https:\/\/www.instagram.com\/gebrvermeer\/"]}]}},"_links":{"self":[{"href":"https:\/\/vermeer-rental.nl\/it\/wp-json\/wp\/v2\/product\/31","targetHints":{"allow":["GET"]}}],"collection":[{"href":"https:\/\/vermeer-rental.nl\/it\/wp-json\/wp\/v2\/product"}],"about":[{"href":"https:\/\/vermeer-rental.nl\/it\/wp-json\/wp\/v2\/types\/product"}],"replies":[{"embeddable":true,"href":"https:\/\/vermeer-rental.nl\/it\/wp-json\/wp\/v2\/comments?post=31"}],"wp:featuredmedia":[{"embeddable":true,"href":"https:\/\/vermeer-rental.nl\/it\/wp-json\/wp\/v2\/media\/64"}],"wp:attachment":[{"href":"https:\/\/vermeer-rental.nl\/it\/wp-json\/wp\/v2\/media?parent=31"}],"wp:term":[{"taxonomy":"product_brand","embeddable":true,"href":"https:\/\/vermeer-rental.nl\/it\/wp-json\/wp\/v2\/product_brand?post=31"},{"taxonomy":"product_cat","embeddable":true,"href":"https:\/\/vermeer-rental.nl\/it\/wp-json\/wp\/v2\/product_cat?post=31"},{"taxonomy":"product_tag","embeddable":true,"href":"https:\/\/vermeer-rental.nl\/it\/wp-json\/wp\/v2\/product_tag?post=31"}],"curies":[{"name":"wp","href":"https:\/\/api.w.org\/{rel}","templated":true}]}}