{"id":25,"date":"2023-02-25T13:42:36","date_gmt":"2023-02-25T13:42:36","guid":{"rendered":"https:\/\/rental.daanwerkelijk.nl\/?post_type=product&#038;p=25"},"modified":"2024-12-03T11:09:55","modified_gmt":"2024-12-03T10:09:55","slug":"noleggio-gru-pick-and-carry-noleggio-gru-pick-and-carry-pick-and-carry","status":"publish","type":"product","link":"https:\/\/vermeer-rental.nl\/it\/product\/pick-carry-kraan-huren-pick-and-carry-kraan-pick-carry-kraan\/","title":{"rendered":"Gru pick &amp; carry - MC25S"},"content":{"rendered":"<p>Uno dei maggiori vantaggi della gru mobile elettrica da 2,5 tonnellate \u00e8 il suo ridotto raggio di movimento: con un angolo di sterzata di +- 90\u00b0, pu\u00f2 essere manovrata in sicurezza anche in spazi particolarmente stretti ed \u00e8 fatta per essere utilizzata in capannoni dove lo spazio \u00e8 limitato. Perch\u00e9 la nostra \"piccola\" arriva anche negli angoli pi\u00f9 remoti.<\/p>\n<h3 style=\"font-weight: bold; font-size: 18px;\">UTILIZZO TRA QUATTRO MURA<\/h3>\n<p>Naturalmente, anche le dimensioni compatte della gru mobile elettrica da 2,5 tonnellate sono un grande vantaggio: con una larghezza di soli 900 mm e un'altezza di 1610 mm, passa quasi attraverso una normale porta di casa. Ci\u00f2 significa che la gru mobile elettrica da 2,5 tonnellate pu\u00f2 essere utilizzata anche in edifici non finiti, ad esempio da serramentisti, carpentieri o artigiani dell'edilizia prefabbricata che devono trasportare componenti come finestre o pareti.<\/p>\n<h3 style=\"font-weight: bold; font-size: 18px;\">MIGLIORE ATTESA<\/h3>\n<p>Soprattutto quando viene utilizzata all'interno di edifici, si evidenziano due caratteristiche aggiuntive: in primo luogo, la gru mobile elettrica da 2,5 tonnellate \u00e8 dotata di pneumatici antitraccia e quindi non lascia tracce durante il lavoro. In secondo luogo, la gru \u00e8 alimentata da un potente motore elettrico senza emissioni, con una capacit\u00e0 della batteria di 8 ore di lavoro. I fumi di scarico, lo sporco e gli odori appartengono al passato. Un bene per il lavoro e per il clima!<\/p>\n<p>&nbsp;<\/p>","protected":false},"excerpt":{"rendered":"<p>Il pick &amp; carry elettrico da 2,5 tonnellate \u00e8 dotato di serie di pneumatici antitraccia che non sfarinano. Il motore elettrico da 2 kW della gru risponde con precisione e funziona per 8 ore senza ricarica grazie a una potente batteria da 24 V, 420 Ah. Il braccio \u00e8 estensibile in proporzione e, se necessario, pu\u00f2 essere ulteriormente allungato tramite un puntale.<\/p>\n<p>&nbsp;<\/p>\n<form action=\"https:\/\/vermeer-rental.nl\/wp-content\/uploads\/2023\/03\/MC25S-Vermeer_.pdf\" method=\"get\" target=\"_blank\" data-trp-original-action=\"https:\/\/vermeer-rental.nl\/wp-content\/uploads\/2023\/03\/MC25S-Vermeer_.pdf\"><button class=\"pdf-button\" type=\"submit\">Dati tecnici<\/button><input type=\"hidden\" name=\"trp-form-language\" value=\"it\"\/><\/form>","protected":false},"featured_media":61,"comment_status":"closed","ping_status":"closed","template":"","meta":{"om_disable_all_campaigns":false,"_monsterinsights_skip_tracking":false,"_monsterinsights_sitenote_active":false,"_monsterinsights_sitenote_note":"","_monsterinsights_sitenote_category":0},"product_brand":[],"product_cat":[18],"product_tag":[],"class_list":{"0":"post-25","1":"product","2":"type-product","3":"status-publish","4":"has-post-thumbnail","6":"product_cat-pick-carry-kranen","8":"first","9":"instock","10":"shipping-taxable","11":"purchasable","12":"product-type-simple"},"yoast_head":"<!-- This site is optimized with the Yoast SEO Premium plugin v23.3 (Yoast SEO v27.2) - https:\/\/yoast.com\/product\/yoast-seo-premium-wordpress\/ -->\n<title>Pick &amp; Carry kraan huren - Bekijk hier ons aanbod. Vermeer Rental &amp; Services<\/title>\n<meta name=\"description\" content=\"Pick &amp; Carry kraan huren? Industriekranen van 2 tot 60 ton. Ontdek hier de mogelijkheden van onze 100% elektrische Pick &amp; Carry kranen.\" \/>\n<meta name=\"robots\" content=\"index, follow, max-snippet:-1, max-image-preview:large, max-video-preview:-1\" \/>\n<link rel=\"canonical\" href=\"https:\/\/vermeer-rental.nl\/it\/prodotto\/noleggio-gru-pick-and-carry-noleggio-gru-pick-and-carry-pick-and-carry\/\" \/>\n<meta property=\"og:locale\" content=\"it_IT\" \/>\n<meta property=\"og:type\" content=\"article\" \/>\n<meta property=\"og:title\" content=\"Pick &amp; Carry kraan - MC25S\" \/>\n<meta property=\"og:description\" content=\"Pick &amp; Carry kraan huren? Industriekranen van 2 tot 60 ton. Ontdek hier de mogelijkheden van onze 100% elektrische Pick &amp; Carry kranen.\" \/>\n<meta property=\"og:url\" content=\"https:\/\/vermeer-rental.nl\/it\/prodotto\/noleggio-gru-pick-and-carry-noleggio-gru-pick-and-carry-pick-and-carry\/\" \/>\n<meta property=\"og:site_name\" content=\"Vermeer Rental &amp; Services\" \/>\n<meta property=\"article:publisher\" content=\"https:\/\/www.facebook.com\/gebrvermeerindustrialmovements\" \/>\n<meta property=\"article:modified_time\" content=\"2024-12-03T10:09:55+00:00\" \/>\n<meta property=\"og:image\" content=\"https:\/\/vermeer-rental.nl\/wp-content\/uploads\/2023\/02\/MC25S-Foto.jpg\" \/>\n\t<meta property=\"og:image:width\" content=\"738\" \/>\n\t<meta property=\"og:image:height\" content=\"738\" \/>\n\t<meta property=\"og:image:type\" content=\"image\/jpeg\" \/>\n<meta name=\"twitter:card\" content=\"summary_large_image\" \/>\n<meta name=\"twitter:label1\" content=\"Tempo di lettura stimato\" \/>\n\t<meta name=\"twitter:data1\" content=\"2 minuti\" \/>\n<script type=\"application\/ld+json\" class=\"yoast-schema-graph\">{\"@context\":\"https:\/\/schema.org\",\"@graph\":[{\"@type\":\"WebPage\",\"@id\":\"https:\/\/vermeer-rental.nl\/product\/pick-carry-kraan-huren-pick-and-carry-kraan-pick-carry-kraan\/\",\"url\":\"https:\/\/vermeer-rental.nl\/product\/pick-carry-kraan-huren-pick-and-carry-kraan-pick-carry-kraan\/\",\"name\":\"Pick & Carry kraan huren - Bekijk hier ons aanbod. Vermeer Rental &amp; Services\",\"isPartOf\":{\"@id\":\"https:\/\/vermeer-rental.nl\/#website\"},\"primaryImageOfPage\":{\"@id\":\"https:\/\/vermeer-rental.nl\/product\/pick-carry-kraan-huren-pick-and-carry-kraan-pick-carry-kraan\/#primaryimage\"},\"image\":{\"@id\":\"https:\/\/vermeer-rental.nl\/product\/pick-carry-kraan-huren-pick-and-carry-kraan-pick-carry-kraan\/#primaryimage\"},\"thumbnailUrl\":\"https:\/\/vermeer-rental.nl\/wp-content\/uploads\/2023\/02\/MC25S-Foto.jpg\",\"datePublished\":\"2023-02-25T13:42:36+00:00\",\"dateModified\":\"2024-12-03T10:09:55+00:00\",\"description\":\"Pick & Carry kraan huren? Industriekranen van 2 tot 60 ton. Ontdek hier de mogelijkheden van onze 100% elektrische Pick & Carry kranen.\",\"breadcrumb\":{\"@id\":\"https:\/\/vermeer-rental.nl\/product\/pick-carry-kraan-huren-pick-and-carry-kraan-pick-carry-kraan\/#breadcrumb\"},\"inLanguage\":\"it-IT\",\"potentialAction\":[{\"@type\":\"ReadAction\",\"target\":[\"https:\/\/vermeer-rental.nl\/product\/pick-carry-kraan-huren-pick-and-carry-kraan-pick-carry-kraan\/\"]}]},{\"@type\":\"ImageObject\",\"inLanguage\":\"it-IT\",\"@id\":\"https:\/\/vermeer-rental.nl\/product\/pick-carry-kraan-huren-pick-and-carry-kraan-pick-carry-kraan\/#primaryimage\",\"url\":\"https:\/\/vermeer-rental.nl\/wp-content\/uploads\/2023\/02\/MC25S-Foto.jpg\",\"contentUrl\":\"https:\/\/vermeer-rental.nl\/wp-content\/uploads\/2023\/02\/MC25S-Foto.jpg\",\"width\":738,\"height\":738},{\"@type\":\"BreadcrumbList\",\"@id\":\"https:\/\/vermeer-rental.nl\/product\/pick-carry-kraan-huren-pick-and-carry-kraan-pick-carry-kraan\/#breadcrumb\",\"itemListElement\":[{\"@type\":\"ListItem\",\"position\":1,\"name\":\"Home\",\"item\":\"https:\/\/vermeer-rental.nl\/\"},{\"@type\":\"ListItem\",\"position\":2,\"name\":\"Diensten\",\"item\":\"https:\/\/vermeer-rental.nl\/diensten\/\"},{\"@type\":\"ListItem\",\"position\":3,\"name\":\"Pick &#038; Carry kraan &#8211; MC25S\"}]},{\"@type\":\"WebSite\",\"@id\":\"https:\/\/vermeer-rental.nl\/#website\",\"url\":\"https:\/\/vermeer-rental.nl\/\",\"name\":\"Vermeer Rental & Services\",\"description\":\"Staat voor u klaar!\",\"publisher\":{\"@id\":\"https:\/\/vermeer-rental.nl\/#organization\"},\"potentialAction\":[{\"@type\":\"SearchAction\",\"target\":{\"@type\":\"EntryPoint\",\"urlTemplate\":\"https:\/\/vermeer-rental.nl\/?s={search_term_string}\"},\"query-input\":{\"@type\":\"PropertyValueSpecification\",\"valueRequired\":true,\"valueName\":\"search_term_string\"}}],\"inLanguage\":\"it-IT\"},{\"@type\":\"Organization\",\"@id\":\"https:\/\/vermeer-rental.nl\/#organization\",\"name\":\"Vermeer Rental & Services\",\"url\":\"https:\/\/vermeer-rental.nl\/\",\"logo\":{\"@type\":\"ImageObject\",\"inLanguage\":\"it-IT\",\"@id\":\"https:\/\/vermeer-rental.nl\/#\/schema\/logo\/image\/\",\"url\":\"https:\/\/vermeer-rental.nl\/wp-content\/uploads\/2023\/02\/Logo-Vermeer-Rental-RGB.png\",\"contentUrl\":\"https:\/\/vermeer-rental.nl\/wp-content\/uploads\/2023\/02\/Logo-Vermeer-Rental-RGB.png\",\"width\":800,\"height\":210,\"caption\":\"Vermeer Rental & Services\"},\"image\":{\"@id\":\"https:\/\/vermeer-rental.nl\/#\/schema\/logo\/image\/\"},\"sameAs\":[\"https:\/\/www.facebook.com\/gebrvermeerindustrialmovements\",\"https:\/\/www.linkedin.com\/company\/gebr-vermeer-transport\/\",\"https:\/\/www.instagram.com\/gebrvermeer\/\"]}]}<\/script>\n<!-- \/ Yoast SEO Premium plugin. -->","yoast_head_json":{"title":"Noleggio di gru Pick &amp; Carry - Consultate la nostra offerta qui. Noleggio e servizi Vermeer","description":"Noleggio di gru Pick &amp; Carry? Gru industriali da 2 a 60 tonnellate. Scoprite qui le possibilit\u00e0 delle nostre gru elettriche Pick &amp; Carry 100%.","robots":{"index":"index","follow":"follow","max-snippet":"max-snippet:-1","max-image-preview":"max-image-preview:large","max-video-preview":"max-video-preview:-1"},"canonical":"https:\/\/vermeer-rental.nl\/it\/prodotto\/noleggio-gru-pick-and-carry-noleggio-gru-pick-and-carry-pick-and-carry\/","og_locale":"it_IT","og_type":"article","og_title":"Pick & Carry kraan - MC25S","og_description":"Pick & Carry kraan huren? Industriekranen van 2 tot 60 ton. Ontdek hier de mogelijkheden van onze 100% elektrische Pick & Carry kranen.","og_url":"https:\/\/vermeer-rental.nl\/it\/prodotto\/noleggio-gru-pick-and-carry-noleggio-gru-pick-and-carry-pick-and-carry\/","og_site_name":"Vermeer Rental &amp; Services","article_publisher":"https:\/\/www.facebook.com\/gebrvermeerindustrialmovements","article_modified_time":"2024-12-03T10:09:55+00:00","og_image":[{"width":738,"height":738,"url":"https:\/\/vermeer-rental.nl\/wp-content\/uploads\/2023\/02\/MC25S-Foto.jpg","type":"image\/jpeg"}],"twitter_card":"summary_large_image","twitter_misc":{"Tempo di lettura stimato":"2 minuti"},"schema":{"@context":"https:\/\/schema.org","@graph":[{"@type":"WebPage","@id":"https:\/\/vermeer-rental.nl\/product\/pick-carry-kraan-huren-pick-and-carry-kraan-pick-carry-kraan\/","url":"https:\/\/vermeer-rental.nl\/product\/pick-carry-kraan-huren-pick-and-carry-kraan-pick-carry-kraan\/","name":"Noleggio di gru Pick &amp; Carry - Consultate la nostra offerta qui. Noleggio e servizi Vermeer","isPartOf":{"@id":"https:\/\/vermeer-rental.nl\/#website"},"primaryImageOfPage":{"@id":"https:\/\/vermeer-rental.nl\/product\/pick-carry-kraan-huren-pick-and-carry-kraan-pick-carry-kraan\/#primaryimage"},"image":{"@id":"https:\/\/vermeer-rental.nl\/product\/pick-carry-kraan-huren-pick-and-carry-kraan-pick-carry-kraan\/#primaryimage"},"thumbnailUrl":"https:\/\/vermeer-rental.nl\/wp-content\/uploads\/2023\/02\/MC25S-Foto.jpg","datePublished":"2023-02-25T13:42:36+00:00","dateModified":"2024-12-03T10:09:55+00:00","description":"Noleggio di gru Pick &amp; Carry? Gru industriali da 2 a 60 tonnellate. Scoprite qui le possibilit\u00e0 delle nostre gru elettriche Pick &amp; Carry 100%.","breadcrumb":{"@id":"https:\/\/vermeer-rental.nl\/product\/pick-carry-kraan-huren-pick-and-carry-kraan-pick-carry-kraan\/#breadcrumb"},"inLanguage":"it-IT","potentialAction":[{"@type":"ReadAction","target":["https:\/\/vermeer-rental.nl\/product\/pick-carry-kraan-huren-pick-and-carry-kraan-pick-carry-kraan\/"]}]},{"@type":"ImageObject","inLanguage":"it-IT","@id":"https:\/\/vermeer-rental.nl\/product\/pick-carry-kraan-huren-pick-and-carry-kraan-pick-carry-kraan\/#primaryimage","url":"https:\/\/vermeer-rental.nl\/wp-content\/uploads\/2023\/02\/MC25S-Foto.jpg","contentUrl":"https:\/\/vermeer-rental.nl\/wp-content\/uploads\/2023\/02\/MC25S-Foto.jpg","width":738,"height":738},{"@type":"BreadcrumbList","@id":"https:\/\/vermeer-rental.nl\/product\/pick-carry-kraan-huren-pick-and-carry-kraan-pick-carry-kraan\/#breadcrumb","itemListElement":[{"@type":"ListItem","position":1,"name":"Home","item":"https:\/\/vermeer-rental.nl\/"},{"@type":"ListItem","position":2,"name":"Diensten","item":"https:\/\/vermeer-rental.nl\/diensten\/"},{"@type":"ListItem","position":3,"name":"Pick &#038; Carry kraan &#8211; MC25S"}]},{"@type":"WebSite","@id":"https:\/\/vermeer-rental.nl\/#website","url":"https:\/\/vermeer-rental.nl\/","name":"Noleggio e servizi Vermeer","description":"In attesa!","publisher":{"@id":"https:\/\/vermeer-rental.nl\/#organization"},"potentialAction":[{"@type":"SearchAction","target":{"@type":"EntryPoint","urlTemplate":"https:\/\/vermeer-rental.nl\/?s={search_term_string}"},"query-input":{"@type":"PropertyValueSpecification","valueRequired":true,"valueName":"search_term_string"}}],"inLanguage":"it-IT"},{"@type":"Organization","@id":"https:\/\/vermeer-rental.nl\/#organization","name":"Noleggio e servizi Vermeer","url":"https:\/\/vermeer-rental.nl\/","logo":{"@type":"ImageObject","inLanguage":"it-IT","@id":"https:\/\/vermeer-rental.nl\/#\/schema\/logo\/image\/","url":"https:\/\/vermeer-rental.nl\/wp-content\/uploads\/2023\/02\/Logo-Vermeer-Rental-RGB.png","contentUrl":"https:\/\/vermeer-rental.nl\/wp-content\/uploads\/2023\/02\/Logo-Vermeer-Rental-RGB.png","width":800,"height":210,"caption":"Vermeer Rental & Services"},"image":{"@id":"https:\/\/vermeer-rental.nl\/#\/schema\/logo\/image\/"},"sameAs":["https:\/\/www.facebook.com\/gebrvermeerindustrialmovements","https:\/\/www.linkedin.com\/company\/gebr-vermeer-transport\/","https:\/\/www.instagram.com\/gebrvermeer\/"]}]}},"_links":{"self":[{"href":"https:\/\/vermeer-rental.nl\/it\/wp-json\/wp\/v2\/product\/25","targetHints":{"allow":["GET"]}}],"collection":[{"href":"https:\/\/vermeer-rental.nl\/it\/wp-json\/wp\/v2\/product"}],"about":[{"href":"https:\/\/vermeer-rental.nl\/it\/wp-json\/wp\/v2\/types\/product"}],"replies":[{"embeddable":true,"href":"https:\/\/vermeer-rental.nl\/it\/wp-json\/wp\/v2\/comments?post=25"}],"wp:featuredmedia":[{"embeddable":true,"href":"https:\/\/vermeer-rental.nl\/it\/wp-json\/wp\/v2\/media\/61"}],"wp:attachment":[{"href":"https:\/\/vermeer-rental.nl\/it\/wp-json\/wp\/v2\/media?parent=25"}],"wp:term":[{"taxonomy":"product_brand","embeddable":true,"href":"https:\/\/vermeer-rental.nl\/it\/wp-json\/wp\/v2\/product_brand?post=25"},{"taxonomy":"product_cat","embeddable":true,"href":"https:\/\/vermeer-rental.nl\/it\/wp-json\/wp\/v2\/product_cat?post=25"},{"taxonomy":"product_tag","embeddable":true,"href":"https:\/\/vermeer-rental.nl\/it\/wp-json\/wp\/v2\/product_tag?post=25"}],"curies":[{"name":"wp","href":"https:\/\/api.w.org\/{rel}","templated":true}]}}