{"id":2165,"date":"2024-08-29T21:25:20","date_gmt":"2024-08-29T19:25:20","guid":{"rendered":"https:\/\/vermeer-rental.nl\/?post_type=product&#038;p=2165"},"modified":"2025-06-24T00:05:23","modified_gmt":"2025-06-23T22:05:23","slug":"mini-gru-hoeflon-c30e","status":"publish","type":"product","link":"https:\/\/vermeer-rental.nl\/it\/product\/hoeflon-c30e-minihijskraan\/","title":{"rendered":"Minicrane Hoeflon C30E"},"content":{"rendered":"<h3>Hoeflon C30E Minicrane - Compatta, elettrica e straordinariamente potente<\/h3>\n<p>Il <strong data-start=\"386\" data-end=\"416\">Mini gru Hoeflon C30E<\/strong> \u00e8 una potenza innovativa nel segmento delle gru compatte. Grazie al suo design intelligente, all'azionamento elettrico 100% e all'elevata precisione, questa mini gru \u00e8 ideale per il sollevamento di lavori in aree strette o difficili da raggiungere. La C30E combina prestazioni potenti e funzionamento senza emissioni, rendendola una soluzione sostenibile e a prova di futuro.<\/p>\n<ul>\n<li data-start=\"768\" data-end=\"803\"><strong data-start=\"772\" data-end=\"803\">Interamente elettrico per lavorare senza emissioni<br \/>\n<\/strong>La C30E \u00e8 completamente elettrica, il che significa che non produce emissioni. Questo non solo \u00e8 meglio per l'ambiente, ma rende la gru molto adatta all'uso in aree interne, centri urbani e altri luoghi sensibili alle emissioni. L'azionamento elettrico garantisce inoltre un funzionamento silenzioso ed efficiente, senza perdite di potenza.<\/li>\n<li data-start=\"1165\" data-end=\"1213\"><strong data-start=\"1169\" data-end=\"1213\">Facile da spostare e da manovrare in spazi ristretti<br \/>\n<\/strong>Con il suo speciale, <strong data-start=\"1272\" data-end=\"1304\">tracce adatte al pavimento<\/strong> il C30E non lascia segni su pavimenti fragili o finiti. Il suo <strong data-start=\"1378\" data-end=\"1405\">carreggiata regolabile<\/strong> consente di passare attraverso porte e passaggi stretti. Ideale per lavorare negli edifici, nei capannoni delle fabbriche o in luoghi difficili da raggiungere.<\/li>\n<li data-start=\"1531\" data-end=\"1587\"><strong data-start=\"1535\" data-end=\"1587\">Grande altezza di sollevamento e massima precisione<br \/>\n<\/strong>Con un'altezza massima di sollevamento di <strong data-start=\"1654\" data-end=\"1666\">22 metri<\/strong> Hoeflon C30E \u00e8 unico nella sua categoria. Due velocit\u00e0 regolabili consentono all'operatore di manovrare con estrema precisione, anche in lavori di sollevamento complessi o ad alto rischio. Il <strong data-start=\"1843\" data-end=\"1879\">radiocomando<\/strong> con display integrato fornisce informazioni in tempo reale sullo stato della gru, contribuendo alla massima sicurezza e al controllo.<\/li>\n<li data-start=\"1883\" data-end=\"1918\"><strong data-start=\"1887\" data-end=\"1918\">Lavorare in sicurezza e con precisione<br \/>\n<\/strong>Le caratteristiche della gru <strong data-start=\"1943\" data-end=\"1972\">due velocit\u00e0 regolabili<\/strong> per un funzionamento estremamente preciso. Il <strong data-start=\"2009\" data-end=\"2070\">radiocomando con display integrato<\/strong> mostra informazioni in tempo reale sullo stato della gru, contribuendo alla sicurezza e all'efficienza del lavoro.<\/li>\n<\/ul>\n<h3 data-start=\"2012\" data-end=\"2045\"><strong data-start=\"2016\" data-end=\"2045\"><br \/>\nApplicazioni e vantaggi<\/strong><\/h3>\n<p data-start=\"2047\" data-end=\"2092\">L'Hoeflon C30E \u00e8 perfetto, tra l'altro, per..:<\/p>\n<ul data-start=\"2094\" data-end=\"2274\">\n<li data-start=\"2094\" data-end=\"2134\">\n<p data-start=\"2096\" data-end=\"2134\">Lavori di installazione negli edifici<\/p>\n<\/li>\n<li data-start=\"2094\" data-end=\"2134\">\n<p data-start=\"2096\" data-end=\"2134\">Montaggio di vetri e facciate<\/p>\n<\/li>\n<li data-start=\"2161\" data-end=\"2188\">\n<p data-start=\"2163\" data-end=\"2188\">Lavori di sollevamento industriale<\/p>\n<\/li>\n<li data-start=\"2189\" data-end=\"2226\">\n<p data-start=\"2191\" data-end=\"2226\">Progetti di costruzione con spazi limitati<\/p>\n<\/li>\n<li data-start=\"2227\" data-end=\"2274\">\n<p data-start=\"2229\" data-end=\"2274\">Rimozione di macchinari o parti di macchinari pesanti<\/p>\n<\/li>\n<\/ul>\n<h3 data-start=\"2276\" data-end=\"2335\"><strong data-start=\"2280\" data-end=\"2335\">Le migliori mini gru per uso professionale<\/strong><\/h3>\n<p data-start=\"2337\" data-end=\"2541\">Siete alla ricerca di un <strong data-start=\"2361\" data-end=\"2410\">mini-gru potente, resistente e maneggevole<\/strong>? Allora l'Hoeflon C30E \u00e8 la scelta ideale. Combinate potenza e precisione, lavorate senza emissioni e portate il vostro lavoro di sollevamento a un livello superiore.<\/p>\n<p data-start=\"2180\" data-end=\"2234\">Visualizza la nostra gamma completa di<strong> <a class=\"\" href=\"https:\/\/vermeer-rental.nl\/it\/categoria\/mini-gru-gru-compatte-gru-piccole\/\" rel=\"noopener\" data-start=\"2527\" data-end=\"2551\">mini gru qui<\/a> <\/strong>e scoprire la soluzione pi\u00f9 adatta al vostro progetto.<\/p>","protected":false},"excerpt":{"rendered":"<p><strong>Il potente tuttofare<\/strong><\/p>\n<p>La mini gru Hoeflon C30E \u00e8 la nostra potenza assoluta: questa gru compatta solleva fino a 9 tonnellate. E questo mentre il suo peso \u00e8 inferiore alle 9 tonnellate. E comunque quei chili non si vedono: anche questo concentrato di potenza \u00e8 abbastanza sottile da passare attraverso spazi compatti.<\/p>\n<form action=\"https:\/\/vermeer-rental.nl\/wp-content\/uploads\/2024\/08\/Hoeflon_C30E-NL.pdf\" data-trp-original-action=\"https:\/\/vermeer-rental.nl\/wp-content\/uploads\/2024\/08\/Hoeflon_C30E-NL.pdf\"><button class=\"pdf-button\" type=\"submit\">Dati tecnici<\/button><input type=\"hidden\" name=\"trp-form-language\" value=\"it\"\/><\/form>","protected":false},"featured_media":2230,"comment_status":"closed","ping_status":"closed","template":"","meta":{"om_disable_all_campaigns":false,"_monsterinsights_skip_tracking":false,"_monsterinsights_sitenote_active":false,"_monsterinsights_sitenote_note":"","_monsterinsights_sitenote_category":0},"product_brand":[],"product_cat":[403],"product_tag":[],"class_list":{"0":"post-2165","1":"product","2":"type-product","3":"status-publish","4":"has-post-thumbnail","6":"product_cat-minihijskranen-compacte-hijskraan-kleine-hijskraan","8":"first","9":"instock","10":"shipping-taxable","11":"purchasable","12":"product-type-simple"},"yoast_head":"<!-- This site is optimized with the Yoast SEO Premium plugin v23.3 (Yoast SEO v27.2) - https:\/\/yoast.com\/product\/yoast-seo-premium-wordpress\/ -->\n<title>Hoeflon C30E Minihijskraan - Vermeer Rental &amp; Services<\/title>\n<meta name=\"description\" content=\"De Hoeflon C30E minihijskraan is onze absolute krachtpatser: deze minihijskraan tilt tot 9 ton. En dat terwijl zijn eigen gewicht nog geen 9 ton bedraagt.\" \/>\n<meta name=\"robots\" content=\"index, follow, max-snippet:-1, max-image-preview:large, max-video-preview:-1\" \/>\n<link rel=\"canonical\" href=\"https:\/\/vermeer-rental.nl\/it\/prodotto\/mini-gru-hoeflon-c30e\/\" \/>\n<meta property=\"og:locale\" content=\"it_IT\" \/>\n<meta property=\"og:type\" content=\"article\" \/>\n<meta property=\"og:title\" content=\"Hoeflon C30E Minihijskraan\" \/>\n<meta property=\"og:description\" content=\"De Hoeflon C30E minikraan is onze absolute krachtpatser: deze compactkraan tilt tot 9 ton. En dat terwijl zijn eigen gewicht nog geen 9 ton bedraagt.\" \/>\n<meta property=\"og:url\" content=\"https:\/\/vermeer-rental.nl\/it\/prodotto\/mini-gru-hoeflon-c30e\/\" \/>\n<meta property=\"og:site_name\" content=\"Vermeer Rental &amp; Services\" \/>\n<meta property=\"article:publisher\" content=\"https:\/\/www.facebook.com\/gebrvermeerindustrialmovements\" \/>\n<meta property=\"article:modified_time\" content=\"2025-06-23T22:05:23+00:00\" \/>\n<meta property=\"og:image\" content=\"https:\/\/vermeer-rental.nl\/wp-content\/uploads\/2024\/08\/MM-Hoeflon-C30-1024x614.png\" \/>\n\t<meta property=\"og:image:width\" content=\"1024\" \/>\n\t<meta property=\"og:image:height\" content=\"614\" \/>\n\t<meta property=\"og:image:type\" content=\"image\/png\" \/>\n<meta name=\"twitter:card\" content=\"summary_large_image\" \/>\n<meta name=\"twitter:label1\" content=\"Tempo di lettura stimato\" \/>\n\t<meta name=\"twitter:data1\" content=\"2 minuti\" \/>\n<script type=\"application\/ld+json\" class=\"yoast-schema-graph\">{\"@context\":\"https:\/\/schema.org\",\"@graph\":[{\"@type\":\"WebPage\",\"@id\":\"https:\/\/vermeer-rental.nl\/product\/hoeflon-c30e-minihijskraan\/\",\"url\":\"https:\/\/vermeer-rental.nl\/product\/hoeflon-c30e-minihijskraan\/\",\"name\":\"Hoeflon C30E Minihijskraan - Vermeer Rental &amp; Services\",\"isPartOf\":{\"@id\":\"https:\/\/vermeer-rental.nl\/#website\"},\"primaryImageOfPage\":{\"@id\":\"https:\/\/vermeer-rental.nl\/product\/hoeflon-c30e-minihijskraan\/#primaryimage\"},\"image\":{\"@id\":\"https:\/\/vermeer-rental.nl\/product\/hoeflon-c30e-minihijskraan\/#primaryimage\"},\"thumbnailUrl\":\"https:\/\/vermeer-rental.nl\/wp-content\/uploads\/2024\/08\/2.png\",\"datePublished\":\"2024-08-29T19:25:20+00:00\",\"dateModified\":\"2025-06-23T22:05:23+00:00\",\"description\":\"De Hoeflon C30E minihijskraan is onze absolute krachtpatser: deze minihijskraan tilt tot 9 ton. En dat terwijl zijn eigen gewicht nog geen 9 ton bedraagt.\",\"breadcrumb\":{\"@id\":\"https:\/\/vermeer-rental.nl\/product\/hoeflon-c30e-minihijskraan\/#breadcrumb\"},\"inLanguage\":\"it-IT\",\"potentialAction\":[{\"@type\":\"ReadAction\",\"target\":[\"https:\/\/vermeer-rental.nl\/product\/hoeflon-c30e-minihijskraan\/\"]}]},{\"@type\":\"ImageObject\",\"inLanguage\":\"it-IT\",\"@id\":\"https:\/\/vermeer-rental.nl\/product\/hoeflon-c30e-minihijskraan\/#primaryimage\",\"url\":\"https:\/\/vermeer-rental.nl\/wp-content\/uploads\/2024\/08\/2.png\",\"contentUrl\":\"https:\/\/vermeer-rental.nl\/wp-content\/uploads\/2024\/08\/2.png\",\"width\":2025,\"height\":2025,\"caption\":\"De krachtige en compacte Hoeflon C30E is ideaal voor hijswerk in krappe ruimtes.\"},{\"@type\":\"BreadcrumbList\",\"@id\":\"https:\/\/vermeer-rental.nl\/product\/hoeflon-c30e-minihijskraan\/#breadcrumb\",\"itemListElement\":[{\"@type\":\"ListItem\",\"position\":1,\"name\":\"Home\",\"item\":\"https:\/\/vermeer-rental.nl\/\"},{\"@type\":\"ListItem\",\"position\":2,\"name\":\"Diensten\",\"item\":\"https:\/\/vermeer-rental.nl\/diensten\/\"},{\"@type\":\"ListItem\",\"position\":3,\"name\":\"Hoeflon C30E Minihijskraan\"}]},{\"@type\":\"WebSite\",\"@id\":\"https:\/\/vermeer-rental.nl\/#website\",\"url\":\"https:\/\/vermeer-rental.nl\/\",\"name\":\"Vermeer Rental & Services\",\"description\":\"Staat voor u klaar!\",\"publisher\":{\"@id\":\"https:\/\/vermeer-rental.nl\/#organization\"},\"potentialAction\":[{\"@type\":\"SearchAction\",\"target\":{\"@type\":\"EntryPoint\",\"urlTemplate\":\"https:\/\/vermeer-rental.nl\/?s={search_term_string}\"},\"query-input\":{\"@type\":\"PropertyValueSpecification\",\"valueRequired\":true,\"valueName\":\"search_term_string\"}}],\"inLanguage\":\"it-IT\"},{\"@type\":\"Organization\",\"@id\":\"https:\/\/vermeer-rental.nl\/#organization\",\"name\":\"Vermeer Rental & Services\",\"url\":\"https:\/\/vermeer-rental.nl\/\",\"logo\":{\"@type\":\"ImageObject\",\"inLanguage\":\"it-IT\",\"@id\":\"https:\/\/vermeer-rental.nl\/#\/schema\/logo\/image\/\",\"url\":\"https:\/\/vermeer-rental.nl\/wp-content\/uploads\/2023\/02\/Logo-Vermeer-Rental-RGB.png\",\"contentUrl\":\"https:\/\/vermeer-rental.nl\/wp-content\/uploads\/2023\/02\/Logo-Vermeer-Rental-RGB.png\",\"width\":800,\"height\":210,\"caption\":\"Vermeer Rental & Services\"},\"image\":{\"@id\":\"https:\/\/vermeer-rental.nl\/#\/schema\/logo\/image\/\"},\"sameAs\":[\"https:\/\/www.facebook.com\/gebrvermeerindustrialmovements\",\"https:\/\/www.linkedin.com\/company\/gebr-vermeer-transport\/\",\"https:\/\/www.instagram.com\/gebrvermeer\/\"]}]}<\/script>\n<!-- \/ Yoast SEO Premium plugin. -->","yoast_head_json":{"title":"Mini gru di sollevamento Hoeflon C30E - Noleggio e servizi Vermeer","description":"La mini gru Hoeflon C30E \u00e8 la nostra potenza assoluta: questa mini gru solleva fino a 9 tonnellate. E questo mentre il suo peso proprio \u00e8 inferiore a 9 tonnellate.","robots":{"index":"index","follow":"follow","max-snippet":"max-snippet:-1","max-image-preview":"max-image-preview:large","max-video-preview":"max-video-preview:-1"},"canonical":"https:\/\/vermeer-rental.nl\/it\/prodotto\/mini-gru-hoeflon-c30e\/","og_locale":"it_IT","og_type":"article","og_title":"Hoeflon C30E Minihijskraan","og_description":"De Hoeflon C30E minikraan is onze absolute krachtpatser: deze compactkraan tilt tot 9 ton. En dat terwijl zijn eigen gewicht nog geen 9 ton bedraagt.","og_url":"https:\/\/vermeer-rental.nl\/it\/prodotto\/mini-gru-hoeflon-c30e\/","og_site_name":"Vermeer Rental &amp; Services","article_publisher":"https:\/\/www.facebook.com\/gebrvermeerindustrialmovements","article_modified_time":"2025-06-23T22:05:23+00:00","og_image":[{"width":1024,"height":614,"url":"https:\/\/vermeer-rental.nl\/wp-content\/uploads\/2024\/08\/MM-Hoeflon-C30-1024x614.png","type":"image\/png"}],"twitter_card":"summary_large_image","twitter_misc":{"Tempo di lettura stimato":"2 minuti"},"schema":{"@context":"https:\/\/schema.org","@graph":[{"@type":"WebPage","@id":"https:\/\/vermeer-rental.nl\/product\/hoeflon-c30e-minihijskraan\/","url":"https:\/\/vermeer-rental.nl\/product\/hoeflon-c30e-minihijskraan\/","name":"Mini gru di sollevamento Hoeflon C30E - Noleggio e servizi Vermeer","isPartOf":{"@id":"https:\/\/vermeer-rental.nl\/#website"},"primaryImageOfPage":{"@id":"https:\/\/vermeer-rental.nl\/product\/hoeflon-c30e-minihijskraan\/#primaryimage"},"image":{"@id":"https:\/\/vermeer-rental.nl\/product\/hoeflon-c30e-minihijskraan\/#primaryimage"},"thumbnailUrl":"https:\/\/vermeer-rental.nl\/wp-content\/uploads\/2024\/08\/2.png","datePublished":"2024-08-29T19:25:20+00:00","dateModified":"2025-06-23T22:05:23+00:00","description":"La mini gru Hoeflon C30E \u00e8 la nostra potenza assoluta: questa mini gru solleva fino a 9 tonnellate. E questo mentre il suo peso proprio \u00e8 inferiore a 9 tonnellate.","breadcrumb":{"@id":"https:\/\/vermeer-rental.nl\/product\/hoeflon-c30e-minihijskraan\/#breadcrumb"},"inLanguage":"it-IT","potentialAction":[{"@type":"ReadAction","target":["https:\/\/vermeer-rental.nl\/product\/hoeflon-c30e-minihijskraan\/"]}]},{"@type":"ImageObject","inLanguage":"it-IT","@id":"https:\/\/vermeer-rental.nl\/product\/hoeflon-c30e-minihijskraan\/#primaryimage","url":"https:\/\/vermeer-rental.nl\/wp-content\/uploads\/2024\/08\/2.png","contentUrl":"https:\/\/vermeer-rental.nl\/wp-content\/uploads\/2024\/08\/2.png","width":2025,"height":2025,"caption":"De krachtige en compacte Hoeflon C30E is ideaal voor hijswerk in krappe ruimtes."},{"@type":"BreadcrumbList","@id":"https:\/\/vermeer-rental.nl\/product\/hoeflon-c30e-minihijskraan\/#breadcrumb","itemListElement":[{"@type":"ListItem","position":1,"name":"Home","item":"https:\/\/vermeer-rental.nl\/"},{"@type":"ListItem","position":2,"name":"Diensten","item":"https:\/\/vermeer-rental.nl\/diensten\/"},{"@type":"ListItem","position":3,"name":"Hoeflon C30E Minihijskraan"}]},{"@type":"WebSite","@id":"https:\/\/vermeer-rental.nl\/#website","url":"https:\/\/vermeer-rental.nl\/","name":"Noleggio e servizi Vermeer","description":"In attesa!","publisher":{"@id":"https:\/\/vermeer-rental.nl\/#organization"},"potentialAction":[{"@type":"SearchAction","target":{"@type":"EntryPoint","urlTemplate":"https:\/\/vermeer-rental.nl\/?s={search_term_string}"},"query-input":{"@type":"PropertyValueSpecification","valueRequired":true,"valueName":"search_term_string"}}],"inLanguage":"it-IT"},{"@type":"Organization","@id":"https:\/\/vermeer-rental.nl\/#organization","name":"Noleggio e servizi Vermeer","url":"https:\/\/vermeer-rental.nl\/","logo":{"@type":"ImageObject","inLanguage":"it-IT","@id":"https:\/\/vermeer-rental.nl\/#\/schema\/logo\/image\/","url":"https:\/\/vermeer-rental.nl\/wp-content\/uploads\/2023\/02\/Logo-Vermeer-Rental-RGB.png","contentUrl":"https:\/\/vermeer-rental.nl\/wp-content\/uploads\/2023\/02\/Logo-Vermeer-Rental-RGB.png","width":800,"height":210,"caption":"Vermeer Rental & Services"},"image":{"@id":"https:\/\/vermeer-rental.nl\/#\/schema\/logo\/image\/"},"sameAs":["https:\/\/www.facebook.com\/gebrvermeerindustrialmovements","https:\/\/www.linkedin.com\/company\/gebr-vermeer-transport\/","https:\/\/www.instagram.com\/gebrvermeer\/"]}]}},"_links":{"self":[{"href":"https:\/\/vermeer-rental.nl\/it\/wp-json\/wp\/v2\/product\/2165","targetHints":{"allow":["GET"]}}],"collection":[{"href":"https:\/\/vermeer-rental.nl\/it\/wp-json\/wp\/v2\/product"}],"about":[{"href":"https:\/\/vermeer-rental.nl\/it\/wp-json\/wp\/v2\/types\/product"}],"replies":[{"embeddable":true,"href":"https:\/\/vermeer-rental.nl\/it\/wp-json\/wp\/v2\/comments?post=2165"}],"wp:featuredmedia":[{"embeddable":true,"href":"https:\/\/vermeer-rental.nl\/it\/wp-json\/wp\/v2\/media\/2230"}],"wp:attachment":[{"href":"https:\/\/vermeer-rental.nl\/it\/wp-json\/wp\/v2\/media?parent=2165"}],"wp:term":[{"taxonomy":"product_brand","embeddable":true,"href":"https:\/\/vermeer-rental.nl\/it\/wp-json\/wp\/v2\/product_brand?post=2165"},{"taxonomy":"product_cat","embeddable":true,"href":"https:\/\/vermeer-rental.nl\/it\/wp-json\/wp\/v2\/product_cat?post=2165"},{"taxonomy":"product_tag","embeddable":true,"href":"https:\/\/vermeer-rental.nl\/it\/wp-json\/wp\/v2\/product_tag?post=2165"}],"curies":[{"name":"wp","href":"https:\/\/api.w.org\/{rel}","templated":true}]}}