{"id":2162,"date":"2024-08-29T21:05:54","date_gmt":"2024-08-29T19:05:54","guid":{"rendered":"https:\/\/vermeer-rental.nl\/?post_type=product&#038;p=2162"},"modified":"2024-12-03T11:14:36","modified_gmt":"2024-12-03T10:14:36","slug":"minicrane-hoeflon-c10e","status":"publish","type":"product","link":"https:\/\/vermeer-rental.nl\/it\/product\/minihijskraan-hoeflon-c10e\/","title":{"rendered":"Hoeflon C10E Minicrane"},"content":{"rendered":"<h3>Krachtige &amp; Wendbare Minihijskraan: de Hoeflon C10E<\/h3>\n<div class=\"group\/conversation-turn relative flex w-full min-w-0 flex-col agent-turn\">\n<div class=\"flex-col gap-1 md:gap-3\">\n<div class=\"flex max-w-full flex-col flex-grow\">\n<div class=\"min-h-8 text-message flex w-full flex-col items-end gap-2 whitespace-normal break-words [.text-message+&amp;]:mt-5\" dir=\"auto\" data-message-author-role=\"assistant\" data-message-id=\"aca8629f-c145-4cd0-998f-8a22e8502fae\" data-message-model-slug=\"gpt-4o\">\n<div class=\"flex w-full flex-col gap-1 empty:hidden first:pt-[3px]\">\n<div class=\"markdown prose w-full break-words dark:prose-invert light\">\n<p>De Hoeflon C10E is een compacte, elektrisch aangedreven minihijskraan, ontworpen voor zware hijsklussen in uitdagende omgevingen. Als de op \u00e9\u00e9n na grootste minihijskraan in ons assortiment is de Hoeflon C10E perfect voor het tillen en verplaatsen van zware materialen in moeilijk bereikbare plaatsen en krappe ruimtes.<\/p>\n<\/div>\n<\/div>\n<\/div>\n<\/div>\n<\/div>\n<\/div>\n<p>De belangrijkste voordelen van de Hoeflon C10E op een rijtje:<\/p>\n<ul>\n<li><strong>Volledig Elektrisch Aangedreven:<\/strong> De Hoeflon C10E werkt 100% elektrisch, wat resulteert in een milieuvriendelijke, stille en effici\u00ebnte werking.<\/li>\n<li><strong>Vloervriendelijke Rupsbanden:<\/strong> De rupsbanden laten geen sporen achter, waardoor vloeren schoon blijven.<\/li>\n<li><strong>Verstelbare Rupsbreedte:<\/strong> Dankzij de verstelbare rupsbreedte manoeuvreert de Hoeflon C10E met gemak door smalle doorgangen en nauwe ruimtes.<\/li>\n<li><strong>Indrukwekkende Hefhoogte:<\/strong> De Hoeflon C10E bereikt hoogtes tot wel 22 meter, wat flexibiliteit biedt voor een breed scala aan hijstoepassingen.<\/li>\n<li><strong>Wendbaarheid en Precisie:<\/strong> De minihijskraan is uitgerust met drie versnellingen, waardoor u de kraan met uiterste nauwkeurig kunt bedienen.<\/li>\n<li><strong>Radiografische Afstandsbediening:<\/strong> De afstandsbediening met ge\u00efntegreerd scherm maakt continue monitoring van de kraanstatus mogelijk voor een veilige en effici\u00ebnte bediening.<\/li>\n<\/ul>\n<p>Compact, krachtig en veelzijdig, de Hoeflon C10E minihijskraan is de ideale oplossing voor veeleisende industri\u00eble hijstoepassingen.<\/p>\n","protected":false},"excerpt":{"rendered":"<p><strong>Il potente tuttofare<\/strong><\/p>\n<p>La mini gru Hoeflon C10e \u00e8 la nostra potenza assoluta: questa gru compatta solleva fino a 4 tonnellate. E questo mentre il suo peso \u00e8 inferiore a 5 tonnellate. I chili non si notano: questa centrale elettrica \u00e8 anche abbastanza sottile da passare attraverso qualsiasi porta.<\/p>\n<form action=\"https:\/\/vermeer-rental.nl\/wp-content\/uploads\/2024\/08\/C10e-brochure-NL.pdf\" data-trp-original-action=\"https:\/\/vermeer-rental.nl\/wp-content\/uploads\/2024\/08\/C10e-brochure-NL.pdf\"><button class=\"pdf-button\" type=\"submit\">Dati tecnici<\/button><input type=\"hidden\" name=\"trp-form-language\" value=\"it\"\/><\/form>","protected":false},"featured_media":2227,"comment_status":"closed","ping_status":"closed","template":"","meta":{"om_disable_all_campaigns":false,"_monsterinsights_skip_tracking":false,"_monsterinsights_sitenote_active":false,"_monsterinsights_sitenote_note":"","_monsterinsights_sitenote_category":0},"product_brand":[],"product_cat":[403],"product_tag":[],"class_list":{"0":"post-2162","1":"product","2":"type-product","3":"status-publish","4":"has-post-thumbnail","6":"product_cat-minihijskranen-compacte-hijskraan-kleine-hijskraan","8":"first","9":"instock","10":"shipping-taxable","11":"purchasable","12":"product-type-simple"},"yoast_head":"<!-- This site is optimized with the Yoast SEO Premium plugin v23.3 (Yoast SEO v27.2) - https:\/\/yoast.com\/product\/yoast-seo-premium-wordpress\/ -->\n<title>Hoeflon C10E Minihijskraan - Vermeer Rental &amp; Services<\/title>\n<meta name=\"description\" content=\"De Hoeflon C10E is een krachtige, wendbare minihijskraan. Volledig elektrisch! Informeer naar de mogelijkheden of kijk naar onze andere minihijskranen.\" \/>\n<meta name=\"robots\" content=\"index, follow, max-snippet:-1, max-image-preview:large, max-video-preview:-1\" \/>\n<link rel=\"canonical\" href=\"https:\/\/vermeer-rental.nl\/it\/prodotto\/minicrane-hoeflon-c10e\/\" \/>\n<meta property=\"og:locale\" content=\"it_IT\" \/>\n<meta property=\"og:type\" content=\"article\" \/>\n<meta property=\"og:title\" content=\"Hoeflon C10E Minihijskraan\" \/>\n<meta property=\"og:description\" content=\"De Hoeflon C10E is een krachtige, wendbare minihijskraan.\" \/>\n<meta property=\"og:url\" content=\"https:\/\/vermeer-rental.nl\/it\/prodotto\/minicrane-hoeflon-c10e\/\" \/>\n<meta property=\"og:site_name\" content=\"Vermeer Rental &amp; Services\" \/>\n<meta property=\"article:publisher\" content=\"https:\/\/www.facebook.com\/gebrvermeerindustrialmovements\" \/>\n<meta property=\"article:modified_time\" content=\"2024-12-03T10:14:36+00:00\" \/>\n<meta property=\"og:image\" content=\"https:\/\/vermeer-rental.nl\/wp-content\/uploads\/2024\/08\/MM-Hoeflon-C10.png\" \/>\n\t<meta property=\"og:image:width\" content=\"1217\" \/>\n\t<meta property=\"og:image:height\" content=\"630\" \/>\n\t<meta property=\"og:image:type\" content=\"image\/png\" \/>\n<meta name=\"twitter:card\" content=\"summary_large_image\" \/>\n<meta name=\"twitter:label1\" content=\"Tempo di lettura stimato\" \/>\n\t<meta name=\"twitter:data1\" content=\"2 minuti\" \/>\n<script type=\"application\/ld+json\" class=\"yoast-schema-graph\">{\"@context\":\"https:\/\/schema.org\",\"@graph\":[{\"@type\":\"WebPage\",\"@id\":\"https:\/\/vermeer-rental.nl\/product\/minihijskraan-hoeflon-c10e\/\",\"url\":\"https:\/\/vermeer-rental.nl\/product\/minihijskraan-hoeflon-c10e\/\",\"name\":\"Hoeflon C10E Minihijskraan - Vermeer Rental &amp; Services\",\"isPartOf\":{\"@id\":\"https:\/\/vermeer-rental.nl\/#website\"},\"primaryImageOfPage\":{\"@id\":\"https:\/\/vermeer-rental.nl\/product\/minihijskraan-hoeflon-c10e\/#primaryimage\"},\"image\":{\"@id\":\"https:\/\/vermeer-rental.nl\/product\/minihijskraan-hoeflon-c10e\/#primaryimage\"},\"thumbnailUrl\":\"https:\/\/vermeer-rental.nl\/wp-content\/uploads\/2024\/08\/1.png\",\"datePublished\":\"2024-08-29T19:05:54+00:00\",\"dateModified\":\"2024-12-03T10:14:36+00:00\",\"description\":\"De Hoeflon C10E is een krachtige, wendbare minihijskraan. Volledig elektrisch! Informeer naar de mogelijkheden of kijk naar onze andere minihijskranen.\",\"breadcrumb\":{\"@id\":\"https:\/\/vermeer-rental.nl\/product\/minihijskraan-hoeflon-c10e\/#breadcrumb\"},\"inLanguage\":\"it-IT\",\"potentialAction\":[{\"@type\":\"ReadAction\",\"target\":[\"https:\/\/vermeer-rental.nl\/product\/minihijskraan-hoeflon-c10e\/\"]}]},{\"@type\":\"ImageObject\",\"inLanguage\":\"it-IT\",\"@id\":\"https:\/\/vermeer-rental.nl\/product\/minihijskraan-hoeflon-c10e\/#primaryimage\",\"url\":\"https:\/\/vermeer-rental.nl\/wp-content\/uploads\/2024\/08\/1.png\",\"contentUrl\":\"https:\/\/vermeer-rental.nl\/wp-content\/uploads\/2024\/08\/1.png\",\"width\":2025,\"height\":2025,\"caption\":\"Minihijskraan Hoeflon C10\"},{\"@type\":\"BreadcrumbList\",\"@id\":\"https:\/\/vermeer-rental.nl\/product\/minihijskraan-hoeflon-c10e\/#breadcrumb\",\"itemListElement\":[{\"@type\":\"ListItem\",\"position\":1,\"name\":\"Home\",\"item\":\"https:\/\/vermeer-rental.nl\/\"},{\"@type\":\"ListItem\",\"position\":2,\"name\":\"Diensten\",\"item\":\"https:\/\/vermeer-rental.nl\/diensten\/\"},{\"@type\":\"ListItem\",\"position\":3,\"name\":\"Hoeflon C10E Minihijskraan\"}]},{\"@type\":\"WebSite\",\"@id\":\"https:\/\/vermeer-rental.nl\/#website\",\"url\":\"https:\/\/vermeer-rental.nl\/\",\"name\":\"Vermeer Rental & Services\",\"description\":\"Staat voor u klaar!\",\"publisher\":{\"@id\":\"https:\/\/vermeer-rental.nl\/#organization\"},\"potentialAction\":[{\"@type\":\"SearchAction\",\"target\":{\"@type\":\"EntryPoint\",\"urlTemplate\":\"https:\/\/vermeer-rental.nl\/?s={search_term_string}\"},\"query-input\":{\"@type\":\"PropertyValueSpecification\",\"valueRequired\":true,\"valueName\":\"search_term_string\"}}],\"inLanguage\":\"it-IT\"},{\"@type\":\"Organization\",\"@id\":\"https:\/\/vermeer-rental.nl\/#organization\",\"name\":\"Vermeer Rental & Services\",\"url\":\"https:\/\/vermeer-rental.nl\/\",\"logo\":{\"@type\":\"ImageObject\",\"inLanguage\":\"it-IT\",\"@id\":\"https:\/\/vermeer-rental.nl\/#\/schema\/logo\/image\/\",\"url\":\"https:\/\/vermeer-rental.nl\/wp-content\/uploads\/2023\/02\/Logo-Vermeer-Rental-RGB.png\",\"contentUrl\":\"https:\/\/vermeer-rental.nl\/wp-content\/uploads\/2023\/02\/Logo-Vermeer-Rental-RGB.png\",\"width\":800,\"height\":210,\"caption\":\"Vermeer Rental & Services\"},\"image\":{\"@id\":\"https:\/\/vermeer-rental.nl\/#\/schema\/logo\/image\/\"},\"sameAs\":[\"https:\/\/www.facebook.com\/gebrvermeerindustrialmovements\",\"https:\/\/www.linkedin.com\/company\/gebr-vermeer-transport\/\",\"https:\/\/www.instagram.com\/gebrvermeer\/\"]}]}<\/script>\n<!-- \/ Yoast SEO Premium plugin. -->","yoast_head_json":{"title":"Mini gru di sollevamento Hoeflon C10E - Noleggio e servizi Vermeer","description":"La Hoeflon C10E \u00e8 una mini gru potente e maneggevole. Completamente elettrica! Chiedete informazioni sulle possibilit\u00e0 o date un'occhiata alle altre nostre minigru.","robots":{"index":"index","follow":"follow","max-snippet":"max-snippet:-1","max-image-preview":"max-image-preview:large","max-video-preview":"max-video-preview:-1"},"canonical":"https:\/\/vermeer-rental.nl\/it\/prodotto\/minicrane-hoeflon-c10e\/","og_locale":"it_IT","og_type":"article","og_title":"Hoeflon C10E Minihijskraan","og_description":"De Hoeflon C10E is een krachtige, wendbare minihijskraan.","og_url":"https:\/\/vermeer-rental.nl\/it\/prodotto\/minicrane-hoeflon-c10e\/","og_site_name":"Vermeer Rental &amp; Services","article_publisher":"https:\/\/www.facebook.com\/gebrvermeerindustrialmovements","article_modified_time":"2024-12-03T10:14:36+00:00","og_image":[{"width":1217,"height":630,"url":"https:\/\/vermeer-rental.nl\/wp-content\/uploads\/2024\/08\/MM-Hoeflon-C10.png","type":"image\/png"}],"twitter_card":"summary_large_image","twitter_misc":{"Tempo di lettura stimato":"2 minuti"},"schema":{"@context":"https:\/\/schema.org","@graph":[{"@type":"WebPage","@id":"https:\/\/vermeer-rental.nl\/product\/minihijskraan-hoeflon-c10e\/","url":"https:\/\/vermeer-rental.nl\/product\/minihijskraan-hoeflon-c10e\/","name":"Mini gru di sollevamento Hoeflon C10E - Noleggio e servizi Vermeer","isPartOf":{"@id":"https:\/\/vermeer-rental.nl\/#website"},"primaryImageOfPage":{"@id":"https:\/\/vermeer-rental.nl\/product\/minihijskraan-hoeflon-c10e\/#primaryimage"},"image":{"@id":"https:\/\/vermeer-rental.nl\/product\/minihijskraan-hoeflon-c10e\/#primaryimage"},"thumbnailUrl":"https:\/\/vermeer-rental.nl\/wp-content\/uploads\/2024\/08\/1.png","datePublished":"2024-08-29T19:05:54+00:00","dateModified":"2024-12-03T10:14:36+00:00","description":"La Hoeflon C10E \u00e8 una mini gru potente e maneggevole. Completamente elettrica! Chiedete informazioni sulle possibilit\u00e0 o date un'occhiata alle altre nostre minigru.","breadcrumb":{"@id":"https:\/\/vermeer-rental.nl\/product\/minihijskraan-hoeflon-c10e\/#breadcrumb"},"inLanguage":"it-IT","potentialAction":[{"@type":"ReadAction","target":["https:\/\/vermeer-rental.nl\/product\/minihijskraan-hoeflon-c10e\/"]}]},{"@type":"ImageObject","inLanguage":"it-IT","@id":"https:\/\/vermeer-rental.nl\/product\/minihijskraan-hoeflon-c10e\/#primaryimage","url":"https:\/\/vermeer-rental.nl\/wp-content\/uploads\/2024\/08\/1.png","contentUrl":"https:\/\/vermeer-rental.nl\/wp-content\/uploads\/2024\/08\/1.png","width":2025,"height":2025,"caption":"Minihijskraan Hoeflon C10"},{"@type":"BreadcrumbList","@id":"https:\/\/vermeer-rental.nl\/product\/minihijskraan-hoeflon-c10e\/#breadcrumb","itemListElement":[{"@type":"ListItem","position":1,"name":"Home","item":"https:\/\/vermeer-rental.nl\/"},{"@type":"ListItem","position":2,"name":"Diensten","item":"https:\/\/vermeer-rental.nl\/diensten\/"},{"@type":"ListItem","position":3,"name":"Hoeflon C10E Minihijskraan"}]},{"@type":"WebSite","@id":"https:\/\/vermeer-rental.nl\/#website","url":"https:\/\/vermeer-rental.nl\/","name":"Noleggio e servizi Vermeer","description":"In attesa!","publisher":{"@id":"https:\/\/vermeer-rental.nl\/#organization"},"potentialAction":[{"@type":"SearchAction","target":{"@type":"EntryPoint","urlTemplate":"https:\/\/vermeer-rental.nl\/?s={search_term_string}"},"query-input":{"@type":"PropertyValueSpecification","valueRequired":true,"valueName":"search_term_string"}}],"inLanguage":"it-IT"},{"@type":"Organization","@id":"https:\/\/vermeer-rental.nl\/#organization","name":"Noleggio e servizi Vermeer","url":"https:\/\/vermeer-rental.nl\/","logo":{"@type":"ImageObject","inLanguage":"it-IT","@id":"https:\/\/vermeer-rental.nl\/#\/schema\/logo\/image\/","url":"https:\/\/vermeer-rental.nl\/wp-content\/uploads\/2023\/02\/Logo-Vermeer-Rental-RGB.png","contentUrl":"https:\/\/vermeer-rental.nl\/wp-content\/uploads\/2023\/02\/Logo-Vermeer-Rental-RGB.png","width":800,"height":210,"caption":"Vermeer Rental & Services"},"image":{"@id":"https:\/\/vermeer-rental.nl\/#\/schema\/logo\/image\/"},"sameAs":["https:\/\/www.facebook.com\/gebrvermeerindustrialmovements","https:\/\/www.linkedin.com\/company\/gebr-vermeer-transport\/","https:\/\/www.instagram.com\/gebrvermeer\/"]}]}},"_links":{"self":[{"href":"https:\/\/vermeer-rental.nl\/it\/wp-json\/wp\/v2\/product\/2162","targetHints":{"allow":["GET"]}}],"collection":[{"href":"https:\/\/vermeer-rental.nl\/it\/wp-json\/wp\/v2\/product"}],"about":[{"href":"https:\/\/vermeer-rental.nl\/it\/wp-json\/wp\/v2\/types\/product"}],"replies":[{"embeddable":true,"href":"https:\/\/vermeer-rental.nl\/it\/wp-json\/wp\/v2\/comments?post=2162"}],"wp:featuredmedia":[{"embeddable":true,"href":"https:\/\/vermeer-rental.nl\/it\/wp-json\/wp\/v2\/media\/2227"}],"wp:attachment":[{"href":"https:\/\/vermeer-rental.nl\/it\/wp-json\/wp\/v2\/media?parent=2162"}],"wp:term":[{"taxonomy":"product_brand","embeddable":true,"href":"https:\/\/vermeer-rental.nl\/it\/wp-json\/wp\/v2\/product_brand?post=2162"},{"taxonomy":"product_cat","embeddable":true,"href":"https:\/\/vermeer-rental.nl\/it\/wp-json\/wp\/v2\/product_cat?post=2162"},{"taxonomy":"product_tag","embeddable":true,"href":"https:\/\/vermeer-rental.nl\/it\/wp-json\/wp\/v2\/product_tag?post=2162"}],"curies":[{"name":"wp","href":"https:\/\/api.w.org\/{rel}","templated":true}]}}