{"id":2158,"date":"2024-08-29T20:32:24","date_gmt":"2024-08-29T18:32:24","guid":{"rendered":"https:\/\/vermeer-rental.nl\/?post_type=product&#038;p=2158"},"modified":"2024-12-03T11:13:27","modified_gmt":"2024-12-03T10:13:27","slug":"minicrane-hoeflon-c6e","status":"publish","type":"product","link":"https:\/\/vermeer-rental.nl\/it\/product\/minihijskraan-hoeflon-c6e\/","title":{"rendered":"Hoeflon C6E Minicrane"},"content":{"rendered":"<p><strong>Minicrane completamente elettriche: Hoeflon C6E<br \/>\n<\/strong><\/p>\n<p>La Hoeflon C6E \u00e8 la nostra mini gru pi\u00f9 compatta ma estremamente potente. Questo la rende estremamente adatta a svolgere lavori pesanti negli spazi pi\u00f9 ristretti. Questa mini gru pu\u00f2 persino sollevare pi\u00f9 del suo stesso peso.<\/p>\n<p>I principali vantaggi di Hoeflon C6E in sintesi:<\/p>\n<ul>\n<li><strong>Completamente elettrico:<\/strong> L'Hoeflon C6E \u00e8 alimentato elettricamente, garantendo un funzionamento ecologico, silenzioso ed efficiente.<\/li>\n<li><strong>Altezza di sollevamento impressionante:<\/strong> L'Hoeflon C6E ha un'altezza massima di sollevamento di ben 17 metri, e senza jib raggiunge un'altezza di 11,5 metri.<\/li>\n<li><strong>Caterpillar amico dei pavimenti:<\/strong> La mini gru si muove senza fatica su superfici irregolari e ruvide grazie ai suoi cingoli, che non lasciano segni o danni sui pavimenti finiti, ideali per il sollevamento in interni.<\/li>\n<li><b>Agilit\u00e0 e precisione: <\/b>Per un controllo e una precisione ottimali, la mini gru \u00e8 dotata di due ingranaggi.<\/li>\n<li><strong>Radiocomando: <\/strong>Il telecomando con display integrato consente di monitorare costantemente lo stato della gru per un funzionamento sicuro ed efficiente.<\/li>\n<li><strong>Si adatta a tutte le porte:<\/strong> Grazie al suo design compatto, Hoeflon C6E pu\u00f2 entrare anche dalla porta di casa.<\/li>\n<\/ul>\n<p>L'Hoeflon C6E \u00e8 la soluzione per un sollevamento potente, efficiente e preciso in spazi estremamente ristretti!<\/p>","protected":false},"excerpt":{"rendered":"<p><strong>Unico tuttofare<\/strong><\/p>\n<p>La mini gru C6e \u00e8 il modello tuttofare tra le gru compatte di Hoeflon. Questo modello ha un'elevata capacit\u00e0 di sollevamento fino a 3000 kg e un'altezza massima di sollevamento di 16 metri. In opzione \u00e8 disponibile un Fly Jib di 4,3 metri. Gli stabilizzatori rotanti assicurano che la gru sia sempre in posizione stabile e ottimale. Questa gru pu\u00f2 sollevare pi\u00f9 del suo stesso peso ed \u00e8 quindi unica nel suo genere.<\/p>\n<form action=\"https:\/\/vermeer-rental.nl\/wp-content\/uploads\/2024\/08\/Brochure-C6e-NL.pdf-1.pdf\" data-trp-original-action=\"https:\/\/vermeer-rental.nl\/wp-content\/uploads\/2024\/08\/Brochure-C6e-NL.pdf-1.pdf\"><button class=\"pdf-button\" type=\"submit\">Dati tecnici<\/button><input type=\"hidden\" name=\"trp-form-language\" value=\"it\"\/><\/form>","protected":false},"featured_media":2233,"comment_status":"closed","ping_status":"closed","template":"","meta":{"om_disable_all_campaigns":false,"_monsterinsights_skip_tracking":false,"_monsterinsights_sitenote_active":false,"_monsterinsights_sitenote_note":"","_monsterinsights_sitenote_category":0},"product_brand":[],"product_cat":[403],"product_tag":[],"class_list":{"0":"post-2158","1":"product","2":"type-product","3":"status-publish","4":"has-post-thumbnail","6":"product_cat-minihijskranen-compacte-hijskraan-kleine-hijskraan","8":"first","9":"instock","10":"shipping-taxable","11":"purchasable","12":"product-type-simple"},"yoast_head":"<!-- This site is optimized with the Yoast SEO Premium plugin v23.3 (Yoast SEO v27.2) - https:\/\/yoast.com\/product\/yoast-seo-premium-wordpress\/ -->\n<title>Hoeflon C6E Minihijskraan - Vermeer Rental &amp; Services<\/title>\n<meta name=\"description\" content=\"De Hoeflon C6E minihijskraan werkt volledig elektrisch, tot wel 8 uur op een acculading! Informeer naar de mogelijkheden of kijk naar onze alternatieven.\" \/>\n<meta name=\"robots\" content=\"index, follow, max-snippet:-1, max-image-preview:large, max-video-preview:-1\" \/>\n<link rel=\"canonical\" href=\"https:\/\/vermeer-rental.nl\/it\/prodotto\/minicrane-hoeflon-c6e\/\" \/>\n<meta property=\"og:locale\" content=\"it_IT\" \/>\n<meta property=\"og:type\" content=\"article\" \/>\n<meta property=\"og:title\" content=\"Hoeflon C6E Minihijskraan\" \/>\n<meta property=\"og:description\" content=\"De Hoeflon C6E minihijskraan werkt volledig elektrisch, tot wel 8 uur op een acculading! Informeer naar de mogelijkheden of kijk naar onze alternatieven.\" \/>\n<meta property=\"og:url\" content=\"https:\/\/vermeer-rental.nl\/it\/prodotto\/minicrane-hoeflon-c6e\/\" \/>\n<meta property=\"og:site_name\" content=\"Vermeer Rental &amp; Services\" \/>\n<meta property=\"article:publisher\" content=\"https:\/\/www.facebook.com\/gebrvermeerindustrialmovements\" \/>\n<meta property=\"article:modified_time\" content=\"2024-12-03T10:13:27+00:00\" \/>\n<meta property=\"og:image\" content=\"https:\/\/vermeer-rental.nl\/wp-content\/uploads\/2024\/08\/3-1024x1024.png\" \/>\n\t<meta property=\"og:image:width\" content=\"1024\" \/>\n\t<meta property=\"og:image:height\" content=\"1024\" \/>\n\t<meta property=\"og:image:type\" content=\"image\/png\" \/>\n<meta name=\"twitter:card\" content=\"summary_large_image\" \/>\n<meta name=\"twitter:label1\" content=\"Tempo di lettura stimato\" \/>\n\t<meta name=\"twitter:data1\" content=\"2 minuti\" \/>\n<script type=\"application\/ld+json\" class=\"yoast-schema-graph\">{\"@context\":\"https:\/\/schema.org\",\"@graph\":[{\"@type\":\"WebPage\",\"@id\":\"https:\/\/vermeer-rental.nl\/product\/minihijskraan-hoeflon-c6e\/\",\"url\":\"https:\/\/vermeer-rental.nl\/product\/minihijskraan-hoeflon-c6e\/\",\"name\":\"Hoeflon C6E Minihijskraan - Vermeer Rental &amp; Services\",\"isPartOf\":{\"@id\":\"https:\/\/vermeer-rental.nl\/#website\"},\"primaryImageOfPage\":{\"@id\":\"https:\/\/vermeer-rental.nl\/product\/minihijskraan-hoeflon-c6e\/#primaryimage\"},\"image\":{\"@id\":\"https:\/\/vermeer-rental.nl\/product\/minihijskraan-hoeflon-c6e\/#primaryimage\"},\"thumbnailUrl\":\"https:\/\/vermeer-rental.nl\/wp-content\/uploads\/2024\/08\/3.png\",\"datePublished\":\"2024-08-29T18:32:24+00:00\",\"dateModified\":\"2024-12-03T10:13:27+00:00\",\"description\":\"De Hoeflon C6E minihijskraan werkt volledig elektrisch, tot wel 8 uur op een acculading! Informeer naar de mogelijkheden of kijk naar onze alternatieven.\",\"breadcrumb\":{\"@id\":\"https:\/\/vermeer-rental.nl\/product\/minihijskraan-hoeflon-c6e\/#breadcrumb\"},\"inLanguage\":\"it-IT\",\"potentialAction\":[{\"@type\":\"ReadAction\",\"target\":[\"https:\/\/vermeer-rental.nl\/product\/minihijskraan-hoeflon-c6e\/\"]}]},{\"@type\":\"ImageObject\",\"inLanguage\":\"it-IT\",\"@id\":\"https:\/\/vermeer-rental.nl\/product\/minihijskraan-hoeflon-c6e\/#primaryimage\",\"url\":\"https:\/\/vermeer-rental.nl\/wp-content\/uploads\/2024\/08\/3.png\",\"contentUrl\":\"https:\/\/vermeer-rental.nl\/wp-content\/uploads\/2024\/08\/3.png\",\"width\":2025,\"height\":2025,\"caption\":\"Hoeflon C6E -Minihijskraan\"},{\"@type\":\"BreadcrumbList\",\"@id\":\"https:\/\/vermeer-rental.nl\/product\/minihijskraan-hoeflon-c6e\/#breadcrumb\",\"itemListElement\":[{\"@type\":\"ListItem\",\"position\":1,\"name\":\"Home\",\"item\":\"https:\/\/vermeer-rental.nl\/\"},{\"@type\":\"ListItem\",\"position\":2,\"name\":\"Diensten\",\"item\":\"https:\/\/vermeer-rental.nl\/diensten\/\"},{\"@type\":\"ListItem\",\"position\":3,\"name\":\"Hoeflon C6E Minihijskraan\"}]},{\"@type\":\"WebSite\",\"@id\":\"https:\/\/vermeer-rental.nl\/#website\",\"url\":\"https:\/\/vermeer-rental.nl\/\",\"name\":\"Vermeer Rental & Services\",\"description\":\"Staat voor u klaar!\",\"publisher\":{\"@id\":\"https:\/\/vermeer-rental.nl\/#organization\"},\"potentialAction\":[{\"@type\":\"SearchAction\",\"target\":{\"@type\":\"EntryPoint\",\"urlTemplate\":\"https:\/\/vermeer-rental.nl\/?s={search_term_string}\"},\"query-input\":{\"@type\":\"PropertyValueSpecification\",\"valueRequired\":true,\"valueName\":\"search_term_string\"}}],\"inLanguage\":\"it-IT\"},{\"@type\":\"Organization\",\"@id\":\"https:\/\/vermeer-rental.nl\/#organization\",\"name\":\"Vermeer Rental & Services\",\"url\":\"https:\/\/vermeer-rental.nl\/\",\"logo\":{\"@type\":\"ImageObject\",\"inLanguage\":\"it-IT\",\"@id\":\"https:\/\/vermeer-rental.nl\/#\/schema\/logo\/image\/\",\"url\":\"https:\/\/vermeer-rental.nl\/wp-content\/uploads\/2023\/02\/Logo-Vermeer-Rental-RGB.png\",\"contentUrl\":\"https:\/\/vermeer-rental.nl\/wp-content\/uploads\/2023\/02\/Logo-Vermeer-Rental-RGB.png\",\"width\":800,\"height\":210,\"caption\":\"Vermeer Rental & Services\"},\"image\":{\"@id\":\"https:\/\/vermeer-rental.nl\/#\/schema\/logo\/image\/\"},\"sameAs\":[\"https:\/\/www.facebook.com\/gebrvermeerindustrialmovements\",\"https:\/\/www.linkedin.com\/company\/gebr-vermeer-transport\/\",\"https:\/\/www.instagram.com\/gebrvermeer\/\"]}]}<\/script>\n<!-- \/ Yoast SEO Premium plugin. -->","yoast_head_json":{"title":"Mini gru Hoeflon C6E - Noleggio e servizi Vermeer","description":"La mini gru Hoeflon C6E funziona in modo completamente elettrico, fino a 8 ore con una carica della batteria! Chiedete informazioni sulle possibilit\u00e0 o date un'occhiata alle nostre alternative.","robots":{"index":"index","follow":"follow","max-snippet":"max-snippet:-1","max-image-preview":"max-image-preview:large","max-video-preview":"max-video-preview:-1"},"canonical":"https:\/\/vermeer-rental.nl\/it\/prodotto\/minicrane-hoeflon-c6e\/","og_locale":"it_IT","og_type":"article","og_title":"Hoeflon C6E Minihijskraan","og_description":"De Hoeflon C6E minihijskraan werkt volledig elektrisch, tot wel 8 uur op een acculading! Informeer naar de mogelijkheden of kijk naar onze alternatieven.","og_url":"https:\/\/vermeer-rental.nl\/it\/prodotto\/minicrane-hoeflon-c6e\/","og_site_name":"Vermeer Rental &amp; Services","article_publisher":"https:\/\/www.facebook.com\/gebrvermeerindustrialmovements","article_modified_time":"2024-12-03T10:13:27+00:00","og_image":[{"width":1024,"height":1024,"url":"https:\/\/vermeer-rental.nl\/wp-content\/uploads\/2024\/08\/3-1024x1024.png","type":"image\/png"}],"twitter_card":"summary_large_image","twitter_misc":{"Tempo di lettura stimato":"2 minuti"},"schema":{"@context":"https:\/\/schema.org","@graph":[{"@type":"WebPage","@id":"https:\/\/vermeer-rental.nl\/product\/minihijskraan-hoeflon-c6e\/","url":"https:\/\/vermeer-rental.nl\/product\/minihijskraan-hoeflon-c6e\/","name":"Mini gru Hoeflon C6E - Noleggio e servizi Vermeer","isPartOf":{"@id":"https:\/\/vermeer-rental.nl\/#website"},"primaryImageOfPage":{"@id":"https:\/\/vermeer-rental.nl\/product\/minihijskraan-hoeflon-c6e\/#primaryimage"},"image":{"@id":"https:\/\/vermeer-rental.nl\/product\/minihijskraan-hoeflon-c6e\/#primaryimage"},"thumbnailUrl":"https:\/\/vermeer-rental.nl\/wp-content\/uploads\/2024\/08\/3.png","datePublished":"2024-08-29T18:32:24+00:00","dateModified":"2024-12-03T10:13:27+00:00","description":"La mini gru Hoeflon C6E funziona in modo completamente elettrico, fino a 8 ore con una carica della batteria! Chiedete informazioni sulle possibilit\u00e0 o date un'occhiata alle nostre alternative.","breadcrumb":{"@id":"https:\/\/vermeer-rental.nl\/product\/minihijskraan-hoeflon-c6e\/#breadcrumb"},"inLanguage":"it-IT","potentialAction":[{"@type":"ReadAction","target":["https:\/\/vermeer-rental.nl\/product\/minihijskraan-hoeflon-c6e\/"]}]},{"@type":"ImageObject","inLanguage":"it-IT","@id":"https:\/\/vermeer-rental.nl\/product\/minihijskraan-hoeflon-c6e\/#primaryimage","url":"https:\/\/vermeer-rental.nl\/wp-content\/uploads\/2024\/08\/3.png","contentUrl":"https:\/\/vermeer-rental.nl\/wp-content\/uploads\/2024\/08\/3.png","width":2025,"height":2025,"caption":"Hoeflon C6E -Minihijskraan"},{"@type":"BreadcrumbList","@id":"https:\/\/vermeer-rental.nl\/product\/minihijskraan-hoeflon-c6e\/#breadcrumb","itemListElement":[{"@type":"ListItem","position":1,"name":"Home","item":"https:\/\/vermeer-rental.nl\/"},{"@type":"ListItem","position":2,"name":"Diensten","item":"https:\/\/vermeer-rental.nl\/diensten\/"},{"@type":"ListItem","position":3,"name":"Hoeflon C6E Minihijskraan"}]},{"@type":"WebSite","@id":"https:\/\/vermeer-rental.nl\/#website","url":"https:\/\/vermeer-rental.nl\/","name":"Noleggio e servizi Vermeer","description":"In attesa!","publisher":{"@id":"https:\/\/vermeer-rental.nl\/#organization"},"potentialAction":[{"@type":"SearchAction","target":{"@type":"EntryPoint","urlTemplate":"https:\/\/vermeer-rental.nl\/?s={search_term_string}"},"query-input":{"@type":"PropertyValueSpecification","valueRequired":true,"valueName":"search_term_string"}}],"inLanguage":"it-IT"},{"@type":"Organization","@id":"https:\/\/vermeer-rental.nl\/#organization","name":"Noleggio e servizi Vermeer","url":"https:\/\/vermeer-rental.nl\/","logo":{"@type":"ImageObject","inLanguage":"it-IT","@id":"https:\/\/vermeer-rental.nl\/#\/schema\/logo\/image\/","url":"https:\/\/vermeer-rental.nl\/wp-content\/uploads\/2023\/02\/Logo-Vermeer-Rental-RGB.png","contentUrl":"https:\/\/vermeer-rental.nl\/wp-content\/uploads\/2023\/02\/Logo-Vermeer-Rental-RGB.png","width":800,"height":210,"caption":"Vermeer Rental & Services"},"image":{"@id":"https:\/\/vermeer-rental.nl\/#\/schema\/logo\/image\/"},"sameAs":["https:\/\/www.facebook.com\/gebrvermeerindustrialmovements","https:\/\/www.linkedin.com\/company\/gebr-vermeer-transport\/","https:\/\/www.instagram.com\/gebrvermeer\/"]}]}},"_links":{"self":[{"href":"https:\/\/vermeer-rental.nl\/it\/wp-json\/wp\/v2\/product\/2158","targetHints":{"allow":["GET"]}}],"collection":[{"href":"https:\/\/vermeer-rental.nl\/it\/wp-json\/wp\/v2\/product"}],"about":[{"href":"https:\/\/vermeer-rental.nl\/it\/wp-json\/wp\/v2\/types\/product"}],"replies":[{"embeddable":true,"href":"https:\/\/vermeer-rental.nl\/it\/wp-json\/wp\/v2\/comments?post=2158"}],"wp:featuredmedia":[{"embeddable":true,"href":"https:\/\/vermeer-rental.nl\/it\/wp-json\/wp\/v2\/media\/2233"}],"wp:attachment":[{"href":"https:\/\/vermeer-rental.nl\/it\/wp-json\/wp\/v2\/media?parent=2158"}],"wp:term":[{"taxonomy":"product_brand","embeddable":true,"href":"https:\/\/vermeer-rental.nl\/it\/wp-json\/wp\/v2\/product_brand?post=2158"},{"taxonomy":"product_cat","embeddable":true,"href":"https:\/\/vermeer-rental.nl\/it\/wp-json\/wp\/v2\/product_cat?post=2158"},{"taxonomy":"product_tag","embeddable":true,"href":"https:\/\/vermeer-rental.nl\/it\/wp-json\/wp\/v2\/product_tag?post=2158"}],"curies":[{"name":"wp","href":"https:\/\/api.w.org\/{rel}","templated":true}]}}