{"id":196,"date":"2023-03-02T18:48:06","date_gmt":"2023-03-02T18:48:06","guid":{"rendered":"https:\/\/rental.daanwerkelijk.nl\/?page_id=196"},"modified":"2023-06-09T09:00:36","modified_gmt":"2023-06-09T09:00:36","slug":"etichette","status":"publish","type":"page","link":"https:\/\/vermeer-rental.nl\/it\/over-ons\/keurmerken\/","title":{"rendered":"Marchi di fabbrica"},"content":{"rendered":"<div class=\"wpb-content-wrapper\"><div class=\"vc_row wpb_row vc_row-fluid\"><div class=\"wpb_column vc_column_container vc_col-sm-12\"><div class=\"vc_column-inner\"><div class=\"wpb_wrapper\">\n\t<div class=\"wpb_text_column wpb_content_element\" >\n\t\t<div class=\"wpb_wrapper\">\n\t\t\t<h2 class=\"contact-page-title\">VCA<\/h2>\n<p>Vermeer Rental &amp; Services \u00e8 certificata SCC secondo gli standard VCA* 2017\/6.0 con certificazione Aboma.<\/p>\n<p>Per l'ambito di applicazione:<\/p>\n<ul>\n<li>Trasporto di macchinari, contenitori, impianti e pesi di prova.<\/li>\n<li>Trasporti speciali, comprese le operazioni di sollevamento con gru montate su autocarro, gru telescopiche, carrelli elevatori e carriponte.<\/li>\n<li>Noleggio di macchinari, attrezzature e container.<\/li>\n<li>Esecuzione di lavori di (de)montaggio, rigging e amove.<\/li>\n<\/ul>\n<p>I nostri collaboratori possiedono marchi di qualit\u00e0 come il certificato VCA Basic Safety o VCA for Manager. Ci\u00f2 consente loro di garantire una gestione ottimale e sicura dei vostri incarichi.<\/p>\n\n\t\t<\/div>\n\t<\/div>\n\n\t<div class=\"wpb_text_column wpb_content_element\" >\n\t\t<div class=\"wpb_wrapper\">\n\t\t\t<h2 class=\"contact-page-title\">CSR<\/h2>\n<p>Vermeer Rental &amp; Services \u00e8 alla costante ricerca di metodi nel campo della sostenibilit\u00e0 e della responsabilit\u00e0 sociale d'impresa, concentrandosi sul risparmio dell'ambiente e dei costi. Lo consideriamo un obbligo per l'ambiente attuale e per le generazioni future. Per questo motivo, i nostri carrelli sono sottoposti a un'accurata manutenzione, viene prestata molta attenzione ai pneumatici (tensionati, a risparmio di carburante e silenziosi), all'aerodinamica e investiamo continuamente in carrelli con motori economici ed ecologici. I nostri articoli a noleggio vengono rinnovati regolarmente e investiamo nelle pi\u00f9 recenti tecnologie elettriche.<\/p>\n<p>Tra tutti i nostri carrelli elevatori, molti sono alimentati elettricamente e dotati di grasso per uso alimentare, il che li rende eccellenti per il trasporto di macchinari interni ecologici. Tutte le nostre gru pick &amp; carry sono alimentate elettricamente e dotate di tecnologie all'avanguardia.<\/p>\n<p>Siamo aperti a un legame sociale tra la nostra azienda e la regione e ce ne assumiamo la responsabilit\u00e0.<\/p>\n\n\t\t<\/div>\n\t<\/div>\n\n\t<div class=\"wpb_text_column wpb_content_element\" >\n\t\t<div class=\"wpb_wrapper\">\n\t\t\t<h2 class=\"contact-page-title\">VVT riconosciuto<\/h2>\n<p>Qualit\u00e0 e sicurezza, due aspetti essenziali per Vermeer Rental &amp; Services e per i suoi clienti quando si tratta di eseguire lavori di sollevamento e sollevamento. Che si tratti di un lavoro con una gru pick &amp; carry o con un carrello elevatore, il lavoro \u00e8 completato con successo solo se \u00e8 stato eseguito non solo nei tempi e nelle specifiche concordate, ma soprattutto senza danni o incidenti.<\/p>\n\n\t\t<\/div>\n\t<\/div>\n<\/div><\/div><\/div><\/div>\n<\/div>","protected":false},"excerpt":{"rendered":"VCA Vermeer Rental &amp; Services is VCA gecertificeerd volgens de VCA* 2017\/6.0 normen bij Aboma Certification. Voor het toepassingsgebied: Transport van machines, containers, installaties en testgewichten. Speciaal transport incl. hijswerkzaamheden","protected":false},"author":6,"featured_media":0,"parent":147,"menu_order":0,"comment_status":"closed","ping_status":"closed","template":"","meta":{"om_disable_all_campaigns":false,"_monsterinsights_skip_tracking":false,"_monsterinsights_sitenote_active":false,"_monsterinsights_sitenote_note":"","_monsterinsights_sitenote_category":0,"footnotes":""},"class_list":["post-196","page","type-page","status-publish","hentry"],"yoast_head":"<!-- This site is optimized with the Yoast SEO Premium plugin v23.3 (Yoast SEO v27.2) - https:\/\/yoast.com\/product\/yoast-seo-premium-wordpress\/ -->\n<title>Keurmerken - Vermeer Rental &amp; Services<\/title>\n<meta name=\"description\" content=\"Vermeer Rental is constant op zoek naar het beste op het gebied van duurzaamheid, keurmerken &amp; maatschappelijk verantwoord ondernemen\" \/>\n<meta name=\"robots\" content=\"index, follow, max-snippet:-1, max-image-preview:large, max-video-preview:-1\" \/>\n<link rel=\"canonical\" href=\"https:\/\/vermeer-rental.nl\/it\/chi-siamo\/etichette\/\" \/>\n<meta property=\"og:locale\" content=\"it_IT\" \/>\n<meta property=\"og:type\" content=\"article\" \/>\n<meta property=\"og:title\" content=\"Keurmerken\" \/>\n<meta property=\"og:description\" content=\"Vermeer Rental is constant op zoek naar het beste op het gebied van duurzaamheid, keurmerken &amp; maatschappelijk verantwoord ondernemen\" \/>\n<meta property=\"og:url\" content=\"https:\/\/vermeer-rental.nl\/it\/chi-siamo\/etichette\/\" \/>\n<meta property=\"og:site_name\" content=\"Vermeer Rental &amp; Services\" \/>\n<meta property=\"article:publisher\" content=\"https:\/\/www.facebook.com\/gebrvermeerindustrialmovements\" \/>\n<meta property=\"article:modified_time\" content=\"2023-06-09T09:00:36+00:00\" \/>\n<meta name=\"twitter:card\" content=\"summary_large_image\" \/>\n<meta name=\"twitter:label1\" content=\"Tempo di lettura stimato\" \/>\n\t<meta name=\"twitter:data1\" content=\"2 minuti\" \/>\n<script type=\"application\/ld+json\" class=\"yoast-schema-graph\">{\"@context\":\"https:\/\/schema.org\",\"@graph\":[{\"@type\":\"WebPage\",\"@id\":\"https:\/\/vermeer-rental.nl\/over-ons\/keurmerken\/\",\"url\":\"https:\/\/vermeer-rental.nl\/over-ons\/keurmerken\/\",\"name\":\"Keurmerken - Vermeer Rental &amp; Services\",\"isPartOf\":{\"@id\":\"https:\/\/vermeer-rental.nl\/#website\"},\"datePublished\":\"2023-03-02T18:48:06+00:00\",\"dateModified\":\"2023-06-09T09:00:36+00:00\",\"description\":\"Vermeer Rental is constant op zoek naar het beste op het gebied van duurzaamheid, keurmerken & maatschappelijk verantwoord ondernemen\",\"breadcrumb\":{\"@id\":\"https:\/\/vermeer-rental.nl\/over-ons\/keurmerken\/#breadcrumb\"},\"inLanguage\":\"it-IT\",\"potentialAction\":[{\"@type\":\"ReadAction\",\"target\":[\"https:\/\/vermeer-rental.nl\/over-ons\/keurmerken\/\"]}]},{\"@type\":\"BreadcrumbList\",\"@id\":\"https:\/\/vermeer-rental.nl\/over-ons\/keurmerken\/#breadcrumb\",\"itemListElement\":[{\"@type\":\"ListItem\",\"position\":1,\"name\":\"Home\",\"item\":\"https:\/\/vermeer-rental.nl\/\"},{\"@type\":\"ListItem\",\"position\":2,\"name\":\"Over ons\",\"item\":\"https:\/\/vermeer-rental.nl\/over-ons\/\"},{\"@type\":\"ListItem\",\"position\":3,\"name\":\"Keurmerken\"}]},{\"@type\":\"WebSite\",\"@id\":\"https:\/\/vermeer-rental.nl\/#website\",\"url\":\"https:\/\/vermeer-rental.nl\/\",\"name\":\"Vermeer Rental & Services\",\"description\":\"Staat voor u klaar!\",\"publisher\":{\"@id\":\"https:\/\/vermeer-rental.nl\/#organization\"},\"potentialAction\":[{\"@type\":\"SearchAction\",\"target\":{\"@type\":\"EntryPoint\",\"urlTemplate\":\"https:\/\/vermeer-rental.nl\/?s={search_term_string}\"},\"query-input\":{\"@type\":\"PropertyValueSpecification\",\"valueRequired\":true,\"valueName\":\"search_term_string\"}}],\"inLanguage\":\"it-IT\"},{\"@type\":\"Organization\",\"@id\":\"https:\/\/vermeer-rental.nl\/#organization\",\"name\":\"Vermeer Rental & Services\",\"url\":\"https:\/\/vermeer-rental.nl\/\",\"logo\":{\"@type\":\"ImageObject\",\"inLanguage\":\"it-IT\",\"@id\":\"https:\/\/vermeer-rental.nl\/#\/schema\/logo\/image\/\",\"url\":\"https:\/\/vermeer-rental.nl\/wp-content\/uploads\/2023\/02\/Logo-Vermeer-Rental-RGB.png\",\"contentUrl\":\"https:\/\/vermeer-rental.nl\/wp-content\/uploads\/2023\/02\/Logo-Vermeer-Rental-RGB.png\",\"width\":800,\"height\":210,\"caption\":\"Vermeer Rental & Services\"},\"image\":{\"@id\":\"https:\/\/vermeer-rental.nl\/#\/schema\/logo\/image\/\"},\"sameAs\":[\"https:\/\/www.facebook.com\/gebrvermeerindustrialmovements\",\"https:\/\/www.linkedin.com\/company\/gebr-vermeer-transport\/\",\"https:\/\/www.instagram.com\/gebrvermeer\/\"]}]}<\/script>\n<!-- \/ Yoast SEO Premium plugin. -->","yoast_head_json":{"title":"Caratteristiche - Noleggio e servizi Vermeer","description":"Vermeer Rental \u00e8 costantemente alla ricerca del meglio in termini di sostenibilit\u00e0, etichette e responsabilit\u00e0 sociale d'impresa.","robots":{"index":"index","follow":"follow","max-snippet":"max-snippet:-1","max-image-preview":"max-image-preview:large","max-video-preview":"max-video-preview:-1"},"canonical":"https:\/\/vermeer-rental.nl\/it\/chi-siamo\/etichette\/","og_locale":"it_IT","og_type":"article","og_title":"Keurmerken","og_description":"Vermeer Rental is constant op zoek naar het beste op het gebied van duurzaamheid, keurmerken & maatschappelijk verantwoord ondernemen","og_url":"https:\/\/vermeer-rental.nl\/it\/chi-siamo\/etichette\/","og_site_name":"Vermeer Rental &amp; Services","article_publisher":"https:\/\/www.facebook.com\/gebrvermeerindustrialmovements","article_modified_time":"2023-06-09T09:00:36+00:00","twitter_card":"summary_large_image","twitter_misc":{"Tempo di lettura stimato":"2 minuti"},"schema":{"@context":"https:\/\/schema.org","@graph":[{"@type":"WebPage","@id":"https:\/\/vermeer-rental.nl\/over-ons\/keurmerken\/","url":"https:\/\/vermeer-rental.nl\/over-ons\/keurmerken\/","name":"Caratteristiche - Noleggio e servizi Vermeer","isPartOf":{"@id":"https:\/\/vermeer-rental.nl\/#website"},"datePublished":"2023-03-02T18:48:06+00:00","dateModified":"2023-06-09T09:00:36+00:00","description":"Vermeer Rental \u00e8 costantemente alla ricerca del meglio in termini di sostenibilit\u00e0, etichette e responsabilit\u00e0 sociale d'impresa.","breadcrumb":{"@id":"https:\/\/vermeer-rental.nl\/over-ons\/keurmerken\/#breadcrumb"},"inLanguage":"it-IT","potentialAction":[{"@type":"ReadAction","target":["https:\/\/vermeer-rental.nl\/over-ons\/keurmerken\/"]}]},{"@type":"BreadcrumbList","@id":"https:\/\/vermeer-rental.nl\/over-ons\/keurmerken\/#breadcrumb","itemListElement":[{"@type":"ListItem","position":1,"name":"Home","item":"https:\/\/vermeer-rental.nl\/"},{"@type":"ListItem","position":2,"name":"Over ons","item":"https:\/\/vermeer-rental.nl\/over-ons\/"},{"@type":"ListItem","position":3,"name":"Keurmerken"}]},{"@type":"WebSite","@id":"https:\/\/vermeer-rental.nl\/#website","url":"https:\/\/vermeer-rental.nl\/","name":"Noleggio e servizi Vermeer","description":"In attesa!","publisher":{"@id":"https:\/\/vermeer-rental.nl\/#organization"},"potentialAction":[{"@type":"SearchAction","target":{"@type":"EntryPoint","urlTemplate":"https:\/\/vermeer-rental.nl\/?s={search_term_string}"},"query-input":{"@type":"PropertyValueSpecification","valueRequired":true,"valueName":"search_term_string"}}],"inLanguage":"it-IT"},{"@type":"Organization","@id":"https:\/\/vermeer-rental.nl\/#organization","name":"Noleggio e servizi Vermeer","url":"https:\/\/vermeer-rental.nl\/","logo":{"@type":"ImageObject","inLanguage":"it-IT","@id":"https:\/\/vermeer-rental.nl\/#\/schema\/logo\/image\/","url":"https:\/\/vermeer-rental.nl\/wp-content\/uploads\/2023\/02\/Logo-Vermeer-Rental-RGB.png","contentUrl":"https:\/\/vermeer-rental.nl\/wp-content\/uploads\/2023\/02\/Logo-Vermeer-Rental-RGB.png","width":800,"height":210,"caption":"Vermeer Rental & Services"},"image":{"@id":"https:\/\/vermeer-rental.nl\/#\/schema\/logo\/image\/"},"sameAs":["https:\/\/www.facebook.com\/gebrvermeerindustrialmovements","https:\/\/www.linkedin.com\/company\/gebr-vermeer-transport\/","https:\/\/www.instagram.com\/gebrvermeer\/"]}]}},"_links":{"self":[{"href":"https:\/\/vermeer-rental.nl\/it\/wp-json\/wp\/v2\/pages\/196","targetHints":{"allow":["GET"]}}],"collection":[{"href":"https:\/\/vermeer-rental.nl\/it\/wp-json\/wp\/v2\/pages"}],"about":[{"href":"https:\/\/vermeer-rental.nl\/it\/wp-json\/wp\/v2\/types\/page"}],"author":[{"embeddable":true,"href":"https:\/\/vermeer-rental.nl\/it\/wp-json\/wp\/v2\/users\/6"}],"replies":[{"embeddable":true,"href":"https:\/\/vermeer-rental.nl\/it\/wp-json\/wp\/v2\/comments?post=196"}],"version-history":[{"count":5,"href":"https:\/\/vermeer-rental.nl\/it\/wp-json\/wp\/v2\/pages\/196\/revisions"}],"predecessor-version":[{"id":1352,"href":"https:\/\/vermeer-rental.nl\/it\/wp-json\/wp\/v2\/pages\/196\/revisions\/1352"}],"up":[{"embeddable":true,"href":"https:\/\/vermeer-rental.nl\/it\/wp-json\/wp\/v2\/pages\/147"}],"wp:attachment":[{"href":"https:\/\/vermeer-rental.nl\/it\/wp-json\/wp\/v2\/media?parent=196"}],"curies":[{"name":"wp","href":"https:\/\/api.w.org\/{rel}","templated":true}]}}