{"id":625,"date":"2023-04-30T07:52:25","date_gmt":"2023-04-30T07:52:25","guid":{"rendered":"https:\/\/vermeer-rental.nl\/?post_type=product&#038;p=625"},"modified":"2023-05-10T18:02:52","modified_gmt":"2023-05-10T18:02:52","slug":"unite-de-bureau-605-x-243-avec-deux-etages","status":"publish","type":"product","link":"https:\/\/vermeer-rental.nl\/fr\/product\/kantoorunit-605-x-243-met-twee-verdiepingen\/","title":{"rendered":"Unit\u00e9 de bureau 6.05 x 2.43 avec deux \u00e9tages"},"content":{"rendered":"<div class=\"wpb-content-wrapper\"><div class=\"vc_row wpb_row vc_row-fluid\"><div class=\"wpb_column vc_column_container vc_col-sm-12\"><div class=\"vc_column-inner\"><div class=\"wpb_wrapper\">\n\t<div class=\"wpb_text_column wpb_content_element\" >\n\t\t<div class=\"wpb_wrapper\">\n\t\t\t<h3><strong>Sp\u00e9cifications du produit<\/strong><\/h3>\n\n\t\t<\/div>\n\t<\/div>\n<div class=\"vc_empty_space\"   style=\"height: 20px\"><span class=\"vc_empty_space_inner\"><\/span><\/div><div class=\"vc_tta-container\" data-vc-action=\"collapse\"><div class=\"vc_general vc_tta vc_tta-tabs vc_tta-color-black vc_tta-style-classic vc_tta-shape-rounded vc_tta-spacing-10 vc_tta-gap-10 vc_tta-o-no-fill vc_tta-tabs-position-top vc_tta-controls-align-left\"><div class=\"vc_tta-tabs-container\"><ul class=\"vc_tta-tabs-list\" role=\"tablist\"><li class=\"vc_tta-tab vc_active\" data-vc-tab role=\"presentation\"><a href=\"#afmetingen\" data-vc-tabs data-vc-container=\".vc_tta\" role=\"tab\" aria-selected=\"false\" id=\"tab-afmetingen\"><span class=\"vc_tta-title-text\">Dimensions<\/span><\/a><\/li><li class=\"vc_tta-tab\" data-vc-tab role=\"presentation\"><a href=\"#interne-afwerking\" data-vc-tabs data-vc-container=\".vc_tta\" role=\"tab\" aria-selected=\"false\" id=\"tab-interne-afwerking\"><span class=\"vc_tta-title-text\">Finition int\u00e9rieure<\/span><\/a><\/li><li class=\"vc_tta-tab\" data-vc-tab role=\"presentation\"><a href=\"#isolatie\" data-vc-tabs data-vc-container=\".vc_tta\" role=\"tab\" aria-selected=\"false\" id=\"tab-isolatie\"><span class=\"vc_tta-title-text\">Isolation<\/span><\/a><\/li><li class=\"vc_tta-tab\" data-vc-tab role=\"presentation\"><a href=\"#elektriciteit\" data-vc-tabs data-vc-container=\".vc_tta\" role=\"tab\" aria-selected=\"false\" id=\"tab-elektriciteit\"><span class=\"vc_tta-title-text\">L'\u00e9lectricit\u00e9<\/span><\/a><\/li><li class=\"vc_tta-tab\" data-vc-tab role=\"presentation\"><a href=\"#vloer-constructie\" data-vc-tabs data-vc-container=\".vc_tta\" role=\"tab\" aria-selected=\"false\" id=\"tab-vloer-constructie\"><span class=\"vc_tta-title-text\">Construction du plancher<\/span><\/a><\/li><li class=\"vc_tta-tab\" data-vc-tab role=\"presentation\"><a href=\"#extras\" data-vc-tabs data-vc-container=\".vc_tta\" role=\"tab\" aria-selected=\"false\" id=\"tab-extras\"><span class=\"vc_tta-title-text\">Extras<\/span><\/a><\/li><\/ul><\/div><div class=\"vc_tta-panels-container\"><div class=\"vc_tta-panels\"><div class=\"vc_tta-panel vc_active\" id=\"afmetingen\" data-vc-content=\".vc_tta-panel-body\"><div class=\"vc_tta-panel-heading\"><h4 class=\"vc_tta-panel-title\"><a href=\"#afmetingen\" data-vc-accordion data-vc-container=\".vc_tta-container\"><span class=\"vc_tta-title-text\">Dimensions<\/span><\/a><\/h4><\/div><div class=\"vc_tta-panel-body\">\n\t<div class=\"wpb_text_column wpb_content_element\" >\n\t\t<div class=\"wpb_wrapper\">\n\t\t\t<table>\n<tbody>\n<tr>\n<td style=\"width: 400px;\">Ext\u00e9rieur<\/td>\n<td>6050 x 2435 mm (LXL)<\/td>\n<\/tr>\n<tr>\n<td style=\"width: 400px;\">Hauteur int\u00e9rieure<\/td>\n<td>2540 mm<\/td>\n<\/tr>\n<\/tbody>\n<\/table>\n\n\t\t<\/div>\n\t<\/div>\n<\/div><\/div><div class=\"vc_tta-panel\" id=\"interne-afwerking\" data-vc-content=\".vc_tta-panel-body\"><div class=\"vc_tta-panel-heading\"><h4 class=\"vc_tta-panel-title\"><a href=\"#interne-afwerking\" data-vc-accordion data-vc-container=\".vc_tta-container\"><span class=\"vc_tta-title-text\">Finition int\u00e9rieure<\/span><\/a><\/h4><\/div><div class=\"vc_tta-panel-body\">\n\t<div class=\"wpb_text_column wpb_content_element\" >\n\t\t<div class=\"wpb_wrapper\">\n\t\t\t<table>\n<tbody>\n<tr>\n<td style=\"width: 400px;\">Finition des murs et du sol<\/td>\n<td>Panneau d'agglom\u00e9r\u00e9 blanc<\/td>\n<\/tr>\n<tr>\n<td style=\"width: 400px;\">Finition du plafond<\/td>\n<td>Panneau d'agglom\u00e9r\u00e9 blanc<\/td>\n<\/tr>\n<\/tbody>\n<\/table>\n\n\t\t<\/div>\n\t<\/div>\n<\/div><\/div><div class=\"vc_tta-panel\" id=\"isolatie\" data-vc-content=\".vc_tta-panel-body\"><div class=\"vc_tta-panel-heading\"><h4 class=\"vc_tta-panel-title\"><a href=\"#isolatie\" data-vc-accordion data-vc-container=\".vc_tta-container\"><span class=\"vc_tta-title-text\">Isolation<\/span><\/a><\/h4><\/div><div class=\"vc_tta-panel-body\">\n\t<div class=\"wpb_text_column wpb_content_element\" >\n\t\t<div class=\"wpb_wrapper\">\n\t\t\t<table>\n<tbody>\n<tr>\n<td style=\"width: 400px;\">Isolation du sol<\/td>\n<td>60 mm (laine min\u00e9rale)<\/td>\n<\/tr>\n<tr>\n<td style=\"width: 400px;\">Isolation du toit<\/td>\n<td>100 mm (laine min\u00e9rale)<\/td>\n<\/tr>\n<tr>\n<td style=\"width: 400px;\">Isolation des murs<\/td>\n<td>60 mm (laine min\u00e9rale)<\/td>\n<\/tr>\n<\/tbody>\n<\/table>\n\n\t\t<\/div>\n\t<\/div>\n<\/div><\/div><div class=\"vc_tta-panel\" id=\"elektriciteit\" data-vc-content=\".vc_tta-panel-body\"><div class=\"vc_tta-panel-heading\"><h4 class=\"vc_tta-panel-title\"><a href=\"#elektriciteit\" data-vc-accordion data-vc-container=\".vc_tta-container\"><span class=\"vc_tta-title-text\">L'\u00e9lectricit\u00e9<\/span><\/a><\/h4><\/div><div class=\"vc_tta-panel-body\">\n\t<div class=\"wpb_text_column wpb_content_element\" >\n\t\t<div class=\"wpb_wrapper\">\n\t\t\t<table>\n<tbody>\n<tr>\n<td style=\"width: 400px;\">Conception de l'\u00e9lectricit\u00e9<\/td>\n<td>Raccordement CEE et fusibles inclus<\/td>\n<\/tr>\n<tr>\n<td style=\"width: 400px;\">Connexions<\/td>\n<td>Norme VDE (400V\/32A\/5 broches)<\/td>\n<\/tr>\n<\/tbody>\n<\/table>\n\n\t\t<\/div>\n\t<\/div>\n<\/div><\/div><div class=\"vc_tta-panel\" id=\"vloer-constructie\" data-vc-content=\".vc_tta-panel-body\"><div class=\"vc_tta-panel-heading\"><h4 class=\"vc_tta-panel-title\"><a href=\"#vloer-constructie\" data-vc-accordion data-vc-container=\".vc_tta-container\"><span class=\"vc_tta-title-text\">Construction du plancher<\/span><\/a><\/h4><\/div><div class=\"vc_tta-panel-body\">\n\t<div class=\"wpb_text_column wpb_content_element\" >\n\t\t<div class=\"wpb_wrapper\">\n\t\t\t<table>\n<tbody>\n<tr>\n<td style=\"width: 400px;\">Espace entre les trous de la cuill\u00e8re<\/td>\n<td>2050 mm<\/td>\n<\/tr>\n<tr>\n<td style=\"width: 400px;\">Panneau de sol<\/td>\n<td>Plancher en agglom\u00e9r\u00e9 de ciment<\/td>\n<\/tr>\n<\/tbody>\n<\/table>\n\n\t\t<\/div>\n\t<\/div>\n<\/div><\/div><div class=\"vc_tta-panel\" id=\"extras\" data-vc-content=\".vc_tta-panel-body\"><div class=\"vc_tta-panel-heading\"><h4 class=\"vc_tta-panel-title\"><a href=\"#extras\" data-vc-accordion data-vc-container=\".vc_tta-container\"><span class=\"vc_tta-title-text\">Extras<\/span><\/a><\/h4><\/div><div class=\"vc_tta-panel-body\">\n\t<div class=\"wpb_text_column wpb_content_element\" >\n\t\t<div class=\"wpb_wrapper\">\n\t\t\t<ul>\n<li>Bo\u00eete \u00e0 fusibles<\/li>\n<li>Eclairage<\/li>\n<li>Fen\u00eatres<\/li>\n<li>Plancher \u00e9ternel<\/li>\n<li>Chauffage<\/li>\n<li>Prises<\/li>\n<li>Interrupteur diff\u00e9rentiel<\/li>\n<li>Serrure de porte<\/li>\n<\/ul>\n\n\t\t<\/div>\n\t<\/div>\n<\/div><\/div><\/div><\/div><\/div><\/div><\/div><\/div><\/div><\/div>\n<p><\/br><\/p>\n<div style=\"text-align:center\">\n<h3><strong>Unit\u00e9s sur mesure de haute qualit\u00e9<\/strong><\/h3>\n<p><video width=\"800\" controls poster=\"\/wp-content\/uploads\/2023\/05\/filmpje-box.jpg\"><source src=\"https:\/\/vermeer-rental.nl\/wp-content\/uploads\/2023\/04\/Movie-containers-verkleind_IMG_9061.mov\">Votre navigateur ne prend pas en charge la vid\u00e9o HTML.<\/video>\n<\/div>\n<\/div>","protected":false},"excerpt":{"rendered":"<p>La gamme d'unit\u00e9s Vermeer est notre outil polyvalent pour toutes les applications - des conteneurs individuels aux complexes complets de conteneurs. Les syst\u00e8mes de construction modulaire fiables et les nombreuses variantes de conception transforment les modules flexibles en solutions spatiales adapt\u00e9es \u00e0 vos besoins !<\/p>\n<p>- Y compris l'\u00e9lectricit\u00e9, l'\u00e9clairage et le chauffage<br \/>\n- Isolation optimale contre la chaleur et le bruit<br \/>\n- Possibilit\u00e9 d'extension par cha\u00eenage et empilage<br \/>\n- Possibilit\u00e9 d'installation et d'assemblage complets<br \/>\n- L'unit\u00e9 modulaire peut \u00eatre fournie dans n'importe quelle couleur RAL Classic.<br \/>\n- <u class=\"popmake-593\">Enti\u00e8rement personnalisable<\/u><\/p>\n<p>&nbsp;<\/p>\n<form action=\"https:\/\/vermeer-rental.nl\/wp-content\/uploads\/2023\/03\/2022-Vermeer-Rentals_UNITS.pdf\" method=\"get\" target=\"_blank\" data-trp-original-action=\"https:\/\/vermeer-rental.nl\/wp-content\/uploads\/2023\/03\/2022-Vermeer-Rentals_UNITS.pdf\"><button class=\"pdf-button\" type=\"submit\">Consultez le d\u00e9pliant ici<\/button><input type=\"hidden\" name=\"trp-form-language\" value=\"fr\"\/><\/form>","protected":false},"featured_media":626,"comment_status":"closed","ping_status":"closed","template":"","meta":{"om_disable_all_campaigns":false,"_monsterinsights_skip_tracking":false,"_monsterinsights_sitenote_active":false,"_monsterinsights_sitenote_note":"","_monsterinsights_sitenote_category":0},"product_brand":[],"product_cat":[21],"product_tag":[],"class_list":{"0":"post-625","1":"product","2":"type-product","3":"status-publish","4":"has-post-thumbnail","6":"product_cat-modulaire-units","8":"first","9":"instock","10":"shipping-taxable","11":"purchasable","12":"product-type-simple"},"yoast_head":"<!-- This site is optimized with the Yoast SEO Premium plugin v23.3 (Yoast SEO v27.2) - https:\/\/yoast.com\/product\/yoast-seo-premium-wordpress\/ -->\n<title>Kantoorunit 6,05 x 2,43 met twee verdiepingen - Vermeer Rental &amp; Services<\/title>\n<meta name=\"description\" content=\"De betrouwbare modulaire bouwsystemen en het brede scala aan uitvoeringsvarianten maakt van flexibele modules een ruimte-oplossing.\" \/>\n<meta name=\"robots\" content=\"index, follow, max-snippet:-1, max-image-preview:large, max-video-preview:-1\" \/>\n<link rel=\"canonical\" href=\"https:\/\/vermeer-rental.nl\/fr\/produit\/unite-de-bureau-605-x-243-avec-deux-etages\/\" \/>\n<meta property=\"og:locale\" content=\"fr_FR\" \/>\n<meta property=\"og:type\" content=\"article\" \/>\n<meta property=\"og:title\" content=\"Kantoorunit 6,05 x 2,43 met twee verdiepingen\" \/>\n<meta property=\"og:description\" content=\"De betrouwbare modulaire bouwsystemen en het brede scala aan uitvoeringsvarianten maakt van flexibele modules een ruimte-oplossing.\" \/>\n<meta property=\"og:url\" content=\"https:\/\/vermeer-rental.nl\/fr\/produit\/unite-de-bureau-605-x-243-avec-deux-etages\/\" \/>\n<meta property=\"og:site_name\" content=\"Vermeer Rental &amp; Services\" \/>\n<meta property=\"article:publisher\" content=\"https:\/\/www.facebook.com\/gebrvermeerindustrialmovements\" \/>\n<meta property=\"article:modified_time\" content=\"2023-05-10T18:02:52+00:00\" \/>\n<meta property=\"og:image\" content=\"https:\/\/vermeer-rental.nl\/wp-content\/uploads\/2023\/04\/Hoofdfoto-Antraciet-ral-7016-1.jpg\" \/>\n\t<meta property=\"og:image:width\" content=\"900\" \/>\n\t<meta property=\"og:image:height\" content=\"900\" \/>\n\t<meta property=\"og:image:type\" content=\"image\/jpeg\" \/>\n<meta name=\"twitter:card\" content=\"summary_large_image\" \/>\n<meta name=\"twitter:label1\" content=\"Dur\u00e9e de lecture estim\u00e9e\" \/>\n\t<meta name=\"twitter:data1\" content=\"1 minute\" \/>\n<script type=\"application\/ld+json\" class=\"yoast-schema-graph\">{\"@context\":\"https:\/\/schema.org\",\"@graph\":[{\"@type\":\"WebPage\",\"@id\":\"https:\/\/vermeer-rental.nl\/product\/kantoorunit-605-x-243-met-twee-verdiepingen\/\",\"url\":\"https:\/\/vermeer-rental.nl\/product\/kantoorunit-605-x-243-met-twee-verdiepingen\/\",\"name\":\"Kantoorunit 6,05 x 2,43 met twee verdiepingen - Vermeer Rental &amp; Services\",\"isPartOf\":{\"@id\":\"https:\/\/vermeer-rental.nl\/#website\"},\"primaryImageOfPage\":{\"@id\":\"https:\/\/vermeer-rental.nl\/product\/kantoorunit-605-x-243-met-twee-verdiepingen\/#primaryimage\"},\"image\":{\"@id\":\"https:\/\/vermeer-rental.nl\/product\/kantoorunit-605-x-243-met-twee-verdiepingen\/#primaryimage\"},\"thumbnailUrl\":\"https:\/\/vermeer-rental.nl\/wp-content\/uploads\/2023\/04\/Hoofdfoto-Antraciet-ral-7016-1.jpg\",\"datePublished\":\"2023-04-30T07:52:25+00:00\",\"dateModified\":\"2023-05-10T18:02:52+00:00\",\"description\":\"De betrouwbare modulaire bouwsystemen en het brede scala aan uitvoeringsvarianten maakt van flexibele modules een ruimte-oplossing.\",\"breadcrumb\":{\"@id\":\"https:\/\/vermeer-rental.nl\/product\/kantoorunit-605-x-243-met-twee-verdiepingen\/#breadcrumb\"},\"inLanguage\":\"fr-FR\",\"potentialAction\":[{\"@type\":\"ReadAction\",\"target\":[\"https:\/\/vermeer-rental.nl\/product\/kantoorunit-605-x-243-met-twee-verdiepingen\/\"]}]},{\"@type\":\"ImageObject\",\"inLanguage\":\"fr-FR\",\"@id\":\"https:\/\/vermeer-rental.nl\/product\/kantoorunit-605-x-243-met-twee-verdiepingen\/#primaryimage\",\"url\":\"https:\/\/vermeer-rental.nl\/wp-content\/uploads\/2023\/04\/Hoofdfoto-Antraciet-ral-7016-1.jpg\",\"contentUrl\":\"https:\/\/vermeer-rental.nl\/wp-content\/uploads\/2023\/04\/Hoofdfoto-Antraciet-ral-7016-1.jpg\",\"width\":900,\"height\":900},{\"@type\":\"BreadcrumbList\",\"@id\":\"https:\/\/vermeer-rental.nl\/product\/kantoorunit-605-x-243-met-twee-verdiepingen\/#breadcrumb\",\"itemListElement\":[{\"@type\":\"ListItem\",\"position\":1,\"name\":\"Home\",\"item\":\"https:\/\/vermeer-rental.nl\/\"},{\"@type\":\"ListItem\",\"position\":2,\"name\":\"Diensten\",\"item\":\"https:\/\/vermeer-rental.nl\/diensten\/\"},{\"@type\":\"ListItem\",\"position\":3,\"name\":\"Kantoorunit 6,05 x 2,43 met twee verdiepingen\"}]},{\"@type\":\"WebSite\",\"@id\":\"https:\/\/vermeer-rental.nl\/#website\",\"url\":\"https:\/\/vermeer-rental.nl\/\",\"name\":\"Vermeer Rental & Services\",\"description\":\"Staat voor u klaar!\",\"publisher\":{\"@id\":\"https:\/\/vermeer-rental.nl\/#organization\"},\"potentialAction\":[{\"@type\":\"SearchAction\",\"target\":{\"@type\":\"EntryPoint\",\"urlTemplate\":\"https:\/\/vermeer-rental.nl\/?s={search_term_string}\"},\"query-input\":{\"@type\":\"PropertyValueSpecification\",\"valueRequired\":true,\"valueName\":\"search_term_string\"}}],\"inLanguage\":\"fr-FR\"},{\"@type\":\"Organization\",\"@id\":\"https:\/\/vermeer-rental.nl\/#organization\",\"name\":\"Vermeer Rental & Services\",\"url\":\"https:\/\/vermeer-rental.nl\/\",\"logo\":{\"@type\":\"ImageObject\",\"inLanguage\":\"fr-FR\",\"@id\":\"https:\/\/vermeer-rental.nl\/#\/schema\/logo\/image\/\",\"url\":\"https:\/\/vermeer-rental.nl\/wp-content\/uploads\/2023\/02\/Logo-Vermeer-Rental-RGB.png\",\"contentUrl\":\"https:\/\/vermeer-rental.nl\/wp-content\/uploads\/2023\/02\/Logo-Vermeer-Rental-RGB.png\",\"width\":800,\"height\":210,\"caption\":\"Vermeer Rental & Services\"},\"image\":{\"@id\":\"https:\/\/vermeer-rental.nl\/#\/schema\/logo\/image\/\"},\"sameAs\":[\"https:\/\/www.facebook.com\/gebrvermeerindustrialmovements\",\"https:\/\/www.linkedin.com\/company\/gebr-vermeer-transport\/\",\"https:\/\/www.instagram.com\/gebrvermeer\/\"]}]}<\/script>\n<!-- \/ Yoast SEO Premium plugin. -->","yoast_head_json":{"title":"Bureau 6,05 x 2,43 avec deux \u00e9tages - Vermeer Rental &amp; Services","description":"Les syst\u00e8mes de construction modulaire fiables et la vaste gamme de variantes de conception transforment les modules flexibles en solutions spatiales.","robots":{"index":"index","follow":"follow","max-snippet":"max-snippet:-1","max-image-preview":"max-image-preview:large","max-video-preview":"max-video-preview:-1"},"canonical":"https:\/\/vermeer-rental.nl\/fr\/produit\/unite-de-bureau-605-x-243-avec-deux-etages\/","og_locale":"fr_FR","og_type":"article","og_title":"Kantoorunit 6,05 x 2,43 met twee verdiepingen","og_description":"De betrouwbare modulaire bouwsystemen en het brede scala aan uitvoeringsvarianten maakt van flexibele modules een ruimte-oplossing.","og_url":"https:\/\/vermeer-rental.nl\/fr\/produit\/unite-de-bureau-605-x-243-avec-deux-etages\/","og_site_name":"Vermeer Rental &amp; Services","article_publisher":"https:\/\/www.facebook.com\/gebrvermeerindustrialmovements","article_modified_time":"2023-05-10T18:02:52+00:00","og_image":[{"width":900,"height":900,"url":"https:\/\/vermeer-rental.nl\/wp-content\/uploads\/2023\/04\/Hoofdfoto-Antraciet-ral-7016-1.jpg","type":"image\/jpeg"}],"twitter_card":"summary_large_image","twitter_misc":{"Dur\u00e9e de lecture estim\u00e9e":"1 minute"},"schema":{"@context":"https:\/\/schema.org","@graph":[{"@type":"WebPage","@id":"https:\/\/vermeer-rental.nl\/product\/kantoorunit-605-x-243-met-twee-verdiepingen\/","url":"https:\/\/vermeer-rental.nl\/product\/kantoorunit-605-x-243-met-twee-verdiepingen\/","name":"Bureau 6,05 x 2,43 avec deux \u00e9tages - Vermeer Rental &amp; Services","isPartOf":{"@id":"https:\/\/vermeer-rental.nl\/#website"},"primaryImageOfPage":{"@id":"https:\/\/vermeer-rental.nl\/product\/kantoorunit-605-x-243-met-twee-verdiepingen\/#primaryimage"},"image":{"@id":"https:\/\/vermeer-rental.nl\/product\/kantoorunit-605-x-243-met-twee-verdiepingen\/#primaryimage"},"thumbnailUrl":"https:\/\/vermeer-rental.nl\/wp-content\/uploads\/2023\/04\/Hoofdfoto-Antraciet-ral-7016-1.jpg","datePublished":"2023-04-30T07:52:25+00:00","dateModified":"2023-05-10T18:02:52+00:00","description":"Les syst\u00e8mes de construction modulaire fiables et la vaste gamme de variantes de conception transforment les modules flexibles en solutions spatiales.","breadcrumb":{"@id":"https:\/\/vermeer-rental.nl\/product\/kantoorunit-605-x-243-met-twee-verdiepingen\/#breadcrumb"},"inLanguage":"fr-FR","potentialAction":[{"@type":"ReadAction","target":["https:\/\/vermeer-rental.nl\/product\/kantoorunit-605-x-243-met-twee-verdiepingen\/"]}]},{"@type":"ImageObject","inLanguage":"fr-FR","@id":"https:\/\/vermeer-rental.nl\/product\/kantoorunit-605-x-243-met-twee-verdiepingen\/#primaryimage","url":"https:\/\/vermeer-rental.nl\/wp-content\/uploads\/2023\/04\/Hoofdfoto-Antraciet-ral-7016-1.jpg","contentUrl":"https:\/\/vermeer-rental.nl\/wp-content\/uploads\/2023\/04\/Hoofdfoto-Antraciet-ral-7016-1.jpg","width":900,"height":900},{"@type":"BreadcrumbList","@id":"https:\/\/vermeer-rental.nl\/product\/kantoorunit-605-x-243-met-twee-verdiepingen\/#breadcrumb","itemListElement":[{"@type":"ListItem","position":1,"name":"Home","item":"https:\/\/vermeer-rental.nl\/"},{"@type":"ListItem","position":2,"name":"Diensten","item":"https:\/\/vermeer-rental.nl\/diensten\/"},{"@type":"ListItem","position":3,"name":"Kantoorunit 6,05 x 2,43 met twee verdiepingen"}]},{"@type":"WebSite","@id":"https:\/\/vermeer-rental.nl\/#website","url":"https:\/\/vermeer-rental.nl\/","name":"Location et services Vermeer","description":"En attente !","publisher":{"@id":"https:\/\/vermeer-rental.nl\/#organization"},"potentialAction":[{"@type":"SearchAction","target":{"@type":"EntryPoint","urlTemplate":"https:\/\/vermeer-rental.nl\/?s={search_term_string}"},"query-input":{"@type":"PropertyValueSpecification","valueRequired":true,"valueName":"search_term_string"}}],"inLanguage":"fr-FR"},{"@type":"Organization","@id":"https:\/\/vermeer-rental.nl\/#organization","name":"Location et services Vermeer","url":"https:\/\/vermeer-rental.nl\/","logo":{"@type":"ImageObject","inLanguage":"fr-FR","@id":"https:\/\/vermeer-rental.nl\/#\/schema\/logo\/image\/","url":"https:\/\/vermeer-rental.nl\/wp-content\/uploads\/2023\/02\/Logo-Vermeer-Rental-RGB.png","contentUrl":"https:\/\/vermeer-rental.nl\/wp-content\/uploads\/2023\/02\/Logo-Vermeer-Rental-RGB.png","width":800,"height":210,"caption":"Vermeer Rental & Services"},"image":{"@id":"https:\/\/vermeer-rental.nl\/#\/schema\/logo\/image\/"},"sameAs":["https:\/\/www.facebook.com\/gebrvermeerindustrialmovements","https:\/\/www.linkedin.com\/company\/gebr-vermeer-transport\/","https:\/\/www.instagram.com\/gebrvermeer\/"]}]}},"_links":{"self":[{"href":"https:\/\/vermeer-rental.nl\/fr\/wp-json\/wp\/v2\/product\/625","targetHints":{"allow":["GET"]}}],"collection":[{"href":"https:\/\/vermeer-rental.nl\/fr\/wp-json\/wp\/v2\/product"}],"about":[{"href":"https:\/\/vermeer-rental.nl\/fr\/wp-json\/wp\/v2\/types\/product"}],"replies":[{"embeddable":true,"href":"https:\/\/vermeer-rental.nl\/fr\/wp-json\/wp\/v2\/comments?post=625"}],"wp:featuredmedia":[{"embeddable":true,"href":"https:\/\/vermeer-rental.nl\/fr\/wp-json\/wp\/v2\/media\/626"}],"wp:attachment":[{"href":"https:\/\/vermeer-rental.nl\/fr\/wp-json\/wp\/v2\/media?parent=625"}],"wp:term":[{"taxonomy":"product_brand","embeddable":true,"href":"https:\/\/vermeer-rental.nl\/fr\/wp-json\/wp\/v2\/product_brand?post=625"},{"taxonomy":"product_cat","embeddable":true,"href":"https:\/\/vermeer-rental.nl\/fr\/wp-json\/wp\/v2\/product_cat?post=625"},{"taxonomy":"product_tag","embeddable":true,"href":"https:\/\/vermeer-rental.nl\/fr\/wp-json\/wp\/v2\/product_tag?post=625"}],"curies":[{"name":"wp","href":"https:\/\/api.w.org\/{rel}","templated":true}]}}