{"id":38,"date":"2023-02-25T13:42:36","date_gmt":"2023-02-25T13:42:36","guid":{"rendered":"https:\/\/rental.daanwerkelijk.nl\/?post_type=product&#038;p=38"},"modified":"2026-02-26T10:57:51","modified_gmt":"2026-02-26T09:57:51","slug":"conteneur-de-20-pieds","status":"publish","type":"product","link":"https:\/\/vermeer-rental.nl\/fr\/product\/container-20ft\/","title":{"rendered":"Conteneur 20ft"},"content":{"rendered":"<p>Vous trouverez ici un aper\u00e7u de certaines options de mise en \u0153uvre :<\/p>\n<p><strong>Mat\u00e9riel \u00e9lectrique<br \/>\n<\/strong>Exploitez encore mieux votre conteneur de stockage ou de mat\u00e9riel gr\u00e2ce \u00e0 une alimentation \u00e9lectrique adapt\u00e9e, une utilisation polyvalente est possible.<br \/>\n<img loading=\"lazy\" decoding=\"async\" class=\"alignnone size-medium wp-image-250\" src=\"https:\/\/vermeer-rental.nl\/wp-content\/uploads\/2023\/02\/Elektrische-uitrusting-200x300.jpg\" alt=\"\" width=\"200\" height=\"300\" srcset=\"https:\/\/vermeer-rental.nl\/wp-content\/uploads\/2023\/02\/Elektrische-uitrusting-200x300.jpg 200w, https:\/\/vermeer-rental.nl\/wp-content\/uploads\/2023\/02\/Elektrische-uitrusting.jpg 312w\" sizes=\"auto, (max-width: 200px) 100vw, 200px\" \/><\/p>\n<p>Vous pouvez choisir parmi les options de mise en \u0153uvre suivantes :<\/p>\n<ul>\n<li>Armoire de distribution avec prises de courant<\/li>\n<li>Connexions externes CEE encastr\u00e9es<\/li>\n<li>Electricit\u00e9 pour salle d'eau<\/li>\n<li>Barre lumineuse<\/li>\n<li>Interrupteur \u00e0 la porte<\/li>\n<li>Connexions \u00e9lectriques suppl\u00e9mentaires<\/li>\n<\/ul>\n<p><strong>Rayonnages d'entrep\u00f4t<br \/>\n<\/strong>L'accessoire parfait pour votre espace de stockage individuel, exploitez au maximum les possibilit\u00e9s de votre conteneur de stockage et utilisez un syst\u00e8me d'\u00e9tag\u00e8res pour obtenir un espace de stockage suppl\u00e9mentaire. Commandez-la directement et faites-la livrer pr\u00e9mont\u00e9e ou commandez-la en kit et int\u00e9grez-la dans un conteneur de stockage d\u00e9j\u00e0 disponible.<br \/>\n<img loading=\"lazy\" decoding=\"async\" class=\"alignnone size-full wp-image-252\" src=\"https:\/\/vermeer-rental.nl\/wp-content\/uploads\/2023\/02\/Magazijnstellingen.jpg\" alt=\"\" width=\"259\" height=\"194\" \/><\/p>\n<p><strong>Escaliers avec plate-forme<br \/>\n<\/strong>Plates-formes en acier galvanis\u00e9 pour les extr\u00e9mit\u00e9s. Elles peuvent \u00eatre reli\u00e9es entre elles et aux escaliers d'\u00e9tage. Il est ainsi possible de cr\u00e9er une galerie au premier \u00e9tage \u00e0 l'ext\u00e9rieur des unit\u00e9s. Cela laisse plus d'espace utilisable dans les conteneurs sans co\u00fbter de m\u00e8tres carr\u00e9s suppl\u00e9mentaires.<br \/>\n<img loading=\"lazy\" decoding=\"async\" class=\"alignnone size-medium wp-image-253\" src=\"https:\/\/vermeer-rental.nl\/wp-content\/uploads\/2023\/02\/Trap-met-bordes-300x200.jpg\" alt=\"\" width=\"300\" height=\"200\" srcset=\"https:\/\/vermeer-rental.nl\/wp-content\/uploads\/2023\/02\/Trap-met-bordes-300x200.jpg 300w, https:\/\/vermeer-rental.nl\/wp-content\/uploads\/2023\/02\/Trap-met-bordes-600x400.jpg 600w, https:\/\/vermeer-rental.nl\/wp-content\/uploads\/2023\/02\/Trap-met-bordes.jpg 763w\" sizes=\"auto, (max-width: 300px) 100vw, 300px\" \/><\/p>\n<p><strong>Paquet de s\u00e9curit\u00e9<br \/>\n<\/strong>Si vous optez pour la s\u00e9curit\u00e9, nos conteneurs de stockage dot\u00e9s d'un syst\u00e8me de s\u00e9curit\u00e9 complet sont exactement ce que vous recherchez.<\/p>\n<p>Le paquet de s\u00e9curit\u00e9 comprend<\/p>\n<ul>\n<li>2 boulons de verrouillage \u00e0 l'int\u00e9rieur<\/li>\n<li>Serrure de s\u00e9curit\u00e9 interne avec cylindre de verrouillage<\/li>\n<li>4 arr\u00eats de levage int\u00e9rieurs<\/li>\n<\/ul>\n<p><img loading=\"lazy\" decoding=\"async\" class=\"alignnone size-medium wp-image-251\" src=\"https:\/\/vermeer-rental.nl\/wp-content\/uploads\/2023\/02\/Complete-inrichting-300x193.jpg\" alt=\"\" width=\"300\" height=\"193\" srcset=\"https:\/\/vermeer-rental.nl\/wp-content\/uploads\/2023\/02\/Complete-inrichting-300x193.jpg 300w, https:\/\/vermeer-rental.nl\/wp-content\/uploads\/2023\/02\/Complete-inrichting-768x494.jpg 768w, https:\/\/vermeer-rental.nl\/wp-content\/uploads\/2023\/02\/Complete-inrichting-600x386.jpg 600w, https:\/\/vermeer-rental.nl\/wp-content\/uploads\/2023\/02\/Complete-inrichting.jpg 800w\" sizes=\"auto, (max-width: 300px) 100vw, 300px\" \/><br \/>\nAm\u00e9nagement complet selon les besoins, y compris tables, chaises, armoires, chauffage, climatisation, etc.<\/p>\n<p><strong>Porte-outils<br \/>\n<\/strong>Retrouvez vos outils en quelques instants : notre porte-outils donne \u00e0 tous vos outils une place fixe. Les cha\u00eenes de s\u00e9curit\u00e9 suppl\u00e9mentaires garantissent \u00e9galement une protection optimale pendant le transport.<br \/>\n<img loading=\"lazy\" decoding=\"async\" class=\"alignnone size-full wp-image-254\" src=\"https:\/\/vermeer-rental.nl\/wp-content\/uploads\/2023\/02\/Gereedschapshouder.jpg\" alt=\"\" width=\"259\" height=\"194\" \/><\/p>\n<p><strong>Bandes d'arrimage<br \/>\n<\/strong>L'arrimage de votre cargaison peut \u00eatre encore plus facile ! En plus des \u0153illets d'arrimage standard dans un conteneur, nous pouvons installer des bandes d'arrimage pour faciliter l'arrimage des charges.<br \/>\n<img loading=\"lazy\" decoding=\"async\" class=\"alignnone size-full wp-image-255\" src=\"https:\/\/vermeer-rental.nl\/wp-content\/uploads\/2023\/02\/Sjorstrips.jpg\" alt=\"\" width=\"275\" height=\"183\" \/><\/p>","protected":false},"excerpt":{"rendered":"<p>Le conteneur est \u00e9quip\u00e9 d'un plancher en bois et de grilles d'a\u00e9ration pour un stockage s\u00fbr et sec de vos biens. Le conteneur de 20 pieds peut contenir approximativement le contenu d'une maison de 3 chambres \u00e0 coucher. Le conteneur peut \u00e9galement \u00eatre utilis\u00e9 comme barri\u00e8re contre le bruit, le vent ou la s\u00e9curit\u00e9.<\/p>\n<p>&nbsp;<\/p>\n<form action=\"https:\/\/vermeer-rental.nl\/wp-content\/uploads\/2023\/03\/2022-Vermeer-Rentals_CONTAINERS.pdf\" method=\"get\" target=\"_blank\" data-trp-original-action=\"https:\/\/vermeer-rental.nl\/wp-content\/uploads\/2023\/03\/2022-Vermeer-Rentals_CONTAINERS.pdf\"><button class=\"pdf-button\" type=\"submit\">Consultez le d\u00e9pliant ici<\/button><input type=\"hidden\" name=\"trp-form-language\" value=\"fr\"\/><\/form>","protected":false},"featured_media":536,"comment_status":"closed","ping_status":"closed","template":"","meta":{"om_disable_all_campaigns":false,"_monsterinsights_skip_tracking":false,"_monsterinsights_sitenote_active":false,"_monsterinsights_sitenote_note":"","_monsterinsights_sitenote_category":0},"product_brand":[],"product_cat":[16,17],"product_tag":[],"class_list":{"0":"post-38","1":"product","2":"type-product","3":"status-publish","4":"has-post-thumbnail","6":"product_cat-containers","7":"product_cat-opslagcontainers","9":"first","10":"instock","11":"shipping-taxable","12":"purchasable","13":"product-type-simple"},"yoast_head":"<!-- This site is optimized with the Yoast SEO Premium plugin v23.3 (Yoast SEO v27.2) - https:\/\/yoast.com\/product\/yoast-seo-premium-wordpress\/ -->\n<title>Container 20ft - Vermeer Rental &amp; Services<\/title>\n<meta name=\"robots\" content=\"index, follow, max-snippet:-1, max-image-preview:large, max-video-preview:-1\" \/>\n<link rel=\"canonical\" href=\"https:\/\/vermeer-rental.nl\/fr\/produit\/conteneur-de-20-pieds\/\" \/>\n<meta property=\"og:locale\" content=\"fr_FR\" \/>\n<meta property=\"og:type\" content=\"article\" \/>\n<meta property=\"og:title\" content=\"Container 20ft\" \/>\n<meta property=\"og:description\" content=\"Voor het veilig en droog opslaan van uw spullen, de container is voorzien van een houten vloer en ventilatieroosters. In de 20ft container kun je ongeveer de inboedel van een 3-kamer woning kwijt. Ook is de container inzetbaar als geluids-, wind of veiligheidsbarri\u00e8re.  &nbsp;  Bekijk hier de folder\" \/>\n<meta property=\"og:url\" content=\"https:\/\/vermeer-rental.nl\/fr\/produit\/conteneur-de-20-pieds\/\" \/>\n<meta property=\"og:site_name\" content=\"Vermeer Rental &amp; Services\" \/>\n<meta property=\"article:publisher\" content=\"https:\/\/www.facebook.com\/gebrvermeerindustrialmovements\" \/>\n<meta property=\"article:modified_time\" content=\"2026-02-26T09:57:51+00:00\" \/>\n<meta property=\"og:image\" content=\"https:\/\/vermeer-rental.nl\/wp-content\/uploads\/2023\/04\/20-ft-hoofdfoto-scaled.jpg\" \/>\n\t<meta property=\"og:image:width\" content=\"2560\" \/>\n\t<meta property=\"og:image:height\" content=\"1920\" \/>\n\t<meta property=\"og:image:type\" content=\"image\/jpeg\" \/>\n<meta name=\"twitter:card\" content=\"summary_large_image\" \/>\n<meta name=\"twitter:label1\" content=\"Dur\u00e9e de lecture estim\u00e9e\" \/>\n\t<meta name=\"twitter:data1\" content=\"3 minutes\" \/>\n<script type=\"application\/ld+json\" class=\"yoast-schema-graph\">{\"@context\":\"https:\/\/schema.org\",\"@graph\":[{\"@type\":\"WebPage\",\"@id\":\"https:\/\/vermeer-rental.nl\/product\/container-20ft\/\",\"url\":\"https:\/\/vermeer-rental.nl\/product\/container-20ft\/\",\"name\":\"Container 20ft - Vermeer Rental &amp; Services\",\"isPartOf\":{\"@id\":\"https:\/\/vermeer-rental.nl\/#website\"},\"primaryImageOfPage\":{\"@id\":\"https:\/\/vermeer-rental.nl\/product\/container-20ft\/#primaryimage\"},\"image\":{\"@id\":\"https:\/\/vermeer-rental.nl\/product\/container-20ft\/#primaryimage\"},\"thumbnailUrl\":\"https:\/\/vermeer-rental.nl\/wp-content\/uploads\/2023\/04\/20-ft-hoofdfoto-scaled.jpg\",\"datePublished\":\"2023-02-25T13:42:36+00:00\",\"dateModified\":\"2026-02-26T09:57:51+00:00\",\"breadcrumb\":{\"@id\":\"https:\/\/vermeer-rental.nl\/product\/container-20ft\/#breadcrumb\"},\"inLanguage\":\"fr-FR\",\"potentialAction\":[{\"@type\":\"ReadAction\",\"target\":[\"https:\/\/vermeer-rental.nl\/product\/container-20ft\/\"]}]},{\"@type\":\"ImageObject\",\"inLanguage\":\"fr-FR\",\"@id\":\"https:\/\/vermeer-rental.nl\/product\/container-20ft\/#primaryimage\",\"url\":\"https:\/\/vermeer-rental.nl\/wp-content\/uploads\/2023\/04\/20-ft-hoofdfoto-scaled.jpg\",\"contentUrl\":\"https:\/\/vermeer-rental.nl\/wp-content\/uploads\/2023\/04\/20-ft-hoofdfoto-scaled.jpg\",\"width\":2560,\"height\":1920,\"caption\":\"opslagcontainer\"},{\"@type\":\"BreadcrumbList\",\"@id\":\"https:\/\/vermeer-rental.nl\/product\/container-20ft\/#breadcrumb\",\"itemListElement\":[{\"@type\":\"ListItem\",\"position\":1,\"name\":\"Home\",\"item\":\"https:\/\/vermeer-rental.nl\/\"},{\"@type\":\"ListItem\",\"position\":2,\"name\":\"Diensten\",\"item\":\"https:\/\/vermeer-rental.nl\/diensten\/\"},{\"@type\":\"ListItem\",\"position\":3,\"name\":\"Container 20ft\"}]},{\"@type\":\"WebSite\",\"@id\":\"https:\/\/vermeer-rental.nl\/#website\",\"url\":\"https:\/\/vermeer-rental.nl\/\",\"name\":\"Vermeer Rental & Services\",\"description\":\"Staat voor u klaar!\",\"publisher\":{\"@id\":\"https:\/\/vermeer-rental.nl\/#organization\"},\"potentialAction\":[{\"@type\":\"SearchAction\",\"target\":{\"@type\":\"EntryPoint\",\"urlTemplate\":\"https:\/\/vermeer-rental.nl\/?s={search_term_string}\"},\"query-input\":{\"@type\":\"PropertyValueSpecification\",\"valueRequired\":true,\"valueName\":\"search_term_string\"}}],\"inLanguage\":\"fr-FR\"},{\"@type\":\"Organization\",\"@id\":\"https:\/\/vermeer-rental.nl\/#organization\",\"name\":\"Vermeer Rental & Services\",\"url\":\"https:\/\/vermeer-rental.nl\/\",\"logo\":{\"@type\":\"ImageObject\",\"inLanguage\":\"fr-FR\",\"@id\":\"https:\/\/vermeer-rental.nl\/#\/schema\/logo\/image\/\",\"url\":\"https:\/\/vermeer-rental.nl\/wp-content\/uploads\/2023\/02\/Logo-Vermeer-Rental-RGB.png\",\"contentUrl\":\"https:\/\/vermeer-rental.nl\/wp-content\/uploads\/2023\/02\/Logo-Vermeer-Rental-RGB.png\",\"width\":800,\"height\":210,\"caption\":\"Vermeer Rental & Services\"},\"image\":{\"@id\":\"https:\/\/vermeer-rental.nl\/#\/schema\/logo\/image\/\"},\"sameAs\":[\"https:\/\/www.facebook.com\/gebrvermeerindustrialmovements\",\"https:\/\/www.linkedin.com\/company\/gebr-vermeer-transport\/\",\"https:\/\/www.instagram.com\/gebrvermeer\/\"]}]}<\/script>\n<!-- \/ Yoast SEO Premium plugin. -->","yoast_head_json":{"title":"Conteneur 20ft - Vermeer Rental &amp; Services","robots":{"index":"index","follow":"follow","max-snippet":"max-snippet:-1","max-image-preview":"max-image-preview:large","max-video-preview":"max-video-preview:-1"},"canonical":"https:\/\/vermeer-rental.nl\/fr\/produit\/conteneur-de-20-pieds\/","og_locale":"fr_FR","og_type":"article","og_title":"Container 20ft","og_description":"Voor het veilig en droog opslaan van uw spullen, de container is voorzien van een houten vloer en ventilatieroosters. In de 20ft container kun je ongeveer de inboedel van een 3-kamer woning kwijt. Ook is de container inzetbaar als geluids-, wind of veiligheidsbarri\u00e8re.  &nbsp;  Bekijk hier de folder","og_url":"https:\/\/vermeer-rental.nl\/fr\/produit\/conteneur-de-20-pieds\/","og_site_name":"Vermeer Rental &amp; Services","article_publisher":"https:\/\/www.facebook.com\/gebrvermeerindustrialmovements","article_modified_time":"2026-02-26T09:57:51+00:00","og_image":[{"width":2560,"height":1920,"url":"https:\/\/vermeer-rental.nl\/wp-content\/uploads\/2023\/04\/20-ft-hoofdfoto-scaled.jpg","type":"image\/jpeg"}],"twitter_card":"summary_large_image","twitter_misc":{"Dur\u00e9e de lecture estim\u00e9e":"3 minutes"},"schema":{"@context":"https:\/\/schema.org","@graph":[{"@type":"WebPage","@id":"https:\/\/vermeer-rental.nl\/product\/container-20ft\/","url":"https:\/\/vermeer-rental.nl\/product\/container-20ft\/","name":"Conteneur 20ft - Vermeer Rental &amp; Services","isPartOf":{"@id":"https:\/\/vermeer-rental.nl\/#website"},"primaryImageOfPage":{"@id":"https:\/\/vermeer-rental.nl\/product\/container-20ft\/#primaryimage"},"image":{"@id":"https:\/\/vermeer-rental.nl\/product\/container-20ft\/#primaryimage"},"thumbnailUrl":"https:\/\/vermeer-rental.nl\/wp-content\/uploads\/2023\/04\/20-ft-hoofdfoto-scaled.jpg","datePublished":"2023-02-25T13:42:36+00:00","dateModified":"2026-02-26T09:57:51+00:00","breadcrumb":{"@id":"https:\/\/vermeer-rental.nl\/product\/container-20ft\/#breadcrumb"},"inLanguage":"fr-FR","potentialAction":[{"@type":"ReadAction","target":["https:\/\/vermeer-rental.nl\/product\/container-20ft\/"]}]},{"@type":"ImageObject","inLanguage":"fr-FR","@id":"https:\/\/vermeer-rental.nl\/product\/container-20ft\/#primaryimage","url":"https:\/\/vermeer-rental.nl\/wp-content\/uploads\/2023\/04\/20-ft-hoofdfoto-scaled.jpg","contentUrl":"https:\/\/vermeer-rental.nl\/wp-content\/uploads\/2023\/04\/20-ft-hoofdfoto-scaled.jpg","width":2560,"height":1920,"caption":"opslagcontainer"},{"@type":"BreadcrumbList","@id":"https:\/\/vermeer-rental.nl\/product\/container-20ft\/#breadcrumb","itemListElement":[{"@type":"ListItem","position":1,"name":"Home","item":"https:\/\/vermeer-rental.nl\/"},{"@type":"ListItem","position":2,"name":"Diensten","item":"https:\/\/vermeer-rental.nl\/diensten\/"},{"@type":"ListItem","position":3,"name":"Container 20ft"}]},{"@type":"WebSite","@id":"https:\/\/vermeer-rental.nl\/#website","url":"https:\/\/vermeer-rental.nl\/","name":"Location et services Vermeer","description":"En attente !","publisher":{"@id":"https:\/\/vermeer-rental.nl\/#organization"},"potentialAction":[{"@type":"SearchAction","target":{"@type":"EntryPoint","urlTemplate":"https:\/\/vermeer-rental.nl\/?s={search_term_string}"},"query-input":{"@type":"PropertyValueSpecification","valueRequired":true,"valueName":"search_term_string"}}],"inLanguage":"fr-FR"},{"@type":"Organization","@id":"https:\/\/vermeer-rental.nl\/#organization","name":"Location et services Vermeer","url":"https:\/\/vermeer-rental.nl\/","logo":{"@type":"ImageObject","inLanguage":"fr-FR","@id":"https:\/\/vermeer-rental.nl\/#\/schema\/logo\/image\/","url":"https:\/\/vermeer-rental.nl\/wp-content\/uploads\/2023\/02\/Logo-Vermeer-Rental-RGB.png","contentUrl":"https:\/\/vermeer-rental.nl\/wp-content\/uploads\/2023\/02\/Logo-Vermeer-Rental-RGB.png","width":800,"height":210,"caption":"Vermeer Rental & Services"},"image":{"@id":"https:\/\/vermeer-rental.nl\/#\/schema\/logo\/image\/"},"sameAs":["https:\/\/www.facebook.com\/gebrvermeerindustrialmovements","https:\/\/www.linkedin.com\/company\/gebr-vermeer-transport\/","https:\/\/www.instagram.com\/gebrvermeer\/"]}]}},"_links":{"self":[{"href":"https:\/\/vermeer-rental.nl\/fr\/wp-json\/wp\/v2\/product\/38","targetHints":{"allow":["GET"]}}],"collection":[{"href":"https:\/\/vermeer-rental.nl\/fr\/wp-json\/wp\/v2\/product"}],"about":[{"href":"https:\/\/vermeer-rental.nl\/fr\/wp-json\/wp\/v2\/types\/product"}],"replies":[{"embeddable":true,"href":"https:\/\/vermeer-rental.nl\/fr\/wp-json\/wp\/v2\/comments?post=38"}],"wp:featuredmedia":[{"embeddable":true,"href":"https:\/\/vermeer-rental.nl\/fr\/wp-json\/wp\/v2\/media\/536"}],"wp:attachment":[{"href":"https:\/\/vermeer-rental.nl\/fr\/wp-json\/wp\/v2\/media?parent=38"}],"wp:term":[{"taxonomy":"product_brand","embeddable":true,"href":"https:\/\/vermeer-rental.nl\/fr\/wp-json\/wp\/v2\/product_brand?post=38"},{"taxonomy":"product_cat","embeddable":true,"href":"https:\/\/vermeer-rental.nl\/fr\/wp-json\/wp\/v2\/product_cat?post=38"},{"taxonomy":"product_tag","embeddable":true,"href":"https:\/\/vermeer-rental.nl\/fr\/wp-json\/wp\/v2\/product_tag?post=38"}],"curies":[{"name":"wp","href":"https:\/\/api.w.org\/{rel}","templated":true}]}}