{"id":2682,"date":"2026-04-09T12:39:01","date_gmt":"2026-04-09T10:39:01","guid":{"rendered":"https:\/\/vermeer-rental.nl\/?post_type=product&#038;p=2682"},"modified":"2026-04-09T15:23:05","modified_gmt":"2026-04-09T13:23:05","slug":"poids-dessai-du-cadre-de-levage-60-tonnes","status":"publish","type":"product","link":"https:\/\/vermeer-rental.nl\/fr\/product\/hijsframe-testgewichten-60-ton\/","title":{"rendered":"Cadre de levage Poids d'essai 60 tonnes"},"content":{"rendered":"<p>Ce dispositif de levage est con\u00e7u sur mesure pour les poids de contr\u00f4le de 5 et 3 tonnes de Vermeer Rental &amp; Services. L'utilisation d'autres poids de contr\u00f4le est autoris\u00e9e \u00e0 condition que la charge soit correctement r\u00e9partie, que les angles d'inclinaison et les angles maximaux ne soient pas d\u00e9pass\u00e9s et que les poids soient correctement fix\u00e9s.<br \/>\nEn outre, lors de l'utilisation des poids de contr\u00f4le de 5 et 3 tonnes, les poids doivent \u00eatre correctement fix\u00e9s au moyen de goupilles de verrouillage dans les boulons de verrouillage et de l'utilisation, par exemple, de sangles d'arrimage sur les \u0153illets d'arrimage.<\/p>\n<p>L'accrochage du poids sous le ch\u00e2ssis sur le crochet d'attelage n'est possible qu'avec les poids de 5 et 3 tonnes.<br \/>\nCet appareil de levage n'est pas destin\u00e9 \u00e0 une utilisation offshore ou maritime.<\/p>","protected":false},"excerpt":{"rendered":"<p>Cadre de levage Poids d'essai 60 tonnes<\/p>","protected":false},"featured_media":2683,"comment_status":"closed","ping_status":"closed","template":"","meta":{"om_disable_all_campaigns":false,"_monsterinsights_skip_tracking":false,"_monsterinsights_sitenote_active":false,"_monsterinsights_sitenote_note":"","_monsterinsights_sitenote_category":0},"product_brand":[],"product_cat":[19],"product_tag":[],"class_list":{"0":"post-2682","1":"product","2":"type-product","3":"status-publish","4":"has-post-thumbnail","6":"product_cat-testgewichten","8":"first","9":"instock","10":"shipping-taxable","11":"purchasable","12":"product-type-simple"},"yoast_head":"<!-- This site is optimized with the Yoast SEO Premium plugin v23.3 (Yoast SEO v27.2) - https:\/\/yoast.com\/product\/yoast-seo-premium-wordpress\/ -->\n<title>Hijsframe Testgewichten 60 ton - Vermeer Rental &amp; Services<\/title>\n<meta name=\"description\" content=\"Hijsframe voor testgewichten huren? Bekijk hier ons hijsframe en al onze testgewichten en aanvullende logistieke diensten.\" \/>\n<meta name=\"robots\" content=\"index, follow, max-snippet:-1, max-image-preview:large, max-video-preview:-1\" \/>\n<link rel=\"canonical\" href=\"https:\/\/vermeer-rental.nl\/fr\/produit\/poids-dessai-du-cadre-de-levage-60-tonnes\/\" \/>\n<meta property=\"og:locale\" content=\"fr_FR\" \/>\n<meta property=\"og:type\" content=\"article\" \/>\n<meta property=\"og:title\" content=\"Hijsframe Testgewichten 60 ton\" \/>\n<meta property=\"og:description\" content=\"Hijsframe voor testgewichten huren? Bekijk hier ons hijsframe en al onze testgewichten en aanvullende logistieke diensten.\" \/>\n<meta property=\"og:url\" content=\"https:\/\/vermeer-rental.nl\/fr\/produit\/poids-dessai-du-cadre-de-levage-60-tonnes\/\" \/>\n<meta property=\"og:site_name\" content=\"Vermeer Rental &amp; Services\" \/>\n<meta property=\"article:publisher\" content=\"https:\/\/www.facebook.com\/gebrvermeerindustrialmovements\" \/>\n<meta property=\"article:modified_time\" content=\"2026-04-09T13:23:05+00:00\" \/>\n<meta property=\"og:image\" content=\"https:\/\/vermeer-rental.nl\/wp-content\/uploads\/2026\/04\/hijsframe-60-tons.png\" \/>\n\t<meta property=\"og:image:width\" content=\"1024\" \/>\n\t<meta property=\"og:image:height\" content=\"1024\" \/>\n\t<meta property=\"og:image:type\" content=\"image\/png\" \/>\n<meta name=\"twitter:card\" content=\"summary_large_image\" \/>\n<meta name=\"twitter:label1\" content=\"Dur\u00e9e de lecture estim\u00e9e\" \/>\n\t<meta name=\"twitter:data1\" content=\"1 minute\" \/>\n<script type=\"application\/ld+json\" class=\"yoast-schema-graph\">{\"@context\":\"https:\/\/schema.org\",\"@graph\":[{\"@type\":\"WebPage\",\"@id\":\"https:\/\/vermeer-rental.nl\/product\/hijsframe-testgewichten-60-ton\/\",\"url\":\"https:\/\/vermeer-rental.nl\/product\/hijsframe-testgewichten-60-ton\/\",\"name\":\"Hijsframe Testgewichten 60 ton - Vermeer Rental &amp; Services\",\"isPartOf\":{\"@id\":\"https:\/\/vermeer-rental.nl\/#website\"},\"primaryImageOfPage\":{\"@id\":\"https:\/\/vermeer-rental.nl\/product\/hijsframe-testgewichten-60-ton\/#primaryimage\"},\"image\":{\"@id\":\"https:\/\/vermeer-rental.nl\/product\/hijsframe-testgewichten-60-ton\/#primaryimage\"},\"thumbnailUrl\":\"https:\/\/vermeer-rental.nl\/wp-content\/uploads\/2026\/04\/hijsframe-60-tons.png\",\"datePublished\":\"2026-04-09T10:39:01+00:00\",\"dateModified\":\"2026-04-09T13:23:05+00:00\",\"description\":\"Hijsframe voor testgewichten huren? Bekijk hier ons hijsframe en al onze testgewichten en aanvullende logistieke diensten.\",\"breadcrumb\":{\"@id\":\"https:\/\/vermeer-rental.nl\/product\/hijsframe-testgewichten-60-ton\/#breadcrumb\"},\"inLanguage\":\"fr-FR\",\"potentialAction\":[{\"@type\":\"ReadAction\",\"target\":[\"https:\/\/vermeer-rental.nl\/product\/hijsframe-testgewichten-60-ton\/\"]}]},{\"@type\":\"ImageObject\",\"inLanguage\":\"fr-FR\",\"@id\":\"https:\/\/vermeer-rental.nl\/product\/hijsframe-testgewichten-60-ton\/#primaryimage\",\"url\":\"https:\/\/vermeer-rental.nl\/wp-content\/uploads\/2026\/04\/hijsframe-60-tons.png\",\"contentUrl\":\"https:\/\/vermeer-rental.nl\/wp-content\/uploads\/2026\/04\/hijsframe-60-tons.png\",\"width\":1024,\"height\":1024},{\"@type\":\"BreadcrumbList\",\"@id\":\"https:\/\/vermeer-rental.nl\/product\/hijsframe-testgewichten-60-ton\/#breadcrumb\",\"itemListElement\":[{\"@type\":\"ListItem\",\"position\":1,\"name\":\"Home\",\"item\":\"https:\/\/vermeer-rental.nl\/\"},{\"@type\":\"ListItem\",\"position\":2,\"name\":\"Diensten\",\"item\":\"https:\/\/vermeer-rental.nl\/diensten\/\"},{\"@type\":\"ListItem\",\"position\":3,\"name\":\"Hijsframe Testgewichten 60 ton\"}]},{\"@type\":\"WebSite\",\"@id\":\"https:\/\/vermeer-rental.nl\/#website\",\"url\":\"https:\/\/vermeer-rental.nl\/\",\"name\":\"Vermeer Rental & Services\",\"description\":\"Staat voor u klaar!\",\"publisher\":{\"@id\":\"https:\/\/vermeer-rental.nl\/#organization\"},\"potentialAction\":[{\"@type\":\"SearchAction\",\"target\":{\"@type\":\"EntryPoint\",\"urlTemplate\":\"https:\/\/vermeer-rental.nl\/?s={search_term_string}\"},\"query-input\":{\"@type\":\"PropertyValueSpecification\",\"valueRequired\":true,\"valueName\":\"search_term_string\"}}],\"inLanguage\":\"fr-FR\"},{\"@type\":\"Organization\",\"@id\":\"https:\/\/vermeer-rental.nl\/#organization\",\"name\":\"Vermeer Rental & Services\",\"url\":\"https:\/\/vermeer-rental.nl\/\",\"logo\":{\"@type\":\"ImageObject\",\"inLanguage\":\"fr-FR\",\"@id\":\"https:\/\/vermeer-rental.nl\/#\/schema\/logo\/image\/\",\"url\":\"https:\/\/vermeer-rental.nl\/wp-content\/uploads\/2023\/02\/Logo-Vermeer-Rental-RGB.png\",\"contentUrl\":\"https:\/\/vermeer-rental.nl\/wp-content\/uploads\/2023\/02\/Logo-Vermeer-Rental-RGB.png\",\"width\":800,\"height\":210,\"caption\":\"Vermeer Rental & Services\"},\"image\":{\"@id\":\"https:\/\/vermeer-rental.nl\/#\/schema\/logo\/image\/\"},\"sameAs\":[\"https:\/\/www.facebook.com\/gebrvermeerindustrialmovements\",\"https:\/\/www.linkedin.com\/company\/gebr-vermeer-transport\/\",\"https:\/\/www.instagram.com\/gebrvermeer\/\"]}]}<\/script>\n<!-- \/ Yoast SEO Premium plugin. -->","yoast_head_json":{"title":"Cadre de levage Poids d'essai 60 tonnes - Vermeer Rental &amp; Services","description":"Louer un cadre de levage pour des poids de test ? Consultez notre cadre de levage et tous nos poids de test et services logistiques suppl\u00e9mentaires ici.","robots":{"index":"index","follow":"follow","max-snippet":"max-snippet:-1","max-image-preview":"max-image-preview:large","max-video-preview":"max-video-preview:-1"},"canonical":"https:\/\/vermeer-rental.nl\/fr\/produit\/poids-dessai-du-cadre-de-levage-60-tonnes\/","og_locale":"fr_FR","og_type":"article","og_title":"Hijsframe Testgewichten 60 ton","og_description":"Hijsframe voor testgewichten huren? Bekijk hier ons hijsframe en al onze testgewichten en aanvullende logistieke diensten.","og_url":"https:\/\/vermeer-rental.nl\/fr\/produit\/poids-dessai-du-cadre-de-levage-60-tonnes\/","og_site_name":"Vermeer Rental &amp; Services","article_publisher":"https:\/\/www.facebook.com\/gebrvermeerindustrialmovements","article_modified_time":"2026-04-09T13:23:05+00:00","og_image":[{"width":1024,"height":1024,"url":"https:\/\/vermeer-rental.nl\/wp-content\/uploads\/2026\/04\/hijsframe-60-tons.png","type":"image\/png"}],"twitter_card":"summary_large_image","twitter_misc":{"Dur\u00e9e de lecture estim\u00e9e":"1 minute"},"schema":{"@context":"https:\/\/schema.org","@graph":[{"@type":"WebPage","@id":"https:\/\/vermeer-rental.nl\/product\/hijsframe-testgewichten-60-ton\/","url":"https:\/\/vermeer-rental.nl\/product\/hijsframe-testgewichten-60-ton\/","name":"Cadre de levage Poids d'essai 60 tonnes - Vermeer Rental &amp; Services","isPartOf":{"@id":"https:\/\/vermeer-rental.nl\/#website"},"primaryImageOfPage":{"@id":"https:\/\/vermeer-rental.nl\/product\/hijsframe-testgewichten-60-ton\/#primaryimage"},"image":{"@id":"https:\/\/vermeer-rental.nl\/product\/hijsframe-testgewichten-60-ton\/#primaryimage"},"thumbnailUrl":"https:\/\/vermeer-rental.nl\/wp-content\/uploads\/2026\/04\/hijsframe-60-tons.png","datePublished":"2026-04-09T10:39:01+00:00","dateModified":"2026-04-09T13:23:05+00:00","description":"Louer un cadre de levage pour des poids de test ? Consultez notre cadre de levage et tous nos poids de test et services logistiques suppl\u00e9mentaires ici.","breadcrumb":{"@id":"https:\/\/vermeer-rental.nl\/product\/hijsframe-testgewichten-60-ton\/#breadcrumb"},"inLanguage":"fr-FR","potentialAction":[{"@type":"ReadAction","target":["https:\/\/vermeer-rental.nl\/product\/hijsframe-testgewichten-60-ton\/"]}]},{"@type":"ImageObject","inLanguage":"fr-FR","@id":"https:\/\/vermeer-rental.nl\/product\/hijsframe-testgewichten-60-ton\/#primaryimage","url":"https:\/\/vermeer-rental.nl\/wp-content\/uploads\/2026\/04\/hijsframe-60-tons.png","contentUrl":"https:\/\/vermeer-rental.nl\/wp-content\/uploads\/2026\/04\/hijsframe-60-tons.png","width":1024,"height":1024},{"@type":"BreadcrumbList","@id":"https:\/\/vermeer-rental.nl\/product\/hijsframe-testgewichten-60-ton\/#breadcrumb","itemListElement":[{"@type":"ListItem","position":1,"name":"Home","item":"https:\/\/vermeer-rental.nl\/"},{"@type":"ListItem","position":2,"name":"Diensten","item":"https:\/\/vermeer-rental.nl\/diensten\/"},{"@type":"ListItem","position":3,"name":"Hijsframe Testgewichten 60 ton"}]},{"@type":"WebSite","@id":"https:\/\/vermeer-rental.nl\/#website","url":"https:\/\/vermeer-rental.nl\/","name":"Location et services Vermeer","description":"En attente !","publisher":{"@id":"https:\/\/vermeer-rental.nl\/#organization"},"potentialAction":[{"@type":"SearchAction","target":{"@type":"EntryPoint","urlTemplate":"https:\/\/vermeer-rental.nl\/?s={search_term_string}"},"query-input":{"@type":"PropertyValueSpecification","valueRequired":true,"valueName":"search_term_string"}}],"inLanguage":"fr-FR"},{"@type":"Organization","@id":"https:\/\/vermeer-rental.nl\/#organization","name":"Location et services Vermeer","url":"https:\/\/vermeer-rental.nl\/","logo":{"@type":"ImageObject","inLanguage":"fr-FR","@id":"https:\/\/vermeer-rental.nl\/#\/schema\/logo\/image\/","url":"https:\/\/vermeer-rental.nl\/wp-content\/uploads\/2023\/02\/Logo-Vermeer-Rental-RGB.png","contentUrl":"https:\/\/vermeer-rental.nl\/wp-content\/uploads\/2023\/02\/Logo-Vermeer-Rental-RGB.png","width":800,"height":210,"caption":"Vermeer Rental & Services"},"image":{"@id":"https:\/\/vermeer-rental.nl\/#\/schema\/logo\/image\/"},"sameAs":["https:\/\/www.facebook.com\/gebrvermeerindustrialmovements","https:\/\/www.linkedin.com\/company\/gebr-vermeer-transport\/","https:\/\/www.instagram.com\/gebrvermeer\/"]}]}},"_links":{"self":[{"href":"https:\/\/vermeer-rental.nl\/fr\/wp-json\/wp\/v2\/product\/2682","targetHints":{"allow":["GET"]}}],"collection":[{"href":"https:\/\/vermeer-rental.nl\/fr\/wp-json\/wp\/v2\/product"}],"about":[{"href":"https:\/\/vermeer-rental.nl\/fr\/wp-json\/wp\/v2\/types\/product"}],"replies":[{"embeddable":true,"href":"https:\/\/vermeer-rental.nl\/fr\/wp-json\/wp\/v2\/comments?post=2682"}],"wp:featuredmedia":[{"embeddable":true,"href":"https:\/\/vermeer-rental.nl\/fr\/wp-json\/wp\/v2\/media\/2683"}],"wp:attachment":[{"href":"https:\/\/vermeer-rental.nl\/fr\/wp-json\/wp\/v2\/media?parent=2682"}],"wp:term":[{"taxonomy":"product_brand","embeddable":true,"href":"https:\/\/vermeer-rental.nl\/fr\/wp-json\/wp\/v2\/product_brand?post=2682"},{"taxonomy":"product_cat","embeddable":true,"href":"https:\/\/vermeer-rental.nl\/fr\/wp-json\/wp\/v2\/product_cat?post=2682"},{"taxonomy":"product_tag","embeddable":true,"href":"https:\/\/vermeer-rental.nl\/fr\/wp-json\/wp\/v2\/product_tag?post=2682"}],"curies":[{"name":"wp","href":"https:\/\/api.w.org\/{rel}","templated":true}]}}