{"id":25,"date":"2023-02-25T13:42:36","date_gmt":"2023-02-25T13:42:36","guid":{"rendered":"https:\/\/rental.daanwerkelijk.nl\/?post_type=product&#038;p=25"},"modified":"2024-12-03T11:09:55","modified_gmt":"2024-12-03T10:09:55","slug":"location-de-grues-pick-and-carry-location-de-grues-pick-and-carry-grues-pick-and-carry-grues","status":"publish","type":"product","link":"https:\/\/vermeer-rental.nl\/fr\/product\/pick-carry-kraan-huren-pick-and-carry-kraan-pick-carry-kraan\/","title":{"rendered":"Grue Pick &amp; Carry - MC25S"},"content":{"rendered":"<p>L'un des principaux avantages de la grue mobile \u00e9lectrique de 2,5 tonnes est son faible rayon d'action : avec un angle de braquage de +- 90\u00b0, elle peut \u00eatre man\u0153uvr\u00e9e en toute s\u00e9curit\u00e9 m\u00eame dans des espaces particuli\u00e8rement \u00e9troits et est con\u00e7ue pour \u00eatre utilis\u00e9e dans des halls o\u00f9 l'espace est limit\u00e9. Car notre \"petite\" grue se faufile aussi dans les coins les plus recul\u00e9s.<\/p>\n<h3 style=\"font-weight: bold; font-size: 18px;\">UTILISATION ENTRE QUATRE MURS<\/h3>\n<p>Bien entendu, les dimensions compactes de la grue mobile \u00e9lectrique de 2,5 tonnes constituent \u00e9galement un grand avantage : avec une largeur de seulement 900 mm et une hauteur de 1 610 mm, elle passe presque \u00e0 travers une porte de maison normale. Cela signifie que la grue mobile \u00e9lectrique de 2,5 tonnes peut \u00e9galement \u00eatre utilis\u00e9e dans des b\u00e2timents inachev\u00e9s, par exemple par des fabricants de fen\u00eatres, des charpentiers ou des artisans de la construction pr\u00e9fabriqu\u00e9e qui doivent transporter des pi\u00e8ces telles que des fen\u00eatres ou des murs.<\/p>\n<h3 style=\"font-weight: bold; font-size: 18px;\">LE MIEUX ATTENDU<\/h3>\n<p>La grue mobile \u00e9lectrique de 2,5 tonnes est \u00e9quip\u00e9e de pneus non marquants et ne laisse donc aucune trace lors de son utilisation \u00e0 l'int\u00e9rieur des b\u00e2timents. D'autre part, la grue est aliment\u00e9e par un puissant moteur \u00e9lectrique sans \u00e9missions, avec une capacit\u00e9 de batterie de 8 heures de travail. Les gaz d'\u00e9chappement, la salet\u00e9 et les odeurs appartiennent au pass\u00e9. C'est bon pour le travail - et pour le climat !<\/p>\n<p>&nbsp;<\/p>","protected":false},"excerpt":{"rendered":"<p>La grue \u00e9lectrique pick &amp; carry de 2,5 tonnes est \u00e9quip\u00e9e de s\u00e9rie de pneus non marquants qui ne craignent pas. Le moteur \u00e9lectrique de 2 kW de la grue r\u00e9agit avec pr\u00e9cision et fonctionne pendant 8 heures sans recharge gr\u00e2ce \u00e0 une puissante batterie de 24 V, 420 Ah. La fl\u00e8che est proportionnellement extensible et peut, si n\u00e9cessaire, \u00eatre allong\u00e9e au moyen d'une pointe.<\/p>\n<p>&nbsp;<\/p>\n<form action=\"https:\/\/vermeer-rental.nl\/wp-content\/uploads\/2023\/03\/MC25S-Vermeer_.pdf\" method=\"get\" target=\"_blank\" data-trp-original-action=\"https:\/\/vermeer-rental.nl\/wp-content\/uploads\/2023\/03\/MC25S-Vermeer_.pdf\"><button class=\"pdf-button\" type=\"submit\">Donn\u00e9es techniques<\/button><input type=\"hidden\" name=\"trp-form-language\" value=\"fr\"\/><\/form>","protected":false},"featured_media":61,"comment_status":"closed","ping_status":"closed","template":"","meta":{"om_disable_all_campaigns":false,"_monsterinsights_skip_tracking":false,"_monsterinsights_sitenote_active":false,"_monsterinsights_sitenote_note":"","_monsterinsights_sitenote_category":0},"product_brand":[],"product_cat":[18],"product_tag":[],"class_list":{"0":"post-25","1":"product","2":"type-product","3":"status-publish","4":"has-post-thumbnail","6":"product_cat-pick-carry-kranen","8":"first","9":"instock","10":"shipping-taxable","11":"purchasable","12":"product-type-simple"},"yoast_head":"<!-- This site is optimized with the Yoast SEO Premium plugin v23.3 (Yoast SEO v27.2) - https:\/\/yoast.com\/product\/yoast-seo-premium-wordpress\/ -->\n<title>Pick &amp; Carry kraan huren - Bekijk hier ons aanbod. Vermeer Rental &amp; Services<\/title>\n<meta name=\"description\" content=\"Pick &amp; Carry kraan huren? Industriekranen van 2 tot 60 ton. Ontdek hier de mogelijkheden van onze 100% elektrische Pick &amp; Carry kranen.\" \/>\n<meta name=\"robots\" content=\"index, follow, max-snippet:-1, max-image-preview:large, max-video-preview:-1\" \/>\n<link rel=\"canonical\" href=\"https:\/\/vermeer-rental.nl\/fr\/produit\/location-de-grues-pick-and-carry-location-de-grues-pick-and-carry-grues-pick-and-carry-grues\/\" \/>\n<meta property=\"og:locale\" content=\"fr_FR\" \/>\n<meta property=\"og:type\" content=\"article\" \/>\n<meta property=\"og:title\" content=\"Pick &amp; Carry kraan - MC25S\" \/>\n<meta property=\"og:description\" content=\"Pick &amp; Carry kraan huren? Industriekranen van 2 tot 60 ton. Ontdek hier de mogelijkheden van onze 100% elektrische Pick &amp; Carry kranen.\" \/>\n<meta property=\"og:url\" content=\"https:\/\/vermeer-rental.nl\/fr\/produit\/location-de-grues-pick-and-carry-location-de-grues-pick-and-carry-grues-pick-and-carry-grues\/\" \/>\n<meta property=\"og:site_name\" content=\"Vermeer Rental &amp; Services\" \/>\n<meta property=\"article:publisher\" content=\"https:\/\/www.facebook.com\/gebrvermeerindustrialmovements\" \/>\n<meta property=\"article:modified_time\" content=\"2024-12-03T10:09:55+00:00\" \/>\n<meta property=\"og:image\" content=\"https:\/\/vermeer-rental.nl\/wp-content\/uploads\/2023\/02\/MC25S-Foto.jpg\" \/>\n\t<meta property=\"og:image:width\" content=\"738\" \/>\n\t<meta property=\"og:image:height\" content=\"738\" \/>\n\t<meta property=\"og:image:type\" content=\"image\/jpeg\" \/>\n<meta name=\"twitter:card\" content=\"summary_large_image\" \/>\n<meta name=\"twitter:label1\" content=\"Dur\u00e9e de lecture estim\u00e9e\" \/>\n\t<meta name=\"twitter:data1\" content=\"2 minutes\" \/>\n<script type=\"application\/ld+json\" class=\"yoast-schema-graph\">{\"@context\":\"https:\/\/schema.org\",\"@graph\":[{\"@type\":\"WebPage\",\"@id\":\"https:\/\/vermeer-rental.nl\/product\/pick-carry-kraan-huren-pick-and-carry-kraan-pick-carry-kraan\/\",\"url\":\"https:\/\/vermeer-rental.nl\/product\/pick-carry-kraan-huren-pick-and-carry-kraan-pick-carry-kraan\/\",\"name\":\"Pick & Carry kraan huren - Bekijk hier ons aanbod. Vermeer Rental &amp; Services\",\"isPartOf\":{\"@id\":\"https:\/\/vermeer-rental.nl\/#website\"},\"primaryImageOfPage\":{\"@id\":\"https:\/\/vermeer-rental.nl\/product\/pick-carry-kraan-huren-pick-and-carry-kraan-pick-carry-kraan\/#primaryimage\"},\"image\":{\"@id\":\"https:\/\/vermeer-rental.nl\/product\/pick-carry-kraan-huren-pick-and-carry-kraan-pick-carry-kraan\/#primaryimage\"},\"thumbnailUrl\":\"https:\/\/vermeer-rental.nl\/wp-content\/uploads\/2023\/02\/MC25S-Foto.jpg\",\"datePublished\":\"2023-02-25T13:42:36+00:00\",\"dateModified\":\"2024-12-03T10:09:55+00:00\",\"description\":\"Pick & Carry kraan huren? Industriekranen van 2 tot 60 ton. Ontdek hier de mogelijkheden van onze 100% elektrische Pick & Carry kranen.\",\"breadcrumb\":{\"@id\":\"https:\/\/vermeer-rental.nl\/product\/pick-carry-kraan-huren-pick-and-carry-kraan-pick-carry-kraan\/#breadcrumb\"},\"inLanguage\":\"fr-FR\",\"potentialAction\":[{\"@type\":\"ReadAction\",\"target\":[\"https:\/\/vermeer-rental.nl\/product\/pick-carry-kraan-huren-pick-and-carry-kraan-pick-carry-kraan\/\"]}]},{\"@type\":\"ImageObject\",\"inLanguage\":\"fr-FR\",\"@id\":\"https:\/\/vermeer-rental.nl\/product\/pick-carry-kraan-huren-pick-and-carry-kraan-pick-carry-kraan\/#primaryimage\",\"url\":\"https:\/\/vermeer-rental.nl\/wp-content\/uploads\/2023\/02\/MC25S-Foto.jpg\",\"contentUrl\":\"https:\/\/vermeer-rental.nl\/wp-content\/uploads\/2023\/02\/MC25S-Foto.jpg\",\"width\":738,\"height\":738},{\"@type\":\"BreadcrumbList\",\"@id\":\"https:\/\/vermeer-rental.nl\/product\/pick-carry-kraan-huren-pick-and-carry-kraan-pick-carry-kraan\/#breadcrumb\",\"itemListElement\":[{\"@type\":\"ListItem\",\"position\":1,\"name\":\"Home\",\"item\":\"https:\/\/vermeer-rental.nl\/\"},{\"@type\":\"ListItem\",\"position\":2,\"name\":\"Diensten\",\"item\":\"https:\/\/vermeer-rental.nl\/diensten\/\"},{\"@type\":\"ListItem\",\"position\":3,\"name\":\"Pick &#038; Carry kraan &#8211; MC25S\"}]},{\"@type\":\"WebSite\",\"@id\":\"https:\/\/vermeer-rental.nl\/#website\",\"url\":\"https:\/\/vermeer-rental.nl\/\",\"name\":\"Vermeer Rental & Services\",\"description\":\"Staat voor u klaar!\",\"publisher\":{\"@id\":\"https:\/\/vermeer-rental.nl\/#organization\"},\"potentialAction\":[{\"@type\":\"SearchAction\",\"target\":{\"@type\":\"EntryPoint\",\"urlTemplate\":\"https:\/\/vermeer-rental.nl\/?s={search_term_string}\"},\"query-input\":{\"@type\":\"PropertyValueSpecification\",\"valueRequired\":true,\"valueName\":\"search_term_string\"}}],\"inLanguage\":\"fr-FR\"},{\"@type\":\"Organization\",\"@id\":\"https:\/\/vermeer-rental.nl\/#organization\",\"name\":\"Vermeer Rental & Services\",\"url\":\"https:\/\/vermeer-rental.nl\/\",\"logo\":{\"@type\":\"ImageObject\",\"inLanguage\":\"fr-FR\",\"@id\":\"https:\/\/vermeer-rental.nl\/#\/schema\/logo\/image\/\",\"url\":\"https:\/\/vermeer-rental.nl\/wp-content\/uploads\/2023\/02\/Logo-Vermeer-Rental-RGB.png\",\"contentUrl\":\"https:\/\/vermeer-rental.nl\/wp-content\/uploads\/2023\/02\/Logo-Vermeer-Rental-RGB.png\",\"width\":800,\"height\":210,\"caption\":\"Vermeer Rental & Services\"},\"image\":{\"@id\":\"https:\/\/vermeer-rental.nl\/#\/schema\/logo\/image\/\"},\"sameAs\":[\"https:\/\/www.facebook.com\/gebrvermeerindustrialmovements\",\"https:\/\/www.linkedin.com\/company\/gebr-vermeer-transport\/\",\"https:\/\/www.instagram.com\/gebrvermeer\/\"]}]}<\/script>\n<!-- \/ Yoast SEO Premium plugin. -->","yoast_head_json":{"title":"Location de grues Pick &amp; Carry - Voir notre offre ici. Location et services Vermeer","description":"Location de grues Pick &amp; Carry ? Grues industrielles de 2 \u00e0 60 tonnes. D\u00e9couvrez ici les possibilit\u00e9s de nos grues \u00e9lectriques Pick &amp; Carry 100%.","robots":{"index":"index","follow":"follow","max-snippet":"max-snippet:-1","max-image-preview":"max-image-preview:large","max-video-preview":"max-video-preview:-1"},"canonical":"https:\/\/vermeer-rental.nl\/fr\/produit\/location-de-grues-pick-and-carry-location-de-grues-pick-and-carry-grues-pick-and-carry-grues\/","og_locale":"fr_FR","og_type":"article","og_title":"Pick & Carry kraan - MC25S","og_description":"Pick & Carry kraan huren? Industriekranen van 2 tot 60 ton. Ontdek hier de mogelijkheden van onze 100% elektrische Pick & Carry kranen.","og_url":"https:\/\/vermeer-rental.nl\/fr\/produit\/location-de-grues-pick-and-carry-location-de-grues-pick-and-carry-grues-pick-and-carry-grues\/","og_site_name":"Vermeer Rental &amp; Services","article_publisher":"https:\/\/www.facebook.com\/gebrvermeerindustrialmovements","article_modified_time":"2024-12-03T10:09:55+00:00","og_image":[{"width":738,"height":738,"url":"https:\/\/vermeer-rental.nl\/wp-content\/uploads\/2023\/02\/MC25S-Foto.jpg","type":"image\/jpeg"}],"twitter_card":"summary_large_image","twitter_misc":{"Dur\u00e9e de lecture estim\u00e9e":"2 minutes"},"schema":{"@context":"https:\/\/schema.org","@graph":[{"@type":"WebPage","@id":"https:\/\/vermeer-rental.nl\/product\/pick-carry-kraan-huren-pick-and-carry-kraan-pick-carry-kraan\/","url":"https:\/\/vermeer-rental.nl\/product\/pick-carry-kraan-huren-pick-and-carry-kraan-pick-carry-kraan\/","name":"Location de grues Pick &amp; Carry - Voir notre offre ici. Location et services Vermeer","isPartOf":{"@id":"https:\/\/vermeer-rental.nl\/#website"},"primaryImageOfPage":{"@id":"https:\/\/vermeer-rental.nl\/product\/pick-carry-kraan-huren-pick-and-carry-kraan-pick-carry-kraan\/#primaryimage"},"image":{"@id":"https:\/\/vermeer-rental.nl\/product\/pick-carry-kraan-huren-pick-and-carry-kraan-pick-carry-kraan\/#primaryimage"},"thumbnailUrl":"https:\/\/vermeer-rental.nl\/wp-content\/uploads\/2023\/02\/MC25S-Foto.jpg","datePublished":"2023-02-25T13:42:36+00:00","dateModified":"2024-12-03T10:09:55+00:00","description":"Location de grues Pick &amp; Carry ? Grues industrielles de 2 \u00e0 60 tonnes. D\u00e9couvrez ici les possibilit\u00e9s de nos grues \u00e9lectriques Pick &amp; Carry 100%.","breadcrumb":{"@id":"https:\/\/vermeer-rental.nl\/product\/pick-carry-kraan-huren-pick-and-carry-kraan-pick-carry-kraan\/#breadcrumb"},"inLanguage":"fr-FR","potentialAction":[{"@type":"ReadAction","target":["https:\/\/vermeer-rental.nl\/product\/pick-carry-kraan-huren-pick-and-carry-kraan-pick-carry-kraan\/"]}]},{"@type":"ImageObject","inLanguage":"fr-FR","@id":"https:\/\/vermeer-rental.nl\/product\/pick-carry-kraan-huren-pick-and-carry-kraan-pick-carry-kraan\/#primaryimage","url":"https:\/\/vermeer-rental.nl\/wp-content\/uploads\/2023\/02\/MC25S-Foto.jpg","contentUrl":"https:\/\/vermeer-rental.nl\/wp-content\/uploads\/2023\/02\/MC25S-Foto.jpg","width":738,"height":738},{"@type":"BreadcrumbList","@id":"https:\/\/vermeer-rental.nl\/product\/pick-carry-kraan-huren-pick-and-carry-kraan-pick-carry-kraan\/#breadcrumb","itemListElement":[{"@type":"ListItem","position":1,"name":"Home","item":"https:\/\/vermeer-rental.nl\/"},{"@type":"ListItem","position":2,"name":"Diensten","item":"https:\/\/vermeer-rental.nl\/diensten\/"},{"@type":"ListItem","position":3,"name":"Pick &#038; Carry kraan &#8211; MC25S"}]},{"@type":"WebSite","@id":"https:\/\/vermeer-rental.nl\/#website","url":"https:\/\/vermeer-rental.nl\/","name":"Location et services Vermeer","description":"En attente !","publisher":{"@id":"https:\/\/vermeer-rental.nl\/#organization"},"potentialAction":[{"@type":"SearchAction","target":{"@type":"EntryPoint","urlTemplate":"https:\/\/vermeer-rental.nl\/?s={search_term_string}"},"query-input":{"@type":"PropertyValueSpecification","valueRequired":true,"valueName":"search_term_string"}}],"inLanguage":"fr-FR"},{"@type":"Organization","@id":"https:\/\/vermeer-rental.nl\/#organization","name":"Location et services Vermeer","url":"https:\/\/vermeer-rental.nl\/","logo":{"@type":"ImageObject","inLanguage":"fr-FR","@id":"https:\/\/vermeer-rental.nl\/#\/schema\/logo\/image\/","url":"https:\/\/vermeer-rental.nl\/wp-content\/uploads\/2023\/02\/Logo-Vermeer-Rental-RGB.png","contentUrl":"https:\/\/vermeer-rental.nl\/wp-content\/uploads\/2023\/02\/Logo-Vermeer-Rental-RGB.png","width":800,"height":210,"caption":"Vermeer Rental & Services"},"image":{"@id":"https:\/\/vermeer-rental.nl\/#\/schema\/logo\/image\/"},"sameAs":["https:\/\/www.facebook.com\/gebrvermeerindustrialmovements","https:\/\/www.linkedin.com\/company\/gebr-vermeer-transport\/","https:\/\/www.instagram.com\/gebrvermeer\/"]}]}},"_links":{"self":[{"href":"https:\/\/vermeer-rental.nl\/fr\/wp-json\/wp\/v2\/product\/25","targetHints":{"allow":["GET"]}}],"collection":[{"href":"https:\/\/vermeer-rental.nl\/fr\/wp-json\/wp\/v2\/product"}],"about":[{"href":"https:\/\/vermeer-rental.nl\/fr\/wp-json\/wp\/v2\/types\/product"}],"replies":[{"embeddable":true,"href":"https:\/\/vermeer-rental.nl\/fr\/wp-json\/wp\/v2\/comments?post=25"}],"wp:featuredmedia":[{"embeddable":true,"href":"https:\/\/vermeer-rental.nl\/fr\/wp-json\/wp\/v2\/media\/61"}],"wp:attachment":[{"href":"https:\/\/vermeer-rental.nl\/fr\/wp-json\/wp\/v2\/media?parent=25"}],"wp:term":[{"taxonomy":"product_brand","embeddable":true,"href":"https:\/\/vermeer-rental.nl\/fr\/wp-json\/wp\/v2\/product_brand?post=25"},{"taxonomy":"product_cat","embeddable":true,"href":"https:\/\/vermeer-rental.nl\/fr\/wp-json\/wp\/v2\/product_cat?post=25"},{"taxonomy":"product_tag","embeddable":true,"href":"https:\/\/vermeer-rental.nl\/fr\/wp-json\/wp\/v2\/product_tag?post=25"}],"curies":[{"name":"wp","href":"https:\/\/api.w.org\/{rel}","templated":true}]}}