{"id":2165,"date":"2024-08-29T21:25:20","date_gmt":"2024-08-29T19:25:20","guid":{"rendered":"https:\/\/vermeer-rental.nl\/?post_type=product&#038;p=2165"},"modified":"2025-06-24T00:05:23","modified_gmt":"2025-06-23T22:05:23","slug":"mini-grue-hoeflon-c30e","status":"publish","type":"product","link":"https:\/\/vermeer-rental.nl\/fr\/product\/hoeflon-c30e-minihijskraan\/","title":{"rendered":"Hoeflon C30E Minicrane"},"content":{"rendered":"<h3>Hoeflon C30E Minicrane - compacte, \u00e9lectrique et d'une puissance impressionnante<\/h3>\n<p>Le <strong data-start=\"386\" data-end=\"416\">Mini grue Hoeflon C30E<\/strong> est un moteur d'innovation dans le segment des grues compactes. Gr\u00e2ce \u00e0 sa conception intelligente, \u00e0 son entra\u00eenement \u00e9lectrique 100% et \u00e0 sa grande pr\u00e9cision, cette mini-grue est id\u00e9ale pour les travaux de levage dans les zones \u00e9troites ou difficiles d'acc\u00e8s. La C30E associe des performances puissantes \u00e0 un fonctionnement sans \u00e9missions, ce qui en fait une solution durable et \u00e0 l'\u00e9preuve du temps.<\/p>\n<ul>\n<li data-start=\"768\" data-end=\"803\"><strong data-start=\"772\" data-end=\"803\">Tout \u00e9lectrique pour un travail sans \u00e9missions<br \/>\n<\/strong>La C30E est enti\u00e8rement \u00e9lectrique, ce qui signifie qu'elle ne produit aucune \u00e9mission. Cette caract\u00e9ristique est non seulement plus respectueuse de l'environnement, mais elle rend \u00e9galement la grue tr\u00e8s adapt\u00e9e \u00e0 une utilisation en int\u00e9rieur, dans les centres-villes et dans d'autres lieux sensibles aux \u00e9missions. L'entra\u00eenement \u00e9lectrique garantit \u00e9galement un fonctionnement silencieux et efficace, sans perte de puissance.<\/li>\n<li data-start=\"1165\" data-end=\"1213\"><strong data-start=\"1169\" data-end=\"1213\">Respectueux du sol et man\u0153uvrable dans les espaces \u00e9troits<br \/>\n<\/strong>Gr\u00e2ce \u00e0 son syst\u00e8me sp\u00e9cial, <strong data-start=\"1272\" data-end=\"1304\">pistes adapt\u00e9es au sol<\/strong> le C30E ne laisse aucune trace sur les sols fragiles ou finis. Ses <strong data-start=\"1378\" data-end=\"1405\">largeur de voie r\u00e9glable<\/strong> permet de man\u0153uvrer \u00e0 travers les portes et les passages \u00e9troits. Id\u00e9al pour les travaux dans les b\u00e2timents, les halls d'usine ou les endroits difficiles d'acc\u00e8s.<\/li>\n<li data-start=\"1531\" data-end=\"1587\"><strong data-start=\"1535\" data-end=\"1587\">Grande hauteur de levage et pr\u00e9cision maximale<br \/>\n<\/strong>Avec une hauteur de levage maximale de <strong data-start=\"1654\" data-end=\"1666\">22 m\u00e8tres<\/strong> le Hoeflon C30E est unique dans sa cat\u00e9gorie. Deux vitesses r\u00e9glables permettent \u00e0 l'op\u00e9rateur de man\u0153uvrer avec une extr\u00eame pr\u00e9cision, m\u00eame pour des travaux de levage complexes ou \u00e0 haut risque. Le <strong data-start=\"1843\" data-end=\"1879\">t\u00e9l\u00e9commande radio<\/strong> avec \u00e9cran int\u00e9gr\u00e9 fournit des informations en temps r\u00e9el sur l'\u00e9tat de la grue, contribuant ainsi \u00e0 une s\u00e9curit\u00e9 et un contr\u00f4le maximums.<\/li>\n<li data-start=\"1883\" data-end=\"1918\"><strong data-start=\"1887\" data-end=\"1918\">Travailler en toute s\u00e9curit\u00e9 et avec pr\u00e9cision<br \/>\n<\/strong>La grue pr\u00e9sente les caract\u00e9ristiques suivantes <strong data-start=\"1943\" data-end=\"1972\">deux vitesses r\u00e9glables<\/strong> pour un fonctionnement extr\u00eamement pr\u00e9cis. Les <strong data-start=\"2009\" data-end=\"2070\">t\u00e9l\u00e9commande radio avec \u00e9cran int\u00e9gr\u00e9<\/strong> affiche des informations en temps r\u00e9el sur l'\u00e9tat de la grue, contribuant ainsi \u00e0 la s\u00e9curit\u00e9 et \u00e0 l'efficacit\u00e9 du travail.<\/li>\n<\/ul>\n<h3 data-start=\"2012\" data-end=\"2045\"><strong data-start=\"2016\" data-end=\"2045\"><br \/>\nApplications et avantages<\/strong><\/h3>\n<p data-start=\"2047\" data-end=\"2092\">Le Hoeflon C30E est parfait pour, entre autres choses :<\/p>\n<ul data-start=\"2094\" data-end=\"2274\">\n<li data-start=\"2094\" data-end=\"2134\">\n<p data-start=\"2096\" data-end=\"2134\">Travaux d'installation dans les b\u00e2timents<\/p>\n<\/li>\n<li data-start=\"2094\" data-end=\"2134\">\n<p data-start=\"2096\" data-end=\"2134\">Assemblage du verre et des fa\u00e7ades<\/p>\n<\/li>\n<li data-start=\"2161\" data-end=\"2188\">\n<p data-start=\"2163\" data-end=\"2188\">Emplois dans le domaine du levage industriel<\/p>\n<\/li>\n<li data-start=\"2189\" data-end=\"2226\">\n<p data-start=\"2191\" data-end=\"2226\">Projets de construction avec espace limit\u00e9<\/p>\n<\/li>\n<li data-start=\"2227\" data-end=\"2274\">\n<p data-start=\"2229\" data-end=\"2274\">D\u00e9m\u00e9nagement de machines lourdes ou de pi\u00e8ces d\u00e9tach\u00e9es<\/p>\n<\/li>\n<\/ul>\n<h3 data-start=\"2276\" data-end=\"2335\"><strong data-start=\"2280\" data-end=\"2335\">Les mini-grues les plus performantes pour une utilisation professionnelle<\/strong><\/h3>\n<p data-start=\"2337\" data-end=\"2541\">Vous \u00eates \u00e0 la recherche d'un <strong data-start=\"2361\" data-end=\"2410\">mini-grue puissante, durable et maniable<\/strong>? Le Hoeflon C30E est alors le choix id\u00e9al. Combinez puissance et pr\u00e9cision, travaillez sans \u00e9missions et faites passer vos travaux de levage \u00e0 la vitesse sup\u00e9rieure.<\/p>\n<p data-start=\"2180\" data-end=\"2234\">Consultez notre gamme compl\u00e8te de<strong> <a class=\"\" href=\"https:\/\/vermeer-rental.nl\/fr\/categorie\/mini-grues-grue-compacte-petite-grue\/\" rel=\"noopener\" data-start=\"2527\" data-end=\"2551\">mini grues ici<\/a> <\/strong>et d\u00e9couvrez la solution la mieux adapt\u00e9e \u00e0 votre projet.<\/p>","protected":false},"excerpt":{"rendered":"<p><strong>Le puissant polyvalent<\/strong><\/p>\n<p>La mini-grue Hoeflon C30E est notre moteur absolu : cette grue compacte peut soulever jusqu'\u00e0 9 tonnes. Et ce, alors que son propre poids est inf\u00e9rieur \u00e0 9 tonnes. D'ailleurs, ces kilos ne se voient pas : m\u00eame cette centrale est suffisamment mince pour passer dans des espaces compacts.<\/p>\n<form action=\"https:\/\/vermeer-rental.nl\/wp-content\/uploads\/2024\/08\/Hoeflon_C30E-NL.pdf\" data-trp-original-action=\"https:\/\/vermeer-rental.nl\/wp-content\/uploads\/2024\/08\/Hoeflon_C30E-NL.pdf\"><button class=\"pdf-button\" type=\"submit\">Donn\u00e9es techniques<\/button><input type=\"hidden\" name=\"trp-form-language\" value=\"fr\"\/><\/form>","protected":false},"featured_media":2230,"comment_status":"closed","ping_status":"closed","template":"","meta":{"om_disable_all_campaigns":false,"_monsterinsights_skip_tracking":false,"_monsterinsights_sitenote_active":false,"_monsterinsights_sitenote_note":"","_monsterinsights_sitenote_category":0},"product_brand":[],"product_cat":[403],"product_tag":[],"class_list":{"0":"post-2165","1":"product","2":"type-product","3":"status-publish","4":"has-post-thumbnail","6":"product_cat-minihijskranen-compacte-hijskraan-kleine-hijskraan","8":"first","9":"instock","10":"shipping-taxable","11":"purchasable","12":"product-type-simple"},"yoast_head":"<!-- This site is optimized with the Yoast SEO Premium plugin v23.3 (Yoast SEO v27.2) - https:\/\/yoast.com\/product\/yoast-seo-premium-wordpress\/ -->\n<title>Hoeflon C30E Minihijskraan - Vermeer Rental &amp; Services<\/title>\n<meta name=\"description\" content=\"De Hoeflon C30E minihijskraan is onze absolute krachtpatser: deze minihijskraan tilt tot 9 ton. En dat terwijl zijn eigen gewicht nog geen 9 ton bedraagt.\" \/>\n<meta name=\"robots\" content=\"index, follow, max-snippet:-1, max-image-preview:large, max-video-preview:-1\" \/>\n<link rel=\"canonical\" href=\"https:\/\/vermeer-rental.nl\/fr\/produit\/mini-grue-hoeflon-c30e\/\" \/>\n<meta property=\"og:locale\" content=\"fr_FR\" \/>\n<meta property=\"og:type\" content=\"article\" \/>\n<meta property=\"og:title\" content=\"Hoeflon C30E Minihijskraan\" \/>\n<meta property=\"og:description\" content=\"De Hoeflon C30E minikraan is onze absolute krachtpatser: deze compactkraan tilt tot 9 ton. En dat terwijl zijn eigen gewicht nog geen 9 ton bedraagt.\" \/>\n<meta property=\"og:url\" content=\"https:\/\/vermeer-rental.nl\/fr\/produit\/mini-grue-hoeflon-c30e\/\" \/>\n<meta property=\"og:site_name\" content=\"Vermeer Rental &amp; Services\" \/>\n<meta property=\"article:publisher\" content=\"https:\/\/www.facebook.com\/gebrvermeerindustrialmovements\" \/>\n<meta property=\"article:modified_time\" content=\"2025-06-23T22:05:23+00:00\" \/>\n<meta property=\"og:image\" content=\"https:\/\/vermeer-rental.nl\/wp-content\/uploads\/2024\/08\/MM-Hoeflon-C30-1024x614.png\" \/>\n\t<meta property=\"og:image:width\" content=\"1024\" \/>\n\t<meta property=\"og:image:height\" content=\"614\" \/>\n\t<meta property=\"og:image:type\" content=\"image\/png\" \/>\n<meta name=\"twitter:card\" content=\"summary_large_image\" \/>\n<meta name=\"twitter:label1\" content=\"Dur\u00e9e de lecture estim\u00e9e\" \/>\n\t<meta name=\"twitter:data1\" content=\"2 minutes\" \/>\n<script type=\"application\/ld+json\" class=\"yoast-schema-graph\">{\"@context\":\"https:\/\/schema.org\",\"@graph\":[{\"@type\":\"WebPage\",\"@id\":\"https:\/\/vermeer-rental.nl\/product\/hoeflon-c30e-minihijskraan\/\",\"url\":\"https:\/\/vermeer-rental.nl\/product\/hoeflon-c30e-minihijskraan\/\",\"name\":\"Hoeflon C30E Minihijskraan - Vermeer Rental &amp; Services\",\"isPartOf\":{\"@id\":\"https:\/\/vermeer-rental.nl\/#website\"},\"primaryImageOfPage\":{\"@id\":\"https:\/\/vermeer-rental.nl\/product\/hoeflon-c30e-minihijskraan\/#primaryimage\"},\"image\":{\"@id\":\"https:\/\/vermeer-rental.nl\/product\/hoeflon-c30e-minihijskraan\/#primaryimage\"},\"thumbnailUrl\":\"https:\/\/vermeer-rental.nl\/wp-content\/uploads\/2024\/08\/2.png\",\"datePublished\":\"2024-08-29T19:25:20+00:00\",\"dateModified\":\"2025-06-23T22:05:23+00:00\",\"description\":\"De Hoeflon C30E minihijskraan is onze absolute krachtpatser: deze minihijskraan tilt tot 9 ton. En dat terwijl zijn eigen gewicht nog geen 9 ton bedraagt.\",\"breadcrumb\":{\"@id\":\"https:\/\/vermeer-rental.nl\/product\/hoeflon-c30e-minihijskraan\/#breadcrumb\"},\"inLanguage\":\"fr-FR\",\"potentialAction\":[{\"@type\":\"ReadAction\",\"target\":[\"https:\/\/vermeer-rental.nl\/product\/hoeflon-c30e-minihijskraan\/\"]}]},{\"@type\":\"ImageObject\",\"inLanguage\":\"fr-FR\",\"@id\":\"https:\/\/vermeer-rental.nl\/product\/hoeflon-c30e-minihijskraan\/#primaryimage\",\"url\":\"https:\/\/vermeer-rental.nl\/wp-content\/uploads\/2024\/08\/2.png\",\"contentUrl\":\"https:\/\/vermeer-rental.nl\/wp-content\/uploads\/2024\/08\/2.png\",\"width\":2025,\"height\":2025,\"caption\":\"De krachtige en compacte Hoeflon C30E is ideaal voor hijswerk in krappe ruimtes.\"},{\"@type\":\"BreadcrumbList\",\"@id\":\"https:\/\/vermeer-rental.nl\/product\/hoeflon-c30e-minihijskraan\/#breadcrumb\",\"itemListElement\":[{\"@type\":\"ListItem\",\"position\":1,\"name\":\"Home\",\"item\":\"https:\/\/vermeer-rental.nl\/\"},{\"@type\":\"ListItem\",\"position\":2,\"name\":\"Diensten\",\"item\":\"https:\/\/vermeer-rental.nl\/diensten\/\"},{\"@type\":\"ListItem\",\"position\":3,\"name\":\"Hoeflon C30E Minihijskraan\"}]},{\"@type\":\"WebSite\",\"@id\":\"https:\/\/vermeer-rental.nl\/#website\",\"url\":\"https:\/\/vermeer-rental.nl\/\",\"name\":\"Vermeer Rental & Services\",\"description\":\"Staat voor u klaar!\",\"publisher\":{\"@id\":\"https:\/\/vermeer-rental.nl\/#organization\"},\"potentialAction\":[{\"@type\":\"SearchAction\",\"target\":{\"@type\":\"EntryPoint\",\"urlTemplate\":\"https:\/\/vermeer-rental.nl\/?s={search_term_string}\"},\"query-input\":{\"@type\":\"PropertyValueSpecification\",\"valueRequired\":true,\"valueName\":\"search_term_string\"}}],\"inLanguage\":\"fr-FR\"},{\"@type\":\"Organization\",\"@id\":\"https:\/\/vermeer-rental.nl\/#organization\",\"name\":\"Vermeer Rental & Services\",\"url\":\"https:\/\/vermeer-rental.nl\/\",\"logo\":{\"@type\":\"ImageObject\",\"inLanguage\":\"fr-FR\",\"@id\":\"https:\/\/vermeer-rental.nl\/#\/schema\/logo\/image\/\",\"url\":\"https:\/\/vermeer-rental.nl\/wp-content\/uploads\/2023\/02\/Logo-Vermeer-Rental-RGB.png\",\"contentUrl\":\"https:\/\/vermeer-rental.nl\/wp-content\/uploads\/2023\/02\/Logo-Vermeer-Rental-RGB.png\",\"width\":800,\"height\":210,\"caption\":\"Vermeer Rental & Services\"},\"image\":{\"@id\":\"https:\/\/vermeer-rental.nl\/#\/schema\/logo\/image\/\"},\"sameAs\":[\"https:\/\/www.facebook.com\/gebrvermeerindustrialmovements\",\"https:\/\/www.linkedin.com\/company\/gebr-vermeer-transport\/\",\"https:\/\/www.instagram.com\/gebrvermeer\/\"]}]}<\/script>\n<!-- \/ Yoast SEO Premium plugin. -->","yoast_head_json":{"title":"Mini grue de levage Hoeflon C30E - Vermeer Rental &amp; Services","description":"La mini-grue Hoeflon C30E est une v\u00e9ritable locomotive : cette mini-grue peut soulever jusqu'\u00e0 9 tonnes. Et ce, alors que son propre poids est inf\u00e9rieur \u00e0 9 tonnes.","robots":{"index":"index","follow":"follow","max-snippet":"max-snippet:-1","max-image-preview":"max-image-preview:large","max-video-preview":"max-video-preview:-1"},"canonical":"https:\/\/vermeer-rental.nl\/fr\/produit\/mini-grue-hoeflon-c30e\/","og_locale":"fr_FR","og_type":"article","og_title":"Hoeflon C30E Minihijskraan","og_description":"De Hoeflon C30E minikraan is onze absolute krachtpatser: deze compactkraan tilt tot 9 ton. En dat terwijl zijn eigen gewicht nog geen 9 ton bedraagt.","og_url":"https:\/\/vermeer-rental.nl\/fr\/produit\/mini-grue-hoeflon-c30e\/","og_site_name":"Vermeer Rental &amp; Services","article_publisher":"https:\/\/www.facebook.com\/gebrvermeerindustrialmovements","article_modified_time":"2025-06-23T22:05:23+00:00","og_image":[{"width":1024,"height":614,"url":"https:\/\/vermeer-rental.nl\/wp-content\/uploads\/2024\/08\/MM-Hoeflon-C30-1024x614.png","type":"image\/png"}],"twitter_card":"summary_large_image","twitter_misc":{"Dur\u00e9e de lecture estim\u00e9e":"2 minutes"},"schema":{"@context":"https:\/\/schema.org","@graph":[{"@type":"WebPage","@id":"https:\/\/vermeer-rental.nl\/product\/hoeflon-c30e-minihijskraan\/","url":"https:\/\/vermeer-rental.nl\/product\/hoeflon-c30e-minihijskraan\/","name":"Mini grue de levage Hoeflon C30E - Vermeer Rental &amp; Services","isPartOf":{"@id":"https:\/\/vermeer-rental.nl\/#website"},"primaryImageOfPage":{"@id":"https:\/\/vermeer-rental.nl\/product\/hoeflon-c30e-minihijskraan\/#primaryimage"},"image":{"@id":"https:\/\/vermeer-rental.nl\/product\/hoeflon-c30e-minihijskraan\/#primaryimage"},"thumbnailUrl":"https:\/\/vermeer-rental.nl\/wp-content\/uploads\/2024\/08\/2.png","datePublished":"2024-08-29T19:25:20+00:00","dateModified":"2025-06-23T22:05:23+00:00","description":"La mini-grue Hoeflon C30E est une v\u00e9ritable locomotive : cette mini-grue peut soulever jusqu'\u00e0 9 tonnes. Et ce, alors que son propre poids est inf\u00e9rieur \u00e0 9 tonnes.","breadcrumb":{"@id":"https:\/\/vermeer-rental.nl\/product\/hoeflon-c30e-minihijskraan\/#breadcrumb"},"inLanguage":"fr-FR","potentialAction":[{"@type":"ReadAction","target":["https:\/\/vermeer-rental.nl\/product\/hoeflon-c30e-minihijskraan\/"]}]},{"@type":"ImageObject","inLanguage":"fr-FR","@id":"https:\/\/vermeer-rental.nl\/product\/hoeflon-c30e-minihijskraan\/#primaryimage","url":"https:\/\/vermeer-rental.nl\/wp-content\/uploads\/2024\/08\/2.png","contentUrl":"https:\/\/vermeer-rental.nl\/wp-content\/uploads\/2024\/08\/2.png","width":2025,"height":2025,"caption":"De krachtige en compacte Hoeflon C30E is ideaal voor hijswerk in krappe ruimtes."},{"@type":"BreadcrumbList","@id":"https:\/\/vermeer-rental.nl\/product\/hoeflon-c30e-minihijskraan\/#breadcrumb","itemListElement":[{"@type":"ListItem","position":1,"name":"Home","item":"https:\/\/vermeer-rental.nl\/"},{"@type":"ListItem","position":2,"name":"Diensten","item":"https:\/\/vermeer-rental.nl\/diensten\/"},{"@type":"ListItem","position":3,"name":"Hoeflon C30E Minihijskraan"}]},{"@type":"WebSite","@id":"https:\/\/vermeer-rental.nl\/#website","url":"https:\/\/vermeer-rental.nl\/","name":"Location et services Vermeer","description":"En attente !","publisher":{"@id":"https:\/\/vermeer-rental.nl\/#organization"},"potentialAction":[{"@type":"SearchAction","target":{"@type":"EntryPoint","urlTemplate":"https:\/\/vermeer-rental.nl\/?s={search_term_string}"},"query-input":{"@type":"PropertyValueSpecification","valueRequired":true,"valueName":"search_term_string"}}],"inLanguage":"fr-FR"},{"@type":"Organization","@id":"https:\/\/vermeer-rental.nl\/#organization","name":"Location et services Vermeer","url":"https:\/\/vermeer-rental.nl\/","logo":{"@type":"ImageObject","inLanguage":"fr-FR","@id":"https:\/\/vermeer-rental.nl\/#\/schema\/logo\/image\/","url":"https:\/\/vermeer-rental.nl\/wp-content\/uploads\/2023\/02\/Logo-Vermeer-Rental-RGB.png","contentUrl":"https:\/\/vermeer-rental.nl\/wp-content\/uploads\/2023\/02\/Logo-Vermeer-Rental-RGB.png","width":800,"height":210,"caption":"Vermeer Rental & Services"},"image":{"@id":"https:\/\/vermeer-rental.nl\/#\/schema\/logo\/image\/"},"sameAs":["https:\/\/www.facebook.com\/gebrvermeerindustrialmovements","https:\/\/www.linkedin.com\/company\/gebr-vermeer-transport\/","https:\/\/www.instagram.com\/gebrvermeer\/"]}]}},"_links":{"self":[{"href":"https:\/\/vermeer-rental.nl\/fr\/wp-json\/wp\/v2\/product\/2165","targetHints":{"allow":["GET"]}}],"collection":[{"href":"https:\/\/vermeer-rental.nl\/fr\/wp-json\/wp\/v2\/product"}],"about":[{"href":"https:\/\/vermeer-rental.nl\/fr\/wp-json\/wp\/v2\/types\/product"}],"replies":[{"embeddable":true,"href":"https:\/\/vermeer-rental.nl\/fr\/wp-json\/wp\/v2\/comments?post=2165"}],"wp:featuredmedia":[{"embeddable":true,"href":"https:\/\/vermeer-rental.nl\/fr\/wp-json\/wp\/v2\/media\/2230"}],"wp:attachment":[{"href":"https:\/\/vermeer-rental.nl\/fr\/wp-json\/wp\/v2\/media?parent=2165"}],"wp:term":[{"taxonomy":"product_brand","embeddable":true,"href":"https:\/\/vermeer-rental.nl\/fr\/wp-json\/wp\/v2\/product_brand?post=2165"},{"taxonomy":"product_cat","embeddable":true,"href":"https:\/\/vermeer-rental.nl\/fr\/wp-json\/wp\/v2\/product_cat?post=2165"},{"taxonomy":"product_tag","embeddable":true,"href":"https:\/\/vermeer-rental.nl\/fr\/wp-json\/wp\/v2\/product_tag?post=2165"}],"curies":[{"name":"wp","href":"https:\/\/api.w.org\/{rel}","templated":true}]}}