{"id":2158,"date":"2024-08-29T20:32:24","date_gmt":"2024-08-29T18:32:24","guid":{"rendered":"https:\/\/vermeer-rental.nl\/?post_type=product&#038;p=2158"},"modified":"2024-12-03T11:13:27","modified_gmt":"2024-12-03T10:13:27","slug":"minicrane-hoeflon-c6e","status":"publish","type":"product","link":"https:\/\/vermeer-rental.nl\/fr\/product\/minihijskraan-hoeflon-c6e\/","title":{"rendered":"Hoeflon C6E Minicrane"},"content":{"rendered":"<p><strong>Minigrue tout \u00e9lectrique : la Hoeflon C6E<br \/>\n<\/strong><\/p>\n<p>La Hoeflon C6E est notre mini-grue la plus compacte mais extr\u00eamement puissante. Elle convient donc parfaitement pour effectuer des travaux lourds dans les espaces les plus restreints. Cette mini grue peut m\u00eame soulever plus que son propre poids.<\/p>\n<p>Les principaux avantages du Hoeflon C6E en un coup d'\u0153il :<\/p>\n<ul>\n<li><strong>Enti\u00e8rement \u00e9lectrique :<\/strong> Le Hoeflon C6E est aliment\u00e9 par un moteur \u00e9lectrique 100%, ce qui garantit un fonctionnement efficace, silencieux et respectueux de l'environnement.<\/li>\n<li><strong>Hauteur de levage impressionnante :<\/strong> Le Hoeflon C6E a une hauteur de levage maximale de 17 m\u00e8tres, et sans fl\u00e8che, il atteint encore une hauteur de 11,5 m\u00e8tres.<\/li>\n<li><strong>Chenille adapt\u00e9e au sol :<\/strong> La mini-grue roule sans effort sur des surfaces in\u00e9gales et rugueuses gr\u00e2ce \u00e0 ses chenilles, qui ne laissent pas de traces ni de dommages sur les sols finis, ce qui est id\u00e9al pour le levage \u00e0 l'int\u00e9rieur.<\/li>\n<li><b>Agilit\u00e9 et pr\u00e9cision : <\/b>Pour un contr\u00f4le et une pr\u00e9cision optimaux, la mini-grue est \u00e9quip\u00e9e de deux engrenages.<\/li>\n<li><strong>T\u00e9l\u00e9commande radio : <\/strong>La t\u00e9l\u00e9commande avec \u00e9cran int\u00e9gr\u00e9 permet de surveiller en permanence l'\u00e9tat de la grue pour un fonctionnement s\u00fbr et efficace.<\/li>\n<li><strong>S'adapte \u00e0 toutes les portes :<\/strong> Gr\u00e2ce \u00e0 sa conception compacte, le Hoeflon C6E peut m\u00eame entrer par votre porte d'entr\u00e9e.<\/li>\n<\/ul>\n<p>Le Hoeflon C6E est la solution pour un levage puissant, efficace et pr\u00e9cis dans des espaces extr\u00eamement restreints !<\/p>","protected":false},"excerpt":{"rendered":"<p><strong>Un polyvalent unique en son genre<\/strong><\/p>\n<p>La mini-grue C6e est le mod\u00e8le polyvalent des grues compactes de Hoeflon. Ce mod\u00e8le a une capacit\u00e9 de levage \u00e9lev\u00e9e allant jusqu'\u00e0 3000 kg et une hauteur de levage maximale de 16 m\u00e8tres. Une fl\u00e8che de 4,3 m\u00e8tres est disponible en option. Les stabilisateurs rotatifs permettent \u00e0 la grue d'\u00eatre toujours dans une position stable optimale. Cette grue peut soulever plus que son propre poids et est donc unique en son genre.<\/p>\n<form action=\"https:\/\/vermeer-rental.nl\/wp-content\/uploads\/2024\/08\/Brochure-C6e-NL.pdf-1.pdf\" data-trp-original-action=\"https:\/\/vermeer-rental.nl\/wp-content\/uploads\/2024\/08\/Brochure-C6e-NL.pdf-1.pdf\"><button class=\"pdf-button\" type=\"submit\">Donn\u00e9es techniques<\/button><input type=\"hidden\" name=\"trp-form-language\" value=\"fr\"\/><\/form>","protected":false},"featured_media":2233,"comment_status":"closed","ping_status":"closed","template":"","meta":{"om_disable_all_campaigns":false,"_monsterinsights_skip_tracking":false,"_monsterinsights_sitenote_active":false,"_monsterinsights_sitenote_note":"","_monsterinsights_sitenote_category":0},"product_brand":[],"product_cat":[403],"product_tag":[],"class_list":{"0":"post-2158","1":"product","2":"type-product","3":"status-publish","4":"has-post-thumbnail","6":"product_cat-minihijskranen-compacte-hijskraan-kleine-hijskraan","8":"first","9":"instock","10":"shipping-taxable","11":"purchasable","12":"product-type-simple"},"yoast_head":"<!-- This site is optimized with the Yoast SEO Premium plugin v23.3 (Yoast SEO v27.2) - https:\/\/yoast.com\/product\/yoast-seo-premium-wordpress\/ -->\n<title>Hoeflon C6E Minihijskraan - Vermeer Rental &amp; Services<\/title>\n<meta name=\"description\" content=\"De Hoeflon C6E minihijskraan werkt volledig elektrisch, tot wel 8 uur op een acculading! Informeer naar de mogelijkheden of kijk naar onze alternatieven.\" \/>\n<meta name=\"robots\" content=\"index, follow, max-snippet:-1, max-image-preview:large, max-video-preview:-1\" \/>\n<link rel=\"canonical\" href=\"https:\/\/vermeer-rental.nl\/fr\/produit\/minicrane-hoeflon-c6e\/\" \/>\n<meta property=\"og:locale\" content=\"fr_FR\" \/>\n<meta property=\"og:type\" content=\"article\" \/>\n<meta property=\"og:title\" content=\"Hoeflon C6E Minihijskraan\" \/>\n<meta property=\"og:description\" content=\"De Hoeflon C6E minihijskraan werkt volledig elektrisch, tot wel 8 uur op een acculading! Informeer naar de mogelijkheden of kijk naar onze alternatieven.\" \/>\n<meta property=\"og:url\" content=\"https:\/\/vermeer-rental.nl\/fr\/produit\/minicrane-hoeflon-c6e\/\" \/>\n<meta property=\"og:site_name\" content=\"Vermeer Rental &amp; Services\" \/>\n<meta property=\"article:publisher\" content=\"https:\/\/www.facebook.com\/gebrvermeerindustrialmovements\" \/>\n<meta property=\"article:modified_time\" content=\"2024-12-03T10:13:27+00:00\" \/>\n<meta property=\"og:image\" content=\"https:\/\/vermeer-rental.nl\/wp-content\/uploads\/2024\/08\/3-1024x1024.png\" \/>\n\t<meta property=\"og:image:width\" content=\"1024\" \/>\n\t<meta property=\"og:image:height\" content=\"1024\" \/>\n\t<meta property=\"og:image:type\" content=\"image\/png\" \/>\n<meta name=\"twitter:card\" content=\"summary_large_image\" \/>\n<meta name=\"twitter:label1\" content=\"Dur\u00e9e de lecture estim\u00e9e\" \/>\n\t<meta name=\"twitter:data1\" content=\"2 minutes\" \/>\n<script type=\"application\/ld+json\" class=\"yoast-schema-graph\">{\"@context\":\"https:\/\/schema.org\",\"@graph\":[{\"@type\":\"WebPage\",\"@id\":\"https:\/\/vermeer-rental.nl\/product\/minihijskraan-hoeflon-c6e\/\",\"url\":\"https:\/\/vermeer-rental.nl\/product\/minihijskraan-hoeflon-c6e\/\",\"name\":\"Hoeflon C6E Minihijskraan - Vermeer Rental &amp; Services\",\"isPartOf\":{\"@id\":\"https:\/\/vermeer-rental.nl\/#website\"},\"primaryImageOfPage\":{\"@id\":\"https:\/\/vermeer-rental.nl\/product\/minihijskraan-hoeflon-c6e\/#primaryimage\"},\"image\":{\"@id\":\"https:\/\/vermeer-rental.nl\/product\/minihijskraan-hoeflon-c6e\/#primaryimage\"},\"thumbnailUrl\":\"https:\/\/vermeer-rental.nl\/wp-content\/uploads\/2024\/08\/3.png\",\"datePublished\":\"2024-08-29T18:32:24+00:00\",\"dateModified\":\"2024-12-03T10:13:27+00:00\",\"description\":\"De Hoeflon C6E minihijskraan werkt volledig elektrisch, tot wel 8 uur op een acculading! Informeer naar de mogelijkheden of kijk naar onze alternatieven.\",\"breadcrumb\":{\"@id\":\"https:\/\/vermeer-rental.nl\/product\/minihijskraan-hoeflon-c6e\/#breadcrumb\"},\"inLanguage\":\"fr-FR\",\"potentialAction\":[{\"@type\":\"ReadAction\",\"target\":[\"https:\/\/vermeer-rental.nl\/product\/minihijskraan-hoeflon-c6e\/\"]}]},{\"@type\":\"ImageObject\",\"inLanguage\":\"fr-FR\",\"@id\":\"https:\/\/vermeer-rental.nl\/product\/minihijskraan-hoeflon-c6e\/#primaryimage\",\"url\":\"https:\/\/vermeer-rental.nl\/wp-content\/uploads\/2024\/08\/3.png\",\"contentUrl\":\"https:\/\/vermeer-rental.nl\/wp-content\/uploads\/2024\/08\/3.png\",\"width\":2025,\"height\":2025,\"caption\":\"Hoeflon C6E -Minihijskraan\"},{\"@type\":\"BreadcrumbList\",\"@id\":\"https:\/\/vermeer-rental.nl\/product\/minihijskraan-hoeflon-c6e\/#breadcrumb\",\"itemListElement\":[{\"@type\":\"ListItem\",\"position\":1,\"name\":\"Home\",\"item\":\"https:\/\/vermeer-rental.nl\/\"},{\"@type\":\"ListItem\",\"position\":2,\"name\":\"Diensten\",\"item\":\"https:\/\/vermeer-rental.nl\/diensten\/\"},{\"@type\":\"ListItem\",\"position\":3,\"name\":\"Hoeflon C6E Minihijskraan\"}]},{\"@type\":\"WebSite\",\"@id\":\"https:\/\/vermeer-rental.nl\/#website\",\"url\":\"https:\/\/vermeer-rental.nl\/\",\"name\":\"Vermeer Rental & Services\",\"description\":\"Staat voor u klaar!\",\"publisher\":{\"@id\":\"https:\/\/vermeer-rental.nl\/#organization\"},\"potentialAction\":[{\"@type\":\"SearchAction\",\"target\":{\"@type\":\"EntryPoint\",\"urlTemplate\":\"https:\/\/vermeer-rental.nl\/?s={search_term_string}\"},\"query-input\":{\"@type\":\"PropertyValueSpecification\",\"valueRequired\":true,\"valueName\":\"search_term_string\"}}],\"inLanguage\":\"fr-FR\"},{\"@type\":\"Organization\",\"@id\":\"https:\/\/vermeer-rental.nl\/#organization\",\"name\":\"Vermeer Rental & Services\",\"url\":\"https:\/\/vermeer-rental.nl\/\",\"logo\":{\"@type\":\"ImageObject\",\"inLanguage\":\"fr-FR\",\"@id\":\"https:\/\/vermeer-rental.nl\/#\/schema\/logo\/image\/\",\"url\":\"https:\/\/vermeer-rental.nl\/wp-content\/uploads\/2023\/02\/Logo-Vermeer-Rental-RGB.png\",\"contentUrl\":\"https:\/\/vermeer-rental.nl\/wp-content\/uploads\/2023\/02\/Logo-Vermeer-Rental-RGB.png\",\"width\":800,\"height\":210,\"caption\":\"Vermeer Rental & Services\"},\"image\":{\"@id\":\"https:\/\/vermeer-rental.nl\/#\/schema\/logo\/image\/\"},\"sameAs\":[\"https:\/\/www.facebook.com\/gebrvermeerindustrialmovements\",\"https:\/\/www.linkedin.com\/company\/gebr-vermeer-transport\/\",\"https:\/\/www.instagram.com\/gebrvermeer\/\"]}]}<\/script>\n<!-- \/ Yoast SEO Premium plugin. -->","yoast_head_json":{"title":"Minigrue Hoeflon C6E - Vermeer Rental &amp; Services","description":"La mini-grue C6E de Hoeflon fonctionne enti\u00e8rement \u00e0 l'\u00e9lectricit\u00e9, jusqu'\u00e0 8 heures avec une charge de batterie ! Renseignez-vous sur les possibilit\u00e9s ou jetez un coup d'\u0153il \u00e0 nos alternatives.","robots":{"index":"index","follow":"follow","max-snippet":"max-snippet:-1","max-image-preview":"max-image-preview:large","max-video-preview":"max-video-preview:-1"},"canonical":"https:\/\/vermeer-rental.nl\/fr\/produit\/minicrane-hoeflon-c6e\/","og_locale":"fr_FR","og_type":"article","og_title":"Hoeflon C6E Minihijskraan","og_description":"De Hoeflon C6E minihijskraan werkt volledig elektrisch, tot wel 8 uur op een acculading! Informeer naar de mogelijkheden of kijk naar onze alternatieven.","og_url":"https:\/\/vermeer-rental.nl\/fr\/produit\/minicrane-hoeflon-c6e\/","og_site_name":"Vermeer Rental &amp; Services","article_publisher":"https:\/\/www.facebook.com\/gebrvermeerindustrialmovements","article_modified_time":"2024-12-03T10:13:27+00:00","og_image":[{"width":1024,"height":1024,"url":"https:\/\/vermeer-rental.nl\/wp-content\/uploads\/2024\/08\/3-1024x1024.png","type":"image\/png"}],"twitter_card":"summary_large_image","twitter_misc":{"Dur\u00e9e de lecture estim\u00e9e":"2 minutes"},"schema":{"@context":"https:\/\/schema.org","@graph":[{"@type":"WebPage","@id":"https:\/\/vermeer-rental.nl\/product\/minihijskraan-hoeflon-c6e\/","url":"https:\/\/vermeer-rental.nl\/product\/minihijskraan-hoeflon-c6e\/","name":"Minigrue Hoeflon C6E - Vermeer Rental &amp; Services","isPartOf":{"@id":"https:\/\/vermeer-rental.nl\/#website"},"primaryImageOfPage":{"@id":"https:\/\/vermeer-rental.nl\/product\/minihijskraan-hoeflon-c6e\/#primaryimage"},"image":{"@id":"https:\/\/vermeer-rental.nl\/product\/minihijskraan-hoeflon-c6e\/#primaryimage"},"thumbnailUrl":"https:\/\/vermeer-rental.nl\/wp-content\/uploads\/2024\/08\/3.png","datePublished":"2024-08-29T18:32:24+00:00","dateModified":"2024-12-03T10:13:27+00:00","description":"La mini-grue C6E de Hoeflon fonctionne enti\u00e8rement \u00e0 l'\u00e9lectricit\u00e9, jusqu'\u00e0 8 heures avec une charge de batterie ! Renseignez-vous sur les possibilit\u00e9s ou jetez un coup d'\u0153il \u00e0 nos alternatives.","breadcrumb":{"@id":"https:\/\/vermeer-rental.nl\/product\/minihijskraan-hoeflon-c6e\/#breadcrumb"},"inLanguage":"fr-FR","potentialAction":[{"@type":"ReadAction","target":["https:\/\/vermeer-rental.nl\/product\/minihijskraan-hoeflon-c6e\/"]}]},{"@type":"ImageObject","inLanguage":"fr-FR","@id":"https:\/\/vermeer-rental.nl\/product\/minihijskraan-hoeflon-c6e\/#primaryimage","url":"https:\/\/vermeer-rental.nl\/wp-content\/uploads\/2024\/08\/3.png","contentUrl":"https:\/\/vermeer-rental.nl\/wp-content\/uploads\/2024\/08\/3.png","width":2025,"height":2025,"caption":"Hoeflon C6E -Minihijskraan"},{"@type":"BreadcrumbList","@id":"https:\/\/vermeer-rental.nl\/product\/minihijskraan-hoeflon-c6e\/#breadcrumb","itemListElement":[{"@type":"ListItem","position":1,"name":"Home","item":"https:\/\/vermeer-rental.nl\/"},{"@type":"ListItem","position":2,"name":"Diensten","item":"https:\/\/vermeer-rental.nl\/diensten\/"},{"@type":"ListItem","position":3,"name":"Hoeflon C6E Minihijskraan"}]},{"@type":"WebSite","@id":"https:\/\/vermeer-rental.nl\/#website","url":"https:\/\/vermeer-rental.nl\/","name":"Location et services Vermeer","description":"En attente !","publisher":{"@id":"https:\/\/vermeer-rental.nl\/#organization"},"potentialAction":[{"@type":"SearchAction","target":{"@type":"EntryPoint","urlTemplate":"https:\/\/vermeer-rental.nl\/?s={search_term_string}"},"query-input":{"@type":"PropertyValueSpecification","valueRequired":true,"valueName":"search_term_string"}}],"inLanguage":"fr-FR"},{"@type":"Organization","@id":"https:\/\/vermeer-rental.nl\/#organization","name":"Location et services Vermeer","url":"https:\/\/vermeer-rental.nl\/","logo":{"@type":"ImageObject","inLanguage":"fr-FR","@id":"https:\/\/vermeer-rental.nl\/#\/schema\/logo\/image\/","url":"https:\/\/vermeer-rental.nl\/wp-content\/uploads\/2023\/02\/Logo-Vermeer-Rental-RGB.png","contentUrl":"https:\/\/vermeer-rental.nl\/wp-content\/uploads\/2023\/02\/Logo-Vermeer-Rental-RGB.png","width":800,"height":210,"caption":"Vermeer Rental & Services"},"image":{"@id":"https:\/\/vermeer-rental.nl\/#\/schema\/logo\/image\/"},"sameAs":["https:\/\/www.facebook.com\/gebrvermeerindustrialmovements","https:\/\/www.linkedin.com\/company\/gebr-vermeer-transport\/","https:\/\/www.instagram.com\/gebrvermeer\/"]}]}},"_links":{"self":[{"href":"https:\/\/vermeer-rental.nl\/fr\/wp-json\/wp\/v2\/product\/2158","targetHints":{"allow":["GET"]}}],"collection":[{"href":"https:\/\/vermeer-rental.nl\/fr\/wp-json\/wp\/v2\/product"}],"about":[{"href":"https:\/\/vermeer-rental.nl\/fr\/wp-json\/wp\/v2\/types\/product"}],"replies":[{"embeddable":true,"href":"https:\/\/vermeer-rental.nl\/fr\/wp-json\/wp\/v2\/comments?post=2158"}],"wp:featuredmedia":[{"embeddable":true,"href":"https:\/\/vermeer-rental.nl\/fr\/wp-json\/wp\/v2\/media\/2233"}],"wp:attachment":[{"href":"https:\/\/vermeer-rental.nl\/fr\/wp-json\/wp\/v2\/media?parent=2158"}],"wp:term":[{"taxonomy":"product_brand","embeddable":true,"href":"https:\/\/vermeer-rental.nl\/fr\/wp-json\/wp\/v2\/product_brand?post=2158"},{"taxonomy":"product_cat","embeddable":true,"href":"https:\/\/vermeer-rental.nl\/fr\/wp-json\/wp\/v2\/product_cat?post=2158"},{"taxonomy":"product_tag","embeddable":true,"href":"https:\/\/vermeer-rental.nl\/fr\/wp-json\/wp\/v2\/product_tag?post=2158"}],"curies":[{"name":"wp","href":"https:\/\/api.w.org\/{rel}","templated":true}]}}