{"id":1687,"date":"2023-09-11T18:36:27","date_gmt":"2023-09-11T16:36:27","guid":{"rendered":"https:\/\/vermeer-rental.nl\/?post_type=product&#038;p=1687"},"modified":"2024-10-17T21:08:00","modified_gmt":"2024-10-17T19:08:00","slug":"poids-dessai-3-tonnes","status":"publish","type":"product","link":"https:\/\/vermeer-rental.nl\/fr\/product\/testgewichten-3-ton\/","title":{"rendered":"Poids de test 3T"},"content":{"rendered":"<p>Manipulation :<\/p>\n<p>Pour la manipulation sur place des poids de contr\u00f4le, nous disposons de<\/p>\n<p>camions-pompes et chariots \u00e9l\u00e9vateurs (\u00e9lectriques), chariots \u00e9l\u00e9vateurs tout-terrain et grues mont\u00e9es sur camion. En outre<\/p>\n<p>nous mettons \u00e0 disposition des nacelles \u00e9l\u00e9vatrices pour les travaux sur les voies de grues.<\/p>\n<p>Nos collaborateurs (chauffeurs) poss\u00e8dent les certificats suivants : VCA, chariot \u00e9l\u00e9vateur, nacelle \u00e9l\u00e9vatrice.<\/p>\n<p>et de ponts roulants et peut aider votre service technique \u00e0 manipuler sur place les poids de contr\u00f4le<\/p>","protected":false},"excerpt":{"rendered":"<p>Location de poids \u00e9talonn\u00e9s de 10 kg \u00e0 5000 kg. Nos poids de contr\u00f4le sont certifi\u00e9s ISO 17025 dans la classe M1. Les poids de contr\u00f4le \u00e0 partir de 200 kg sont empilables et \u00e9quip\u00e9s d'anneaux de levage. Nous pouvons \u00e9galement assurer le transport des poids de contr\u00f4le. Pour ce faire, nous disposons d'un vaste parc de v\u00e9hicules, allant des combos, des camionnettes de livraison et des camions \u00e0 ridelles aux tracteurs avec remorques ou aux semi-remorques.<\/p>\n<p>&nbsp;<\/p>\n<form action=\"https:\/\/vermeer-rental.nl\/wp-content\/uploads\/2024\/10\/Test-Gewicht-3T.pdf\" method=\"get\" target=\"_blank\" data-trp-original-action=\"https:\/\/vermeer-rental.nl\/wp-content\/uploads\/2024\/10\/Test-Gewicht-3T.pdf\"><button class=\"pdf-button\" type=\"submit\">Donn\u00e9es techniques<\/button><input type=\"hidden\" name=\"trp-form-language\" value=\"fr\"\/><\/form>","protected":false},"featured_media":1764,"comment_status":"closed","ping_status":"closed","template":"","meta":{"om_disable_all_campaigns":false,"_monsterinsights_skip_tracking":false,"_monsterinsights_sitenote_active":false,"_monsterinsights_sitenote_note":"","_monsterinsights_sitenote_category":0},"product_brand":[],"product_cat":[19],"product_tag":[],"class_list":{"0":"post-1687","1":"product","2":"type-product","3":"status-publish","4":"has-post-thumbnail","6":"product_cat-testgewichten","8":"first","9":"instock","10":"shipping-taxable","11":"purchasable","12":"product-type-simple"},"yoast_head":"<!-- This site is optimized with the Yoast SEO Premium plugin v23.3 (Yoast SEO v27.2) - https:\/\/yoast.com\/product\/yoast-seo-premium-wordpress\/ -->\n<title>Testgewichten huren - ISO 17025 gecertificeerd M1-klasse Vermeer Rental &amp; Services<\/title>\n<meta name=\"description\" content=\"Testgewichten huren? ISO 17025-gecertificeerd M1 klasse testgewichten. Bekijk hier al onze testgewichten en aanvullende logistieke diensten.\" \/>\n<meta name=\"robots\" content=\"index, follow, max-snippet:-1, max-image-preview:large, max-video-preview:-1\" \/>\n<link rel=\"canonical\" href=\"https:\/\/vermeer-rental.nl\/fr\/produit\/poids-dessai-3-tonnes\/\" \/>\n<meta property=\"og:locale\" content=\"fr_FR\" \/>\n<meta property=\"og:type\" content=\"article\" \/>\n<meta property=\"og:title\" content=\"Testgewicht 3T\" \/>\n<meta property=\"og:description\" content=\"Testgewichten huren? ISO 17025-gecertificeerd M1 klasse testgewichten. Bekijk hier al onze testgewichten en aanvullende logistieke diensten.\" \/>\n<meta property=\"og:url\" content=\"https:\/\/vermeer-rental.nl\/fr\/produit\/poids-dessai-3-tonnes\/\" \/>\n<meta property=\"og:site_name\" content=\"Vermeer Rental &amp; Services\" \/>\n<meta property=\"article:publisher\" content=\"https:\/\/www.facebook.com\/gebrvermeerindustrialmovements\" \/>\n<meta property=\"article:modified_time\" content=\"2024-10-17T19:08:00+00:00\" \/>\n<meta property=\"og:image\" content=\"https:\/\/vermeer-rental.nl\/wp-content\/uploads\/2023\/09\/Testgewicht-3-ton.jpg\" \/>\n\t<meta property=\"og:image:width\" content=\"590\" \/>\n\t<meta property=\"og:image:height\" content=\"590\" \/>\n\t<meta property=\"og:image:type\" content=\"image\/jpeg\" \/>\n<meta name=\"twitter:card\" content=\"summary_large_image\" \/>\n<meta name=\"twitter:label1\" content=\"Dur\u00e9e de lecture estim\u00e9e\" \/>\n\t<meta name=\"twitter:data1\" content=\"1 minute\" \/>\n<script type=\"application\/ld+json\" class=\"yoast-schema-graph\">{\"@context\":\"https:\/\/schema.org\",\"@graph\":[{\"@type\":\"WebPage\",\"@id\":\"https:\/\/vermeer-rental.nl\/product\/testgewichten-3-ton\/\",\"url\":\"https:\/\/vermeer-rental.nl\/product\/testgewichten-3-ton\/\",\"name\":\"Testgewichten huren - ISO 17025 gecertificeerd M1-klasse Vermeer Rental &amp; Services\",\"isPartOf\":{\"@id\":\"https:\/\/vermeer-rental.nl\/#website\"},\"primaryImageOfPage\":{\"@id\":\"https:\/\/vermeer-rental.nl\/product\/testgewichten-3-ton\/#primaryimage\"},\"image\":{\"@id\":\"https:\/\/vermeer-rental.nl\/product\/testgewichten-3-ton\/#primaryimage\"},\"thumbnailUrl\":\"https:\/\/vermeer-rental.nl\/wp-content\/uploads\/2023\/09\/Testgewicht-3-ton.jpg\",\"datePublished\":\"2023-09-11T16:36:27+00:00\",\"dateModified\":\"2024-10-17T19:08:00+00:00\",\"description\":\"Testgewichten huren? ISO 17025-gecertificeerd M1 klasse testgewichten. Bekijk hier al onze testgewichten en aanvullende logistieke diensten.\",\"breadcrumb\":{\"@id\":\"https:\/\/vermeer-rental.nl\/product\/testgewichten-3-ton\/#breadcrumb\"},\"inLanguage\":\"fr-FR\",\"potentialAction\":[{\"@type\":\"ReadAction\",\"target\":[\"https:\/\/vermeer-rental.nl\/product\/testgewichten-3-ton\/\"]}]},{\"@type\":\"ImageObject\",\"inLanguage\":\"fr-FR\",\"@id\":\"https:\/\/vermeer-rental.nl\/product\/testgewichten-3-ton\/#primaryimage\",\"url\":\"https:\/\/vermeer-rental.nl\/wp-content\/uploads\/2023\/09\/Testgewicht-3-ton.jpg\",\"contentUrl\":\"https:\/\/vermeer-rental.nl\/wp-content\/uploads\/2023\/09\/Testgewicht-3-ton.jpg\",\"width\":590,\"height\":590},{\"@type\":\"BreadcrumbList\",\"@id\":\"https:\/\/vermeer-rental.nl\/product\/testgewichten-3-ton\/#breadcrumb\",\"itemListElement\":[{\"@type\":\"ListItem\",\"position\":1,\"name\":\"Home\",\"item\":\"https:\/\/vermeer-rental.nl\/\"},{\"@type\":\"ListItem\",\"position\":2,\"name\":\"Diensten\",\"item\":\"https:\/\/vermeer-rental.nl\/diensten\/\"},{\"@type\":\"ListItem\",\"position\":3,\"name\":\"Testgewicht 3T\"}]},{\"@type\":\"WebSite\",\"@id\":\"https:\/\/vermeer-rental.nl\/#website\",\"url\":\"https:\/\/vermeer-rental.nl\/\",\"name\":\"Vermeer Rental & Services\",\"description\":\"Staat voor u klaar!\",\"publisher\":{\"@id\":\"https:\/\/vermeer-rental.nl\/#organization\"},\"potentialAction\":[{\"@type\":\"SearchAction\",\"target\":{\"@type\":\"EntryPoint\",\"urlTemplate\":\"https:\/\/vermeer-rental.nl\/?s={search_term_string}\"},\"query-input\":{\"@type\":\"PropertyValueSpecification\",\"valueRequired\":true,\"valueName\":\"search_term_string\"}}],\"inLanguage\":\"fr-FR\"},{\"@type\":\"Organization\",\"@id\":\"https:\/\/vermeer-rental.nl\/#organization\",\"name\":\"Vermeer Rental & Services\",\"url\":\"https:\/\/vermeer-rental.nl\/\",\"logo\":{\"@type\":\"ImageObject\",\"inLanguage\":\"fr-FR\",\"@id\":\"https:\/\/vermeer-rental.nl\/#\/schema\/logo\/image\/\",\"url\":\"https:\/\/vermeer-rental.nl\/wp-content\/uploads\/2023\/02\/Logo-Vermeer-Rental-RGB.png\",\"contentUrl\":\"https:\/\/vermeer-rental.nl\/wp-content\/uploads\/2023\/02\/Logo-Vermeer-Rental-RGB.png\",\"width\":800,\"height\":210,\"caption\":\"Vermeer Rental & Services\"},\"image\":{\"@id\":\"https:\/\/vermeer-rental.nl\/#\/schema\/logo\/image\/\"},\"sameAs\":[\"https:\/\/www.facebook.com\/gebrvermeerindustrialmovements\",\"https:\/\/www.linkedin.com\/company\/gebr-vermeer-transport\/\",\"https:\/\/www.instagram.com\/gebrvermeer\/\"]}]}<\/script>\n<!-- \/ Yoast SEO Premium plugin. -->","yoast_head_json":{"title":"Location de poids - Certifi\u00e9 ISO 17025 classe M1 Vermeer Rental &amp; Services","description":"Vous souhaitez louer des poids de contr\u00f4le ? Poids de contr\u00f4le de classe M1 certifi\u00e9s ISO 17025. Consultez tous nos poids de contr\u00f4le et nos services logistiques suppl\u00e9mentaires ici.","robots":{"index":"index","follow":"follow","max-snippet":"max-snippet:-1","max-image-preview":"max-image-preview:large","max-video-preview":"max-video-preview:-1"},"canonical":"https:\/\/vermeer-rental.nl\/fr\/produit\/poids-dessai-3-tonnes\/","og_locale":"fr_FR","og_type":"article","og_title":"Testgewicht 3T","og_description":"Testgewichten huren? ISO 17025-gecertificeerd M1 klasse testgewichten. Bekijk hier al onze testgewichten en aanvullende logistieke diensten.","og_url":"https:\/\/vermeer-rental.nl\/fr\/produit\/poids-dessai-3-tonnes\/","og_site_name":"Vermeer Rental &amp; Services","article_publisher":"https:\/\/www.facebook.com\/gebrvermeerindustrialmovements","article_modified_time":"2024-10-17T19:08:00+00:00","og_image":[{"width":590,"height":590,"url":"https:\/\/vermeer-rental.nl\/wp-content\/uploads\/2023\/09\/Testgewicht-3-ton.jpg","type":"image\/jpeg"}],"twitter_card":"summary_large_image","twitter_misc":{"Dur\u00e9e de lecture estim\u00e9e":"1 minute"},"schema":{"@context":"https:\/\/schema.org","@graph":[{"@type":"WebPage","@id":"https:\/\/vermeer-rental.nl\/product\/testgewichten-3-ton\/","url":"https:\/\/vermeer-rental.nl\/product\/testgewichten-3-ton\/","name":"Location de poids - Certifi\u00e9 ISO 17025 classe M1 Vermeer Rental &amp; Services","isPartOf":{"@id":"https:\/\/vermeer-rental.nl\/#website"},"primaryImageOfPage":{"@id":"https:\/\/vermeer-rental.nl\/product\/testgewichten-3-ton\/#primaryimage"},"image":{"@id":"https:\/\/vermeer-rental.nl\/product\/testgewichten-3-ton\/#primaryimage"},"thumbnailUrl":"https:\/\/vermeer-rental.nl\/wp-content\/uploads\/2023\/09\/Testgewicht-3-ton.jpg","datePublished":"2023-09-11T16:36:27+00:00","dateModified":"2024-10-17T19:08:00+00:00","description":"Vous souhaitez louer des poids de contr\u00f4le ? Poids de contr\u00f4le de classe M1 certifi\u00e9s ISO 17025. Consultez tous nos poids de contr\u00f4le et nos services logistiques suppl\u00e9mentaires ici.","breadcrumb":{"@id":"https:\/\/vermeer-rental.nl\/product\/testgewichten-3-ton\/#breadcrumb"},"inLanguage":"fr-FR","potentialAction":[{"@type":"ReadAction","target":["https:\/\/vermeer-rental.nl\/product\/testgewichten-3-ton\/"]}]},{"@type":"ImageObject","inLanguage":"fr-FR","@id":"https:\/\/vermeer-rental.nl\/product\/testgewichten-3-ton\/#primaryimage","url":"https:\/\/vermeer-rental.nl\/wp-content\/uploads\/2023\/09\/Testgewicht-3-ton.jpg","contentUrl":"https:\/\/vermeer-rental.nl\/wp-content\/uploads\/2023\/09\/Testgewicht-3-ton.jpg","width":590,"height":590},{"@type":"BreadcrumbList","@id":"https:\/\/vermeer-rental.nl\/product\/testgewichten-3-ton\/#breadcrumb","itemListElement":[{"@type":"ListItem","position":1,"name":"Home","item":"https:\/\/vermeer-rental.nl\/"},{"@type":"ListItem","position":2,"name":"Diensten","item":"https:\/\/vermeer-rental.nl\/diensten\/"},{"@type":"ListItem","position":3,"name":"Testgewicht 3T"}]},{"@type":"WebSite","@id":"https:\/\/vermeer-rental.nl\/#website","url":"https:\/\/vermeer-rental.nl\/","name":"Location et services Vermeer","description":"En attente !","publisher":{"@id":"https:\/\/vermeer-rental.nl\/#organization"},"potentialAction":[{"@type":"SearchAction","target":{"@type":"EntryPoint","urlTemplate":"https:\/\/vermeer-rental.nl\/?s={search_term_string}"},"query-input":{"@type":"PropertyValueSpecification","valueRequired":true,"valueName":"search_term_string"}}],"inLanguage":"fr-FR"},{"@type":"Organization","@id":"https:\/\/vermeer-rental.nl\/#organization","name":"Location et services Vermeer","url":"https:\/\/vermeer-rental.nl\/","logo":{"@type":"ImageObject","inLanguage":"fr-FR","@id":"https:\/\/vermeer-rental.nl\/#\/schema\/logo\/image\/","url":"https:\/\/vermeer-rental.nl\/wp-content\/uploads\/2023\/02\/Logo-Vermeer-Rental-RGB.png","contentUrl":"https:\/\/vermeer-rental.nl\/wp-content\/uploads\/2023\/02\/Logo-Vermeer-Rental-RGB.png","width":800,"height":210,"caption":"Vermeer Rental & Services"},"image":{"@id":"https:\/\/vermeer-rental.nl\/#\/schema\/logo\/image\/"},"sameAs":["https:\/\/www.facebook.com\/gebrvermeerindustrialmovements","https:\/\/www.linkedin.com\/company\/gebr-vermeer-transport\/","https:\/\/www.instagram.com\/gebrvermeer\/"]}]}},"_links":{"self":[{"href":"https:\/\/vermeer-rental.nl\/fr\/wp-json\/wp\/v2\/product\/1687","targetHints":{"allow":["GET"]}}],"collection":[{"href":"https:\/\/vermeer-rental.nl\/fr\/wp-json\/wp\/v2\/product"}],"about":[{"href":"https:\/\/vermeer-rental.nl\/fr\/wp-json\/wp\/v2\/types\/product"}],"replies":[{"embeddable":true,"href":"https:\/\/vermeer-rental.nl\/fr\/wp-json\/wp\/v2\/comments?post=1687"}],"wp:featuredmedia":[{"embeddable":true,"href":"https:\/\/vermeer-rental.nl\/fr\/wp-json\/wp\/v2\/media\/1764"}],"wp:attachment":[{"href":"https:\/\/vermeer-rental.nl\/fr\/wp-json\/wp\/v2\/media?parent=1687"}],"wp:term":[{"taxonomy":"product_brand","embeddable":true,"href":"https:\/\/vermeer-rental.nl\/fr\/wp-json\/wp\/v2\/product_brand?post=1687"},{"taxonomy":"product_cat","embeddable":true,"href":"https:\/\/vermeer-rental.nl\/fr\/wp-json\/wp\/v2\/product_cat?post=1687"},{"taxonomy":"product_tag","embeddable":true,"href":"https:\/\/vermeer-rental.nl\/fr\/wp-json\/wp\/v2\/product_tag?post=1687"}],"curies":[{"name":"wp","href":"https:\/\/api.w.org\/{rel}","templated":true}]}}