{"id":101,"date":"2023-02-25T13:42:57","date_gmt":"2023-02-25T13:42:57","guid":{"rendered":"https:\/\/rental.daanwerkelijk.nl\/?post_type=product&#038;p=101"},"modified":"2023-10-28T13:51:54","modified_gmt":"2023-10-28T11:51:54","slug":"chariot-elevateur-a-fourche-2-5-tonnes-diesel","status":"publish","type":"product","link":"https:\/\/vermeer-rental.nl\/fr\/product\/heftruck-2-5-ton-diesel\/","title":{"rendered":"Chariot \u00e9l\u00e9vateur \u00e0 fourche 2,5 tonnes Diesel"},"content":{"rendered":"<ul>\n<li><strong>Solide et fiable<\/strong><\/li>\n<li><strong>Des moteurs fiables et durables<\/strong><\/li>\n<li><strong>Convivialit\u00e9 pour les conducteurs<\/strong><\/li>\n<li><strong>Commodit\u00e9 du service<\/strong><\/li>\n<\/ul>\n<p>Avec une hauteur de levage allant jusqu'\u00e0 4 800 mm, une capacit\u00e9 de levage allant jusqu'\u00e0 2 500 kg, une vitesse de d\u00e9placement allant jusqu'\u00e0 20 km\/h et d'excellentes qualit\u00e9s de man\u0153uvre, de contr\u00f4le et de visibilit\u00e9, le chariot \u00e9l\u00e9vateur \u00e0 fourche r\u00e9pond aux besoins de presque toutes les entreprises. Ces chariots \u00e9l\u00e9vateurs au design automobile familier sont faciles \u00e0 utiliser et sont dot\u00e9s d'une gamme de caract\u00e9ristiques standard et d'options suppl\u00e9mentaires.<\/p>","protected":false},"excerpt":{"rendered":"<p>Pour d\u00e9ployer temporairement une capacit\u00e9 suppl\u00e9mentaire au sein de votre organisation, vous pouvez facilement louer un chariot \u00e9l\u00e9vateur chez nous, avec ou sans conducteur. Notre flotte de location comprend des chariots \u00e9l\u00e9vateurs \u00e9lectriques, GPL et diesel. Tous les chariots \u00e9l\u00e9vateurs sont conformes aux normes de s\u00e9curit\u00e9 et sont \u00e9quip\u00e9s d'une technologie moderne.<\/p>\n<p>&nbsp;<\/p>\n<form action=\"https:\/\/vermeer-rental.nl\/wp-content\/uploads\/2023\/03\/vermeer_heftruck_2-5T_diesel.pdf\" method=\"get\" target=\"_blank\" data-trp-original-action=\"https:\/\/vermeer-rental.nl\/wp-content\/uploads\/2023\/03\/vermeer_heftruck_2-5T_diesel.pdf\"><button class=\"pdf-button\" type=\"submit\">Donn\u00e9es techniques<\/button><input type=\"hidden\" name=\"trp-form-language\" value=\"fr\"\/><\/form>","protected":false},"featured_media":424,"comment_status":"closed","ping_status":"closed","template":"","meta":{"om_disable_all_campaigns":false,"_monsterinsights_skip_tracking":false,"_monsterinsights_sitenote_active":false,"_monsterinsights_sitenote_note":"","_monsterinsights_sitenote_category":0},"product_brand":[],"product_cat":[24],"product_tag":[],"class_list":{"0":"post-101","1":"product","2":"type-product","3":"status-publish","4":"has-post-thumbnail","6":"product_cat-vork-heftrucks","8":"first","9":"instock","10":"shipping-taxable","11":"purchasable","12":"product-type-simple"},"yoast_head":"<!-- This site is optimized with the Yoast SEO Premium plugin v23.3 (Yoast SEO v27.2) - https:\/\/yoast.com\/product\/yoast-seo-premium-wordpress\/ -->\n<title>Heftruck verhuur - Bekijk onze full service logistieke diensten hier.<\/title>\n<meta name=\"description\" content=\"Verbeter uw laad- en losprocessen op uw terrein met onze heftruck verhuur van 2,5 tot 18 ton. Bekijk ons heftruck aanbod hier. Vermeer Rental &amp; Services\" \/>\n<meta name=\"robots\" content=\"index, follow, max-snippet:-1, max-image-preview:large, max-video-preview:-1\" \/>\n<link rel=\"canonical\" href=\"https:\/\/vermeer-rental.nl\/fr\/produit\/chariot-elevateur-a-fourche-2-5-tonnes-diesel\/\" \/>\n<meta property=\"og:locale\" content=\"fr_FR\" \/>\n<meta property=\"og:type\" content=\"article\" \/>\n<meta property=\"og:title\" content=\"Heftruck 2.5 Ton Diesel\" \/>\n<meta property=\"og:description\" content=\"Verbeter uw laad- en losprocessen op uw terrein met onze heftruck verhuur van 2,5 tot 18 ton. Bekijk ons heftruck aanbod hier. Vermeer Rental &amp; Services\" \/>\n<meta property=\"og:url\" content=\"https:\/\/vermeer-rental.nl\/fr\/produit\/chariot-elevateur-a-fourche-2-5-tonnes-diesel\/\" \/>\n<meta property=\"og:site_name\" content=\"Vermeer Rental &amp; Services\" \/>\n<meta property=\"article:publisher\" content=\"https:\/\/www.facebook.com\/gebrvermeerindustrialmovements\" \/>\n<meta property=\"article:modified_time\" content=\"2023-10-28T11:51:54+00:00\" \/>\n<meta property=\"og:image\" content=\"https:\/\/vermeer-rental.nl\/wp-content\/uploads\/2023\/02\/25-ton-diesel-scaled.jpg\" \/>\n\t<meta property=\"og:image:width\" content=\"2560\" \/>\n\t<meta property=\"og:image:height\" content=\"2560\" \/>\n\t<meta property=\"og:image:type\" content=\"image\/jpeg\" \/>\n<meta name=\"twitter:card\" content=\"summary_large_image\" \/>\n<meta name=\"twitter:label1\" content=\"Dur\u00e9e de lecture estim\u00e9e\" \/>\n\t<meta name=\"twitter:data1\" content=\"1 minute\" \/>\n<script type=\"application\/ld+json\" class=\"yoast-schema-graph\">{\"@context\":\"https:\/\/schema.org\",\"@graph\":[{\"@type\":\"WebPage\",\"@id\":\"https:\/\/vermeer-rental.nl\/product\/heftruck-2-5-ton-diesel\/\",\"url\":\"https:\/\/vermeer-rental.nl\/product\/heftruck-2-5-ton-diesel\/\",\"name\":\"Heftruck verhuur - Bekijk onze full service logistieke diensten hier.\",\"isPartOf\":{\"@id\":\"https:\/\/vermeer-rental.nl\/#website\"},\"primaryImageOfPage\":{\"@id\":\"https:\/\/vermeer-rental.nl\/product\/heftruck-2-5-ton-diesel\/#primaryimage\"},\"image\":{\"@id\":\"https:\/\/vermeer-rental.nl\/product\/heftruck-2-5-ton-diesel\/#primaryimage\"},\"thumbnailUrl\":\"https:\/\/vermeer-rental.nl\/wp-content\/uploads\/2023\/02\/25-ton-diesel-scaled.jpg\",\"datePublished\":\"2023-02-25T13:42:57+00:00\",\"dateModified\":\"2023-10-28T11:51:54+00:00\",\"description\":\"Verbeter uw laad- en losprocessen op uw terrein met onze heftruck verhuur van 2,5 tot 18 ton. Bekijk ons heftruck aanbod hier. Vermeer Rental &amp; Services\",\"breadcrumb\":{\"@id\":\"https:\/\/vermeer-rental.nl\/product\/heftruck-2-5-ton-diesel\/#breadcrumb\"},\"inLanguage\":\"fr-FR\",\"potentialAction\":[{\"@type\":\"ReadAction\",\"target\":[\"https:\/\/vermeer-rental.nl\/product\/heftruck-2-5-ton-diesel\/\"]}]},{\"@type\":\"ImageObject\",\"inLanguage\":\"fr-FR\",\"@id\":\"https:\/\/vermeer-rental.nl\/product\/heftruck-2-5-ton-diesel\/#primaryimage\",\"url\":\"https:\/\/vermeer-rental.nl\/wp-content\/uploads\/2023\/02\/25-ton-diesel-scaled.jpg\",\"contentUrl\":\"https:\/\/vermeer-rental.nl\/wp-content\/uploads\/2023\/02\/25-ton-diesel-scaled.jpg\",\"width\":2560,\"height\":2560},{\"@type\":\"BreadcrumbList\",\"@id\":\"https:\/\/vermeer-rental.nl\/product\/heftruck-2-5-ton-diesel\/#breadcrumb\",\"itemListElement\":[{\"@type\":\"ListItem\",\"position\":1,\"name\":\"Home\",\"item\":\"https:\/\/vermeer-rental.nl\/\"},{\"@type\":\"ListItem\",\"position\":2,\"name\":\"Diensten\",\"item\":\"https:\/\/vermeer-rental.nl\/diensten\/\"},{\"@type\":\"ListItem\",\"position\":3,\"name\":\"Heftruck 2.5 Ton Diesel\"}]},{\"@type\":\"WebSite\",\"@id\":\"https:\/\/vermeer-rental.nl\/#website\",\"url\":\"https:\/\/vermeer-rental.nl\/\",\"name\":\"Vermeer Rental & Services\",\"description\":\"Staat voor u klaar!\",\"publisher\":{\"@id\":\"https:\/\/vermeer-rental.nl\/#organization\"},\"potentialAction\":[{\"@type\":\"SearchAction\",\"target\":{\"@type\":\"EntryPoint\",\"urlTemplate\":\"https:\/\/vermeer-rental.nl\/?s={search_term_string}\"},\"query-input\":{\"@type\":\"PropertyValueSpecification\",\"valueRequired\":true,\"valueName\":\"search_term_string\"}}],\"inLanguage\":\"fr-FR\"},{\"@type\":\"Organization\",\"@id\":\"https:\/\/vermeer-rental.nl\/#organization\",\"name\":\"Vermeer Rental & Services\",\"url\":\"https:\/\/vermeer-rental.nl\/\",\"logo\":{\"@type\":\"ImageObject\",\"inLanguage\":\"fr-FR\",\"@id\":\"https:\/\/vermeer-rental.nl\/#\/schema\/logo\/image\/\",\"url\":\"https:\/\/vermeer-rental.nl\/wp-content\/uploads\/2023\/02\/Logo-Vermeer-Rental-RGB.png\",\"contentUrl\":\"https:\/\/vermeer-rental.nl\/wp-content\/uploads\/2023\/02\/Logo-Vermeer-Rental-RGB.png\",\"width\":800,\"height\":210,\"caption\":\"Vermeer Rental & Services\"},\"image\":{\"@id\":\"https:\/\/vermeer-rental.nl\/#\/schema\/logo\/image\/\"},\"sameAs\":[\"https:\/\/www.facebook.com\/gebrvermeerindustrialmovements\",\"https:\/\/www.linkedin.com\/company\/gebr-vermeer-transport\/\",\"https:\/\/www.instagram.com\/gebrvermeer\/\"]}]}<\/script>\n<!-- \/ Yoast SEO Premium plugin. -->","yoast_head_json":{"title":"Location de chariots \u00e9l\u00e9vateurs - Consultez nos services logistiques complets ici.","description":"Am\u00e9liorez vos processus de chargement et de d\u00e9chargement dans vos locaux gr\u00e2ce \u00e0 notre location de chariots \u00e9l\u00e9vateurs de 2,5 \u00e0 18 tonnes. Consultez notre offre de chariots \u00e9l\u00e9vateurs ici. Location et services Vermeer","robots":{"index":"index","follow":"follow","max-snippet":"max-snippet:-1","max-image-preview":"max-image-preview:large","max-video-preview":"max-video-preview:-1"},"canonical":"https:\/\/vermeer-rental.nl\/fr\/produit\/chariot-elevateur-a-fourche-2-5-tonnes-diesel\/","og_locale":"fr_FR","og_type":"article","og_title":"Heftruck 2.5 Ton Diesel","og_description":"Verbeter uw laad- en losprocessen op uw terrein met onze heftruck verhuur van 2,5 tot 18 ton. Bekijk ons heftruck aanbod hier. Vermeer Rental &amp; Services","og_url":"https:\/\/vermeer-rental.nl\/fr\/produit\/chariot-elevateur-a-fourche-2-5-tonnes-diesel\/","og_site_name":"Vermeer Rental &amp; Services","article_publisher":"https:\/\/www.facebook.com\/gebrvermeerindustrialmovements","article_modified_time":"2023-10-28T11:51:54+00:00","og_image":[{"width":2560,"height":2560,"url":"https:\/\/vermeer-rental.nl\/wp-content\/uploads\/2023\/02\/25-ton-diesel-scaled.jpg","type":"image\/jpeg"}],"twitter_card":"summary_large_image","twitter_misc":{"Dur\u00e9e de lecture estim\u00e9e":"1 minute"},"schema":{"@context":"https:\/\/schema.org","@graph":[{"@type":"WebPage","@id":"https:\/\/vermeer-rental.nl\/product\/heftruck-2-5-ton-diesel\/","url":"https:\/\/vermeer-rental.nl\/product\/heftruck-2-5-ton-diesel\/","name":"Location de chariots \u00e9l\u00e9vateurs - Consultez nos services logistiques complets ici.","isPartOf":{"@id":"https:\/\/vermeer-rental.nl\/#website"},"primaryImageOfPage":{"@id":"https:\/\/vermeer-rental.nl\/product\/heftruck-2-5-ton-diesel\/#primaryimage"},"image":{"@id":"https:\/\/vermeer-rental.nl\/product\/heftruck-2-5-ton-diesel\/#primaryimage"},"thumbnailUrl":"https:\/\/vermeer-rental.nl\/wp-content\/uploads\/2023\/02\/25-ton-diesel-scaled.jpg","datePublished":"2023-02-25T13:42:57+00:00","dateModified":"2023-10-28T11:51:54+00:00","description":"Am\u00e9liorez vos processus de chargement et de d\u00e9chargement dans vos locaux gr\u00e2ce \u00e0 notre location de chariots \u00e9l\u00e9vateurs de 2,5 \u00e0 18 tonnes. Consultez notre offre de chariots \u00e9l\u00e9vateurs ici. Location et services Vermeer","breadcrumb":{"@id":"https:\/\/vermeer-rental.nl\/product\/heftruck-2-5-ton-diesel\/#breadcrumb"},"inLanguage":"fr-FR","potentialAction":[{"@type":"ReadAction","target":["https:\/\/vermeer-rental.nl\/product\/heftruck-2-5-ton-diesel\/"]}]},{"@type":"ImageObject","inLanguage":"fr-FR","@id":"https:\/\/vermeer-rental.nl\/product\/heftruck-2-5-ton-diesel\/#primaryimage","url":"https:\/\/vermeer-rental.nl\/wp-content\/uploads\/2023\/02\/25-ton-diesel-scaled.jpg","contentUrl":"https:\/\/vermeer-rental.nl\/wp-content\/uploads\/2023\/02\/25-ton-diesel-scaled.jpg","width":2560,"height":2560},{"@type":"BreadcrumbList","@id":"https:\/\/vermeer-rental.nl\/product\/heftruck-2-5-ton-diesel\/#breadcrumb","itemListElement":[{"@type":"ListItem","position":1,"name":"Home","item":"https:\/\/vermeer-rental.nl\/"},{"@type":"ListItem","position":2,"name":"Diensten","item":"https:\/\/vermeer-rental.nl\/diensten\/"},{"@type":"ListItem","position":3,"name":"Heftruck 2.5 Ton Diesel"}]},{"@type":"WebSite","@id":"https:\/\/vermeer-rental.nl\/#website","url":"https:\/\/vermeer-rental.nl\/","name":"Location et services Vermeer","description":"En attente !","publisher":{"@id":"https:\/\/vermeer-rental.nl\/#organization"},"potentialAction":[{"@type":"SearchAction","target":{"@type":"EntryPoint","urlTemplate":"https:\/\/vermeer-rental.nl\/?s={search_term_string}"},"query-input":{"@type":"PropertyValueSpecification","valueRequired":true,"valueName":"search_term_string"}}],"inLanguage":"fr-FR"},{"@type":"Organization","@id":"https:\/\/vermeer-rental.nl\/#organization","name":"Location et services Vermeer","url":"https:\/\/vermeer-rental.nl\/","logo":{"@type":"ImageObject","inLanguage":"fr-FR","@id":"https:\/\/vermeer-rental.nl\/#\/schema\/logo\/image\/","url":"https:\/\/vermeer-rental.nl\/wp-content\/uploads\/2023\/02\/Logo-Vermeer-Rental-RGB.png","contentUrl":"https:\/\/vermeer-rental.nl\/wp-content\/uploads\/2023\/02\/Logo-Vermeer-Rental-RGB.png","width":800,"height":210,"caption":"Vermeer Rental & Services"},"image":{"@id":"https:\/\/vermeer-rental.nl\/#\/schema\/logo\/image\/"},"sameAs":["https:\/\/www.facebook.com\/gebrvermeerindustrialmovements","https:\/\/www.linkedin.com\/company\/gebr-vermeer-transport\/","https:\/\/www.instagram.com\/gebrvermeer\/"]}]}},"_links":{"self":[{"href":"https:\/\/vermeer-rental.nl\/fr\/wp-json\/wp\/v2\/product\/101","targetHints":{"allow":["GET"]}}],"collection":[{"href":"https:\/\/vermeer-rental.nl\/fr\/wp-json\/wp\/v2\/product"}],"about":[{"href":"https:\/\/vermeer-rental.nl\/fr\/wp-json\/wp\/v2\/types\/product"}],"replies":[{"embeddable":true,"href":"https:\/\/vermeer-rental.nl\/fr\/wp-json\/wp\/v2\/comments?post=101"}],"wp:featuredmedia":[{"embeddable":true,"href":"https:\/\/vermeer-rental.nl\/fr\/wp-json\/wp\/v2\/media\/424"}],"wp:attachment":[{"href":"https:\/\/vermeer-rental.nl\/fr\/wp-json\/wp\/v2\/media?parent=101"}],"wp:term":[{"taxonomy":"product_brand","embeddable":true,"href":"https:\/\/vermeer-rental.nl\/fr\/wp-json\/wp\/v2\/product_brand?post=101"},{"taxonomy":"product_cat","embeddable":true,"href":"https:\/\/vermeer-rental.nl\/fr\/wp-json\/wp\/v2\/product_cat?post=101"},{"taxonomy":"product_tag","embeddable":true,"href":"https:\/\/vermeer-rental.nl\/fr\/wp-json\/wp\/v2\/product_tag?post=101"}],"curies":[{"name":"wp","href":"https:\/\/api.w.org\/{rel}","templated":true}]}}