{"id":100,"date":"2023-02-25T13:42:57","date_gmt":"2023-02-25T13:42:57","guid":{"rendered":"https:\/\/rental.daanwerkelijk.nl\/?post_type=product&#038;p=100"},"modified":"2023-10-28T14:09:46","modified_gmt":"2023-10-28T12:09:46","slug":"location-de-chariots-elevateurs","status":"publish","type":"product","link":"https:\/\/vermeer-rental.nl\/fr\/product\/heftruck-verhuur\/","title":{"rendered":"Chariot \u00e9l\u00e9vateur \u00e0 fourche de 2,5 tonnes"},"content":{"rendered":"<ul>\n<li><strong>Vue claire des fourches<\/strong><\/li>\n<li><strong>Moteur de traction \u00e0 courant alternatif<\/strong><\/li>\n<li><strong>Cabine ergonomique<\/strong><\/li>\n<\/ul>\n<p>Ce chariot \u00e9l\u00e9vateur robuste et fiable est con\u00e7u pour travailler dans des applications intensives \u00e0 forte production, avec de longues distances et des hauteurs de levage \u00e9lev\u00e9es. Cette s\u00e9rie de chariots \u00e9l\u00e9vateurs \u00e9lectriques \u00e0 quatre roues et \u00e0 contrepoids offre une maniabilit\u00e9 sup\u00e9rieure avec un rayon de braquage nul et une efficacit\u00e9 \u00e9nerg\u00e9tique de premier ordre pour des co\u00fbts d'exploitation r\u00e9duits.<\/p>","protected":false},"excerpt":{"rendered":"<p>Pour d\u00e9ployer temporairement une capacit\u00e9 suppl\u00e9mentaire au sein de votre organisation, vous pouvez facilement louer un chariot \u00e9l\u00e9vateur chez nous, avec ou sans conducteur. Notre flotte de location comprend des chariots \u00e9l\u00e9vateurs \u00e9lectriques, GPL et diesel. Tous les chariots \u00e9l\u00e9vateurs sont conformes aux normes de s\u00e9curit\u00e9 et sont \u00e9quip\u00e9s d'une technologie moderne.<\/p>\n<p>&nbsp;<\/p>\n<form action=\"https:\/\/vermeer-rental.nl\/wp-content\/uploads\/2023\/03\/vermeer_heftruck2-5T.pdf\" method=\"get\" target=\"_blank\" data-trp-original-action=\"https:\/\/vermeer-rental.nl\/wp-content\/uploads\/2023\/03\/vermeer_heftruck2-5T.pdf\"><button class=\"pdf-button\" type=\"submit\">Donn\u00e9es techniques<\/button><input type=\"hidden\" name=\"trp-form-language\" value=\"fr\"\/><\/form>","protected":false},"featured_media":413,"comment_status":"closed","ping_status":"closed","template":"","meta":{"om_disable_all_campaigns":false,"_monsterinsights_skip_tracking":false,"_monsterinsights_sitenote_active":false,"_monsterinsights_sitenote_note":"","_monsterinsights_sitenote_category":0},"product_brand":[],"product_cat":[24],"product_tag":[],"class_list":{"0":"post-100","1":"product","2":"type-product","3":"status-publish","4":"has-post-thumbnail","6":"product_cat-vork-heftrucks","8":"first","9":"instock","10":"shipping-taxable","11":"purchasable","12":"product-type-simple"},"yoast_head":"<!-- This site is optimized with the Yoast SEO Premium plugin v23.3 (Yoast SEO v27.2) - https:\/\/yoast.com\/product\/yoast-seo-premium-wordpress\/ -->\n<title>Heftruck verhuur - Full service heftruck logistiek - Vermeer Rental &amp; Services<\/title>\n<meta name=\"description\" content=\"Specialist in heftruck verhuur van 2,5 tot 18 ton. De oplossing voor het laden en lossen van goederen. Bekijk al onze heftrucks en diensten online.\" \/>\n<meta name=\"robots\" content=\"index, follow, max-snippet:-1, max-image-preview:large, max-video-preview:-1\" \/>\n<link rel=\"canonical\" href=\"https:\/\/vermeer-rental.nl\/fr\/produit\/location-de-chariots-elevateurs\/\" \/>\n<meta property=\"og:locale\" content=\"fr_FR\" \/>\n<meta property=\"og:type\" content=\"article\" \/>\n<meta property=\"og:title\" content=\"Heftruck 2.5 Ton\" \/>\n<meta property=\"og:description\" content=\"Specialist in heftruck verhuur van 2,5 tot 18 ton. De oplossing voor het laden en lossen van goederen. Bekijk al onze heftrucks en diensten online.\" \/>\n<meta property=\"og:url\" content=\"https:\/\/vermeer-rental.nl\/fr\/produit\/location-de-chariots-elevateurs\/\" \/>\n<meta property=\"og:site_name\" content=\"Vermeer Rental &amp; Services\" \/>\n<meta property=\"article:publisher\" content=\"https:\/\/www.facebook.com\/gebrvermeerindustrialmovements\" \/>\n<meta property=\"article:modified_time\" content=\"2023-10-28T12:09:46+00:00\" \/>\n<meta property=\"og:image\" content=\"https:\/\/vermeer-rental.nl\/wp-content\/uploads\/2023\/02\/2.5-ton-elektrisch-scaled.jpg\" \/>\n\t<meta property=\"og:image:width\" content=\"2560\" \/>\n\t<meta property=\"og:image:height\" content=\"2560\" \/>\n\t<meta property=\"og:image:type\" content=\"image\/jpeg\" \/>\n<meta name=\"twitter:card\" content=\"summary_large_image\" \/>\n<meta name=\"twitter:label1\" content=\"Dur\u00e9e de lecture estim\u00e9e\" \/>\n\t<meta name=\"twitter:data1\" content=\"1 minute\" \/>\n<script type=\"application\/ld+json\" class=\"yoast-schema-graph\">{\"@context\":\"https:\/\/schema.org\",\"@graph\":[{\"@type\":\"WebPage\",\"@id\":\"https:\/\/vermeer-rental.nl\/product\/heftruck-verhuur\/\",\"url\":\"https:\/\/vermeer-rental.nl\/product\/heftruck-verhuur\/\",\"name\":\"Heftruck verhuur - Full service heftruck logistiek - Vermeer Rental &amp; Services\",\"isPartOf\":{\"@id\":\"https:\/\/vermeer-rental.nl\/#website\"},\"primaryImageOfPage\":{\"@id\":\"https:\/\/vermeer-rental.nl\/product\/heftruck-verhuur\/#primaryimage\"},\"image\":{\"@id\":\"https:\/\/vermeer-rental.nl\/product\/heftruck-verhuur\/#primaryimage\"},\"thumbnailUrl\":\"https:\/\/vermeer-rental.nl\/wp-content\/uploads\/2023\/02\/2.5-ton-elektrisch-scaled.jpg\",\"datePublished\":\"2023-02-25T13:42:57+00:00\",\"dateModified\":\"2023-10-28T12:09:46+00:00\",\"description\":\"Specialist in heftruck verhuur van 2,5 tot 18 ton. De oplossing voor het laden en lossen van goederen. Bekijk al onze heftrucks en diensten online.\",\"breadcrumb\":{\"@id\":\"https:\/\/vermeer-rental.nl\/product\/heftruck-verhuur\/#breadcrumb\"},\"inLanguage\":\"fr-FR\",\"potentialAction\":[{\"@type\":\"ReadAction\",\"target\":[\"https:\/\/vermeer-rental.nl\/product\/heftruck-verhuur\/\"]}]},{\"@type\":\"ImageObject\",\"inLanguage\":\"fr-FR\",\"@id\":\"https:\/\/vermeer-rental.nl\/product\/heftruck-verhuur\/#primaryimage\",\"url\":\"https:\/\/vermeer-rental.nl\/wp-content\/uploads\/2023\/02\/2.5-ton-elektrisch-scaled.jpg\",\"contentUrl\":\"https:\/\/vermeer-rental.nl\/wp-content\/uploads\/2023\/02\/2.5-ton-elektrisch-scaled.jpg\",\"width\":2560,\"height\":2560,\"caption\":\"Heftruck verhuur\"},{\"@type\":\"BreadcrumbList\",\"@id\":\"https:\/\/vermeer-rental.nl\/product\/heftruck-verhuur\/#breadcrumb\",\"itemListElement\":[{\"@type\":\"ListItem\",\"position\":1,\"name\":\"Home\",\"item\":\"https:\/\/vermeer-rental.nl\/\"},{\"@type\":\"ListItem\",\"position\":2,\"name\":\"Diensten\",\"item\":\"https:\/\/vermeer-rental.nl\/diensten\/\"},{\"@type\":\"ListItem\",\"position\":3,\"name\":\"Heftruck 2.5 Ton\"}]},{\"@type\":\"WebSite\",\"@id\":\"https:\/\/vermeer-rental.nl\/#website\",\"url\":\"https:\/\/vermeer-rental.nl\/\",\"name\":\"Vermeer Rental & Services\",\"description\":\"Staat voor u klaar!\",\"publisher\":{\"@id\":\"https:\/\/vermeer-rental.nl\/#organization\"},\"potentialAction\":[{\"@type\":\"SearchAction\",\"target\":{\"@type\":\"EntryPoint\",\"urlTemplate\":\"https:\/\/vermeer-rental.nl\/?s={search_term_string}\"},\"query-input\":{\"@type\":\"PropertyValueSpecification\",\"valueRequired\":true,\"valueName\":\"search_term_string\"}}],\"inLanguage\":\"fr-FR\"},{\"@type\":\"Organization\",\"@id\":\"https:\/\/vermeer-rental.nl\/#organization\",\"name\":\"Vermeer Rental & Services\",\"url\":\"https:\/\/vermeer-rental.nl\/\",\"logo\":{\"@type\":\"ImageObject\",\"inLanguage\":\"fr-FR\",\"@id\":\"https:\/\/vermeer-rental.nl\/#\/schema\/logo\/image\/\",\"url\":\"https:\/\/vermeer-rental.nl\/wp-content\/uploads\/2023\/02\/Logo-Vermeer-Rental-RGB.png\",\"contentUrl\":\"https:\/\/vermeer-rental.nl\/wp-content\/uploads\/2023\/02\/Logo-Vermeer-Rental-RGB.png\",\"width\":800,\"height\":210,\"caption\":\"Vermeer Rental & Services\"},\"image\":{\"@id\":\"https:\/\/vermeer-rental.nl\/#\/schema\/logo\/image\/\"},\"sameAs\":[\"https:\/\/www.facebook.com\/gebrvermeerindustrialmovements\",\"https:\/\/www.linkedin.com\/company\/gebr-vermeer-transport\/\",\"https:\/\/www.instagram.com\/gebrvermeer\/\"]}]}<\/script>\n<!-- \/ Yoast SEO Premium plugin. -->","yoast_head_json":{"title":"Location de chariots \u00e9l\u00e9vateurs - Service complet de logistique des chariots \u00e9l\u00e9vateurs - Vermeer Rental &amp; Services","description":"Sp\u00e9cialiste de la location de chariots \u00e9l\u00e9vateurs de 2,5 \u00e0 18 tonnes. La solution pour le chargement et le d\u00e9chargement des marchandises. Consultez tous nos chariots \u00e9l\u00e9vateurs et services en ligne.","robots":{"index":"index","follow":"follow","max-snippet":"max-snippet:-1","max-image-preview":"max-image-preview:large","max-video-preview":"max-video-preview:-1"},"canonical":"https:\/\/vermeer-rental.nl\/fr\/produit\/location-de-chariots-elevateurs\/","og_locale":"fr_FR","og_type":"article","og_title":"Heftruck 2.5 Ton","og_description":"Specialist in heftruck verhuur van 2,5 tot 18 ton. De oplossing voor het laden en lossen van goederen. Bekijk al onze heftrucks en diensten online.","og_url":"https:\/\/vermeer-rental.nl\/fr\/produit\/location-de-chariots-elevateurs\/","og_site_name":"Vermeer Rental &amp; Services","article_publisher":"https:\/\/www.facebook.com\/gebrvermeerindustrialmovements","article_modified_time":"2023-10-28T12:09:46+00:00","og_image":[{"width":2560,"height":2560,"url":"https:\/\/vermeer-rental.nl\/wp-content\/uploads\/2023\/02\/2.5-ton-elektrisch-scaled.jpg","type":"image\/jpeg"}],"twitter_card":"summary_large_image","twitter_misc":{"Dur\u00e9e de lecture estim\u00e9e":"1 minute"},"schema":{"@context":"https:\/\/schema.org","@graph":[{"@type":"WebPage","@id":"https:\/\/vermeer-rental.nl\/product\/heftruck-verhuur\/","url":"https:\/\/vermeer-rental.nl\/product\/heftruck-verhuur\/","name":"Location de chariots \u00e9l\u00e9vateurs - Service complet de logistique des chariots \u00e9l\u00e9vateurs - Vermeer Rental &amp; Services","isPartOf":{"@id":"https:\/\/vermeer-rental.nl\/#website"},"primaryImageOfPage":{"@id":"https:\/\/vermeer-rental.nl\/product\/heftruck-verhuur\/#primaryimage"},"image":{"@id":"https:\/\/vermeer-rental.nl\/product\/heftruck-verhuur\/#primaryimage"},"thumbnailUrl":"https:\/\/vermeer-rental.nl\/wp-content\/uploads\/2023\/02\/2.5-ton-elektrisch-scaled.jpg","datePublished":"2023-02-25T13:42:57+00:00","dateModified":"2023-10-28T12:09:46+00:00","description":"Sp\u00e9cialiste de la location de chariots \u00e9l\u00e9vateurs de 2,5 \u00e0 18 tonnes. La solution pour le chargement et le d\u00e9chargement des marchandises. Consultez tous nos chariots \u00e9l\u00e9vateurs et services en ligne.","breadcrumb":{"@id":"https:\/\/vermeer-rental.nl\/product\/heftruck-verhuur\/#breadcrumb"},"inLanguage":"fr-FR","potentialAction":[{"@type":"ReadAction","target":["https:\/\/vermeer-rental.nl\/product\/heftruck-verhuur\/"]}]},{"@type":"ImageObject","inLanguage":"fr-FR","@id":"https:\/\/vermeer-rental.nl\/product\/heftruck-verhuur\/#primaryimage","url":"https:\/\/vermeer-rental.nl\/wp-content\/uploads\/2023\/02\/2.5-ton-elektrisch-scaled.jpg","contentUrl":"https:\/\/vermeer-rental.nl\/wp-content\/uploads\/2023\/02\/2.5-ton-elektrisch-scaled.jpg","width":2560,"height":2560,"caption":"Heftruck verhuur"},{"@type":"BreadcrumbList","@id":"https:\/\/vermeer-rental.nl\/product\/heftruck-verhuur\/#breadcrumb","itemListElement":[{"@type":"ListItem","position":1,"name":"Home","item":"https:\/\/vermeer-rental.nl\/"},{"@type":"ListItem","position":2,"name":"Diensten","item":"https:\/\/vermeer-rental.nl\/diensten\/"},{"@type":"ListItem","position":3,"name":"Heftruck 2.5 Ton"}]},{"@type":"WebSite","@id":"https:\/\/vermeer-rental.nl\/#website","url":"https:\/\/vermeer-rental.nl\/","name":"Location et services Vermeer","description":"En attente !","publisher":{"@id":"https:\/\/vermeer-rental.nl\/#organization"},"potentialAction":[{"@type":"SearchAction","target":{"@type":"EntryPoint","urlTemplate":"https:\/\/vermeer-rental.nl\/?s={search_term_string}"},"query-input":{"@type":"PropertyValueSpecification","valueRequired":true,"valueName":"search_term_string"}}],"inLanguage":"fr-FR"},{"@type":"Organization","@id":"https:\/\/vermeer-rental.nl\/#organization","name":"Location et services Vermeer","url":"https:\/\/vermeer-rental.nl\/","logo":{"@type":"ImageObject","inLanguage":"fr-FR","@id":"https:\/\/vermeer-rental.nl\/#\/schema\/logo\/image\/","url":"https:\/\/vermeer-rental.nl\/wp-content\/uploads\/2023\/02\/Logo-Vermeer-Rental-RGB.png","contentUrl":"https:\/\/vermeer-rental.nl\/wp-content\/uploads\/2023\/02\/Logo-Vermeer-Rental-RGB.png","width":800,"height":210,"caption":"Vermeer Rental & Services"},"image":{"@id":"https:\/\/vermeer-rental.nl\/#\/schema\/logo\/image\/"},"sameAs":["https:\/\/www.facebook.com\/gebrvermeerindustrialmovements","https:\/\/www.linkedin.com\/company\/gebr-vermeer-transport\/","https:\/\/www.instagram.com\/gebrvermeer\/"]}]}},"_links":{"self":[{"href":"https:\/\/vermeer-rental.nl\/fr\/wp-json\/wp\/v2\/product\/100","targetHints":{"allow":["GET"]}}],"collection":[{"href":"https:\/\/vermeer-rental.nl\/fr\/wp-json\/wp\/v2\/product"}],"about":[{"href":"https:\/\/vermeer-rental.nl\/fr\/wp-json\/wp\/v2\/types\/product"}],"replies":[{"embeddable":true,"href":"https:\/\/vermeer-rental.nl\/fr\/wp-json\/wp\/v2\/comments?post=100"}],"wp:featuredmedia":[{"embeddable":true,"href":"https:\/\/vermeer-rental.nl\/fr\/wp-json\/wp\/v2\/media\/413"}],"wp:attachment":[{"href":"https:\/\/vermeer-rental.nl\/fr\/wp-json\/wp\/v2\/media?parent=100"}],"wp:term":[{"taxonomy":"product_brand","embeddable":true,"href":"https:\/\/vermeer-rental.nl\/fr\/wp-json\/wp\/v2\/product_brand?post=100"},{"taxonomy":"product_cat","embeddable":true,"href":"https:\/\/vermeer-rental.nl\/fr\/wp-json\/wp\/v2\/product_cat?post=100"},{"taxonomy":"product_tag","embeddable":true,"href":"https:\/\/vermeer-rental.nl\/fr\/wp-json\/wp\/v2\/product_tag?post=100"}],"curies":[{"name":"wp","href":"https:\/\/api.w.org\/{rel}","templated":true}]}}