{"id":196,"date":"2023-03-02T18:48:06","date_gmt":"2023-03-02T18:48:06","guid":{"rendered":"https:\/\/rental.daanwerkelijk.nl\/?page_id=196"},"modified":"2023-06-09T09:00:36","modified_gmt":"2023-06-09T09:00:36","slug":"etiquettes","status":"publish","type":"page","link":"https:\/\/vermeer-rental.nl\/fr\/over-ons\/keurmerken\/","title":{"rendered":"Signes distinctifs"},"content":{"rendered":"<div class=\"wpb-content-wrapper\"><div class=\"vc_row wpb_row vc_row-fluid\"><div class=\"wpb_column vc_column_container vc_col-sm-12\"><div class=\"vc_column-inner\"><div class=\"wpb_wrapper\">\n\t<div class=\"wpb_text_column wpb_content_element\" >\n\t\t<div class=\"wpb_wrapper\">\n\t\t\t<h2 class=\"contact-page-title\">VCA<\/h2>\n<p>Vermeer Rental &amp; Services est certifi\u00e9 par le CCN selon les normes VCA* 2017\/6.0 avec la certification Aboma.<\/p>\n<p>Pour le champ d'application :<\/p>\n<ul>\n<li>Transport de machines, de conteneurs, d'installations et de masses d'essai.<\/li>\n<li>Transports sp\u00e9ciaux, y compris les op\u00e9rations de levage \u00e0 l'aide de grues mont\u00e9es sur camion, de grues t\u00e9lescopiques, de chariots \u00e9l\u00e9vateurs \u00e0 fourche et de portiques de levage.<\/li>\n<li>Location de machines, d'\u00e9quipements et de conteneurs.<\/li>\n<li>Effectuer des travaux de (d\u00e9)montage, de gr\u00e9ement et de d\u00e9placement.<\/li>\n<\/ul>\n<p>Nos collaborateurs poss\u00e8dent des labels de qualit\u00e9 tels que le certificat VCA Basic Safety ou VCA for Manager. Cela leur permet d'assurer un traitement optimal et s\u00fbr de vos missions.<\/p>\n\n\t\t<\/div>\n\t<\/div>\n\n\t<div class=\"wpb_text_column wpb_content_element\" >\n\t\t<div class=\"wpb_wrapper\">\n\t\t\t<h2 class=\"contact-page-title\">RSE<\/h2>\n<p>Vermeer Rental &amp; Services est constamment \u00e0 la recherche de m\u00e9thodes dans le domaine de la durabilit\u00e9 et de la responsabilit\u00e9 sociale des entreprises : nous nous concentrons sur l'\u00e9conomie de l'environnement et des co\u00fbts. Nous consid\u00e9rons qu'il s'agit d'une obligation pour l'environnement actuel et les g\u00e9n\u00e9rations futures. Ainsi, nos camions sont bien entretenus, une grande attention est accord\u00e9e aux pneus (tension, \u00e9conomie de carburant et silence), \u00e0 l'a\u00e9rodynamisme et nous investissons continuellement dans des camions dot\u00e9s de moteurs \u00e9conomes en carburant et respectueux de l'environnement. Nos articles de location sont r\u00e9guli\u00e8rement renouvel\u00e9s et nous investissons dans les derni\u00e8res technologies \u00e9lectriques.<\/p>\n<p>Parmi tous nos chariots \u00e9l\u00e9vateurs, beaucoup sont \u00e9lectriques et \u00e9quip\u00e9s de graisse de qualit\u00e9 alimentaire, ce qui les rend excellents pour le transport interne de machines \u00e9cologiques. Toutes nos grues pick &amp; carry sont \u00e9lectriques et \u00e9quip\u00e9es de technologies de pointe.<\/p>\n<p>Nous sommes ouverts \u00e0 un lien social entre notre entreprise et la r\u00e9gion et nous en assumons la responsabilit\u00e9.<\/p>\n\n\t\t<\/div>\n\t<\/div>\n\n\t<div class=\"wpb_text_column wpb_content_element\" >\n\t\t<div class=\"wpb_wrapper\">\n\t\t\t<h2 class=\"contact-page-title\">VVT reconnu<\/h2>\n<p>Qualit\u00e9 et s\u00e9curit\u00e9, deux aspects essentiels pour Vermeer Rental &amp; Services et ses clients lorsqu'ils effectuent des travaux de levage et de manutention. Qu'il s'agisse d'un travail avec une grue pick &amp; carry ou un chariot \u00e9l\u00e9vateur, le travail n'est r\u00e9ussi que s'il a \u00e9t\u00e9 effectu\u00e9 non seulement dans les d\u00e9lais et les sp\u00e9cifications convenus, mais surtout sans dommage ni accident.<\/p>\n\n\t\t<\/div>\n\t<\/div>\n<\/div><\/div><\/div><\/div>\n<\/div>","protected":false},"excerpt":{"rendered":"VCA Vermeer Rental &amp; Services is VCA gecertificeerd volgens de VCA* 2017\/6.0 normen bij Aboma Certification. Voor het toepassingsgebied: Transport van machines, containers, installaties en testgewichten. Speciaal transport incl. hijswerkzaamheden","protected":false},"author":6,"featured_media":0,"parent":147,"menu_order":0,"comment_status":"closed","ping_status":"closed","template":"","meta":{"om_disable_all_campaigns":false,"_monsterinsights_skip_tracking":false,"_monsterinsights_sitenote_active":false,"_monsterinsights_sitenote_note":"","_monsterinsights_sitenote_category":0,"footnotes":""},"class_list":["post-196","page","type-page","status-publish","hentry"],"yoast_head":"<!-- This site is optimized with the Yoast SEO Premium plugin v23.3 (Yoast SEO v27.2) - https:\/\/yoast.com\/product\/yoast-seo-premium-wordpress\/ -->\n<title>Keurmerken - Vermeer Rental &amp; Services<\/title>\n<meta name=\"description\" content=\"Vermeer Rental is constant op zoek naar het beste op het gebied van duurzaamheid, keurmerken &amp; maatschappelijk verantwoord ondernemen\" \/>\n<meta name=\"robots\" content=\"index, follow, max-snippet:-1, max-image-preview:large, max-video-preview:-1\" \/>\n<link rel=\"canonical\" href=\"https:\/\/vermeer-rental.nl\/fr\/a-propos-de-nous\/etiquettes\/\" \/>\n<meta property=\"og:locale\" content=\"fr_FR\" \/>\n<meta property=\"og:type\" content=\"article\" \/>\n<meta property=\"og:title\" content=\"Keurmerken\" \/>\n<meta property=\"og:description\" content=\"Vermeer Rental is constant op zoek naar het beste op het gebied van duurzaamheid, keurmerken &amp; maatschappelijk verantwoord ondernemen\" \/>\n<meta property=\"og:url\" content=\"https:\/\/vermeer-rental.nl\/fr\/a-propos-de-nous\/etiquettes\/\" \/>\n<meta property=\"og:site_name\" content=\"Vermeer Rental &amp; Services\" \/>\n<meta property=\"article:publisher\" content=\"https:\/\/www.facebook.com\/gebrvermeerindustrialmovements\" \/>\n<meta property=\"article:modified_time\" content=\"2023-06-09T09:00:36+00:00\" \/>\n<meta name=\"twitter:card\" content=\"summary_large_image\" \/>\n<meta name=\"twitter:label1\" content=\"Dur\u00e9e de lecture estim\u00e9e\" \/>\n\t<meta name=\"twitter:data1\" content=\"2 minutes\" \/>\n<script type=\"application\/ld+json\" class=\"yoast-schema-graph\">{\"@context\":\"https:\/\/schema.org\",\"@graph\":[{\"@type\":\"WebPage\",\"@id\":\"https:\/\/vermeer-rental.nl\/over-ons\/keurmerken\/\",\"url\":\"https:\/\/vermeer-rental.nl\/over-ons\/keurmerken\/\",\"name\":\"Keurmerken - Vermeer Rental &amp; Services\",\"isPartOf\":{\"@id\":\"https:\/\/vermeer-rental.nl\/#website\"},\"datePublished\":\"2023-03-02T18:48:06+00:00\",\"dateModified\":\"2023-06-09T09:00:36+00:00\",\"description\":\"Vermeer Rental is constant op zoek naar het beste op het gebied van duurzaamheid, keurmerken & maatschappelijk verantwoord ondernemen\",\"breadcrumb\":{\"@id\":\"https:\/\/vermeer-rental.nl\/over-ons\/keurmerken\/#breadcrumb\"},\"inLanguage\":\"fr-FR\",\"potentialAction\":[{\"@type\":\"ReadAction\",\"target\":[\"https:\/\/vermeer-rental.nl\/over-ons\/keurmerken\/\"]}]},{\"@type\":\"BreadcrumbList\",\"@id\":\"https:\/\/vermeer-rental.nl\/over-ons\/keurmerken\/#breadcrumb\",\"itemListElement\":[{\"@type\":\"ListItem\",\"position\":1,\"name\":\"Home\",\"item\":\"https:\/\/vermeer-rental.nl\/\"},{\"@type\":\"ListItem\",\"position\":2,\"name\":\"Over ons\",\"item\":\"https:\/\/vermeer-rental.nl\/over-ons\/\"},{\"@type\":\"ListItem\",\"position\":3,\"name\":\"Keurmerken\"}]},{\"@type\":\"WebSite\",\"@id\":\"https:\/\/vermeer-rental.nl\/#website\",\"url\":\"https:\/\/vermeer-rental.nl\/\",\"name\":\"Vermeer Rental & Services\",\"description\":\"Staat voor u klaar!\",\"publisher\":{\"@id\":\"https:\/\/vermeer-rental.nl\/#organization\"},\"potentialAction\":[{\"@type\":\"SearchAction\",\"target\":{\"@type\":\"EntryPoint\",\"urlTemplate\":\"https:\/\/vermeer-rental.nl\/?s={search_term_string}\"},\"query-input\":{\"@type\":\"PropertyValueSpecification\",\"valueRequired\":true,\"valueName\":\"search_term_string\"}}],\"inLanguage\":\"fr-FR\"},{\"@type\":\"Organization\",\"@id\":\"https:\/\/vermeer-rental.nl\/#organization\",\"name\":\"Vermeer Rental & Services\",\"url\":\"https:\/\/vermeer-rental.nl\/\",\"logo\":{\"@type\":\"ImageObject\",\"inLanguage\":\"fr-FR\",\"@id\":\"https:\/\/vermeer-rental.nl\/#\/schema\/logo\/image\/\",\"url\":\"https:\/\/vermeer-rental.nl\/wp-content\/uploads\/2023\/02\/Logo-Vermeer-Rental-RGB.png\",\"contentUrl\":\"https:\/\/vermeer-rental.nl\/wp-content\/uploads\/2023\/02\/Logo-Vermeer-Rental-RGB.png\",\"width\":800,\"height\":210,\"caption\":\"Vermeer Rental & Services\"},\"image\":{\"@id\":\"https:\/\/vermeer-rental.nl\/#\/schema\/logo\/image\/\"},\"sameAs\":[\"https:\/\/www.facebook.com\/gebrvermeerindustrialmovements\",\"https:\/\/www.linkedin.com\/company\/gebr-vermeer-transport\/\",\"https:\/\/www.instagram.com\/gebrvermeer\/\"]}]}<\/script>\n<!-- \/ Yoast SEO Premium plugin. -->","yoast_head_json":{"title":"Hallmarks - Location et services Vermeer","description":"Vermeer Rental est constamment \u00e0 la recherche de ce qui se fait de mieux en mati\u00e8re de durabilit\u00e9, de labels et de responsabilit\u00e9 sociale des entreprises.","robots":{"index":"index","follow":"follow","max-snippet":"max-snippet:-1","max-image-preview":"max-image-preview:large","max-video-preview":"max-video-preview:-1"},"canonical":"https:\/\/vermeer-rental.nl\/fr\/a-propos-de-nous\/etiquettes\/","og_locale":"fr_FR","og_type":"article","og_title":"Keurmerken","og_description":"Vermeer Rental is constant op zoek naar het beste op het gebied van duurzaamheid, keurmerken & maatschappelijk verantwoord ondernemen","og_url":"https:\/\/vermeer-rental.nl\/fr\/a-propos-de-nous\/etiquettes\/","og_site_name":"Vermeer Rental &amp; Services","article_publisher":"https:\/\/www.facebook.com\/gebrvermeerindustrialmovements","article_modified_time":"2023-06-09T09:00:36+00:00","twitter_card":"summary_large_image","twitter_misc":{"Dur\u00e9e de lecture estim\u00e9e":"2 minutes"},"schema":{"@context":"https:\/\/schema.org","@graph":[{"@type":"WebPage","@id":"https:\/\/vermeer-rental.nl\/over-ons\/keurmerken\/","url":"https:\/\/vermeer-rental.nl\/over-ons\/keurmerken\/","name":"Hallmarks - Location et services Vermeer","isPartOf":{"@id":"https:\/\/vermeer-rental.nl\/#website"},"datePublished":"2023-03-02T18:48:06+00:00","dateModified":"2023-06-09T09:00:36+00:00","description":"Vermeer Rental est constamment \u00e0 la recherche de ce qui se fait de mieux en mati\u00e8re de durabilit\u00e9, de labels et de responsabilit\u00e9 sociale des entreprises.","breadcrumb":{"@id":"https:\/\/vermeer-rental.nl\/over-ons\/keurmerken\/#breadcrumb"},"inLanguage":"fr-FR","potentialAction":[{"@type":"ReadAction","target":["https:\/\/vermeer-rental.nl\/over-ons\/keurmerken\/"]}]},{"@type":"BreadcrumbList","@id":"https:\/\/vermeer-rental.nl\/over-ons\/keurmerken\/#breadcrumb","itemListElement":[{"@type":"ListItem","position":1,"name":"Home","item":"https:\/\/vermeer-rental.nl\/"},{"@type":"ListItem","position":2,"name":"Over ons","item":"https:\/\/vermeer-rental.nl\/over-ons\/"},{"@type":"ListItem","position":3,"name":"Keurmerken"}]},{"@type":"WebSite","@id":"https:\/\/vermeer-rental.nl\/#website","url":"https:\/\/vermeer-rental.nl\/","name":"Location et services Vermeer","description":"En attente !","publisher":{"@id":"https:\/\/vermeer-rental.nl\/#organization"},"potentialAction":[{"@type":"SearchAction","target":{"@type":"EntryPoint","urlTemplate":"https:\/\/vermeer-rental.nl\/?s={search_term_string}"},"query-input":{"@type":"PropertyValueSpecification","valueRequired":true,"valueName":"search_term_string"}}],"inLanguage":"fr-FR"},{"@type":"Organization","@id":"https:\/\/vermeer-rental.nl\/#organization","name":"Location et services Vermeer","url":"https:\/\/vermeer-rental.nl\/","logo":{"@type":"ImageObject","inLanguage":"fr-FR","@id":"https:\/\/vermeer-rental.nl\/#\/schema\/logo\/image\/","url":"https:\/\/vermeer-rental.nl\/wp-content\/uploads\/2023\/02\/Logo-Vermeer-Rental-RGB.png","contentUrl":"https:\/\/vermeer-rental.nl\/wp-content\/uploads\/2023\/02\/Logo-Vermeer-Rental-RGB.png","width":800,"height":210,"caption":"Vermeer Rental & Services"},"image":{"@id":"https:\/\/vermeer-rental.nl\/#\/schema\/logo\/image\/"},"sameAs":["https:\/\/www.facebook.com\/gebrvermeerindustrialmovements","https:\/\/www.linkedin.com\/company\/gebr-vermeer-transport\/","https:\/\/www.instagram.com\/gebrvermeer\/"]}]}},"_links":{"self":[{"href":"https:\/\/vermeer-rental.nl\/fr\/wp-json\/wp\/v2\/pages\/196","targetHints":{"allow":["GET"]}}],"collection":[{"href":"https:\/\/vermeer-rental.nl\/fr\/wp-json\/wp\/v2\/pages"}],"about":[{"href":"https:\/\/vermeer-rental.nl\/fr\/wp-json\/wp\/v2\/types\/page"}],"author":[{"embeddable":true,"href":"https:\/\/vermeer-rental.nl\/fr\/wp-json\/wp\/v2\/users\/6"}],"replies":[{"embeddable":true,"href":"https:\/\/vermeer-rental.nl\/fr\/wp-json\/wp\/v2\/comments?post=196"}],"version-history":[{"count":5,"href":"https:\/\/vermeer-rental.nl\/fr\/wp-json\/wp\/v2\/pages\/196\/revisions"}],"predecessor-version":[{"id":1352,"href":"https:\/\/vermeer-rental.nl\/fr\/wp-json\/wp\/v2\/pages\/196\/revisions\/1352"}],"up":[{"embeddable":true,"href":"https:\/\/vermeer-rental.nl\/fr\/wp-json\/wp\/v2\/pages\/147"}],"wp:attachment":[{"href":"https:\/\/vermeer-rental.nl\/fr\/wp-json\/wp\/v2\/media?parent=196"}],"curies":[{"name":"wp","href":"https:\/\/api.w.org\/{rel}","templated":true}]}}