{"id":1810,"date":"2023-10-21T14:43:54","date_gmt":"2023-10-21T12:43:54","guid":{"rendered":"https:\/\/vermeer-rental.nl\/?page_id=1810"},"modified":"2025-02-05T14:40:44","modified_gmt":"2025-02-05T13:40:44","slug":"vente-aux-encheres-industrielle-expert-en-logistique-service-complet","status":"publish","type":"page","link":"https:\/\/vermeer-rental.nl\/fr\/industriele-veiling-logistiek-expert-full-service-logistiek\/","title":{"rendered":"Logistique des ventes aux ench\u00e8res"},"content":{"rendered":"<div class=\"wpb-content-wrapper\"><div class=\"vc_row wpb_row vc_row-fluid\"><div class=\"wpb_column vc_column_container vc_col-sm-12\"><div class=\"vc_column-inner\"><div class=\"wpb_wrapper\">\n\t<div class=\"wpb_text_column wpb_content_element\" >\n\t\t<div class=\"wpb_wrapper\">\n\t\t\t<h1 class=\"contact-page-title\">Votre partenaire logistique de confiance pour les ventes aux ench\u00e8res industrielles - Service logistique complet<\/h1>\n<p>Chez Vermeer, nous comprenons qu'en tant que client d'une vente aux ench\u00e8res industrielle, vous recherchez une logistique sans faille pour recevoir vos achats en toute s\u00e9curit\u00e9 et en temps voulu. Nous sommes l\u00e0 pour vous aider dans votre processus logistique.<\/p>\n<p>&nbsp;<\/p>\n<h2>Nos services logistiques :<\/h2>\n<p><strong>Retraits d'ench\u00e8res :<\/strong> Nous collectons vos achats lors des ventes aux ench\u00e8res avec soin et attention aux d\u00e9tails. Qu'il s'agisse de machines lourdes ou d'autres \u00e9quipements industriels de valeur, vos articles seront manipul\u00e9s et transport\u00e9s par nos soins en toute s\u00e9curit\u00e9 et dans les meilleurs d\u00e9lais.<\/p>\n<p><strong>D\u00e9montage professionnel :<\/strong> Si vos achats doivent \u00eatre d\u00e9mont\u00e9s avant d'\u00eatre transport\u00e9s, nous disposons de l'expertise n\u00e9cessaire pour le faire avec soin.<\/p>\n<p><strong>Manutention des marchandises : <\/strong>Nous sommes sp\u00e9cialis\u00e9s dans le traitement des marchandises lors des ventes aux ench\u00e8res, o\u00f9 la rapidit\u00e9 et la diligence sont essentielles. Nos \u00e9quipes exp\u00e9riment\u00e9es veillent \u00e0 ce que vos achats soient trait\u00e9s de mani\u00e8re s\u00fbre et efficace. Les biens peuvent ainsi \u00eatre transport\u00e9s jusqu'\u00e0 l'endroit souhait\u00e9.<\/p>\n<p><strong>Des transports sp\u00e9ciaux s\u00fbrs<\/strong>Pour tous vos besoins de transport, nous vous proposons des services de transport d\u00e9di\u00e9s qui garantissent s\u00e9curit\u00e9 et efficacit\u00e9, m\u00eame pour les chargements les plus complexes.<\/p>\n<p><strong>Stockage temporaire<\/strong>Vos achats peuvent \u00eatre temporairement stock\u00e9s dans nos locaux s\u00e9curis\u00e9s jusqu'\u00e0 ce que vous soyez pr\u00eat.<\/p>\n<p><strong>Planification logistique :<\/strong> Nous savons qu'une logistique rapide et coordonn\u00e9e est cruciale pour vos achats. Nos \u00e9quipes assurent une ex\u00e9cution logistique sans faille, y compris la planification et l'optimisation des itin\u00e9raires.<\/p>\n<p><strong>Emballage soign\u00e9 :<\/strong> Pour les articles fragiles ou pr\u00e9cieux, nous proposons un emballage maritime et une protection pour que vos achats arrivent en toute s\u00e9curit\u00e9 et sans dommage.<\/p>\n<p>&nbsp;<\/p>\n<h3>Nos \u00e9quipements int\u00e9rieurs<\/h3>\n<ul>\n<li><strong><a href=\"https:\/\/vermeer-rental.nl\/fr\/categorie\/heftrucks\/\">Location de chariots \u00e9l\u00e9vateurs<\/a>:<\/strong> Notre flotte de chariots \u00e9l\u00e9vateurs est \u00e0 votre disposition pour transporter les marchandises de mani\u00e8re s\u00fbre et efficace.<\/li>\n<li><strong><a href=\"https:\/\/vermeer-rental.nl\/fr\/categorie\/grues-de-levage-et-de-transport-2\/\">Robinetterie \u00e9lectrique<\/a>:<\/strong> Nos grues \u00e9lectriques offrent pr\u00e9cision et puissance pour la manutention en toute s\u00e9curit\u00e9 de charges lourdes et l\u00e9g\u00e8res.<\/li>\n<li><a href=\"https:\/\/vermeer-rental.nl\/fr\/categorie\/conteneurs\/\"><strong>Conteneurs de mat\u00e9riel avec \u00e9quipement de levage et de roulement<\/strong><\/a>Les conteneurs de mat\u00e9riel sont \u00e9quip\u00e9s de toutes sortes d'outils logistiques.<\/li>\n<\/ul>\n<p>Chez Vermeer, nous nous consid\u00e9rons comme une extension de vos besoins logistiques. Nous comprenons la valeur de vos achats et votre d\u00e9sir de les recevoir dans des conditions optimales. Nos services logistiques contribuent au succ\u00e8s de vos achats aux ench\u00e8res en veillant \u00e0 ce que tous les articles arrivent \u00e0 temps et en parfait \u00e9tat.<\/p>\n<p>Notre engagement en mati\u00e8re de logistique et de satisfaction de la client\u00e8le a fait de nous un partenaire de confiance pour les clients des ventes aux ench\u00e8res industrielles. Si vous recherchez un partenaire logistique de confiance pour vos achats, contactez Vermeer. Nous sommes pr\u00eats \u00e0 vous soutenir et \u00e0 r\u00e9pondre \u00e0 vos besoins logistiques.<\/p>\n\n\t\t<\/div>\n\t<\/div>\n<\/div><\/div><\/div><\/div><div class=\"vc_row wpb_row vc_row-fluid\"><div class=\"wpb_column vc_column_container vc_col-sm-12\"><div class=\"vc_column-inner\"><div class=\"wpb_wrapper\"><div class=\"vc_btn3-container vc_btn3-inline vc_do_btn\" ><a class=\"vc_general vc_btn3 vc_btn3-size-md vc_btn3-shape-rounded vc_btn3-style-modern vc_btn3-icon-right vc_btn3-color-black\" href=\"https:\/\/vermeer-rental.nl\/fr\/contact\/\" title=\"Contact\">Contactez nous <i class=\"vc_btn3-icon fas fa-angle-right\"><\/i><\/a><\/div><\/div><\/div><\/div><\/div>\n<\/div>","protected":false},"excerpt":{"rendered":"Uw Vertrouwde Logistieke Partner voor Industri\u00eble Veilingen - Full service logistiek Bij Vermeer begrijpen we dat u als klant van industri\u00eble veilingen zoekt naar een naadloze logistieke ervaring om uw","protected":false},"author":6,"featured_media":1773,"parent":0,"menu_order":0,"comment_status":"closed","ping_status":"closed","template":"","meta":{"om_disable_all_campaigns":false,"_monsterinsights_skip_tracking":false,"_monsterinsights_sitenote_active":false,"_monsterinsights_sitenote_note":"","_monsterinsights_sitenote_category":0,"footnotes":""},"class_list":["post-1810","page","type-page","status-publish","has-post-thumbnail","hentry"],"yoast_head":"<!-- This site is optimized with the Yoast SEO Premium plugin v23.3 (Yoast SEO v27.2) - https:\/\/yoast.com\/product\/yoast-seo-premium-wordpress\/ -->\n<title>Industri\u00eble Veiling Logistiek expert: Full Service Logistiek<\/title>\n<meta name=\"description\" content=\"Full service logistiek verzorgd door Vermeer: Veilingafhalingen, demontage en handling van goederen - Industri\u00eble veiling logistiek expert.\" \/>\n<meta name=\"robots\" content=\"index, follow, max-snippet:-1, max-image-preview:large, max-video-preview:-1\" \/>\n<link rel=\"canonical\" href=\"https:\/\/vermeer-rental.nl\/fr\/vente-aux-encheres-industrielle-expert-en-logistique-service-complet\/\" \/>\n<meta property=\"og:locale\" content=\"fr_FR\" \/>\n<meta property=\"og:type\" content=\"article\" \/>\n<meta property=\"og:title\" content=\"Veiling logistiek\" \/>\n<meta property=\"og:description\" content=\"Full service logistiek verzorgd door Vermeer: Veilingafhalingen, demontage en handling van goederen - Industri\u00eble veiling logistiek expert.\" \/>\n<meta property=\"og:url\" content=\"https:\/\/vermeer-rental.nl\/fr\/vente-aux-encheres-industrielle-expert-en-logistique-service-complet\/\" \/>\n<meta property=\"og:site_name\" content=\"Vermeer Rental &amp; Services\" \/>\n<meta property=\"article:publisher\" content=\"https:\/\/www.facebook.com\/gebrvermeerindustrialmovements\" \/>\n<meta property=\"article:modified_time\" content=\"2025-02-05T13:40:44+00:00\" \/>\n<meta property=\"og:image\" content=\"https:\/\/vermeer-rental.nl\/wp-content\/uploads\/2023\/10\/20180913-VERMEER-foto-op-de-pagina-scaled.jpg\" \/>\n\t<meta property=\"og:image:width\" content=\"2560\" \/>\n\t<meta property=\"og:image:height\" content=\"1709\" \/>\n\t<meta property=\"og:image:type\" content=\"image\/jpeg\" \/>\n<meta name=\"twitter:card\" content=\"summary_large_image\" \/>\n<meta name=\"twitter:label1\" content=\"Dur\u00e9e de lecture estim\u00e9e\" \/>\n\t<meta name=\"twitter:data1\" content=\"3 minutes\" \/>\n<script type=\"application\/ld+json\" class=\"yoast-schema-graph\">{\"@context\":\"https:\/\/schema.org\",\"@graph\":[{\"@type\":\"WebPage\",\"@id\":\"https:\/\/vermeer-rental.nl\/industriele-veiling-logistiek-expert-full-service-logistiek\/\",\"url\":\"https:\/\/vermeer-rental.nl\/industriele-veiling-logistiek-expert-full-service-logistiek\/\",\"name\":\"Industri\u00eble Veiling Logistiek expert: Full Service Logistiek\",\"isPartOf\":{\"@id\":\"https:\/\/vermeer-rental.nl\/#website\"},\"primaryImageOfPage\":{\"@id\":\"https:\/\/vermeer-rental.nl\/industriele-veiling-logistiek-expert-full-service-logistiek\/#primaryimage\"},\"image\":{\"@id\":\"https:\/\/vermeer-rental.nl\/industriele-veiling-logistiek-expert-full-service-logistiek\/#primaryimage\"},\"thumbnailUrl\":\"https:\/\/vermeer-rental.nl\/wp-content\/uploads\/2023\/10\/20180913-VERMEER-foto-op-de-pagina-scaled.jpg\",\"datePublished\":\"2023-10-21T12:43:54+00:00\",\"dateModified\":\"2025-02-05T13:40:44+00:00\",\"description\":\"Full service logistiek verzorgd door Vermeer: Veilingafhalingen, demontage en handling van goederen - Industri\u00eble veiling logistiek expert.\",\"breadcrumb\":{\"@id\":\"https:\/\/vermeer-rental.nl\/industriele-veiling-logistiek-expert-full-service-logistiek\/#breadcrumb\"},\"inLanguage\":\"fr-FR\",\"potentialAction\":[{\"@type\":\"ReadAction\",\"target\":[\"https:\/\/vermeer-rental.nl\/industriele-veiling-logistiek-expert-full-service-logistiek\/\"]}]},{\"@type\":\"ImageObject\",\"inLanguage\":\"fr-FR\",\"@id\":\"https:\/\/vermeer-rental.nl\/industriele-veiling-logistiek-expert-full-service-logistiek\/#primaryimage\",\"url\":\"https:\/\/vermeer-rental.nl\/wp-content\/uploads\/2023\/10\/20180913-VERMEER-foto-op-de-pagina-scaled.jpg\",\"contentUrl\":\"https:\/\/vermeer-rental.nl\/wp-content\/uploads\/2023\/10\/20180913-VERMEER-foto-op-de-pagina-scaled.jpg\",\"width\":2560,\"height\":1709},{\"@type\":\"BreadcrumbList\",\"@id\":\"https:\/\/vermeer-rental.nl\/industriele-veiling-logistiek-expert-full-service-logistiek\/#breadcrumb\",\"itemListElement\":[{\"@type\":\"ListItem\",\"position\":1,\"name\":\"Home\",\"item\":\"https:\/\/vermeer-rental.nl\/\"},{\"@type\":\"ListItem\",\"position\":2,\"name\":\"Veiling logistiek\"}]},{\"@type\":\"WebSite\",\"@id\":\"https:\/\/vermeer-rental.nl\/#website\",\"url\":\"https:\/\/vermeer-rental.nl\/\",\"name\":\"Vermeer Rental & Services\",\"description\":\"Staat voor u klaar!\",\"publisher\":{\"@id\":\"https:\/\/vermeer-rental.nl\/#organization\"},\"potentialAction\":[{\"@type\":\"SearchAction\",\"target\":{\"@type\":\"EntryPoint\",\"urlTemplate\":\"https:\/\/vermeer-rental.nl\/?s={search_term_string}\"},\"query-input\":{\"@type\":\"PropertyValueSpecification\",\"valueRequired\":true,\"valueName\":\"search_term_string\"}}],\"inLanguage\":\"fr-FR\"},{\"@type\":\"Organization\",\"@id\":\"https:\/\/vermeer-rental.nl\/#organization\",\"name\":\"Vermeer Rental & Services\",\"url\":\"https:\/\/vermeer-rental.nl\/\",\"logo\":{\"@type\":\"ImageObject\",\"inLanguage\":\"fr-FR\",\"@id\":\"https:\/\/vermeer-rental.nl\/#\/schema\/logo\/image\/\",\"url\":\"https:\/\/vermeer-rental.nl\/wp-content\/uploads\/2023\/02\/Logo-Vermeer-Rental-RGB.png\",\"contentUrl\":\"https:\/\/vermeer-rental.nl\/wp-content\/uploads\/2023\/02\/Logo-Vermeer-Rental-RGB.png\",\"width\":800,\"height\":210,\"caption\":\"Vermeer Rental & Services\"},\"image\":{\"@id\":\"https:\/\/vermeer-rental.nl\/#\/schema\/logo\/image\/\"},\"sameAs\":[\"https:\/\/www.facebook.com\/gebrvermeerindustrialmovements\",\"https:\/\/www.linkedin.com\/company\/gebr-vermeer-transport\/\",\"https:\/\/www.instagram.com\/gebrvermeer\/\"]}]}<\/script>\n<!-- \/ Yoast SEO Premium plugin. -->","yoast_head_json":{"title":"Expert en logistique des ventes aux ench\u00e8res industrielles : logistique compl\u00e8te","description":"Logistique compl\u00e8te assur\u00e9e par Vermeer : Collecte des ench\u00e8res, d\u00e9montage et manutention des marchandises - Expert en logistique des ventes aux ench\u00e8res industrielles.","robots":{"index":"index","follow":"follow","max-snippet":"max-snippet:-1","max-image-preview":"max-image-preview:large","max-video-preview":"max-video-preview:-1"},"canonical":"https:\/\/vermeer-rental.nl\/fr\/vente-aux-encheres-industrielle-expert-en-logistique-service-complet\/","og_locale":"fr_FR","og_type":"article","og_title":"Veiling logistiek","og_description":"Full service logistiek verzorgd door Vermeer: Veilingafhalingen, demontage en handling van goederen - Industri\u00eble veiling logistiek expert.","og_url":"https:\/\/vermeer-rental.nl\/fr\/vente-aux-encheres-industrielle-expert-en-logistique-service-complet\/","og_site_name":"Vermeer Rental &amp; Services","article_publisher":"https:\/\/www.facebook.com\/gebrvermeerindustrialmovements","article_modified_time":"2025-02-05T13:40:44+00:00","og_image":[{"width":2560,"height":1709,"url":"https:\/\/vermeer-rental.nl\/wp-content\/uploads\/2023\/10\/20180913-VERMEER-foto-op-de-pagina-scaled.jpg","type":"image\/jpeg"}],"twitter_card":"summary_large_image","twitter_misc":{"Dur\u00e9e de lecture estim\u00e9e":"3 minutes"},"schema":{"@context":"https:\/\/schema.org","@graph":[{"@type":"WebPage","@id":"https:\/\/vermeer-rental.nl\/industriele-veiling-logistiek-expert-full-service-logistiek\/","url":"https:\/\/vermeer-rental.nl\/industriele-veiling-logistiek-expert-full-service-logistiek\/","name":"Expert en logistique des ventes aux ench\u00e8res industrielles : logistique compl\u00e8te","isPartOf":{"@id":"https:\/\/vermeer-rental.nl\/#website"},"primaryImageOfPage":{"@id":"https:\/\/vermeer-rental.nl\/industriele-veiling-logistiek-expert-full-service-logistiek\/#primaryimage"},"image":{"@id":"https:\/\/vermeer-rental.nl\/industriele-veiling-logistiek-expert-full-service-logistiek\/#primaryimage"},"thumbnailUrl":"https:\/\/vermeer-rental.nl\/wp-content\/uploads\/2023\/10\/20180913-VERMEER-foto-op-de-pagina-scaled.jpg","datePublished":"2023-10-21T12:43:54+00:00","dateModified":"2025-02-05T13:40:44+00:00","description":"Logistique compl\u00e8te assur\u00e9e par Vermeer : Collecte des ench\u00e8res, d\u00e9montage et manutention des marchandises - Expert en logistique des ventes aux ench\u00e8res industrielles.","breadcrumb":{"@id":"https:\/\/vermeer-rental.nl\/industriele-veiling-logistiek-expert-full-service-logistiek\/#breadcrumb"},"inLanguage":"fr-FR","potentialAction":[{"@type":"ReadAction","target":["https:\/\/vermeer-rental.nl\/industriele-veiling-logistiek-expert-full-service-logistiek\/"]}]},{"@type":"ImageObject","inLanguage":"fr-FR","@id":"https:\/\/vermeer-rental.nl\/industriele-veiling-logistiek-expert-full-service-logistiek\/#primaryimage","url":"https:\/\/vermeer-rental.nl\/wp-content\/uploads\/2023\/10\/20180913-VERMEER-foto-op-de-pagina-scaled.jpg","contentUrl":"https:\/\/vermeer-rental.nl\/wp-content\/uploads\/2023\/10\/20180913-VERMEER-foto-op-de-pagina-scaled.jpg","width":2560,"height":1709},{"@type":"BreadcrumbList","@id":"https:\/\/vermeer-rental.nl\/industriele-veiling-logistiek-expert-full-service-logistiek\/#breadcrumb","itemListElement":[{"@type":"ListItem","position":1,"name":"Home","item":"https:\/\/vermeer-rental.nl\/"},{"@type":"ListItem","position":2,"name":"Veiling logistiek"}]},{"@type":"WebSite","@id":"https:\/\/vermeer-rental.nl\/#website","url":"https:\/\/vermeer-rental.nl\/","name":"Location et services Vermeer","description":"En attente !","publisher":{"@id":"https:\/\/vermeer-rental.nl\/#organization"},"potentialAction":[{"@type":"SearchAction","target":{"@type":"EntryPoint","urlTemplate":"https:\/\/vermeer-rental.nl\/?s={search_term_string}"},"query-input":{"@type":"PropertyValueSpecification","valueRequired":true,"valueName":"search_term_string"}}],"inLanguage":"fr-FR"},{"@type":"Organization","@id":"https:\/\/vermeer-rental.nl\/#organization","name":"Location et services Vermeer","url":"https:\/\/vermeer-rental.nl\/","logo":{"@type":"ImageObject","inLanguage":"fr-FR","@id":"https:\/\/vermeer-rental.nl\/#\/schema\/logo\/image\/","url":"https:\/\/vermeer-rental.nl\/wp-content\/uploads\/2023\/02\/Logo-Vermeer-Rental-RGB.png","contentUrl":"https:\/\/vermeer-rental.nl\/wp-content\/uploads\/2023\/02\/Logo-Vermeer-Rental-RGB.png","width":800,"height":210,"caption":"Vermeer Rental & Services"},"image":{"@id":"https:\/\/vermeer-rental.nl\/#\/schema\/logo\/image\/"},"sameAs":["https:\/\/www.facebook.com\/gebrvermeerindustrialmovements","https:\/\/www.linkedin.com\/company\/gebr-vermeer-transport\/","https:\/\/www.instagram.com\/gebrvermeer\/"]}]}},"_links":{"self":[{"href":"https:\/\/vermeer-rental.nl\/fr\/wp-json\/wp\/v2\/pages\/1810","targetHints":{"allow":["GET"]}}],"collection":[{"href":"https:\/\/vermeer-rental.nl\/fr\/wp-json\/wp\/v2\/pages"}],"about":[{"href":"https:\/\/vermeer-rental.nl\/fr\/wp-json\/wp\/v2\/types\/page"}],"author":[{"embeddable":true,"href":"https:\/\/vermeer-rental.nl\/fr\/wp-json\/wp\/v2\/users\/6"}],"replies":[{"embeddable":true,"href":"https:\/\/vermeer-rental.nl\/fr\/wp-json\/wp\/v2\/comments?post=1810"}],"version-history":[{"count":10,"href":"https:\/\/vermeer-rental.nl\/fr\/wp-json\/wp\/v2\/pages\/1810\/revisions"}],"predecessor-version":[{"id":1841,"href":"https:\/\/vermeer-rental.nl\/fr\/wp-json\/wp\/v2\/pages\/1810\/revisions\/1841"}],"wp:featuredmedia":[{"embeddable":true,"href":"https:\/\/vermeer-rental.nl\/fr\/wp-json\/wp\/v2\/media\/1773"}],"wp:attachment":[{"href":"https:\/\/vermeer-rental.nl\/fr\/wp-json\/wp\/v2\/media?parent=1810"}],"curies":[{"name":"wp","href":"https:\/\/api.w.org\/{rel}","templated":true}]}}