{"id":46,"date":"2023-02-25T13:42:37","date_gmt":"2023-02-25T13:42:37","guid":{"rendered":"https:\/\/rental.daanwerkelijk.nl\/?post_type=product&#038;p=46"},"modified":"2023-02-25T16:57:25","modified_gmt":"2023-02-25T16:57:25","slug":"portico-elevador-60t","status":"publish","type":"product","link":"https:\/\/vermeer-rental.nl\/es\/product\/hijsportaal-60t\/","title":{"rendered":"P\u00f3rtico de elevaci\u00f3n 60T"},"content":{"rendered":"","protected":false},"excerpt":{"rendered":"<p>Esta gr\u00faa m\u00f3vil es ideal para todo tipo de trabajos de elevaci\u00f3n, montaje y ensamblaje. Es una forma eficaz de mover cargas pesadas en aplicaciones en las que no hay gr\u00faa de nave o en las que simplemente no cabe una gr\u00faa tradicional.<\/p>\n<form action=\"https:\/\/vermeer-rental.nl\/wp-content\/uploads\/2023\/03\/Technische-tekening-60-ton-hijsportaal.pdf\" method=\"get\" target=\"_blank\" data-trp-original-action=\"https:\/\/vermeer-rental.nl\/wp-content\/uploads\/2023\/03\/Technische-tekening-60-ton-hijsportaal.pdf\"><button class=\"pdf-button\" type=\"submit\">Datos t\u00e9cnicos<\/button><input type=\"hidden\" name=\"trp-form-language\" value=\"es\"\/><\/form>","protected":false},"featured_media":90,"comment_status":"closed","ping_status":"closed","template":"","meta":{"om_disable_all_campaigns":false,"_monsterinsights_skip_tracking":false,"_monsterinsights_sitenote_active":false,"_monsterinsights_sitenote_note":"","_monsterinsights_sitenote_category":0},"product_brand":[],"product_cat":[23],"product_tag":[],"class_list":{"0":"post-46","1":"product","2":"type-product","3":"status-publish","4":"has-post-thumbnail","6":"product_cat-hijsportalen","8":"first","9":"instock","10":"shipping-taxable","11":"purchasable","12":"product-type-simple"},"yoast_head":"<!-- This site is optimized with the Yoast SEO Premium plugin v23.3 (Yoast SEO v27.2) - https:\/\/yoast.com\/product\/yoast-seo-premium-wordpress\/ -->\n<title>Hijsportaal 60T - Vermeer Rental &amp; Services<\/title>\n<meta name=\"robots\" content=\"index, follow, max-snippet:-1, max-image-preview:large, max-video-preview:-1\" \/>\n<link rel=\"canonical\" href=\"https:\/\/vermeer-rental.nl\/es\/producto\/portico-elevador-60t\/\" \/>\n<meta property=\"og:locale\" content=\"es_ES\" \/>\n<meta property=\"og:type\" content=\"article\" \/>\n<meta property=\"og:title\" content=\"Hijsportaal 60T\" \/>\n<meta property=\"og:description\" content=\"Deze mobiele kraan is ideaal voor allerlei hijs-, montage en assemblagewerk het is een effici\u00ebnte manier om zware ladingen te verplaatsen bij toepassingen waar er geen hallenkraan aanwezig is of waar een traditionele kraan simpel weg niet past.    Technische gegevens\" \/>\n<meta property=\"og:url\" content=\"https:\/\/vermeer-rental.nl\/es\/producto\/portico-elevador-60t\/\" \/>\n<meta property=\"og:site_name\" content=\"Vermeer Rental &amp; Services\" \/>\n<meta property=\"article:publisher\" content=\"https:\/\/www.facebook.com\/gebrvermeerindustrialmovements\" \/>\n<meta property=\"article:modified_time\" content=\"2023-02-25T16:57:25+00:00\" \/>\n<meta property=\"og:image\" content=\"https:\/\/vermeer-rental.nl\/wp-content\/uploads\/2023\/02\/Hijsportal-60-ton-1.jpg\" \/>\n\t<meta property=\"og:image:width\" content=\"640\" \/>\n\t<meta property=\"og:image:height\" content=\"480\" \/>\n\t<meta property=\"og:image:type\" content=\"image\/jpeg\" \/>\n<meta name=\"twitter:card\" content=\"summary_large_image\" \/>\n<script type=\"application\/ld+json\" class=\"yoast-schema-graph\">{\"@context\":\"https:\/\/schema.org\",\"@graph\":[{\"@type\":\"WebPage\",\"@id\":\"https:\/\/vermeer-rental.nl\/product\/hijsportaal-60t\/\",\"url\":\"https:\/\/vermeer-rental.nl\/product\/hijsportaal-60t\/\",\"name\":\"Hijsportaal 60T - Vermeer Rental &amp; Services\",\"isPartOf\":{\"@id\":\"https:\/\/vermeer-rental.nl\/#website\"},\"primaryImageOfPage\":{\"@id\":\"https:\/\/vermeer-rental.nl\/product\/hijsportaal-60t\/#primaryimage\"},\"image\":{\"@id\":\"https:\/\/vermeer-rental.nl\/product\/hijsportaal-60t\/#primaryimage\"},\"thumbnailUrl\":\"https:\/\/vermeer-rental.nl\/wp-content\/uploads\/2023\/02\/Hijsportal-60-ton-1.jpg\",\"datePublished\":\"2023-02-25T13:42:37+00:00\",\"dateModified\":\"2023-02-25T16:57:25+00:00\",\"breadcrumb\":{\"@id\":\"https:\/\/vermeer-rental.nl\/product\/hijsportaal-60t\/#breadcrumb\"},\"inLanguage\":\"es\",\"potentialAction\":[{\"@type\":\"ReadAction\",\"target\":[\"https:\/\/vermeer-rental.nl\/product\/hijsportaal-60t\/\"]}]},{\"@type\":\"ImageObject\",\"inLanguage\":\"es\",\"@id\":\"https:\/\/vermeer-rental.nl\/product\/hijsportaal-60t\/#primaryimage\",\"url\":\"https:\/\/vermeer-rental.nl\/wp-content\/uploads\/2023\/02\/Hijsportal-60-ton-1.jpg\",\"contentUrl\":\"https:\/\/vermeer-rental.nl\/wp-content\/uploads\/2023\/02\/Hijsportal-60-ton-1.jpg\",\"width\":640,\"height\":480},{\"@type\":\"BreadcrumbList\",\"@id\":\"https:\/\/vermeer-rental.nl\/product\/hijsportaal-60t\/#breadcrumb\",\"itemListElement\":[{\"@type\":\"ListItem\",\"position\":1,\"name\":\"Home\",\"item\":\"https:\/\/vermeer-rental.nl\/\"},{\"@type\":\"ListItem\",\"position\":2,\"name\":\"Diensten\",\"item\":\"https:\/\/vermeer-rental.nl\/diensten\/\"},{\"@type\":\"ListItem\",\"position\":3,\"name\":\"Hijsportaal 60T\"}]},{\"@type\":\"WebSite\",\"@id\":\"https:\/\/vermeer-rental.nl\/#website\",\"url\":\"https:\/\/vermeer-rental.nl\/\",\"name\":\"Vermeer Rental & Services\",\"description\":\"Staat voor u klaar!\",\"publisher\":{\"@id\":\"https:\/\/vermeer-rental.nl\/#organization\"},\"potentialAction\":[{\"@type\":\"SearchAction\",\"target\":{\"@type\":\"EntryPoint\",\"urlTemplate\":\"https:\/\/vermeer-rental.nl\/?s={search_term_string}\"},\"query-input\":{\"@type\":\"PropertyValueSpecification\",\"valueRequired\":true,\"valueName\":\"search_term_string\"}}],\"inLanguage\":\"es\"},{\"@type\":\"Organization\",\"@id\":\"https:\/\/vermeer-rental.nl\/#organization\",\"name\":\"Vermeer Rental & Services\",\"url\":\"https:\/\/vermeer-rental.nl\/\",\"logo\":{\"@type\":\"ImageObject\",\"inLanguage\":\"es\",\"@id\":\"https:\/\/vermeer-rental.nl\/#\/schema\/logo\/image\/\",\"url\":\"https:\/\/vermeer-rental.nl\/wp-content\/uploads\/2023\/02\/Logo-Vermeer-Rental-RGB.png\",\"contentUrl\":\"https:\/\/vermeer-rental.nl\/wp-content\/uploads\/2023\/02\/Logo-Vermeer-Rental-RGB.png\",\"width\":800,\"height\":210,\"caption\":\"Vermeer Rental & Services\"},\"image\":{\"@id\":\"https:\/\/vermeer-rental.nl\/#\/schema\/logo\/image\/\"},\"sameAs\":[\"https:\/\/www.facebook.com\/gebrvermeerindustrialmovements\",\"https:\/\/www.linkedin.com\/company\/gebr-vermeer-transport\/\",\"https:\/\/www.instagram.com\/gebrvermeer\/\"]}]}<\/script>\n<!-- \/ Yoast SEO Premium plugin. -->","yoast_head_json":{"title":"P\u00f3rtico de elevaci\u00f3n 60T - Vermeer Rental &amp; Services","robots":{"index":"index","follow":"follow","max-snippet":"max-snippet:-1","max-image-preview":"max-image-preview:large","max-video-preview":"max-video-preview:-1"},"canonical":"https:\/\/vermeer-rental.nl\/es\/producto\/portico-elevador-60t\/","og_locale":"es_ES","og_type":"article","og_title":"Hijsportaal 60T","og_description":"Deze mobiele kraan is ideaal voor allerlei hijs-, montage en assemblagewerk het is een effici\u00ebnte manier om zware ladingen te verplaatsen bij toepassingen waar er geen hallenkraan aanwezig is of waar een traditionele kraan simpel weg niet past.    Technische gegevens","og_url":"https:\/\/vermeer-rental.nl\/es\/producto\/portico-elevador-60t\/","og_site_name":"Vermeer Rental &amp; Services","article_publisher":"https:\/\/www.facebook.com\/gebrvermeerindustrialmovements","article_modified_time":"2023-02-25T16:57:25+00:00","og_image":[{"width":640,"height":480,"url":"https:\/\/vermeer-rental.nl\/wp-content\/uploads\/2023\/02\/Hijsportal-60-ton-1.jpg","type":"image\/jpeg"}],"twitter_card":"summary_large_image","schema":{"@context":"https:\/\/schema.org","@graph":[{"@type":"WebPage","@id":"https:\/\/vermeer-rental.nl\/product\/hijsportaal-60t\/","url":"https:\/\/vermeer-rental.nl\/product\/hijsportaal-60t\/","name":"P\u00f3rtico de elevaci\u00f3n 60T - Vermeer Rental &amp; Services","isPartOf":{"@id":"https:\/\/vermeer-rental.nl\/#website"},"primaryImageOfPage":{"@id":"https:\/\/vermeer-rental.nl\/product\/hijsportaal-60t\/#primaryimage"},"image":{"@id":"https:\/\/vermeer-rental.nl\/product\/hijsportaal-60t\/#primaryimage"},"thumbnailUrl":"https:\/\/vermeer-rental.nl\/wp-content\/uploads\/2023\/02\/Hijsportal-60-ton-1.jpg","datePublished":"2023-02-25T13:42:37+00:00","dateModified":"2023-02-25T16:57:25+00:00","breadcrumb":{"@id":"https:\/\/vermeer-rental.nl\/product\/hijsportaal-60t\/#breadcrumb"},"inLanguage":"es","potentialAction":[{"@type":"ReadAction","target":["https:\/\/vermeer-rental.nl\/product\/hijsportaal-60t\/"]}]},{"@type":"ImageObject","inLanguage":"es","@id":"https:\/\/vermeer-rental.nl\/product\/hijsportaal-60t\/#primaryimage","url":"https:\/\/vermeer-rental.nl\/wp-content\/uploads\/2023\/02\/Hijsportal-60-ton-1.jpg","contentUrl":"https:\/\/vermeer-rental.nl\/wp-content\/uploads\/2023\/02\/Hijsportal-60-ton-1.jpg","width":640,"height":480},{"@type":"BreadcrumbList","@id":"https:\/\/vermeer-rental.nl\/product\/hijsportaal-60t\/#breadcrumb","itemListElement":[{"@type":"ListItem","position":1,"name":"Home","item":"https:\/\/vermeer-rental.nl\/"},{"@type":"ListItem","position":2,"name":"Diensten","item":"https:\/\/vermeer-rental.nl\/diensten\/"},{"@type":"ListItem","position":3,"name":"Hijsportaal 60T"}]},{"@type":"WebSite","@id":"https:\/\/vermeer-rental.nl\/#website","url":"https:\/\/vermeer-rental.nl\/","name":"Vermeer Alquiler y Servicios","description":"\u00a1Preparados!","publisher":{"@id":"https:\/\/vermeer-rental.nl\/#organization"},"potentialAction":[{"@type":"SearchAction","target":{"@type":"EntryPoint","urlTemplate":"https:\/\/vermeer-rental.nl\/?s={search_term_string}"},"query-input":{"@type":"PropertyValueSpecification","valueRequired":true,"valueName":"search_term_string"}}],"inLanguage":"es"},{"@type":"Organization","@id":"https:\/\/vermeer-rental.nl\/#organization","name":"Vermeer Alquiler y Servicios","url":"https:\/\/vermeer-rental.nl\/","logo":{"@type":"ImageObject","inLanguage":"es","@id":"https:\/\/vermeer-rental.nl\/#\/schema\/logo\/image\/","url":"https:\/\/vermeer-rental.nl\/wp-content\/uploads\/2023\/02\/Logo-Vermeer-Rental-RGB.png","contentUrl":"https:\/\/vermeer-rental.nl\/wp-content\/uploads\/2023\/02\/Logo-Vermeer-Rental-RGB.png","width":800,"height":210,"caption":"Vermeer Rental & Services"},"image":{"@id":"https:\/\/vermeer-rental.nl\/#\/schema\/logo\/image\/"},"sameAs":["https:\/\/www.facebook.com\/gebrvermeerindustrialmovements","https:\/\/www.linkedin.com\/company\/gebr-vermeer-transport\/","https:\/\/www.instagram.com\/gebrvermeer\/"]}]}},"_links":{"self":[{"href":"https:\/\/vermeer-rental.nl\/es\/wp-json\/wp\/v2\/product\/46","targetHints":{"allow":["GET"]}}],"collection":[{"href":"https:\/\/vermeer-rental.nl\/es\/wp-json\/wp\/v2\/product"}],"about":[{"href":"https:\/\/vermeer-rental.nl\/es\/wp-json\/wp\/v2\/types\/product"}],"replies":[{"embeddable":true,"href":"https:\/\/vermeer-rental.nl\/es\/wp-json\/wp\/v2\/comments?post=46"}],"wp:featuredmedia":[{"embeddable":true,"href":"https:\/\/vermeer-rental.nl\/es\/wp-json\/wp\/v2\/media\/90"}],"wp:attachment":[{"href":"https:\/\/vermeer-rental.nl\/es\/wp-json\/wp\/v2\/media?parent=46"}],"wp:term":[{"taxonomy":"product_brand","embeddable":true,"href":"https:\/\/vermeer-rental.nl\/es\/wp-json\/wp\/v2\/product_brand?post=46"},{"taxonomy":"product_cat","embeddable":true,"href":"https:\/\/vermeer-rental.nl\/es\/wp-json\/wp\/v2\/product_cat?post=46"},{"taxonomy":"product_tag","embeddable":true,"href":"https:\/\/vermeer-rental.nl\/es\/wp-json\/wp\/v2\/product_tag?post=46"}],"curies":[{"name":"wp","href":"https:\/\/api.w.org\/{rel}","templated":true}]}}