{"id":44,"date":"2023-02-25T13:42:37","date_gmt":"2023-02-25T13:42:37","guid":{"rendered":"https:\/\/rental.daanwerkelijk.nl\/?post_type=product&#038;p=44"},"modified":"2026-02-26T12:56:45","modified_gmt":"2026-02-26T11:56:45","slug":"contenedor-taller-2","status":"publish","type":"product","link":"https:\/\/vermeer-rental.nl\/es\/product\/werkplaatscontainer\/","title":{"rendered":"Contenedor taller conmutado"},"content":{"rendered":"<p>LOS CONTENEDORES DE TALLER EST\u00c1N EQUIPADOS OPCIONALMENTE CON, POR EJEMPLO:<\/p>\n<ul>\n<li>Tesis<\/li>\n<li>Iluminaci\u00f3n<\/li>\n<li>(Alimentaci\u00f3n<\/li>\n<li>Extracci\u00f3n de humos de soldadura<\/li>\n<li>Banco de trabajo<\/li>\n<li>Herramientas<\/li>\n<\/ul>\n<p>Podemos (re)construir y amueblar su contenedor seg\u00fan sus gustos, deseos y necesidades. Calefacci\u00f3n, iluminaci\u00f3n, estanter\u00edas, contenedores de vidrio, cerraduras f\u00e1ciles de usar y a prueba de roturas y mobiliario de oficina son algunas de las muchas opciones que Vermeer Containers le ofrece. \u00bfAlmac\u00e9n? \u00bfStock o taller? Puede equipar los contenedores con sus propios r\u00f3tulos publicitarios, que podr\u00e1 deslizar en el soporte para r\u00f3tulos correspondiente de la parte delantera y trasera.<\/p>\n<p>&nbsp;<\/p>\n<p>Aqu\u00ed encontrar\u00e1 un resumen de algunas opciones de aplicaci\u00f3n:<\/p>\n<p><strong>Material el\u00e9ctrico<br \/>\n<\/strong>Aproveche a\u00fan mejor su contenedor de almacenamiento o material con el sistema el\u00e9ctrico adecuado, es posible un uso vers\u00e1til.<br \/>\n<img loading=\"lazy\" decoding=\"async\" class=\"alignnone size-medium wp-image-250\" src=\"https:\/\/vermeer-rental.nl\/wp-content\/uploads\/2023\/02\/Elektrische-uitrusting-200x300.jpg\" alt=\"\" width=\"200\" height=\"300\" srcset=\"https:\/\/vermeer-rental.nl\/wp-content\/uploads\/2023\/02\/Elektrische-uitrusting-200x300.jpg 200w, https:\/\/vermeer-rental.nl\/wp-content\/uploads\/2023\/02\/Elektrische-uitrusting.jpg 312w\" sizes=\"auto, (max-width: 200px) 100vw, 200px\" \/><\/p>\n<p>Puede elegir entre las siguientes opciones de aplicaci\u00f3n:<\/p>\n<ul>\n<li>Mueble distribuidor con tomas de corriente<\/li>\n<li>Conexiones externas CEE empotradas<\/li>\n<li>Electricidad para cuarto h\u00famedo<\/li>\n<li>Barra de luces<\/li>\n<li>Interruptor de la luz cerca de la puerta<\/li>\n<li>Conexiones de alimentaci\u00f3n adicionales<\/li>\n<\/ul>\n<p><strong>Estanter\u00edas de almac\u00e9n<br \/>\n<\/strong>El accesorio perfecto para su espacio de almacenamiento individual, aproveche al m\u00e1ximo las posibilidades de su contenedor de almacenamiento y utilice un sistema de estanter\u00edas para obtener espacio de almacenamiento adicional. P\u00eddalo directamente y rec\u00edbalo premontado o p\u00eddalo en kit e int\u00e9grelo en un contenedor de almacenamiento ya disponible.<br \/>\n<img loading=\"lazy\" decoding=\"async\" class=\"alignnone size-full wp-image-252\" src=\"https:\/\/vermeer-rental.nl\/wp-content\/uploads\/2023\/02\/Magazijnstellingen.jpg\" alt=\"\" width=\"259\" height=\"194\" \/><\/p>\n<p><strong>Escalera con plataforma<br \/>\n<\/strong>Plataformas de acero galvanizado para los extremos. Pueden conectarse entre s\u00ed y con escaleras de pisos. De este modo, se puede crear una galer\u00eda de 1er piso en el exterior de las unidades. Esto deja m\u00e1s superficie \u00fatil en los contenedores sin que ello suponga un coste adicional en metros cuadrados.<br \/>\n<img loading=\"lazy\" decoding=\"async\" class=\"alignnone size-medium wp-image-253\" src=\"https:\/\/vermeer-rental.nl\/wp-content\/uploads\/2023\/02\/Trap-met-bordes-300x200.jpg\" alt=\"\" width=\"300\" height=\"200\" srcset=\"https:\/\/vermeer-rental.nl\/wp-content\/uploads\/2023\/02\/Trap-met-bordes-300x200.jpg 300w, https:\/\/vermeer-rental.nl\/wp-content\/uploads\/2023\/02\/Trap-met-bordes-600x400.jpg 600w, https:\/\/vermeer-rental.nl\/wp-content\/uploads\/2023\/02\/Trap-met-bordes.jpg 763w\" sizes=\"auto, (max-width: 300px) 100vw, 300px\" \/><\/p>\n<p><strong>Paquete de seguridad<br \/>\n<\/strong>Si opta por la seguridad, nuestros contenedores de almacenamiento con un completo paquete de seguridad son exactamente lo que est\u00e1 buscando.<\/p>\n<p>El paquete de seguridad consta de:<\/p>\n<ul>\n<li>2 pernos de bloqueo en el interior<\/li>\n<li>Cerradura interior de seguridad con cilindro de cierre<\/li>\n<li>4 topes elevadores interiores<\/li>\n<\/ul>\n<p><img loading=\"lazy\" decoding=\"async\" class=\"alignnone size-medium wp-image-251\" src=\"https:\/\/vermeer-rental.nl\/wp-content\/uploads\/2023\/02\/Complete-inrichting-300x193.jpg\" alt=\"\" width=\"300\" height=\"193\" srcset=\"https:\/\/vermeer-rental.nl\/wp-content\/uploads\/2023\/02\/Complete-inrichting-300x193.jpg 300w, https:\/\/vermeer-rental.nl\/wp-content\/uploads\/2023\/02\/Complete-inrichting-768x494.jpg 768w, https:\/\/vermeer-rental.nl\/wp-content\/uploads\/2023\/02\/Complete-inrichting-600x386.jpg 600w, https:\/\/vermeer-rental.nl\/wp-content\/uploads\/2023\/02\/Complete-inrichting.jpg 800w\" sizes=\"auto, (max-width: 300px) 100vw, 300px\" \/><br \/>\nAmueblamiento completo seg\u00fan las necesidades, incluidas mesas, sillas, armarios, calefacci\u00f3n, aire acondicionado, etc.<\/p>\n<p><strong>Portaherramientas<br \/>\n<\/strong>Encuentre sus herramientas en un momento: nuestro portaherramientas ofrece un lugar fijo para todas sus herramientas. Adem\u00e1s, las cadenas de seguridad adicionales garantizan una protecci\u00f3n \u00f3ptima durante el transporte.<br \/>\n<img loading=\"lazy\" decoding=\"async\" class=\"alignnone size-full wp-image-254\" src=\"https:\/\/vermeer-rental.nl\/wp-content\/uploads\/2023\/02\/Gereedschapshouder.jpg\" alt=\"\" width=\"259\" height=\"194\" \/><\/p>\n<p><strong>Tiras de amarre<br \/>\n<\/strong>Asegurar su carga puede ser a\u00fan m\u00e1s f\u00e1cil. Adem\u00e1s de las argollas de amarre est\u00e1ndar de un contenedor, podemos instalar tiras de amarre para facilitar a\u00fan m\u00e1s la sujeci\u00f3n de las cargas.<br \/>\n<img loading=\"lazy\" decoding=\"async\" class=\"alignnone size-full wp-image-255\" src=\"https:\/\/vermeer-rental.nl\/wp-content\/uploads\/2023\/02\/Sjorstrips.jpg\" alt=\"\" width=\"275\" height=\"183\" \/><\/p>\n<p><strong>Mobiliario adicional para <\/strong><strong>contenedores<\/strong><\/p>\n<ul>\n<li>Bloqueo de tres puntos incorporado<\/li>\n<li>1 mesa + 4 sillas<\/li>\n<li>2 mesas + 10 sillas<\/li>\n<li>1 escritorio + 1 silla de oficina<\/li>\n<li>Banco de trabajo<\/li>\n<li>Armario<\/li>\n<li>1 declaraci\u00f3n<\/li>\n<li>2 declaraciones<\/li>\n<li>Escalera + plataforma<\/li>\n<li>Frigor\u00edfico<\/li>\n<li>Otros muebles: A petici\u00f3n<\/li>\n<\/ul>","protected":false},"excerpt":{"rendered":"<p>Vermeer Containers tiene contenedores de taller de<a href=\"https:\/\/vermeer-rental.nl\/es\/producto\/contenedor-taller-20ft\/\"> 1 contenedor de 20 pies<\/a> hasta 4 contenedores de taller unidos. Son excelentes para, por ejemplo: taller m\u00f3vil o almacenamiento.<\/p>\n<form action=\"https:\/\/vermeer-rental.nl\/wp-content\/uploads\/2023\/03\/2022-Vermeer-Rentals_CONTAINERS.pdf\" method=\"get\" target=\"_blank\" data-trp-original-action=\"https:\/\/vermeer-rental.nl\/wp-content\/uploads\/2023\/03\/2022-Vermeer-Rentals_CONTAINERS.pdf\"><button class=\"pdf-button\" type=\"submit\">Vea el folleto aqu\u00ed<\/button><input type=\"hidden\" name=\"trp-form-language\" value=\"es\"\/><\/form>","protected":false},"featured_media":542,"comment_status":"closed","ping_status":"closed","template":"","meta":{"om_disable_all_campaigns":false,"_monsterinsights_skip_tracking":false,"_monsterinsights_sitenote_active":false,"_monsterinsights_sitenote_note":"","_monsterinsights_sitenote_category":0},"product_brand":[],"product_cat":[16,22],"product_tag":[],"class_list":{"0":"post-44","1":"product","2":"type-product","3":"status-publish","4":"has-post-thumbnail","6":"product_cat-containers","7":"product_cat-werkplaatscontainer","9":"first","10":"instock","11":"shipping-taxable","12":"purchasable","13":"product-type-simple"},"yoast_head":"<!-- This site is optimized with the Yoast SEO Premium plugin v23.3 (Yoast SEO v27.2) - https:\/\/yoast.com\/product\/yoast-seo-premium-wordpress\/ -->\n<title>Werkplaatscontainer geschakeld - Vermeer Rental &amp; Services<\/title>\n<meta name=\"robots\" content=\"index, follow, max-snippet:-1, max-image-preview:large, max-video-preview:-1\" \/>\n<link rel=\"canonical\" href=\"https:\/\/vermeer-rental.nl\/es\/producto\/contenedor-taller-2\/\" \/>\n<meta property=\"og:locale\" content=\"es_ES\" \/>\n<meta property=\"og:type\" content=\"article\" \/>\n<meta property=\"og:title\" content=\"Werkplaatscontainer geschakeld\" \/>\n<meta property=\"og:description\" content=\"Vermeer Containers heeft werkplaatscontainers van 1 20 ft container tot 4 geschakelde werkplaatscontainers. Deze zijn uitstekend te gebruiken voor bijvoorbeeld: mobiele werkplaats of opslag.  Bekijk hier de folder\" \/>\n<meta property=\"og:url\" content=\"https:\/\/vermeer-rental.nl\/es\/producto\/contenedor-taller-2\/\" \/>\n<meta property=\"og:site_name\" content=\"Vermeer Rental &amp; Services\" \/>\n<meta property=\"article:publisher\" content=\"https:\/\/www.facebook.com\/gebrvermeerindustrialmovements\" \/>\n<meta property=\"article:modified_time\" content=\"2026-02-26T11:56:45+00:00\" \/>\n<meta property=\"og:image\" content=\"https:\/\/vermeer-rental.nl\/wp-content\/uploads\/2023\/04\/werkplaatscontainer-foto-1.jpg\" \/>\n\t<meta property=\"og:image:width\" content=\"1200\" \/>\n\t<meta property=\"og:image:height\" content=\"898\" \/>\n\t<meta property=\"og:image:type\" content=\"image\/jpeg\" \/>\n<meta name=\"twitter:card\" content=\"summary_large_image\" \/>\n<meta name=\"twitter:label1\" content=\"Tiempo de lectura\" \/>\n\t<meta name=\"twitter:data1\" content=\"4 minutos\" \/>\n<script type=\"application\/ld+json\" class=\"yoast-schema-graph\">{\"@context\":\"https:\/\/schema.org\",\"@graph\":[{\"@type\":\"WebPage\",\"@id\":\"https:\/\/vermeer-rental.nl\/product\/werkplaatscontainer\/\",\"url\":\"https:\/\/vermeer-rental.nl\/product\/werkplaatscontainer\/\",\"name\":\"Werkplaatscontainer geschakeld - Vermeer Rental &amp; Services\",\"isPartOf\":{\"@id\":\"https:\/\/vermeer-rental.nl\/#website\"},\"primaryImageOfPage\":{\"@id\":\"https:\/\/vermeer-rental.nl\/product\/werkplaatscontainer\/#primaryimage\"},\"image\":{\"@id\":\"https:\/\/vermeer-rental.nl\/product\/werkplaatscontainer\/#primaryimage\"},\"thumbnailUrl\":\"https:\/\/vermeer-rental.nl\/wp-content\/uploads\/2023\/04\/werkplaatscontainer-foto-1.jpg\",\"datePublished\":\"2023-02-25T13:42:37+00:00\",\"dateModified\":\"2026-02-26T11:56:45+00:00\",\"breadcrumb\":{\"@id\":\"https:\/\/vermeer-rental.nl\/product\/werkplaatscontainer\/#breadcrumb\"},\"inLanguage\":\"es\",\"potentialAction\":[{\"@type\":\"ReadAction\",\"target\":[\"https:\/\/vermeer-rental.nl\/product\/werkplaatscontainer\/\"]}]},{\"@type\":\"ImageObject\",\"inLanguage\":\"es\",\"@id\":\"https:\/\/vermeer-rental.nl\/product\/werkplaatscontainer\/#primaryimage\",\"url\":\"https:\/\/vermeer-rental.nl\/wp-content\/uploads\/2023\/04\/werkplaatscontainer-foto-1.jpg\",\"contentUrl\":\"https:\/\/vermeer-rental.nl\/wp-content\/uploads\/2023\/04\/werkplaatscontainer-foto-1.jpg\",\"width\":1200,\"height\":898,\"caption\":\"Werkplaar\"},{\"@type\":\"BreadcrumbList\",\"@id\":\"https:\/\/vermeer-rental.nl\/product\/werkplaatscontainer\/#breadcrumb\",\"itemListElement\":[{\"@type\":\"ListItem\",\"position\":1,\"name\":\"Home\",\"item\":\"https:\/\/vermeer-rental.nl\/\"},{\"@type\":\"ListItem\",\"position\":2,\"name\":\"Diensten\",\"item\":\"https:\/\/vermeer-rental.nl\/diensten\/\"},{\"@type\":\"ListItem\",\"position\":3,\"name\":\"Werkplaatscontainer geschakeld\"}]},{\"@type\":\"WebSite\",\"@id\":\"https:\/\/vermeer-rental.nl\/#website\",\"url\":\"https:\/\/vermeer-rental.nl\/\",\"name\":\"Vermeer Rental & Services\",\"description\":\"Staat voor u klaar!\",\"publisher\":{\"@id\":\"https:\/\/vermeer-rental.nl\/#organization\"},\"potentialAction\":[{\"@type\":\"SearchAction\",\"target\":{\"@type\":\"EntryPoint\",\"urlTemplate\":\"https:\/\/vermeer-rental.nl\/?s={search_term_string}\"},\"query-input\":{\"@type\":\"PropertyValueSpecification\",\"valueRequired\":true,\"valueName\":\"search_term_string\"}}],\"inLanguage\":\"es\"},{\"@type\":\"Organization\",\"@id\":\"https:\/\/vermeer-rental.nl\/#organization\",\"name\":\"Vermeer Rental & Services\",\"url\":\"https:\/\/vermeer-rental.nl\/\",\"logo\":{\"@type\":\"ImageObject\",\"inLanguage\":\"es\",\"@id\":\"https:\/\/vermeer-rental.nl\/#\/schema\/logo\/image\/\",\"url\":\"https:\/\/vermeer-rental.nl\/wp-content\/uploads\/2023\/02\/Logo-Vermeer-Rental-RGB.png\",\"contentUrl\":\"https:\/\/vermeer-rental.nl\/wp-content\/uploads\/2023\/02\/Logo-Vermeer-Rental-RGB.png\",\"width\":800,\"height\":210,\"caption\":\"Vermeer Rental & Services\"},\"image\":{\"@id\":\"https:\/\/vermeer-rental.nl\/#\/schema\/logo\/image\/\"},\"sameAs\":[\"https:\/\/www.facebook.com\/gebrvermeerindustrialmovements\",\"https:\/\/www.linkedin.com\/company\/gebr-vermeer-transport\/\",\"https:\/\/www.instagram.com\/gebrvermeer\/\"]}]}<\/script>\n<!-- \/ Yoast SEO Premium plugin. -->","yoast_head_json":{"title":"Contenedor de taller conmutado - Vermeer Rental &amp; Services","robots":{"index":"index","follow":"follow","max-snippet":"max-snippet:-1","max-image-preview":"max-image-preview:large","max-video-preview":"max-video-preview:-1"},"canonical":"https:\/\/vermeer-rental.nl\/es\/producto\/contenedor-taller-2\/","og_locale":"es_ES","og_type":"article","og_title":"Werkplaatscontainer geschakeld","og_description":"Vermeer Containers heeft werkplaatscontainers van 1 20 ft container tot 4 geschakelde werkplaatscontainers. Deze zijn uitstekend te gebruiken voor bijvoorbeeld: mobiele werkplaats of opslag.  Bekijk hier de folder","og_url":"https:\/\/vermeer-rental.nl\/es\/producto\/contenedor-taller-2\/","og_site_name":"Vermeer Rental &amp; Services","article_publisher":"https:\/\/www.facebook.com\/gebrvermeerindustrialmovements","article_modified_time":"2026-02-26T11:56:45+00:00","og_image":[{"width":1200,"height":898,"url":"https:\/\/vermeer-rental.nl\/wp-content\/uploads\/2023\/04\/werkplaatscontainer-foto-1.jpg","type":"image\/jpeg"}],"twitter_card":"summary_large_image","twitter_misc":{"Tiempo de lectura":"4 minutos"},"schema":{"@context":"https:\/\/schema.org","@graph":[{"@type":"WebPage","@id":"https:\/\/vermeer-rental.nl\/product\/werkplaatscontainer\/","url":"https:\/\/vermeer-rental.nl\/product\/werkplaatscontainer\/","name":"Contenedor de taller conmutado - Vermeer Rental &amp; Services","isPartOf":{"@id":"https:\/\/vermeer-rental.nl\/#website"},"primaryImageOfPage":{"@id":"https:\/\/vermeer-rental.nl\/product\/werkplaatscontainer\/#primaryimage"},"image":{"@id":"https:\/\/vermeer-rental.nl\/product\/werkplaatscontainer\/#primaryimage"},"thumbnailUrl":"https:\/\/vermeer-rental.nl\/wp-content\/uploads\/2023\/04\/werkplaatscontainer-foto-1.jpg","datePublished":"2023-02-25T13:42:37+00:00","dateModified":"2026-02-26T11:56:45+00:00","breadcrumb":{"@id":"https:\/\/vermeer-rental.nl\/product\/werkplaatscontainer\/#breadcrumb"},"inLanguage":"es","potentialAction":[{"@type":"ReadAction","target":["https:\/\/vermeer-rental.nl\/product\/werkplaatscontainer\/"]}]},{"@type":"ImageObject","inLanguage":"es","@id":"https:\/\/vermeer-rental.nl\/product\/werkplaatscontainer\/#primaryimage","url":"https:\/\/vermeer-rental.nl\/wp-content\/uploads\/2023\/04\/werkplaatscontainer-foto-1.jpg","contentUrl":"https:\/\/vermeer-rental.nl\/wp-content\/uploads\/2023\/04\/werkplaatscontainer-foto-1.jpg","width":1200,"height":898,"caption":"Werkplaar"},{"@type":"BreadcrumbList","@id":"https:\/\/vermeer-rental.nl\/product\/werkplaatscontainer\/#breadcrumb","itemListElement":[{"@type":"ListItem","position":1,"name":"Home","item":"https:\/\/vermeer-rental.nl\/"},{"@type":"ListItem","position":2,"name":"Diensten","item":"https:\/\/vermeer-rental.nl\/diensten\/"},{"@type":"ListItem","position":3,"name":"Werkplaatscontainer geschakeld"}]},{"@type":"WebSite","@id":"https:\/\/vermeer-rental.nl\/#website","url":"https:\/\/vermeer-rental.nl\/","name":"Vermeer Alquiler y Servicios","description":"\u00a1Preparados!","publisher":{"@id":"https:\/\/vermeer-rental.nl\/#organization"},"potentialAction":[{"@type":"SearchAction","target":{"@type":"EntryPoint","urlTemplate":"https:\/\/vermeer-rental.nl\/?s={search_term_string}"},"query-input":{"@type":"PropertyValueSpecification","valueRequired":true,"valueName":"search_term_string"}}],"inLanguage":"es"},{"@type":"Organization","@id":"https:\/\/vermeer-rental.nl\/#organization","name":"Vermeer Alquiler y Servicios","url":"https:\/\/vermeer-rental.nl\/","logo":{"@type":"ImageObject","inLanguage":"es","@id":"https:\/\/vermeer-rental.nl\/#\/schema\/logo\/image\/","url":"https:\/\/vermeer-rental.nl\/wp-content\/uploads\/2023\/02\/Logo-Vermeer-Rental-RGB.png","contentUrl":"https:\/\/vermeer-rental.nl\/wp-content\/uploads\/2023\/02\/Logo-Vermeer-Rental-RGB.png","width":800,"height":210,"caption":"Vermeer Rental & Services"},"image":{"@id":"https:\/\/vermeer-rental.nl\/#\/schema\/logo\/image\/"},"sameAs":["https:\/\/www.facebook.com\/gebrvermeerindustrialmovements","https:\/\/www.linkedin.com\/company\/gebr-vermeer-transport\/","https:\/\/www.instagram.com\/gebrvermeer\/"]}]}},"_links":{"self":[{"href":"https:\/\/vermeer-rental.nl\/es\/wp-json\/wp\/v2\/product\/44","targetHints":{"allow":["GET"]}}],"collection":[{"href":"https:\/\/vermeer-rental.nl\/es\/wp-json\/wp\/v2\/product"}],"about":[{"href":"https:\/\/vermeer-rental.nl\/es\/wp-json\/wp\/v2\/types\/product"}],"replies":[{"embeddable":true,"href":"https:\/\/vermeer-rental.nl\/es\/wp-json\/wp\/v2\/comments?post=44"}],"wp:featuredmedia":[{"embeddable":true,"href":"https:\/\/vermeer-rental.nl\/es\/wp-json\/wp\/v2\/media\/542"}],"wp:attachment":[{"href":"https:\/\/vermeer-rental.nl\/es\/wp-json\/wp\/v2\/media?parent=44"}],"wp:term":[{"taxonomy":"product_brand","embeddable":true,"href":"https:\/\/vermeer-rental.nl\/es\/wp-json\/wp\/v2\/product_brand?post=44"},{"taxonomy":"product_cat","embeddable":true,"href":"https:\/\/vermeer-rental.nl\/es\/wp-json\/wp\/v2\/product_cat?post=44"},{"taxonomy":"product_tag","embeddable":true,"href":"https:\/\/vermeer-rental.nl\/es\/wp-json\/wp\/v2\/product_tag?post=44"}],"curies":[{"name":"wp","href":"https:\/\/api.w.org\/{rel}","templated":true}]}}