{"id":434,"date":"2023-04-06T19:57:07","date_gmt":"2023-04-06T19:57:07","guid":{"rendered":"https:\/\/vermeer-rental.nl\/?post_type=product&#038;p=434"},"modified":"2023-10-25T19:54:21","modified_gmt":"2023-10-25T17:54:21","slug":"peso-de-prueba-250kg-alquiler","status":"publish","type":"product","link":"https:\/\/vermeer-rental.nl\/es\/product\/testgewicht-250kg-huren\/","title":{"rendered":"Peso de prueba 250 kg"},"content":{"rendered":"<p>Alquiler de pesas de prueba calibradas de 10 kg a 5000 kg. Nuestras pesas de prueba cuentan con la certificaci\u00f3n ISO 17025 dentro de la clase M1. Las pesas de prueba a partir de 200 kg son apilables y est\u00e1n equipadas con argollas de elevaci\u00f3n. Tambi\u00e9n nos encargamos del transporte de las pesas de control. Para ello disponemos de una amplia flota que abarca desde furgonetas combinadas, furgonetas de reparto y camiones caja con plataforma trasera hasta tractores con remolque o semirremolques.<\/p>\n<h3>Manipulaci\u00f3n:<\/h3>\n<p>Para manipular los pesos de prueba in situ, tenemos a nuestra disposici\u00f3n camiones bomba (el\u00e9ctricos) y carretillas elevadoras, carretillas elevadoras todoterreno y gr\u00faas montadas en camiones. Tambi\u00e9n ponemos a su disposici\u00f3n plataformas de trabajo a\u00e9reo para trabajar en v\u00edas de gr\u00faa. Nuestro personal (conductores) cuenta con los siguientes certificados: VCA, carretilla elevadora, AWP y certificado de gr\u00faa puente y pueden ayudar a su departamento t\u00e9cnico con la manipulaci\u00f3n in situ de pesos de prueba.<\/p>","protected":false},"excerpt":{"rendered":"<p>Alquiler de pesas de prueba calibradas de 10 kg a 5000 kg. Nuestras pesas de prueba cuentan con la certificaci\u00f3n ISO 17025 dentro de la clase M1. Las pesas de prueba a partir de 200 kg son apilables y est\u00e1n equipadas con argollas de elevaci\u00f3n. Tambi\u00e9n nos encargamos del transporte de las pesas de control. Para ello disponemos de una amplia flota que abarca desde combos, furgonetas y camiones con plataforma trasera hasta tractores con remolque o semirremolques.<\/p>","protected":false},"featured_media":431,"comment_status":"closed","ping_status":"closed","template":"","meta":{"om_disable_all_campaigns":false,"_monsterinsights_skip_tracking":false,"_monsterinsights_sitenote_active":false,"_monsterinsights_sitenote_note":"","_monsterinsights_sitenote_category":0},"product_brand":[],"product_cat":[19],"product_tag":[],"class_list":{"0":"post-434","1":"product","2":"type-product","3":"status-publish","4":"has-post-thumbnail","6":"product_cat-testgewichten","8":"first","9":"instock","10":"shipping-taxable","11":"purchasable","12":"product-type-simple"},"yoast_head":"<!-- This site is optimized with the Yoast SEO Premium plugin v23.3 (Yoast SEO v27.2) - https:\/\/yoast.com\/product\/yoast-seo-premium-wordpress\/ -->\n<title>Testgewichten nodig? Huur bij ons gecertificeerde testgewichten - Vermeer Rental &amp; Services<\/title>\n<meta name=\"description\" content=\"Testgewichten huren? ISO 17025-gecertificeerd M1 klasse testgewichten. Bekijk hier al onze testgewichten en aanvullende logistieke diensten.\" \/>\n<meta name=\"robots\" content=\"index, follow, max-snippet:-1, max-image-preview:large, max-video-preview:-1\" \/>\n<link rel=\"canonical\" href=\"https:\/\/vermeer-rental.nl\/es\/producto\/peso-de-prueba-250kg-alquiler\/\" \/>\n<meta property=\"og:locale\" content=\"es_ES\" \/>\n<meta property=\"og:type\" content=\"article\" \/>\n<meta property=\"og:title\" content=\"Testgewicht 250kg\" \/>\n<meta property=\"og:description\" content=\"Testgewichten huren? ISO 17025-gecertificeerd M1 klasse testgewichten. Bekijk hier al onze testgewichten en aanvullende logistieke diensten.\" \/>\n<meta property=\"og:url\" content=\"https:\/\/vermeer-rental.nl\/es\/producto\/peso-de-prueba-250kg-alquiler\/\" \/>\n<meta property=\"og:site_name\" content=\"Vermeer Rental &amp; Services\" \/>\n<meta property=\"article:publisher\" content=\"https:\/\/www.facebook.com\/gebrvermeerindustrialmovements\" \/>\n<meta property=\"article:modified_time\" content=\"2023-10-25T17:54:21+00:00\" \/>\n<meta property=\"og:image\" content=\"https:\/\/vermeer-rental.nl\/wp-content\/uploads\/2023\/04\/Testgewicht-250-kg-scaled.jpg\" \/>\n\t<meta property=\"og:image:width\" content=\"2560\" \/>\n\t<meta property=\"og:image:height\" content=\"2560\" \/>\n\t<meta property=\"og:image:type\" content=\"image\/jpeg\" \/>\n<meta name=\"twitter:card\" content=\"summary_large_image\" \/>\n<meta name=\"twitter:label1\" content=\"Tiempo de lectura\" \/>\n\t<meta name=\"twitter:data1\" content=\"1 minuto\" \/>\n<script type=\"application\/ld+json\" class=\"yoast-schema-graph\">{\"@context\":\"https:\/\/schema.org\",\"@graph\":[{\"@type\":\"WebPage\",\"@id\":\"https:\/\/vermeer-rental.nl\/product\/testgewicht-250kg-huren\/\",\"url\":\"https:\/\/vermeer-rental.nl\/product\/testgewicht-250kg-huren\/\",\"name\":\"Testgewichten nodig? Huur bij ons gecertificeerde testgewichten - Vermeer Rental &amp; Services\",\"isPartOf\":{\"@id\":\"https:\/\/vermeer-rental.nl\/#website\"},\"primaryImageOfPage\":{\"@id\":\"https:\/\/vermeer-rental.nl\/product\/testgewicht-250kg-huren\/#primaryimage\"},\"image\":{\"@id\":\"https:\/\/vermeer-rental.nl\/product\/testgewicht-250kg-huren\/#primaryimage\"},\"thumbnailUrl\":\"https:\/\/vermeer-rental.nl\/wp-content\/uploads\/2023\/04\/Testgewicht-250-kg-scaled.jpg\",\"datePublished\":\"2023-04-06T19:57:07+00:00\",\"dateModified\":\"2023-10-25T17:54:21+00:00\",\"description\":\"Testgewichten huren? ISO 17025-gecertificeerd M1 klasse testgewichten. Bekijk hier al onze testgewichten en aanvullende logistieke diensten.\",\"breadcrumb\":{\"@id\":\"https:\/\/vermeer-rental.nl\/product\/testgewicht-250kg-huren\/#breadcrumb\"},\"inLanguage\":\"es\",\"potentialAction\":[{\"@type\":\"ReadAction\",\"target\":[\"https:\/\/vermeer-rental.nl\/product\/testgewicht-250kg-huren\/\"]}]},{\"@type\":\"ImageObject\",\"inLanguage\":\"es\",\"@id\":\"https:\/\/vermeer-rental.nl\/product\/testgewicht-250kg-huren\/#primaryimage\",\"url\":\"https:\/\/vermeer-rental.nl\/wp-content\/uploads\/2023\/04\/Testgewicht-250-kg-scaled.jpg\",\"contentUrl\":\"https:\/\/vermeer-rental.nl\/wp-content\/uploads\/2023\/04\/Testgewicht-250-kg-scaled.jpg\",\"width\":2560,\"height\":2560},{\"@type\":\"BreadcrumbList\",\"@id\":\"https:\/\/vermeer-rental.nl\/product\/testgewicht-250kg-huren\/#breadcrumb\",\"itemListElement\":[{\"@type\":\"ListItem\",\"position\":1,\"name\":\"Home\",\"item\":\"https:\/\/vermeer-rental.nl\/\"},{\"@type\":\"ListItem\",\"position\":2,\"name\":\"Diensten\",\"item\":\"https:\/\/vermeer-rental.nl\/diensten\/\"},{\"@type\":\"ListItem\",\"position\":3,\"name\":\"Testgewicht 250kg\"}]},{\"@type\":\"WebSite\",\"@id\":\"https:\/\/vermeer-rental.nl\/#website\",\"url\":\"https:\/\/vermeer-rental.nl\/\",\"name\":\"Vermeer Rental & Services\",\"description\":\"Staat voor u klaar!\",\"publisher\":{\"@id\":\"https:\/\/vermeer-rental.nl\/#organization\"},\"potentialAction\":[{\"@type\":\"SearchAction\",\"target\":{\"@type\":\"EntryPoint\",\"urlTemplate\":\"https:\/\/vermeer-rental.nl\/?s={search_term_string}\"},\"query-input\":{\"@type\":\"PropertyValueSpecification\",\"valueRequired\":true,\"valueName\":\"search_term_string\"}}],\"inLanguage\":\"es\"},{\"@type\":\"Organization\",\"@id\":\"https:\/\/vermeer-rental.nl\/#organization\",\"name\":\"Vermeer Rental & Services\",\"url\":\"https:\/\/vermeer-rental.nl\/\",\"logo\":{\"@type\":\"ImageObject\",\"inLanguage\":\"es\",\"@id\":\"https:\/\/vermeer-rental.nl\/#\/schema\/logo\/image\/\",\"url\":\"https:\/\/vermeer-rental.nl\/wp-content\/uploads\/2023\/02\/Logo-Vermeer-Rental-RGB.png\",\"contentUrl\":\"https:\/\/vermeer-rental.nl\/wp-content\/uploads\/2023\/02\/Logo-Vermeer-Rental-RGB.png\",\"width\":800,\"height\":210,\"caption\":\"Vermeer Rental & Services\"},\"image\":{\"@id\":\"https:\/\/vermeer-rental.nl\/#\/schema\/logo\/image\/\"},\"sameAs\":[\"https:\/\/www.facebook.com\/gebrvermeerindustrialmovements\",\"https:\/\/www.linkedin.com\/company\/gebr-vermeer-transport\/\",\"https:\/\/www.instagram.com\/gebrvermeer\/\"]}]}<\/script>\n<!-- \/ Yoast SEO Premium plugin. -->","yoast_head_json":{"title":"\u00bfNecesita pesos de prueba? Alquile pesas de prueba certificadas con nosotros - Vermeer Rental &amp; Services","description":"\u00bfDesea alquilar pesas de prueba? Pesas de prueba de clase M1 con certificaci\u00f3n ISO 17025. Consulte todos nuestros pesos de prueba y servicios log\u00edsticos adicionales aqu\u00ed.","robots":{"index":"index","follow":"follow","max-snippet":"max-snippet:-1","max-image-preview":"max-image-preview:large","max-video-preview":"max-video-preview:-1"},"canonical":"https:\/\/vermeer-rental.nl\/es\/producto\/peso-de-prueba-250kg-alquiler\/","og_locale":"es_ES","og_type":"article","og_title":"Testgewicht 250kg","og_description":"Testgewichten huren? ISO 17025-gecertificeerd M1 klasse testgewichten. Bekijk hier al onze testgewichten en aanvullende logistieke diensten.","og_url":"https:\/\/vermeer-rental.nl\/es\/producto\/peso-de-prueba-250kg-alquiler\/","og_site_name":"Vermeer Rental &amp; Services","article_publisher":"https:\/\/www.facebook.com\/gebrvermeerindustrialmovements","article_modified_time":"2023-10-25T17:54:21+00:00","og_image":[{"width":2560,"height":2560,"url":"https:\/\/vermeer-rental.nl\/wp-content\/uploads\/2023\/04\/Testgewicht-250-kg-scaled.jpg","type":"image\/jpeg"}],"twitter_card":"summary_large_image","twitter_misc":{"Tiempo de lectura":"1 minuto"},"schema":{"@context":"https:\/\/schema.org","@graph":[{"@type":"WebPage","@id":"https:\/\/vermeer-rental.nl\/product\/testgewicht-250kg-huren\/","url":"https:\/\/vermeer-rental.nl\/product\/testgewicht-250kg-huren\/","name":"\u00bfNecesita pesos de prueba? Alquile pesas de prueba certificadas con nosotros - Vermeer Rental &amp; Services","isPartOf":{"@id":"https:\/\/vermeer-rental.nl\/#website"},"primaryImageOfPage":{"@id":"https:\/\/vermeer-rental.nl\/product\/testgewicht-250kg-huren\/#primaryimage"},"image":{"@id":"https:\/\/vermeer-rental.nl\/product\/testgewicht-250kg-huren\/#primaryimage"},"thumbnailUrl":"https:\/\/vermeer-rental.nl\/wp-content\/uploads\/2023\/04\/Testgewicht-250-kg-scaled.jpg","datePublished":"2023-04-06T19:57:07+00:00","dateModified":"2023-10-25T17:54:21+00:00","description":"\u00bfDesea alquilar pesas de prueba? Pesas de prueba de clase M1 con certificaci\u00f3n ISO 17025. Consulte todos nuestros pesos de prueba y servicios log\u00edsticos adicionales aqu\u00ed.","breadcrumb":{"@id":"https:\/\/vermeer-rental.nl\/product\/testgewicht-250kg-huren\/#breadcrumb"},"inLanguage":"es","potentialAction":[{"@type":"ReadAction","target":["https:\/\/vermeer-rental.nl\/product\/testgewicht-250kg-huren\/"]}]},{"@type":"ImageObject","inLanguage":"es","@id":"https:\/\/vermeer-rental.nl\/product\/testgewicht-250kg-huren\/#primaryimage","url":"https:\/\/vermeer-rental.nl\/wp-content\/uploads\/2023\/04\/Testgewicht-250-kg-scaled.jpg","contentUrl":"https:\/\/vermeer-rental.nl\/wp-content\/uploads\/2023\/04\/Testgewicht-250-kg-scaled.jpg","width":2560,"height":2560},{"@type":"BreadcrumbList","@id":"https:\/\/vermeer-rental.nl\/product\/testgewicht-250kg-huren\/#breadcrumb","itemListElement":[{"@type":"ListItem","position":1,"name":"Home","item":"https:\/\/vermeer-rental.nl\/"},{"@type":"ListItem","position":2,"name":"Diensten","item":"https:\/\/vermeer-rental.nl\/diensten\/"},{"@type":"ListItem","position":3,"name":"Testgewicht 250kg"}]},{"@type":"WebSite","@id":"https:\/\/vermeer-rental.nl\/#website","url":"https:\/\/vermeer-rental.nl\/","name":"Vermeer Alquiler y Servicios","description":"\u00a1Preparados!","publisher":{"@id":"https:\/\/vermeer-rental.nl\/#organization"},"potentialAction":[{"@type":"SearchAction","target":{"@type":"EntryPoint","urlTemplate":"https:\/\/vermeer-rental.nl\/?s={search_term_string}"},"query-input":{"@type":"PropertyValueSpecification","valueRequired":true,"valueName":"search_term_string"}}],"inLanguage":"es"},{"@type":"Organization","@id":"https:\/\/vermeer-rental.nl\/#organization","name":"Vermeer Alquiler y Servicios","url":"https:\/\/vermeer-rental.nl\/","logo":{"@type":"ImageObject","inLanguage":"es","@id":"https:\/\/vermeer-rental.nl\/#\/schema\/logo\/image\/","url":"https:\/\/vermeer-rental.nl\/wp-content\/uploads\/2023\/02\/Logo-Vermeer-Rental-RGB.png","contentUrl":"https:\/\/vermeer-rental.nl\/wp-content\/uploads\/2023\/02\/Logo-Vermeer-Rental-RGB.png","width":800,"height":210,"caption":"Vermeer Rental & Services"},"image":{"@id":"https:\/\/vermeer-rental.nl\/#\/schema\/logo\/image\/"},"sameAs":["https:\/\/www.facebook.com\/gebrvermeerindustrialmovements","https:\/\/www.linkedin.com\/company\/gebr-vermeer-transport\/","https:\/\/www.instagram.com\/gebrvermeer\/"]}]}},"_links":{"self":[{"href":"https:\/\/vermeer-rental.nl\/es\/wp-json\/wp\/v2\/product\/434","targetHints":{"allow":["GET"]}}],"collection":[{"href":"https:\/\/vermeer-rental.nl\/es\/wp-json\/wp\/v2\/product"}],"about":[{"href":"https:\/\/vermeer-rental.nl\/es\/wp-json\/wp\/v2\/types\/product"}],"replies":[{"embeddable":true,"href":"https:\/\/vermeer-rental.nl\/es\/wp-json\/wp\/v2\/comments?post=434"}],"wp:featuredmedia":[{"embeddable":true,"href":"https:\/\/vermeer-rental.nl\/es\/wp-json\/wp\/v2\/media\/431"}],"wp:attachment":[{"href":"https:\/\/vermeer-rental.nl\/es\/wp-json\/wp\/v2\/media?parent=434"}],"wp:term":[{"taxonomy":"product_brand","embeddable":true,"href":"https:\/\/vermeer-rental.nl\/es\/wp-json\/wp\/v2\/product_brand?post=434"},{"taxonomy":"product_cat","embeddable":true,"href":"https:\/\/vermeer-rental.nl\/es\/wp-json\/wp\/v2\/product_cat?post=434"},{"taxonomy":"product_tag","embeddable":true,"href":"https:\/\/vermeer-rental.nl\/es\/wp-json\/wp\/v2\/product_tag?post=434"}],"curies":[{"name":"wp","href":"https:\/\/api.w.org\/{rel}","templated":true}]}}