{"id":39,"date":"2023-02-25T13:42:36","date_gmt":"2023-02-25T13:42:36","guid":{"rendered":"https:\/\/rental.daanwerkelijk.nl\/?post_type=product&#038;p=39"},"modified":"2026-02-26T10:57:14","modified_gmt":"2026-02-26T09:57:14","slug":"contenedor-de-40-pies","status":"publish","type":"product","link":"https:\/\/vermeer-rental.nl\/es\/product\/container-40ft\/","title":{"rendered":"Contenedor 40 pies"},"content":{"rendered":"<p>Aqu\u00ed encontrar\u00e1 un resumen de algunas opciones de aplicaci\u00f3n:<\/p>\n<p><strong>Material el\u00e9ctrico<br \/>\n<\/strong>Aproveche a\u00fan mejor su contenedor de almacenamiento o material con el sistema el\u00e9ctrico adecuado, es posible un uso vers\u00e1til.<br \/>\n<img loading=\"lazy\" decoding=\"async\" class=\"alignnone size-medium wp-image-250\" src=\"https:\/\/vermeer-rental.nl\/wp-content\/uploads\/2023\/02\/Elektrische-uitrusting-200x300.jpg\" alt=\"\" width=\"200\" height=\"300\" srcset=\"https:\/\/vermeer-rental.nl\/wp-content\/uploads\/2023\/02\/Elektrische-uitrusting-200x300.jpg 200w, https:\/\/vermeer-rental.nl\/wp-content\/uploads\/2023\/02\/Elektrische-uitrusting.jpg 312w\" sizes=\"auto, (max-width: 200px) 100vw, 200px\" \/><\/p>\n<p>Puede elegir entre las siguientes opciones de aplicaci\u00f3n:<\/p>\n<ul>\n<li>Mueble distribuidor con tomas de corriente<\/li>\n<li>Conexiones externas CEE empotradas<\/li>\n<li>Electricidad para cuarto h\u00famedo<\/li>\n<li>Barra de luces<\/li>\n<li>Interruptor de la luz cerca de la puerta<\/li>\n<li>Conexiones de alimentaci\u00f3n adicionales<\/li>\n<\/ul>\n<p><strong>Estanter\u00edas de almac\u00e9n<br \/>\n<\/strong>El accesorio perfecto para su espacio de almacenamiento individual, aproveche al m\u00e1ximo las posibilidades de su contenedor de almacenamiento y utilice un sistema de estanter\u00edas para obtener espacio de almacenamiento adicional. P\u00eddalo directamente y rec\u00edbalo premontado o p\u00eddalo en kit e int\u00e9grelo en un contenedor de almacenamiento ya disponible.<br \/>\n<img loading=\"lazy\" decoding=\"async\" class=\"alignnone size-full wp-image-252\" src=\"https:\/\/vermeer-rental.nl\/wp-content\/uploads\/2023\/02\/Magazijnstellingen.jpg\" alt=\"\" width=\"259\" height=\"194\" \/><\/p>\n<p><strong>Escalera con plataforma<br \/>\n<\/strong>Plataformas de acero galvanizado para los extremos. Pueden conectarse entre s\u00ed y con escaleras de pisos. De este modo, se puede crear una galer\u00eda de 1er piso en el exterior de las unidades. Esto deja m\u00e1s superficie \u00fatil en los contenedores sin que ello suponga un coste adicional en metros cuadrados.<br \/>\n<img loading=\"lazy\" decoding=\"async\" class=\"alignnone size-medium wp-image-253\" src=\"https:\/\/vermeer-rental.nl\/wp-content\/uploads\/2023\/02\/Trap-met-bordes-300x200.jpg\" alt=\"\" width=\"300\" height=\"200\" srcset=\"https:\/\/vermeer-rental.nl\/wp-content\/uploads\/2023\/02\/Trap-met-bordes-300x200.jpg 300w, https:\/\/vermeer-rental.nl\/wp-content\/uploads\/2023\/02\/Trap-met-bordes-600x400.jpg 600w, https:\/\/vermeer-rental.nl\/wp-content\/uploads\/2023\/02\/Trap-met-bordes.jpg 763w\" sizes=\"auto, (max-width: 300px) 100vw, 300px\" \/><\/p>\n<p><strong>Paquete de seguridad<br \/>\n<\/strong>Si opta por la seguridad, nuestros contenedores de almacenamiento con un completo paquete de seguridad son exactamente lo que est\u00e1 buscando.<\/p>\n<p>El paquete de seguridad consta de:<\/p>\n<ul>\n<li>2 pernos de bloqueo en el interior<\/li>\n<li>Cerradura interior de seguridad con cilindro de cierre<\/li>\n<li>4 topes elevadores interiores<\/li>\n<\/ul>\n<p><img loading=\"lazy\" decoding=\"async\" class=\"alignnone size-medium wp-image-251\" src=\"https:\/\/vermeer-rental.nl\/wp-content\/uploads\/2023\/02\/Complete-inrichting-300x193.jpg\" alt=\"\" width=\"300\" height=\"193\" srcset=\"https:\/\/vermeer-rental.nl\/wp-content\/uploads\/2023\/02\/Complete-inrichting-300x193.jpg 300w, https:\/\/vermeer-rental.nl\/wp-content\/uploads\/2023\/02\/Complete-inrichting-768x494.jpg 768w, https:\/\/vermeer-rental.nl\/wp-content\/uploads\/2023\/02\/Complete-inrichting-600x386.jpg 600w, https:\/\/vermeer-rental.nl\/wp-content\/uploads\/2023\/02\/Complete-inrichting.jpg 800w\" sizes=\"auto, (max-width: 300px) 100vw, 300px\" \/><br \/>\nAmueblamiento completo seg\u00fan las necesidades, incluidas mesas, sillas, armarios, calefacci\u00f3n, aire acondicionado, etc.<\/p>\n<p><strong>Portaherramientas<br \/>\n<\/strong>Encuentre sus herramientas en un momento: nuestro portaherramientas ofrece un lugar fijo para todas sus herramientas. Adem\u00e1s, las cadenas de seguridad adicionales garantizan una protecci\u00f3n \u00f3ptima durante el transporte.<br \/>\n<img loading=\"lazy\" decoding=\"async\" class=\"alignnone size-full wp-image-254\" src=\"https:\/\/vermeer-rental.nl\/wp-content\/uploads\/2023\/02\/Gereedschapshouder.jpg\" alt=\"\" width=\"259\" height=\"194\" \/><\/p>\n<p><strong>Tiras de amarre<br \/>\n<\/strong>Asegurar su carga puede ser a\u00fan m\u00e1s f\u00e1cil. Adem\u00e1s de las argollas de amarre est\u00e1ndar de un contenedor, podemos instalar tiras de amarre para facilitar a\u00fan m\u00e1s la sujeci\u00f3n de las cargas.<br \/>\n<img loading=\"lazy\" decoding=\"async\" class=\"alignnone size-full wp-image-255\" src=\"https:\/\/vermeer-rental.nl\/wp-content\/uploads\/2023\/02\/Sjorstrips.jpg\" alt=\"\" width=\"275\" height=\"183\" \/><\/p>","protected":false},"excerpt":{"rendered":"<p>Las comodidades de un contenedor de 40 pies, este es uno de los contenedores m\u00e1s utilizados en todo el mundo para el transporte de mercanc\u00edas, especialmente en el extranjero. Su tama\u00f1o tambi\u00e9n lo hace excelente para almacenar sus pertenencias.<\/p>\n<p>&nbsp;<\/p>\n<form action=\"https:\/\/vermeer-rental.nl\/wp-content\/uploads\/2023\/03\/2022-Vermeer-Rentals_CONTAINERS.pdf\" method=\"get\" target=\"_blank\" data-trp-original-action=\"https:\/\/vermeer-rental.nl\/wp-content\/uploads\/2023\/03\/2022-Vermeer-Rentals_CONTAINERS.pdf\"><button class=\"pdf-button\" type=\"submit\">Vea el folleto aqu\u00ed<\/button><input type=\"hidden\" name=\"trp-form-language\" value=\"es\"\/><\/form>","protected":false},"featured_media":539,"comment_status":"closed","ping_status":"closed","template":"","meta":{"om_disable_all_campaigns":false,"_monsterinsights_skip_tracking":false,"_monsterinsights_sitenote_active":false,"_monsterinsights_sitenote_note":"","_monsterinsights_sitenote_category":0},"product_brand":[],"product_cat":[16,17],"product_tag":[],"class_list":{"0":"post-39","1":"product","2":"type-product","3":"status-publish","4":"has-post-thumbnail","6":"product_cat-containers","7":"product_cat-opslagcontainers","9":"first","10":"instock","11":"shipping-taxable","12":"purchasable","13":"product-type-simple"},"yoast_head":"<!-- This site is optimized with the Yoast SEO Premium plugin v23.3 (Yoast SEO v27.2) - https:\/\/yoast.com\/product\/yoast-seo-premium-wordpress\/ -->\n<title>Container 40ft - Vermeer Rental &amp; Services<\/title>\n<meta name=\"robots\" content=\"index, follow, max-snippet:-1, max-image-preview:large, max-video-preview:-1\" \/>\n<link rel=\"canonical\" href=\"https:\/\/vermeer-rental.nl\/es\/producto\/contenedor-de-40-pies\/\" \/>\n<meta property=\"og:locale\" content=\"es_ES\" \/>\n<meta property=\"og:type\" content=\"article\" \/>\n<meta property=\"og:title\" content=\"Container 40ft\" \/>\n<meta property=\"og:description\" content=\"De gemakken ervan van een 40 ft container, dit is een van de containers die wereldwijd het meest worden gebruikt voor het vervoer van goederen, met name overzee. Door zijn omvang kan deze ook uitstekend dienen als opslagruimte voor uw spullen.  &nbsp;  Bekijk hier de folder\" \/>\n<meta property=\"og:url\" content=\"https:\/\/vermeer-rental.nl\/es\/producto\/contenedor-de-40-pies\/\" \/>\n<meta property=\"og:site_name\" content=\"Vermeer Rental &amp; Services\" \/>\n<meta property=\"article:publisher\" content=\"https:\/\/www.facebook.com\/gebrvermeerindustrialmovements\" \/>\n<meta property=\"article:modified_time\" content=\"2026-02-26T09:57:14+00:00\" \/>\n<meta property=\"og:image\" content=\"https:\/\/vermeer-rental.nl\/wp-content\/uploads\/2023\/04\/foto-40-ft-container.jpg\" \/>\n\t<meta property=\"og:image:width\" content=\"2000\" \/>\n\t<meta property=\"og:image:height\" content=\"2000\" \/>\n\t<meta property=\"og:image:type\" content=\"image\/jpeg\" \/>\n<meta name=\"twitter:card\" content=\"summary_large_image\" \/>\n<meta name=\"twitter:label1\" content=\"Tiempo de lectura\" \/>\n\t<meta name=\"twitter:data1\" content=\"3 minutos\" \/>\n<script type=\"application\/ld+json\" class=\"yoast-schema-graph\">{\"@context\":\"https:\/\/schema.org\",\"@graph\":[{\"@type\":\"WebPage\",\"@id\":\"https:\/\/vermeer-rental.nl\/product\/container-40ft\/\",\"url\":\"https:\/\/vermeer-rental.nl\/product\/container-40ft\/\",\"name\":\"Container 40ft - Vermeer Rental &amp; Services\",\"isPartOf\":{\"@id\":\"https:\/\/vermeer-rental.nl\/#website\"},\"primaryImageOfPage\":{\"@id\":\"https:\/\/vermeer-rental.nl\/product\/container-40ft\/#primaryimage\"},\"image\":{\"@id\":\"https:\/\/vermeer-rental.nl\/product\/container-40ft\/#primaryimage\"},\"thumbnailUrl\":\"https:\/\/vermeer-rental.nl\/wp-content\/uploads\/2023\/04\/foto-40-ft-container.jpg\",\"datePublished\":\"2023-02-25T13:42:36+00:00\",\"dateModified\":\"2026-02-26T09:57:14+00:00\",\"breadcrumb\":{\"@id\":\"https:\/\/vermeer-rental.nl\/product\/container-40ft\/#breadcrumb\"},\"inLanguage\":\"es\",\"potentialAction\":[{\"@type\":\"ReadAction\",\"target\":[\"https:\/\/vermeer-rental.nl\/product\/container-40ft\/\"]}]},{\"@type\":\"ImageObject\",\"inLanguage\":\"es\",\"@id\":\"https:\/\/vermeer-rental.nl\/product\/container-40ft\/#primaryimage\",\"url\":\"https:\/\/vermeer-rental.nl\/wp-content\/uploads\/2023\/04\/foto-40-ft-container.jpg\",\"contentUrl\":\"https:\/\/vermeer-rental.nl\/wp-content\/uploads\/2023\/04\/foto-40-ft-container.jpg\",\"width\":2000,\"height\":2000},{\"@type\":\"BreadcrumbList\",\"@id\":\"https:\/\/vermeer-rental.nl\/product\/container-40ft\/#breadcrumb\",\"itemListElement\":[{\"@type\":\"ListItem\",\"position\":1,\"name\":\"Home\",\"item\":\"https:\/\/vermeer-rental.nl\/\"},{\"@type\":\"ListItem\",\"position\":2,\"name\":\"Diensten\",\"item\":\"https:\/\/vermeer-rental.nl\/diensten\/\"},{\"@type\":\"ListItem\",\"position\":3,\"name\":\"Container 40ft\"}]},{\"@type\":\"WebSite\",\"@id\":\"https:\/\/vermeer-rental.nl\/#website\",\"url\":\"https:\/\/vermeer-rental.nl\/\",\"name\":\"Vermeer Rental & Services\",\"description\":\"Staat voor u klaar!\",\"publisher\":{\"@id\":\"https:\/\/vermeer-rental.nl\/#organization\"},\"potentialAction\":[{\"@type\":\"SearchAction\",\"target\":{\"@type\":\"EntryPoint\",\"urlTemplate\":\"https:\/\/vermeer-rental.nl\/?s={search_term_string}\"},\"query-input\":{\"@type\":\"PropertyValueSpecification\",\"valueRequired\":true,\"valueName\":\"search_term_string\"}}],\"inLanguage\":\"es\"},{\"@type\":\"Organization\",\"@id\":\"https:\/\/vermeer-rental.nl\/#organization\",\"name\":\"Vermeer Rental & Services\",\"url\":\"https:\/\/vermeer-rental.nl\/\",\"logo\":{\"@type\":\"ImageObject\",\"inLanguage\":\"es\",\"@id\":\"https:\/\/vermeer-rental.nl\/#\/schema\/logo\/image\/\",\"url\":\"https:\/\/vermeer-rental.nl\/wp-content\/uploads\/2023\/02\/Logo-Vermeer-Rental-RGB.png\",\"contentUrl\":\"https:\/\/vermeer-rental.nl\/wp-content\/uploads\/2023\/02\/Logo-Vermeer-Rental-RGB.png\",\"width\":800,\"height\":210,\"caption\":\"Vermeer Rental & Services\"},\"image\":{\"@id\":\"https:\/\/vermeer-rental.nl\/#\/schema\/logo\/image\/\"},\"sameAs\":[\"https:\/\/www.facebook.com\/gebrvermeerindustrialmovements\",\"https:\/\/www.linkedin.com\/company\/gebr-vermeer-transport\/\",\"https:\/\/www.instagram.com\/gebrvermeer\/\"]}]}<\/script>\n<!-- \/ Yoast SEO Premium plugin. -->","yoast_head_json":{"title":"Contenedor 40ft - Vermeer Rental &amp; Services","robots":{"index":"index","follow":"follow","max-snippet":"max-snippet:-1","max-image-preview":"max-image-preview:large","max-video-preview":"max-video-preview:-1"},"canonical":"https:\/\/vermeer-rental.nl\/es\/producto\/contenedor-de-40-pies\/","og_locale":"es_ES","og_type":"article","og_title":"Container 40ft","og_description":"De gemakken ervan van een 40 ft container, dit is een van de containers die wereldwijd het meest worden gebruikt voor het vervoer van goederen, met name overzee. Door zijn omvang kan deze ook uitstekend dienen als opslagruimte voor uw spullen.  &nbsp;  Bekijk hier de folder","og_url":"https:\/\/vermeer-rental.nl\/es\/producto\/contenedor-de-40-pies\/","og_site_name":"Vermeer Rental &amp; Services","article_publisher":"https:\/\/www.facebook.com\/gebrvermeerindustrialmovements","article_modified_time":"2026-02-26T09:57:14+00:00","og_image":[{"width":2000,"height":2000,"url":"https:\/\/vermeer-rental.nl\/wp-content\/uploads\/2023\/04\/foto-40-ft-container.jpg","type":"image\/jpeg"}],"twitter_card":"summary_large_image","twitter_misc":{"Tiempo de lectura":"3 minutos"},"schema":{"@context":"https:\/\/schema.org","@graph":[{"@type":"WebPage","@id":"https:\/\/vermeer-rental.nl\/product\/container-40ft\/","url":"https:\/\/vermeer-rental.nl\/product\/container-40ft\/","name":"Contenedor 40ft - Vermeer Rental &amp; Services","isPartOf":{"@id":"https:\/\/vermeer-rental.nl\/#website"},"primaryImageOfPage":{"@id":"https:\/\/vermeer-rental.nl\/product\/container-40ft\/#primaryimage"},"image":{"@id":"https:\/\/vermeer-rental.nl\/product\/container-40ft\/#primaryimage"},"thumbnailUrl":"https:\/\/vermeer-rental.nl\/wp-content\/uploads\/2023\/04\/foto-40-ft-container.jpg","datePublished":"2023-02-25T13:42:36+00:00","dateModified":"2026-02-26T09:57:14+00:00","breadcrumb":{"@id":"https:\/\/vermeer-rental.nl\/product\/container-40ft\/#breadcrumb"},"inLanguage":"es","potentialAction":[{"@type":"ReadAction","target":["https:\/\/vermeer-rental.nl\/product\/container-40ft\/"]}]},{"@type":"ImageObject","inLanguage":"es","@id":"https:\/\/vermeer-rental.nl\/product\/container-40ft\/#primaryimage","url":"https:\/\/vermeer-rental.nl\/wp-content\/uploads\/2023\/04\/foto-40-ft-container.jpg","contentUrl":"https:\/\/vermeer-rental.nl\/wp-content\/uploads\/2023\/04\/foto-40-ft-container.jpg","width":2000,"height":2000},{"@type":"BreadcrumbList","@id":"https:\/\/vermeer-rental.nl\/product\/container-40ft\/#breadcrumb","itemListElement":[{"@type":"ListItem","position":1,"name":"Home","item":"https:\/\/vermeer-rental.nl\/"},{"@type":"ListItem","position":2,"name":"Diensten","item":"https:\/\/vermeer-rental.nl\/diensten\/"},{"@type":"ListItem","position":3,"name":"Container 40ft"}]},{"@type":"WebSite","@id":"https:\/\/vermeer-rental.nl\/#website","url":"https:\/\/vermeer-rental.nl\/","name":"Vermeer Alquiler y Servicios","description":"\u00a1Preparados!","publisher":{"@id":"https:\/\/vermeer-rental.nl\/#organization"},"potentialAction":[{"@type":"SearchAction","target":{"@type":"EntryPoint","urlTemplate":"https:\/\/vermeer-rental.nl\/?s={search_term_string}"},"query-input":{"@type":"PropertyValueSpecification","valueRequired":true,"valueName":"search_term_string"}}],"inLanguage":"es"},{"@type":"Organization","@id":"https:\/\/vermeer-rental.nl\/#organization","name":"Vermeer Alquiler y Servicios","url":"https:\/\/vermeer-rental.nl\/","logo":{"@type":"ImageObject","inLanguage":"es","@id":"https:\/\/vermeer-rental.nl\/#\/schema\/logo\/image\/","url":"https:\/\/vermeer-rental.nl\/wp-content\/uploads\/2023\/02\/Logo-Vermeer-Rental-RGB.png","contentUrl":"https:\/\/vermeer-rental.nl\/wp-content\/uploads\/2023\/02\/Logo-Vermeer-Rental-RGB.png","width":800,"height":210,"caption":"Vermeer Rental & Services"},"image":{"@id":"https:\/\/vermeer-rental.nl\/#\/schema\/logo\/image\/"},"sameAs":["https:\/\/www.facebook.com\/gebrvermeerindustrialmovements","https:\/\/www.linkedin.com\/company\/gebr-vermeer-transport\/","https:\/\/www.instagram.com\/gebrvermeer\/"]}]}},"_links":{"self":[{"href":"https:\/\/vermeer-rental.nl\/es\/wp-json\/wp\/v2\/product\/39","targetHints":{"allow":["GET"]}}],"collection":[{"href":"https:\/\/vermeer-rental.nl\/es\/wp-json\/wp\/v2\/product"}],"about":[{"href":"https:\/\/vermeer-rental.nl\/es\/wp-json\/wp\/v2\/types\/product"}],"replies":[{"embeddable":true,"href":"https:\/\/vermeer-rental.nl\/es\/wp-json\/wp\/v2\/comments?post=39"}],"wp:featuredmedia":[{"embeddable":true,"href":"https:\/\/vermeer-rental.nl\/es\/wp-json\/wp\/v2\/media\/539"}],"wp:attachment":[{"href":"https:\/\/vermeer-rental.nl\/es\/wp-json\/wp\/v2\/media?parent=39"}],"wp:term":[{"taxonomy":"product_brand","embeddable":true,"href":"https:\/\/vermeer-rental.nl\/es\/wp-json\/wp\/v2\/product_brand?post=39"},{"taxonomy":"product_cat","embeddable":true,"href":"https:\/\/vermeer-rental.nl\/es\/wp-json\/wp\/v2\/product_cat?post=39"},{"taxonomy":"product_tag","embeddable":true,"href":"https:\/\/vermeer-rental.nl\/es\/wp-json\/wp\/v2\/product_tag?post=39"}],"curies":[{"name":"wp","href":"https:\/\/api.w.org\/{rel}","templated":true}]}}