{"id":25,"date":"2023-02-25T13:42:36","date_gmt":"2023-02-25T13:42:36","guid":{"rendered":"https:\/\/rental.daanwerkelijk.nl\/?post_type=product&#038;p=25"},"modified":"2024-12-03T11:09:55","modified_gmt":"2024-12-03T10:09:55","slug":"alquiler-de-gruas-pick-and-carry-grua-pick-and-carry","status":"publish","type":"product","link":"https:\/\/vermeer-rental.nl\/es\/product\/pick-carry-kraan-huren-pick-and-carry-kraan-pick-carry-kraan\/","title":{"rendered":"Gr\u00faa Pick &amp; Carry - MC25S"},"content":{"rendered":"<p>Una de las mayores ventajas de la gr\u00faa m\u00f3vil el\u00e9ctrica de 2,5 toneladas es su reducido radio de movimiento: con un \u00e1ngulo de giro de +- 90\u00b0, puede maniobrarse con seguridad incluso por espacios especialmente estrechos y est\u00e1 pensada para su uso en naves con poco espacio. Porque nuestra \"peque\u00f1a\" tambi\u00e9n llega a los rincones m\u00e1s rec\u00f3nditos.<\/p>\n<h3 style=\"font-weight: bold; font-size: 18px;\">USO ENTRE CUATRO PAREDES<\/h3>\n<p>Por supuesto, las dimensiones compactas de la gr\u00faa m\u00f3vil el\u00e9ctrica de 2,5 toneladas tambi\u00e9n son una gran ventaja: con una anchura de s\u00f3lo 900 mm y una altura de 1.610 mm, casi cabe por la puerta de una casa normal. Esto significa que la gr\u00faa m\u00f3vil el\u00e9ctrica de 2,5 toneladas tambi\u00e9n puede utilizarse en edificios inacabados, por ejemplo, por fabricantes de ventanas, carpinteros o comerciantes de construcciones prefabricadas que necesiten transportar componentes como ventanas o paredes.<\/p>\n<h3 style=\"font-weight: bold; font-size: 18px;\">MEJOR ESPERADO<\/h3>\n<p>Especialmente cuando se utiliza en el interior de edificios, destacan dos caracter\u00edsticas adicionales: en primer lugar, la gr\u00faa m\u00f3vil el\u00e9ctrica de 2,5 toneladas est\u00e1 equipada con neum\u00e1ticos que no dejan marcas y, por tanto, no deja huellas durante el trabajo. En segundo lugar, la gr\u00faa funciona con un potente motor el\u00e9ctrico sin emisiones, con una capacidad de bater\u00eda de 8 horas de trabajo. Los gases de escape, la suciedad y los olores son cosa del pasado. Bueno para el trabajo y para el clima.<\/p>\n<p>&nbsp;<\/p>","protected":false},"excerpt":{"rendered":"<p>La gr\u00faa pick &amp; carry el\u00e9ctrica de 2,5 toneladas est\u00e1 equipada de serie con neum\u00e1ticos que no dejan marcas y no se calcinan. El motor el\u00e9ctrico de 2 kW de la gr\u00faa responde con precisi\u00f3n y funciona durante 8 horas sin necesidad de recarga gracias a una potente bater\u00eda de 24 V y 420 Ah. La pluma es extensible proporcionalmente y, en caso necesario, puede extenderse adicionalmente mediante una punta.<\/p>\n<p>&nbsp;<\/p>\n<form action=\"https:\/\/vermeer-rental.nl\/wp-content\/uploads\/2023\/03\/MC25S-Vermeer_.pdf\" method=\"get\" target=\"_blank\" data-trp-original-action=\"https:\/\/vermeer-rental.nl\/wp-content\/uploads\/2023\/03\/MC25S-Vermeer_.pdf\"><button class=\"pdf-button\" type=\"submit\">Datos t\u00e9cnicos<\/button><input type=\"hidden\" name=\"trp-form-language\" value=\"es\"\/><\/form>","protected":false},"featured_media":61,"comment_status":"closed","ping_status":"closed","template":"","meta":{"om_disable_all_campaigns":false,"_monsterinsights_skip_tracking":false,"_monsterinsights_sitenote_active":false,"_monsterinsights_sitenote_note":"","_monsterinsights_sitenote_category":0},"product_brand":[],"product_cat":[18],"product_tag":[],"class_list":{"0":"post-25","1":"product","2":"type-product","3":"status-publish","4":"has-post-thumbnail","6":"product_cat-pick-carry-kranen","8":"first","9":"instock","10":"shipping-taxable","11":"purchasable","12":"product-type-simple"},"yoast_head":"<!-- This site is optimized with the Yoast SEO Premium plugin v23.3 (Yoast SEO v27.2) - https:\/\/yoast.com\/product\/yoast-seo-premium-wordpress\/ -->\n<title>Pick &amp; Carry kraan huren - Bekijk hier ons aanbod. Vermeer Rental &amp; Services<\/title>\n<meta name=\"description\" content=\"Pick &amp; Carry kraan huren? Industriekranen van 2 tot 60 ton. Ontdek hier de mogelijkheden van onze 100% elektrische Pick &amp; Carry kranen.\" \/>\n<meta name=\"robots\" content=\"index, follow, max-snippet:-1, max-image-preview:large, max-video-preview:-1\" \/>\n<link rel=\"canonical\" href=\"https:\/\/vermeer-rental.nl\/es\/producto\/alquiler-de-gruas-pick-and-carry-grua-pick-and-carry\/\" \/>\n<meta property=\"og:locale\" content=\"es_ES\" \/>\n<meta property=\"og:type\" content=\"article\" \/>\n<meta property=\"og:title\" content=\"Pick &amp; Carry kraan - MC25S\" \/>\n<meta property=\"og:description\" content=\"Pick &amp; Carry kraan huren? Industriekranen van 2 tot 60 ton. Ontdek hier de mogelijkheden van onze 100% elektrische Pick &amp; Carry kranen.\" \/>\n<meta property=\"og:url\" content=\"https:\/\/vermeer-rental.nl\/es\/producto\/alquiler-de-gruas-pick-and-carry-grua-pick-and-carry\/\" \/>\n<meta property=\"og:site_name\" content=\"Vermeer Rental &amp; Services\" \/>\n<meta property=\"article:publisher\" content=\"https:\/\/www.facebook.com\/gebrvermeerindustrialmovements\" \/>\n<meta property=\"article:modified_time\" content=\"2024-12-03T10:09:55+00:00\" \/>\n<meta property=\"og:image\" content=\"https:\/\/vermeer-rental.nl\/wp-content\/uploads\/2023\/02\/MC25S-Foto.jpg\" \/>\n\t<meta property=\"og:image:width\" content=\"738\" \/>\n\t<meta property=\"og:image:height\" content=\"738\" \/>\n\t<meta property=\"og:image:type\" content=\"image\/jpeg\" \/>\n<meta name=\"twitter:card\" content=\"summary_large_image\" \/>\n<meta name=\"twitter:label1\" content=\"Tiempo de lectura\" \/>\n\t<meta name=\"twitter:data1\" content=\"2 minutos\" \/>\n<script type=\"application\/ld+json\" class=\"yoast-schema-graph\">{\"@context\":\"https:\/\/schema.org\",\"@graph\":[{\"@type\":\"WebPage\",\"@id\":\"https:\/\/vermeer-rental.nl\/product\/pick-carry-kraan-huren-pick-and-carry-kraan-pick-carry-kraan\/\",\"url\":\"https:\/\/vermeer-rental.nl\/product\/pick-carry-kraan-huren-pick-and-carry-kraan-pick-carry-kraan\/\",\"name\":\"Pick & Carry kraan huren - Bekijk hier ons aanbod. Vermeer Rental &amp; Services\",\"isPartOf\":{\"@id\":\"https:\/\/vermeer-rental.nl\/#website\"},\"primaryImageOfPage\":{\"@id\":\"https:\/\/vermeer-rental.nl\/product\/pick-carry-kraan-huren-pick-and-carry-kraan-pick-carry-kraan\/#primaryimage\"},\"image\":{\"@id\":\"https:\/\/vermeer-rental.nl\/product\/pick-carry-kraan-huren-pick-and-carry-kraan-pick-carry-kraan\/#primaryimage\"},\"thumbnailUrl\":\"https:\/\/vermeer-rental.nl\/wp-content\/uploads\/2023\/02\/MC25S-Foto.jpg\",\"datePublished\":\"2023-02-25T13:42:36+00:00\",\"dateModified\":\"2024-12-03T10:09:55+00:00\",\"description\":\"Pick & Carry kraan huren? Industriekranen van 2 tot 60 ton. Ontdek hier de mogelijkheden van onze 100% elektrische Pick & Carry kranen.\",\"breadcrumb\":{\"@id\":\"https:\/\/vermeer-rental.nl\/product\/pick-carry-kraan-huren-pick-and-carry-kraan-pick-carry-kraan\/#breadcrumb\"},\"inLanguage\":\"es\",\"potentialAction\":[{\"@type\":\"ReadAction\",\"target\":[\"https:\/\/vermeer-rental.nl\/product\/pick-carry-kraan-huren-pick-and-carry-kraan-pick-carry-kraan\/\"]}]},{\"@type\":\"ImageObject\",\"inLanguage\":\"es\",\"@id\":\"https:\/\/vermeer-rental.nl\/product\/pick-carry-kraan-huren-pick-and-carry-kraan-pick-carry-kraan\/#primaryimage\",\"url\":\"https:\/\/vermeer-rental.nl\/wp-content\/uploads\/2023\/02\/MC25S-Foto.jpg\",\"contentUrl\":\"https:\/\/vermeer-rental.nl\/wp-content\/uploads\/2023\/02\/MC25S-Foto.jpg\",\"width\":738,\"height\":738},{\"@type\":\"BreadcrumbList\",\"@id\":\"https:\/\/vermeer-rental.nl\/product\/pick-carry-kraan-huren-pick-and-carry-kraan-pick-carry-kraan\/#breadcrumb\",\"itemListElement\":[{\"@type\":\"ListItem\",\"position\":1,\"name\":\"Home\",\"item\":\"https:\/\/vermeer-rental.nl\/\"},{\"@type\":\"ListItem\",\"position\":2,\"name\":\"Diensten\",\"item\":\"https:\/\/vermeer-rental.nl\/diensten\/\"},{\"@type\":\"ListItem\",\"position\":3,\"name\":\"Pick &#038; Carry kraan &#8211; MC25S\"}]},{\"@type\":\"WebSite\",\"@id\":\"https:\/\/vermeer-rental.nl\/#website\",\"url\":\"https:\/\/vermeer-rental.nl\/\",\"name\":\"Vermeer Rental & Services\",\"description\":\"Staat voor u klaar!\",\"publisher\":{\"@id\":\"https:\/\/vermeer-rental.nl\/#organization\"},\"potentialAction\":[{\"@type\":\"SearchAction\",\"target\":{\"@type\":\"EntryPoint\",\"urlTemplate\":\"https:\/\/vermeer-rental.nl\/?s={search_term_string}\"},\"query-input\":{\"@type\":\"PropertyValueSpecification\",\"valueRequired\":true,\"valueName\":\"search_term_string\"}}],\"inLanguage\":\"es\"},{\"@type\":\"Organization\",\"@id\":\"https:\/\/vermeer-rental.nl\/#organization\",\"name\":\"Vermeer Rental & Services\",\"url\":\"https:\/\/vermeer-rental.nl\/\",\"logo\":{\"@type\":\"ImageObject\",\"inLanguage\":\"es\",\"@id\":\"https:\/\/vermeer-rental.nl\/#\/schema\/logo\/image\/\",\"url\":\"https:\/\/vermeer-rental.nl\/wp-content\/uploads\/2023\/02\/Logo-Vermeer-Rental-RGB.png\",\"contentUrl\":\"https:\/\/vermeer-rental.nl\/wp-content\/uploads\/2023\/02\/Logo-Vermeer-Rental-RGB.png\",\"width\":800,\"height\":210,\"caption\":\"Vermeer Rental & Services\"},\"image\":{\"@id\":\"https:\/\/vermeer-rental.nl\/#\/schema\/logo\/image\/\"},\"sameAs\":[\"https:\/\/www.facebook.com\/gebrvermeerindustrialmovements\",\"https:\/\/www.linkedin.com\/company\/gebr-vermeer-transport\/\",\"https:\/\/www.instagram.com\/gebrvermeer\/\"]}]}<\/script>\n<!-- \/ Yoast SEO Premium plugin. -->","yoast_head_json":{"title":"Alquiler de gr\u00faas Pick &amp; Carry - Vea nuestra oferta aqu\u00ed. Vermeer Alquiler y Servicios","description":"Alquiler de gr\u00faas Pick &amp; Carry Gr\u00faas industriales de 2 a 60 toneladas. Descubra aqu\u00ed las posibilidades de nuestras gr\u00faas Pick &amp; Carry el\u00e9ctricas 100%.","robots":{"index":"index","follow":"follow","max-snippet":"max-snippet:-1","max-image-preview":"max-image-preview:large","max-video-preview":"max-video-preview:-1"},"canonical":"https:\/\/vermeer-rental.nl\/es\/producto\/alquiler-de-gruas-pick-and-carry-grua-pick-and-carry\/","og_locale":"es_ES","og_type":"article","og_title":"Pick & Carry kraan - MC25S","og_description":"Pick & Carry kraan huren? Industriekranen van 2 tot 60 ton. Ontdek hier de mogelijkheden van onze 100% elektrische Pick & Carry kranen.","og_url":"https:\/\/vermeer-rental.nl\/es\/producto\/alquiler-de-gruas-pick-and-carry-grua-pick-and-carry\/","og_site_name":"Vermeer Rental &amp; Services","article_publisher":"https:\/\/www.facebook.com\/gebrvermeerindustrialmovements","article_modified_time":"2024-12-03T10:09:55+00:00","og_image":[{"width":738,"height":738,"url":"https:\/\/vermeer-rental.nl\/wp-content\/uploads\/2023\/02\/MC25S-Foto.jpg","type":"image\/jpeg"}],"twitter_card":"summary_large_image","twitter_misc":{"Tiempo de lectura":"2 minutos"},"schema":{"@context":"https:\/\/schema.org","@graph":[{"@type":"WebPage","@id":"https:\/\/vermeer-rental.nl\/product\/pick-carry-kraan-huren-pick-and-carry-kraan-pick-carry-kraan\/","url":"https:\/\/vermeer-rental.nl\/product\/pick-carry-kraan-huren-pick-and-carry-kraan-pick-carry-kraan\/","name":"Alquiler de gr\u00faas Pick &amp; Carry - Vea nuestra oferta aqu\u00ed. Vermeer Alquiler y Servicios","isPartOf":{"@id":"https:\/\/vermeer-rental.nl\/#website"},"primaryImageOfPage":{"@id":"https:\/\/vermeer-rental.nl\/product\/pick-carry-kraan-huren-pick-and-carry-kraan-pick-carry-kraan\/#primaryimage"},"image":{"@id":"https:\/\/vermeer-rental.nl\/product\/pick-carry-kraan-huren-pick-and-carry-kraan-pick-carry-kraan\/#primaryimage"},"thumbnailUrl":"https:\/\/vermeer-rental.nl\/wp-content\/uploads\/2023\/02\/MC25S-Foto.jpg","datePublished":"2023-02-25T13:42:36+00:00","dateModified":"2024-12-03T10:09:55+00:00","description":"Alquiler de gr\u00faas Pick &amp; Carry Gr\u00faas industriales de 2 a 60 toneladas. Descubra aqu\u00ed las posibilidades de nuestras gr\u00faas Pick &amp; Carry el\u00e9ctricas 100%.","breadcrumb":{"@id":"https:\/\/vermeer-rental.nl\/product\/pick-carry-kraan-huren-pick-and-carry-kraan-pick-carry-kraan\/#breadcrumb"},"inLanguage":"es","potentialAction":[{"@type":"ReadAction","target":["https:\/\/vermeer-rental.nl\/product\/pick-carry-kraan-huren-pick-and-carry-kraan-pick-carry-kraan\/"]}]},{"@type":"ImageObject","inLanguage":"es","@id":"https:\/\/vermeer-rental.nl\/product\/pick-carry-kraan-huren-pick-and-carry-kraan-pick-carry-kraan\/#primaryimage","url":"https:\/\/vermeer-rental.nl\/wp-content\/uploads\/2023\/02\/MC25S-Foto.jpg","contentUrl":"https:\/\/vermeer-rental.nl\/wp-content\/uploads\/2023\/02\/MC25S-Foto.jpg","width":738,"height":738},{"@type":"BreadcrumbList","@id":"https:\/\/vermeer-rental.nl\/product\/pick-carry-kraan-huren-pick-and-carry-kraan-pick-carry-kraan\/#breadcrumb","itemListElement":[{"@type":"ListItem","position":1,"name":"Home","item":"https:\/\/vermeer-rental.nl\/"},{"@type":"ListItem","position":2,"name":"Diensten","item":"https:\/\/vermeer-rental.nl\/diensten\/"},{"@type":"ListItem","position":3,"name":"Pick &#038; Carry kraan &#8211; MC25S"}]},{"@type":"WebSite","@id":"https:\/\/vermeer-rental.nl\/#website","url":"https:\/\/vermeer-rental.nl\/","name":"Vermeer Alquiler y Servicios","description":"\u00a1Preparados!","publisher":{"@id":"https:\/\/vermeer-rental.nl\/#organization"},"potentialAction":[{"@type":"SearchAction","target":{"@type":"EntryPoint","urlTemplate":"https:\/\/vermeer-rental.nl\/?s={search_term_string}"},"query-input":{"@type":"PropertyValueSpecification","valueRequired":true,"valueName":"search_term_string"}}],"inLanguage":"es"},{"@type":"Organization","@id":"https:\/\/vermeer-rental.nl\/#organization","name":"Vermeer Alquiler y Servicios","url":"https:\/\/vermeer-rental.nl\/","logo":{"@type":"ImageObject","inLanguage":"es","@id":"https:\/\/vermeer-rental.nl\/#\/schema\/logo\/image\/","url":"https:\/\/vermeer-rental.nl\/wp-content\/uploads\/2023\/02\/Logo-Vermeer-Rental-RGB.png","contentUrl":"https:\/\/vermeer-rental.nl\/wp-content\/uploads\/2023\/02\/Logo-Vermeer-Rental-RGB.png","width":800,"height":210,"caption":"Vermeer Rental & Services"},"image":{"@id":"https:\/\/vermeer-rental.nl\/#\/schema\/logo\/image\/"},"sameAs":["https:\/\/www.facebook.com\/gebrvermeerindustrialmovements","https:\/\/www.linkedin.com\/company\/gebr-vermeer-transport\/","https:\/\/www.instagram.com\/gebrvermeer\/"]}]}},"_links":{"self":[{"href":"https:\/\/vermeer-rental.nl\/es\/wp-json\/wp\/v2\/product\/25","targetHints":{"allow":["GET"]}}],"collection":[{"href":"https:\/\/vermeer-rental.nl\/es\/wp-json\/wp\/v2\/product"}],"about":[{"href":"https:\/\/vermeer-rental.nl\/es\/wp-json\/wp\/v2\/types\/product"}],"replies":[{"embeddable":true,"href":"https:\/\/vermeer-rental.nl\/es\/wp-json\/wp\/v2\/comments?post=25"}],"wp:featuredmedia":[{"embeddable":true,"href":"https:\/\/vermeer-rental.nl\/es\/wp-json\/wp\/v2\/media\/61"}],"wp:attachment":[{"href":"https:\/\/vermeer-rental.nl\/es\/wp-json\/wp\/v2\/media?parent=25"}],"wp:term":[{"taxonomy":"product_brand","embeddable":true,"href":"https:\/\/vermeer-rental.nl\/es\/wp-json\/wp\/v2\/product_brand?post=25"},{"taxonomy":"product_cat","embeddable":true,"href":"https:\/\/vermeer-rental.nl\/es\/wp-json\/wp\/v2\/product_cat?post=25"},{"taxonomy":"product_tag","embeddable":true,"href":"https:\/\/vermeer-rental.nl\/es\/wp-json\/wp\/v2\/product_tag?post=25"}],"curies":[{"name":"wp","href":"https:\/\/api.w.org\/{rel}","templated":true}]}}