{"id":2165,"date":"2024-08-29T21:25:20","date_gmt":"2024-08-29T19:25:20","guid":{"rendered":"https:\/\/vermeer-rental.nl\/?post_type=product&#038;p=2165"},"modified":"2025-06-24T00:05:23","modified_gmt":"2025-06-23T22:05:23","slug":"minigrua-hoeflon-c30e","status":"publish","type":"product","link":"https:\/\/vermeer-rental.nl\/es\/product\/hoeflon-c30e-minihijskraan\/","title":{"rendered":"Minigr\u00faa Hoeflon C30E"},"content":{"rendered":"<h3>Minigr\u00faa Hoeflon C30E: compacta, el\u00e9ctrica y con una potencia impresionante<\/h3>\n<p>En <strong data-start=\"386\" data-end=\"416\">Minigr\u00faa Hoeflon C30E<\/strong> es una potencia innovadora en el segmento de las gr\u00faas compactas. Gracias a su dise\u00f1o inteligente, su accionamiento el\u00e9ctrico 100% y su gran precisi\u00f3n, esta minigr\u00faa es ideal para trabajos de elevaci\u00f3n en zonas estrechas o de dif\u00edcil acceso. La C30E combina un potente rendimiento con un funcionamiento sin emisiones, lo que la convierte en una soluci\u00f3n sostenible y preparada para el futuro.<\/p>\n<ul>\n<li data-start=\"768\" data-end=\"803\"><strong data-start=\"772\" data-end=\"803\">Funcionamiento totalmente el\u00e9ctrico sin emisiones<br \/>\n<\/strong>La C30E es totalmente el\u00e9ctrica, lo que significa que no produce emisiones. Esto no s\u00f3lo es mejor para el medio ambiente, sino que tambi\u00e9n hace que la gr\u00faa sea muy adecuada para su uso en interiores, centros urbanos y otros lugares sensibles a las emisiones. El accionamiento el\u00e9ctrico tambi\u00e9n garantiza un funcionamiento silencioso y eficiente, sin p\u00e9rdida de potencia.<\/li>\n<li data-start=\"1165\" data-end=\"1213\"><strong data-start=\"1169\" data-end=\"1213\">Apta para el suelo y maniobrable en espacios estrechos<br \/>\n<\/strong>Con su especial, <strong data-start=\"1272\" data-end=\"1304\">pistas aptas para el suelo<\/strong> la C30E no deja marcas en suelos fr\u00e1giles o acabados. Su <strong data-start=\"1378\" data-end=\"1405\">ancho de v\u00eda ajustable<\/strong> Permite maniobrar a trav\u00e9s de puertas y pasillos estrechos. Ideal para trabajar en edificios, naves industriales o lugares de dif\u00edcil acceso.<\/li>\n<li data-start=\"1531\" data-end=\"1587\"><strong data-start=\"1535\" data-end=\"1587\">Gran altura de elevaci\u00f3n y m\u00e1xima precisi\u00f3n<br \/>\n<\/strong>Con una altura m\u00e1xima de elevaci\u00f3n de <strong data-start=\"1654\" data-end=\"1666\">22 metros<\/strong> la Hoeflon C30E es \u00fanica en su clase. Dos velocidades ajustables permiten al operador maniobrar con extrema precisi\u00f3n, incluso en trabajos de elevaci\u00f3n complejos o de alto riesgo. La <strong data-start=\"1843\" data-end=\"1879\">mando a distancia por radio<\/strong> con pantalla integrada proporciona informaci\u00f3n en tiempo real sobre el estado de la gr\u00faa, contribuyendo a la m\u00e1xima seguridad y control.<\/li>\n<li data-start=\"1883\" data-end=\"1918\"><strong data-start=\"1887\" data-end=\"1918\">Trabajar con seguridad y precisi\u00f3n<br \/>\n<\/strong>Caracter\u00edsticas de la gr\u00faa <strong data-start=\"1943\" data-end=\"1972\">dos velocidades ajustables<\/strong> para un funcionamiento extremadamente preciso. El <strong data-start=\"2009\" data-end=\"2070\">mando a distancia por radio con pantalla integrada<\/strong> muestra informaci\u00f3n en tiempo real sobre el estado de la gr\u00faa, lo que contribuye a la seguridad y eficacia del trabajo.<\/li>\n<\/ul>\n<h3 data-start=\"2012\" data-end=\"2045\"><strong data-start=\"2016\" data-end=\"2045\"><br \/>\nAplicaciones y ventajas<\/strong><\/h3>\n<p data-start=\"2047\" data-end=\"2092\">El Hoeflon C30E es perfecto para, entre otras cosas:<\/p>\n<ul data-start=\"2094\" data-end=\"2274\">\n<li data-start=\"2094\" data-end=\"2134\">\n<p data-start=\"2096\" data-end=\"2134\">Trabajos de instalaci\u00f3n en edificios<\/p>\n<\/li>\n<li data-start=\"2094\" data-end=\"2134\">\n<p data-start=\"2096\" data-end=\"2134\">Montaje de cristales y fachadas<\/p>\n<\/li>\n<li data-start=\"2161\" data-end=\"2188\">\n<p data-start=\"2163\" data-end=\"2188\">Trabajos de elevaci\u00f3n industrial<\/p>\n<\/li>\n<li data-start=\"2189\" data-end=\"2226\">\n<p data-start=\"2191\" data-end=\"2226\">Proyectos de construcci\u00f3n con espacio limitado<\/p>\n<\/li>\n<li data-start=\"2227\" data-end=\"2274\">\n<p data-start=\"2229\" data-end=\"2274\">Traslados de maquinaria pesada o piezas<\/p>\n<\/li>\n<\/ul>\n<h3 data-start=\"2276\" data-end=\"2335\"><strong data-start=\"2280\" data-end=\"2335\">Lo \u00faltimo en minigr\u00faas para uso profesional<\/strong><\/h3>\n<p data-start=\"2337\" data-end=\"2541\">\u00bfEst\u00e1 buscando un <strong data-start=\"2361\" data-end=\"2410\">minigr\u00faa potente, duradera y maniobrable<\/strong>? Entonces la Hoeflon C30E es la elecci\u00f3n ideal. Combine potencia con precisi\u00f3n, trabaje sin emisiones y lleve su trabajo de elevaci\u00f3n al siguiente nivel.<\/p>\n<p data-start=\"2180\" data-end=\"2234\">Vea nuestra gama completa de<strong> <a class=\"\" href=\"https:\/\/vermeer-rental.nl\/es\/categoria\/minigruas-grua-compacta-grua-pequena\/\" rel=\"noopener\" data-start=\"2527\" data-end=\"2551\">minigr\u00faas aqu\u00ed<\/a> <\/strong>y descubra qu\u00e9 soluci\u00f3n se adapta mejor a su proyecto.<\/p>","protected":false},"excerpt":{"rendered":"<p><strong>El potente todoterreno<\/strong><\/p>\n<p>La minigr\u00faa Hoeflon C30E es nuestra potencia absoluta: esta gr\u00faa compacta levanta hasta 9 toneladas. Y eso mientras su propio peso es inferior a 9 toneladas. Por cierto, esos kilos no se notan en ella: incluso este centro neur\u00e1lgico es lo suficientemente delgado como para pasar por espacios compactos<\/p>\n<form action=\"https:\/\/vermeer-rental.nl\/wp-content\/uploads\/2024\/08\/Hoeflon_C30E-NL.pdf\" data-trp-original-action=\"https:\/\/vermeer-rental.nl\/wp-content\/uploads\/2024\/08\/Hoeflon_C30E-NL.pdf\"><button class=\"pdf-button\" type=\"submit\">Datos t\u00e9cnicos<\/button><input type=\"hidden\" name=\"trp-form-language\" value=\"es\"\/><\/form>","protected":false},"featured_media":2230,"comment_status":"closed","ping_status":"closed","template":"","meta":{"om_disable_all_campaigns":false,"_monsterinsights_skip_tracking":false,"_monsterinsights_sitenote_active":false,"_monsterinsights_sitenote_note":"","_monsterinsights_sitenote_category":0},"product_brand":[],"product_cat":[403],"product_tag":[],"class_list":{"0":"post-2165","1":"product","2":"type-product","3":"status-publish","4":"has-post-thumbnail","6":"product_cat-minihijskranen-compacte-hijskraan-kleine-hijskraan","8":"first","9":"instock","10":"shipping-taxable","11":"purchasable","12":"product-type-simple"},"yoast_head":"<!-- This site is optimized with the Yoast SEO Premium plugin v23.3 (Yoast SEO v27.2) - https:\/\/yoast.com\/product\/yoast-seo-premium-wordpress\/ -->\n<title>Hoeflon C30E Minihijskraan - Vermeer Rental &amp; Services<\/title>\n<meta name=\"description\" content=\"De Hoeflon C30E minihijskraan is onze absolute krachtpatser: deze minihijskraan tilt tot 9 ton. En dat terwijl zijn eigen gewicht nog geen 9 ton bedraagt.\" \/>\n<meta name=\"robots\" content=\"index, follow, max-snippet:-1, max-image-preview:large, max-video-preview:-1\" \/>\n<link rel=\"canonical\" href=\"https:\/\/vermeer-rental.nl\/es\/producto\/minigrua-hoeflon-c30e\/\" \/>\n<meta property=\"og:locale\" content=\"es_ES\" \/>\n<meta property=\"og:type\" content=\"article\" \/>\n<meta property=\"og:title\" content=\"Hoeflon C30E Minihijskraan\" \/>\n<meta property=\"og:description\" content=\"De Hoeflon C30E minikraan is onze absolute krachtpatser: deze compactkraan tilt tot 9 ton. En dat terwijl zijn eigen gewicht nog geen 9 ton bedraagt.\" \/>\n<meta property=\"og:url\" content=\"https:\/\/vermeer-rental.nl\/es\/producto\/minigrua-hoeflon-c30e\/\" \/>\n<meta property=\"og:site_name\" content=\"Vermeer Rental &amp; Services\" \/>\n<meta property=\"article:publisher\" content=\"https:\/\/www.facebook.com\/gebrvermeerindustrialmovements\" \/>\n<meta property=\"article:modified_time\" content=\"2025-06-23T22:05:23+00:00\" \/>\n<meta property=\"og:image\" content=\"https:\/\/vermeer-rental.nl\/wp-content\/uploads\/2024\/08\/MM-Hoeflon-C30-1024x614.png\" \/>\n\t<meta property=\"og:image:width\" content=\"1024\" \/>\n\t<meta property=\"og:image:height\" content=\"614\" \/>\n\t<meta property=\"og:image:type\" content=\"image\/png\" \/>\n<meta name=\"twitter:card\" content=\"summary_large_image\" \/>\n<meta name=\"twitter:label1\" content=\"Tiempo de lectura\" \/>\n\t<meta name=\"twitter:data1\" content=\"2 minutos\" \/>\n<script type=\"application\/ld+json\" class=\"yoast-schema-graph\">{\"@context\":\"https:\/\/schema.org\",\"@graph\":[{\"@type\":\"WebPage\",\"@id\":\"https:\/\/vermeer-rental.nl\/product\/hoeflon-c30e-minihijskraan\/\",\"url\":\"https:\/\/vermeer-rental.nl\/product\/hoeflon-c30e-minihijskraan\/\",\"name\":\"Hoeflon C30E Minihijskraan - Vermeer Rental &amp; Services\",\"isPartOf\":{\"@id\":\"https:\/\/vermeer-rental.nl\/#website\"},\"primaryImageOfPage\":{\"@id\":\"https:\/\/vermeer-rental.nl\/product\/hoeflon-c30e-minihijskraan\/#primaryimage\"},\"image\":{\"@id\":\"https:\/\/vermeer-rental.nl\/product\/hoeflon-c30e-minihijskraan\/#primaryimage\"},\"thumbnailUrl\":\"https:\/\/vermeer-rental.nl\/wp-content\/uploads\/2024\/08\/2.png\",\"datePublished\":\"2024-08-29T19:25:20+00:00\",\"dateModified\":\"2025-06-23T22:05:23+00:00\",\"description\":\"De Hoeflon C30E minihijskraan is onze absolute krachtpatser: deze minihijskraan tilt tot 9 ton. En dat terwijl zijn eigen gewicht nog geen 9 ton bedraagt.\",\"breadcrumb\":{\"@id\":\"https:\/\/vermeer-rental.nl\/product\/hoeflon-c30e-minihijskraan\/#breadcrumb\"},\"inLanguage\":\"es\",\"potentialAction\":[{\"@type\":\"ReadAction\",\"target\":[\"https:\/\/vermeer-rental.nl\/product\/hoeflon-c30e-minihijskraan\/\"]}]},{\"@type\":\"ImageObject\",\"inLanguage\":\"es\",\"@id\":\"https:\/\/vermeer-rental.nl\/product\/hoeflon-c30e-minihijskraan\/#primaryimage\",\"url\":\"https:\/\/vermeer-rental.nl\/wp-content\/uploads\/2024\/08\/2.png\",\"contentUrl\":\"https:\/\/vermeer-rental.nl\/wp-content\/uploads\/2024\/08\/2.png\",\"width\":2025,\"height\":2025,\"caption\":\"De krachtige en compacte Hoeflon C30E is ideaal voor hijswerk in krappe ruimtes.\"},{\"@type\":\"BreadcrumbList\",\"@id\":\"https:\/\/vermeer-rental.nl\/product\/hoeflon-c30e-minihijskraan\/#breadcrumb\",\"itemListElement\":[{\"@type\":\"ListItem\",\"position\":1,\"name\":\"Home\",\"item\":\"https:\/\/vermeer-rental.nl\/\"},{\"@type\":\"ListItem\",\"position\":2,\"name\":\"Diensten\",\"item\":\"https:\/\/vermeer-rental.nl\/diensten\/\"},{\"@type\":\"ListItem\",\"position\":3,\"name\":\"Hoeflon C30E Minihijskraan\"}]},{\"@type\":\"WebSite\",\"@id\":\"https:\/\/vermeer-rental.nl\/#website\",\"url\":\"https:\/\/vermeer-rental.nl\/\",\"name\":\"Vermeer Rental & Services\",\"description\":\"Staat voor u klaar!\",\"publisher\":{\"@id\":\"https:\/\/vermeer-rental.nl\/#organization\"},\"potentialAction\":[{\"@type\":\"SearchAction\",\"target\":{\"@type\":\"EntryPoint\",\"urlTemplate\":\"https:\/\/vermeer-rental.nl\/?s={search_term_string}\"},\"query-input\":{\"@type\":\"PropertyValueSpecification\",\"valueRequired\":true,\"valueName\":\"search_term_string\"}}],\"inLanguage\":\"es\"},{\"@type\":\"Organization\",\"@id\":\"https:\/\/vermeer-rental.nl\/#organization\",\"name\":\"Vermeer Rental & Services\",\"url\":\"https:\/\/vermeer-rental.nl\/\",\"logo\":{\"@type\":\"ImageObject\",\"inLanguage\":\"es\",\"@id\":\"https:\/\/vermeer-rental.nl\/#\/schema\/logo\/image\/\",\"url\":\"https:\/\/vermeer-rental.nl\/wp-content\/uploads\/2023\/02\/Logo-Vermeer-Rental-RGB.png\",\"contentUrl\":\"https:\/\/vermeer-rental.nl\/wp-content\/uploads\/2023\/02\/Logo-Vermeer-Rental-RGB.png\",\"width\":800,\"height\":210,\"caption\":\"Vermeer Rental & Services\"},\"image\":{\"@id\":\"https:\/\/vermeer-rental.nl\/#\/schema\/logo\/image\/\"},\"sameAs\":[\"https:\/\/www.facebook.com\/gebrvermeerindustrialmovements\",\"https:\/\/www.linkedin.com\/company\/gebr-vermeer-transport\/\",\"https:\/\/www.instagram.com\/gebrvermeer\/\"]}]}<\/script>\n<!-- \/ Yoast SEO Premium plugin. -->","yoast_head_json":{"title":"Minigr\u00faa de elevaci\u00f3n Hoeflon C30E - Vermeer Rental &amp; Services","description":"La minigr\u00faa Hoeflon C30E es nuestra potencia absoluta: esta minigr\u00faa levanta hasta 9 toneladas. Y eso mientras su propio peso es inferior a 9 toneladas.","robots":{"index":"index","follow":"follow","max-snippet":"max-snippet:-1","max-image-preview":"max-image-preview:large","max-video-preview":"max-video-preview:-1"},"canonical":"https:\/\/vermeer-rental.nl\/es\/producto\/minigrua-hoeflon-c30e\/","og_locale":"es_ES","og_type":"article","og_title":"Hoeflon C30E Minihijskraan","og_description":"De Hoeflon C30E minikraan is onze absolute krachtpatser: deze compactkraan tilt tot 9 ton. En dat terwijl zijn eigen gewicht nog geen 9 ton bedraagt.","og_url":"https:\/\/vermeer-rental.nl\/es\/producto\/minigrua-hoeflon-c30e\/","og_site_name":"Vermeer Rental &amp; Services","article_publisher":"https:\/\/www.facebook.com\/gebrvermeerindustrialmovements","article_modified_time":"2025-06-23T22:05:23+00:00","og_image":[{"width":1024,"height":614,"url":"https:\/\/vermeer-rental.nl\/wp-content\/uploads\/2024\/08\/MM-Hoeflon-C30-1024x614.png","type":"image\/png"}],"twitter_card":"summary_large_image","twitter_misc":{"Tiempo de lectura":"2 minutos"},"schema":{"@context":"https:\/\/schema.org","@graph":[{"@type":"WebPage","@id":"https:\/\/vermeer-rental.nl\/product\/hoeflon-c30e-minihijskraan\/","url":"https:\/\/vermeer-rental.nl\/product\/hoeflon-c30e-minihijskraan\/","name":"Minigr\u00faa de elevaci\u00f3n Hoeflon C30E - Vermeer Rental &amp; Services","isPartOf":{"@id":"https:\/\/vermeer-rental.nl\/#website"},"primaryImageOfPage":{"@id":"https:\/\/vermeer-rental.nl\/product\/hoeflon-c30e-minihijskraan\/#primaryimage"},"image":{"@id":"https:\/\/vermeer-rental.nl\/product\/hoeflon-c30e-minihijskraan\/#primaryimage"},"thumbnailUrl":"https:\/\/vermeer-rental.nl\/wp-content\/uploads\/2024\/08\/2.png","datePublished":"2024-08-29T19:25:20+00:00","dateModified":"2025-06-23T22:05:23+00:00","description":"La minigr\u00faa Hoeflon C30E es nuestra potencia absoluta: esta minigr\u00faa levanta hasta 9 toneladas. Y eso mientras su propio peso es inferior a 9 toneladas.","breadcrumb":{"@id":"https:\/\/vermeer-rental.nl\/product\/hoeflon-c30e-minihijskraan\/#breadcrumb"},"inLanguage":"es","potentialAction":[{"@type":"ReadAction","target":["https:\/\/vermeer-rental.nl\/product\/hoeflon-c30e-minihijskraan\/"]}]},{"@type":"ImageObject","inLanguage":"es","@id":"https:\/\/vermeer-rental.nl\/product\/hoeflon-c30e-minihijskraan\/#primaryimage","url":"https:\/\/vermeer-rental.nl\/wp-content\/uploads\/2024\/08\/2.png","contentUrl":"https:\/\/vermeer-rental.nl\/wp-content\/uploads\/2024\/08\/2.png","width":2025,"height":2025,"caption":"De krachtige en compacte Hoeflon C30E is ideaal voor hijswerk in krappe ruimtes."},{"@type":"BreadcrumbList","@id":"https:\/\/vermeer-rental.nl\/product\/hoeflon-c30e-minihijskraan\/#breadcrumb","itemListElement":[{"@type":"ListItem","position":1,"name":"Home","item":"https:\/\/vermeer-rental.nl\/"},{"@type":"ListItem","position":2,"name":"Diensten","item":"https:\/\/vermeer-rental.nl\/diensten\/"},{"@type":"ListItem","position":3,"name":"Hoeflon C30E Minihijskraan"}]},{"@type":"WebSite","@id":"https:\/\/vermeer-rental.nl\/#website","url":"https:\/\/vermeer-rental.nl\/","name":"Vermeer Alquiler y Servicios","description":"\u00a1Preparados!","publisher":{"@id":"https:\/\/vermeer-rental.nl\/#organization"},"potentialAction":[{"@type":"SearchAction","target":{"@type":"EntryPoint","urlTemplate":"https:\/\/vermeer-rental.nl\/?s={search_term_string}"},"query-input":{"@type":"PropertyValueSpecification","valueRequired":true,"valueName":"search_term_string"}}],"inLanguage":"es"},{"@type":"Organization","@id":"https:\/\/vermeer-rental.nl\/#organization","name":"Vermeer Alquiler y Servicios","url":"https:\/\/vermeer-rental.nl\/","logo":{"@type":"ImageObject","inLanguage":"es","@id":"https:\/\/vermeer-rental.nl\/#\/schema\/logo\/image\/","url":"https:\/\/vermeer-rental.nl\/wp-content\/uploads\/2023\/02\/Logo-Vermeer-Rental-RGB.png","contentUrl":"https:\/\/vermeer-rental.nl\/wp-content\/uploads\/2023\/02\/Logo-Vermeer-Rental-RGB.png","width":800,"height":210,"caption":"Vermeer Rental & Services"},"image":{"@id":"https:\/\/vermeer-rental.nl\/#\/schema\/logo\/image\/"},"sameAs":["https:\/\/www.facebook.com\/gebrvermeerindustrialmovements","https:\/\/www.linkedin.com\/company\/gebr-vermeer-transport\/","https:\/\/www.instagram.com\/gebrvermeer\/"]}]}},"_links":{"self":[{"href":"https:\/\/vermeer-rental.nl\/es\/wp-json\/wp\/v2\/product\/2165","targetHints":{"allow":["GET"]}}],"collection":[{"href":"https:\/\/vermeer-rental.nl\/es\/wp-json\/wp\/v2\/product"}],"about":[{"href":"https:\/\/vermeer-rental.nl\/es\/wp-json\/wp\/v2\/types\/product"}],"replies":[{"embeddable":true,"href":"https:\/\/vermeer-rental.nl\/es\/wp-json\/wp\/v2\/comments?post=2165"}],"wp:featuredmedia":[{"embeddable":true,"href":"https:\/\/vermeer-rental.nl\/es\/wp-json\/wp\/v2\/media\/2230"}],"wp:attachment":[{"href":"https:\/\/vermeer-rental.nl\/es\/wp-json\/wp\/v2\/media?parent=2165"}],"wp:term":[{"taxonomy":"product_brand","embeddable":true,"href":"https:\/\/vermeer-rental.nl\/es\/wp-json\/wp\/v2\/product_brand?post=2165"},{"taxonomy":"product_cat","embeddable":true,"href":"https:\/\/vermeer-rental.nl\/es\/wp-json\/wp\/v2\/product_cat?post=2165"},{"taxonomy":"product_tag","embeddable":true,"href":"https:\/\/vermeer-rental.nl\/es\/wp-json\/wp\/v2\/product_tag?post=2165"}],"curies":[{"name":"wp","href":"https:\/\/api.w.org\/{rel}","templated":true}]}}