{"id":2158,"date":"2024-08-29T20:32:24","date_gmt":"2024-08-29T18:32:24","guid":{"rendered":"https:\/\/vermeer-rental.nl\/?post_type=product&#038;p=2158"},"modified":"2024-12-03T11:13:27","modified_gmt":"2024-12-03T10:13:27","slug":"minigrua-hoeflon-c6e","status":"publish","type":"product","link":"https:\/\/vermeer-rental.nl\/es\/product\/minihijskraan-hoeflon-c6e\/","title":{"rendered":"Minigr\u00faa Hoeflon C6E"},"content":{"rendered":"<p><strong>Minigr\u00faa totalmente el\u00e9ctrica: la Hoeflon C6E<br \/>\n<\/strong><\/p>\n<p>La Hoeflon C6E es nuestra minigr\u00faa m\u00e1s compacta pero extremadamente potente. Esto la hace extremadamente adecuada para realizar trabajos pesados en los espacios m\u00e1s reducidos. Esta minigr\u00faa puede incluso levantar m\u00e1s que su propio peso.<\/p>\n<p>Las principales ventajas del Hoeflon C6E de un vistazo:<\/p>\n<ul>\n<li><strong>Totalmente el\u00e9ctrico:<\/strong> La Hoeflon C6E es 100% el\u00e9ctrica, lo que garantiza un funcionamiento respetuoso con el medio ambiente, silencioso y eficiente.<\/li>\n<li><strong>Altura de elevaci\u00f3n impresionante:<\/strong> La Hoeflon C6E tiene una altura m\u00e1xima de elevaci\u00f3n de hasta 17 metros, y sin plum\u00edn alcanza una altura de 11,5 metros.<\/li>\n<li><strong>Oruga respetuosa con el suelo:<\/strong> La minigr\u00faa se desplaza sin esfuerzo por superficies irregulares y rugosas gracias a sus orugas, que adem\u00e1s no dejan marcas ni da\u00f1an los suelos acabados, lo que resulta ideal para la elevaci\u00f3n en interiores.<\/li>\n<li><b>Agilidad y precisi\u00f3n: <\/b>Para un control y una precisi\u00f3n \u00f3ptimos, la minigr\u00faa est\u00e1 equipada con dos engranajes.<\/li>\n<li><strong>Mando a distancia por radio: <\/strong>El control remoto con pantalla integrada permite supervisar continuamente el estado de la gr\u00faa para un funcionamiento seguro y eficaz.<\/li>\n<li><strong>Cabe por todas las puertas:<\/strong> Gracias a su dise\u00f1o compacto, el Hoeflon C6E puede entrar incluso por la puerta principal de su casa.<\/li>\n<\/ul>\n<p>La Hoeflon C6E es la soluci\u00f3n para una elevaci\u00f3n potente, eficaz y precisa en espacios extremadamente reducidos.<\/p>","protected":false},"excerpt":{"rendered":"<p><strong>Un todoterreno \u00fanico<\/strong><\/p>\n<p>La minigr\u00faa C6e es la todoterreno entre las gr\u00faas compactas de Hoeflon. Este modelo tiene una gran capacidad de elevaci\u00f3n de hasta 3.000 kg y una altura m\u00e1xima de elevaci\u00f3n de 16 metros. Opcionalmente est\u00e1 disponible un plum\u00edn Fly Jib de 4,3 metros. Los estabilizadores giratorios garantizan que la gr\u00faa est\u00e9 siempre en una posici\u00f3n estable \u00f3ptima. Esta gr\u00faa puede levantar m\u00e1s que su propio peso, por lo que es \u00fanica en su clase.<\/p>\n<form action=\"https:\/\/vermeer-rental.nl\/wp-content\/uploads\/2024\/08\/Brochure-C6e-NL.pdf-1.pdf\" data-trp-original-action=\"https:\/\/vermeer-rental.nl\/wp-content\/uploads\/2024\/08\/Brochure-C6e-NL.pdf-1.pdf\"><button class=\"pdf-button\" type=\"submit\">Datos t\u00e9cnicos<\/button><input type=\"hidden\" name=\"trp-form-language\" value=\"es\"\/><\/form>","protected":false},"featured_media":2233,"comment_status":"closed","ping_status":"closed","template":"","meta":{"om_disable_all_campaigns":false,"_monsterinsights_skip_tracking":false,"_monsterinsights_sitenote_active":false,"_monsterinsights_sitenote_note":"","_monsterinsights_sitenote_category":0},"product_brand":[],"product_cat":[403],"product_tag":[],"class_list":{"0":"post-2158","1":"product","2":"type-product","3":"status-publish","4":"has-post-thumbnail","6":"product_cat-minihijskranen-compacte-hijskraan-kleine-hijskraan","8":"first","9":"instock","10":"shipping-taxable","11":"purchasable","12":"product-type-simple"},"yoast_head":"<!-- This site is optimized with the Yoast SEO Premium plugin v23.3 (Yoast SEO v27.2) - https:\/\/yoast.com\/product\/yoast-seo-premium-wordpress\/ -->\n<title>Hoeflon C6E Minihijskraan - Vermeer Rental &amp; Services<\/title>\n<meta name=\"description\" content=\"De Hoeflon C6E minihijskraan werkt volledig elektrisch, tot wel 8 uur op een acculading! Informeer naar de mogelijkheden of kijk naar onze alternatieven.\" \/>\n<meta name=\"robots\" content=\"index, follow, max-snippet:-1, max-image-preview:large, max-video-preview:-1\" \/>\n<link rel=\"canonical\" href=\"https:\/\/vermeer-rental.nl\/es\/producto\/minigrua-hoeflon-c6e\/\" \/>\n<meta property=\"og:locale\" content=\"es_ES\" \/>\n<meta property=\"og:type\" content=\"article\" \/>\n<meta property=\"og:title\" content=\"Hoeflon C6E Minihijskraan\" \/>\n<meta property=\"og:description\" content=\"De Hoeflon C6E minihijskraan werkt volledig elektrisch, tot wel 8 uur op een acculading! Informeer naar de mogelijkheden of kijk naar onze alternatieven.\" \/>\n<meta property=\"og:url\" content=\"https:\/\/vermeer-rental.nl\/es\/producto\/minigrua-hoeflon-c6e\/\" \/>\n<meta property=\"og:site_name\" content=\"Vermeer Rental &amp; Services\" \/>\n<meta property=\"article:publisher\" content=\"https:\/\/www.facebook.com\/gebrvermeerindustrialmovements\" \/>\n<meta property=\"article:modified_time\" content=\"2024-12-03T10:13:27+00:00\" \/>\n<meta property=\"og:image\" content=\"https:\/\/vermeer-rental.nl\/wp-content\/uploads\/2024\/08\/3-1024x1024.png\" \/>\n\t<meta property=\"og:image:width\" content=\"1024\" \/>\n\t<meta property=\"og:image:height\" content=\"1024\" \/>\n\t<meta property=\"og:image:type\" content=\"image\/png\" \/>\n<meta name=\"twitter:card\" content=\"summary_large_image\" \/>\n<meta name=\"twitter:label1\" content=\"Tiempo de lectura\" \/>\n\t<meta name=\"twitter:data1\" content=\"2 minutos\" \/>\n<script type=\"application\/ld+json\" class=\"yoast-schema-graph\">{\"@context\":\"https:\/\/schema.org\",\"@graph\":[{\"@type\":\"WebPage\",\"@id\":\"https:\/\/vermeer-rental.nl\/product\/minihijskraan-hoeflon-c6e\/\",\"url\":\"https:\/\/vermeer-rental.nl\/product\/minihijskraan-hoeflon-c6e\/\",\"name\":\"Hoeflon C6E Minihijskraan - Vermeer Rental &amp; Services\",\"isPartOf\":{\"@id\":\"https:\/\/vermeer-rental.nl\/#website\"},\"primaryImageOfPage\":{\"@id\":\"https:\/\/vermeer-rental.nl\/product\/minihijskraan-hoeflon-c6e\/#primaryimage\"},\"image\":{\"@id\":\"https:\/\/vermeer-rental.nl\/product\/minihijskraan-hoeflon-c6e\/#primaryimage\"},\"thumbnailUrl\":\"https:\/\/vermeer-rental.nl\/wp-content\/uploads\/2024\/08\/3.png\",\"datePublished\":\"2024-08-29T18:32:24+00:00\",\"dateModified\":\"2024-12-03T10:13:27+00:00\",\"description\":\"De Hoeflon C6E minihijskraan werkt volledig elektrisch, tot wel 8 uur op een acculading! Informeer naar de mogelijkheden of kijk naar onze alternatieven.\",\"breadcrumb\":{\"@id\":\"https:\/\/vermeer-rental.nl\/product\/minihijskraan-hoeflon-c6e\/#breadcrumb\"},\"inLanguage\":\"es\",\"potentialAction\":[{\"@type\":\"ReadAction\",\"target\":[\"https:\/\/vermeer-rental.nl\/product\/minihijskraan-hoeflon-c6e\/\"]}]},{\"@type\":\"ImageObject\",\"inLanguage\":\"es\",\"@id\":\"https:\/\/vermeer-rental.nl\/product\/minihijskraan-hoeflon-c6e\/#primaryimage\",\"url\":\"https:\/\/vermeer-rental.nl\/wp-content\/uploads\/2024\/08\/3.png\",\"contentUrl\":\"https:\/\/vermeer-rental.nl\/wp-content\/uploads\/2024\/08\/3.png\",\"width\":2025,\"height\":2025,\"caption\":\"Hoeflon C6E -Minihijskraan\"},{\"@type\":\"BreadcrumbList\",\"@id\":\"https:\/\/vermeer-rental.nl\/product\/minihijskraan-hoeflon-c6e\/#breadcrumb\",\"itemListElement\":[{\"@type\":\"ListItem\",\"position\":1,\"name\":\"Home\",\"item\":\"https:\/\/vermeer-rental.nl\/\"},{\"@type\":\"ListItem\",\"position\":2,\"name\":\"Diensten\",\"item\":\"https:\/\/vermeer-rental.nl\/diensten\/\"},{\"@type\":\"ListItem\",\"position\":3,\"name\":\"Hoeflon C6E Minihijskraan\"}]},{\"@type\":\"WebSite\",\"@id\":\"https:\/\/vermeer-rental.nl\/#website\",\"url\":\"https:\/\/vermeer-rental.nl\/\",\"name\":\"Vermeer Rental & Services\",\"description\":\"Staat voor u klaar!\",\"publisher\":{\"@id\":\"https:\/\/vermeer-rental.nl\/#organization\"},\"potentialAction\":[{\"@type\":\"SearchAction\",\"target\":{\"@type\":\"EntryPoint\",\"urlTemplate\":\"https:\/\/vermeer-rental.nl\/?s={search_term_string}\"},\"query-input\":{\"@type\":\"PropertyValueSpecification\",\"valueRequired\":true,\"valueName\":\"search_term_string\"}}],\"inLanguage\":\"es\"},{\"@type\":\"Organization\",\"@id\":\"https:\/\/vermeer-rental.nl\/#organization\",\"name\":\"Vermeer Rental & Services\",\"url\":\"https:\/\/vermeer-rental.nl\/\",\"logo\":{\"@type\":\"ImageObject\",\"inLanguage\":\"es\",\"@id\":\"https:\/\/vermeer-rental.nl\/#\/schema\/logo\/image\/\",\"url\":\"https:\/\/vermeer-rental.nl\/wp-content\/uploads\/2023\/02\/Logo-Vermeer-Rental-RGB.png\",\"contentUrl\":\"https:\/\/vermeer-rental.nl\/wp-content\/uploads\/2023\/02\/Logo-Vermeer-Rental-RGB.png\",\"width\":800,\"height\":210,\"caption\":\"Vermeer Rental & Services\"},\"image\":{\"@id\":\"https:\/\/vermeer-rental.nl\/#\/schema\/logo\/image\/\"},\"sameAs\":[\"https:\/\/www.facebook.com\/gebrvermeerindustrialmovements\",\"https:\/\/www.linkedin.com\/company\/gebr-vermeer-transport\/\",\"https:\/\/www.instagram.com\/gebrvermeer\/\"]}]}<\/script>\n<!-- \/ Yoast SEO Premium plugin. -->","yoast_head_json":{"title":"Minigr\u00faa Hoeflon C6E - Vermeer Rental &amp; Services","description":"La minigr\u00faa Hoeflon C6E funciona de forma totalmente el\u00e9ctrica, \u00a1hasta 8 horas con una carga de bater\u00eda! Pregunte por las posibilidades o eche un vistazo a nuestras alternativas.","robots":{"index":"index","follow":"follow","max-snippet":"max-snippet:-1","max-image-preview":"max-image-preview:large","max-video-preview":"max-video-preview:-1"},"canonical":"https:\/\/vermeer-rental.nl\/es\/producto\/minigrua-hoeflon-c6e\/","og_locale":"es_ES","og_type":"article","og_title":"Hoeflon C6E Minihijskraan","og_description":"De Hoeflon C6E minihijskraan werkt volledig elektrisch, tot wel 8 uur op een acculading! Informeer naar de mogelijkheden of kijk naar onze alternatieven.","og_url":"https:\/\/vermeer-rental.nl\/es\/producto\/minigrua-hoeflon-c6e\/","og_site_name":"Vermeer Rental &amp; Services","article_publisher":"https:\/\/www.facebook.com\/gebrvermeerindustrialmovements","article_modified_time":"2024-12-03T10:13:27+00:00","og_image":[{"width":1024,"height":1024,"url":"https:\/\/vermeer-rental.nl\/wp-content\/uploads\/2024\/08\/3-1024x1024.png","type":"image\/png"}],"twitter_card":"summary_large_image","twitter_misc":{"Tiempo de lectura":"2 minutos"},"schema":{"@context":"https:\/\/schema.org","@graph":[{"@type":"WebPage","@id":"https:\/\/vermeer-rental.nl\/product\/minihijskraan-hoeflon-c6e\/","url":"https:\/\/vermeer-rental.nl\/product\/minihijskraan-hoeflon-c6e\/","name":"Minigr\u00faa Hoeflon C6E - Vermeer Rental &amp; Services","isPartOf":{"@id":"https:\/\/vermeer-rental.nl\/#website"},"primaryImageOfPage":{"@id":"https:\/\/vermeer-rental.nl\/product\/minihijskraan-hoeflon-c6e\/#primaryimage"},"image":{"@id":"https:\/\/vermeer-rental.nl\/product\/minihijskraan-hoeflon-c6e\/#primaryimage"},"thumbnailUrl":"https:\/\/vermeer-rental.nl\/wp-content\/uploads\/2024\/08\/3.png","datePublished":"2024-08-29T18:32:24+00:00","dateModified":"2024-12-03T10:13:27+00:00","description":"La minigr\u00faa Hoeflon C6E funciona de forma totalmente el\u00e9ctrica, \u00a1hasta 8 horas con una carga de bater\u00eda! Pregunte por las posibilidades o eche un vistazo a nuestras alternativas.","breadcrumb":{"@id":"https:\/\/vermeer-rental.nl\/product\/minihijskraan-hoeflon-c6e\/#breadcrumb"},"inLanguage":"es","potentialAction":[{"@type":"ReadAction","target":["https:\/\/vermeer-rental.nl\/product\/minihijskraan-hoeflon-c6e\/"]}]},{"@type":"ImageObject","inLanguage":"es","@id":"https:\/\/vermeer-rental.nl\/product\/minihijskraan-hoeflon-c6e\/#primaryimage","url":"https:\/\/vermeer-rental.nl\/wp-content\/uploads\/2024\/08\/3.png","contentUrl":"https:\/\/vermeer-rental.nl\/wp-content\/uploads\/2024\/08\/3.png","width":2025,"height":2025,"caption":"Hoeflon C6E -Minihijskraan"},{"@type":"BreadcrumbList","@id":"https:\/\/vermeer-rental.nl\/product\/minihijskraan-hoeflon-c6e\/#breadcrumb","itemListElement":[{"@type":"ListItem","position":1,"name":"Home","item":"https:\/\/vermeer-rental.nl\/"},{"@type":"ListItem","position":2,"name":"Diensten","item":"https:\/\/vermeer-rental.nl\/diensten\/"},{"@type":"ListItem","position":3,"name":"Hoeflon C6E Minihijskraan"}]},{"@type":"WebSite","@id":"https:\/\/vermeer-rental.nl\/#website","url":"https:\/\/vermeer-rental.nl\/","name":"Vermeer Alquiler y Servicios","description":"\u00a1Preparados!","publisher":{"@id":"https:\/\/vermeer-rental.nl\/#organization"},"potentialAction":[{"@type":"SearchAction","target":{"@type":"EntryPoint","urlTemplate":"https:\/\/vermeer-rental.nl\/?s={search_term_string}"},"query-input":{"@type":"PropertyValueSpecification","valueRequired":true,"valueName":"search_term_string"}}],"inLanguage":"es"},{"@type":"Organization","@id":"https:\/\/vermeer-rental.nl\/#organization","name":"Vermeer Alquiler y Servicios","url":"https:\/\/vermeer-rental.nl\/","logo":{"@type":"ImageObject","inLanguage":"es","@id":"https:\/\/vermeer-rental.nl\/#\/schema\/logo\/image\/","url":"https:\/\/vermeer-rental.nl\/wp-content\/uploads\/2023\/02\/Logo-Vermeer-Rental-RGB.png","contentUrl":"https:\/\/vermeer-rental.nl\/wp-content\/uploads\/2023\/02\/Logo-Vermeer-Rental-RGB.png","width":800,"height":210,"caption":"Vermeer Rental & Services"},"image":{"@id":"https:\/\/vermeer-rental.nl\/#\/schema\/logo\/image\/"},"sameAs":["https:\/\/www.facebook.com\/gebrvermeerindustrialmovements","https:\/\/www.linkedin.com\/company\/gebr-vermeer-transport\/","https:\/\/www.instagram.com\/gebrvermeer\/"]}]}},"_links":{"self":[{"href":"https:\/\/vermeer-rental.nl\/es\/wp-json\/wp\/v2\/product\/2158","targetHints":{"allow":["GET"]}}],"collection":[{"href":"https:\/\/vermeer-rental.nl\/es\/wp-json\/wp\/v2\/product"}],"about":[{"href":"https:\/\/vermeer-rental.nl\/es\/wp-json\/wp\/v2\/types\/product"}],"replies":[{"embeddable":true,"href":"https:\/\/vermeer-rental.nl\/es\/wp-json\/wp\/v2\/comments?post=2158"}],"wp:featuredmedia":[{"embeddable":true,"href":"https:\/\/vermeer-rental.nl\/es\/wp-json\/wp\/v2\/media\/2233"}],"wp:attachment":[{"href":"https:\/\/vermeer-rental.nl\/es\/wp-json\/wp\/v2\/media?parent=2158"}],"wp:term":[{"taxonomy":"product_brand","embeddable":true,"href":"https:\/\/vermeer-rental.nl\/es\/wp-json\/wp\/v2\/product_brand?post=2158"},{"taxonomy":"product_cat","embeddable":true,"href":"https:\/\/vermeer-rental.nl\/es\/wp-json\/wp\/v2\/product_cat?post=2158"},{"taxonomy":"product_tag","embeddable":true,"href":"https:\/\/vermeer-rental.nl\/es\/wp-json\/wp\/v2\/product_tag?post=2158"}],"curies":[{"name":"wp","href":"https:\/\/api.w.org\/{rel}","templated":true}]}}