{"id":1687,"date":"2023-09-11T18:36:27","date_gmt":"2023-09-11T16:36:27","guid":{"rendered":"https:\/\/vermeer-rental.nl\/?post_type=product&#038;p=1687"},"modified":"2024-10-17T21:08:00","modified_gmt":"2024-10-17T19:08:00","slug":"pesos-de-prueba-3-toneladas","status":"publish","type":"product","link":"https:\/\/vermeer-rental.nl\/es\/product\/testgewichten-3-ton\/","title":{"rendered":"Peso de prueba 3T"},"content":{"rendered":"<p>Manipulaci\u00f3n:<\/p>\n<p>Para la manipulaci\u00f3n in situ de los pesos de prueba, disponemos de<\/p>\n<p>carretillas y carretillas elevadoras (el\u00e9ctricas) para bombas, carretillas elevadoras todoterreno y gr\u00faas sobre cami\u00f3n. Tambi\u00e9n<\/p>\n<p>ponemos a su disposici\u00f3n plataformas a\u00e9reas para trabajar en v\u00edas de gr\u00faa.<\/p>\n<p>Nuestro personal (conductores) posee los siguientes certificados: VCA, carretilla elevadora, plataforma a\u00e9rea de trabajo<\/p>\n<p>y certificado de puente gr\u00faa y puede ayudar a su departamento t\u00e9cnico con la manipulaci\u00f3n in situ de los pesos de prueba<\/p>","protected":false},"excerpt":{"rendered":"<p>Alquiler de pesas de prueba calibradas de 10 kg a 5000 kg. Nuestras pesas de prueba cuentan con la certificaci\u00f3n ISO 17025 dentro de la clase M1. Las pesas de prueba a partir de 200 kg son apilables y est\u00e1n equipadas con argollas de elevaci\u00f3n. Tambi\u00e9n nos encargamos del transporte de las pesas de control. Para ello disponemos de una amplia flota que abarca desde combos, furgonetas de reparto y camiones caja con plataforma trasera hasta tractores con remolque o semirremolques.<\/p>\n<p>&nbsp;<\/p>\n<form action=\"https:\/\/vermeer-rental.nl\/wp-content\/uploads\/2024\/10\/Test-Gewicht-3T.pdf\" method=\"get\" target=\"_blank\" data-trp-original-action=\"https:\/\/vermeer-rental.nl\/wp-content\/uploads\/2024\/10\/Test-Gewicht-3T.pdf\"><button class=\"pdf-button\" type=\"submit\">Datos t\u00e9cnicos<\/button><input type=\"hidden\" name=\"trp-form-language\" value=\"es\"\/><\/form>","protected":false},"featured_media":1764,"comment_status":"closed","ping_status":"closed","template":"","meta":{"om_disable_all_campaigns":false,"_monsterinsights_skip_tracking":false,"_monsterinsights_sitenote_active":false,"_monsterinsights_sitenote_note":"","_monsterinsights_sitenote_category":0},"product_brand":[],"product_cat":[19],"product_tag":[],"class_list":{"0":"post-1687","1":"product","2":"type-product","3":"status-publish","4":"has-post-thumbnail","6":"product_cat-testgewichten","8":"first","9":"instock","10":"shipping-taxable","11":"purchasable","12":"product-type-simple"},"yoast_head":"<!-- This site is optimized with the Yoast SEO Premium plugin v23.3 (Yoast SEO v27.2) - https:\/\/yoast.com\/product\/yoast-seo-premium-wordpress\/ -->\n<title>Testgewichten huren - ISO 17025 gecertificeerd M1-klasse Vermeer Rental &amp; Services<\/title>\n<meta name=\"description\" content=\"Testgewichten huren? ISO 17025-gecertificeerd M1 klasse testgewichten. Bekijk hier al onze testgewichten en aanvullende logistieke diensten.\" \/>\n<meta name=\"robots\" content=\"index, follow, max-snippet:-1, max-image-preview:large, max-video-preview:-1\" \/>\n<link rel=\"canonical\" href=\"https:\/\/vermeer-rental.nl\/es\/producto\/pesos-de-prueba-3-toneladas\/\" \/>\n<meta property=\"og:locale\" content=\"es_ES\" \/>\n<meta property=\"og:type\" content=\"article\" \/>\n<meta property=\"og:title\" content=\"Testgewicht 3T\" \/>\n<meta property=\"og:description\" content=\"Testgewichten huren? ISO 17025-gecertificeerd M1 klasse testgewichten. Bekijk hier al onze testgewichten en aanvullende logistieke diensten.\" \/>\n<meta property=\"og:url\" content=\"https:\/\/vermeer-rental.nl\/es\/producto\/pesos-de-prueba-3-toneladas\/\" \/>\n<meta property=\"og:site_name\" content=\"Vermeer Rental &amp; Services\" \/>\n<meta property=\"article:publisher\" content=\"https:\/\/www.facebook.com\/gebrvermeerindustrialmovements\" \/>\n<meta property=\"article:modified_time\" content=\"2024-10-17T19:08:00+00:00\" \/>\n<meta property=\"og:image\" content=\"https:\/\/vermeer-rental.nl\/wp-content\/uploads\/2023\/09\/Testgewicht-3-ton.jpg\" \/>\n\t<meta property=\"og:image:width\" content=\"590\" \/>\n\t<meta property=\"og:image:height\" content=\"590\" \/>\n\t<meta property=\"og:image:type\" content=\"image\/jpeg\" \/>\n<meta name=\"twitter:card\" content=\"summary_large_image\" \/>\n<meta name=\"twitter:label1\" content=\"Tiempo de lectura\" \/>\n\t<meta name=\"twitter:data1\" content=\"1 minuto\" \/>\n<script type=\"application\/ld+json\" class=\"yoast-schema-graph\">{\"@context\":\"https:\/\/schema.org\",\"@graph\":[{\"@type\":\"WebPage\",\"@id\":\"https:\/\/vermeer-rental.nl\/product\/testgewichten-3-ton\/\",\"url\":\"https:\/\/vermeer-rental.nl\/product\/testgewichten-3-ton\/\",\"name\":\"Testgewichten huren - ISO 17025 gecertificeerd M1-klasse Vermeer Rental &amp; Services\",\"isPartOf\":{\"@id\":\"https:\/\/vermeer-rental.nl\/#website\"},\"primaryImageOfPage\":{\"@id\":\"https:\/\/vermeer-rental.nl\/product\/testgewichten-3-ton\/#primaryimage\"},\"image\":{\"@id\":\"https:\/\/vermeer-rental.nl\/product\/testgewichten-3-ton\/#primaryimage\"},\"thumbnailUrl\":\"https:\/\/vermeer-rental.nl\/wp-content\/uploads\/2023\/09\/Testgewicht-3-ton.jpg\",\"datePublished\":\"2023-09-11T16:36:27+00:00\",\"dateModified\":\"2024-10-17T19:08:00+00:00\",\"description\":\"Testgewichten huren? ISO 17025-gecertificeerd M1 klasse testgewichten. Bekijk hier al onze testgewichten en aanvullende logistieke diensten.\",\"breadcrumb\":{\"@id\":\"https:\/\/vermeer-rental.nl\/product\/testgewichten-3-ton\/#breadcrumb\"},\"inLanguage\":\"es\",\"potentialAction\":[{\"@type\":\"ReadAction\",\"target\":[\"https:\/\/vermeer-rental.nl\/product\/testgewichten-3-ton\/\"]}]},{\"@type\":\"ImageObject\",\"inLanguage\":\"es\",\"@id\":\"https:\/\/vermeer-rental.nl\/product\/testgewichten-3-ton\/#primaryimage\",\"url\":\"https:\/\/vermeer-rental.nl\/wp-content\/uploads\/2023\/09\/Testgewicht-3-ton.jpg\",\"contentUrl\":\"https:\/\/vermeer-rental.nl\/wp-content\/uploads\/2023\/09\/Testgewicht-3-ton.jpg\",\"width\":590,\"height\":590},{\"@type\":\"BreadcrumbList\",\"@id\":\"https:\/\/vermeer-rental.nl\/product\/testgewichten-3-ton\/#breadcrumb\",\"itemListElement\":[{\"@type\":\"ListItem\",\"position\":1,\"name\":\"Home\",\"item\":\"https:\/\/vermeer-rental.nl\/\"},{\"@type\":\"ListItem\",\"position\":2,\"name\":\"Diensten\",\"item\":\"https:\/\/vermeer-rental.nl\/diensten\/\"},{\"@type\":\"ListItem\",\"position\":3,\"name\":\"Testgewicht 3T\"}]},{\"@type\":\"WebSite\",\"@id\":\"https:\/\/vermeer-rental.nl\/#website\",\"url\":\"https:\/\/vermeer-rental.nl\/\",\"name\":\"Vermeer Rental & Services\",\"description\":\"Staat voor u klaar!\",\"publisher\":{\"@id\":\"https:\/\/vermeer-rental.nl\/#organization\"},\"potentialAction\":[{\"@type\":\"SearchAction\",\"target\":{\"@type\":\"EntryPoint\",\"urlTemplate\":\"https:\/\/vermeer-rental.nl\/?s={search_term_string}\"},\"query-input\":{\"@type\":\"PropertyValueSpecification\",\"valueRequired\":true,\"valueName\":\"search_term_string\"}}],\"inLanguage\":\"es\"},{\"@type\":\"Organization\",\"@id\":\"https:\/\/vermeer-rental.nl\/#organization\",\"name\":\"Vermeer Rental & Services\",\"url\":\"https:\/\/vermeer-rental.nl\/\",\"logo\":{\"@type\":\"ImageObject\",\"inLanguage\":\"es\",\"@id\":\"https:\/\/vermeer-rental.nl\/#\/schema\/logo\/image\/\",\"url\":\"https:\/\/vermeer-rental.nl\/wp-content\/uploads\/2023\/02\/Logo-Vermeer-Rental-RGB.png\",\"contentUrl\":\"https:\/\/vermeer-rental.nl\/wp-content\/uploads\/2023\/02\/Logo-Vermeer-Rental-RGB.png\",\"width\":800,\"height\":210,\"caption\":\"Vermeer Rental & Services\"},\"image\":{\"@id\":\"https:\/\/vermeer-rental.nl\/#\/schema\/logo\/image\/\"},\"sameAs\":[\"https:\/\/www.facebook.com\/gebrvermeerindustrialmovements\",\"https:\/\/www.linkedin.com\/company\/gebr-vermeer-transport\/\",\"https:\/\/www.instagram.com\/gebrvermeer\/\"]}]}<\/script>\n<!-- \/ Yoast SEO Premium plugin. -->","yoast_head_json":{"title":"Alquiler de pesas - Clase M1 con certificaci\u00f3n ISO 17025 Vermeer Rental &amp; Services","description":"\u00bfDesea alquilar pesas de prueba? Pesas de prueba de clase M1 con certificaci\u00f3n ISO 17025. Consulte todos nuestros pesos de prueba y servicios log\u00edsticos adicionales aqu\u00ed.","robots":{"index":"index","follow":"follow","max-snippet":"max-snippet:-1","max-image-preview":"max-image-preview:large","max-video-preview":"max-video-preview:-1"},"canonical":"https:\/\/vermeer-rental.nl\/es\/producto\/pesos-de-prueba-3-toneladas\/","og_locale":"es_ES","og_type":"article","og_title":"Testgewicht 3T","og_description":"Testgewichten huren? ISO 17025-gecertificeerd M1 klasse testgewichten. Bekijk hier al onze testgewichten en aanvullende logistieke diensten.","og_url":"https:\/\/vermeer-rental.nl\/es\/producto\/pesos-de-prueba-3-toneladas\/","og_site_name":"Vermeer Rental &amp; Services","article_publisher":"https:\/\/www.facebook.com\/gebrvermeerindustrialmovements","article_modified_time":"2024-10-17T19:08:00+00:00","og_image":[{"width":590,"height":590,"url":"https:\/\/vermeer-rental.nl\/wp-content\/uploads\/2023\/09\/Testgewicht-3-ton.jpg","type":"image\/jpeg"}],"twitter_card":"summary_large_image","twitter_misc":{"Tiempo de lectura":"1 minuto"},"schema":{"@context":"https:\/\/schema.org","@graph":[{"@type":"WebPage","@id":"https:\/\/vermeer-rental.nl\/product\/testgewichten-3-ton\/","url":"https:\/\/vermeer-rental.nl\/product\/testgewichten-3-ton\/","name":"Alquiler de pesas - Clase M1 con certificaci\u00f3n ISO 17025 Vermeer Rental &amp; Services","isPartOf":{"@id":"https:\/\/vermeer-rental.nl\/#website"},"primaryImageOfPage":{"@id":"https:\/\/vermeer-rental.nl\/product\/testgewichten-3-ton\/#primaryimage"},"image":{"@id":"https:\/\/vermeer-rental.nl\/product\/testgewichten-3-ton\/#primaryimage"},"thumbnailUrl":"https:\/\/vermeer-rental.nl\/wp-content\/uploads\/2023\/09\/Testgewicht-3-ton.jpg","datePublished":"2023-09-11T16:36:27+00:00","dateModified":"2024-10-17T19:08:00+00:00","description":"\u00bfDesea alquilar pesas de prueba? Pesas de prueba de clase M1 con certificaci\u00f3n ISO 17025. Consulte todos nuestros pesos de prueba y servicios log\u00edsticos adicionales aqu\u00ed.","breadcrumb":{"@id":"https:\/\/vermeer-rental.nl\/product\/testgewichten-3-ton\/#breadcrumb"},"inLanguage":"es","potentialAction":[{"@type":"ReadAction","target":["https:\/\/vermeer-rental.nl\/product\/testgewichten-3-ton\/"]}]},{"@type":"ImageObject","inLanguage":"es","@id":"https:\/\/vermeer-rental.nl\/product\/testgewichten-3-ton\/#primaryimage","url":"https:\/\/vermeer-rental.nl\/wp-content\/uploads\/2023\/09\/Testgewicht-3-ton.jpg","contentUrl":"https:\/\/vermeer-rental.nl\/wp-content\/uploads\/2023\/09\/Testgewicht-3-ton.jpg","width":590,"height":590},{"@type":"BreadcrumbList","@id":"https:\/\/vermeer-rental.nl\/product\/testgewichten-3-ton\/#breadcrumb","itemListElement":[{"@type":"ListItem","position":1,"name":"Home","item":"https:\/\/vermeer-rental.nl\/"},{"@type":"ListItem","position":2,"name":"Diensten","item":"https:\/\/vermeer-rental.nl\/diensten\/"},{"@type":"ListItem","position":3,"name":"Testgewicht 3T"}]},{"@type":"WebSite","@id":"https:\/\/vermeer-rental.nl\/#website","url":"https:\/\/vermeer-rental.nl\/","name":"Vermeer Alquiler y Servicios","description":"\u00a1Preparados!","publisher":{"@id":"https:\/\/vermeer-rental.nl\/#organization"},"potentialAction":[{"@type":"SearchAction","target":{"@type":"EntryPoint","urlTemplate":"https:\/\/vermeer-rental.nl\/?s={search_term_string}"},"query-input":{"@type":"PropertyValueSpecification","valueRequired":true,"valueName":"search_term_string"}}],"inLanguage":"es"},{"@type":"Organization","@id":"https:\/\/vermeer-rental.nl\/#organization","name":"Vermeer Alquiler y Servicios","url":"https:\/\/vermeer-rental.nl\/","logo":{"@type":"ImageObject","inLanguage":"es","@id":"https:\/\/vermeer-rental.nl\/#\/schema\/logo\/image\/","url":"https:\/\/vermeer-rental.nl\/wp-content\/uploads\/2023\/02\/Logo-Vermeer-Rental-RGB.png","contentUrl":"https:\/\/vermeer-rental.nl\/wp-content\/uploads\/2023\/02\/Logo-Vermeer-Rental-RGB.png","width":800,"height":210,"caption":"Vermeer Rental & Services"},"image":{"@id":"https:\/\/vermeer-rental.nl\/#\/schema\/logo\/image\/"},"sameAs":["https:\/\/www.facebook.com\/gebrvermeerindustrialmovements","https:\/\/www.linkedin.com\/company\/gebr-vermeer-transport\/","https:\/\/www.instagram.com\/gebrvermeer\/"]}]}},"_links":{"self":[{"href":"https:\/\/vermeer-rental.nl\/es\/wp-json\/wp\/v2\/product\/1687","targetHints":{"allow":["GET"]}}],"collection":[{"href":"https:\/\/vermeer-rental.nl\/es\/wp-json\/wp\/v2\/product"}],"about":[{"href":"https:\/\/vermeer-rental.nl\/es\/wp-json\/wp\/v2\/types\/product"}],"replies":[{"embeddable":true,"href":"https:\/\/vermeer-rental.nl\/es\/wp-json\/wp\/v2\/comments?post=1687"}],"wp:featuredmedia":[{"embeddable":true,"href":"https:\/\/vermeer-rental.nl\/es\/wp-json\/wp\/v2\/media\/1764"}],"wp:attachment":[{"href":"https:\/\/vermeer-rental.nl\/es\/wp-json\/wp\/v2\/media?parent=1687"}],"wp:term":[{"taxonomy":"product_brand","embeddable":true,"href":"https:\/\/vermeer-rental.nl\/es\/wp-json\/wp\/v2\/product_brand?post=1687"},{"taxonomy":"product_cat","embeddable":true,"href":"https:\/\/vermeer-rental.nl\/es\/wp-json\/wp\/v2\/product_cat?post=1687"},{"taxonomy":"product_tag","embeddable":true,"href":"https:\/\/vermeer-rental.nl\/es\/wp-json\/wp\/v2\/product_tag?post=1687"}],"curies":[{"name":"wp","href":"https:\/\/api.w.org\/{rel}","templated":true}]}}