{"id":100,"date":"2023-02-25T13:42:57","date_gmt":"2023-02-25T13:42:57","guid":{"rendered":"https:\/\/rental.daanwerkelijk.nl\/?post_type=product&#038;p=100"},"modified":"2023-10-28T14:09:46","modified_gmt":"2023-10-28T12:09:46","slug":"alquiler-de-carretillas","status":"publish","type":"product","link":"https:\/\/vermeer-rental.nl\/es\/product\/heftruck-verhuur\/","title":{"rendered":"Carretilla elevadora 2,5 toneladas"},"content":{"rendered":"<ul>\n<li><strong>Vista despejada de las horquillas<\/strong><\/li>\n<li><strong>Motor de tracci\u00f3n de CA<\/strong><\/li>\n<li><strong>Cabina ergon\u00f3mica<\/strong><\/li>\n<\/ul>\n<p>Esta carretilla fuerte y fiable est\u00e1 dise\u00f1ada para trabajar en aplicaciones intensivas de alta producci\u00f3n con largas distancias y grandes alturas de elevaci\u00f3n. Esta serie de carretillas elevadoras el\u00e9ctricas contrapesadas de cuatro ruedas ofrece una maniobrabilidad superior con radio de giro cero y una eficiencia energ\u00e9tica l\u00edder en su clase para reducir los costes de explotaci\u00f3n.<\/p>","protected":false},"excerpt":{"rendered":"<p>Para desplegar temporalmente capacidad adicional en su organizaci\u00f3n, puede alquilarnos f\u00e1cilmente una carretilla elevadora, con o sin conductor. Nuestra flota de alquiler incluye carretillas elevadoras el\u00e9ctricas, GLP y di\u00e9sel. Todas las carretillas cumplen las normas de seguridad y est\u00e1n equipadas con tecnolog\u00eda moderna.<\/p>\n<p>&nbsp;<\/p>\n<form action=\"https:\/\/vermeer-rental.nl\/wp-content\/uploads\/2023\/03\/vermeer_heftruck2-5T.pdf\" method=\"get\" target=\"_blank\" data-trp-original-action=\"https:\/\/vermeer-rental.nl\/wp-content\/uploads\/2023\/03\/vermeer_heftruck2-5T.pdf\"><button class=\"pdf-button\" type=\"submit\">Datos t\u00e9cnicos<\/button><input type=\"hidden\" name=\"trp-form-language\" value=\"es\"\/><\/form>","protected":false},"featured_media":413,"comment_status":"closed","ping_status":"closed","template":"","meta":{"om_disable_all_campaigns":false,"_monsterinsights_skip_tracking":false,"_monsterinsights_sitenote_active":false,"_monsterinsights_sitenote_note":"","_monsterinsights_sitenote_category":0},"product_brand":[],"product_cat":[24],"product_tag":[],"class_list":{"0":"post-100","1":"product","2":"type-product","3":"status-publish","4":"has-post-thumbnail","6":"product_cat-vork-heftrucks","8":"first","9":"instock","10":"shipping-taxable","11":"purchasable","12":"product-type-simple"},"yoast_head":"<!-- This site is optimized with the Yoast SEO Premium plugin v23.3 (Yoast SEO v27.2) - https:\/\/yoast.com\/product\/yoast-seo-premium-wordpress\/ -->\n<title>Heftruck verhuur - Full service heftruck logistiek - Vermeer Rental &amp; Services<\/title>\n<meta name=\"description\" content=\"Specialist in heftruck verhuur van 2,5 tot 18 ton. De oplossing voor het laden en lossen van goederen. Bekijk al onze heftrucks en diensten online.\" \/>\n<meta name=\"robots\" content=\"index, follow, max-snippet:-1, max-image-preview:large, max-video-preview:-1\" \/>\n<link rel=\"canonical\" href=\"https:\/\/vermeer-rental.nl\/es\/producto\/alquiler-de-carretillas\/\" \/>\n<meta property=\"og:locale\" content=\"es_ES\" \/>\n<meta property=\"og:type\" content=\"article\" \/>\n<meta property=\"og:title\" content=\"Heftruck 2.5 Ton\" \/>\n<meta property=\"og:description\" content=\"Specialist in heftruck verhuur van 2,5 tot 18 ton. De oplossing voor het laden en lossen van goederen. Bekijk al onze heftrucks en diensten online.\" \/>\n<meta property=\"og:url\" content=\"https:\/\/vermeer-rental.nl\/es\/producto\/alquiler-de-carretillas\/\" \/>\n<meta property=\"og:site_name\" content=\"Vermeer Rental &amp; Services\" \/>\n<meta property=\"article:publisher\" content=\"https:\/\/www.facebook.com\/gebrvermeerindustrialmovements\" \/>\n<meta property=\"article:modified_time\" content=\"2023-10-28T12:09:46+00:00\" \/>\n<meta property=\"og:image\" content=\"https:\/\/vermeer-rental.nl\/wp-content\/uploads\/2023\/02\/2.5-ton-elektrisch-scaled.jpg\" \/>\n\t<meta property=\"og:image:width\" content=\"2560\" \/>\n\t<meta property=\"og:image:height\" content=\"2560\" \/>\n\t<meta property=\"og:image:type\" content=\"image\/jpeg\" \/>\n<meta name=\"twitter:card\" content=\"summary_large_image\" \/>\n<meta name=\"twitter:label1\" content=\"Tiempo de lectura\" \/>\n\t<meta name=\"twitter:data1\" content=\"1 minuto\" \/>\n<script type=\"application\/ld+json\" class=\"yoast-schema-graph\">{\"@context\":\"https:\/\/schema.org\",\"@graph\":[{\"@type\":\"WebPage\",\"@id\":\"https:\/\/vermeer-rental.nl\/product\/heftruck-verhuur\/\",\"url\":\"https:\/\/vermeer-rental.nl\/product\/heftruck-verhuur\/\",\"name\":\"Heftruck verhuur - Full service heftruck logistiek - Vermeer Rental &amp; Services\",\"isPartOf\":{\"@id\":\"https:\/\/vermeer-rental.nl\/#website\"},\"primaryImageOfPage\":{\"@id\":\"https:\/\/vermeer-rental.nl\/product\/heftruck-verhuur\/#primaryimage\"},\"image\":{\"@id\":\"https:\/\/vermeer-rental.nl\/product\/heftruck-verhuur\/#primaryimage\"},\"thumbnailUrl\":\"https:\/\/vermeer-rental.nl\/wp-content\/uploads\/2023\/02\/2.5-ton-elektrisch-scaled.jpg\",\"datePublished\":\"2023-02-25T13:42:57+00:00\",\"dateModified\":\"2023-10-28T12:09:46+00:00\",\"description\":\"Specialist in heftruck verhuur van 2,5 tot 18 ton. De oplossing voor het laden en lossen van goederen. Bekijk al onze heftrucks en diensten online.\",\"breadcrumb\":{\"@id\":\"https:\/\/vermeer-rental.nl\/product\/heftruck-verhuur\/#breadcrumb\"},\"inLanguage\":\"es\",\"potentialAction\":[{\"@type\":\"ReadAction\",\"target\":[\"https:\/\/vermeer-rental.nl\/product\/heftruck-verhuur\/\"]}]},{\"@type\":\"ImageObject\",\"inLanguage\":\"es\",\"@id\":\"https:\/\/vermeer-rental.nl\/product\/heftruck-verhuur\/#primaryimage\",\"url\":\"https:\/\/vermeer-rental.nl\/wp-content\/uploads\/2023\/02\/2.5-ton-elektrisch-scaled.jpg\",\"contentUrl\":\"https:\/\/vermeer-rental.nl\/wp-content\/uploads\/2023\/02\/2.5-ton-elektrisch-scaled.jpg\",\"width\":2560,\"height\":2560,\"caption\":\"Heftruck verhuur\"},{\"@type\":\"BreadcrumbList\",\"@id\":\"https:\/\/vermeer-rental.nl\/product\/heftruck-verhuur\/#breadcrumb\",\"itemListElement\":[{\"@type\":\"ListItem\",\"position\":1,\"name\":\"Home\",\"item\":\"https:\/\/vermeer-rental.nl\/\"},{\"@type\":\"ListItem\",\"position\":2,\"name\":\"Diensten\",\"item\":\"https:\/\/vermeer-rental.nl\/diensten\/\"},{\"@type\":\"ListItem\",\"position\":3,\"name\":\"Heftruck 2.5 Ton\"}]},{\"@type\":\"WebSite\",\"@id\":\"https:\/\/vermeer-rental.nl\/#website\",\"url\":\"https:\/\/vermeer-rental.nl\/\",\"name\":\"Vermeer Rental & Services\",\"description\":\"Staat voor u klaar!\",\"publisher\":{\"@id\":\"https:\/\/vermeer-rental.nl\/#organization\"},\"potentialAction\":[{\"@type\":\"SearchAction\",\"target\":{\"@type\":\"EntryPoint\",\"urlTemplate\":\"https:\/\/vermeer-rental.nl\/?s={search_term_string}\"},\"query-input\":{\"@type\":\"PropertyValueSpecification\",\"valueRequired\":true,\"valueName\":\"search_term_string\"}}],\"inLanguage\":\"es\"},{\"@type\":\"Organization\",\"@id\":\"https:\/\/vermeer-rental.nl\/#organization\",\"name\":\"Vermeer Rental & Services\",\"url\":\"https:\/\/vermeer-rental.nl\/\",\"logo\":{\"@type\":\"ImageObject\",\"inLanguage\":\"es\",\"@id\":\"https:\/\/vermeer-rental.nl\/#\/schema\/logo\/image\/\",\"url\":\"https:\/\/vermeer-rental.nl\/wp-content\/uploads\/2023\/02\/Logo-Vermeer-Rental-RGB.png\",\"contentUrl\":\"https:\/\/vermeer-rental.nl\/wp-content\/uploads\/2023\/02\/Logo-Vermeer-Rental-RGB.png\",\"width\":800,\"height\":210,\"caption\":\"Vermeer Rental & Services\"},\"image\":{\"@id\":\"https:\/\/vermeer-rental.nl\/#\/schema\/logo\/image\/\"},\"sameAs\":[\"https:\/\/www.facebook.com\/gebrvermeerindustrialmovements\",\"https:\/\/www.linkedin.com\/company\/gebr-vermeer-transport\/\",\"https:\/\/www.instagram.com\/gebrvermeer\/\"]}]}<\/script>\n<!-- \/ Yoast SEO Premium plugin. -->","yoast_head_json":{"title":"Alquiler de carretillas elevadoras - Log\u00edstica de carretillas elevadoras de servicio completo - Vermeer Rental &amp; Services","description":"Especialista en alquiler de carretillas elevadoras de 2,5 a 18 toneladas. La soluci\u00f3n para la carga y descarga de mercanc\u00edas. Vea todas nuestras carretillas elevadoras y servicios en l\u00ednea.","robots":{"index":"index","follow":"follow","max-snippet":"max-snippet:-1","max-image-preview":"max-image-preview:large","max-video-preview":"max-video-preview:-1"},"canonical":"https:\/\/vermeer-rental.nl\/es\/producto\/alquiler-de-carretillas\/","og_locale":"es_ES","og_type":"article","og_title":"Heftruck 2.5 Ton","og_description":"Specialist in heftruck verhuur van 2,5 tot 18 ton. De oplossing voor het laden en lossen van goederen. Bekijk al onze heftrucks en diensten online.","og_url":"https:\/\/vermeer-rental.nl\/es\/producto\/alquiler-de-carretillas\/","og_site_name":"Vermeer Rental &amp; Services","article_publisher":"https:\/\/www.facebook.com\/gebrvermeerindustrialmovements","article_modified_time":"2023-10-28T12:09:46+00:00","og_image":[{"width":2560,"height":2560,"url":"https:\/\/vermeer-rental.nl\/wp-content\/uploads\/2023\/02\/2.5-ton-elektrisch-scaled.jpg","type":"image\/jpeg"}],"twitter_card":"summary_large_image","twitter_misc":{"Tiempo de lectura":"1 minuto"},"schema":{"@context":"https:\/\/schema.org","@graph":[{"@type":"WebPage","@id":"https:\/\/vermeer-rental.nl\/product\/heftruck-verhuur\/","url":"https:\/\/vermeer-rental.nl\/product\/heftruck-verhuur\/","name":"Alquiler de carretillas elevadoras - Log\u00edstica de carretillas elevadoras de servicio completo - Vermeer Rental &amp; Services","isPartOf":{"@id":"https:\/\/vermeer-rental.nl\/#website"},"primaryImageOfPage":{"@id":"https:\/\/vermeer-rental.nl\/product\/heftruck-verhuur\/#primaryimage"},"image":{"@id":"https:\/\/vermeer-rental.nl\/product\/heftruck-verhuur\/#primaryimage"},"thumbnailUrl":"https:\/\/vermeer-rental.nl\/wp-content\/uploads\/2023\/02\/2.5-ton-elektrisch-scaled.jpg","datePublished":"2023-02-25T13:42:57+00:00","dateModified":"2023-10-28T12:09:46+00:00","description":"Especialista en alquiler de carretillas elevadoras de 2,5 a 18 toneladas. La soluci\u00f3n para la carga y descarga de mercanc\u00edas. Vea todas nuestras carretillas elevadoras y servicios en l\u00ednea.","breadcrumb":{"@id":"https:\/\/vermeer-rental.nl\/product\/heftruck-verhuur\/#breadcrumb"},"inLanguage":"es","potentialAction":[{"@type":"ReadAction","target":["https:\/\/vermeer-rental.nl\/product\/heftruck-verhuur\/"]}]},{"@type":"ImageObject","inLanguage":"es","@id":"https:\/\/vermeer-rental.nl\/product\/heftruck-verhuur\/#primaryimage","url":"https:\/\/vermeer-rental.nl\/wp-content\/uploads\/2023\/02\/2.5-ton-elektrisch-scaled.jpg","contentUrl":"https:\/\/vermeer-rental.nl\/wp-content\/uploads\/2023\/02\/2.5-ton-elektrisch-scaled.jpg","width":2560,"height":2560,"caption":"Heftruck verhuur"},{"@type":"BreadcrumbList","@id":"https:\/\/vermeer-rental.nl\/product\/heftruck-verhuur\/#breadcrumb","itemListElement":[{"@type":"ListItem","position":1,"name":"Home","item":"https:\/\/vermeer-rental.nl\/"},{"@type":"ListItem","position":2,"name":"Diensten","item":"https:\/\/vermeer-rental.nl\/diensten\/"},{"@type":"ListItem","position":3,"name":"Heftruck 2.5 Ton"}]},{"@type":"WebSite","@id":"https:\/\/vermeer-rental.nl\/#website","url":"https:\/\/vermeer-rental.nl\/","name":"Vermeer Alquiler y Servicios","description":"\u00a1Preparados!","publisher":{"@id":"https:\/\/vermeer-rental.nl\/#organization"},"potentialAction":[{"@type":"SearchAction","target":{"@type":"EntryPoint","urlTemplate":"https:\/\/vermeer-rental.nl\/?s={search_term_string}"},"query-input":{"@type":"PropertyValueSpecification","valueRequired":true,"valueName":"search_term_string"}}],"inLanguage":"es"},{"@type":"Organization","@id":"https:\/\/vermeer-rental.nl\/#organization","name":"Vermeer Alquiler y Servicios","url":"https:\/\/vermeer-rental.nl\/","logo":{"@type":"ImageObject","inLanguage":"es","@id":"https:\/\/vermeer-rental.nl\/#\/schema\/logo\/image\/","url":"https:\/\/vermeer-rental.nl\/wp-content\/uploads\/2023\/02\/Logo-Vermeer-Rental-RGB.png","contentUrl":"https:\/\/vermeer-rental.nl\/wp-content\/uploads\/2023\/02\/Logo-Vermeer-Rental-RGB.png","width":800,"height":210,"caption":"Vermeer Rental & Services"},"image":{"@id":"https:\/\/vermeer-rental.nl\/#\/schema\/logo\/image\/"},"sameAs":["https:\/\/www.facebook.com\/gebrvermeerindustrialmovements","https:\/\/www.linkedin.com\/company\/gebr-vermeer-transport\/","https:\/\/www.instagram.com\/gebrvermeer\/"]}]}},"_links":{"self":[{"href":"https:\/\/vermeer-rental.nl\/es\/wp-json\/wp\/v2\/product\/100","targetHints":{"allow":["GET"]}}],"collection":[{"href":"https:\/\/vermeer-rental.nl\/es\/wp-json\/wp\/v2\/product"}],"about":[{"href":"https:\/\/vermeer-rental.nl\/es\/wp-json\/wp\/v2\/types\/product"}],"replies":[{"embeddable":true,"href":"https:\/\/vermeer-rental.nl\/es\/wp-json\/wp\/v2\/comments?post=100"}],"wp:featuredmedia":[{"embeddable":true,"href":"https:\/\/vermeer-rental.nl\/es\/wp-json\/wp\/v2\/media\/413"}],"wp:attachment":[{"href":"https:\/\/vermeer-rental.nl\/es\/wp-json\/wp\/v2\/media?parent=100"}],"wp:term":[{"taxonomy":"product_brand","embeddable":true,"href":"https:\/\/vermeer-rental.nl\/es\/wp-json\/wp\/v2\/product_brand?post=100"},{"taxonomy":"product_cat","embeddable":true,"href":"https:\/\/vermeer-rental.nl\/es\/wp-json\/wp\/v2\/product_cat?post=100"},{"taxonomy":"product_tag","embeddable":true,"href":"https:\/\/vermeer-rental.nl\/es\/wp-json\/wp\/v2\/product_tag?post=100"}],"curies":[{"name":"wp","href":"https:\/\/api.w.org\/{rel}","templated":true}]}}