{"id":233,"date":"2023-03-02T19:20:01","date_gmt":"2023-03-02T19:20:01","guid":{"rendered":"https:\/\/rental.daanwerkelijk.nl\/?page_id=233"},"modified":"2023-10-25T17:35:16","modified_gmt":"2023-10-25T15:35:16","slug":"zona-de-pruebas","status":"publish","type":"page","link":"https:\/\/vermeer-rental.nl\/es\/testlocatie\/","title":{"rendered":"Nuestro centro de pruebas"},"content":{"rendered":"<div class=\"wpb-content-wrapper\"><div class=\"vc_row wpb_row vc_row-fluid\"><div class=\"wpb_column vc_column_container vc_col-sm-12\"><div class=\"vc_column-inner\"><div class=\"wpb_wrapper\">\n\t<div class=\"wpb_text_column wpb_content_element\" >\n\t\t<div class=\"wpb_wrapper\">\n\t\t\t<p>En nuestro centro de pruebas, podemos probar sus separadores, vigas de elevaci\u00f3n, gr\u00faas, etc. Para ello, disponemos de gr\u00faas puente, p\u00f3rticos de elevaci\u00f3n, gr\u00faas el\u00e9ctricas pesadas, etc. Con una prueba de carga en nuestras instalaciones, se beneficiar\u00e1 de la comodidad, seguridad, rapidez y tranquilidad de tenerlo todo organizado en un solo lugar.<\/p>\n<p>Nuestras instalaciones cumplen los requisitos de certificaci\u00f3n necesarios y contamos con la certificaci\u00f3n VCA como empresa. La combinaci\u00f3n de la capacidad de carga de trabajo interna, el espacio y las capacidades con nuestros pesos de prueba hace que nuestra ubicaci\u00f3n sea \u00fanica.<\/p>\n<p>Adem\u00e1s de ofrecer pruebas de carga, nuestro centro de pruebas se utiliza para almacenamiento acondicionado, operaciones de montaje, transbordo y almacenamiento de contenedores en interiores.<\/p>\n<p>Con este\u00a0 <a href=\"https:\/\/vermeer-rental.nl\/es\/acerca-de-nosotros\/\">Vermeer Alquiler y Servicios<\/a> su socio ideal para aliviar sus procesos log\u00edsticos.<\/p>\n<p><img loading=\"lazy\" decoding=\"async\" class=\"wp-image-315 alignleft\" src=\"https:\/\/vermeer-rental.nl\/wp-content\/uploads\/2023\/03\/Testgewichten-300x193.jpg\" alt=\"\" width=\"180\" height=\"116\" srcset=\"https:\/\/vermeer-rental.nl\/wp-content\/uploads\/2023\/03\/Testgewichten-300x193.jpg 300w, https:\/\/vermeer-rental.nl\/wp-content\/uploads\/2023\/03\/Testgewichten-768x494.jpg 768w, https:\/\/vermeer-rental.nl\/wp-content\/uploads\/2023\/03\/Testgewichten-600x386.jpg 600w, https:\/\/vermeer-rental.nl\/wp-content\/uploads\/2023\/03\/Testgewichten.jpg 800w\" sizes=\"auto, (max-width: 180px) 100vw, 180px\" \/><\/p>\n\n\t\t<\/div>\n\t<\/div>\n<\/div><\/div><\/div><\/div>\n<\/div>","protected":false},"excerpt":{"rendered":"Op onze testlocatie kunnen wij uw spreaders, hijsbalken, kranen etc beproeven, hiervoor beschikken wij over bovenloopkranen, hijsportalen, zware elektrische kranen etc. Bij een load test op onze locatie profiteert u","protected":false},"author":6,"featured_media":0,"parent":0,"menu_order":0,"comment_status":"closed","ping_status":"closed","template":"","meta":{"om_disable_all_campaigns":false,"_monsterinsights_skip_tracking":false,"_monsterinsights_sitenote_active":false,"_monsterinsights_sitenote_note":"","_monsterinsights_sitenote_category":0,"footnotes":""},"class_list":["post-233","page","type-page","status-publish","hentry"],"yoast_head":"<!-- This site is optimized with the Yoast SEO Premium plugin v23.3 (Yoast SEO v27.2) - https:\/\/yoast.com\/product\/yoast-seo-premium-wordpress\/ -->\n<title>Overslag, assemblage, opslag en load tests op onze testlocatie<\/title>\n<meta name=\"description\" content=\"Vermeer Rental &amp; Services biedt testlocaties aan voor load testen, geconditioneerde opslag, overslag en indoor container warehousing.\" \/>\n<meta name=\"robots\" content=\"index, follow, max-snippet:-1, max-image-preview:large, max-video-preview:-1\" \/>\n<link rel=\"canonical\" href=\"https:\/\/vermeer-rental.nl\/es\/zona-de-pruebas\/\" \/>\n<meta property=\"og:locale\" content=\"es_ES\" \/>\n<meta property=\"og:type\" content=\"article\" \/>\n<meta property=\"og:title\" content=\"Onze testlocatie\" \/>\n<meta property=\"og:description\" content=\"Vermeer Rental &amp; Services biedt testlocaties aan voor load testen, geconditioneerde opslag, overslag en indoor container warehousing.\" \/>\n<meta property=\"og:url\" content=\"https:\/\/vermeer-rental.nl\/es\/zona-de-pruebas\/\" \/>\n<meta property=\"og:site_name\" content=\"Vermeer Rental &amp; Services\" \/>\n<meta property=\"article:publisher\" content=\"https:\/\/www.facebook.com\/gebrvermeerindustrialmovements\" \/>\n<meta property=\"article:modified_time\" content=\"2023-10-25T15:35:16+00:00\" \/>\n<meta property=\"og:image\" content=\"https:\/\/vermeer-rental.nl\/wp-content\/uploads\/2023\/03\/Testgewichten-300x193.jpg\" \/>\n<meta name=\"twitter:card\" content=\"summary_large_image\" \/>\n<meta name=\"twitter:label1\" content=\"Tiempo de lectura\" \/>\n\t<meta name=\"twitter:data1\" content=\"1 minuto\" \/>\n<script type=\"application\/ld+json\" class=\"yoast-schema-graph\">{\"@context\":\"https:\/\/schema.org\",\"@graph\":[{\"@type\":\"WebPage\",\"@id\":\"https:\/\/vermeer-rental.nl\/testlocatie\/\",\"url\":\"https:\/\/vermeer-rental.nl\/testlocatie\/\",\"name\":\"Overslag, assemblage, opslag en load tests op onze testlocatie\",\"isPartOf\":{\"@id\":\"https:\/\/vermeer-rental.nl\/#website\"},\"primaryImageOfPage\":{\"@id\":\"https:\/\/vermeer-rental.nl\/testlocatie\/#primaryimage\"},\"image\":{\"@id\":\"https:\/\/vermeer-rental.nl\/testlocatie\/#primaryimage\"},\"thumbnailUrl\":\"https:\/\/vermeer-rental.nl\/wp-content\/uploads\/2023\/03\/Testgewichten-300x193.jpg\",\"datePublished\":\"2023-03-02T19:20:01+00:00\",\"dateModified\":\"2023-10-25T15:35:16+00:00\",\"description\":\"Vermeer Rental & Services biedt testlocaties aan voor load testen, geconditioneerde opslag, overslag en indoor container warehousing.\",\"breadcrumb\":{\"@id\":\"https:\/\/vermeer-rental.nl\/testlocatie\/#breadcrumb\"},\"inLanguage\":\"es\",\"potentialAction\":[{\"@type\":\"ReadAction\",\"target\":[\"https:\/\/vermeer-rental.nl\/testlocatie\/\"]}]},{\"@type\":\"ImageObject\",\"inLanguage\":\"es\",\"@id\":\"https:\/\/vermeer-rental.nl\/testlocatie\/#primaryimage\",\"url\":\"https:\/\/vermeer-rental.nl\/wp-content\/uploads\/2023\/03\/Testgewichten-300x193.jpg\",\"contentUrl\":\"https:\/\/vermeer-rental.nl\/wp-content\/uploads\/2023\/03\/Testgewichten-300x193.jpg\"},{\"@type\":\"BreadcrumbList\",\"@id\":\"https:\/\/vermeer-rental.nl\/testlocatie\/#breadcrumb\",\"itemListElement\":[{\"@type\":\"ListItem\",\"position\":1,\"name\":\"Home\",\"item\":\"https:\/\/vermeer-rental.nl\/\"},{\"@type\":\"ListItem\",\"position\":2,\"name\":\"Onze testlocatie\"}]},{\"@type\":\"WebSite\",\"@id\":\"https:\/\/vermeer-rental.nl\/#website\",\"url\":\"https:\/\/vermeer-rental.nl\/\",\"name\":\"Vermeer Rental & Services\",\"description\":\"Staat voor u klaar!\",\"publisher\":{\"@id\":\"https:\/\/vermeer-rental.nl\/#organization\"},\"potentialAction\":[{\"@type\":\"SearchAction\",\"target\":{\"@type\":\"EntryPoint\",\"urlTemplate\":\"https:\/\/vermeer-rental.nl\/?s={search_term_string}\"},\"query-input\":{\"@type\":\"PropertyValueSpecification\",\"valueRequired\":true,\"valueName\":\"search_term_string\"}}],\"inLanguage\":\"es\"},{\"@type\":\"Organization\",\"@id\":\"https:\/\/vermeer-rental.nl\/#organization\",\"name\":\"Vermeer Rental & Services\",\"url\":\"https:\/\/vermeer-rental.nl\/\",\"logo\":{\"@type\":\"ImageObject\",\"inLanguage\":\"es\",\"@id\":\"https:\/\/vermeer-rental.nl\/#\/schema\/logo\/image\/\",\"url\":\"https:\/\/vermeer-rental.nl\/wp-content\/uploads\/2023\/02\/Logo-Vermeer-Rental-RGB.png\",\"contentUrl\":\"https:\/\/vermeer-rental.nl\/wp-content\/uploads\/2023\/02\/Logo-Vermeer-Rental-RGB.png\",\"width\":800,\"height\":210,\"caption\":\"Vermeer Rental & Services\"},\"image\":{\"@id\":\"https:\/\/vermeer-rental.nl\/#\/schema\/logo\/image\/\"},\"sameAs\":[\"https:\/\/www.facebook.com\/gebrvermeerindustrialmovements\",\"https:\/\/www.linkedin.com\/company\/gebr-vermeer-transport\/\",\"https:\/\/www.instagram.com\/gebrvermeer\/\"]}]}<\/script>\n<!-- \/ Yoast SEO Premium plugin. -->","yoast_head_json":{"title":"Transbordo, montaje, almacenamiento y pruebas de carga en nuestro centro de pruebas","description":"Vermeer Rental &amp; Services ofrece emplazamientos de prueba para pruebas de carga, almacenamiento acondicionado, transbordo y almacenamiento interior de contenedores.","robots":{"index":"index","follow":"follow","max-snippet":"max-snippet:-1","max-image-preview":"max-image-preview:large","max-video-preview":"max-video-preview:-1"},"canonical":"https:\/\/vermeer-rental.nl\/es\/zona-de-pruebas\/","og_locale":"es_ES","og_type":"article","og_title":"Onze testlocatie","og_description":"Vermeer Rental & Services biedt testlocaties aan voor load testen, geconditioneerde opslag, overslag en indoor container warehousing.","og_url":"https:\/\/vermeer-rental.nl\/es\/zona-de-pruebas\/","og_site_name":"Vermeer Rental &amp; Services","article_publisher":"https:\/\/www.facebook.com\/gebrvermeerindustrialmovements","article_modified_time":"2023-10-25T15:35:16+00:00","og_image":[{"url":"https:\/\/vermeer-rental.nl\/wp-content\/uploads\/2023\/03\/Testgewichten-300x193.jpg","type":"","width":"","height":""}],"twitter_card":"summary_large_image","twitter_misc":{"Tiempo de lectura":"1 minuto"},"schema":{"@context":"https:\/\/schema.org","@graph":[{"@type":"WebPage","@id":"https:\/\/vermeer-rental.nl\/testlocatie\/","url":"https:\/\/vermeer-rental.nl\/testlocatie\/","name":"Transbordo, montaje, almacenamiento y pruebas de carga en nuestro centro de pruebas","isPartOf":{"@id":"https:\/\/vermeer-rental.nl\/#website"},"primaryImageOfPage":{"@id":"https:\/\/vermeer-rental.nl\/testlocatie\/#primaryimage"},"image":{"@id":"https:\/\/vermeer-rental.nl\/testlocatie\/#primaryimage"},"thumbnailUrl":"https:\/\/vermeer-rental.nl\/wp-content\/uploads\/2023\/03\/Testgewichten-300x193.jpg","datePublished":"2023-03-02T19:20:01+00:00","dateModified":"2023-10-25T15:35:16+00:00","description":"Vermeer Rental &amp; Services ofrece emplazamientos de prueba para pruebas de carga, almacenamiento acondicionado, transbordo y almacenamiento interior de contenedores.","breadcrumb":{"@id":"https:\/\/vermeer-rental.nl\/testlocatie\/#breadcrumb"},"inLanguage":"es","potentialAction":[{"@type":"ReadAction","target":["https:\/\/vermeer-rental.nl\/testlocatie\/"]}]},{"@type":"ImageObject","inLanguage":"es","@id":"https:\/\/vermeer-rental.nl\/testlocatie\/#primaryimage","url":"https:\/\/vermeer-rental.nl\/wp-content\/uploads\/2023\/03\/Testgewichten-300x193.jpg","contentUrl":"https:\/\/vermeer-rental.nl\/wp-content\/uploads\/2023\/03\/Testgewichten-300x193.jpg"},{"@type":"BreadcrumbList","@id":"https:\/\/vermeer-rental.nl\/testlocatie\/#breadcrumb","itemListElement":[{"@type":"ListItem","position":1,"name":"Home","item":"https:\/\/vermeer-rental.nl\/"},{"@type":"ListItem","position":2,"name":"Onze testlocatie"}]},{"@type":"WebSite","@id":"https:\/\/vermeer-rental.nl\/#website","url":"https:\/\/vermeer-rental.nl\/","name":"Vermeer Alquiler y Servicios","description":"\u00a1Preparados!","publisher":{"@id":"https:\/\/vermeer-rental.nl\/#organization"},"potentialAction":[{"@type":"SearchAction","target":{"@type":"EntryPoint","urlTemplate":"https:\/\/vermeer-rental.nl\/?s={search_term_string}"},"query-input":{"@type":"PropertyValueSpecification","valueRequired":true,"valueName":"search_term_string"}}],"inLanguage":"es"},{"@type":"Organization","@id":"https:\/\/vermeer-rental.nl\/#organization","name":"Vermeer Alquiler y Servicios","url":"https:\/\/vermeer-rental.nl\/","logo":{"@type":"ImageObject","inLanguage":"es","@id":"https:\/\/vermeer-rental.nl\/#\/schema\/logo\/image\/","url":"https:\/\/vermeer-rental.nl\/wp-content\/uploads\/2023\/02\/Logo-Vermeer-Rental-RGB.png","contentUrl":"https:\/\/vermeer-rental.nl\/wp-content\/uploads\/2023\/02\/Logo-Vermeer-Rental-RGB.png","width":800,"height":210,"caption":"Vermeer Rental & Services"},"image":{"@id":"https:\/\/vermeer-rental.nl\/#\/schema\/logo\/image\/"},"sameAs":["https:\/\/www.facebook.com\/gebrvermeerindustrialmovements","https:\/\/www.linkedin.com\/company\/gebr-vermeer-transport\/","https:\/\/www.instagram.com\/gebrvermeer\/"]}]}},"_links":{"self":[{"href":"https:\/\/vermeer-rental.nl\/es\/wp-json\/wp\/v2\/pages\/233","targetHints":{"allow":["GET"]}}],"collection":[{"href":"https:\/\/vermeer-rental.nl\/es\/wp-json\/wp\/v2\/pages"}],"about":[{"href":"https:\/\/vermeer-rental.nl\/es\/wp-json\/wp\/v2\/types\/page"}],"author":[{"embeddable":true,"href":"https:\/\/vermeer-rental.nl\/es\/wp-json\/wp\/v2\/users\/6"}],"replies":[{"embeddable":true,"href":"https:\/\/vermeer-rental.nl\/es\/wp-json\/wp\/v2\/comments?post=233"}],"version-history":[{"count":6,"href":"https:\/\/vermeer-rental.nl\/es\/wp-json\/wp\/v2\/pages\/233\/revisions"}],"predecessor-version":[{"id":1865,"href":"https:\/\/vermeer-rental.nl\/es\/wp-json\/wp\/v2\/pages\/233\/revisions\/1865"}],"wp:attachment":[{"href":"https:\/\/vermeer-rental.nl\/es\/wp-json\/wp\/v2\/media?parent=233"}],"curies":[{"name":"wp","href":"https:\/\/api.w.org\/{rel}","templated":true}]}}