{"id":196,"date":"2023-03-02T18:48:06","date_gmt":"2023-03-02T18:48:06","guid":{"rendered":"https:\/\/rental.daanwerkelijk.nl\/?page_id=196"},"modified":"2023-06-09T09:00:36","modified_gmt":"2023-06-09T09:00:36","slug":"etiquetas","status":"publish","type":"page","link":"https:\/\/vermeer-rental.nl\/es\/over-ons\/keurmerken\/","title":{"rendered":"Hallmarks"},"content":{"rendered":"<div class=\"wpb-content-wrapper\"><div class=\"vc_row wpb_row vc_row-fluid\"><div class=\"wpb_column vc_column_container vc_col-sm-12\"><div class=\"vc_column-inner\"><div class=\"wpb_wrapper\">\n\t<div class=\"wpb_text_column wpb_content_element\" >\n\t\t<div class=\"wpb_wrapper\">\n\t\t\t<h2 class=\"contact-page-title\">AVC<\/h2>\n<p>Vermeer Rental &amp; Services cuenta con la certificaci\u00f3n SCC seg\u00fan las normas VCA* 2017\/6.0 con certificaci\u00f3n Aboma.<\/p>\n<p>Por alcance:<\/p>\n<ul>\n<li>Transporte de maquinaria, contenedores, instalaciones y pesos de prueba.<\/li>\n<li>Transporte especial, incluidas las operaciones de elevaci\u00f3n con gr\u00faas montadas en camiones, gr\u00faas telesc\u00f3picas, carretillas elevadoras y p\u00f3rticos elevadores.<\/li>\n<li>Alquiler de maquinaria, equipos y contenedores.<\/li>\n<li>Realizaci\u00f3n de trabajos de (des)montaje, aparejo y amovimiento.<\/li>\n<\/ul>\n<p>Nuestros empleados poseen marcas de calidad como el certificado VCA Seguridad B\u00e1sica o VCA para Directivos. Esto les permite garantizar una gesti\u00f3n \u00f3ptima y segura de sus encargos.<\/p>\n\n\t\t<\/div>\n\t<\/div>\n\n\t<div class=\"wpb_text_column wpb_content_element\" >\n\t\t<div class=\"wpb_wrapper\">\n\t\t\t<h2 class=\"contact-page-title\">RSE<\/h2>\n<p>Vermeer Rental &amp; Services busca constantemente m\u00e9todos en el campo de la sostenibilidad y la responsabilidad social corporativa: centr\u00e1ndose en el ahorro del medio ambiente y de costes. Nos tomamos esto como una obligaci\u00f3n para con el medio ambiente actual y las generaciones futuras. As\u00ed, nuestros camiones est\u00e1n bien mantenidos, se presta mucha atenci\u00f3n a los neum\u00e1ticos (tensos, ahorradores de combustible y silenciosos), a la aerodin\u00e1mica y continuamente invertimos en camiones con motores econ\u00f3micos y respetuosos con el medio ambiente. Nuestros elementos de alquiler se renuevan peri\u00f3dicamente e invertimos en las \u00faltimas tecnolog\u00edas el\u00e9ctricas.<\/p>\n<p>De todas nuestras carretillas elevadoras, muchas son el\u00e9ctricas y est\u00e1n equipadas con grasa de uso alimentario, lo que las hace excelentes para el transporte interno ecol\u00f3gico de maquinaria. Todas nuestras gr\u00faas pick &amp; carry son el\u00e9ctricas y est\u00e1n equipadas con las tecnolog\u00edas m\u00e1s avanzadas.<\/p>\n<p>Estamos abiertos a una conexi\u00f3n social entre nuestra empresa y la regi\u00f3n y nos responsabilizamos de ella.<\/p>\n\n\t\t<\/div>\n\t<\/div>\n\n\t<div class=\"wpb_text_column wpb_content_element\" >\n\t\t<div class=\"wpb_wrapper\">\n\t\t\t<h2 class=\"contact-page-title\">VVT reconocido<\/h2>\n<p>Calidad y seguridad, dos aspectos esenciales para Vermeer Rental &amp; Services y sus clientes a la hora de realizar trabajos de elevaci\u00f3n e izado. Tanto si se trata de trabajos con una gr\u00faa pick &amp; carry como con una carretilla elevadora, el trabajo solo se completa con \u00e9xito cuando se ha realizado no solo dentro del plazo y las especificaciones acordados, sino sobre todo sin da\u00f1os ni accidentes.<\/p>\n\n\t\t<\/div>\n\t<\/div>\n<\/div><\/div><\/div><\/div>\n<\/div>","protected":false},"excerpt":{"rendered":"VCA Vermeer Rental &amp; Services is VCA gecertificeerd volgens de VCA* 2017\/6.0 normen bij Aboma Certification. Voor het toepassingsgebied: Transport van machines, containers, installaties en testgewichten. Speciaal transport incl. hijswerkzaamheden","protected":false},"author":6,"featured_media":0,"parent":147,"menu_order":0,"comment_status":"closed","ping_status":"closed","template":"","meta":{"om_disable_all_campaigns":false,"_monsterinsights_skip_tracking":false,"_monsterinsights_sitenote_active":false,"_monsterinsights_sitenote_note":"","_monsterinsights_sitenote_category":0,"footnotes":""},"class_list":["post-196","page","type-page","status-publish","hentry"],"yoast_head":"<!-- This site is optimized with the Yoast SEO Premium plugin v23.3 (Yoast SEO v27.2) - https:\/\/yoast.com\/product\/yoast-seo-premium-wordpress\/ -->\n<title>Keurmerken - Vermeer Rental &amp; Services<\/title>\n<meta name=\"description\" content=\"Vermeer Rental is constant op zoek naar het beste op het gebied van duurzaamheid, keurmerken &amp; maatschappelijk verantwoord ondernemen\" \/>\n<meta name=\"robots\" content=\"index, follow, max-snippet:-1, max-image-preview:large, max-video-preview:-1\" \/>\n<link rel=\"canonical\" href=\"https:\/\/vermeer-rental.nl\/es\/acerca-de-nosotros\/etiquetas\/\" \/>\n<meta property=\"og:locale\" content=\"es_ES\" \/>\n<meta property=\"og:type\" content=\"article\" \/>\n<meta property=\"og:title\" content=\"Keurmerken\" \/>\n<meta property=\"og:description\" content=\"Vermeer Rental is constant op zoek naar het beste op het gebied van duurzaamheid, keurmerken &amp; maatschappelijk verantwoord ondernemen\" \/>\n<meta property=\"og:url\" content=\"https:\/\/vermeer-rental.nl\/es\/acerca-de-nosotros\/etiquetas\/\" \/>\n<meta property=\"og:site_name\" content=\"Vermeer Rental &amp; Services\" \/>\n<meta property=\"article:publisher\" content=\"https:\/\/www.facebook.com\/gebrvermeerindustrialmovements\" \/>\n<meta property=\"article:modified_time\" content=\"2023-06-09T09:00:36+00:00\" \/>\n<meta name=\"twitter:card\" content=\"summary_large_image\" \/>\n<meta name=\"twitter:label1\" content=\"Tiempo de lectura\" \/>\n\t<meta name=\"twitter:data1\" content=\"2 minutos\" \/>\n<script type=\"application\/ld+json\" class=\"yoast-schema-graph\">{\"@context\":\"https:\/\/schema.org\",\"@graph\":[{\"@type\":\"WebPage\",\"@id\":\"https:\/\/vermeer-rental.nl\/over-ons\/keurmerken\/\",\"url\":\"https:\/\/vermeer-rental.nl\/over-ons\/keurmerken\/\",\"name\":\"Keurmerken - Vermeer Rental &amp; Services\",\"isPartOf\":{\"@id\":\"https:\/\/vermeer-rental.nl\/#website\"},\"datePublished\":\"2023-03-02T18:48:06+00:00\",\"dateModified\":\"2023-06-09T09:00:36+00:00\",\"description\":\"Vermeer Rental is constant op zoek naar het beste op het gebied van duurzaamheid, keurmerken & maatschappelijk verantwoord ondernemen\",\"breadcrumb\":{\"@id\":\"https:\/\/vermeer-rental.nl\/over-ons\/keurmerken\/#breadcrumb\"},\"inLanguage\":\"es\",\"potentialAction\":[{\"@type\":\"ReadAction\",\"target\":[\"https:\/\/vermeer-rental.nl\/over-ons\/keurmerken\/\"]}]},{\"@type\":\"BreadcrumbList\",\"@id\":\"https:\/\/vermeer-rental.nl\/over-ons\/keurmerken\/#breadcrumb\",\"itemListElement\":[{\"@type\":\"ListItem\",\"position\":1,\"name\":\"Home\",\"item\":\"https:\/\/vermeer-rental.nl\/\"},{\"@type\":\"ListItem\",\"position\":2,\"name\":\"Over ons\",\"item\":\"https:\/\/vermeer-rental.nl\/over-ons\/\"},{\"@type\":\"ListItem\",\"position\":3,\"name\":\"Keurmerken\"}]},{\"@type\":\"WebSite\",\"@id\":\"https:\/\/vermeer-rental.nl\/#website\",\"url\":\"https:\/\/vermeer-rental.nl\/\",\"name\":\"Vermeer Rental & Services\",\"description\":\"Staat voor u klaar!\",\"publisher\":{\"@id\":\"https:\/\/vermeer-rental.nl\/#organization\"},\"potentialAction\":[{\"@type\":\"SearchAction\",\"target\":{\"@type\":\"EntryPoint\",\"urlTemplate\":\"https:\/\/vermeer-rental.nl\/?s={search_term_string}\"},\"query-input\":{\"@type\":\"PropertyValueSpecification\",\"valueRequired\":true,\"valueName\":\"search_term_string\"}}],\"inLanguage\":\"es\"},{\"@type\":\"Organization\",\"@id\":\"https:\/\/vermeer-rental.nl\/#organization\",\"name\":\"Vermeer Rental & Services\",\"url\":\"https:\/\/vermeer-rental.nl\/\",\"logo\":{\"@type\":\"ImageObject\",\"inLanguage\":\"es\",\"@id\":\"https:\/\/vermeer-rental.nl\/#\/schema\/logo\/image\/\",\"url\":\"https:\/\/vermeer-rental.nl\/wp-content\/uploads\/2023\/02\/Logo-Vermeer-Rental-RGB.png\",\"contentUrl\":\"https:\/\/vermeer-rental.nl\/wp-content\/uploads\/2023\/02\/Logo-Vermeer-Rental-RGB.png\",\"width\":800,\"height\":210,\"caption\":\"Vermeer Rental & Services\"},\"image\":{\"@id\":\"https:\/\/vermeer-rental.nl\/#\/schema\/logo\/image\/\"},\"sameAs\":[\"https:\/\/www.facebook.com\/gebrvermeerindustrialmovements\",\"https:\/\/www.linkedin.com\/company\/gebr-vermeer-transport\/\",\"https:\/\/www.instagram.com\/gebrvermeer\/\"]}]}<\/script>\n<!-- \/ Yoast SEO Premium plugin. -->","yoast_head_json":{"title":"Sellos distintivos - Vermeer Rental &amp; Services","description":"Vermeer Rental busca constantemente lo mejor en sostenibilidad, etiquetas y responsabilidad social corporativa","robots":{"index":"index","follow":"follow","max-snippet":"max-snippet:-1","max-image-preview":"max-image-preview:large","max-video-preview":"max-video-preview:-1"},"canonical":"https:\/\/vermeer-rental.nl\/es\/acerca-de-nosotros\/etiquetas\/","og_locale":"es_ES","og_type":"article","og_title":"Keurmerken","og_description":"Vermeer Rental is constant op zoek naar het beste op het gebied van duurzaamheid, keurmerken & maatschappelijk verantwoord ondernemen","og_url":"https:\/\/vermeer-rental.nl\/es\/acerca-de-nosotros\/etiquetas\/","og_site_name":"Vermeer Rental &amp; Services","article_publisher":"https:\/\/www.facebook.com\/gebrvermeerindustrialmovements","article_modified_time":"2023-06-09T09:00:36+00:00","twitter_card":"summary_large_image","twitter_misc":{"Tiempo de lectura":"2 minutos"},"schema":{"@context":"https:\/\/schema.org","@graph":[{"@type":"WebPage","@id":"https:\/\/vermeer-rental.nl\/over-ons\/keurmerken\/","url":"https:\/\/vermeer-rental.nl\/over-ons\/keurmerken\/","name":"Sellos distintivos - Vermeer Rental &amp; Services","isPartOf":{"@id":"https:\/\/vermeer-rental.nl\/#website"},"datePublished":"2023-03-02T18:48:06+00:00","dateModified":"2023-06-09T09:00:36+00:00","description":"Vermeer Rental busca constantemente lo mejor en sostenibilidad, etiquetas y responsabilidad social corporativa","breadcrumb":{"@id":"https:\/\/vermeer-rental.nl\/over-ons\/keurmerken\/#breadcrumb"},"inLanguage":"es","potentialAction":[{"@type":"ReadAction","target":["https:\/\/vermeer-rental.nl\/over-ons\/keurmerken\/"]}]},{"@type":"BreadcrumbList","@id":"https:\/\/vermeer-rental.nl\/over-ons\/keurmerken\/#breadcrumb","itemListElement":[{"@type":"ListItem","position":1,"name":"Home","item":"https:\/\/vermeer-rental.nl\/"},{"@type":"ListItem","position":2,"name":"Over ons","item":"https:\/\/vermeer-rental.nl\/over-ons\/"},{"@type":"ListItem","position":3,"name":"Keurmerken"}]},{"@type":"WebSite","@id":"https:\/\/vermeer-rental.nl\/#website","url":"https:\/\/vermeer-rental.nl\/","name":"Vermeer Alquiler y Servicios","description":"\u00a1Preparados!","publisher":{"@id":"https:\/\/vermeer-rental.nl\/#organization"},"potentialAction":[{"@type":"SearchAction","target":{"@type":"EntryPoint","urlTemplate":"https:\/\/vermeer-rental.nl\/?s={search_term_string}"},"query-input":{"@type":"PropertyValueSpecification","valueRequired":true,"valueName":"search_term_string"}}],"inLanguage":"es"},{"@type":"Organization","@id":"https:\/\/vermeer-rental.nl\/#organization","name":"Vermeer Alquiler y Servicios","url":"https:\/\/vermeer-rental.nl\/","logo":{"@type":"ImageObject","inLanguage":"es","@id":"https:\/\/vermeer-rental.nl\/#\/schema\/logo\/image\/","url":"https:\/\/vermeer-rental.nl\/wp-content\/uploads\/2023\/02\/Logo-Vermeer-Rental-RGB.png","contentUrl":"https:\/\/vermeer-rental.nl\/wp-content\/uploads\/2023\/02\/Logo-Vermeer-Rental-RGB.png","width":800,"height":210,"caption":"Vermeer Rental & Services"},"image":{"@id":"https:\/\/vermeer-rental.nl\/#\/schema\/logo\/image\/"},"sameAs":["https:\/\/www.facebook.com\/gebrvermeerindustrialmovements","https:\/\/www.linkedin.com\/company\/gebr-vermeer-transport\/","https:\/\/www.instagram.com\/gebrvermeer\/"]}]}},"_links":{"self":[{"href":"https:\/\/vermeer-rental.nl\/es\/wp-json\/wp\/v2\/pages\/196","targetHints":{"allow":["GET"]}}],"collection":[{"href":"https:\/\/vermeer-rental.nl\/es\/wp-json\/wp\/v2\/pages"}],"about":[{"href":"https:\/\/vermeer-rental.nl\/es\/wp-json\/wp\/v2\/types\/page"}],"author":[{"embeddable":true,"href":"https:\/\/vermeer-rental.nl\/es\/wp-json\/wp\/v2\/users\/6"}],"replies":[{"embeddable":true,"href":"https:\/\/vermeer-rental.nl\/es\/wp-json\/wp\/v2\/comments?post=196"}],"version-history":[{"count":5,"href":"https:\/\/vermeer-rental.nl\/es\/wp-json\/wp\/v2\/pages\/196\/revisions"}],"predecessor-version":[{"id":1352,"href":"https:\/\/vermeer-rental.nl\/es\/wp-json\/wp\/v2\/pages\/196\/revisions\/1352"}],"up":[{"embeddable":true,"href":"https:\/\/vermeer-rental.nl\/es\/wp-json\/wp\/v2\/pages\/147"}],"wp:attachment":[{"href":"https:\/\/vermeer-rental.nl\/es\/wp-json\/wp\/v2\/media?parent=196"}],"curies":[{"name":"wp","href":"https:\/\/api.w.org\/{rel}","templated":true}]}}