{"id":1810,"date":"2023-10-21T14:43:54","date_gmt":"2023-10-21T12:43:54","guid":{"rendered":"https:\/\/vermeer-rental.nl\/?page_id=1810"},"modified":"2025-02-05T14:40:44","modified_gmt":"2025-02-05T13:40:44","slug":"subasta-industrial-experto-en-logistica-servicio-completo","status":"publish","type":"page","link":"https:\/\/vermeer-rental.nl\/es\/industriele-veiling-logistiek-expert-full-service-logistiek\/","title":{"rendered":"Log\u00edstica de subastas"},"content":{"rendered":"<div class=\"wpb-content-wrapper\"><div class=\"vc_row wpb_row vc_row-fluid\"><div class=\"wpb_column vc_column_container vc_col-sm-12\"><div class=\"vc_column-inner\"><div class=\"wpb_wrapper\">\n\t<div class=\"wpb_text_column wpb_content_element\" >\n\t\t<div class=\"wpb_wrapper\">\n\t\t\t<h1 class=\"contact-page-title\">Su socio log\u00edstico de confianza para subastas industriales - Log\u00edstica integral<\/h1>\n<p>En Vermeer, comprendemos que, como cliente de subastas industriales, busca una experiencia log\u00edstica perfecta para recibir sus compras de forma segura y puntual. Estamos aqu\u00ed para ayudarle en su proceso log\u00edstico.<\/p>\n<p>&nbsp;<\/p>\n<h2>Nuestros servicios log\u00edsticos:<\/h2>\n<p><strong>Retiradas de subastas:<\/strong> Recogemos sus compras de las subastas con cuidado y atenci\u00f3n al detalle. Tanto si se trata de maquinaria pesada como de otros equipos industriales valiosos, sus art\u00edculos ser\u00e1n manipulados y transportados por nosotros de forma segura y puntual.<\/p>\n<p><strong>Desmontaje profesional:<\/strong> Si hay que desmontar sus compras antes de transportarlas, tenemos la experiencia necesaria para hacerlo con cuidado.<\/p>\n<p><strong>Manipulaci\u00f3n de mercanc\u00edas: <\/strong>Estamos especializados en la manipulaci\u00f3n de mercanc\u00edas en subastas, donde la puntualidad y la diligencia son esenciales. Nuestros experimentados equipos garantizan que sus compras se manipulen de forma segura y eficaz. Para que la mercanc\u00eda pueda transportarse finalmente al lugar deseado.<\/p>\n<p><strong>Transporte especial seguro<\/strong>: Para todas sus necesidades de transporte, ofrecemos servicios de transporte especializados que garantizan la seguridad y la eficacia, incluso para las cargas m\u00e1s complejas.<\/p>\n<p><strong>Almacenamiento temporal<\/strong>Sus compras pueden ser almacenadas temporalmente en nuestras instalaciones seguras hasta que usted est\u00e9 listo.<\/p>\n<p><strong>Planificaci\u00f3n log\u00edstica:<\/strong> Entendemos que una log\u00edstica puntual y coordinada es crucial para sus compras. Nuestros equipos garantizan una ejecuci\u00f3n log\u00edstica impecable, incluida la planificaci\u00f3n y la optimizaci\u00f3n de rutas.<\/p>\n<p><strong>Embalaje cuidadoso:<\/strong> Para los art\u00edculos fr\u00e1giles o valiosos, ofrecemos embalaje y protecci\u00f3n mar\u00edtimos para garantizar que sus compras lleguen seguras y sin da\u00f1os.<\/p>\n<p>&nbsp;<\/p>\n<h3>Nuestros equipos de interior<\/h3>\n<ul>\n<li><strong><a href=\"https:\/\/vermeer-rental.nl\/es\/categoria\/heftrucks\/\">Alquiler de carretillas elevadoras<\/a>:<\/strong> Nuestra flota de carretillas elevadoras est\u00e1 a su disposici\u00f3n para mover mercanc\u00edas con seguridad y eficacia.<\/li>\n<li><strong><a href=\"https:\/\/vermeer-rental.nl\/es\/categoria\/gruas-pick-carry\/\">Grifos el\u00e9ctricos<\/a>:<\/strong> Nuestras gr\u00faas el\u00e9ctricas ofrecen precisi\u00f3n y potencia para la manipulaci\u00f3n segura de cargas pesadas y ligeras.<\/li>\n<li><a href=\"https:\/\/vermeer-rental.nl\/es\/categoria\/contenedores\/\"><strong>Contenedores de material con equipos de elevaci\u00f3n y rodadura<\/strong><\/a>: Nuestros amplios contenedores de material est\u00e1n equipados con todo tipo de herramientas log\u00edsticas.<\/li>\n<\/ul>\n<p>En Vermeer, nos consideramos una extensi\u00f3n de sus necesidades log\u00edsticas. Comprendemos el valor de sus compras y su deseo de recibirlas en condiciones \u00f3ptimas. Nuestros servicios log\u00edsticos contribuyen al \u00e9xito de sus compras en subastas garantizando que todos los art\u00edculos lleguen a tiempo y en perfectas condiciones.<\/p>\n<p>Nuestro compromiso con la log\u00edstica y la satisfacci\u00f3n del cliente nos ha convertido en un socio de confianza para los clientes de subastas industriales. Si busca un socio log\u00edstico de confianza para sus compras, p\u00f3ngase en contacto con Vermeer. Estamos preparados para ayudarle y satisfacer sus necesidades log\u00edsticas.<\/p>\n\n\t\t<\/div>\n\t<\/div>\n<\/div><\/div><\/div><\/div><div class=\"vc_row wpb_row vc_row-fluid\"><div class=\"wpb_column vc_column_container vc_col-sm-12\"><div class=\"vc_column-inner\"><div class=\"wpb_wrapper\"><div class=\"vc_btn3-container vc_btn3-inline vc_do_btn\" ><a class=\"vc_general vc_btn3 vc_btn3-size-md vc_btn3-shape-rounded vc_btn3-style-modern vc_btn3-icon-right vc_btn3-color-black\" href=\"https:\/\/vermeer-rental.nl\/es\/pongase-en-contacto-con\/\" title=\"P\u00f3ngase en contacto con\">P\u00f3ngase en contacto con nosotros <i class=\"vc_btn3-icon fas fa-angle-right\"><\/i><\/a><\/div><\/div><\/div><\/div><\/div>\n<\/div>","protected":false},"excerpt":{"rendered":"Uw Vertrouwde Logistieke Partner voor Industri\u00eble Veilingen - Full service logistiek Bij Vermeer begrijpen we dat u als klant van industri\u00eble veilingen zoekt naar een naadloze logistieke ervaring om uw","protected":false},"author":6,"featured_media":1773,"parent":0,"menu_order":0,"comment_status":"closed","ping_status":"closed","template":"","meta":{"om_disable_all_campaigns":false,"_monsterinsights_skip_tracking":false,"_monsterinsights_sitenote_active":false,"_monsterinsights_sitenote_note":"","_monsterinsights_sitenote_category":0,"footnotes":""},"class_list":["post-1810","page","type-page","status-publish","has-post-thumbnail","hentry"],"yoast_head":"<!-- This site is optimized with the Yoast SEO Premium plugin v23.3 (Yoast SEO v27.2) - https:\/\/yoast.com\/product\/yoast-seo-premium-wordpress\/ -->\n<title>Industri\u00eble Veiling Logistiek expert: Full Service Logistiek<\/title>\n<meta name=\"description\" content=\"Full service logistiek verzorgd door Vermeer: Veilingafhalingen, demontage en handling van goederen - Industri\u00eble veiling logistiek expert.\" \/>\n<meta name=\"robots\" content=\"index, follow, max-snippet:-1, max-image-preview:large, max-video-preview:-1\" \/>\n<link rel=\"canonical\" href=\"https:\/\/vermeer-rental.nl\/es\/subasta-industrial-experto-en-logistica-servicio-completo\/\" \/>\n<meta property=\"og:locale\" content=\"es_ES\" \/>\n<meta property=\"og:type\" content=\"article\" \/>\n<meta property=\"og:title\" content=\"Veiling logistiek\" \/>\n<meta property=\"og:description\" content=\"Full service logistiek verzorgd door Vermeer: Veilingafhalingen, demontage en handling van goederen - Industri\u00eble veiling logistiek expert.\" \/>\n<meta property=\"og:url\" content=\"https:\/\/vermeer-rental.nl\/es\/subasta-industrial-experto-en-logistica-servicio-completo\/\" \/>\n<meta property=\"og:site_name\" content=\"Vermeer Rental &amp; Services\" \/>\n<meta property=\"article:publisher\" content=\"https:\/\/www.facebook.com\/gebrvermeerindustrialmovements\" \/>\n<meta property=\"article:modified_time\" content=\"2025-02-05T13:40:44+00:00\" \/>\n<meta property=\"og:image\" content=\"https:\/\/vermeer-rental.nl\/wp-content\/uploads\/2023\/10\/20180913-VERMEER-foto-op-de-pagina-scaled.jpg\" \/>\n\t<meta property=\"og:image:width\" content=\"2560\" \/>\n\t<meta property=\"og:image:height\" content=\"1709\" \/>\n\t<meta property=\"og:image:type\" content=\"image\/jpeg\" \/>\n<meta name=\"twitter:card\" content=\"summary_large_image\" \/>\n<meta name=\"twitter:label1\" content=\"Tiempo de lectura\" \/>\n\t<meta name=\"twitter:data1\" content=\"3 minutos\" \/>\n<script type=\"application\/ld+json\" class=\"yoast-schema-graph\">{\"@context\":\"https:\/\/schema.org\",\"@graph\":[{\"@type\":\"WebPage\",\"@id\":\"https:\/\/vermeer-rental.nl\/industriele-veiling-logistiek-expert-full-service-logistiek\/\",\"url\":\"https:\/\/vermeer-rental.nl\/industriele-veiling-logistiek-expert-full-service-logistiek\/\",\"name\":\"Industri\u00eble Veiling Logistiek expert: Full Service Logistiek\",\"isPartOf\":{\"@id\":\"https:\/\/vermeer-rental.nl\/#website\"},\"primaryImageOfPage\":{\"@id\":\"https:\/\/vermeer-rental.nl\/industriele-veiling-logistiek-expert-full-service-logistiek\/#primaryimage\"},\"image\":{\"@id\":\"https:\/\/vermeer-rental.nl\/industriele-veiling-logistiek-expert-full-service-logistiek\/#primaryimage\"},\"thumbnailUrl\":\"https:\/\/vermeer-rental.nl\/wp-content\/uploads\/2023\/10\/20180913-VERMEER-foto-op-de-pagina-scaled.jpg\",\"datePublished\":\"2023-10-21T12:43:54+00:00\",\"dateModified\":\"2025-02-05T13:40:44+00:00\",\"description\":\"Full service logistiek verzorgd door Vermeer: Veilingafhalingen, demontage en handling van goederen - Industri\u00eble veiling logistiek expert.\",\"breadcrumb\":{\"@id\":\"https:\/\/vermeer-rental.nl\/industriele-veiling-logistiek-expert-full-service-logistiek\/#breadcrumb\"},\"inLanguage\":\"es\",\"potentialAction\":[{\"@type\":\"ReadAction\",\"target\":[\"https:\/\/vermeer-rental.nl\/industriele-veiling-logistiek-expert-full-service-logistiek\/\"]}]},{\"@type\":\"ImageObject\",\"inLanguage\":\"es\",\"@id\":\"https:\/\/vermeer-rental.nl\/industriele-veiling-logistiek-expert-full-service-logistiek\/#primaryimage\",\"url\":\"https:\/\/vermeer-rental.nl\/wp-content\/uploads\/2023\/10\/20180913-VERMEER-foto-op-de-pagina-scaled.jpg\",\"contentUrl\":\"https:\/\/vermeer-rental.nl\/wp-content\/uploads\/2023\/10\/20180913-VERMEER-foto-op-de-pagina-scaled.jpg\",\"width\":2560,\"height\":1709},{\"@type\":\"BreadcrumbList\",\"@id\":\"https:\/\/vermeer-rental.nl\/industriele-veiling-logistiek-expert-full-service-logistiek\/#breadcrumb\",\"itemListElement\":[{\"@type\":\"ListItem\",\"position\":1,\"name\":\"Home\",\"item\":\"https:\/\/vermeer-rental.nl\/\"},{\"@type\":\"ListItem\",\"position\":2,\"name\":\"Veiling logistiek\"}]},{\"@type\":\"WebSite\",\"@id\":\"https:\/\/vermeer-rental.nl\/#website\",\"url\":\"https:\/\/vermeer-rental.nl\/\",\"name\":\"Vermeer Rental & Services\",\"description\":\"Staat voor u klaar!\",\"publisher\":{\"@id\":\"https:\/\/vermeer-rental.nl\/#organization\"},\"potentialAction\":[{\"@type\":\"SearchAction\",\"target\":{\"@type\":\"EntryPoint\",\"urlTemplate\":\"https:\/\/vermeer-rental.nl\/?s={search_term_string}\"},\"query-input\":{\"@type\":\"PropertyValueSpecification\",\"valueRequired\":true,\"valueName\":\"search_term_string\"}}],\"inLanguage\":\"es\"},{\"@type\":\"Organization\",\"@id\":\"https:\/\/vermeer-rental.nl\/#organization\",\"name\":\"Vermeer Rental & Services\",\"url\":\"https:\/\/vermeer-rental.nl\/\",\"logo\":{\"@type\":\"ImageObject\",\"inLanguage\":\"es\",\"@id\":\"https:\/\/vermeer-rental.nl\/#\/schema\/logo\/image\/\",\"url\":\"https:\/\/vermeer-rental.nl\/wp-content\/uploads\/2023\/02\/Logo-Vermeer-Rental-RGB.png\",\"contentUrl\":\"https:\/\/vermeer-rental.nl\/wp-content\/uploads\/2023\/02\/Logo-Vermeer-Rental-RGB.png\",\"width\":800,\"height\":210,\"caption\":\"Vermeer Rental & Services\"},\"image\":{\"@id\":\"https:\/\/vermeer-rental.nl\/#\/schema\/logo\/image\/\"},\"sameAs\":[\"https:\/\/www.facebook.com\/gebrvermeerindustrialmovements\",\"https:\/\/www.linkedin.com\/company\/gebr-vermeer-transport\/\",\"https:\/\/www.instagram.com\/gebrvermeer\/\"]}]}<\/script>\n<!-- \/ Yoast SEO Premium plugin. -->","yoast_head_json":{"title":"Industrial Auction Logistics expert: Log\u00edstica integral","description":"Servicio completo de log\u00edstica proporcionado por Vermeer: Recogidas en subasta, desmontaje y manipulaci\u00f3n de mercanc\u00edas - Experto en log\u00edstica de subastas industriales.","robots":{"index":"index","follow":"follow","max-snippet":"max-snippet:-1","max-image-preview":"max-image-preview:large","max-video-preview":"max-video-preview:-1"},"canonical":"https:\/\/vermeer-rental.nl\/es\/subasta-industrial-experto-en-logistica-servicio-completo\/","og_locale":"es_ES","og_type":"article","og_title":"Veiling logistiek","og_description":"Full service logistiek verzorgd door Vermeer: Veilingafhalingen, demontage en handling van goederen - Industri\u00eble veiling logistiek expert.","og_url":"https:\/\/vermeer-rental.nl\/es\/subasta-industrial-experto-en-logistica-servicio-completo\/","og_site_name":"Vermeer Rental &amp; Services","article_publisher":"https:\/\/www.facebook.com\/gebrvermeerindustrialmovements","article_modified_time":"2025-02-05T13:40:44+00:00","og_image":[{"width":2560,"height":1709,"url":"https:\/\/vermeer-rental.nl\/wp-content\/uploads\/2023\/10\/20180913-VERMEER-foto-op-de-pagina-scaled.jpg","type":"image\/jpeg"}],"twitter_card":"summary_large_image","twitter_misc":{"Tiempo de lectura":"3 minutos"},"schema":{"@context":"https:\/\/schema.org","@graph":[{"@type":"WebPage","@id":"https:\/\/vermeer-rental.nl\/industriele-veiling-logistiek-expert-full-service-logistiek\/","url":"https:\/\/vermeer-rental.nl\/industriele-veiling-logistiek-expert-full-service-logistiek\/","name":"Industrial Auction Logistics expert: Log\u00edstica integral","isPartOf":{"@id":"https:\/\/vermeer-rental.nl\/#website"},"primaryImageOfPage":{"@id":"https:\/\/vermeer-rental.nl\/industriele-veiling-logistiek-expert-full-service-logistiek\/#primaryimage"},"image":{"@id":"https:\/\/vermeer-rental.nl\/industriele-veiling-logistiek-expert-full-service-logistiek\/#primaryimage"},"thumbnailUrl":"https:\/\/vermeer-rental.nl\/wp-content\/uploads\/2023\/10\/20180913-VERMEER-foto-op-de-pagina-scaled.jpg","datePublished":"2023-10-21T12:43:54+00:00","dateModified":"2025-02-05T13:40:44+00:00","description":"Servicio completo de log\u00edstica proporcionado por Vermeer: Recogidas en subasta, desmontaje y manipulaci\u00f3n de mercanc\u00edas - Experto en log\u00edstica de subastas industriales.","breadcrumb":{"@id":"https:\/\/vermeer-rental.nl\/industriele-veiling-logistiek-expert-full-service-logistiek\/#breadcrumb"},"inLanguage":"es","potentialAction":[{"@type":"ReadAction","target":["https:\/\/vermeer-rental.nl\/industriele-veiling-logistiek-expert-full-service-logistiek\/"]}]},{"@type":"ImageObject","inLanguage":"es","@id":"https:\/\/vermeer-rental.nl\/industriele-veiling-logistiek-expert-full-service-logistiek\/#primaryimage","url":"https:\/\/vermeer-rental.nl\/wp-content\/uploads\/2023\/10\/20180913-VERMEER-foto-op-de-pagina-scaled.jpg","contentUrl":"https:\/\/vermeer-rental.nl\/wp-content\/uploads\/2023\/10\/20180913-VERMEER-foto-op-de-pagina-scaled.jpg","width":2560,"height":1709},{"@type":"BreadcrumbList","@id":"https:\/\/vermeer-rental.nl\/industriele-veiling-logistiek-expert-full-service-logistiek\/#breadcrumb","itemListElement":[{"@type":"ListItem","position":1,"name":"Home","item":"https:\/\/vermeer-rental.nl\/"},{"@type":"ListItem","position":2,"name":"Veiling logistiek"}]},{"@type":"WebSite","@id":"https:\/\/vermeer-rental.nl\/#website","url":"https:\/\/vermeer-rental.nl\/","name":"Vermeer Alquiler y Servicios","description":"\u00a1Preparados!","publisher":{"@id":"https:\/\/vermeer-rental.nl\/#organization"},"potentialAction":[{"@type":"SearchAction","target":{"@type":"EntryPoint","urlTemplate":"https:\/\/vermeer-rental.nl\/?s={search_term_string}"},"query-input":{"@type":"PropertyValueSpecification","valueRequired":true,"valueName":"search_term_string"}}],"inLanguage":"es"},{"@type":"Organization","@id":"https:\/\/vermeer-rental.nl\/#organization","name":"Vermeer Alquiler y Servicios","url":"https:\/\/vermeer-rental.nl\/","logo":{"@type":"ImageObject","inLanguage":"es","@id":"https:\/\/vermeer-rental.nl\/#\/schema\/logo\/image\/","url":"https:\/\/vermeer-rental.nl\/wp-content\/uploads\/2023\/02\/Logo-Vermeer-Rental-RGB.png","contentUrl":"https:\/\/vermeer-rental.nl\/wp-content\/uploads\/2023\/02\/Logo-Vermeer-Rental-RGB.png","width":800,"height":210,"caption":"Vermeer Rental & Services"},"image":{"@id":"https:\/\/vermeer-rental.nl\/#\/schema\/logo\/image\/"},"sameAs":["https:\/\/www.facebook.com\/gebrvermeerindustrialmovements","https:\/\/www.linkedin.com\/company\/gebr-vermeer-transport\/","https:\/\/www.instagram.com\/gebrvermeer\/"]}]}},"_links":{"self":[{"href":"https:\/\/vermeer-rental.nl\/es\/wp-json\/wp\/v2\/pages\/1810","targetHints":{"allow":["GET"]}}],"collection":[{"href":"https:\/\/vermeer-rental.nl\/es\/wp-json\/wp\/v2\/pages"}],"about":[{"href":"https:\/\/vermeer-rental.nl\/es\/wp-json\/wp\/v2\/types\/page"}],"author":[{"embeddable":true,"href":"https:\/\/vermeer-rental.nl\/es\/wp-json\/wp\/v2\/users\/6"}],"replies":[{"embeddable":true,"href":"https:\/\/vermeer-rental.nl\/es\/wp-json\/wp\/v2\/comments?post=1810"}],"version-history":[{"count":10,"href":"https:\/\/vermeer-rental.nl\/es\/wp-json\/wp\/v2\/pages\/1810\/revisions"}],"predecessor-version":[{"id":1841,"href":"https:\/\/vermeer-rental.nl\/es\/wp-json\/wp\/v2\/pages\/1810\/revisions\/1841"}],"wp:featuredmedia":[{"embeddable":true,"href":"https:\/\/vermeer-rental.nl\/es\/wp-json\/wp\/v2\/media\/1773"}],"wp:attachment":[{"href":"https:\/\/vermeer-rental.nl\/es\/wp-json\/wp\/v2\/media?parent=1810"}],"curies":[{"name":"wp","href":"https:\/\/api.w.org\/{rel}","templated":true}]}}