{"id":1690,"date":"2023-09-12T17:20:15","date_gmt":"2023-09-12T15:20:15","guid":{"rendered":"https:\/\/vermeer-rental.nl\/?page_id=1690"},"modified":"2023-10-30T20:15:29","modified_gmt":"2023-10-30T19:15:29","slug":"mudanzas-industriales-proyectos-llave-en-mano-desmontaje-montaje-transporte-excepcional-embalaje-exportacion-almacenamiento-alquiler-de-gruas","status":"publish","type":"page","link":"https:\/\/vermeer-rental.nl\/es\/industriele-verhuizingen-%c2%b7-turn-key-projecten-%c2%b7-demontage-montage-%c2%b7-uitzonderlijk-transport-%c2%b7-exportverpakkingen-%c2%b7-opslag-%c2%b7-kraanverhuur\/","title":{"rendered":"Movimientos industriales"},"content":{"rendered":"<div class=\"wpb-content-wrapper\"><div class=\"vc_row wpb_row vc_row-fluid\"><div class=\"wpb_column vc_column_container vc_col-sm-8\"><div class=\"vc_column-inner\"><div class=\"wpb_wrapper\">\n\t<div class=\"wpb_text_column wpb_content_element\" >\n\t\t<div class=\"wpb_wrapper\">\n\t\t\t<h2 class=\"contact-page-title\">Industri\u00eble verplaatsingen<\/h2>\n<h4><strong>Industri\u00eble verplaatsingen<\/strong><\/h4>\n<p>Voor alle uitdagingen in uw organisatie op het gebied van zowel verhuizingen als industri\u00eble verplaatsingen, bieden wij maatwerk oplossingen op innovatieve wijze. Machine transport, cnc-transport, machine (ver)plaatsing, industrieel verhuizen, machine opslag, machine installatie, (de)montage, \u2026 Een kleine greep uit dat wat wij allemaal voor onze klanten regelen. Bij Vermeer nemen we u het volledige transportproces van machines, productielijnen en andere kwetsbare producten uit handen. Zo staan flexibiliteit, creativiteit \u00e9n het overtreffen van ieders verwachtingen hierbij altijd voorop.\u00a0\u00a0No matter what.<\/p>\n<h4><strong>Complete aanpak<\/strong><\/h4>\n<p>Doordat wij expertise, analytisch vermogen, engineering, projectmanagement, vakmanschap en uitrusting combineren zijn wij uw aangewezen partner in industri\u00eble verhuizingen. Wij zorgen voor in- en externe verhuizingen, zowel op nationaal als op internationaal niveau, voor \u2018losse\u2019 machineverplaatsingen maar ook voor integrale industri\u00eble verplaatsingen van complexe productiefaciliteiten in de meest extreme tijdframes.<\/p>\n<p>Om de vereiste kwaliteit te kunnen bieden, hebben wij een reeks specialismen in huis. Zo is er kennis op het gebied van elektrotechniek, mechanica, machinebouw en bouwkunde. Daarnaast zijn er dagelijks zeer ervaren planners, account managers, project managers en technici betrokken bij de meest uiteenlopende projecten. Zo leveren goed opgeleide en ervaren vakmensen dagelijks prestaties waar we trots op zijn.<\/p>\n\n\t\t<\/div>\n\t<\/div>\n<\/div><\/div><\/div><div class=\"wpb_column vc_column_container vc_col-sm-4\"><div class=\"vc_column-inner\"><div class=\"wpb_wrapper\">\n\t<div  class=\"wpb_single_image wpb_content_element vc_align_left wpb_content_element\">\n\t\t\n\t\t<figure class=\"wpb_wrapper vc_figure\">\n\t\t\t<div class=\"vc_single_image-wrapper   vc_box_border_grey\"><img loading=\"lazy\" decoding=\"async\" width=\"2560\" height=\"1709\" src=\"https:\/\/vermeer-rental.nl\/wp-content\/uploads\/2023\/09\/industriele-verplaatsingen-scaled.jpg\" class=\"vc_single_image-img attachment-full\" alt=\"\" title=\"industriele verplaatsingen\" srcset=\"https:\/\/vermeer-rental.nl\/wp-content\/uploads\/2023\/09\/industriele-verplaatsingen-scaled.jpg 2560w, https:\/\/vermeer-rental.nl\/wp-content\/uploads\/2023\/09\/industriele-verplaatsingen-300x200.jpg 300w, https:\/\/vermeer-rental.nl\/wp-content\/uploads\/2023\/09\/industriele-verplaatsingen-1024x684.jpg 1024w, https:\/\/vermeer-rental.nl\/wp-content\/uploads\/2023\/09\/industriele-verplaatsingen-768x513.jpg 768w, https:\/\/vermeer-rental.nl\/wp-content\/uploads\/2023\/09\/industriele-verplaatsingen-1536x1025.jpg 1536w, https:\/\/vermeer-rental.nl\/wp-content\/uploads\/2023\/09\/industriele-verplaatsingen-2048x1367.jpg 2048w, https:\/\/vermeer-rental.nl\/wp-content\/uploads\/2023\/09\/industriele-verplaatsingen-600x401.jpg 600w\" sizes=\"auto, (max-width: 2560px) 100vw, 2560px\" \/><\/div>\n\t\t<\/figure>\n\t<\/div>\n<\/div><\/div><\/div><\/div><div class=\"vc_row wpb_row vc_row-fluid\"><div class=\"wpb_column vc_column_container vc_col-sm-6\"><div class=\"vc_column-inner\"><div class=\"wpb_wrapper\">\n\t<div class=\"wpb_text_column wpb_content_element\" >\n\t\t<div class=\"wpb_wrapper\">\n\t\t\t<h4><strong>Innovatief materiaal<\/strong><\/h4>\n<p>Met ons <a href=\"https:\/\/vermeer-rental.nl\/verhuur\/\">uitgebreide assortiment aan hoogwaardige verhuurapparatuur<\/a>, waaronder <a href=\"\/categorie\/heftrucks\/\">heftrucks<\/a>, <a href=\"\/categorie\/pick-carry-kranen\/\">kranen<\/a> en transportvoertuigen, kunnen we u voorzien van de juiste middelen om uw verplaatsingsbehoeften te vervullen.<\/p>\n<h4><strong>Kernwaarden Vermeer:<br \/>\n<\/strong><\/h4>\n<p>Bij Vermeer Rental &amp; Services kennen we een aantal belangrijke waarden, namelijk:<\/p>\n<ul>\n<li><span style=\"color: #000000;\">Co\u00f6rdinatie en realisatie van uw transport van A tot Z.<\/span><\/li>\n<li><span style=\"color: #000000;\">E\u00e9n betrouwbaar aanspreekpunt tijdens het project.<\/span><\/li>\n<li><span style=\"color: #000000;\">Voorbereiding tot in de puntjes, met een plan van aanpak tot in detail.<\/span><\/li>\n<li><span style=\"color: #000000;\">Snel en effici\u00ebnt werken: de verhuizing levert geen verstoring op voor uw productie.<\/span><\/li>\n<li><span style=\"color: #000000;\">Veiligheid, gezondheid en millieu.<\/span><\/li>\n<li><span style=\"color: #000000;\">Persoonlijke aanpak.<\/span><\/li>\n<li><span style=\"color: #000000;\">Maatwerk, wij bieden altijd een passende oplossing.<\/span><\/li>\n<\/ul>\n\n\t\t<\/div>\n\t<\/div>\n<\/div><\/div><\/div><div class=\"wpb_column vc_column_container vc_col-sm-6\"><div class=\"vc_column-inner\"><div class=\"wpb_wrapper\">\n\t<div class=\"wpb_text_column wpb_content_element\" >\n\t\t<div class=\"wpb_wrapper\">\n\t\t\t<h3 class=\"contact-page-title\">Case<\/h3>\n<p>Onlangs een prachtig project afgerond waarbij we een machinelijn hebben verhuisd van Gennep naar Geldern (DE) en Nieuwkuijk<\/p>\n\n\t\t<\/div>\n\t<\/div>\n<div class=\"wpb_gallery wpb_content_element vc_clearfix wpb_content_element\" ><div class=\"wpb_wrapper\"><div class=\"wpb_gallery_slides wpb_flexslider flexslider_slide flexslider\" data-interval=\"3\" data-flex_fx=\"slide\"><ul class=\"slides\"><li><a class=\"\" href=\"https:\/\/vermeer-rental.nl\/wp-content\/uploads\/2023\/09\/Case-1.jpg\" data-lightbox=\"lightbox[rel-1690-2001665871]\"><img decoding=\"async\" class=\"\" src=\"https:\/\/vermeer-rental.nl\/wp-content\/uploads\/2023\/09\/Case-1-640x400.jpg\" width=\"640\" height=\"400\" alt=\"Case 1\" title=\"Case 1\" loading=\"lazy\" \/><\/a><\/li><li><a class=\"\" href=\"https:\/\/vermeer-rental.nl\/wp-content\/uploads\/2023\/09\/Case-2.jpg\" data-lightbox=\"lightbox[rel-1690-2001665871]\"><img decoding=\"async\" class=\"\" src=\"https:\/\/vermeer-rental.nl\/wp-content\/uploads\/2023\/09\/Case-2-640x400.jpg\" width=\"640\" height=\"400\" alt=\"Case 2\" title=\"Case 2\" loading=\"lazy\" \/><\/a><\/li><li><a class=\"\" href=\"https:\/\/vermeer-rental.nl\/wp-content\/uploads\/2023\/09\/Case-3-e1695664373439.jpg\" data-lightbox=\"lightbox[rel-1690-2001665871]\"><img decoding=\"async\" class=\"\" src=\"https:\/\/vermeer-rental.nl\/wp-content\/uploads\/2023\/09\/Case-3-e1695664373439-480x400.jpg\" width=\"480\" height=\"400\" alt=\"Case 3\" title=\"Case 3\" loading=\"lazy\" \/><\/a><\/li><li><a class=\"\" href=\"https:\/\/vermeer-rental.nl\/wp-content\/uploads\/2023\/09\/Case-4.jpg\" data-lightbox=\"lightbox[rel-1690-2001665871]\"><img decoding=\"async\" class=\"\" src=\"https:\/\/vermeer-rental.nl\/wp-content\/uploads\/2023\/09\/Case-4-640x400.jpg\" width=\"640\" height=\"400\" alt=\"Case 4\" title=\"Case 4\" loading=\"lazy\" \/><\/a><\/li><li><a class=\"\" href=\"https:\/\/vermeer-rental.nl\/wp-content\/uploads\/2023\/09\/Case-5.jpg\" data-lightbox=\"lightbox[rel-1690-2001665871]\"><img decoding=\"async\" class=\"\" src=\"https:\/\/vermeer-rental.nl\/wp-content\/uploads\/2023\/09\/Case-5-640x400.jpg\" width=\"640\" height=\"400\" alt=\"Case 5\" title=\"Case 5\" loading=\"lazy\" \/><\/a><\/li><li><a class=\"\" href=\"https:\/\/vermeer-rental.nl\/wp-content\/uploads\/2023\/09\/Case-6.jpg\" data-lightbox=\"lightbox[rel-1690-2001665871]\"><img decoding=\"async\" class=\"\" src=\"https:\/\/vermeer-rental.nl\/wp-content\/uploads\/2023\/09\/Case-6-640x400.jpg\" width=\"640\" height=\"400\" alt=\"Case 6\" title=\"Case 6\" loading=\"lazy\" \/><\/a><\/li><li><a class=\"\" href=\"https:\/\/vermeer-rental.nl\/wp-content\/uploads\/2023\/09\/Case-7.jpg\" data-lightbox=\"lightbox[rel-1690-2001665871]\"><img decoding=\"async\" class=\"\" src=\"https:\/\/vermeer-rental.nl\/wp-content\/uploads\/2023\/09\/Case-7-640x400.jpg\" width=\"640\" height=\"400\" alt=\"Case 7\" title=\"Case 7\" loading=\"lazy\" \/><\/a><\/li><li><a class=\"\" href=\"https:\/\/vermeer-rental.nl\/wp-content\/uploads\/2023\/09\/Case-8.jpg\" data-lightbox=\"lightbox[rel-1690-2001665871]\"><img decoding=\"async\" class=\"\" src=\"https:\/\/vermeer-rental.nl\/wp-content\/uploads\/2023\/09\/Case-8-640x400.jpg\" width=\"640\" height=\"400\" alt=\"Case 8\" title=\"Case 8\" loading=\"lazy\" \/><\/a><\/li><\/ul><\/div><\/div><\/div><\/div><\/div><\/div><\/div><div class=\"vc_row wpb_row vc_row-fluid\"><div class=\"wpb_column vc_column_container vc_col-sm-12\"><div class=\"vc_column-inner\"><div class=\"wpb_wrapper\">\n\t<div class=\"wpb_text_column wpb_content_element\" >\n\t\t<div class=\"wpb_wrapper\">\n\t\t\t<h4><strong>Veiligheid &amp; Kwaliteit<\/strong><\/h4>\n<p>Veiligheid is een topprioriteit bij Vermeer Rental &amp; Services, doordat we strikte veiligheidsprotocollen volgen en ervoor zorgen dat al onze medewerkers goed getraind zijn in het veilig hanteren van zware apparatuur en het uitvoeren van verplaatsingen op een veilige en effici\u00ebnte manier.<\/p>\n<p>Bij Vermeer Rental &amp; Services streven we naar klanttevredenheid en langdurige samenwerkingen. We begrijpen dat elk verplaatsingsproject uniek is en vereist maatwerkoplossingen. Daarom bieden we een persoonlijke benadering en werken we nauw samen met u om uw specifieke behoeften en doelstellingen te begrijpen en te vervullen.<\/p>\n<p>Kies daarom Vermeer Rental &amp; Services als uw partner voor industri\u00eble verplaatsingen en ervaar de kwaliteit, betrouwbaarheid en effici\u00ebntie. Neem vandaag nog <a href=\"https:\/\/vermeer-rental.nl\/contact\/\">contact met ons<\/a> op om uw verplaatsingsproject te bespreken en te ontdekken hoe wij u kunnen helpen bij het succesvol realiseren van uw industri\u00eble verplaatsingen.<\/p>\n\n\t\t<\/div>\n\t<\/div>\n<div class=\"vc_btn3-container vc_btn3-inline vc_do_btn\" ><a class=\"vc_general vc_btn3 vc_btn3-size-md vc_btn3-shape-rounded vc_btn3-style-modern vc_btn3-icon-right vc_btn3-color-black\" href=\"https:\/\/vermeer-rental.nl\/contact\/\" title=\"Contact\">Neem contact met ons op <i class=\"vc_btn3-icon fas fa-angle-right\"><\/i><\/a><\/div><\/div><\/div><\/div><\/div>\n<\/div>","protected":false},"excerpt":{"rendered":"Industri\u00eble verplaatsingen Industri\u00eble verplaatsingen Voor alle uitdagingen in uw organisatie op het gebied van zowel verhuizingen als industri\u00eble verplaatsingen, bieden wij maatwerk oplossingen op innovatieve wijze. Machine transport, cnc-transport, machine","protected":false},"author":6,"featured_media":1722,"parent":0,"menu_order":0,"comment_status":"closed","ping_status":"closed","template":"","meta":{"om_disable_all_campaigns":false,"_monsterinsights_skip_tracking":false,"_monsterinsights_sitenote_active":false,"_monsterinsights_sitenote_note":"","_monsterinsights_sitenote_category":0,"footnotes":""},"class_list":["post-1690","page","type-page","status-publish","has-post-thumbnail","hentry"],"yoast_head":"<!-- This site is optimized with the Yoast SEO Premium plugin v23.3 (Yoast SEO v27.2) - https:\/\/yoast.com\/product\/yoast-seo-premium-wordpress\/ -->\n<title>Industri\u00eble verhuizingen: Een complete aanpak voor elke uitdaging<\/title>\n<meta name=\"description\" content=\"Industri\u00eble verhuizingen, turn-key projecten, demontage &amp; montage, uitzonderlijk transport, exportverpakkingen, opslag en kraanverhuur.\" \/>\n<meta name=\"robots\" content=\"index, follow, max-snippet:-1, max-image-preview:large, max-video-preview:-1\" \/>\n<link rel=\"canonical\" href=\"https:\/\/vermeer-rental.nl\/es\/mudanzas-industriales-proyectos-llave-en-mano-desmontaje-montaje-transporte-excepcional-embalaje-exportacion-almacenamiento-alquiler-de-gruas\/\" \/>\n<meta property=\"og:locale\" content=\"es_ES\" \/>\n<meta property=\"og:type\" content=\"article\" \/>\n<meta property=\"og:title\" content=\"Industri\u00eble verplaatsingen\" \/>\n<meta property=\"og:description\" content=\"Industri\u00eble verhuizingen, turn-key projecten, demontage &amp; montage, uitzonderlijk transport, exportverpakkingen, opslag en kraanverhuur.\" \/>\n<meta property=\"og:url\" content=\"https:\/\/vermeer-rental.nl\/es\/mudanzas-industriales-proyectos-llave-en-mano-desmontaje-montaje-transporte-excepcional-embalaje-exportacion-almacenamiento-alquiler-de-gruas\/\" \/>\n<meta property=\"og:site_name\" content=\"Vermeer Rental &amp; Services\" \/>\n<meta property=\"article:publisher\" content=\"https:\/\/www.facebook.com\/gebrvermeerindustrialmovements\" \/>\n<meta property=\"article:modified_time\" content=\"2023-10-30T19:15:29+00:00\" \/>\n<meta property=\"og:image\" content=\"https:\/\/vermeer-rental.nl\/wp-content\/uploads\/2023\/09\/Case-5.jpg\" \/>\n\t<meta property=\"og:image:width\" content=\"640\" \/>\n\t<meta property=\"og:image:height\" content=\"480\" \/>\n\t<meta property=\"og:image:type\" content=\"image\/jpeg\" \/>\n<meta name=\"twitter:card\" content=\"summary_large_image\" \/>\n<meta name=\"twitter:label1\" content=\"Tiempo de lectura\" \/>\n\t<meta name=\"twitter:data1\" content=\"3 minutos\" \/>\n<script type=\"application\/ld+json\" class=\"yoast-schema-graph\">{\"@context\":\"https:\/\/schema.org\",\"@graph\":[{\"@type\":\"WebPage\",\"@id\":\"https:\/\/vermeer-rental.nl\/industriele-verhuizingen-%c2%b7-turn-key-projecten-%c2%b7-demontage-montage-%c2%b7-uitzonderlijk-transport-%c2%b7-exportverpakkingen-%c2%b7-opslag-%c2%b7-kraanverhuur\/\",\"url\":\"https:\/\/vermeer-rental.nl\/industriele-verhuizingen-%c2%b7-turn-key-projecten-%c2%b7-demontage-montage-%c2%b7-uitzonderlijk-transport-%c2%b7-exportverpakkingen-%c2%b7-opslag-%c2%b7-kraanverhuur\/\",\"name\":\"Industri\u00eble verhuizingen: Een complete aanpak voor elke uitdaging\",\"isPartOf\":{\"@id\":\"https:\/\/vermeer-rental.nl\/#website\"},\"primaryImageOfPage\":{\"@id\":\"https:\/\/vermeer-rental.nl\/industriele-verhuizingen-%c2%b7-turn-key-projecten-%c2%b7-demontage-montage-%c2%b7-uitzonderlijk-transport-%c2%b7-exportverpakkingen-%c2%b7-opslag-%c2%b7-kraanverhuur\/#primaryimage\"},\"image\":{\"@id\":\"https:\/\/vermeer-rental.nl\/industriele-verhuizingen-%c2%b7-turn-key-projecten-%c2%b7-demontage-montage-%c2%b7-uitzonderlijk-transport-%c2%b7-exportverpakkingen-%c2%b7-opslag-%c2%b7-kraanverhuur\/#primaryimage\"},\"thumbnailUrl\":\"https:\/\/vermeer-rental.nl\/wp-content\/uploads\/2023\/09\/Case-5.jpg\",\"datePublished\":\"2023-09-12T15:20:15+00:00\",\"dateModified\":\"2023-10-30T19:15:29+00:00\",\"description\":\"Industri\u00eble verhuizingen, turn-key projecten, demontage & montage, uitzonderlijk transport, exportverpakkingen, opslag en kraanverhuur.\",\"breadcrumb\":{\"@id\":\"https:\/\/vermeer-rental.nl\/industriele-verhuizingen-%c2%b7-turn-key-projecten-%c2%b7-demontage-montage-%c2%b7-uitzonderlijk-transport-%c2%b7-exportverpakkingen-%c2%b7-opslag-%c2%b7-kraanverhuur\/#breadcrumb\"},\"inLanguage\":\"es\",\"potentialAction\":[{\"@type\":\"ReadAction\",\"target\":[\"https:\/\/vermeer-rental.nl\/industriele-verhuizingen-%c2%b7-turn-key-projecten-%c2%b7-demontage-montage-%c2%b7-uitzonderlijk-transport-%c2%b7-exportverpakkingen-%c2%b7-opslag-%c2%b7-kraanverhuur\/\"]}]},{\"@type\":\"ImageObject\",\"inLanguage\":\"es\",\"@id\":\"https:\/\/vermeer-rental.nl\/industriele-verhuizingen-%c2%b7-turn-key-projecten-%c2%b7-demontage-montage-%c2%b7-uitzonderlijk-transport-%c2%b7-exportverpakkingen-%c2%b7-opslag-%c2%b7-kraanverhuur\/#primaryimage\",\"url\":\"https:\/\/vermeer-rental.nl\/wp-content\/uploads\/2023\/09\/Case-5.jpg\",\"contentUrl\":\"https:\/\/vermeer-rental.nl\/wp-content\/uploads\/2023\/09\/Case-5.jpg\",\"width\":640,\"height\":480},{\"@type\":\"BreadcrumbList\",\"@id\":\"https:\/\/vermeer-rental.nl\/industriele-verhuizingen-%c2%b7-turn-key-projecten-%c2%b7-demontage-montage-%c2%b7-uitzonderlijk-transport-%c2%b7-exportverpakkingen-%c2%b7-opslag-%c2%b7-kraanverhuur\/#breadcrumb\",\"itemListElement\":[{\"@type\":\"ListItem\",\"position\":1,\"name\":\"Home\",\"item\":\"https:\/\/vermeer-rental.nl\/\"},{\"@type\":\"ListItem\",\"position\":2,\"name\":\"Industri\u00eble verplaatsingen\"}]},{\"@type\":\"WebSite\",\"@id\":\"https:\/\/vermeer-rental.nl\/#website\",\"url\":\"https:\/\/vermeer-rental.nl\/\",\"name\":\"Vermeer Rental & Services\",\"description\":\"Staat voor u klaar!\",\"publisher\":{\"@id\":\"https:\/\/vermeer-rental.nl\/#organization\"},\"potentialAction\":[{\"@type\":\"SearchAction\",\"target\":{\"@type\":\"EntryPoint\",\"urlTemplate\":\"https:\/\/vermeer-rental.nl\/?s={search_term_string}\"},\"query-input\":{\"@type\":\"PropertyValueSpecification\",\"valueRequired\":true,\"valueName\":\"search_term_string\"}}],\"inLanguage\":\"es\"},{\"@type\":\"Organization\",\"@id\":\"https:\/\/vermeer-rental.nl\/#organization\",\"name\":\"Vermeer Rental & Services\",\"url\":\"https:\/\/vermeer-rental.nl\/\",\"logo\":{\"@type\":\"ImageObject\",\"inLanguage\":\"es\",\"@id\":\"https:\/\/vermeer-rental.nl\/#\/schema\/logo\/image\/\",\"url\":\"https:\/\/vermeer-rental.nl\/wp-content\/uploads\/2023\/02\/Logo-Vermeer-Rental-RGB.png\",\"contentUrl\":\"https:\/\/vermeer-rental.nl\/wp-content\/uploads\/2023\/02\/Logo-Vermeer-Rental-RGB.png\",\"width\":800,\"height\":210,\"caption\":\"Vermeer Rental & Services\"},\"image\":{\"@id\":\"https:\/\/vermeer-rental.nl\/#\/schema\/logo\/image\/\"},\"sameAs\":[\"https:\/\/www.facebook.com\/gebrvermeerindustrialmovements\",\"https:\/\/www.linkedin.com\/company\/gebr-vermeer-transport\/\",\"https:\/\/www.instagram.com\/gebrvermeer\/\"]}]}<\/script>\n<!-- \/ Yoast SEO Premium plugin. -->","yoast_head_json":{"title":"Mudanzas industriales: Un enfoque completo para cada reto","description":"Mudanzas industriales, proyectos llave en mano, desmontaje y montaje, transportes excepcionales, embalajes para exportaci\u00f3n, almacenaje y alquiler de gr\u00faas.","robots":{"index":"index","follow":"follow","max-snippet":"max-snippet:-1","max-image-preview":"max-image-preview:large","max-video-preview":"max-video-preview:-1"},"canonical":"https:\/\/vermeer-rental.nl\/es\/mudanzas-industriales-proyectos-llave-en-mano-desmontaje-montaje-transporte-excepcional-embalaje-exportacion-almacenamiento-alquiler-de-gruas\/","og_locale":"es_ES","og_type":"article","og_title":"Industri\u00eble verplaatsingen","og_description":"Industri\u00eble verhuizingen, turn-key projecten, demontage & montage, uitzonderlijk transport, exportverpakkingen, opslag en kraanverhuur.","og_url":"https:\/\/vermeer-rental.nl\/es\/mudanzas-industriales-proyectos-llave-en-mano-desmontaje-montaje-transporte-excepcional-embalaje-exportacion-almacenamiento-alquiler-de-gruas\/","og_site_name":"Vermeer Rental &amp; Services","article_publisher":"https:\/\/www.facebook.com\/gebrvermeerindustrialmovements","article_modified_time":"2023-10-30T19:15:29+00:00","og_image":[{"width":640,"height":480,"url":"https:\/\/vermeer-rental.nl\/wp-content\/uploads\/2023\/09\/Case-5.jpg","type":"image\/jpeg"}],"twitter_card":"summary_large_image","twitter_misc":{"Tiempo de lectura":"3 minutos"},"schema":{"@context":"https:\/\/schema.org","@graph":[{"@type":"WebPage","@id":"https:\/\/vermeer-rental.nl\/industriele-verhuizingen-%c2%b7-turn-key-projecten-%c2%b7-demontage-montage-%c2%b7-uitzonderlijk-transport-%c2%b7-exportverpakkingen-%c2%b7-opslag-%c2%b7-kraanverhuur\/","url":"https:\/\/vermeer-rental.nl\/industriele-verhuizingen-%c2%b7-turn-key-projecten-%c2%b7-demontage-montage-%c2%b7-uitzonderlijk-transport-%c2%b7-exportverpakkingen-%c2%b7-opslag-%c2%b7-kraanverhuur\/","name":"Mudanzas industriales: Un enfoque completo para cada reto","isPartOf":{"@id":"https:\/\/vermeer-rental.nl\/#website"},"primaryImageOfPage":{"@id":"https:\/\/vermeer-rental.nl\/industriele-verhuizingen-%c2%b7-turn-key-projecten-%c2%b7-demontage-montage-%c2%b7-uitzonderlijk-transport-%c2%b7-exportverpakkingen-%c2%b7-opslag-%c2%b7-kraanverhuur\/#primaryimage"},"image":{"@id":"https:\/\/vermeer-rental.nl\/industriele-verhuizingen-%c2%b7-turn-key-projecten-%c2%b7-demontage-montage-%c2%b7-uitzonderlijk-transport-%c2%b7-exportverpakkingen-%c2%b7-opslag-%c2%b7-kraanverhuur\/#primaryimage"},"thumbnailUrl":"https:\/\/vermeer-rental.nl\/wp-content\/uploads\/2023\/09\/Case-5.jpg","datePublished":"2023-09-12T15:20:15+00:00","dateModified":"2023-10-30T19:15:29+00:00","description":"Mudanzas industriales, proyectos llave en mano, desmontaje y montaje, transportes excepcionales, embalajes para exportaci\u00f3n, almacenaje y alquiler de gr\u00faas.","breadcrumb":{"@id":"https:\/\/vermeer-rental.nl\/industriele-verhuizingen-%c2%b7-turn-key-projecten-%c2%b7-demontage-montage-%c2%b7-uitzonderlijk-transport-%c2%b7-exportverpakkingen-%c2%b7-opslag-%c2%b7-kraanverhuur\/#breadcrumb"},"inLanguage":"es","potentialAction":[{"@type":"ReadAction","target":["https:\/\/vermeer-rental.nl\/industriele-verhuizingen-%c2%b7-turn-key-projecten-%c2%b7-demontage-montage-%c2%b7-uitzonderlijk-transport-%c2%b7-exportverpakkingen-%c2%b7-opslag-%c2%b7-kraanverhuur\/"]}]},{"@type":"ImageObject","inLanguage":"es","@id":"https:\/\/vermeer-rental.nl\/industriele-verhuizingen-%c2%b7-turn-key-projecten-%c2%b7-demontage-montage-%c2%b7-uitzonderlijk-transport-%c2%b7-exportverpakkingen-%c2%b7-opslag-%c2%b7-kraanverhuur\/#primaryimage","url":"https:\/\/vermeer-rental.nl\/wp-content\/uploads\/2023\/09\/Case-5.jpg","contentUrl":"https:\/\/vermeer-rental.nl\/wp-content\/uploads\/2023\/09\/Case-5.jpg","width":640,"height":480},{"@type":"BreadcrumbList","@id":"https:\/\/vermeer-rental.nl\/industriele-verhuizingen-%c2%b7-turn-key-projecten-%c2%b7-demontage-montage-%c2%b7-uitzonderlijk-transport-%c2%b7-exportverpakkingen-%c2%b7-opslag-%c2%b7-kraanverhuur\/#breadcrumb","itemListElement":[{"@type":"ListItem","position":1,"name":"Home","item":"https:\/\/vermeer-rental.nl\/"},{"@type":"ListItem","position":2,"name":"Industri\u00eble verplaatsingen"}]},{"@type":"WebSite","@id":"https:\/\/vermeer-rental.nl\/#website","url":"https:\/\/vermeer-rental.nl\/","name":"Vermeer Alquiler y Servicios","description":"\u00a1Preparados!","publisher":{"@id":"https:\/\/vermeer-rental.nl\/#organization"},"potentialAction":[{"@type":"SearchAction","target":{"@type":"EntryPoint","urlTemplate":"https:\/\/vermeer-rental.nl\/?s={search_term_string}"},"query-input":{"@type":"PropertyValueSpecification","valueRequired":true,"valueName":"search_term_string"}}],"inLanguage":"es"},{"@type":"Organization","@id":"https:\/\/vermeer-rental.nl\/#organization","name":"Vermeer Alquiler y Servicios","url":"https:\/\/vermeer-rental.nl\/","logo":{"@type":"ImageObject","inLanguage":"es","@id":"https:\/\/vermeer-rental.nl\/#\/schema\/logo\/image\/","url":"https:\/\/vermeer-rental.nl\/wp-content\/uploads\/2023\/02\/Logo-Vermeer-Rental-RGB.png","contentUrl":"https:\/\/vermeer-rental.nl\/wp-content\/uploads\/2023\/02\/Logo-Vermeer-Rental-RGB.png","width":800,"height":210,"caption":"Vermeer Rental & Services"},"image":{"@id":"https:\/\/vermeer-rental.nl\/#\/schema\/logo\/image\/"},"sameAs":["https:\/\/www.facebook.com\/gebrvermeerindustrialmovements","https:\/\/www.linkedin.com\/company\/gebr-vermeer-transport\/","https:\/\/www.instagram.com\/gebrvermeer\/"]}]}},"_links":{"self":[{"href":"https:\/\/vermeer-rental.nl\/es\/wp-json\/wp\/v2\/pages\/1690","targetHints":{"allow":["GET"]}}],"collection":[{"href":"https:\/\/vermeer-rental.nl\/es\/wp-json\/wp\/v2\/pages"}],"about":[{"href":"https:\/\/vermeer-rental.nl\/es\/wp-json\/wp\/v2\/types\/page"}],"author":[{"embeddable":true,"href":"https:\/\/vermeer-rental.nl\/es\/wp-json\/wp\/v2\/users\/6"}],"replies":[{"embeddable":true,"href":"https:\/\/vermeer-rental.nl\/es\/wp-json\/wp\/v2\/comments?post=1690"}],"version-history":[{"count":32,"href":"https:\/\/vermeer-rental.nl\/es\/wp-json\/wp\/v2\/pages\/1690\/revisions"}],"predecessor-version":[{"id":1910,"href":"https:\/\/vermeer-rental.nl\/es\/wp-json\/wp\/v2\/pages\/1690\/revisions\/1910"}],"wp:featuredmedia":[{"embeddable":true,"href":"https:\/\/vermeer-rental.nl\/es\/wp-json\/wp\/v2\/media\/1722"}],"wp:attachment":[{"href":"https:\/\/vermeer-rental.nl\/es\/wp-json\/wp\/v2\/media?parent=1690"}],"curies":[{"name":"wp","href":"https:\/\/api.w.org\/{rel}","templated":true}]}}