{"id":699,"date":"2023-04-30T08:18:01","date_gmt":"2023-04-30T08:18:01","guid":{"rendered":"https:\/\/vermeer-rental.nl\/?post_type=product&#038;p=699"},"modified":"2023-05-10T18:00:58","modified_gmt":"2023-05-10T18:00:58","slug":"buroeinheit-1212-x-488-2-hoch-mit-kuche-und-toilette","status":"publish","type":"product","link":"https:\/\/vermeer-rental.nl\/de\/product\/kantoorunit-1212-x-488-2-hoog-met-keuken-en-wc\/","title":{"rendered":"B\u00fcroeinheit 12,12 x 4,88 2 hoch mit K\u00fcche und Toilette"},"content":{"rendered":"<div class=\"wpb-content-wrapper\"><div class=\"vc_row wpb_row vc_row-fluid\"><div class=\"wpb_column vc_column_container vc_col-sm-12\"><div class=\"vc_column-inner\"><div class=\"wpb_wrapper\">\n\t<div class=\"wpb_text_column wpb_content_element\" >\n\t\t<div class=\"wpb_wrapper\">\n\t\t\t<h3><strong>Produktspezifikationen<\/strong><\/h3>\n\n\t\t<\/div>\n\t<\/div>\n<div class=\"vc_empty_space\"   style=\"height: 20px\"><span class=\"vc_empty_space_inner\"><\/span><\/div><div class=\"vc_tta-container\" data-vc-action=\"collapse\"><div class=\"vc_general vc_tta vc_tta-tabs vc_tta-color-black vc_tta-style-classic vc_tta-shape-rounded vc_tta-spacing-10 vc_tta-gap-10 vc_tta-o-no-fill vc_tta-tabs-position-top vc_tta-controls-align-left\"><div class=\"vc_tta-tabs-container\"><ul class=\"vc_tta-tabs-list\" role=\"tablist\"><li class=\"vc_tta-tab vc_active\" data-vc-tab role=\"presentation\"><a href=\"#afmetingen\" data-vc-tabs data-vc-container=\".vc_tta\" role=\"tab\" aria-selected=\"false\" id=\"tab-afmetingen\"><span class=\"vc_tta-title-text\">Abmessungen<\/span><\/a><\/li><li class=\"vc_tta-tab\" data-vc-tab role=\"presentation\"><a href=\"#interne-afwerking\" data-vc-tabs data-vc-container=\".vc_tta\" role=\"tab\" aria-selected=\"false\" id=\"tab-interne-afwerking\"><span class=\"vc_tta-title-text\">Interne Veredelung<\/span><\/a><\/li><li class=\"vc_tta-tab\" data-vc-tab role=\"presentation\"><a href=\"#isolatie\" data-vc-tabs data-vc-container=\".vc_tta\" role=\"tab\" aria-selected=\"false\" id=\"tab-isolatie\"><span class=\"vc_tta-title-text\">Isolierung<\/span><\/a><\/li><li class=\"vc_tta-tab\" data-vc-tab role=\"presentation\"><a href=\"#elektriciteit\" data-vc-tabs data-vc-container=\".vc_tta\" role=\"tab\" aria-selected=\"false\" id=\"tab-elektriciteit\"><span class=\"vc_tta-title-text\">Elektrizit\u00e4t<\/span><\/a><\/li><li class=\"vc_tta-tab\" data-vc-tab role=\"presentation\"><a href=\"#vloer-constructie\" data-vc-tabs data-vc-container=\".vc_tta\" role=\"tab\" aria-selected=\"false\" id=\"tab-vloer-constructie\"><span class=\"vc_tta-title-text\">Bodenkonstruktion<\/span><\/a><\/li><li class=\"vc_tta-tab\" data-vc-tab role=\"presentation\"><a href=\"#extras\" data-vc-tabs data-vc-container=\".vc_tta\" role=\"tab\" aria-selected=\"false\" id=\"tab-extras\"><span class=\"vc_tta-title-text\">Extras<\/span><\/a><\/li><\/ul><\/div><div class=\"vc_tta-panels-container\"><div class=\"vc_tta-panels\"><div class=\"vc_tta-panel vc_active\" id=\"afmetingen\" data-vc-content=\".vc_tta-panel-body\"><div class=\"vc_tta-panel-heading\"><h4 class=\"vc_tta-panel-title\"><a href=\"#afmetingen\" data-vc-accordion data-vc-container=\".vc_tta-container\"><span class=\"vc_tta-title-text\">Abmessungen<\/span><\/a><\/h4><\/div><div class=\"vc_tta-panel-body\">\n\t<div class=\"wpb_text_column wpb_content_element\" >\n\t\t<div class=\"wpb_wrapper\">\n\t\t\t<table>\n<tbody>\n<tr>\n<td style=\"width: 400px;\">\u00c4u\u00dferes<\/td>\n<td>1280 x 4880 mm (LXB)<\/td>\n<\/tr>\n<tr>\n<td style=\"width: 400px;\">Innere H\u00f6he<\/td>\n<td>2340 mm<\/td>\n<\/tr>\n<\/tbody>\n<\/table>\n\n\t\t<\/div>\n\t<\/div>\n<\/div><\/div><div class=\"vc_tta-panel\" id=\"interne-afwerking\" data-vc-content=\".vc_tta-panel-body\"><div class=\"vc_tta-panel-heading\"><h4 class=\"vc_tta-panel-title\"><a href=\"#interne-afwerking\" data-vc-accordion data-vc-container=\".vc_tta-container\"><span class=\"vc_tta-title-text\">Interne Veredelung<\/span><\/a><\/h4><\/div><div class=\"vc_tta-panel-body\">\n\t<div class=\"wpb_text_column wpb_content_element\" >\n\t\t<div class=\"wpb_wrapper\">\n\t\t\t<table>\n<tbody>\n<tr>\n<td style=\"width: 400px;\">Fertigstellung von W\u00e4nden und Boden<\/td>\n<td>Spanplatte wei\u00df<\/td>\n<\/tr>\n<tr>\n<td style=\"width: 400px;\">Oberfl\u00e4che der Decke<\/td>\n<td>Spanplatte wei\u00df<\/td>\n<\/tr>\n<\/tbody>\n<\/table>\n\n\t\t<\/div>\n\t<\/div>\n<\/div><\/div><div class=\"vc_tta-panel\" id=\"isolatie\" data-vc-content=\".vc_tta-panel-body\"><div class=\"vc_tta-panel-heading\"><h4 class=\"vc_tta-panel-title\"><a href=\"#isolatie\" data-vc-accordion data-vc-container=\".vc_tta-container\"><span class=\"vc_tta-title-text\">Isolierung<\/span><\/a><\/h4><\/div><div class=\"vc_tta-panel-body\">\n\t<div class=\"wpb_text_column wpb_content_element\" >\n\t\t<div class=\"wpb_wrapper\">\n\t\t\t<table>\n<tbody>\n<tr>\n<td style=\"width: 400px;\">Bodenisolierung<\/td>\n<td>60 mm (Mineralwolle)<\/td>\n<\/tr>\n<tr>\n<td style=\"width: 400px;\">Dachisolierung<\/td>\n<td>100 mm (Mineralwolle)<\/td>\n<\/tr>\n<tr>\n<td style=\"width: 400px;\">Isolierung der W\u00e4nde<\/td>\n<td>60 mm (Mineralwolle)<\/td>\n<\/tr>\n<\/tbody>\n<\/table>\n\n\t\t<\/div>\n\t<\/div>\n<\/div><\/div><div class=\"vc_tta-panel\" id=\"elektriciteit\" data-vc-content=\".vc_tta-panel-body\"><div class=\"vc_tta-panel-heading\"><h4 class=\"vc_tta-panel-title\"><a href=\"#elektriciteit\" data-vc-accordion data-vc-container=\".vc_tta-container\"><span class=\"vc_tta-title-text\">Elektrizit\u00e4t<\/span><\/a><\/h4><\/div><div class=\"vc_tta-panel-body\">\n\t<div class=\"wpb_text_column wpb_content_element\" >\n\t\t<div class=\"wpb_wrapper\">\n\t\t\t<table>\n<tbody>\n<tr>\n<td style=\"width: 400px;\">Gestaltung der Elektrizit\u00e4t<\/td>\n<td>Inklusive CEE-Anschluss und Sicherungen<\/td>\n<\/tr>\n<tr>\n<td style=\"width: 400px;\">Verbindungen<\/td>\n<td>VDE-Norm (400V\/32A\/5-polig)<\/td>\n<\/tr>\n<\/tbody>\n<\/table>\n\n\t\t<\/div>\n\t<\/div>\n<\/div><\/div><div class=\"vc_tta-panel\" id=\"vloer-constructie\" data-vc-content=\".vc_tta-panel-body\"><div class=\"vc_tta-panel-heading\"><h4 class=\"vc_tta-panel-title\"><a href=\"#vloer-constructie\" data-vc-accordion data-vc-container=\".vc_tta-container\"><span class=\"vc_tta-title-text\">Bodenkonstruktion<\/span><\/a><\/h4><\/div><div class=\"vc_tta-panel-body\">\n\t<div class=\"wpb_text_column wpb_content_element\" >\n\t\t<div class=\"wpb_wrapper\">\n\t\t\t<table>\n<tbody>\n<tr>\n<td style=\"width: 400px;\">Abstand zwischen den L\u00f6ffell\u00f6chern<\/td>\n<td>2050 mm<\/td>\n<\/tr>\n<tr>\n<td style=\"width: 400px;\">Bodenplatte<\/td>\n<td>Zementgebundener Spanplattenboden<\/td>\n<\/tr>\n<\/tbody>\n<\/table>\n\n\t\t<\/div>\n\t<\/div>\n<\/div><\/div><div class=\"vc_tta-panel\" id=\"extras\" data-vc-content=\".vc_tta-panel-body\"><div class=\"vc_tta-panel-heading\"><h4 class=\"vc_tta-panel-title\"><a href=\"#extras\" data-vc-accordion data-vc-container=\".vc_tta-container\"><span class=\"vc_tta-title-text\">Extras<\/span><\/a><\/h4><\/div><div class=\"vc_tta-panel-body\">\n\t<div class=\"wpb_text_column wpb_content_element\" >\n\t\t<div class=\"wpb_wrapper\">\n\t\t\t<ul>\n<li>Sicherungskasten<\/li>\n<li>Beleuchtung<\/li>\n<li>Windows<\/li>\n<li>Ewiger Bodenbelag<\/li>\n<li>Heizung<\/li>\n<li>Steckdosen<\/li>\n<li>Fehlerstromschutzschalter<\/li>\n<li>T\u00fcrschloss<\/li>\n<\/ul>\n\n\t\t<\/div>\n\t<\/div>\n<\/div><\/div><\/div><\/div><\/div><\/div><\/div><\/div><\/div><\/div>\n<p><\/br><\/p>\n<div style=\"text-align:center\">\n<h3><strong>Ma\u00dfgeschneiderte Einheiten von hoher Qualit\u00e4t<\/strong><\/h3>\n<p><video width=\"800\" controls poster=\"\/wp-content\/uploads\/2023\/05\/filmpje-box.jpg\"><source src=\"https:\/\/vermeer-rental.nl\/wp-content\/uploads\/2023\/04\/Movie-containers-verkleind_IMG_9061.mov\">Ihr Browser unterst\u00fctzt kein HTML-Video.<\/video>\n<\/div>\n<\/div>","protected":false},"excerpt":{"rendered":"<p>Die Vermeer Unit-Linie ist unser Allrounder f\u00fcr jede Anwendung - vom Einzelcontainer bis hin zu kompletten Containeranlagen. Zuverl\u00e4ssige Baukastensysteme und die Vielzahl an Ausf\u00fchrungsvarianten machen aus flexiblen Modulen ma\u00dfgeschneiderte Rauml\u00f6sungen!<\/p>\n<p>- Einschlie\u00dflich Strom, Beleuchtung und Heizung<br \/>\n- Optimale Isolierung f\u00fcr W\u00e4rme und Schall<br \/>\n- Erweiterungsf\u00e4higkeit durch Verkettung und Stapelung<br \/>\n- Vollst\u00e4ndige Installation und Montage m\u00f6glich<br \/>\n- Die modulare Einheit kann in jeder RAL Classic Farbe geliefert werden.<br \/>\n- <u class=\"popmake-593\">Vollst\u00e4ndig anpassbar<\/u><\/p>\n<p>&nbsp;<\/p>\n<form action=\"https:\/\/vermeer-rental.nl\/wp-content\/uploads\/2023\/03\/2022-Vermeer-Rentals_UNITS.pdf\" method=\"get\" target=\"_blank\" data-trp-original-action=\"https:\/\/vermeer-rental.nl\/wp-content\/uploads\/2023\/03\/2022-Vermeer-Rentals_UNITS.pdf\"><button class=\"pdf-button\" type=\"submit\">Hier k\u00f6nnen Sie das Faltblatt einsehen<\/button><input type=\"hidden\" name=\"trp-form-language\" value=\"de\"\/><\/form>","protected":false},"featured_media":700,"comment_status":"closed","ping_status":"closed","template":"","meta":{"om_disable_all_campaigns":false,"_monsterinsights_skip_tracking":false,"_monsterinsights_sitenote_active":false,"_monsterinsights_sitenote_note":"","_monsterinsights_sitenote_category":0},"product_brand":[],"product_cat":[21],"product_tag":[],"class_list":{"0":"post-699","1":"product","2":"type-product","3":"status-publish","4":"has-post-thumbnail","6":"product_cat-modulaire-units","8":"first","9":"instock","10":"shipping-taxable","11":"purchasable","12":"product-type-simple"},"yoast_head":"<!-- This site is optimized with the Yoast SEO Premium plugin v23.3 (Yoast SEO v27.2) - https:\/\/yoast.com\/product\/yoast-seo-premium-wordpress\/ -->\n<title>Kantoorunit 12,12 x 4,88 2 hoog met keuken en wc - Vermeer Rental &amp; Services<\/title>\n<meta name=\"description\" content=\"De betrouwbare modulaire bouwsystemen en het brede scala aan uitvoeringsvarianten maakt van flexibele modules een ruimte-oplossing.\" \/>\n<meta name=\"robots\" content=\"index, follow, max-snippet:-1, max-image-preview:large, max-video-preview:-1\" \/>\n<link rel=\"canonical\" href=\"https:\/\/vermeer-rental.nl\/de\/produkt\/buroeinheit-1212-x-488-2-hoch-mit-kuche-und-toilette\/\" \/>\n<meta property=\"og:locale\" content=\"de_DE\" \/>\n<meta property=\"og:type\" content=\"article\" \/>\n<meta property=\"og:title\" content=\"Kantoorunit 12,12 x 4,88 2 hoog met keuken en wc\" \/>\n<meta property=\"og:description\" content=\"De betrouwbare modulaire bouwsystemen en het brede scala aan uitvoeringsvarianten maakt van flexibele modules een ruimte-oplossing.\" \/>\n<meta property=\"og:url\" content=\"https:\/\/vermeer-rental.nl\/de\/produkt\/buroeinheit-1212-x-488-2-hoch-mit-kuche-und-toilette\/\" \/>\n<meta property=\"og:site_name\" content=\"Vermeer Rental &amp; Services\" \/>\n<meta property=\"article:publisher\" content=\"https:\/\/www.facebook.com\/gebrvermeerindustrialmovements\" \/>\n<meta property=\"article:modified_time\" content=\"2023-05-10T18:00:58+00:00\" \/>\n<meta property=\"og:image\" content=\"https:\/\/vermeer-rental.nl\/wp-content\/uploads\/2023\/04\/Hoofdfoto-4.jpg\" \/>\n\t<meta property=\"og:image:width\" content=\"900\" \/>\n\t<meta property=\"og:image:height\" content=\"900\" \/>\n\t<meta property=\"og:image:type\" content=\"image\/jpeg\" \/>\n<meta name=\"twitter:card\" content=\"summary_large_image\" \/>\n<meta name=\"twitter:label1\" content=\"Gesch\u00e4tzte Lesezeit\" \/>\n\t<meta name=\"twitter:data1\" content=\"1\u00a0Minute\" \/>\n<script type=\"application\/ld+json\" class=\"yoast-schema-graph\">{\"@context\":\"https:\/\/schema.org\",\"@graph\":[{\"@type\":\"WebPage\",\"@id\":\"https:\/\/vermeer-rental.nl\/product\/kantoorunit-1212-x-488-2-hoog-met-keuken-en-wc\/\",\"url\":\"https:\/\/vermeer-rental.nl\/product\/kantoorunit-1212-x-488-2-hoog-met-keuken-en-wc\/\",\"name\":\"Kantoorunit 12,12 x 4,88 2 hoog met keuken en wc - Vermeer Rental &amp; Services\",\"isPartOf\":{\"@id\":\"https:\/\/vermeer-rental.nl\/#website\"},\"primaryImageOfPage\":{\"@id\":\"https:\/\/vermeer-rental.nl\/product\/kantoorunit-1212-x-488-2-hoog-met-keuken-en-wc\/#primaryimage\"},\"image\":{\"@id\":\"https:\/\/vermeer-rental.nl\/product\/kantoorunit-1212-x-488-2-hoog-met-keuken-en-wc\/#primaryimage\"},\"thumbnailUrl\":\"https:\/\/vermeer-rental.nl\/wp-content\/uploads\/2023\/04\/Hoofdfoto-4.jpg\",\"datePublished\":\"2023-04-30T08:18:01+00:00\",\"dateModified\":\"2023-05-10T18:00:58+00:00\",\"description\":\"De betrouwbare modulaire bouwsystemen en het brede scala aan uitvoeringsvarianten maakt van flexibele modules een ruimte-oplossing.\",\"breadcrumb\":{\"@id\":\"https:\/\/vermeer-rental.nl\/product\/kantoorunit-1212-x-488-2-hoog-met-keuken-en-wc\/#breadcrumb\"},\"inLanguage\":\"de\",\"potentialAction\":[{\"@type\":\"ReadAction\",\"target\":[\"https:\/\/vermeer-rental.nl\/product\/kantoorunit-1212-x-488-2-hoog-met-keuken-en-wc\/\"]}]},{\"@type\":\"ImageObject\",\"inLanguage\":\"de\",\"@id\":\"https:\/\/vermeer-rental.nl\/product\/kantoorunit-1212-x-488-2-hoog-met-keuken-en-wc\/#primaryimage\",\"url\":\"https:\/\/vermeer-rental.nl\/wp-content\/uploads\/2023\/04\/Hoofdfoto-4.jpg\",\"contentUrl\":\"https:\/\/vermeer-rental.nl\/wp-content\/uploads\/2023\/04\/Hoofdfoto-4.jpg\",\"width\":900,\"height\":900},{\"@type\":\"BreadcrumbList\",\"@id\":\"https:\/\/vermeer-rental.nl\/product\/kantoorunit-1212-x-488-2-hoog-met-keuken-en-wc\/#breadcrumb\",\"itemListElement\":[{\"@type\":\"ListItem\",\"position\":1,\"name\":\"Home\",\"item\":\"https:\/\/vermeer-rental.nl\/\"},{\"@type\":\"ListItem\",\"position\":2,\"name\":\"Diensten\",\"item\":\"https:\/\/vermeer-rental.nl\/diensten\/\"},{\"@type\":\"ListItem\",\"position\":3,\"name\":\"Kantoorunit 12,12 x 4,88 2 hoog met keuken en wc\"}]},{\"@type\":\"WebSite\",\"@id\":\"https:\/\/vermeer-rental.nl\/#website\",\"url\":\"https:\/\/vermeer-rental.nl\/\",\"name\":\"Vermeer Rental & Services\",\"description\":\"Staat voor u klaar!\",\"publisher\":{\"@id\":\"https:\/\/vermeer-rental.nl\/#organization\"},\"potentialAction\":[{\"@type\":\"SearchAction\",\"target\":{\"@type\":\"EntryPoint\",\"urlTemplate\":\"https:\/\/vermeer-rental.nl\/?s={search_term_string}\"},\"query-input\":{\"@type\":\"PropertyValueSpecification\",\"valueRequired\":true,\"valueName\":\"search_term_string\"}}],\"inLanguage\":\"de\"},{\"@type\":\"Organization\",\"@id\":\"https:\/\/vermeer-rental.nl\/#organization\",\"name\":\"Vermeer Rental & Services\",\"url\":\"https:\/\/vermeer-rental.nl\/\",\"logo\":{\"@type\":\"ImageObject\",\"inLanguage\":\"de\",\"@id\":\"https:\/\/vermeer-rental.nl\/#\/schema\/logo\/image\/\",\"url\":\"https:\/\/vermeer-rental.nl\/wp-content\/uploads\/2023\/02\/Logo-Vermeer-Rental-RGB.png\",\"contentUrl\":\"https:\/\/vermeer-rental.nl\/wp-content\/uploads\/2023\/02\/Logo-Vermeer-Rental-RGB.png\",\"width\":800,\"height\":210,\"caption\":\"Vermeer Rental & Services\"},\"image\":{\"@id\":\"https:\/\/vermeer-rental.nl\/#\/schema\/logo\/image\/\"},\"sameAs\":[\"https:\/\/www.facebook.com\/gebrvermeerindustrialmovements\",\"https:\/\/www.linkedin.com\/company\/gebr-vermeer-transport\/\",\"https:\/\/www.instagram.com\/gebrvermeer\/\"]}]}<\/script>\n<!-- \/ Yoast SEO Premium plugin. -->","yoast_head_json":{"title":"B\u00fcroeinheit 12,12 x 4,88 2 hoch mit K\u00fcche und Toilette - Vermeer Rental &amp; Services","description":"Zuverl\u00e4ssige Baukastensysteme und die Vielfalt der Gestaltungsvarianten machen aus flexiblen Modulen Rauml\u00f6sungen.","robots":{"index":"index","follow":"follow","max-snippet":"max-snippet:-1","max-image-preview":"max-image-preview:large","max-video-preview":"max-video-preview:-1"},"canonical":"https:\/\/vermeer-rental.nl\/de\/produkt\/buroeinheit-1212-x-488-2-hoch-mit-kuche-und-toilette\/","og_locale":"de_DE","og_type":"article","og_title":"Kantoorunit 12,12 x 4,88 2 hoog met keuken en wc","og_description":"De betrouwbare modulaire bouwsystemen en het brede scala aan uitvoeringsvarianten maakt van flexibele modules een ruimte-oplossing.","og_url":"https:\/\/vermeer-rental.nl\/de\/produkt\/buroeinheit-1212-x-488-2-hoch-mit-kuche-und-toilette\/","og_site_name":"Vermeer Rental &amp; Services","article_publisher":"https:\/\/www.facebook.com\/gebrvermeerindustrialmovements","article_modified_time":"2023-05-10T18:00:58+00:00","og_image":[{"width":900,"height":900,"url":"https:\/\/vermeer-rental.nl\/wp-content\/uploads\/2023\/04\/Hoofdfoto-4.jpg","type":"image\/jpeg"}],"twitter_card":"summary_large_image","twitter_misc":{"Gesch\u00e4tzte Lesezeit":"1\u00a0Minute"},"schema":{"@context":"https:\/\/schema.org","@graph":[{"@type":"WebPage","@id":"https:\/\/vermeer-rental.nl\/product\/kantoorunit-1212-x-488-2-hoog-met-keuken-en-wc\/","url":"https:\/\/vermeer-rental.nl\/product\/kantoorunit-1212-x-488-2-hoog-met-keuken-en-wc\/","name":"B\u00fcroeinheit 12,12 x 4,88 2 hoch mit K\u00fcche und Toilette - Vermeer Rental &amp; Services","isPartOf":{"@id":"https:\/\/vermeer-rental.nl\/#website"},"primaryImageOfPage":{"@id":"https:\/\/vermeer-rental.nl\/product\/kantoorunit-1212-x-488-2-hoog-met-keuken-en-wc\/#primaryimage"},"image":{"@id":"https:\/\/vermeer-rental.nl\/product\/kantoorunit-1212-x-488-2-hoog-met-keuken-en-wc\/#primaryimage"},"thumbnailUrl":"https:\/\/vermeer-rental.nl\/wp-content\/uploads\/2023\/04\/Hoofdfoto-4.jpg","datePublished":"2023-04-30T08:18:01+00:00","dateModified":"2023-05-10T18:00:58+00:00","description":"Zuverl\u00e4ssige Baukastensysteme und die Vielfalt der Gestaltungsvarianten machen aus flexiblen Modulen Rauml\u00f6sungen.","breadcrumb":{"@id":"https:\/\/vermeer-rental.nl\/product\/kantoorunit-1212-x-488-2-hoog-met-keuken-en-wc\/#breadcrumb"},"inLanguage":"de","potentialAction":[{"@type":"ReadAction","target":["https:\/\/vermeer-rental.nl\/product\/kantoorunit-1212-x-488-2-hoog-met-keuken-en-wc\/"]}]},{"@type":"ImageObject","inLanguage":"de","@id":"https:\/\/vermeer-rental.nl\/product\/kantoorunit-1212-x-488-2-hoog-met-keuken-en-wc\/#primaryimage","url":"https:\/\/vermeer-rental.nl\/wp-content\/uploads\/2023\/04\/Hoofdfoto-4.jpg","contentUrl":"https:\/\/vermeer-rental.nl\/wp-content\/uploads\/2023\/04\/Hoofdfoto-4.jpg","width":900,"height":900},{"@type":"BreadcrumbList","@id":"https:\/\/vermeer-rental.nl\/product\/kantoorunit-1212-x-488-2-hoog-met-keuken-en-wc\/#breadcrumb","itemListElement":[{"@type":"ListItem","position":1,"name":"Home","item":"https:\/\/vermeer-rental.nl\/"},{"@type":"ListItem","position":2,"name":"Diensten","item":"https:\/\/vermeer-rental.nl\/diensten\/"},{"@type":"ListItem","position":3,"name":"Kantoorunit 12,12 x 4,88 2 hoog met keuken en wc"}]},{"@type":"WebSite","@id":"https:\/\/vermeer-rental.nl\/#website","url":"https:\/\/vermeer-rental.nl\/","name":"Vermeer Vermietung &amp; Dienstleistungen","description":"Wir sind bereit!","publisher":{"@id":"https:\/\/vermeer-rental.nl\/#organization"},"potentialAction":[{"@type":"SearchAction","target":{"@type":"EntryPoint","urlTemplate":"https:\/\/vermeer-rental.nl\/?s={search_term_string}"},"query-input":{"@type":"PropertyValueSpecification","valueRequired":true,"valueName":"search_term_string"}}],"inLanguage":"de"},{"@type":"Organization","@id":"https:\/\/vermeer-rental.nl\/#organization","name":"Vermeer Vermietung &amp; Dienstleistungen","url":"https:\/\/vermeer-rental.nl\/","logo":{"@type":"ImageObject","inLanguage":"de","@id":"https:\/\/vermeer-rental.nl\/#\/schema\/logo\/image\/","url":"https:\/\/vermeer-rental.nl\/wp-content\/uploads\/2023\/02\/Logo-Vermeer-Rental-RGB.png","contentUrl":"https:\/\/vermeer-rental.nl\/wp-content\/uploads\/2023\/02\/Logo-Vermeer-Rental-RGB.png","width":800,"height":210,"caption":"Vermeer Rental & Services"},"image":{"@id":"https:\/\/vermeer-rental.nl\/#\/schema\/logo\/image\/"},"sameAs":["https:\/\/www.facebook.com\/gebrvermeerindustrialmovements","https:\/\/www.linkedin.com\/company\/gebr-vermeer-transport\/","https:\/\/www.instagram.com\/gebrvermeer\/"]}]}},"_links":{"self":[{"href":"https:\/\/vermeer-rental.nl\/de\/wp-json\/wp\/v2\/product\/699","targetHints":{"allow":["GET"]}}],"collection":[{"href":"https:\/\/vermeer-rental.nl\/de\/wp-json\/wp\/v2\/product"}],"about":[{"href":"https:\/\/vermeer-rental.nl\/de\/wp-json\/wp\/v2\/types\/product"}],"replies":[{"embeddable":true,"href":"https:\/\/vermeer-rental.nl\/de\/wp-json\/wp\/v2\/comments?post=699"}],"wp:featuredmedia":[{"embeddable":true,"href":"https:\/\/vermeer-rental.nl\/de\/wp-json\/wp\/v2\/media\/700"}],"wp:attachment":[{"href":"https:\/\/vermeer-rental.nl\/de\/wp-json\/wp\/v2\/media?parent=699"}],"wp:term":[{"taxonomy":"product_brand","embeddable":true,"href":"https:\/\/vermeer-rental.nl\/de\/wp-json\/wp\/v2\/product_brand?post=699"},{"taxonomy":"product_cat","embeddable":true,"href":"https:\/\/vermeer-rental.nl\/de\/wp-json\/wp\/v2\/product_cat?post=699"},{"taxonomy":"product_tag","embeddable":true,"href":"https:\/\/vermeer-rental.nl\/de\/wp-json\/wp\/v2\/product_tag?post=699"}],"curies":[{"name":"wp","href":"https:\/\/api.w.org\/{rel}","templated":true}]}}