{"id":29,"date":"2023-02-25T13:42:36","date_gmt":"2023-02-25T13:42:36","guid":{"rendered":"https:\/\/rental.daanwerkelijk.nl\/?post_type=product&#038;p=29"},"modified":"2023-04-24T21:09:48","modified_gmt":"2023-04-24T21:09:48","slug":"prufgewicht-05t","status":"publish","type":"product","link":"https:\/\/vermeer-rental.nl\/de\/product\/testgewicht-05t\/","title":{"rendered":"Testgewicht 0.5T"},"content":{"rendered":"<p>Handhabung:<\/p>\n<p>F\u00fcr die Handhabung der Pr\u00fcfgewichte vor Ort stehen uns (elektrische) Pumpwagen und Gabelstapler, gel\u00e4ndeg\u00e4ngige Hubwagen und Autokr\u00e4ne zur Verf\u00fcgung. F\u00fcr Arbeiten auf Kranbahnen stellen wir auch Hubarbeitsb\u00fchnen zur Verf\u00fcgung. <\/p>\n<p>Unsere Mitarbeiter (Fahrer) verf\u00fcgen \u00fcber die folgenden Zertifikate: VCA, Gabelstapler-, AWP- und Br\u00fcckenkran-Zertifikat und k\u00f6nnen Ihre technische Abteilung bei der Handhabung von Pr\u00fcfgewichten vor Ort unterst\u00fctzen.<\/p>","protected":false},"excerpt":{"rendered":"<p>Vermietung von kalibrierten Pr\u00fcfgewichten mit einem Gewicht von 10 kg bis 5000 kg. Unsere Pr\u00fcfgewichte sind nach ISO 17025 in der Klasse M1 zertifiziert. Die Pr\u00fcfgewichte ab 200 kg sind stapelbar und mit Hebe\u00f6sen versehen. Wir k\u00f6nnen auch den Transport der Pr\u00fcfgewichte \u00fcbernehmen. Hierf\u00fcr steht uns ein umfangreicher Fuhrpark zur Verf\u00fcgung, der von Kombis, Lieferwagen und Kastenwagen mit Ladebordwand bis hin zu Zugmaschinen mit Anh\u00e4ngern oder Semitiefladern reicht.<\/p>\n<form action=\"https:\/\/vermeer-rental.nl\/wp-content\/uploads\/2023\/03\/Vermeer-Rentals_0.5-1-2-ton-CTW.pdf\" method=\"get\" target=\"_blank\" data-trp-original-action=\"https:\/\/vermeer-rental.nl\/wp-content\/uploads\/2023\/03\/Vermeer-Rentals_0.5-1-2-ton-CTW.pdf\"><button class=\"pdf-button\" type=\"submit\">Technische Daten<\/button><input type=\"hidden\" name=\"trp-form-language\" value=\"de\"\/><\/form>","protected":false},"featured_media":428,"comment_status":"closed","ping_status":"closed","template":"","meta":{"om_disable_all_campaigns":false,"_monsterinsights_skip_tracking":false,"_monsterinsights_sitenote_active":false,"_monsterinsights_sitenote_note":"","_monsterinsights_sitenote_category":0},"product_brand":[],"product_cat":[19],"product_tag":[],"class_list":{"0":"post-29","1":"product","2":"type-product","3":"status-publish","4":"has-post-thumbnail","6":"product_cat-testgewichten","8":"first","9":"instock","10":"shipping-taxable","11":"purchasable","12":"product-type-simple"},"yoast_head":"<!-- This site is optimized with the Yoast SEO Premium plugin v23.3 (Yoast SEO v27.2) - https:\/\/yoast.com\/product\/yoast-seo-premium-wordpress\/ -->\n<title>Testgewicht 0,5T - Vermeer Rental &amp; Services<\/title>\n<meta name=\"robots\" content=\"index, follow, max-snippet:-1, max-image-preview:large, max-video-preview:-1\" \/>\n<link rel=\"canonical\" href=\"https:\/\/vermeer-rental.nl\/de\/produkt\/prufgewicht-05t\/\" \/>\n<meta property=\"og:locale\" content=\"de_DE\" \/>\n<meta property=\"og:type\" content=\"article\" \/>\n<meta property=\"og:title\" content=\"Testgewicht 0,5T\" \/>\n<meta property=\"og:description\" content=\"Verhuur van gekalibreerde testgewichten met een gewicht vanaf 10 kg tot 5000 kg. Onze testgewichten zijn ISO 17025 gecertificeerd binnen de klasse M1. De testgewichten vanaf 200 kg zijn stapelbaar en voorzien van hijsogen. Wij kunnen tevens het transport van de testgewichten verzorgen. Hiervoor beschikken we over een uitgebreid wagenpark van combo, bestelbus en bakwagen met laadklep tot trekkers met opleggers of semidiepladers.   Technische gegevens\" \/>\n<meta property=\"og:url\" content=\"https:\/\/vermeer-rental.nl\/de\/produkt\/prufgewicht-05t\/\" \/>\n<meta property=\"og:site_name\" content=\"Vermeer Rental &amp; Services\" \/>\n<meta property=\"article:publisher\" content=\"https:\/\/www.facebook.com\/gebrvermeerindustrialmovements\" \/>\n<meta property=\"article:modified_time\" content=\"2023-04-24T21:09:48+00:00\" \/>\n<meta property=\"og:image\" content=\"https:\/\/vermeer-rental.nl\/wp-content\/uploads\/2023\/04\/Testgewicht-0.5-ton-scaled.jpg\" \/>\n\t<meta property=\"og:image:width\" content=\"2560\" \/>\n\t<meta property=\"og:image:height\" content=\"2560\" \/>\n\t<meta property=\"og:image:type\" content=\"image\/jpeg\" \/>\n<meta name=\"twitter:card\" content=\"summary_large_image\" \/>\n<meta name=\"twitter:label1\" content=\"Gesch\u00e4tzte Lesezeit\" \/>\n\t<meta name=\"twitter:data1\" content=\"1\u00a0Minute\" \/>\n<script type=\"application\/ld+json\" class=\"yoast-schema-graph\">{\"@context\":\"https:\/\/schema.org\",\"@graph\":[{\"@type\":\"WebPage\",\"@id\":\"https:\/\/vermeer-rental.nl\/product\/testgewicht-05t\/\",\"url\":\"https:\/\/vermeer-rental.nl\/product\/testgewicht-05t\/\",\"name\":\"Testgewicht 0,5T - Vermeer Rental &amp; Services\",\"isPartOf\":{\"@id\":\"https:\/\/vermeer-rental.nl\/#website\"},\"primaryImageOfPage\":{\"@id\":\"https:\/\/vermeer-rental.nl\/product\/testgewicht-05t\/#primaryimage\"},\"image\":{\"@id\":\"https:\/\/vermeer-rental.nl\/product\/testgewicht-05t\/#primaryimage\"},\"thumbnailUrl\":\"https:\/\/vermeer-rental.nl\/wp-content\/uploads\/2023\/04\/Testgewicht-0.5-ton-scaled.jpg\",\"datePublished\":\"2023-02-25T13:42:36+00:00\",\"dateModified\":\"2023-04-24T21:09:48+00:00\",\"breadcrumb\":{\"@id\":\"https:\/\/vermeer-rental.nl\/product\/testgewicht-05t\/#breadcrumb\"},\"inLanguage\":\"de\",\"potentialAction\":[{\"@type\":\"ReadAction\",\"target\":[\"https:\/\/vermeer-rental.nl\/product\/testgewicht-05t\/\"]}]},{\"@type\":\"ImageObject\",\"inLanguage\":\"de\",\"@id\":\"https:\/\/vermeer-rental.nl\/product\/testgewicht-05t\/#primaryimage\",\"url\":\"https:\/\/vermeer-rental.nl\/wp-content\/uploads\/2023\/04\/Testgewicht-0.5-ton-scaled.jpg\",\"contentUrl\":\"https:\/\/vermeer-rental.nl\/wp-content\/uploads\/2023\/04\/Testgewicht-0.5-ton-scaled.jpg\",\"width\":2560,\"height\":2560},{\"@type\":\"BreadcrumbList\",\"@id\":\"https:\/\/vermeer-rental.nl\/product\/testgewicht-05t\/#breadcrumb\",\"itemListElement\":[{\"@type\":\"ListItem\",\"position\":1,\"name\":\"Home\",\"item\":\"https:\/\/vermeer-rental.nl\/\"},{\"@type\":\"ListItem\",\"position\":2,\"name\":\"Diensten\",\"item\":\"https:\/\/vermeer-rental.nl\/diensten\/\"},{\"@type\":\"ListItem\",\"position\":3,\"name\":\"Testgewicht 0,5T\"}]},{\"@type\":\"WebSite\",\"@id\":\"https:\/\/vermeer-rental.nl\/#website\",\"url\":\"https:\/\/vermeer-rental.nl\/\",\"name\":\"Vermeer Rental & Services\",\"description\":\"Staat voor u klaar!\",\"publisher\":{\"@id\":\"https:\/\/vermeer-rental.nl\/#organization\"},\"potentialAction\":[{\"@type\":\"SearchAction\",\"target\":{\"@type\":\"EntryPoint\",\"urlTemplate\":\"https:\/\/vermeer-rental.nl\/?s={search_term_string}\"},\"query-input\":{\"@type\":\"PropertyValueSpecification\",\"valueRequired\":true,\"valueName\":\"search_term_string\"}}],\"inLanguage\":\"de\"},{\"@type\":\"Organization\",\"@id\":\"https:\/\/vermeer-rental.nl\/#organization\",\"name\":\"Vermeer Rental & Services\",\"url\":\"https:\/\/vermeer-rental.nl\/\",\"logo\":{\"@type\":\"ImageObject\",\"inLanguage\":\"de\",\"@id\":\"https:\/\/vermeer-rental.nl\/#\/schema\/logo\/image\/\",\"url\":\"https:\/\/vermeer-rental.nl\/wp-content\/uploads\/2023\/02\/Logo-Vermeer-Rental-RGB.png\",\"contentUrl\":\"https:\/\/vermeer-rental.nl\/wp-content\/uploads\/2023\/02\/Logo-Vermeer-Rental-RGB.png\",\"width\":800,\"height\":210,\"caption\":\"Vermeer Rental & Services\"},\"image\":{\"@id\":\"https:\/\/vermeer-rental.nl\/#\/schema\/logo\/image\/\"},\"sameAs\":[\"https:\/\/www.facebook.com\/gebrvermeerindustrialmovements\",\"https:\/\/www.linkedin.com\/company\/gebr-vermeer-transport\/\",\"https:\/\/www.instagram.com\/gebrvermeer\/\"]}]}<\/script>\n<!-- \/ Yoast SEO Premium plugin. -->","yoast_head_json":{"title":"Pr\u00fcfgewicht 0.5T - Vermeer Rental &amp; Services","robots":{"index":"index","follow":"follow","max-snippet":"max-snippet:-1","max-image-preview":"max-image-preview:large","max-video-preview":"max-video-preview:-1"},"canonical":"https:\/\/vermeer-rental.nl\/de\/produkt\/prufgewicht-05t\/","og_locale":"de_DE","og_type":"article","og_title":"Testgewicht 0,5T","og_description":"Verhuur van gekalibreerde testgewichten met een gewicht vanaf 10 kg tot 5000 kg. Onze testgewichten zijn ISO 17025 gecertificeerd binnen de klasse M1. De testgewichten vanaf 200 kg zijn stapelbaar en voorzien van hijsogen. Wij kunnen tevens het transport van de testgewichten verzorgen. Hiervoor beschikken we over een uitgebreid wagenpark van combo, bestelbus en bakwagen met laadklep tot trekkers met opleggers of semidiepladers.   Technische gegevens","og_url":"https:\/\/vermeer-rental.nl\/de\/produkt\/prufgewicht-05t\/","og_site_name":"Vermeer Rental &amp; Services","article_publisher":"https:\/\/www.facebook.com\/gebrvermeerindustrialmovements","article_modified_time":"2023-04-24T21:09:48+00:00","og_image":[{"width":2560,"height":2560,"url":"https:\/\/vermeer-rental.nl\/wp-content\/uploads\/2023\/04\/Testgewicht-0.5-ton-scaled.jpg","type":"image\/jpeg"}],"twitter_card":"summary_large_image","twitter_misc":{"Gesch\u00e4tzte Lesezeit":"1\u00a0Minute"},"schema":{"@context":"https:\/\/schema.org","@graph":[{"@type":"WebPage","@id":"https:\/\/vermeer-rental.nl\/product\/testgewicht-05t\/","url":"https:\/\/vermeer-rental.nl\/product\/testgewicht-05t\/","name":"Pr\u00fcfgewicht 0.5T - Vermeer Rental &amp; Services","isPartOf":{"@id":"https:\/\/vermeer-rental.nl\/#website"},"primaryImageOfPage":{"@id":"https:\/\/vermeer-rental.nl\/product\/testgewicht-05t\/#primaryimage"},"image":{"@id":"https:\/\/vermeer-rental.nl\/product\/testgewicht-05t\/#primaryimage"},"thumbnailUrl":"https:\/\/vermeer-rental.nl\/wp-content\/uploads\/2023\/04\/Testgewicht-0.5-ton-scaled.jpg","datePublished":"2023-02-25T13:42:36+00:00","dateModified":"2023-04-24T21:09:48+00:00","breadcrumb":{"@id":"https:\/\/vermeer-rental.nl\/product\/testgewicht-05t\/#breadcrumb"},"inLanguage":"de","potentialAction":[{"@type":"ReadAction","target":["https:\/\/vermeer-rental.nl\/product\/testgewicht-05t\/"]}]},{"@type":"ImageObject","inLanguage":"de","@id":"https:\/\/vermeer-rental.nl\/product\/testgewicht-05t\/#primaryimage","url":"https:\/\/vermeer-rental.nl\/wp-content\/uploads\/2023\/04\/Testgewicht-0.5-ton-scaled.jpg","contentUrl":"https:\/\/vermeer-rental.nl\/wp-content\/uploads\/2023\/04\/Testgewicht-0.5-ton-scaled.jpg","width":2560,"height":2560},{"@type":"BreadcrumbList","@id":"https:\/\/vermeer-rental.nl\/product\/testgewicht-05t\/#breadcrumb","itemListElement":[{"@type":"ListItem","position":1,"name":"Home","item":"https:\/\/vermeer-rental.nl\/"},{"@type":"ListItem","position":2,"name":"Diensten","item":"https:\/\/vermeer-rental.nl\/diensten\/"},{"@type":"ListItem","position":3,"name":"Testgewicht 0,5T"}]},{"@type":"WebSite","@id":"https:\/\/vermeer-rental.nl\/#website","url":"https:\/\/vermeer-rental.nl\/","name":"Vermeer Vermietung &amp; Dienstleistungen","description":"Wir sind bereit!","publisher":{"@id":"https:\/\/vermeer-rental.nl\/#organization"},"potentialAction":[{"@type":"SearchAction","target":{"@type":"EntryPoint","urlTemplate":"https:\/\/vermeer-rental.nl\/?s={search_term_string}"},"query-input":{"@type":"PropertyValueSpecification","valueRequired":true,"valueName":"search_term_string"}}],"inLanguage":"de"},{"@type":"Organization","@id":"https:\/\/vermeer-rental.nl\/#organization","name":"Vermeer Vermietung &amp; Dienstleistungen","url":"https:\/\/vermeer-rental.nl\/","logo":{"@type":"ImageObject","inLanguage":"de","@id":"https:\/\/vermeer-rental.nl\/#\/schema\/logo\/image\/","url":"https:\/\/vermeer-rental.nl\/wp-content\/uploads\/2023\/02\/Logo-Vermeer-Rental-RGB.png","contentUrl":"https:\/\/vermeer-rental.nl\/wp-content\/uploads\/2023\/02\/Logo-Vermeer-Rental-RGB.png","width":800,"height":210,"caption":"Vermeer Rental & Services"},"image":{"@id":"https:\/\/vermeer-rental.nl\/#\/schema\/logo\/image\/"},"sameAs":["https:\/\/www.facebook.com\/gebrvermeerindustrialmovements","https:\/\/www.linkedin.com\/company\/gebr-vermeer-transport\/","https:\/\/www.instagram.com\/gebrvermeer\/"]}]}},"_links":{"self":[{"href":"https:\/\/vermeer-rental.nl\/de\/wp-json\/wp\/v2\/product\/29","targetHints":{"allow":["GET"]}}],"collection":[{"href":"https:\/\/vermeer-rental.nl\/de\/wp-json\/wp\/v2\/product"}],"about":[{"href":"https:\/\/vermeer-rental.nl\/de\/wp-json\/wp\/v2\/types\/product"}],"replies":[{"embeddable":true,"href":"https:\/\/vermeer-rental.nl\/de\/wp-json\/wp\/v2\/comments?post=29"}],"wp:featuredmedia":[{"embeddable":true,"href":"https:\/\/vermeer-rental.nl\/de\/wp-json\/wp\/v2\/media\/428"}],"wp:attachment":[{"href":"https:\/\/vermeer-rental.nl\/de\/wp-json\/wp\/v2\/media?parent=29"}],"wp:term":[{"taxonomy":"product_brand","embeddable":true,"href":"https:\/\/vermeer-rental.nl\/de\/wp-json\/wp\/v2\/product_brand?post=29"},{"taxonomy":"product_cat","embeddable":true,"href":"https:\/\/vermeer-rental.nl\/de\/wp-json\/wp\/v2\/product_cat?post=29"},{"taxonomy":"product_tag","embeddable":true,"href":"https:\/\/vermeer-rental.nl\/de\/wp-json\/wp\/v2\/product_tag?post=29"}],"curies":[{"name":"wp","href":"https:\/\/api.w.org\/{rel}","templated":true}]}}