{"id":25,"date":"2023-02-25T13:42:36","date_gmt":"2023-02-25T13:42:36","guid":{"rendered":"https:\/\/rental.daanwerkelijk.nl\/?post_type=product&#038;p=25"},"modified":"2024-12-03T11:09:55","modified_gmt":"2024-12-03T10:09:55","slug":"pick-carry-kranverleih-pick-and-carry-kran-pick-and-carry-kran","status":"publish","type":"product","link":"https:\/\/vermeer-rental.nl\/de\/product\/pick-carry-kraan-huren-pick-and-carry-kraan-pick-carry-kraan\/","title":{"rendered":"Pick &amp; Carry-Kran - MC25S"},"content":{"rendered":"<p>Einer der gr\u00f6\u00dften Vorteile des 2,5-Tonnen-Elektro-Mobilkrans ist sein kleiner Bewegungsradius: Mit einem Lenkeinschlag von +- 90\u00b0 l\u00e4sst er sich auch durch besonders enge R\u00e4ume sicher man\u00f6vrieren und ist wie geschaffen f\u00fcr den Einsatz in Hallen, in denen es eng zugeht. Denn unser \"Kleiner\" kommt auch in die hintersten Ecken.<\/p>\n<h3 style=\"font-weight: bold; font-size: 18px;\">VERWENDUNG INNERHALB VON VIER W\u00c4NDEN<\/h3>\n<p>Nat\u00fcrlich sind auch die kompakten Abmessungen des 2,5-Tonnen-Elektro-Mobilkrans ein gro\u00dfer Vorteil: Mit einer Breite von nur 900 mm und einer H\u00f6he von 1610 mm passt er fast durch eine normale Haust\u00fcr. Damit kann der 2,5-Tonnen-Elektro-Mobilkran auch im Rohbau eingesetzt werden, z.B. von Fensterbauern, Zimmerleuten oder Handwerkern im Fertigbau, die Bauteile wie Fenster oder W\u00e4nde transportieren m\u00fcssen.<\/p>\n<h3 style=\"font-weight: bold; font-size: 18px;\">BESTES ERWARTET<\/h3>\n<p>Vor allem beim Einsatz innerhalb von Geb\u00e4uden kommen zwei zus\u00e4tzliche Eigenschaften zum Tragen: Zum einen ist der 2,5-Tonnen-Elektro-Mobilkran mit spurlosen Reifen ausgestattet und hinterl\u00e4sst daher keine Spuren bei der Arbeit. Zum anderen wird der Kran von einem leistungsstarken, emissionsfreien Elektromotor angetrieben - mit einer Batteriekapazit\u00e4t von 8 Arbeitsstunden. Abgase, Schmutz und Ger\u00fcche geh\u00f6ren der Vergangenheit an. Gut f\u00fcr die Arbeit - und f\u00fcr das Klima!<\/p>\n<p>&nbsp;<\/p>","protected":false},"excerpt":{"rendered":"<p>Der elektrische Pick &amp; Carry 2,5 t ist serienm\u00e4\u00dfig mit spurlosen, nicht kreidenden Reifen ausgestattet. Der 2-kW-Elektromotor des Krans spricht pr\u00e4zise an und arbeitet dank einer leistungsstarken 24-V-Batterie mit 420 Ah 8 Stunden lang ohne Nachladen. Der Ausleger ist proportional ausfahrbar und kann bei Bedarf zus\u00e4tzlich \u00fcber eine Spitze verl\u00e4ngert werden.<\/p>\n<p>&nbsp;<\/p>\n<form action=\"https:\/\/vermeer-rental.nl\/wp-content\/uploads\/2023\/03\/MC25S-Vermeer_.pdf\" method=\"get\" target=\"_blank\" data-trp-original-action=\"https:\/\/vermeer-rental.nl\/wp-content\/uploads\/2023\/03\/MC25S-Vermeer_.pdf\"><button class=\"pdf-button\" type=\"submit\">Technische Daten<\/button><input type=\"hidden\" name=\"trp-form-language\" value=\"de\"\/><\/form>","protected":false},"featured_media":61,"comment_status":"closed","ping_status":"closed","template":"","meta":{"om_disable_all_campaigns":false,"_monsterinsights_skip_tracking":false,"_monsterinsights_sitenote_active":false,"_monsterinsights_sitenote_note":"","_monsterinsights_sitenote_category":0},"product_brand":[],"product_cat":[18],"product_tag":[],"class_list":{"0":"post-25","1":"product","2":"type-product","3":"status-publish","4":"has-post-thumbnail","6":"product_cat-pick-carry-kranen","8":"first","9":"instock","10":"shipping-taxable","11":"purchasable","12":"product-type-simple"},"yoast_head":"<!-- This site is optimized with the Yoast SEO Premium plugin v23.3 (Yoast SEO v27.2) - https:\/\/yoast.com\/product\/yoast-seo-premium-wordpress\/ -->\n<title>Pick &amp; Carry kraan huren - Bekijk hier ons aanbod. Vermeer Rental &amp; Services<\/title>\n<meta name=\"description\" content=\"Pick &amp; Carry kraan huren? Industriekranen van 2 tot 60 ton. Ontdek hier de mogelijkheden van onze 100% elektrische Pick &amp; Carry kranen.\" \/>\n<meta name=\"robots\" content=\"index, follow, max-snippet:-1, max-image-preview:large, max-video-preview:-1\" \/>\n<link rel=\"canonical\" href=\"https:\/\/vermeer-rental.nl\/de\/produkt\/pick-carry-kranverleih-pick-and-carry-kran-pick-and-carry-kran\/\" \/>\n<meta property=\"og:locale\" content=\"de_DE\" \/>\n<meta property=\"og:type\" content=\"article\" \/>\n<meta property=\"og:title\" content=\"Pick &amp; Carry kraan - MC25S\" \/>\n<meta property=\"og:description\" content=\"Pick &amp; Carry kraan huren? Industriekranen van 2 tot 60 ton. Ontdek hier de mogelijkheden van onze 100% elektrische Pick &amp; Carry kranen.\" \/>\n<meta property=\"og:url\" content=\"https:\/\/vermeer-rental.nl\/de\/produkt\/pick-carry-kranverleih-pick-and-carry-kran-pick-and-carry-kran\/\" \/>\n<meta property=\"og:site_name\" content=\"Vermeer Rental &amp; Services\" \/>\n<meta property=\"article:publisher\" content=\"https:\/\/www.facebook.com\/gebrvermeerindustrialmovements\" \/>\n<meta property=\"article:modified_time\" content=\"2024-12-03T10:09:55+00:00\" \/>\n<meta property=\"og:image\" content=\"https:\/\/vermeer-rental.nl\/wp-content\/uploads\/2023\/02\/MC25S-Foto.jpg\" \/>\n\t<meta property=\"og:image:width\" content=\"738\" \/>\n\t<meta property=\"og:image:height\" content=\"738\" \/>\n\t<meta property=\"og:image:type\" content=\"image\/jpeg\" \/>\n<meta name=\"twitter:card\" content=\"summary_large_image\" \/>\n<meta name=\"twitter:label1\" content=\"Gesch\u00e4tzte Lesezeit\" \/>\n\t<meta name=\"twitter:data1\" content=\"2\u00a0Minuten\" \/>\n<script type=\"application\/ld+json\" class=\"yoast-schema-graph\">{\"@context\":\"https:\/\/schema.org\",\"@graph\":[{\"@type\":\"WebPage\",\"@id\":\"https:\/\/vermeer-rental.nl\/product\/pick-carry-kraan-huren-pick-and-carry-kraan-pick-carry-kraan\/\",\"url\":\"https:\/\/vermeer-rental.nl\/product\/pick-carry-kraan-huren-pick-and-carry-kraan-pick-carry-kraan\/\",\"name\":\"Pick & Carry kraan huren - Bekijk hier ons aanbod. Vermeer Rental &amp; Services\",\"isPartOf\":{\"@id\":\"https:\/\/vermeer-rental.nl\/#website\"},\"primaryImageOfPage\":{\"@id\":\"https:\/\/vermeer-rental.nl\/product\/pick-carry-kraan-huren-pick-and-carry-kraan-pick-carry-kraan\/#primaryimage\"},\"image\":{\"@id\":\"https:\/\/vermeer-rental.nl\/product\/pick-carry-kraan-huren-pick-and-carry-kraan-pick-carry-kraan\/#primaryimage\"},\"thumbnailUrl\":\"https:\/\/vermeer-rental.nl\/wp-content\/uploads\/2023\/02\/MC25S-Foto.jpg\",\"datePublished\":\"2023-02-25T13:42:36+00:00\",\"dateModified\":\"2024-12-03T10:09:55+00:00\",\"description\":\"Pick & Carry kraan huren? Industriekranen van 2 tot 60 ton. Ontdek hier de mogelijkheden van onze 100% elektrische Pick & Carry kranen.\",\"breadcrumb\":{\"@id\":\"https:\/\/vermeer-rental.nl\/product\/pick-carry-kraan-huren-pick-and-carry-kraan-pick-carry-kraan\/#breadcrumb\"},\"inLanguage\":\"de\",\"potentialAction\":[{\"@type\":\"ReadAction\",\"target\":[\"https:\/\/vermeer-rental.nl\/product\/pick-carry-kraan-huren-pick-and-carry-kraan-pick-carry-kraan\/\"]}]},{\"@type\":\"ImageObject\",\"inLanguage\":\"de\",\"@id\":\"https:\/\/vermeer-rental.nl\/product\/pick-carry-kraan-huren-pick-and-carry-kraan-pick-carry-kraan\/#primaryimage\",\"url\":\"https:\/\/vermeer-rental.nl\/wp-content\/uploads\/2023\/02\/MC25S-Foto.jpg\",\"contentUrl\":\"https:\/\/vermeer-rental.nl\/wp-content\/uploads\/2023\/02\/MC25S-Foto.jpg\",\"width\":738,\"height\":738},{\"@type\":\"BreadcrumbList\",\"@id\":\"https:\/\/vermeer-rental.nl\/product\/pick-carry-kraan-huren-pick-and-carry-kraan-pick-carry-kraan\/#breadcrumb\",\"itemListElement\":[{\"@type\":\"ListItem\",\"position\":1,\"name\":\"Home\",\"item\":\"https:\/\/vermeer-rental.nl\/\"},{\"@type\":\"ListItem\",\"position\":2,\"name\":\"Diensten\",\"item\":\"https:\/\/vermeer-rental.nl\/diensten\/\"},{\"@type\":\"ListItem\",\"position\":3,\"name\":\"Pick &#038; Carry kraan &#8211; MC25S\"}]},{\"@type\":\"WebSite\",\"@id\":\"https:\/\/vermeer-rental.nl\/#website\",\"url\":\"https:\/\/vermeer-rental.nl\/\",\"name\":\"Vermeer Rental & Services\",\"description\":\"Staat voor u klaar!\",\"publisher\":{\"@id\":\"https:\/\/vermeer-rental.nl\/#organization\"},\"potentialAction\":[{\"@type\":\"SearchAction\",\"target\":{\"@type\":\"EntryPoint\",\"urlTemplate\":\"https:\/\/vermeer-rental.nl\/?s={search_term_string}\"},\"query-input\":{\"@type\":\"PropertyValueSpecification\",\"valueRequired\":true,\"valueName\":\"search_term_string\"}}],\"inLanguage\":\"de\"},{\"@type\":\"Organization\",\"@id\":\"https:\/\/vermeer-rental.nl\/#organization\",\"name\":\"Vermeer Rental & Services\",\"url\":\"https:\/\/vermeer-rental.nl\/\",\"logo\":{\"@type\":\"ImageObject\",\"inLanguage\":\"de\",\"@id\":\"https:\/\/vermeer-rental.nl\/#\/schema\/logo\/image\/\",\"url\":\"https:\/\/vermeer-rental.nl\/wp-content\/uploads\/2023\/02\/Logo-Vermeer-Rental-RGB.png\",\"contentUrl\":\"https:\/\/vermeer-rental.nl\/wp-content\/uploads\/2023\/02\/Logo-Vermeer-Rental-RGB.png\",\"width\":800,\"height\":210,\"caption\":\"Vermeer Rental & Services\"},\"image\":{\"@id\":\"https:\/\/vermeer-rental.nl\/#\/schema\/logo\/image\/\"},\"sameAs\":[\"https:\/\/www.facebook.com\/gebrvermeerindustrialmovements\",\"https:\/\/www.linkedin.com\/company\/gebr-vermeer-transport\/\",\"https:\/\/www.instagram.com\/gebrvermeer\/\"]}]}<\/script>\n<!-- \/ Yoast SEO Premium plugin. -->","yoast_head_json":{"title":"Pick &amp; Carry Kranvermietung - Sehen Sie unser Angebot hier. Vermeer Vermietung &amp; Dienstleistungen","description":"Pick &amp; Carry-Kranvermietung? Industriekrane von 2 bis 60 Tonnen. Entdecken Sie hier die M\u00f6glichkeiten unserer elektrischen Pick &amp; Carry-Kr\u00e4ne 100%.","robots":{"index":"index","follow":"follow","max-snippet":"max-snippet:-1","max-image-preview":"max-image-preview:large","max-video-preview":"max-video-preview:-1"},"canonical":"https:\/\/vermeer-rental.nl\/de\/produkt\/pick-carry-kranverleih-pick-and-carry-kran-pick-and-carry-kran\/","og_locale":"de_DE","og_type":"article","og_title":"Pick & Carry kraan - MC25S","og_description":"Pick & Carry kraan huren? Industriekranen van 2 tot 60 ton. Ontdek hier de mogelijkheden van onze 100% elektrische Pick & Carry kranen.","og_url":"https:\/\/vermeer-rental.nl\/de\/produkt\/pick-carry-kranverleih-pick-and-carry-kran-pick-and-carry-kran\/","og_site_name":"Vermeer Rental &amp; Services","article_publisher":"https:\/\/www.facebook.com\/gebrvermeerindustrialmovements","article_modified_time":"2024-12-03T10:09:55+00:00","og_image":[{"width":738,"height":738,"url":"https:\/\/vermeer-rental.nl\/wp-content\/uploads\/2023\/02\/MC25S-Foto.jpg","type":"image\/jpeg"}],"twitter_card":"summary_large_image","twitter_misc":{"Gesch\u00e4tzte Lesezeit":"2\u00a0Minuten"},"schema":{"@context":"https:\/\/schema.org","@graph":[{"@type":"WebPage","@id":"https:\/\/vermeer-rental.nl\/product\/pick-carry-kraan-huren-pick-and-carry-kraan-pick-carry-kraan\/","url":"https:\/\/vermeer-rental.nl\/product\/pick-carry-kraan-huren-pick-and-carry-kraan-pick-carry-kraan\/","name":"Pick &amp; Carry Kranvermietung - Sehen Sie unser Angebot hier. Vermeer Vermietung &amp; Dienstleistungen","isPartOf":{"@id":"https:\/\/vermeer-rental.nl\/#website"},"primaryImageOfPage":{"@id":"https:\/\/vermeer-rental.nl\/product\/pick-carry-kraan-huren-pick-and-carry-kraan-pick-carry-kraan\/#primaryimage"},"image":{"@id":"https:\/\/vermeer-rental.nl\/product\/pick-carry-kraan-huren-pick-and-carry-kraan-pick-carry-kraan\/#primaryimage"},"thumbnailUrl":"https:\/\/vermeer-rental.nl\/wp-content\/uploads\/2023\/02\/MC25S-Foto.jpg","datePublished":"2023-02-25T13:42:36+00:00","dateModified":"2024-12-03T10:09:55+00:00","description":"Pick &amp; Carry-Kranvermietung? Industriekrane von 2 bis 60 Tonnen. Entdecken Sie hier die M\u00f6glichkeiten unserer elektrischen Pick &amp; Carry-Kr\u00e4ne 100%.","breadcrumb":{"@id":"https:\/\/vermeer-rental.nl\/product\/pick-carry-kraan-huren-pick-and-carry-kraan-pick-carry-kraan\/#breadcrumb"},"inLanguage":"de","potentialAction":[{"@type":"ReadAction","target":["https:\/\/vermeer-rental.nl\/product\/pick-carry-kraan-huren-pick-and-carry-kraan-pick-carry-kraan\/"]}]},{"@type":"ImageObject","inLanguage":"de","@id":"https:\/\/vermeer-rental.nl\/product\/pick-carry-kraan-huren-pick-and-carry-kraan-pick-carry-kraan\/#primaryimage","url":"https:\/\/vermeer-rental.nl\/wp-content\/uploads\/2023\/02\/MC25S-Foto.jpg","contentUrl":"https:\/\/vermeer-rental.nl\/wp-content\/uploads\/2023\/02\/MC25S-Foto.jpg","width":738,"height":738},{"@type":"BreadcrumbList","@id":"https:\/\/vermeer-rental.nl\/product\/pick-carry-kraan-huren-pick-and-carry-kraan-pick-carry-kraan\/#breadcrumb","itemListElement":[{"@type":"ListItem","position":1,"name":"Home","item":"https:\/\/vermeer-rental.nl\/"},{"@type":"ListItem","position":2,"name":"Diensten","item":"https:\/\/vermeer-rental.nl\/diensten\/"},{"@type":"ListItem","position":3,"name":"Pick &#038; Carry kraan &#8211; MC25S"}]},{"@type":"WebSite","@id":"https:\/\/vermeer-rental.nl\/#website","url":"https:\/\/vermeer-rental.nl\/","name":"Vermeer Vermietung &amp; Dienstleistungen","description":"Wir sind bereit!","publisher":{"@id":"https:\/\/vermeer-rental.nl\/#organization"},"potentialAction":[{"@type":"SearchAction","target":{"@type":"EntryPoint","urlTemplate":"https:\/\/vermeer-rental.nl\/?s={search_term_string}"},"query-input":{"@type":"PropertyValueSpecification","valueRequired":true,"valueName":"search_term_string"}}],"inLanguage":"de"},{"@type":"Organization","@id":"https:\/\/vermeer-rental.nl\/#organization","name":"Vermeer Vermietung &amp; Dienstleistungen","url":"https:\/\/vermeer-rental.nl\/","logo":{"@type":"ImageObject","inLanguage":"de","@id":"https:\/\/vermeer-rental.nl\/#\/schema\/logo\/image\/","url":"https:\/\/vermeer-rental.nl\/wp-content\/uploads\/2023\/02\/Logo-Vermeer-Rental-RGB.png","contentUrl":"https:\/\/vermeer-rental.nl\/wp-content\/uploads\/2023\/02\/Logo-Vermeer-Rental-RGB.png","width":800,"height":210,"caption":"Vermeer Rental & Services"},"image":{"@id":"https:\/\/vermeer-rental.nl\/#\/schema\/logo\/image\/"},"sameAs":["https:\/\/www.facebook.com\/gebrvermeerindustrialmovements","https:\/\/www.linkedin.com\/company\/gebr-vermeer-transport\/","https:\/\/www.instagram.com\/gebrvermeer\/"]}]}},"_links":{"self":[{"href":"https:\/\/vermeer-rental.nl\/de\/wp-json\/wp\/v2\/product\/25","targetHints":{"allow":["GET"]}}],"collection":[{"href":"https:\/\/vermeer-rental.nl\/de\/wp-json\/wp\/v2\/product"}],"about":[{"href":"https:\/\/vermeer-rental.nl\/de\/wp-json\/wp\/v2\/types\/product"}],"replies":[{"embeddable":true,"href":"https:\/\/vermeer-rental.nl\/de\/wp-json\/wp\/v2\/comments?post=25"}],"wp:featuredmedia":[{"embeddable":true,"href":"https:\/\/vermeer-rental.nl\/de\/wp-json\/wp\/v2\/media\/61"}],"wp:attachment":[{"href":"https:\/\/vermeer-rental.nl\/de\/wp-json\/wp\/v2\/media?parent=25"}],"wp:term":[{"taxonomy":"product_brand","embeddable":true,"href":"https:\/\/vermeer-rental.nl\/de\/wp-json\/wp\/v2\/product_brand?post=25"},{"taxonomy":"product_cat","embeddable":true,"href":"https:\/\/vermeer-rental.nl\/de\/wp-json\/wp\/v2\/product_cat?post=25"},{"taxonomy":"product_tag","embeddable":true,"href":"https:\/\/vermeer-rental.nl\/de\/wp-json\/wp\/v2\/product_tag?post=25"}],"curies":[{"name":"wp","href":"https:\/\/api.w.org\/{rel}","templated":true}]}}