{"id":24,"date":"2023-02-25T13:42:36","date_gmt":"2023-02-25T13:42:36","guid":{"rendered":"https:\/\/rental.daanwerkelijk.nl\/?post_type=product&#038;p=24"},"modified":"2026-02-26T10:59:09","modified_gmt":"2026-02-26T09:59:09","slug":"10ft-container","status":"publish","type":"product","link":"https:\/\/vermeer-rental.nl\/de\/product\/container-10ft\/","title":{"rendered":"Container 10ft"},"content":{"rendered":"<p>Hier finden Sie einen \u00dcberblick \u00fcber einige Umsetzungsm\u00f6glichkeiten:<\/p>\n<p><strong>Elektrische Ausr\u00fcstung<br \/>\n<\/strong>Nutzen Sie Ihren Lager- oder Materialcontainer mit der richtigen Elektrik noch besser aus, eine vielseitige Nutzung ist m\u00f6glich.<br \/>\n<img loading=\"lazy\" decoding=\"async\" class=\"alignnone size-medium wp-image-250\" src=\"https:\/\/vermeer-rental.nl\/wp-content\/uploads\/2023\/02\/Elektrische-uitrusting-200x300.jpg\" alt=\"\" width=\"200\" height=\"300\" srcset=\"https:\/\/vermeer-rental.nl\/wp-content\/uploads\/2023\/02\/Elektrische-uitrusting-200x300.jpg 200w, https:\/\/vermeer-rental.nl\/wp-content\/uploads\/2023\/02\/Elektrische-uitrusting.jpg 312w\" sizes=\"auto, (max-width: 200px) 100vw, 200px\" \/><\/p>\n<p>Sie k\u00f6nnen zwischen den folgenden Implementierungsoptionen w\u00e4hlen:<\/p>\n<ul>\n<li>Verteilerschrank mit Steckdosen<\/li>\n<li>Unterputz CEE-Au\u00dfenanschl\u00fcsse<\/li>\n<li>Elektrizit\u00e4t f\u00fcr die Nasszelle<\/li>\n<li>Lichtbalken<\/li>\n<li>Lichtschalter in der N\u00e4he der T\u00fcr<\/li>\n<li>Zus\u00e4tzliche Stromanschl\u00fcsse<\/li>\n<\/ul>\n<p><strong>Lagerregale<br \/>\n<\/strong>Das perfekte Zubeh\u00f6r f\u00fcr Ihren individuellen Stauraum. Nutzen Sie die M\u00f6glichkeiten Ihres Lagercontainers und schaffen Sie mit einem Regalsystem zus\u00e4tzlichen Stauraum. Bestellen Sie es gleich und lassen Sie es vormontiert liefern oder bestellen Sie es als Bausatz und integrieren Sie es in einen bereits vorhandenen Lagercontainer.<br \/>\n<img loading=\"lazy\" decoding=\"async\" class=\"alignnone size-full wp-image-252\" src=\"https:\/\/vermeer-rental.nl\/wp-content\/uploads\/2023\/02\/Magazijnstellingen.jpg\" alt=\"\" width=\"259\" height=\"194\" \/><\/p>\n<p><strong>Treppe mit Plattform<br \/>\n<\/strong>Verzinkte Stahlplattformen f\u00fcr die Stirnseite. K\u00f6nnen untereinander und mit Geschosstreppen verbunden werden. Auf diese Weise kann an der Au\u00dfenseite der Einheiten eine Galerie im ersten Stock geschaffen werden. So bleibt mehr nutzbare Fl\u00e4che in den Containern, ohne dass zus\u00e4tzliche Quadratmeter ben\u00f6tigt werden.<br \/>\n<img loading=\"lazy\" decoding=\"async\" class=\"alignnone size-medium wp-image-253\" src=\"https:\/\/vermeer-rental.nl\/wp-content\/uploads\/2023\/02\/Trap-met-bordes-300x200.jpg\" alt=\"\" width=\"300\" height=\"200\" srcset=\"https:\/\/vermeer-rental.nl\/wp-content\/uploads\/2023\/02\/Trap-met-bordes-300x200.jpg 300w, https:\/\/vermeer-rental.nl\/wp-content\/uploads\/2023\/02\/Trap-met-bordes-600x400.jpg 600w, https:\/\/vermeer-rental.nl\/wp-content\/uploads\/2023\/02\/Trap-met-bordes.jpg 763w\" sizes=\"auto, (max-width: 300px) 100vw, 300px\" \/><\/p>\n<p><strong>Sicherheitspaket<br \/>\n<\/strong>Wenn Sie sich f\u00fcr Sicherheit entscheiden, sind unsere Lagercontainer mit umfassendem Sicherheitspaket genau das Richtige f\u00fcr Sie.<\/p>\n<p>Das Sicherheitspaket besteht aus:<\/p>\n<ul>\n<li>2 Verriegelungsbolzen auf der Innenseite<\/li>\n<li>Internes Sicherheitsschloss mit Schlie\u00dfzylinder<\/li>\n<li>4 Innenanschl\u00e4ge<\/li>\n<\/ul>\n<p><img loading=\"lazy\" decoding=\"async\" class=\"alignnone size-medium wp-image-251\" src=\"https:\/\/vermeer-rental.nl\/wp-content\/uploads\/2023\/02\/Complete-inrichting-300x193.jpg\" alt=\"\" width=\"300\" height=\"193\" srcset=\"https:\/\/vermeer-rental.nl\/wp-content\/uploads\/2023\/02\/Complete-inrichting-300x193.jpg 300w, https:\/\/vermeer-rental.nl\/wp-content\/uploads\/2023\/02\/Complete-inrichting-768x494.jpg 768w, https:\/\/vermeer-rental.nl\/wp-content\/uploads\/2023\/02\/Complete-inrichting-600x386.jpg 600w, https:\/\/vermeer-rental.nl\/wp-content\/uploads\/2023\/02\/Complete-inrichting.jpg 800w\" sizes=\"auto, (max-width: 300px) 100vw, 300px\" \/><br \/>\nKomplette M\u00f6blierung nach Bedarf, einschlie\u00dflich Tische, St\u00fchle, Schr\u00e4nke, Heizung, Klimaanlage usw.<\/p>\n<p><strong>Werkzeughalter<br \/>\n<\/strong>Finden Sie Ihr Werkzeug in wenigen Augenblicken: Unser Werkzeughalter gibt all Ihren Werkzeugen einen festen Platz. Die zus\u00e4tzlichen Sicherheitsketten garantieren au\u00dferdem optimalen Schutz beim Transport.<br \/>\n<img loading=\"lazy\" decoding=\"async\" class=\"alignnone size-full wp-image-254\" src=\"https:\/\/vermeer-rental.nl\/wp-content\/uploads\/2023\/02\/Gereedschapshouder.jpg\" alt=\"\" width=\"259\" height=\"194\" \/><\/p>\n<p><strong>Zurrleisten<br \/>\n<\/strong>Das Sichern Ihrer Ladung kann noch einfacher sein! Zus\u00e4tzlich zu den standardm\u00e4\u00dfigen Zurr\u00f6sen in einem Container k\u00f6nnen wir Zurrleisten anbringen, um die Ladungssicherung noch einfacher zu gestalten.<br \/>\n<img loading=\"lazy\" decoding=\"async\" class=\"alignnone size-full wp-image-255\" src=\"https:\/\/vermeer-rental.nl\/wp-content\/uploads\/2023\/02\/Sjorstrips.jpg\" alt=\"\" width=\"275\" height=\"183\" \/><\/p>","protected":false},"excerpt":{"rendered":"<p>Suchen Sie einen\u00a0<strong>flexible L\u00f6sung<\/strong><strong>\u00a0<\/strong>F\u00fcr Ihren Platzbedarf? Wir haben den richtigen Container f\u00fcr Sie! Mit unserem\u00a0<strong>Container<\/strong>\u00a0bieten wir Ihnen die perfekte und individuelle Rauml\u00f6sung, die auf Ihre Bed\u00fcrfnisse zugeschnitten ist. Egal ob Sie einen einzelnen Container oder eine komplette Containeranlage suchen,\u00a0<strong>zu mieten oder zu kaufen<\/strong>. Wir werden Ihnen gerne die passende L\u00f6sung anbieten.<\/p>\n<p>&nbsp;<\/p>\n<form action=\"https:\/\/vermeer-rental.nl\/wp-content\/uploads\/2023\/03\/2022-Vermeer-Rentals_CONTAINERS.pdf\" method=\"get\" target=\"_blank\" data-trp-original-action=\"https:\/\/vermeer-rental.nl\/wp-content\/uploads\/2023\/03\/2022-Vermeer-Rentals_CONTAINERS.pdf\"><button class=\"pdf-button\" type=\"submit\">Hier k\u00f6nnen Sie das Faltblatt einsehen<\/button><input type=\"hidden\" name=\"trp-form-language\" value=\"de\"\/><\/form>","protected":false},"featured_media":545,"comment_status":"closed","ping_status":"closed","template":"","meta":{"om_disable_all_campaigns":false,"_monsterinsights_skip_tracking":false,"_monsterinsights_sitenote_active":false,"_monsterinsights_sitenote_note":"","_monsterinsights_sitenote_category":0},"product_brand":[],"product_cat":[16,17],"product_tag":[],"class_list":{"0":"post-24","1":"product","2":"type-product","3":"status-publish","4":"has-post-thumbnail","6":"product_cat-containers","7":"product_cat-opslagcontainers","9":"first","10":"instock","11":"shipping-taxable","12":"purchasable","13":"product-type-simple"},"yoast_head":"<!-- This site is optimized with the Yoast SEO Premium plugin v23.3 (Yoast SEO v27.2) - https:\/\/yoast.com\/product\/yoast-seo-premium-wordpress\/ -->\n<title>Container 10ft - Vermeer Rental &amp; Services<\/title>\n<meta name=\"robots\" content=\"index, follow, max-snippet:-1, max-image-preview:large, max-video-preview:-1\" \/>\n<link rel=\"canonical\" href=\"https:\/\/vermeer-rental.nl\/de\/produkt\/10ft-container\/\" \/>\n<meta property=\"og:locale\" content=\"de_DE\" \/>\n<meta property=\"og:type\" content=\"article\" \/>\n<meta property=\"og:title\" content=\"Container 10ft\" \/>\n<meta property=\"og:description\" content=\"Bent u op zoek naar een\u00a0flexibele oplossing\u00a0voor uw behoefte aan ruimte? Wij hebben de juiste container voor u! Met onze\u00a0containers\u00a0bieden wij de perfecte en individuele ruimteoplossing, aangepast aan uw behoeften. Of u nu op zoek bent naar een losse container of een compleet containercomplex,\u00a0om te huren of te kopen. Wij bieden u graag de passende oplossing.  &nbsp;  Bekijk hier de folder\" \/>\n<meta property=\"og:url\" content=\"https:\/\/vermeer-rental.nl\/de\/produkt\/10ft-container\/\" \/>\n<meta property=\"og:site_name\" content=\"Vermeer Rental &amp; Services\" \/>\n<meta property=\"article:publisher\" content=\"https:\/\/www.facebook.com\/gebrvermeerindustrialmovements\" \/>\n<meta property=\"article:modified_time\" content=\"2026-02-26T09:59:09+00:00\" \/>\n<meta property=\"og:image\" content=\"https:\/\/vermeer-rental.nl\/wp-content\/uploads\/2023\/04\/10-ft-foto.jpg\" \/>\n\t<meta property=\"og:image:width\" content=\"2000\" \/>\n\t<meta property=\"og:image:height\" content=\"2000\" \/>\n\t<meta property=\"og:image:type\" content=\"image\/jpeg\" \/>\n<meta name=\"twitter:card\" content=\"summary_large_image\" \/>\n<meta name=\"twitter:label1\" content=\"Gesch\u00e4tzte Lesezeit\" \/>\n\t<meta name=\"twitter:data1\" content=\"3\u00a0Minuten\" \/>\n<script type=\"application\/ld+json\" class=\"yoast-schema-graph\">{\"@context\":\"https:\/\/schema.org\",\"@graph\":[{\"@type\":\"WebPage\",\"@id\":\"https:\/\/vermeer-rental.nl\/product\/container-10ft\/\",\"url\":\"https:\/\/vermeer-rental.nl\/product\/container-10ft\/\",\"name\":\"Container 10ft - Vermeer Rental &amp; Services\",\"isPartOf\":{\"@id\":\"https:\/\/vermeer-rental.nl\/#website\"},\"primaryImageOfPage\":{\"@id\":\"https:\/\/vermeer-rental.nl\/product\/container-10ft\/#primaryimage\"},\"image\":{\"@id\":\"https:\/\/vermeer-rental.nl\/product\/container-10ft\/#primaryimage\"},\"thumbnailUrl\":\"https:\/\/vermeer-rental.nl\/wp-content\/uploads\/2023\/04\/10-ft-foto.jpg\",\"datePublished\":\"2023-02-25T13:42:36+00:00\",\"dateModified\":\"2026-02-26T09:59:09+00:00\",\"breadcrumb\":{\"@id\":\"https:\/\/vermeer-rental.nl\/product\/container-10ft\/#breadcrumb\"},\"inLanguage\":\"de\",\"potentialAction\":[{\"@type\":\"ReadAction\",\"target\":[\"https:\/\/vermeer-rental.nl\/product\/container-10ft\/\"]}]},{\"@type\":\"ImageObject\",\"inLanguage\":\"de\",\"@id\":\"https:\/\/vermeer-rental.nl\/product\/container-10ft\/#primaryimage\",\"url\":\"https:\/\/vermeer-rental.nl\/wp-content\/uploads\/2023\/04\/10-ft-foto.jpg\",\"contentUrl\":\"https:\/\/vermeer-rental.nl\/wp-content\/uploads\/2023\/04\/10-ft-foto.jpg\",\"width\":2000,\"height\":2000},{\"@type\":\"BreadcrumbList\",\"@id\":\"https:\/\/vermeer-rental.nl\/product\/container-10ft\/#breadcrumb\",\"itemListElement\":[{\"@type\":\"ListItem\",\"position\":1,\"name\":\"Home\",\"item\":\"https:\/\/vermeer-rental.nl\/\"},{\"@type\":\"ListItem\",\"position\":2,\"name\":\"Diensten\",\"item\":\"https:\/\/vermeer-rental.nl\/diensten\/\"},{\"@type\":\"ListItem\",\"position\":3,\"name\":\"Container 10ft\"}]},{\"@type\":\"WebSite\",\"@id\":\"https:\/\/vermeer-rental.nl\/#website\",\"url\":\"https:\/\/vermeer-rental.nl\/\",\"name\":\"Vermeer Rental & Services\",\"description\":\"Staat voor u klaar!\",\"publisher\":{\"@id\":\"https:\/\/vermeer-rental.nl\/#organization\"},\"potentialAction\":[{\"@type\":\"SearchAction\",\"target\":{\"@type\":\"EntryPoint\",\"urlTemplate\":\"https:\/\/vermeer-rental.nl\/?s={search_term_string}\"},\"query-input\":{\"@type\":\"PropertyValueSpecification\",\"valueRequired\":true,\"valueName\":\"search_term_string\"}}],\"inLanguage\":\"de\"},{\"@type\":\"Organization\",\"@id\":\"https:\/\/vermeer-rental.nl\/#organization\",\"name\":\"Vermeer Rental & Services\",\"url\":\"https:\/\/vermeer-rental.nl\/\",\"logo\":{\"@type\":\"ImageObject\",\"inLanguage\":\"de\",\"@id\":\"https:\/\/vermeer-rental.nl\/#\/schema\/logo\/image\/\",\"url\":\"https:\/\/vermeer-rental.nl\/wp-content\/uploads\/2023\/02\/Logo-Vermeer-Rental-RGB.png\",\"contentUrl\":\"https:\/\/vermeer-rental.nl\/wp-content\/uploads\/2023\/02\/Logo-Vermeer-Rental-RGB.png\",\"width\":800,\"height\":210,\"caption\":\"Vermeer Rental & Services\"},\"image\":{\"@id\":\"https:\/\/vermeer-rental.nl\/#\/schema\/logo\/image\/\"},\"sameAs\":[\"https:\/\/www.facebook.com\/gebrvermeerindustrialmovements\",\"https:\/\/www.linkedin.com\/company\/gebr-vermeer-transport\/\",\"https:\/\/www.instagram.com\/gebrvermeer\/\"]}]}<\/script>\n<!-- \/ Yoast SEO Premium plugin. -->","yoast_head_json":{"title":"Container 10ft - Vermeer Vermietung &amp; Dienstleistungen","robots":{"index":"index","follow":"follow","max-snippet":"max-snippet:-1","max-image-preview":"max-image-preview:large","max-video-preview":"max-video-preview:-1"},"canonical":"https:\/\/vermeer-rental.nl\/de\/produkt\/10ft-container\/","og_locale":"de_DE","og_type":"article","og_title":"Container 10ft","og_description":"Bent u op zoek naar een\u00a0flexibele oplossing\u00a0voor uw behoefte aan ruimte? Wij hebben de juiste container voor u! Met onze\u00a0containers\u00a0bieden wij de perfecte en individuele ruimteoplossing, aangepast aan uw behoeften. Of u nu op zoek bent naar een losse container of een compleet containercomplex,\u00a0om te huren of te kopen. Wij bieden u graag de passende oplossing.  &nbsp;  Bekijk hier de folder","og_url":"https:\/\/vermeer-rental.nl\/de\/produkt\/10ft-container\/","og_site_name":"Vermeer Rental &amp; Services","article_publisher":"https:\/\/www.facebook.com\/gebrvermeerindustrialmovements","article_modified_time":"2026-02-26T09:59:09+00:00","og_image":[{"width":2000,"height":2000,"url":"https:\/\/vermeer-rental.nl\/wp-content\/uploads\/2023\/04\/10-ft-foto.jpg","type":"image\/jpeg"}],"twitter_card":"summary_large_image","twitter_misc":{"Gesch\u00e4tzte Lesezeit":"3\u00a0Minuten"},"schema":{"@context":"https:\/\/schema.org","@graph":[{"@type":"WebPage","@id":"https:\/\/vermeer-rental.nl\/product\/container-10ft\/","url":"https:\/\/vermeer-rental.nl\/product\/container-10ft\/","name":"Container 10ft - Vermeer Vermietung &amp; Dienstleistungen","isPartOf":{"@id":"https:\/\/vermeer-rental.nl\/#website"},"primaryImageOfPage":{"@id":"https:\/\/vermeer-rental.nl\/product\/container-10ft\/#primaryimage"},"image":{"@id":"https:\/\/vermeer-rental.nl\/product\/container-10ft\/#primaryimage"},"thumbnailUrl":"https:\/\/vermeer-rental.nl\/wp-content\/uploads\/2023\/04\/10-ft-foto.jpg","datePublished":"2023-02-25T13:42:36+00:00","dateModified":"2026-02-26T09:59:09+00:00","breadcrumb":{"@id":"https:\/\/vermeer-rental.nl\/product\/container-10ft\/#breadcrumb"},"inLanguage":"de","potentialAction":[{"@type":"ReadAction","target":["https:\/\/vermeer-rental.nl\/product\/container-10ft\/"]}]},{"@type":"ImageObject","inLanguage":"de","@id":"https:\/\/vermeer-rental.nl\/product\/container-10ft\/#primaryimage","url":"https:\/\/vermeer-rental.nl\/wp-content\/uploads\/2023\/04\/10-ft-foto.jpg","contentUrl":"https:\/\/vermeer-rental.nl\/wp-content\/uploads\/2023\/04\/10-ft-foto.jpg","width":2000,"height":2000},{"@type":"BreadcrumbList","@id":"https:\/\/vermeer-rental.nl\/product\/container-10ft\/#breadcrumb","itemListElement":[{"@type":"ListItem","position":1,"name":"Home","item":"https:\/\/vermeer-rental.nl\/"},{"@type":"ListItem","position":2,"name":"Diensten","item":"https:\/\/vermeer-rental.nl\/diensten\/"},{"@type":"ListItem","position":3,"name":"Container 10ft"}]},{"@type":"WebSite","@id":"https:\/\/vermeer-rental.nl\/#website","url":"https:\/\/vermeer-rental.nl\/","name":"Vermeer Vermietung &amp; Dienstleistungen","description":"Wir sind bereit!","publisher":{"@id":"https:\/\/vermeer-rental.nl\/#organization"},"potentialAction":[{"@type":"SearchAction","target":{"@type":"EntryPoint","urlTemplate":"https:\/\/vermeer-rental.nl\/?s={search_term_string}"},"query-input":{"@type":"PropertyValueSpecification","valueRequired":true,"valueName":"search_term_string"}}],"inLanguage":"de"},{"@type":"Organization","@id":"https:\/\/vermeer-rental.nl\/#organization","name":"Vermeer Vermietung &amp; Dienstleistungen","url":"https:\/\/vermeer-rental.nl\/","logo":{"@type":"ImageObject","inLanguage":"de","@id":"https:\/\/vermeer-rental.nl\/#\/schema\/logo\/image\/","url":"https:\/\/vermeer-rental.nl\/wp-content\/uploads\/2023\/02\/Logo-Vermeer-Rental-RGB.png","contentUrl":"https:\/\/vermeer-rental.nl\/wp-content\/uploads\/2023\/02\/Logo-Vermeer-Rental-RGB.png","width":800,"height":210,"caption":"Vermeer Rental & Services"},"image":{"@id":"https:\/\/vermeer-rental.nl\/#\/schema\/logo\/image\/"},"sameAs":["https:\/\/www.facebook.com\/gebrvermeerindustrialmovements","https:\/\/www.linkedin.com\/company\/gebr-vermeer-transport\/","https:\/\/www.instagram.com\/gebrvermeer\/"]}]}},"_links":{"self":[{"href":"https:\/\/vermeer-rental.nl\/de\/wp-json\/wp\/v2\/product\/24","targetHints":{"allow":["GET"]}}],"collection":[{"href":"https:\/\/vermeer-rental.nl\/de\/wp-json\/wp\/v2\/product"}],"about":[{"href":"https:\/\/vermeer-rental.nl\/de\/wp-json\/wp\/v2\/types\/product"}],"replies":[{"embeddable":true,"href":"https:\/\/vermeer-rental.nl\/de\/wp-json\/wp\/v2\/comments?post=24"}],"wp:featuredmedia":[{"embeddable":true,"href":"https:\/\/vermeer-rental.nl\/de\/wp-json\/wp\/v2\/media\/545"}],"wp:attachment":[{"href":"https:\/\/vermeer-rental.nl\/de\/wp-json\/wp\/v2\/media?parent=24"}],"wp:term":[{"taxonomy":"product_brand","embeddable":true,"href":"https:\/\/vermeer-rental.nl\/de\/wp-json\/wp\/v2\/product_brand?post=24"},{"taxonomy":"product_cat","embeddable":true,"href":"https:\/\/vermeer-rental.nl\/de\/wp-json\/wp\/v2\/product_cat?post=24"},{"taxonomy":"product_tag","embeddable":true,"href":"https:\/\/vermeer-rental.nl\/de\/wp-json\/wp\/v2\/product_tag?post=24"}],"curies":[{"name":"wp","href":"https:\/\/api.w.org\/{rel}","templated":true}]}}