{"id":2165,"date":"2024-08-29T21:25:20","date_gmt":"2024-08-29T19:25:20","guid":{"rendered":"https:\/\/vermeer-rental.nl\/?post_type=product&#038;p=2165"},"modified":"2025-06-24T00:05:23","modified_gmt":"2025-06-23T22:05:23","slug":"hoeflon-c30e-mini-kran","status":"publish","type":"product","link":"https:\/\/vermeer-rental.nl\/de\/product\/hoeflon-c30e-minihijskraan\/","title":{"rendered":"H\u00f6flon C30E Minikran"},"content":{"rendered":"<h3>Hoeflon C30E Minikran - kompakt, elektrisch und beeindruckend leistungsf\u00e4hig<\/h3>\n<p>Die <strong data-start=\"386\" data-end=\"416\">Hoeflon C30E Minikran<\/strong> ist ein innovatives Kraftpaket im Segment der Kompaktkrane. Dank seines intelligenten Designs, des Elektroantriebs 100% und seiner hohen Pr\u00e4zision ist dieser Minikran ideal f\u00fcr Hebearbeiten in engen oder schwer zug\u00e4nglichen Bereichen. Der C30E kombiniert starke Leistung mit emissionsfreiem Betrieb und ist damit eine nachhaltige und zukunftssichere L\u00f6sung.<\/p>\n<ul>\n<li data-start=\"768\" data-end=\"803\"><strong data-start=\"772\" data-end=\"803\">Vollelektrisch f\u00fcr emissionsfreies Arbeiten<br \/>\n<\/strong>Der C30E wird vollst\u00e4ndig elektrisch angetrieben, d. h. er erzeugt keine Emissionen. Dies ist nicht nur besser f\u00fcr die Umwelt, sondern macht den Kran auch sehr geeignet f\u00fcr den Einsatz in Innenr\u00e4umen, Stadtzentren und anderen emissionssensiblen Standorten. Der Elektroantrieb sorgt au\u00dferdem f\u00fcr einen leisen und effizienten Betrieb ohne Leistungsverluste.<\/li>\n<li data-start=\"1165\" data-end=\"1213\"><strong data-start=\"1169\" data-end=\"1213\">Bodenschonend und wendig in engen R\u00e4umen<br \/>\n<\/strong>Mit seinem besonderen, <strong data-start=\"1272\" data-end=\"1304\">bodenschonende Schienen<\/strong> Der C30E hinterl\u00e4sst keine Spuren auf empfindlichen oder fertigen B\u00f6den. Sein <strong data-start=\"1378\" data-end=\"1405\">verstellbare Spurbreite<\/strong> erm\u00f6glicht das Man\u00f6vrieren durch T\u00fcr\u00f6ffnungen und enge Durchg\u00e4nge. Ideal f\u00fcr Arbeiten in Geb\u00e4uden, Fabrikhallen oder an schwer zug\u00e4nglichen Stellen.<\/li>\n<li data-start=\"1531\" data-end=\"1587\"><strong data-start=\"1535\" data-end=\"1587\">Gro\u00dfe Hubh\u00f6he und \u00e4u\u00dferste Pr\u00e4zision<br \/>\n<\/strong>Mit einer maximalen Hubh\u00f6he von <strong data-start=\"1654\" data-end=\"1666\">22 Meter<\/strong> Der Hoeflon C30E ist einzigartig in seiner Klasse. Zwei einstellbare Geschwindigkeiten erm\u00f6glichen es dem Bediener, mit \u00e4u\u00dferster Pr\u00e4zision zu man\u00f6vrieren, selbst bei komplexen oder risikoreichen Hebeaufgaben. Die <strong data-start=\"1843\" data-end=\"1879\">Funkfernsteuerung<\/strong> mit integriertem Display liefert Echtzeitinformationen \u00fcber den Zustand des Krans und tr\u00e4gt so zu maximaler Sicherheit und Kontrolle bei.<\/li>\n<li data-start=\"1883\" data-end=\"1918\"><strong data-start=\"1887\" data-end=\"1918\">Sicheres und genaues Arbeiten<br \/>\n<\/strong>Die Merkmale des Krans <strong data-start=\"1943\" data-end=\"1972\">zwei einstellbare Geschwindigkeiten<\/strong> f\u00fcr einen \u00e4u\u00dferst pr\u00e4zisen Betrieb. Die <strong data-start=\"2009\" data-end=\"2070\">Funkfernsteuerung mit integriertem Display<\/strong> zeigt Informationen \u00fcber den Kranstatus in Echtzeit an und tr\u00e4gt so zur Arbeitssicherheit und Effizienz bei.<\/li>\n<\/ul>\n<h3 data-start=\"2012\" data-end=\"2045\"><strong data-start=\"2016\" data-end=\"2045\"><br \/>\nAnwendungen und Vorteile<\/strong><\/h3>\n<p data-start=\"2047\" data-end=\"2092\">Der Hoeflon C30E ist unter anderem perfekt geeignet f\u00fcr:<\/p>\n<ul data-start=\"2094\" data-end=\"2274\">\n<li data-start=\"2094\" data-end=\"2134\">\n<p data-start=\"2096\" data-end=\"2134\">Installationsarbeiten in Geb\u00e4uden<\/p>\n<\/li>\n<li data-start=\"2094\" data-end=\"2134\">\n<p data-start=\"2096\" data-end=\"2134\">Montage von Glas und Fassade<\/p>\n<\/li>\n<li data-start=\"2161\" data-end=\"2188\">\n<p data-start=\"2163\" data-end=\"2188\">Industrielle Hebearbeiten<\/p>\n<\/li>\n<li data-start=\"2189\" data-end=\"2226\">\n<p data-start=\"2191\" data-end=\"2226\">Bauprojekte mit begrenztem Platzangebot<\/p>\n<\/li>\n<li data-start=\"2227\" data-end=\"2274\">\n<p data-start=\"2229\" data-end=\"2274\">Umz\u00fcge von schweren Maschinen oder Teilen<\/p>\n<\/li>\n<\/ul>\n<h3 data-start=\"2276\" data-end=\"2335\"><strong data-start=\"2280\" data-end=\"2335\">Die ultimativen Minikr\u00e4ne f\u00fcr den professionellen Einsatz<\/strong><\/h3>\n<p data-start=\"2337\" data-end=\"2541\">Suchen Sie einen <strong data-start=\"2361\" data-end=\"2410\">leistungsstarker, robuster und wendiger Minikran<\/strong>? Dann ist der Hoeflon C30E die ideale Wahl. Kombinieren Sie Kraft mit Pr\u00e4zision, arbeiten Sie emissionsfrei und bringen Sie Ihre Hebearbeiten auf die n\u00e4chste Stufe.<\/p>\n<p data-start=\"2180\" data-end=\"2234\">Sehen Sie sich unser komplettes Angebot an<strong> <a class=\"\" href=\"https:\/\/vermeer-rental.nl\/de\/kategorie\/minikrane-kompaktkrane-kleinkrane\/\" rel=\"noopener\" data-start=\"2527\" data-end=\"2551\">Minikr\u00e4ne hier<\/a> <\/strong>und finden Sie heraus, welche L\u00f6sung am besten zu Ihrem Projekt passt.<\/p>","protected":false},"excerpt":{"rendered":"<p><strong>Der leistungsstarke Allrounder<\/strong><\/p>\n<p>Der Minikran Hoeflon C30E ist unser absolutes Kraftpaket: Dieser kompakte Kran hebt bis zu 9 Tonnen. Und das bei einem Eigengewicht von weniger als 9 Tonnen. Diese Kilos sieht man ihm \u00fcbrigens nicht an: Auch dieses Kraftpaket ist schlank genug, um durch kompakte R\u00e4ume zu kommen<\/p>\n<form action=\"https:\/\/vermeer-rental.nl\/wp-content\/uploads\/2024\/08\/Hoeflon_C30E-NL.pdf\" data-trp-original-action=\"https:\/\/vermeer-rental.nl\/wp-content\/uploads\/2024\/08\/Hoeflon_C30E-NL.pdf\"><button class=\"pdf-button\" type=\"submit\">Technische Daten<\/button><input type=\"hidden\" name=\"trp-form-language\" value=\"de\"\/><\/form>","protected":false},"featured_media":2230,"comment_status":"closed","ping_status":"closed","template":"","meta":{"om_disable_all_campaigns":false,"_monsterinsights_skip_tracking":false,"_monsterinsights_sitenote_active":false,"_monsterinsights_sitenote_note":"","_monsterinsights_sitenote_category":0},"product_brand":[],"product_cat":[403],"product_tag":[],"class_list":{"0":"post-2165","1":"product","2":"type-product","3":"status-publish","4":"has-post-thumbnail","6":"product_cat-minihijskranen-compacte-hijskraan-kleine-hijskraan","8":"first","9":"instock","10":"shipping-taxable","11":"purchasable","12":"product-type-simple"},"yoast_head":"<!-- This site is optimized with the Yoast SEO Premium plugin v23.3 (Yoast SEO v27.2) - https:\/\/yoast.com\/product\/yoast-seo-premium-wordpress\/ -->\n<title>Hoeflon C30E Minihijskraan - Vermeer Rental &amp; Services<\/title>\n<meta name=\"description\" content=\"De Hoeflon C30E minihijskraan is onze absolute krachtpatser: deze minihijskraan tilt tot 9 ton. En dat terwijl zijn eigen gewicht nog geen 9 ton bedraagt.\" \/>\n<meta name=\"robots\" content=\"index, follow, max-snippet:-1, max-image-preview:large, max-video-preview:-1\" \/>\n<link rel=\"canonical\" href=\"https:\/\/vermeer-rental.nl\/de\/produkt\/hoeflon-c30e-mini-kran\/\" \/>\n<meta property=\"og:locale\" content=\"de_DE\" \/>\n<meta property=\"og:type\" content=\"article\" \/>\n<meta property=\"og:title\" content=\"Hoeflon C30E Minihijskraan\" \/>\n<meta property=\"og:description\" content=\"De Hoeflon C30E minikraan is onze absolute krachtpatser: deze compactkraan tilt tot 9 ton. En dat terwijl zijn eigen gewicht nog geen 9 ton bedraagt.\" \/>\n<meta property=\"og:url\" content=\"https:\/\/vermeer-rental.nl\/de\/produkt\/hoeflon-c30e-mini-kran\/\" \/>\n<meta property=\"og:site_name\" content=\"Vermeer Rental &amp; Services\" \/>\n<meta property=\"article:publisher\" content=\"https:\/\/www.facebook.com\/gebrvermeerindustrialmovements\" \/>\n<meta property=\"article:modified_time\" content=\"2025-06-23T22:05:23+00:00\" \/>\n<meta property=\"og:image\" content=\"https:\/\/vermeer-rental.nl\/wp-content\/uploads\/2024\/08\/MM-Hoeflon-C30-1024x614.png\" \/>\n\t<meta property=\"og:image:width\" content=\"1024\" \/>\n\t<meta property=\"og:image:height\" content=\"614\" \/>\n\t<meta property=\"og:image:type\" content=\"image\/png\" \/>\n<meta name=\"twitter:card\" content=\"summary_large_image\" \/>\n<meta name=\"twitter:label1\" content=\"Gesch\u00e4tzte Lesezeit\" \/>\n\t<meta name=\"twitter:data1\" content=\"2\u00a0Minuten\" \/>\n<script type=\"application\/ld+json\" class=\"yoast-schema-graph\">{\"@context\":\"https:\/\/schema.org\",\"@graph\":[{\"@type\":\"WebPage\",\"@id\":\"https:\/\/vermeer-rental.nl\/product\/hoeflon-c30e-minihijskraan\/\",\"url\":\"https:\/\/vermeer-rental.nl\/product\/hoeflon-c30e-minihijskraan\/\",\"name\":\"Hoeflon C30E Minihijskraan - Vermeer Rental &amp; Services\",\"isPartOf\":{\"@id\":\"https:\/\/vermeer-rental.nl\/#website\"},\"primaryImageOfPage\":{\"@id\":\"https:\/\/vermeer-rental.nl\/product\/hoeflon-c30e-minihijskraan\/#primaryimage\"},\"image\":{\"@id\":\"https:\/\/vermeer-rental.nl\/product\/hoeflon-c30e-minihijskraan\/#primaryimage\"},\"thumbnailUrl\":\"https:\/\/vermeer-rental.nl\/wp-content\/uploads\/2024\/08\/2.png\",\"datePublished\":\"2024-08-29T19:25:20+00:00\",\"dateModified\":\"2025-06-23T22:05:23+00:00\",\"description\":\"De Hoeflon C30E minihijskraan is onze absolute krachtpatser: deze minihijskraan tilt tot 9 ton. En dat terwijl zijn eigen gewicht nog geen 9 ton bedraagt.\",\"breadcrumb\":{\"@id\":\"https:\/\/vermeer-rental.nl\/product\/hoeflon-c30e-minihijskraan\/#breadcrumb\"},\"inLanguage\":\"de\",\"potentialAction\":[{\"@type\":\"ReadAction\",\"target\":[\"https:\/\/vermeer-rental.nl\/product\/hoeflon-c30e-minihijskraan\/\"]}]},{\"@type\":\"ImageObject\",\"inLanguage\":\"de\",\"@id\":\"https:\/\/vermeer-rental.nl\/product\/hoeflon-c30e-minihijskraan\/#primaryimage\",\"url\":\"https:\/\/vermeer-rental.nl\/wp-content\/uploads\/2024\/08\/2.png\",\"contentUrl\":\"https:\/\/vermeer-rental.nl\/wp-content\/uploads\/2024\/08\/2.png\",\"width\":2025,\"height\":2025,\"caption\":\"De krachtige en compacte Hoeflon C30E is ideaal voor hijswerk in krappe ruimtes.\"},{\"@type\":\"BreadcrumbList\",\"@id\":\"https:\/\/vermeer-rental.nl\/product\/hoeflon-c30e-minihijskraan\/#breadcrumb\",\"itemListElement\":[{\"@type\":\"ListItem\",\"position\":1,\"name\":\"Home\",\"item\":\"https:\/\/vermeer-rental.nl\/\"},{\"@type\":\"ListItem\",\"position\":2,\"name\":\"Diensten\",\"item\":\"https:\/\/vermeer-rental.nl\/diensten\/\"},{\"@type\":\"ListItem\",\"position\":3,\"name\":\"Hoeflon C30E Minihijskraan\"}]},{\"@type\":\"WebSite\",\"@id\":\"https:\/\/vermeer-rental.nl\/#website\",\"url\":\"https:\/\/vermeer-rental.nl\/\",\"name\":\"Vermeer Rental & Services\",\"description\":\"Staat voor u klaar!\",\"publisher\":{\"@id\":\"https:\/\/vermeer-rental.nl\/#organization\"},\"potentialAction\":[{\"@type\":\"SearchAction\",\"target\":{\"@type\":\"EntryPoint\",\"urlTemplate\":\"https:\/\/vermeer-rental.nl\/?s={search_term_string}\"},\"query-input\":{\"@type\":\"PropertyValueSpecification\",\"valueRequired\":true,\"valueName\":\"search_term_string\"}}],\"inLanguage\":\"de\"},{\"@type\":\"Organization\",\"@id\":\"https:\/\/vermeer-rental.nl\/#organization\",\"name\":\"Vermeer Rental & Services\",\"url\":\"https:\/\/vermeer-rental.nl\/\",\"logo\":{\"@type\":\"ImageObject\",\"inLanguage\":\"de\",\"@id\":\"https:\/\/vermeer-rental.nl\/#\/schema\/logo\/image\/\",\"url\":\"https:\/\/vermeer-rental.nl\/wp-content\/uploads\/2023\/02\/Logo-Vermeer-Rental-RGB.png\",\"contentUrl\":\"https:\/\/vermeer-rental.nl\/wp-content\/uploads\/2023\/02\/Logo-Vermeer-Rental-RGB.png\",\"width\":800,\"height\":210,\"caption\":\"Vermeer Rental & Services\"},\"image\":{\"@id\":\"https:\/\/vermeer-rental.nl\/#\/schema\/logo\/image\/\"},\"sameAs\":[\"https:\/\/www.facebook.com\/gebrvermeerindustrialmovements\",\"https:\/\/www.linkedin.com\/company\/gebr-vermeer-transport\/\",\"https:\/\/www.instagram.com\/gebrvermeer\/\"]}]}<\/script>\n<!-- \/ Yoast SEO Premium plugin. -->","yoast_head_json":{"title":"Hoeflon C30E Mini-Hubkran - Vermeer Rental &amp; Services","description":"Der Minikran C30E von Hoeflon ist unser absolutes Kraftpaket: Dieser Minikran hebt bis zu 9 Tonnen. Und das bei einem Eigengewicht von weniger als 9 Tonnen.","robots":{"index":"index","follow":"follow","max-snippet":"max-snippet:-1","max-image-preview":"max-image-preview:large","max-video-preview":"max-video-preview:-1"},"canonical":"https:\/\/vermeer-rental.nl\/de\/produkt\/hoeflon-c30e-mini-kran\/","og_locale":"de_DE","og_type":"article","og_title":"Hoeflon C30E Minihijskraan","og_description":"De Hoeflon C30E minikraan is onze absolute krachtpatser: deze compactkraan tilt tot 9 ton. En dat terwijl zijn eigen gewicht nog geen 9 ton bedraagt.","og_url":"https:\/\/vermeer-rental.nl\/de\/produkt\/hoeflon-c30e-mini-kran\/","og_site_name":"Vermeer Rental &amp; Services","article_publisher":"https:\/\/www.facebook.com\/gebrvermeerindustrialmovements","article_modified_time":"2025-06-23T22:05:23+00:00","og_image":[{"width":1024,"height":614,"url":"https:\/\/vermeer-rental.nl\/wp-content\/uploads\/2024\/08\/MM-Hoeflon-C30-1024x614.png","type":"image\/png"}],"twitter_card":"summary_large_image","twitter_misc":{"Gesch\u00e4tzte Lesezeit":"2\u00a0Minuten"},"schema":{"@context":"https:\/\/schema.org","@graph":[{"@type":"WebPage","@id":"https:\/\/vermeer-rental.nl\/product\/hoeflon-c30e-minihijskraan\/","url":"https:\/\/vermeer-rental.nl\/product\/hoeflon-c30e-minihijskraan\/","name":"Hoeflon C30E Mini-Hubkran - Vermeer Rental &amp; Services","isPartOf":{"@id":"https:\/\/vermeer-rental.nl\/#website"},"primaryImageOfPage":{"@id":"https:\/\/vermeer-rental.nl\/product\/hoeflon-c30e-minihijskraan\/#primaryimage"},"image":{"@id":"https:\/\/vermeer-rental.nl\/product\/hoeflon-c30e-minihijskraan\/#primaryimage"},"thumbnailUrl":"https:\/\/vermeer-rental.nl\/wp-content\/uploads\/2024\/08\/2.png","datePublished":"2024-08-29T19:25:20+00:00","dateModified":"2025-06-23T22:05:23+00:00","description":"Der Minikran C30E von Hoeflon ist unser absolutes Kraftpaket: Dieser Minikran hebt bis zu 9 Tonnen. Und das bei einem Eigengewicht von weniger als 9 Tonnen.","breadcrumb":{"@id":"https:\/\/vermeer-rental.nl\/product\/hoeflon-c30e-minihijskraan\/#breadcrumb"},"inLanguage":"de","potentialAction":[{"@type":"ReadAction","target":["https:\/\/vermeer-rental.nl\/product\/hoeflon-c30e-minihijskraan\/"]}]},{"@type":"ImageObject","inLanguage":"de","@id":"https:\/\/vermeer-rental.nl\/product\/hoeflon-c30e-minihijskraan\/#primaryimage","url":"https:\/\/vermeer-rental.nl\/wp-content\/uploads\/2024\/08\/2.png","contentUrl":"https:\/\/vermeer-rental.nl\/wp-content\/uploads\/2024\/08\/2.png","width":2025,"height":2025,"caption":"De krachtige en compacte Hoeflon C30E is ideaal voor hijswerk in krappe ruimtes."},{"@type":"BreadcrumbList","@id":"https:\/\/vermeer-rental.nl\/product\/hoeflon-c30e-minihijskraan\/#breadcrumb","itemListElement":[{"@type":"ListItem","position":1,"name":"Home","item":"https:\/\/vermeer-rental.nl\/"},{"@type":"ListItem","position":2,"name":"Diensten","item":"https:\/\/vermeer-rental.nl\/diensten\/"},{"@type":"ListItem","position":3,"name":"Hoeflon C30E Minihijskraan"}]},{"@type":"WebSite","@id":"https:\/\/vermeer-rental.nl\/#website","url":"https:\/\/vermeer-rental.nl\/","name":"Vermeer Vermietung &amp; Dienstleistungen","description":"Wir sind bereit!","publisher":{"@id":"https:\/\/vermeer-rental.nl\/#organization"},"potentialAction":[{"@type":"SearchAction","target":{"@type":"EntryPoint","urlTemplate":"https:\/\/vermeer-rental.nl\/?s={search_term_string}"},"query-input":{"@type":"PropertyValueSpecification","valueRequired":true,"valueName":"search_term_string"}}],"inLanguage":"de"},{"@type":"Organization","@id":"https:\/\/vermeer-rental.nl\/#organization","name":"Vermeer Vermietung &amp; Dienstleistungen","url":"https:\/\/vermeer-rental.nl\/","logo":{"@type":"ImageObject","inLanguage":"de","@id":"https:\/\/vermeer-rental.nl\/#\/schema\/logo\/image\/","url":"https:\/\/vermeer-rental.nl\/wp-content\/uploads\/2023\/02\/Logo-Vermeer-Rental-RGB.png","contentUrl":"https:\/\/vermeer-rental.nl\/wp-content\/uploads\/2023\/02\/Logo-Vermeer-Rental-RGB.png","width":800,"height":210,"caption":"Vermeer Rental & Services"},"image":{"@id":"https:\/\/vermeer-rental.nl\/#\/schema\/logo\/image\/"},"sameAs":["https:\/\/www.facebook.com\/gebrvermeerindustrialmovements","https:\/\/www.linkedin.com\/company\/gebr-vermeer-transport\/","https:\/\/www.instagram.com\/gebrvermeer\/"]}]}},"_links":{"self":[{"href":"https:\/\/vermeer-rental.nl\/de\/wp-json\/wp\/v2\/product\/2165","targetHints":{"allow":["GET"]}}],"collection":[{"href":"https:\/\/vermeer-rental.nl\/de\/wp-json\/wp\/v2\/product"}],"about":[{"href":"https:\/\/vermeer-rental.nl\/de\/wp-json\/wp\/v2\/types\/product"}],"replies":[{"embeddable":true,"href":"https:\/\/vermeer-rental.nl\/de\/wp-json\/wp\/v2\/comments?post=2165"}],"wp:featuredmedia":[{"embeddable":true,"href":"https:\/\/vermeer-rental.nl\/de\/wp-json\/wp\/v2\/media\/2230"}],"wp:attachment":[{"href":"https:\/\/vermeer-rental.nl\/de\/wp-json\/wp\/v2\/media?parent=2165"}],"wp:term":[{"taxonomy":"product_brand","embeddable":true,"href":"https:\/\/vermeer-rental.nl\/de\/wp-json\/wp\/v2\/product_brand?post=2165"},{"taxonomy":"product_cat","embeddable":true,"href":"https:\/\/vermeer-rental.nl\/de\/wp-json\/wp\/v2\/product_cat?post=2165"},{"taxonomy":"product_tag","embeddable":true,"href":"https:\/\/vermeer-rental.nl\/de\/wp-json\/wp\/v2\/product_tag?post=2165"}],"curies":[{"name":"wp","href":"https:\/\/api.w.org\/{rel}","templated":true}]}}