{"id":2158,"date":"2024-08-29T20:32:24","date_gmt":"2024-08-29T18:32:24","guid":{"rendered":"https:\/\/vermeer-rental.nl\/?post_type=product&#038;p=2158"},"modified":"2024-12-03T11:13:27","modified_gmt":"2024-12-03T10:13:27","slug":"minikran-hoeflon-c6e","status":"publish","type":"product","link":"https:\/\/vermeer-rental.nl\/de\/product\/minihijskraan-hoeflon-c6e\/","title":{"rendered":"Hoeflon C6E Minikran"},"content":{"rendered":"<p><strong>Vollelektrischer Minikran: der Hoeflon C6E<br \/>\n<\/strong><\/p>\n<p>Der Hoeflon C6E ist unser kompaktester, aber extrem leistungsstarker Minikran. Dadurch eignet er sich hervorragend f\u00fcr die Ausf\u00fchrung schwerer Arbeiten auf engstem Raum. Dieser Minikran kann sogar mehr als sein eigenes Gewicht heben.<\/p>\n<p>Die wichtigsten Vorteile von Hoeflon C6E auf einen Blick:<\/p>\n<ul>\n<li><strong>Vollst\u00e4ndig elektrisch:<\/strong> Der Hoeflon C6E wird elektrisch angetrieben (100%) und gew\u00e4hrleistet einen umweltfreundlichen, leisen und effizienten Betrieb.<\/li>\n<li><strong>Beeindruckende Hubh\u00f6he:<\/strong> Der Hoeflon C6E hat eine maximale Hubh\u00f6he von bis zu 17 Metern, und ohne Ausleger erreicht er immer noch eine H\u00f6he von 11,5 Metern.<\/li>\n<li><strong>Bodenfreundliche Raupe:<\/strong> Der Minikran f\u00e4hrt dank seiner Raupen m\u00fchelos \u00fcber unebene und raue Oberfl\u00e4chen und hinterl\u00e4sst auch auf fertigen B\u00f6den keine Spuren oder Sch\u00e4den - ideal f\u00fcr Hebearbeiten in Innenr\u00e4umen.<\/li>\n<li><b>Wendigkeit und Pr\u00e4zision: <\/b>F\u00fcr optimale Kontrolle und Pr\u00e4zision ist der Minikran mit zwei Getrieben ausgestattet.<\/li>\n<li><strong>Funkfernsteuerung: <\/strong>Die Fernsteuerung mit integriertem Display erm\u00f6glicht eine kontinuierliche \u00dcberwachung des Kranstatus f\u00fcr einen sicheren und effizienten Betrieb.<\/li>\n<li><strong>Passt durch jede T\u00fcr:<\/strong> Dank seiner kompakten Bauweise kann der Hoeflon C6E sogar durch Ihre Haust\u00fcr eindringen.<\/li>\n<\/ul>\n<p>Der Hoeflon C6E ist die L\u00f6sung f\u00fcr kraftvolles, effizientes und pr\u00e4zises Heben auf engstem Raum!<\/p>","protected":false},"excerpt":{"rendered":"<p><strong>Einzigartiges Multitalent<\/strong><\/p>\n<p>Der Minikran C6e ist der Allrounder unter den Kompaktkranen von Hoeflon. Dieses Modell hat eine hohe Tragf\u00e4higkeit von bis zu 3000 kg und eine maximale Hubh\u00f6he von 16 Metern. Ein Fly Jib von 4,3 Metern ist optional erh\u00e4ltlich. Die drehbaren Abst\u00fctzungen sorgen daf\u00fcr, dass der Kran immer in einer optimalen, stabilen Position steht. Dieser Kran kann mehr als sein eigenes Gewicht heben und ist daher einzigartig.<\/p>\n<form action=\"https:\/\/vermeer-rental.nl\/wp-content\/uploads\/2024\/08\/Brochure-C6e-NL.pdf-1.pdf\" data-trp-original-action=\"https:\/\/vermeer-rental.nl\/wp-content\/uploads\/2024\/08\/Brochure-C6e-NL.pdf-1.pdf\"><button class=\"pdf-button\" type=\"submit\">Technische Daten<\/button><input type=\"hidden\" name=\"trp-form-language\" value=\"de\"\/><\/form>","protected":false},"featured_media":2233,"comment_status":"closed","ping_status":"closed","template":"","meta":{"om_disable_all_campaigns":false,"_monsterinsights_skip_tracking":false,"_monsterinsights_sitenote_active":false,"_monsterinsights_sitenote_note":"","_monsterinsights_sitenote_category":0},"product_brand":[],"product_cat":[403],"product_tag":[],"class_list":{"0":"post-2158","1":"product","2":"type-product","3":"status-publish","4":"has-post-thumbnail","6":"product_cat-minihijskranen-compacte-hijskraan-kleine-hijskraan","8":"first","9":"instock","10":"shipping-taxable","11":"purchasable","12":"product-type-simple"},"yoast_head":"<!-- This site is optimized with the Yoast SEO Premium plugin v23.3 (Yoast SEO v27.2) - https:\/\/yoast.com\/product\/yoast-seo-premium-wordpress\/ -->\n<title>Hoeflon C6E Minihijskraan - Vermeer Rental &amp; Services<\/title>\n<meta name=\"description\" content=\"De Hoeflon C6E minihijskraan werkt volledig elektrisch, tot wel 8 uur op een acculading! Informeer naar de mogelijkheden of kijk naar onze alternatieven.\" \/>\n<meta name=\"robots\" content=\"index, follow, max-snippet:-1, max-image-preview:large, max-video-preview:-1\" \/>\n<link rel=\"canonical\" href=\"https:\/\/vermeer-rental.nl\/de\/produkt\/minikran-hoeflon-c6e\/\" \/>\n<meta property=\"og:locale\" content=\"de_DE\" \/>\n<meta property=\"og:type\" content=\"article\" \/>\n<meta property=\"og:title\" content=\"Hoeflon C6E Minihijskraan\" \/>\n<meta property=\"og:description\" content=\"De Hoeflon C6E minihijskraan werkt volledig elektrisch, tot wel 8 uur op een acculading! Informeer naar de mogelijkheden of kijk naar onze alternatieven.\" \/>\n<meta property=\"og:url\" content=\"https:\/\/vermeer-rental.nl\/de\/produkt\/minikran-hoeflon-c6e\/\" \/>\n<meta property=\"og:site_name\" content=\"Vermeer Rental &amp; Services\" \/>\n<meta property=\"article:publisher\" content=\"https:\/\/www.facebook.com\/gebrvermeerindustrialmovements\" \/>\n<meta property=\"article:modified_time\" content=\"2024-12-03T10:13:27+00:00\" \/>\n<meta property=\"og:image\" content=\"https:\/\/vermeer-rental.nl\/wp-content\/uploads\/2024\/08\/3-1024x1024.png\" \/>\n\t<meta property=\"og:image:width\" content=\"1024\" \/>\n\t<meta property=\"og:image:height\" content=\"1024\" \/>\n\t<meta property=\"og:image:type\" content=\"image\/png\" \/>\n<meta name=\"twitter:card\" content=\"summary_large_image\" \/>\n<meta name=\"twitter:label1\" content=\"Gesch\u00e4tzte Lesezeit\" \/>\n\t<meta name=\"twitter:data1\" content=\"2\u00a0Minuten\" \/>\n<script type=\"application\/ld+json\" class=\"yoast-schema-graph\">{\"@context\":\"https:\/\/schema.org\",\"@graph\":[{\"@type\":\"WebPage\",\"@id\":\"https:\/\/vermeer-rental.nl\/product\/minihijskraan-hoeflon-c6e\/\",\"url\":\"https:\/\/vermeer-rental.nl\/product\/minihijskraan-hoeflon-c6e\/\",\"name\":\"Hoeflon C6E Minihijskraan - Vermeer Rental &amp; Services\",\"isPartOf\":{\"@id\":\"https:\/\/vermeer-rental.nl\/#website\"},\"primaryImageOfPage\":{\"@id\":\"https:\/\/vermeer-rental.nl\/product\/minihijskraan-hoeflon-c6e\/#primaryimage\"},\"image\":{\"@id\":\"https:\/\/vermeer-rental.nl\/product\/minihijskraan-hoeflon-c6e\/#primaryimage\"},\"thumbnailUrl\":\"https:\/\/vermeer-rental.nl\/wp-content\/uploads\/2024\/08\/3.png\",\"datePublished\":\"2024-08-29T18:32:24+00:00\",\"dateModified\":\"2024-12-03T10:13:27+00:00\",\"description\":\"De Hoeflon C6E minihijskraan werkt volledig elektrisch, tot wel 8 uur op een acculading! Informeer naar de mogelijkheden of kijk naar onze alternatieven.\",\"breadcrumb\":{\"@id\":\"https:\/\/vermeer-rental.nl\/product\/minihijskraan-hoeflon-c6e\/#breadcrumb\"},\"inLanguage\":\"de\",\"potentialAction\":[{\"@type\":\"ReadAction\",\"target\":[\"https:\/\/vermeer-rental.nl\/product\/minihijskraan-hoeflon-c6e\/\"]}]},{\"@type\":\"ImageObject\",\"inLanguage\":\"de\",\"@id\":\"https:\/\/vermeer-rental.nl\/product\/minihijskraan-hoeflon-c6e\/#primaryimage\",\"url\":\"https:\/\/vermeer-rental.nl\/wp-content\/uploads\/2024\/08\/3.png\",\"contentUrl\":\"https:\/\/vermeer-rental.nl\/wp-content\/uploads\/2024\/08\/3.png\",\"width\":2025,\"height\":2025,\"caption\":\"Hoeflon C6E -Minihijskraan\"},{\"@type\":\"BreadcrumbList\",\"@id\":\"https:\/\/vermeer-rental.nl\/product\/minihijskraan-hoeflon-c6e\/#breadcrumb\",\"itemListElement\":[{\"@type\":\"ListItem\",\"position\":1,\"name\":\"Home\",\"item\":\"https:\/\/vermeer-rental.nl\/\"},{\"@type\":\"ListItem\",\"position\":2,\"name\":\"Diensten\",\"item\":\"https:\/\/vermeer-rental.nl\/diensten\/\"},{\"@type\":\"ListItem\",\"position\":3,\"name\":\"Hoeflon C6E Minihijskraan\"}]},{\"@type\":\"WebSite\",\"@id\":\"https:\/\/vermeer-rental.nl\/#website\",\"url\":\"https:\/\/vermeer-rental.nl\/\",\"name\":\"Vermeer Rental & Services\",\"description\":\"Staat voor u klaar!\",\"publisher\":{\"@id\":\"https:\/\/vermeer-rental.nl\/#organization\"},\"potentialAction\":[{\"@type\":\"SearchAction\",\"target\":{\"@type\":\"EntryPoint\",\"urlTemplate\":\"https:\/\/vermeer-rental.nl\/?s={search_term_string}\"},\"query-input\":{\"@type\":\"PropertyValueSpecification\",\"valueRequired\":true,\"valueName\":\"search_term_string\"}}],\"inLanguage\":\"de\"},{\"@type\":\"Organization\",\"@id\":\"https:\/\/vermeer-rental.nl\/#organization\",\"name\":\"Vermeer Rental & Services\",\"url\":\"https:\/\/vermeer-rental.nl\/\",\"logo\":{\"@type\":\"ImageObject\",\"inLanguage\":\"de\",\"@id\":\"https:\/\/vermeer-rental.nl\/#\/schema\/logo\/image\/\",\"url\":\"https:\/\/vermeer-rental.nl\/wp-content\/uploads\/2023\/02\/Logo-Vermeer-Rental-RGB.png\",\"contentUrl\":\"https:\/\/vermeer-rental.nl\/wp-content\/uploads\/2023\/02\/Logo-Vermeer-Rental-RGB.png\",\"width\":800,\"height\":210,\"caption\":\"Vermeer Rental & Services\"},\"image\":{\"@id\":\"https:\/\/vermeer-rental.nl\/#\/schema\/logo\/image\/\"},\"sameAs\":[\"https:\/\/www.facebook.com\/gebrvermeerindustrialmovements\",\"https:\/\/www.linkedin.com\/company\/gebr-vermeer-transport\/\",\"https:\/\/www.instagram.com\/gebrvermeer\/\"]}]}<\/script>\n<!-- \/ Yoast SEO Premium plugin. -->","yoast_head_json":{"title":"Hoeflon C6E Minikran - Vermeer Rental &amp; Services","description":"Der Minikran Hoeflon C6E arbeitet vollst\u00e4ndig elektrisch, bis zu 8 Stunden mit einer Batterieladung! Fragen Sie nach den M\u00f6glichkeiten oder sehen Sie sich unsere Alternativen an.","robots":{"index":"index","follow":"follow","max-snippet":"max-snippet:-1","max-image-preview":"max-image-preview:large","max-video-preview":"max-video-preview:-1"},"canonical":"https:\/\/vermeer-rental.nl\/de\/produkt\/minikran-hoeflon-c6e\/","og_locale":"de_DE","og_type":"article","og_title":"Hoeflon C6E Minihijskraan","og_description":"De Hoeflon C6E minihijskraan werkt volledig elektrisch, tot wel 8 uur op een acculading! Informeer naar de mogelijkheden of kijk naar onze alternatieven.","og_url":"https:\/\/vermeer-rental.nl\/de\/produkt\/minikran-hoeflon-c6e\/","og_site_name":"Vermeer Rental &amp; Services","article_publisher":"https:\/\/www.facebook.com\/gebrvermeerindustrialmovements","article_modified_time":"2024-12-03T10:13:27+00:00","og_image":[{"width":1024,"height":1024,"url":"https:\/\/vermeer-rental.nl\/wp-content\/uploads\/2024\/08\/3-1024x1024.png","type":"image\/png"}],"twitter_card":"summary_large_image","twitter_misc":{"Gesch\u00e4tzte Lesezeit":"2\u00a0Minuten"},"schema":{"@context":"https:\/\/schema.org","@graph":[{"@type":"WebPage","@id":"https:\/\/vermeer-rental.nl\/product\/minihijskraan-hoeflon-c6e\/","url":"https:\/\/vermeer-rental.nl\/product\/minihijskraan-hoeflon-c6e\/","name":"Hoeflon C6E Minikran - Vermeer Rental &amp; Services","isPartOf":{"@id":"https:\/\/vermeer-rental.nl\/#website"},"primaryImageOfPage":{"@id":"https:\/\/vermeer-rental.nl\/product\/minihijskraan-hoeflon-c6e\/#primaryimage"},"image":{"@id":"https:\/\/vermeer-rental.nl\/product\/minihijskraan-hoeflon-c6e\/#primaryimage"},"thumbnailUrl":"https:\/\/vermeer-rental.nl\/wp-content\/uploads\/2024\/08\/3.png","datePublished":"2024-08-29T18:32:24+00:00","dateModified":"2024-12-03T10:13:27+00:00","description":"Der Minikran Hoeflon C6E arbeitet vollst\u00e4ndig elektrisch, bis zu 8 Stunden mit einer Batterieladung! Fragen Sie nach den M\u00f6glichkeiten oder sehen Sie sich unsere Alternativen an.","breadcrumb":{"@id":"https:\/\/vermeer-rental.nl\/product\/minihijskraan-hoeflon-c6e\/#breadcrumb"},"inLanguage":"de","potentialAction":[{"@type":"ReadAction","target":["https:\/\/vermeer-rental.nl\/product\/minihijskraan-hoeflon-c6e\/"]}]},{"@type":"ImageObject","inLanguage":"de","@id":"https:\/\/vermeer-rental.nl\/product\/minihijskraan-hoeflon-c6e\/#primaryimage","url":"https:\/\/vermeer-rental.nl\/wp-content\/uploads\/2024\/08\/3.png","contentUrl":"https:\/\/vermeer-rental.nl\/wp-content\/uploads\/2024\/08\/3.png","width":2025,"height":2025,"caption":"Hoeflon C6E -Minihijskraan"},{"@type":"BreadcrumbList","@id":"https:\/\/vermeer-rental.nl\/product\/minihijskraan-hoeflon-c6e\/#breadcrumb","itemListElement":[{"@type":"ListItem","position":1,"name":"Home","item":"https:\/\/vermeer-rental.nl\/"},{"@type":"ListItem","position":2,"name":"Diensten","item":"https:\/\/vermeer-rental.nl\/diensten\/"},{"@type":"ListItem","position":3,"name":"Hoeflon C6E Minihijskraan"}]},{"@type":"WebSite","@id":"https:\/\/vermeer-rental.nl\/#website","url":"https:\/\/vermeer-rental.nl\/","name":"Vermeer Vermietung &amp; Dienstleistungen","description":"Wir sind bereit!","publisher":{"@id":"https:\/\/vermeer-rental.nl\/#organization"},"potentialAction":[{"@type":"SearchAction","target":{"@type":"EntryPoint","urlTemplate":"https:\/\/vermeer-rental.nl\/?s={search_term_string}"},"query-input":{"@type":"PropertyValueSpecification","valueRequired":true,"valueName":"search_term_string"}}],"inLanguage":"de"},{"@type":"Organization","@id":"https:\/\/vermeer-rental.nl\/#organization","name":"Vermeer Vermietung &amp; Dienstleistungen","url":"https:\/\/vermeer-rental.nl\/","logo":{"@type":"ImageObject","inLanguage":"de","@id":"https:\/\/vermeer-rental.nl\/#\/schema\/logo\/image\/","url":"https:\/\/vermeer-rental.nl\/wp-content\/uploads\/2023\/02\/Logo-Vermeer-Rental-RGB.png","contentUrl":"https:\/\/vermeer-rental.nl\/wp-content\/uploads\/2023\/02\/Logo-Vermeer-Rental-RGB.png","width":800,"height":210,"caption":"Vermeer Rental & Services"},"image":{"@id":"https:\/\/vermeer-rental.nl\/#\/schema\/logo\/image\/"},"sameAs":["https:\/\/www.facebook.com\/gebrvermeerindustrialmovements","https:\/\/www.linkedin.com\/company\/gebr-vermeer-transport\/","https:\/\/www.instagram.com\/gebrvermeer\/"]}]}},"_links":{"self":[{"href":"https:\/\/vermeer-rental.nl\/de\/wp-json\/wp\/v2\/product\/2158","targetHints":{"allow":["GET"]}}],"collection":[{"href":"https:\/\/vermeer-rental.nl\/de\/wp-json\/wp\/v2\/product"}],"about":[{"href":"https:\/\/vermeer-rental.nl\/de\/wp-json\/wp\/v2\/types\/product"}],"replies":[{"embeddable":true,"href":"https:\/\/vermeer-rental.nl\/de\/wp-json\/wp\/v2\/comments?post=2158"}],"wp:featuredmedia":[{"embeddable":true,"href":"https:\/\/vermeer-rental.nl\/de\/wp-json\/wp\/v2\/media\/2233"}],"wp:attachment":[{"href":"https:\/\/vermeer-rental.nl\/de\/wp-json\/wp\/v2\/media?parent=2158"}],"wp:term":[{"taxonomy":"product_brand","embeddable":true,"href":"https:\/\/vermeer-rental.nl\/de\/wp-json\/wp\/v2\/product_brand?post=2158"},{"taxonomy":"product_cat","embeddable":true,"href":"https:\/\/vermeer-rental.nl\/de\/wp-json\/wp\/v2\/product_cat?post=2158"},{"taxonomy":"product_tag","embeddable":true,"href":"https:\/\/vermeer-rental.nl\/de\/wp-json\/wp\/v2\/product_tag?post=2158"}],"curies":[{"name":"wp","href":"https:\/\/api.w.org\/{rel}","templated":true}]}}