{"id":101,"date":"2023-02-25T13:42:57","date_gmt":"2023-02-25T13:42:57","guid":{"rendered":"https:\/\/rental.daanwerkelijk.nl\/?post_type=product&#038;p=101"},"modified":"2023-10-28T13:51:54","modified_gmt":"2023-10-28T11:51:54","slug":"gabelstapler-2-5-tonnen-diesel","status":"publish","type":"product","link":"https:\/\/vermeer-rental.nl\/de\/product\/heftruck-2-5-ton-diesel\/","title":{"rendered":"Gabelstapler 2,5 Tonne Diesel"},"content":{"rendered":"<ul>\n<li><strong>Stark und zuverl\u00e4ssig<\/strong><\/li>\n<li><strong>Zuverl\u00e4ssige und langlebige Motoren<\/strong><\/li>\n<li><strong>Fahrerfreundlich<\/strong><\/li>\n<li><strong>Servicefreundlichkeit<\/strong><\/li>\n<\/ul>\n<p>Mit einer Hubh\u00f6he von bis zu 4800 MM, einer Tragf\u00e4higkeit von bis zu 2500 kg, einer Fahrgeschwindigkeit von bis zu 20 km\/h und hervorragender Man\u00f6vrierf\u00e4higkeit, Kontrolle und Sichtbarkeit erf\u00fcllt der Gabelstapler die Anforderungen fast aller Unternehmen. Diese Gabelstapler mit einem vertrauten Automobillayout sind einfach zu bedienen und werden mit einer Reihe von Standardfunktionen und zus\u00e4tzlichen Optionen geliefert.<\/p>","protected":false},"excerpt":{"rendered":"<p>F\u00fcr den vor\u00fcbergehenden Einsatz zus\u00e4tzlicher Kapazit\u00e4ten in Ihrem Unternehmen k\u00f6nnen Sie bei uns problemlos einen Gabelstapler mieten, entweder mit oder ohne Fahrer. Unsere Mietflotte umfasst Elektro-, Treibgas- und Diesel-Gabelstapler. Alle Gabelstapler entsprechen den Sicherheitsnormen und sind mit moderner Technik ausgestattet.<\/p>\n<p>&nbsp;<\/p>\n<form action=\"https:\/\/vermeer-rental.nl\/wp-content\/uploads\/2023\/03\/vermeer_heftruck_2-5T_diesel.pdf\" method=\"get\" target=\"_blank\" data-trp-original-action=\"https:\/\/vermeer-rental.nl\/wp-content\/uploads\/2023\/03\/vermeer_heftruck_2-5T_diesel.pdf\"><button class=\"pdf-button\" type=\"submit\">Technische Daten<\/button><input type=\"hidden\" name=\"trp-form-language\" value=\"de\"\/><\/form>","protected":false},"featured_media":424,"comment_status":"closed","ping_status":"closed","template":"","meta":{"om_disable_all_campaigns":false,"_monsterinsights_skip_tracking":false,"_monsterinsights_sitenote_active":false,"_monsterinsights_sitenote_note":"","_monsterinsights_sitenote_category":0},"product_brand":[],"product_cat":[24],"product_tag":[],"class_list":{"0":"post-101","1":"product","2":"type-product","3":"status-publish","4":"has-post-thumbnail","6":"product_cat-vork-heftrucks","8":"first","9":"instock","10":"shipping-taxable","11":"purchasable","12":"product-type-simple"},"yoast_head":"<!-- This site is optimized with the Yoast SEO Premium plugin v23.3 (Yoast SEO v27.2) - https:\/\/yoast.com\/product\/yoast-seo-premium-wordpress\/ -->\n<title>Heftruck verhuur - Bekijk onze full service logistieke diensten hier.<\/title>\n<meta name=\"description\" content=\"Verbeter uw laad- en losprocessen op uw terrein met onze heftruck verhuur van 2,5 tot 18 ton. Bekijk ons heftruck aanbod hier. Vermeer Rental &amp; Services\" \/>\n<meta name=\"robots\" content=\"index, follow, max-snippet:-1, max-image-preview:large, max-video-preview:-1\" \/>\n<link rel=\"canonical\" href=\"https:\/\/vermeer-rental.nl\/de\/produkt\/gabelstapler-2-5-tonnen-diesel\/\" \/>\n<meta property=\"og:locale\" content=\"de_DE\" \/>\n<meta property=\"og:type\" content=\"article\" \/>\n<meta property=\"og:title\" content=\"Heftruck 2.5 Ton Diesel\" \/>\n<meta property=\"og:description\" content=\"Verbeter uw laad- en losprocessen op uw terrein met onze heftruck verhuur van 2,5 tot 18 ton. Bekijk ons heftruck aanbod hier. Vermeer Rental &amp; Services\" \/>\n<meta property=\"og:url\" content=\"https:\/\/vermeer-rental.nl\/de\/produkt\/gabelstapler-2-5-tonnen-diesel\/\" \/>\n<meta property=\"og:site_name\" content=\"Vermeer Rental &amp; Services\" \/>\n<meta property=\"article:publisher\" content=\"https:\/\/www.facebook.com\/gebrvermeerindustrialmovements\" \/>\n<meta property=\"article:modified_time\" content=\"2023-10-28T11:51:54+00:00\" \/>\n<meta property=\"og:image\" content=\"https:\/\/vermeer-rental.nl\/wp-content\/uploads\/2023\/02\/25-ton-diesel-scaled.jpg\" \/>\n\t<meta property=\"og:image:width\" content=\"2560\" \/>\n\t<meta property=\"og:image:height\" content=\"2560\" \/>\n\t<meta property=\"og:image:type\" content=\"image\/jpeg\" \/>\n<meta name=\"twitter:card\" content=\"summary_large_image\" \/>\n<meta name=\"twitter:label1\" content=\"Gesch\u00e4tzte Lesezeit\" \/>\n\t<meta name=\"twitter:data1\" content=\"1\u00a0Minute\" \/>\n<script type=\"application\/ld+json\" class=\"yoast-schema-graph\">{\"@context\":\"https:\/\/schema.org\",\"@graph\":[{\"@type\":\"WebPage\",\"@id\":\"https:\/\/vermeer-rental.nl\/product\/heftruck-2-5-ton-diesel\/\",\"url\":\"https:\/\/vermeer-rental.nl\/product\/heftruck-2-5-ton-diesel\/\",\"name\":\"Heftruck verhuur - Bekijk onze full service logistieke diensten hier.\",\"isPartOf\":{\"@id\":\"https:\/\/vermeer-rental.nl\/#website\"},\"primaryImageOfPage\":{\"@id\":\"https:\/\/vermeer-rental.nl\/product\/heftruck-2-5-ton-diesel\/#primaryimage\"},\"image\":{\"@id\":\"https:\/\/vermeer-rental.nl\/product\/heftruck-2-5-ton-diesel\/#primaryimage\"},\"thumbnailUrl\":\"https:\/\/vermeer-rental.nl\/wp-content\/uploads\/2023\/02\/25-ton-diesel-scaled.jpg\",\"datePublished\":\"2023-02-25T13:42:57+00:00\",\"dateModified\":\"2023-10-28T11:51:54+00:00\",\"description\":\"Verbeter uw laad- en losprocessen op uw terrein met onze heftruck verhuur van 2,5 tot 18 ton. Bekijk ons heftruck aanbod hier. Vermeer Rental &amp; Services\",\"breadcrumb\":{\"@id\":\"https:\/\/vermeer-rental.nl\/product\/heftruck-2-5-ton-diesel\/#breadcrumb\"},\"inLanguage\":\"de\",\"potentialAction\":[{\"@type\":\"ReadAction\",\"target\":[\"https:\/\/vermeer-rental.nl\/product\/heftruck-2-5-ton-diesel\/\"]}]},{\"@type\":\"ImageObject\",\"inLanguage\":\"de\",\"@id\":\"https:\/\/vermeer-rental.nl\/product\/heftruck-2-5-ton-diesel\/#primaryimage\",\"url\":\"https:\/\/vermeer-rental.nl\/wp-content\/uploads\/2023\/02\/25-ton-diesel-scaled.jpg\",\"contentUrl\":\"https:\/\/vermeer-rental.nl\/wp-content\/uploads\/2023\/02\/25-ton-diesel-scaled.jpg\",\"width\":2560,\"height\":2560},{\"@type\":\"BreadcrumbList\",\"@id\":\"https:\/\/vermeer-rental.nl\/product\/heftruck-2-5-ton-diesel\/#breadcrumb\",\"itemListElement\":[{\"@type\":\"ListItem\",\"position\":1,\"name\":\"Home\",\"item\":\"https:\/\/vermeer-rental.nl\/\"},{\"@type\":\"ListItem\",\"position\":2,\"name\":\"Diensten\",\"item\":\"https:\/\/vermeer-rental.nl\/diensten\/\"},{\"@type\":\"ListItem\",\"position\":3,\"name\":\"Heftruck 2.5 Ton Diesel\"}]},{\"@type\":\"WebSite\",\"@id\":\"https:\/\/vermeer-rental.nl\/#website\",\"url\":\"https:\/\/vermeer-rental.nl\/\",\"name\":\"Vermeer Rental & Services\",\"description\":\"Staat voor u klaar!\",\"publisher\":{\"@id\":\"https:\/\/vermeer-rental.nl\/#organization\"},\"potentialAction\":[{\"@type\":\"SearchAction\",\"target\":{\"@type\":\"EntryPoint\",\"urlTemplate\":\"https:\/\/vermeer-rental.nl\/?s={search_term_string}\"},\"query-input\":{\"@type\":\"PropertyValueSpecification\",\"valueRequired\":true,\"valueName\":\"search_term_string\"}}],\"inLanguage\":\"de\"},{\"@type\":\"Organization\",\"@id\":\"https:\/\/vermeer-rental.nl\/#organization\",\"name\":\"Vermeer Rental & Services\",\"url\":\"https:\/\/vermeer-rental.nl\/\",\"logo\":{\"@type\":\"ImageObject\",\"inLanguage\":\"de\",\"@id\":\"https:\/\/vermeer-rental.nl\/#\/schema\/logo\/image\/\",\"url\":\"https:\/\/vermeer-rental.nl\/wp-content\/uploads\/2023\/02\/Logo-Vermeer-Rental-RGB.png\",\"contentUrl\":\"https:\/\/vermeer-rental.nl\/wp-content\/uploads\/2023\/02\/Logo-Vermeer-Rental-RGB.png\",\"width\":800,\"height\":210,\"caption\":\"Vermeer Rental & Services\"},\"image\":{\"@id\":\"https:\/\/vermeer-rental.nl\/#\/schema\/logo\/image\/\"},\"sameAs\":[\"https:\/\/www.facebook.com\/gebrvermeerindustrialmovements\",\"https:\/\/www.linkedin.com\/company\/gebr-vermeer-transport\/\",\"https:\/\/www.instagram.com\/gebrvermeer\/\"]}]}<\/script>\n<!-- \/ Yoast SEO Premium plugin. -->","yoast_head_json":{"title":"Gabelstaplervermietung - Informieren Sie sich hier \u00fcber unsere Full-Service-Logistikdienstleistungen.","description":"Verbessern Sie Ihre Be- und Entladevorg\u00e4nge auf Ihrem Betriebsgel\u00e4nde mit unserer Gabelstaplermiete von 2,5 bis 18 Tonnen. Sehen Sie sich hier unser Gabelstaplerangebot an. Vermeer Vermietung &amp; Dienstleistungen","robots":{"index":"index","follow":"follow","max-snippet":"max-snippet:-1","max-image-preview":"max-image-preview:large","max-video-preview":"max-video-preview:-1"},"canonical":"https:\/\/vermeer-rental.nl\/de\/produkt\/gabelstapler-2-5-tonnen-diesel\/","og_locale":"de_DE","og_type":"article","og_title":"Heftruck 2.5 Ton Diesel","og_description":"Verbeter uw laad- en losprocessen op uw terrein met onze heftruck verhuur van 2,5 tot 18 ton. Bekijk ons heftruck aanbod hier. Vermeer Rental &amp; Services","og_url":"https:\/\/vermeer-rental.nl\/de\/produkt\/gabelstapler-2-5-tonnen-diesel\/","og_site_name":"Vermeer Rental &amp; Services","article_publisher":"https:\/\/www.facebook.com\/gebrvermeerindustrialmovements","article_modified_time":"2023-10-28T11:51:54+00:00","og_image":[{"width":2560,"height":2560,"url":"https:\/\/vermeer-rental.nl\/wp-content\/uploads\/2023\/02\/25-ton-diesel-scaled.jpg","type":"image\/jpeg"}],"twitter_card":"summary_large_image","twitter_misc":{"Gesch\u00e4tzte Lesezeit":"1\u00a0Minute"},"schema":{"@context":"https:\/\/schema.org","@graph":[{"@type":"WebPage","@id":"https:\/\/vermeer-rental.nl\/product\/heftruck-2-5-ton-diesel\/","url":"https:\/\/vermeer-rental.nl\/product\/heftruck-2-5-ton-diesel\/","name":"Gabelstaplervermietung - Informieren Sie sich hier \u00fcber unsere Full-Service-Logistikdienstleistungen.","isPartOf":{"@id":"https:\/\/vermeer-rental.nl\/#website"},"primaryImageOfPage":{"@id":"https:\/\/vermeer-rental.nl\/product\/heftruck-2-5-ton-diesel\/#primaryimage"},"image":{"@id":"https:\/\/vermeer-rental.nl\/product\/heftruck-2-5-ton-diesel\/#primaryimage"},"thumbnailUrl":"https:\/\/vermeer-rental.nl\/wp-content\/uploads\/2023\/02\/25-ton-diesel-scaled.jpg","datePublished":"2023-02-25T13:42:57+00:00","dateModified":"2023-10-28T11:51:54+00:00","description":"Verbessern Sie Ihre Be- und Entladevorg\u00e4nge auf Ihrem Betriebsgel\u00e4nde mit unserer Gabelstaplermiete von 2,5 bis 18 Tonnen. Sehen Sie sich hier unser Gabelstaplerangebot an. Vermeer Vermietung &amp; Dienstleistungen","breadcrumb":{"@id":"https:\/\/vermeer-rental.nl\/product\/heftruck-2-5-ton-diesel\/#breadcrumb"},"inLanguage":"de","potentialAction":[{"@type":"ReadAction","target":["https:\/\/vermeer-rental.nl\/product\/heftruck-2-5-ton-diesel\/"]}]},{"@type":"ImageObject","inLanguage":"de","@id":"https:\/\/vermeer-rental.nl\/product\/heftruck-2-5-ton-diesel\/#primaryimage","url":"https:\/\/vermeer-rental.nl\/wp-content\/uploads\/2023\/02\/25-ton-diesel-scaled.jpg","contentUrl":"https:\/\/vermeer-rental.nl\/wp-content\/uploads\/2023\/02\/25-ton-diesel-scaled.jpg","width":2560,"height":2560},{"@type":"BreadcrumbList","@id":"https:\/\/vermeer-rental.nl\/product\/heftruck-2-5-ton-diesel\/#breadcrumb","itemListElement":[{"@type":"ListItem","position":1,"name":"Home","item":"https:\/\/vermeer-rental.nl\/"},{"@type":"ListItem","position":2,"name":"Diensten","item":"https:\/\/vermeer-rental.nl\/diensten\/"},{"@type":"ListItem","position":3,"name":"Heftruck 2.5 Ton Diesel"}]},{"@type":"WebSite","@id":"https:\/\/vermeer-rental.nl\/#website","url":"https:\/\/vermeer-rental.nl\/","name":"Vermeer Vermietung &amp; Dienstleistungen","description":"Wir sind bereit!","publisher":{"@id":"https:\/\/vermeer-rental.nl\/#organization"},"potentialAction":[{"@type":"SearchAction","target":{"@type":"EntryPoint","urlTemplate":"https:\/\/vermeer-rental.nl\/?s={search_term_string}"},"query-input":{"@type":"PropertyValueSpecification","valueRequired":true,"valueName":"search_term_string"}}],"inLanguage":"de"},{"@type":"Organization","@id":"https:\/\/vermeer-rental.nl\/#organization","name":"Vermeer Vermietung &amp; Dienstleistungen","url":"https:\/\/vermeer-rental.nl\/","logo":{"@type":"ImageObject","inLanguage":"de","@id":"https:\/\/vermeer-rental.nl\/#\/schema\/logo\/image\/","url":"https:\/\/vermeer-rental.nl\/wp-content\/uploads\/2023\/02\/Logo-Vermeer-Rental-RGB.png","contentUrl":"https:\/\/vermeer-rental.nl\/wp-content\/uploads\/2023\/02\/Logo-Vermeer-Rental-RGB.png","width":800,"height":210,"caption":"Vermeer Rental & Services"},"image":{"@id":"https:\/\/vermeer-rental.nl\/#\/schema\/logo\/image\/"},"sameAs":["https:\/\/www.facebook.com\/gebrvermeerindustrialmovements","https:\/\/www.linkedin.com\/company\/gebr-vermeer-transport\/","https:\/\/www.instagram.com\/gebrvermeer\/"]}]}},"_links":{"self":[{"href":"https:\/\/vermeer-rental.nl\/de\/wp-json\/wp\/v2\/product\/101","targetHints":{"allow":["GET"]}}],"collection":[{"href":"https:\/\/vermeer-rental.nl\/de\/wp-json\/wp\/v2\/product"}],"about":[{"href":"https:\/\/vermeer-rental.nl\/de\/wp-json\/wp\/v2\/types\/product"}],"replies":[{"embeddable":true,"href":"https:\/\/vermeer-rental.nl\/de\/wp-json\/wp\/v2\/comments?post=101"}],"wp:featuredmedia":[{"embeddable":true,"href":"https:\/\/vermeer-rental.nl\/de\/wp-json\/wp\/v2\/media\/424"}],"wp:attachment":[{"href":"https:\/\/vermeer-rental.nl\/de\/wp-json\/wp\/v2\/media?parent=101"}],"wp:term":[{"taxonomy":"product_brand","embeddable":true,"href":"https:\/\/vermeer-rental.nl\/de\/wp-json\/wp\/v2\/product_brand?post=101"},{"taxonomy":"product_cat","embeddable":true,"href":"https:\/\/vermeer-rental.nl\/de\/wp-json\/wp\/v2\/product_cat?post=101"},{"taxonomy":"product_tag","embeddable":true,"href":"https:\/\/vermeer-rental.nl\/de\/wp-json\/wp\/v2\/product_tag?post=101"}],"curies":[{"name":"wp","href":"https:\/\/api.w.org\/{rel}","templated":true}]}}