{"id":196,"date":"2023-03-02T18:48:06","date_gmt":"2023-03-02T18:48:06","guid":{"rendered":"https:\/\/rental.daanwerkelijk.nl\/?page_id=196"},"modified":"2023-06-09T09:00:36","modified_gmt":"2023-06-09T09:00:36","slug":"etiketten","status":"publish","type":"page","link":"https:\/\/vermeer-rental.nl\/de\/over-ons\/keurmerken\/","title":{"rendered":"Markenzeichen"},"content":{"rendered":"<div class=\"wpb-content-wrapper\"><div class=\"vc_row wpb_row vc_row-fluid\"><div class=\"wpb_column vc_column_container vc_col-sm-12\"><div class=\"vc_column-inner\"><div class=\"wpb_wrapper\">\n\t<div class=\"wpb_text_column wpb_content_element\" >\n\t\t<div class=\"wpb_wrapper\">\n\t\t\t<h2 class=\"contact-page-title\">VCA<\/h2>\n<p>Vermeer Rental &amp; Services ist SCC-zertifiziert nach VCA* 2017\/6.0-Standards mit Aboma-Zertifizierung.<\/p>\n<p>F\u00fcr den Anwendungsbereich:<\/p>\n<ul>\n<li>Transport von Maschinen, Beh\u00e4ltern, Anlagen und Pr\u00fcfgewichten.<\/li>\n<li>Spezialtransporte einschlie\u00dflich Hebearbeiten mit Autokr\u00e4nen, Teleskopkr\u00e4nen, Gabelstaplern und Hebeb\u00fchnen.<\/li>\n<li>Vermietung von Maschinen, Ger\u00e4ten und Containern.<\/li>\n<li>Durchf\u00fchrung von (De-)Montage-, Takel- und Umzugsarbeiten.<\/li>\n<\/ul>\n<p>Unsere Mitarbeiter verf\u00fcgen \u00fcber Qualit\u00e4tssiegel wie das VCA-Zertifikat Basic Safety oder VCA for Manager. So k\u00f6nnen sie eine optimale und sichere Abwicklung Ihrer Auftr\u00e4ge gew\u00e4hrleisten.<\/p>\n\n\t\t<\/div>\n\t<\/div>\n\n\t<div class=\"wpb_text_column wpb_content_element\" >\n\t\t<div class=\"wpb_wrapper\">\n\t\t\t<h2 class=\"contact-page-title\">CSR<\/h2>\n<p>Vermeer Rental &amp; Services ist st\u00e4ndig auf der Suche nach Methoden im Bereich der Nachhaltigkeit und der sozialen Verantwortung von Unternehmen: Wir konzentrieren uns darauf, die Umwelt zu schonen und Kosten zu sparen. Wir betrachten dies als eine Verpflichtung f\u00fcr die heutige Umwelt und die zuk\u00fcnftigen Generationen. Daher werden unsere Lkw gut gewartet, es wird viel Wert auf Reifen (spannungsarm, kraftstoffsparend und leise) und Aerodynamik gelegt, und wir investieren kontinuierlich in Lkw mit sparsamen, umweltfreundlichen Motoren. Unser Mietmaterial wird regelm\u00e4\u00dfig erneuert und wir investieren in die neuesten elektrischen Technologien.<\/p>\n<p>Viele unserer Gabelstapler sind elektrisch angetrieben und mit lebensmittelechtem Schmierfett ausgestattet, wodurch sie sich hervorragend f\u00fcr den umweltfreundlichen internen Maschinentransport eignen. Alle unsere Pick &amp; Carry-Krane sind elektrisch betrieben und mit modernster Technik ausgestattet.<\/p>\n<p>Wir sind offen f\u00fcr eine soziale Verbindung zwischen unserem Unternehmen und der Region und \u00fcbernehmen daf\u00fcr Verantwortung.<\/p>\n\n\t\t<\/div>\n\t<\/div>\n\n\t<div class=\"wpb_text_column wpb_content_element\" >\n\t\t<div class=\"wpb_wrapper\">\n\t\t\t<h2 class=\"contact-page-title\">VVT erkannt<\/h2>\n<p>Qualit\u00e4t und Sicherheit, zwei Aspekte, die f\u00fcr Vermeer Rental &amp; Services und seine Kunden bei der Durchf\u00fchrung von Hebe- und Transportarbeiten von wesentlicher Bedeutung sind. Ob es sich um Arbeiten mit einem Pick &amp; Carry-Kran oder einem Gabelstapler handelt, der Auftrag ist erst dann erfolgreich abgeschlossen, wenn die Arbeiten nicht nur innerhalb der vereinbarten Zeit und Spezifikationen, sondern vor allem ohne Sch\u00e4den oder Unf\u00e4lle ausgef\u00fchrt wurden.<\/p>\n\n\t\t<\/div>\n\t<\/div>\n<\/div><\/div><\/div><\/div>\n<\/div>","protected":false},"excerpt":{"rendered":"VCA Vermeer Rental &amp; Services is VCA gecertificeerd volgens de VCA* 2017\/6.0 normen bij Aboma Certification. Voor het toepassingsgebied: Transport van machines, containers, installaties en testgewichten. Speciaal transport incl. hijswerkzaamheden","protected":false},"author":6,"featured_media":0,"parent":147,"menu_order":0,"comment_status":"closed","ping_status":"closed","template":"","meta":{"om_disable_all_campaigns":false,"_monsterinsights_skip_tracking":false,"_monsterinsights_sitenote_active":false,"_monsterinsights_sitenote_note":"","_monsterinsights_sitenote_category":0,"footnotes":""},"class_list":["post-196","page","type-page","status-publish","hentry"],"yoast_head":"<!-- This site is optimized with the Yoast SEO Premium plugin v23.3 (Yoast SEO v27.2) - https:\/\/yoast.com\/product\/yoast-seo-premium-wordpress\/ -->\n<title>Keurmerken - Vermeer Rental &amp; Services<\/title>\n<meta name=\"description\" content=\"Vermeer Rental is constant op zoek naar het beste op het gebied van duurzaamheid, keurmerken &amp; maatschappelijk verantwoord ondernemen\" \/>\n<meta name=\"robots\" content=\"index, follow, max-snippet:-1, max-image-preview:large, max-video-preview:-1\" \/>\n<link rel=\"canonical\" href=\"https:\/\/vermeer-rental.nl\/de\/uber-uns\/etiketten\/\" \/>\n<meta property=\"og:locale\" content=\"de_DE\" \/>\n<meta property=\"og:type\" content=\"article\" \/>\n<meta property=\"og:title\" content=\"Keurmerken\" \/>\n<meta property=\"og:description\" content=\"Vermeer Rental is constant op zoek naar het beste op het gebied van duurzaamheid, keurmerken &amp; maatschappelijk verantwoord ondernemen\" \/>\n<meta property=\"og:url\" content=\"https:\/\/vermeer-rental.nl\/de\/uber-uns\/etiketten\/\" \/>\n<meta property=\"og:site_name\" content=\"Vermeer Rental &amp; Services\" \/>\n<meta property=\"article:publisher\" content=\"https:\/\/www.facebook.com\/gebrvermeerindustrialmovements\" \/>\n<meta property=\"article:modified_time\" content=\"2023-06-09T09:00:36+00:00\" \/>\n<meta name=\"twitter:card\" content=\"summary_large_image\" \/>\n<meta name=\"twitter:label1\" content=\"Gesch\u00e4tzte Lesezeit\" \/>\n\t<meta name=\"twitter:data1\" content=\"2\u00a0Minuten\" \/>\n<script type=\"application\/ld+json\" class=\"yoast-schema-graph\">{\"@context\":\"https:\/\/schema.org\",\"@graph\":[{\"@type\":\"WebPage\",\"@id\":\"https:\/\/vermeer-rental.nl\/over-ons\/keurmerken\/\",\"url\":\"https:\/\/vermeer-rental.nl\/over-ons\/keurmerken\/\",\"name\":\"Keurmerken - Vermeer Rental &amp; Services\",\"isPartOf\":{\"@id\":\"https:\/\/vermeer-rental.nl\/#website\"},\"datePublished\":\"2023-03-02T18:48:06+00:00\",\"dateModified\":\"2023-06-09T09:00:36+00:00\",\"description\":\"Vermeer Rental is constant op zoek naar het beste op het gebied van duurzaamheid, keurmerken & maatschappelijk verantwoord ondernemen\",\"breadcrumb\":{\"@id\":\"https:\/\/vermeer-rental.nl\/over-ons\/keurmerken\/#breadcrumb\"},\"inLanguage\":\"de\",\"potentialAction\":[{\"@type\":\"ReadAction\",\"target\":[\"https:\/\/vermeer-rental.nl\/over-ons\/keurmerken\/\"]}]},{\"@type\":\"BreadcrumbList\",\"@id\":\"https:\/\/vermeer-rental.nl\/over-ons\/keurmerken\/#breadcrumb\",\"itemListElement\":[{\"@type\":\"ListItem\",\"position\":1,\"name\":\"Home\",\"item\":\"https:\/\/vermeer-rental.nl\/\"},{\"@type\":\"ListItem\",\"position\":2,\"name\":\"Over ons\",\"item\":\"https:\/\/vermeer-rental.nl\/over-ons\/\"},{\"@type\":\"ListItem\",\"position\":3,\"name\":\"Keurmerken\"}]},{\"@type\":\"WebSite\",\"@id\":\"https:\/\/vermeer-rental.nl\/#website\",\"url\":\"https:\/\/vermeer-rental.nl\/\",\"name\":\"Vermeer Rental & Services\",\"description\":\"Staat voor u klaar!\",\"publisher\":{\"@id\":\"https:\/\/vermeer-rental.nl\/#organization\"},\"potentialAction\":[{\"@type\":\"SearchAction\",\"target\":{\"@type\":\"EntryPoint\",\"urlTemplate\":\"https:\/\/vermeer-rental.nl\/?s={search_term_string}\"},\"query-input\":{\"@type\":\"PropertyValueSpecification\",\"valueRequired\":true,\"valueName\":\"search_term_string\"}}],\"inLanguage\":\"de\"},{\"@type\":\"Organization\",\"@id\":\"https:\/\/vermeer-rental.nl\/#organization\",\"name\":\"Vermeer Rental & Services\",\"url\":\"https:\/\/vermeer-rental.nl\/\",\"logo\":{\"@type\":\"ImageObject\",\"inLanguage\":\"de\",\"@id\":\"https:\/\/vermeer-rental.nl\/#\/schema\/logo\/image\/\",\"url\":\"https:\/\/vermeer-rental.nl\/wp-content\/uploads\/2023\/02\/Logo-Vermeer-Rental-RGB.png\",\"contentUrl\":\"https:\/\/vermeer-rental.nl\/wp-content\/uploads\/2023\/02\/Logo-Vermeer-Rental-RGB.png\",\"width\":800,\"height\":210,\"caption\":\"Vermeer Rental & Services\"},\"image\":{\"@id\":\"https:\/\/vermeer-rental.nl\/#\/schema\/logo\/image\/\"},\"sameAs\":[\"https:\/\/www.facebook.com\/gebrvermeerindustrialmovements\",\"https:\/\/www.linkedin.com\/company\/gebr-vermeer-transport\/\",\"https:\/\/www.instagram.com\/gebrvermeer\/\"]}]}<\/script>\n<!-- \/ Yoast SEO Premium plugin. -->","yoast_head_json":{"title":"Markenzeichen - Vermeer Rental &amp; Services","description":"Vermeer Rental ist st\u00e4ndig auf der Suche nach dem Besten in Sachen Nachhaltigkeit, Labels und sozialer Unternehmensverantwortung.","robots":{"index":"index","follow":"follow","max-snippet":"max-snippet:-1","max-image-preview":"max-image-preview:large","max-video-preview":"max-video-preview:-1"},"canonical":"https:\/\/vermeer-rental.nl\/de\/uber-uns\/etiketten\/","og_locale":"de_DE","og_type":"article","og_title":"Keurmerken","og_description":"Vermeer Rental is constant op zoek naar het beste op het gebied van duurzaamheid, keurmerken & maatschappelijk verantwoord ondernemen","og_url":"https:\/\/vermeer-rental.nl\/de\/uber-uns\/etiketten\/","og_site_name":"Vermeer Rental &amp; Services","article_publisher":"https:\/\/www.facebook.com\/gebrvermeerindustrialmovements","article_modified_time":"2023-06-09T09:00:36+00:00","twitter_card":"summary_large_image","twitter_misc":{"Gesch\u00e4tzte Lesezeit":"2\u00a0Minuten"},"schema":{"@context":"https:\/\/schema.org","@graph":[{"@type":"WebPage","@id":"https:\/\/vermeer-rental.nl\/over-ons\/keurmerken\/","url":"https:\/\/vermeer-rental.nl\/over-ons\/keurmerken\/","name":"Markenzeichen - Vermeer Rental &amp; Services","isPartOf":{"@id":"https:\/\/vermeer-rental.nl\/#website"},"datePublished":"2023-03-02T18:48:06+00:00","dateModified":"2023-06-09T09:00:36+00:00","description":"Vermeer Rental ist st\u00e4ndig auf der Suche nach dem Besten in Sachen Nachhaltigkeit, Labels und sozialer Unternehmensverantwortung.","breadcrumb":{"@id":"https:\/\/vermeer-rental.nl\/over-ons\/keurmerken\/#breadcrumb"},"inLanguage":"de","potentialAction":[{"@type":"ReadAction","target":["https:\/\/vermeer-rental.nl\/over-ons\/keurmerken\/"]}]},{"@type":"BreadcrumbList","@id":"https:\/\/vermeer-rental.nl\/over-ons\/keurmerken\/#breadcrumb","itemListElement":[{"@type":"ListItem","position":1,"name":"Home","item":"https:\/\/vermeer-rental.nl\/"},{"@type":"ListItem","position":2,"name":"Over ons","item":"https:\/\/vermeer-rental.nl\/over-ons\/"},{"@type":"ListItem","position":3,"name":"Keurmerken"}]},{"@type":"WebSite","@id":"https:\/\/vermeer-rental.nl\/#website","url":"https:\/\/vermeer-rental.nl\/","name":"Vermeer Vermietung &amp; Dienstleistungen","description":"Wir sind bereit!","publisher":{"@id":"https:\/\/vermeer-rental.nl\/#organization"},"potentialAction":[{"@type":"SearchAction","target":{"@type":"EntryPoint","urlTemplate":"https:\/\/vermeer-rental.nl\/?s={search_term_string}"},"query-input":{"@type":"PropertyValueSpecification","valueRequired":true,"valueName":"search_term_string"}}],"inLanguage":"de"},{"@type":"Organization","@id":"https:\/\/vermeer-rental.nl\/#organization","name":"Vermeer Vermietung &amp; Dienstleistungen","url":"https:\/\/vermeer-rental.nl\/","logo":{"@type":"ImageObject","inLanguage":"de","@id":"https:\/\/vermeer-rental.nl\/#\/schema\/logo\/image\/","url":"https:\/\/vermeer-rental.nl\/wp-content\/uploads\/2023\/02\/Logo-Vermeer-Rental-RGB.png","contentUrl":"https:\/\/vermeer-rental.nl\/wp-content\/uploads\/2023\/02\/Logo-Vermeer-Rental-RGB.png","width":800,"height":210,"caption":"Vermeer Rental & Services"},"image":{"@id":"https:\/\/vermeer-rental.nl\/#\/schema\/logo\/image\/"},"sameAs":["https:\/\/www.facebook.com\/gebrvermeerindustrialmovements","https:\/\/www.linkedin.com\/company\/gebr-vermeer-transport\/","https:\/\/www.instagram.com\/gebrvermeer\/"]}]}},"_links":{"self":[{"href":"https:\/\/vermeer-rental.nl\/de\/wp-json\/wp\/v2\/pages\/196","targetHints":{"allow":["GET"]}}],"collection":[{"href":"https:\/\/vermeer-rental.nl\/de\/wp-json\/wp\/v2\/pages"}],"about":[{"href":"https:\/\/vermeer-rental.nl\/de\/wp-json\/wp\/v2\/types\/page"}],"author":[{"embeddable":true,"href":"https:\/\/vermeer-rental.nl\/de\/wp-json\/wp\/v2\/users\/6"}],"replies":[{"embeddable":true,"href":"https:\/\/vermeer-rental.nl\/de\/wp-json\/wp\/v2\/comments?post=196"}],"version-history":[{"count":5,"href":"https:\/\/vermeer-rental.nl\/de\/wp-json\/wp\/v2\/pages\/196\/revisions"}],"predecessor-version":[{"id":1352,"href":"https:\/\/vermeer-rental.nl\/de\/wp-json\/wp\/v2\/pages\/196\/revisions\/1352"}],"up":[{"embeddable":true,"href":"https:\/\/vermeer-rental.nl\/de\/wp-json\/wp\/v2\/pages\/147"}],"wp:attachment":[{"href":"https:\/\/vermeer-rental.nl\/de\/wp-json\/wp\/v2\/media?parent=196"}],"curies":[{"name":"wp","href":"https:\/\/api.w.org\/{rel}","templated":true}]}}