{"id":1810,"date":"2023-10-21T14:43:54","date_gmt":"2023-10-21T12:43:54","guid":{"rendered":"https:\/\/vermeer-rental.nl\/?page_id=1810"},"modified":"2025-02-05T14:40:44","modified_gmt":"2025-02-05T13:40:44","slug":"experte-fur-industrieauktionen-und-full-service-logistik","status":"publish","type":"page","link":"https:\/\/vermeer-rental.nl\/de\/industriele-veiling-logistiek-expert-full-service-logistiek\/","title":{"rendered":"Logistik der Auktionen"},"content":{"rendered":"<div class=\"wpb-content-wrapper\"><div class=\"vc_row wpb_row vc_row-fluid\"><div class=\"wpb_column vc_column_container vc_col-sm-12\"><div class=\"vc_column-inner\"><div class=\"wpb_wrapper\">\n\t<div class=\"wpb_text_column wpb_content_element\" >\n\t\t<div class=\"wpb_wrapper\">\n\t\t\t<h1 class=\"contact-page-title\">Ihr zuverl\u00e4ssiger Logistikpartner f\u00fcr Industrieauktionen - Full Service Logistik<\/h1>\n<p>Wir bei Vermeer wissen, dass Sie als Kunde einer Industrieauktion eine reibungslose Logistik ben\u00f6tigen, um Ihre Eink\u00e4ufe sicher und p\u00fcnktlich zu erhalten. Wir sind hier, um Sie in Ihrem Logistikprozess zu unterst\u00fctzen.<\/p>\n<p>&nbsp;<\/p>\n<h2>Unsere logistischen Dienstleistungen:<\/h2>\n<p><strong>R\u00fccknahmen von Auktionen:<\/strong> Wir holen Ihre Eink\u00e4ufe von Auktionen mit Sorgfalt und Liebe zum Detail ab. Ob es sich um schwere Maschinen oder andere wertvolle Industrieausr\u00fcstungen handelt, Ihre Gegenst\u00e4nde werden von uns sicher und p\u00fcnktlich behandelt und transportiert.<\/p>\n<p><strong>Professionelle Demontage:<\/strong> Wenn Ihre Eink\u00e4ufe vor dem Transport demontiert werden m\u00fcssen, verf\u00fcgen wir \u00fcber das Fachwissen, um dies sorgf\u00e4ltig durchzuf\u00fchren.<\/p>\n<p><strong>Warenumschlag: <\/strong>Wir sind auf die Abwicklung von Auktionen spezialisiert, bei denen es auf P\u00fcnktlichkeit und Sorgfalt ankommt. Unsere erfahrenen Teams sorgen daf\u00fcr, dass Ihre Eink\u00e4ufe sicher und effizient abgewickelt werden. Damit die Ware schlie\u00dflich an den gew\u00fcnschten Ort transportiert werden kann.<\/p>\n<p><strong>Sicherer Sondertransport<\/strong>: F\u00fcr alle Ihre Transportbed\u00fcrfnisse bieten wir Ihnen spezielle Transportdienste, die Sicherheit und Effizienz garantieren, auch f\u00fcr die komplexesten Ladungen.<\/p>\n<p><strong>Vor\u00fcbergehende Lagerung<\/strong>Ihre Eink\u00e4ufe k\u00f6nnen vor\u00fcbergehend in unseren sicheren Einrichtungen aufbewahrt werden, bis Sie fertig sind.<\/p>\n<p><strong>Logistische Planung:<\/strong> Wir wissen, dass eine rechtzeitige und koordinierte Logistik f\u00fcr Ihre Eink\u00e4ufe entscheidend ist. Unsere Teams sorgen f\u00fcr eine einwandfreie logistische Abwicklung, einschlie\u00dflich Planung und Routenoptimierung.<\/p>\n<p><strong>Sorgf\u00e4ltige Verpackung:<\/strong> F\u00fcr zerbrechliche oder wertvolle Gegenst\u00e4nde bieten wir eine seetaugliche Verpackung und Schutz, damit Ihre Eink\u00e4ufe sicher und unbesch\u00e4digt ankommen.<\/p>\n<p>&nbsp;<\/p>\n<h3>Unsere Innenausstattung<\/h3>\n<ul>\n<li><strong><a href=\"https:\/\/vermeer-rental.nl\/de\/kategorie\/heftrucks\/\">Gabelstapler mieten<\/a>:<\/strong> Unsere Flotte von Gabelstaplern steht Ihnen f\u00fcr den sicheren und effizienten Transport von Waren zur Verf\u00fcgung.<\/li>\n<li><strong><a href=\"https:\/\/vermeer-rental.nl\/de\/kategorie\/pick-carry-krane\/\">Elektrische Armaturen<\/a>:<\/strong> Unsere Elektrokr\u00e4ne bieten Pr\u00e4zision und Kraft f\u00fcr die sichere Handhabung von schweren und leichten Lasten.<\/li>\n<li><a href=\"https:\/\/vermeer-rental.nl\/de\/kategorie\/container\/\"><strong>Materialcontainer mit Hebe- und Rollvorrichtungen<\/strong><\/a>Unsere umfangreichen Materialcontainer sind mit allen Arten von Logistikwerkzeugen ausgestattet.<\/li>\n<\/ul>\n<p>Wir bei Vermeer sehen uns als verl\u00e4ngerten Arm Ihrer Logistikanforderungen. Wir verstehen den Wert Ihrer Eink\u00e4ufe und Ihren Wunsch, sie in optimalem Zustand zu erhalten. Unsere Logistikdienste tragen zum Erfolg Ihrer Auktionseink\u00e4ufe bei, indem sie sicherstellen, dass alle Artikel rechtzeitig und in einwandfreiem Zustand eintreffen.<\/p>\n<p>Unser Engagement f\u00fcr Logistik und Kundenzufriedenheit hat uns zu einem zuverl\u00e4ssigen Partner f\u00fcr Industrieauktionskunden gemacht. Wenn Sie auf der Suche nach einem zuverl\u00e4ssigen Logistikpartner f\u00fcr Ihre Eink\u00e4ufe sind, wenden Sie sich an Vermeer. Wir sind bereit, Sie zu unterst\u00fctzen und Ihre Logistikanforderungen zu erf\u00fcllen.<\/p>\n\n\t\t<\/div>\n\t<\/div>\n<\/div><\/div><\/div><\/div><div class=\"vc_row wpb_row vc_row-fluid\"><div class=\"wpb_column vc_column_container vc_col-sm-12\"><div class=\"vc_column-inner\"><div class=\"wpb_wrapper\"><div class=\"vc_btn3-container vc_btn3-inline vc_do_btn\" ><a class=\"vc_general vc_btn3 vc_btn3-size-md vc_btn3-shape-rounded vc_btn3-style-modern vc_btn3-icon-right vc_btn3-color-black\" href=\"https:\/\/vermeer-rental.nl\/de\/kontakt\/\" title=\"Kontakt\">Kontakt <i class=\"vc_btn3-icon fas fa-angle-right\"><\/i><\/a><\/div><\/div><\/div><\/div><\/div>\n<\/div>","protected":false},"excerpt":{"rendered":"Uw Vertrouwde Logistieke Partner voor Industri\u00eble Veilingen - Full service logistiek Bij Vermeer begrijpen we dat u als klant van industri\u00eble veilingen zoekt naar een naadloze logistieke ervaring om uw","protected":false},"author":6,"featured_media":1773,"parent":0,"menu_order":0,"comment_status":"closed","ping_status":"closed","template":"","meta":{"om_disable_all_campaigns":false,"_monsterinsights_skip_tracking":false,"_monsterinsights_sitenote_active":false,"_monsterinsights_sitenote_note":"","_monsterinsights_sitenote_category":0,"footnotes":""},"class_list":["post-1810","page","type-page","status-publish","has-post-thumbnail","hentry"],"yoast_head":"<!-- This site is optimized with the Yoast SEO Premium plugin v23.3 (Yoast SEO v27.2) - https:\/\/yoast.com\/product\/yoast-seo-premium-wordpress\/ -->\n<title>Industri\u00eble Veiling Logistiek expert: Full Service Logistiek<\/title>\n<meta name=\"description\" content=\"Full service logistiek verzorgd door Vermeer: Veilingafhalingen, demontage en handling van goederen - Industri\u00eble veiling logistiek expert.\" \/>\n<meta name=\"robots\" content=\"index, follow, max-snippet:-1, max-image-preview:large, max-video-preview:-1\" \/>\n<link rel=\"canonical\" href=\"https:\/\/vermeer-rental.nl\/de\/experte-fur-industrieauktionen-und-full-service-logistik\/\" \/>\n<meta property=\"og:locale\" content=\"de_DE\" \/>\n<meta property=\"og:type\" content=\"article\" \/>\n<meta property=\"og:title\" content=\"Veiling logistiek\" \/>\n<meta property=\"og:description\" content=\"Full service logistiek verzorgd door Vermeer: Veilingafhalingen, demontage en handling van goederen - Industri\u00eble veiling logistiek expert.\" \/>\n<meta property=\"og:url\" content=\"https:\/\/vermeer-rental.nl\/de\/experte-fur-industrieauktionen-und-full-service-logistik\/\" \/>\n<meta property=\"og:site_name\" content=\"Vermeer Rental &amp; Services\" \/>\n<meta property=\"article:publisher\" content=\"https:\/\/www.facebook.com\/gebrvermeerindustrialmovements\" \/>\n<meta property=\"article:modified_time\" content=\"2025-02-05T13:40:44+00:00\" \/>\n<meta property=\"og:image\" content=\"https:\/\/vermeer-rental.nl\/wp-content\/uploads\/2023\/10\/20180913-VERMEER-foto-op-de-pagina-scaled.jpg\" \/>\n\t<meta property=\"og:image:width\" content=\"2560\" \/>\n\t<meta property=\"og:image:height\" content=\"1709\" \/>\n\t<meta property=\"og:image:type\" content=\"image\/jpeg\" \/>\n<meta name=\"twitter:card\" content=\"summary_large_image\" \/>\n<meta name=\"twitter:label1\" content=\"Gesch\u00e4tzte Lesezeit\" \/>\n\t<meta name=\"twitter:data1\" content=\"3\u00a0Minuten\" \/>\n<script type=\"application\/ld+json\" class=\"yoast-schema-graph\">{\"@context\":\"https:\/\/schema.org\",\"@graph\":[{\"@type\":\"WebPage\",\"@id\":\"https:\/\/vermeer-rental.nl\/industriele-veiling-logistiek-expert-full-service-logistiek\/\",\"url\":\"https:\/\/vermeer-rental.nl\/industriele-veiling-logistiek-expert-full-service-logistiek\/\",\"name\":\"Industri\u00eble Veiling Logistiek expert: Full Service Logistiek\",\"isPartOf\":{\"@id\":\"https:\/\/vermeer-rental.nl\/#website\"},\"primaryImageOfPage\":{\"@id\":\"https:\/\/vermeer-rental.nl\/industriele-veiling-logistiek-expert-full-service-logistiek\/#primaryimage\"},\"image\":{\"@id\":\"https:\/\/vermeer-rental.nl\/industriele-veiling-logistiek-expert-full-service-logistiek\/#primaryimage\"},\"thumbnailUrl\":\"https:\/\/vermeer-rental.nl\/wp-content\/uploads\/2023\/10\/20180913-VERMEER-foto-op-de-pagina-scaled.jpg\",\"datePublished\":\"2023-10-21T12:43:54+00:00\",\"dateModified\":\"2025-02-05T13:40:44+00:00\",\"description\":\"Full service logistiek verzorgd door Vermeer: Veilingafhalingen, demontage en handling van goederen - Industri\u00eble veiling logistiek expert.\",\"breadcrumb\":{\"@id\":\"https:\/\/vermeer-rental.nl\/industriele-veiling-logistiek-expert-full-service-logistiek\/#breadcrumb\"},\"inLanguage\":\"de\",\"potentialAction\":[{\"@type\":\"ReadAction\",\"target\":[\"https:\/\/vermeer-rental.nl\/industriele-veiling-logistiek-expert-full-service-logistiek\/\"]}]},{\"@type\":\"ImageObject\",\"inLanguage\":\"de\",\"@id\":\"https:\/\/vermeer-rental.nl\/industriele-veiling-logistiek-expert-full-service-logistiek\/#primaryimage\",\"url\":\"https:\/\/vermeer-rental.nl\/wp-content\/uploads\/2023\/10\/20180913-VERMEER-foto-op-de-pagina-scaled.jpg\",\"contentUrl\":\"https:\/\/vermeer-rental.nl\/wp-content\/uploads\/2023\/10\/20180913-VERMEER-foto-op-de-pagina-scaled.jpg\",\"width\":2560,\"height\":1709},{\"@type\":\"BreadcrumbList\",\"@id\":\"https:\/\/vermeer-rental.nl\/industriele-veiling-logistiek-expert-full-service-logistiek\/#breadcrumb\",\"itemListElement\":[{\"@type\":\"ListItem\",\"position\":1,\"name\":\"Home\",\"item\":\"https:\/\/vermeer-rental.nl\/\"},{\"@type\":\"ListItem\",\"position\":2,\"name\":\"Veiling logistiek\"}]},{\"@type\":\"WebSite\",\"@id\":\"https:\/\/vermeer-rental.nl\/#website\",\"url\":\"https:\/\/vermeer-rental.nl\/\",\"name\":\"Vermeer Rental & Services\",\"description\":\"Staat voor u klaar!\",\"publisher\":{\"@id\":\"https:\/\/vermeer-rental.nl\/#organization\"},\"potentialAction\":[{\"@type\":\"SearchAction\",\"target\":{\"@type\":\"EntryPoint\",\"urlTemplate\":\"https:\/\/vermeer-rental.nl\/?s={search_term_string}\"},\"query-input\":{\"@type\":\"PropertyValueSpecification\",\"valueRequired\":true,\"valueName\":\"search_term_string\"}}],\"inLanguage\":\"de\"},{\"@type\":\"Organization\",\"@id\":\"https:\/\/vermeer-rental.nl\/#organization\",\"name\":\"Vermeer Rental & Services\",\"url\":\"https:\/\/vermeer-rental.nl\/\",\"logo\":{\"@type\":\"ImageObject\",\"inLanguage\":\"de\",\"@id\":\"https:\/\/vermeer-rental.nl\/#\/schema\/logo\/image\/\",\"url\":\"https:\/\/vermeer-rental.nl\/wp-content\/uploads\/2023\/02\/Logo-Vermeer-Rental-RGB.png\",\"contentUrl\":\"https:\/\/vermeer-rental.nl\/wp-content\/uploads\/2023\/02\/Logo-Vermeer-Rental-RGB.png\",\"width\":800,\"height\":210,\"caption\":\"Vermeer Rental & Services\"},\"image\":{\"@id\":\"https:\/\/vermeer-rental.nl\/#\/schema\/logo\/image\/\"},\"sameAs\":[\"https:\/\/www.facebook.com\/gebrvermeerindustrialmovements\",\"https:\/\/www.linkedin.com\/company\/gebr-vermeer-transport\/\",\"https:\/\/www.instagram.com\/gebrvermeer\/\"]}]}<\/script>\n<!-- \/ Yoast SEO Premium plugin. -->","yoast_head_json":{"title":"Experte f\u00fcr Industrieauktionslogistik: Full Service Logistik","description":"Full-Service-Logistik von Vermeer: Auktionsabholung, Demontage und Umschlag von Waren - Experte f\u00fcr industrielle Auktionslogistik.","robots":{"index":"index","follow":"follow","max-snippet":"max-snippet:-1","max-image-preview":"max-image-preview:large","max-video-preview":"max-video-preview:-1"},"canonical":"https:\/\/vermeer-rental.nl\/de\/experte-fur-industrieauktionen-und-full-service-logistik\/","og_locale":"de_DE","og_type":"article","og_title":"Veiling logistiek","og_description":"Full service logistiek verzorgd door Vermeer: Veilingafhalingen, demontage en handling van goederen - Industri\u00eble veiling logistiek expert.","og_url":"https:\/\/vermeer-rental.nl\/de\/experte-fur-industrieauktionen-und-full-service-logistik\/","og_site_name":"Vermeer Rental &amp; Services","article_publisher":"https:\/\/www.facebook.com\/gebrvermeerindustrialmovements","article_modified_time":"2025-02-05T13:40:44+00:00","og_image":[{"width":2560,"height":1709,"url":"https:\/\/vermeer-rental.nl\/wp-content\/uploads\/2023\/10\/20180913-VERMEER-foto-op-de-pagina-scaled.jpg","type":"image\/jpeg"}],"twitter_card":"summary_large_image","twitter_misc":{"Gesch\u00e4tzte Lesezeit":"3\u00a0Minuten"},"schema":{"@context":"https:\/\/schema.org","@graph":[{"@type":"WebPage","@id":"https:\/\/vermeer-rental.nl\/industriele-veiling-logistiek-expert-full-service-logistiek\/","url":"https:\/\/vermeer-rental.nl\/industriele-veiling-logistiek-expert-full-service-logistiek\/","name":"Experte f\u00fcr Industrieauktionslogistik: Full Service Logistik","isPartOf":{"@id":"https:\/\/vermeer-rental.nl\/#website"},"primaryImageOfPage":{"@id":"https:\/\/vermeer-rental.nl\/industriele-veiling-logistiek-expert-full-service-logistiek\/#primaryimage"},"image":{"@id":"https:\/\/vermeer-rental.nl\/industriele-veiling-logistiek-expert-full-service-logistiek\/#primaryimage"},"thumbnailUrl":"https:\/\/vermeer-rental.nl\/wp-content\/uploads\/2023\/10\/20180913-VERMEER-foto-op-de-pagina-scaled.jpg","datePublished":"2023-10-21T12:43:54+00:00","dateModified":"2025-02-05T13:40:44+00:00","description":"Full-Service-Logistik von Vermeer: Auktionsabholung, Demontage und Umschlag von Waren - Experte f\u00fcr industrielle Auktionslogistik.","breadcrumb":{"@id":"https:\/\/vermeer-rental.nl\/industriele-veiling-logistiek-expert-full-service-logistiek\/#breadcrumb"},"inLanguage":"de","potentialAction":[{"@type":"ReadAction","target":["https:\/\/vermeer-rental.nl\/industriele-veiling-logistiek-expert-full-service-logistiek\/"]}]},{"@type":"ImageObject","inLanguage":"de","@id":"https:\/\/vermeer-rental.nl\/industriele-veiling-logistiek-expert-full-service-logistiek\/#primaryimage","url":"https:\/\/vermeer-rental.nl\/wp-content\/uploads\/2023\/10\/20180913-VERMEER-foto-op-de-pagina-scaled.jpg","contentUrl":"https:\/\/vermeer-rental.nl\/wp-content\/uploads\/2023\/10\/20180913-VERMEER-foto-op-de-pagina-scaled.jpg","width":2560,"height":1709},{"@type":"BreadcrumbList","@id":"https:\/\/vermeer-rental.nl\/industriele-veiling-logistiek-expert-full-service-logistiek\/#breadcrumb","itemListElement":[{"@type":"ListItem","position":1,"name":"Home","item":"https:\/\/vermeer-rental.nl\/"},{"@type":"ListItem","position":2,"name":"Veiling logistiek"}]},{"@type":"WebSite","@id":"https:\/\/vermeer-rental.nl\/#website","url":"https:\/\/vermeer-rental.nl\/","name":"Vermeer Vermietung &amp; Dienstleistungen","description":"Wir sind bereit!","publisher":{"@id":"https:\/\/vermeer-rental.nl\/#organization"},"potentialAction":[{"@type":"SearchAction","target":{"@type":"EntryPoint","urlTemplate":"https:\/\/vermeer-rental.nl\/?s={search_term_string}"},"query-input":{"@type":"PropertyValueSpecification","valueRequired":true,"valueName":"search_term_string"}}],"inLanguage":"de"},{"@type":"Organization","@id":"https:\/\/vermeer-rental.nl\/#organization","name":"Vermeer Vermietung &amp; Dienstleistungen","url":"https:\/\/vermeer-rental.nl\/","logo":{"@type":"ImageObject","inLanguage":"de","@id":"https:\/\/vermeer-rental.nl\/#\/schema\/logo\/image\/","url":"https:\/\/vermeer-rental.nl\/wp-content\/uploads\/2023\/02\/Logo-Vermeer-Rental-RGB.png","contentUrl":"https:\/\/vermeer-rental.nl\/wp-content\/uploads\/2023\/02\/Logo-Vermeer-Rental-RGB.png","width":800,"height":210,"caption":"Vermeer Rental & Services"},"image":{"@id":"https:\/\/vermeer-rental.nl\/#\/schema\/logo\/image\/"},"sameAs":["https:\/\/www.facebook.com\/gebrvermeerindustrialmovements","https:\/\/www.linkedin.com\/company\/gebr-vermeer-transport\/","https:\/\/www.instagram.com\/gebrvermeer\/"]}]}},"_links":{"self":[{"href":"https:\/\/vermeer-rental.nl\/de\/wp-json\/wp\/v2\/pages\/1810","targetHints":{"allow":["GET"]}}],"collection":[{"href":"https:\/\/vermeer-rental.nl\/de\/wp-json\/wp\/v2\/pages"}],"about":[{"href":"https:\/\/vermeer-rental.nl\/de\/wp-json\/wp\/v2\/types\/page"}],"author":[{"embeddable":true,"href":"https:\/\/vermeer-rental.nl\/de\/wp-json\/wp\/v2\/users\/6"}],"replies":[{"embeddable":true,"href":"https:\/\/vermeer-rental.nl\/de\/wp-json\/wp\/v2\/comments?post=1810"}],"version-history":[{"count":10,"href":"https:\/\/vermeer-rental.nl\/de\/wp-json\/wp\/v2\/pages\/1810\/revisions"}],"predecessor-version":[{"id":1841,"href":"https:\/\/vermeer-rental.nl\/de\/wp-json\/wp\/v2\/pages\/1810\/revisions\/1841"}],"wp:featuredmedia":[{"embeddable":true,"href":"https:\/\/vermeer-rental.nl\/de\/wp-json\/wp\/v2\/media\/1773"}],"wp:attachment":[{"href":"https:\/\/vermeer-rental.nl\/de\/wp-json\/wp\/v2\/media?parent=1810"}],"curies":[{"name":"wp","href":"https:\/\/api.w.org\/{rel}","templated":true}]}}